{"id":15308,"date":"2022-08-09T09:02:41","date_gmt":"2022-08-09T06:02:41","guid":{"rendered":"https:\/\/tammetalu.eu?post_type=product&#038;p=15308"},"modified":"2024-09-17T15:13:38","modified_gmt":"2024-09-17T12:13:38","slug":"sartsakas-urdisegu-15g","status":"publish","type":"product","link":"https:\/\/tammetalu.eu\/en\/product\/sartsakas-urdisegu-15g\/","title":{"rendered":"S\u00e4rtsakas \u00fcrdisegu 15g"},"content":{"rendered":"","protected":false},"excerpt":{"rendered":"<p>146,67\u20ac\/kg<\/p>\n<p>S\u00e4rtsakas \u00fcrdisegu on m\u00f5nusalt v\u00fcrtsine \u00fcrtide segu liha-, muna-, juustu- ja aedviljatoitude maitsestamiseks.<\/p>\n<p>Koostis: piparrohi, salvei, petersell, peperoni, k\u00fc\u00fcslauk<\/p>\n","protected":false},"featured_media":15341,"template":"","meta":{"_acf_changed":false,"_et_pb_use_builder":"","_et_pb_old_content":"","_et_gb_content_width":"","inline_featured_image":false},"product_brand":[],"product_cat":[176],"product_tag":[66],"class_list":{"0":"post-15308","1":"product","2":"type-product","3":"status-publish","4":"has-post-thumbnail","6":"product_cat-maitseained-ilma-soolata","7":"product_tag-urdisegud","9":"first","10":"instock","11":"taxable","12":"shipping-taxable","13":"purchasable","14":"product-type-simple"},"acf":[],"yoast_head":"<!-- This site is optimized with the Yoast SEO plugin v26.4 - https:\/\/yoast.com\/wordpress\/plugins\/seo\/ -->\n<title>S\u00e4rtsakas \u00fcrisegu Tamme talust - Tamme talu \u00fcrdisegude e-pood<\/title>\n<meta name=\"description\" content=\"S\u00e4rtsakas \u00fcrisegu Tamme talust. Koostis: piparrohi, salvei, petersell, peperoni, k\u00fc\u00fcslauk. Vaata l\u00e4hemalt ja telli kohe koju k\u00e4tte.\" \/>\n<meta name=\"robots\" content=\"index, follow, max-snippet:-1, max-image-preview:large, max-video-preview:-1\" \/>\n<link rel=\"canonical\" href=\"https:\/\/tammetalu.eu\/toode\/sartsakas-urdisegu-15g\/\" \/>\n<meta property=\"og:locale\" content=\"en_US\" \/>\n<meta property=\"og:type\" content=\"article\" \/>\n<meta property=\"og:title\" content=\"S\u00e4rtsakas \u00fcrisegu Tamme talust - Tamme talu \u00fcrdisegude e-pood\" \/>\n<meta property=\"og:description\" content=\"S\u00e4rtsakas \u00fcrisegu Tamme talust. Koostis: piparrohi, salvei, petersell, peperoni, k\u00fc\u00fcslauk. Vaata l\u00e4hemalt ja telli kohe koju k\u00e4tte.\" \/>\n<meta property=\"og:url\" content=\"https:\/\/tammetalu.eu\/toode\/sartsakas-urdisegu-15g\/\" \/>\n<meta property=\"og:site_name\" content=\"Tamme talu \u00fcrdiaed\" \/>\n<meta property=\"article:publisher\" content=\"https:\/\/www.facebook.com\/TammeTaluUrdiaed\/?locale=et_EE\" \/>\n<meta property=\"article:modified_time\" content=\"2024-09-17T12:13:38+00:00\" \/>\n<meta property=\"og:image\" content=\"https:\/\/tammetalu.eu\/wp-content\/uploads\/2022\/08\/Sartsakas_urdisegu-6.jpg\" \/>\n\t<meta property=\"og:image:width\" content=\"960\" \/>\n\t<meta property=\"og:image:height\" content=\"960\" \/>\n\t<meta property=\"og:image:type\" content=\"image\/jpeg\" \/>\n<meta name=\"twitter:card\" content=\"summary_large_image\" \/>\n<script type=\"application\/ld+json\" class=\"yoast-schema-graph\">{\"@context\":\"https:\/\/schema.org\",\"@graph\":[{\"@type\":\"WebPage\",\"@id\":\"https:\/\/tammetalu.eu\/toode\/sartsakas-urdisegu-15g\/\",\"url\":\"https:\/\/tammetalu.eu\/toode\/sartsakas-urdisegu-15g\/\",\"name\":\"S\u00e4rtsakas \u00fcrisegu Tamme talust - Tamme talu \u00fcrdisegude e-pood\",\"isPartOf\":{\"@id\":\"https:\/\/tammetalu.eu\/#website\"},\"primaryImageOfPage\":{\"@id\":\"https:\/\/tammetalu.eu\/toode\/sartsakas-urdisegu-15g\/#primaryimage\"},\"image\":{\"@id\":\"https:\/\/tammetalu.eu\/toode\/sartsakas-urdisegu-15g\/#primaryimage\"},\"thumbnailUrl\":\"https:\/\/tammetalu.eu\/wp-content\/uploads\/2022\/08\/Sartsakas_urdisegu-6.jpg\",\"datePublished\":\"2022-08-09T06:02:41+00:00\",\"dateModified\":\"2024-09-17T12:13:38+00:00\",\"description\":\"S\u00e4rtsakas \u00fcrisegu Tamme talust. Koostis: piparrohi, salvei, petersell, peperoni, k\u00fc\u00fcslauk. Vaata l\u00e4hemalt ja telli kohe koju k\u00e4tte.\",\"breadcrumb\":{\"@id\":\"https:\/\/tammetalu.eu\/toode\/sartsakas-urdisegu-15g\/#breadcrumb\"},\"inLanguage\":\"en-US\",\"potentialAction\":[{\"@type\":\"ReadAction\",\"target\":[\"https:\/\/tammetalu.eu\/toode\/sartsakas-urdisegu-15g\/\"]}]},{\"@type\":\"ImageObject\",\"inLanguage\":\"en-US\",\"@id\":\"https:\/\/tammetalu.eu\/toode\/sartsakas-urdisegu-15g\/#primaryimage\",\"url\":\"https:\/\/tammetalu.eu\/wp-content\/uploads\/2022\/08\/Sartsakas_urdisegu-6.jpg\",\"contentUrl\":\"https:\/\/tammetalu.eu\/wp-content\/uploads\/2022\/08\/Sartsakas_urdisegu-6.jpg\",\"width\":960,\"height\":960},{\"@type\":\"BreadcrumbList\",\"@id\":\"https:\/\/tammetalu.eu\/toode\/sartsakas-urdisegu-15g\/#breadcrumb\",\"itemListElement\":[{\"@type\":\"ListItem\",\"position\":1,\"name\":\"Home\",\"item\":\"https:\/\/tammetalu.eu\/en\/esileht-eng\/\"},{\"@type\":\"ListItem\",\"position\":2,\"name\":\"Shop\",\"item\":\"https:\/\/tammetalu.eu\/en\/shop\/\"},{\"@type\":\"ListItem\",\"position\":3,\"name\":\"S\u00e4rtsakas \u00fcrdisegu 15g\"}]},{\"@type\":\"WebSite\",\"@id\":\"https:\/\/tammetalu.eu\/#website\",\"url\":\"https:\/\/tammetalu.eu\/\",\"name\":\"Tamme talu \u00fcrdiaed\",\"description\":\"K\u00e4sit\u00f6\u00f6na valmistatud tooted \u00fcrtidest, \u00fcrdiistikud, \u00fcrtide kollektsioonaed\",\"publisher\":{\"@id\":\"https:\/\/tammetalu.eu\/#organization\"},\"alternateName\":\"Tamme talu\",\"potentialAction\":[{\"@type\":\"SearchAction\",\"target\":{\"@type\":\"EntryPoint\",\"urlTemplate\":\"https:\/\/tammetalu.eu\/?s={search_term_string}\"},\"query-input\":{\"@type\":\"PropertyValueSpecification\",\"valueRequired\":true,\"valueName\":\"search_term_string\"}}],\"inLanguage\":\"en-US\"},{\"@type\":\"Organization\",\"@id\":\"https:\/\/tammetalu.eu\/#organization\",\"name\":\"Tamme talu \u00fcrdiaed\",\"alternateName\":\"Tamme talu\",\"url\":\"https:\/\/tammetalu.eu\/\",\"logo\":{\"@type\":\"ImageObject\",\"inLanguage\":\"en-US\",\"@id\":\"https:\/\/tammetalu.eu\/#\/schema\/logo\/image\/\",\"url\":\"https:\/\/tammetalu.eu\/wp-content\/uploads\/2025\/01\/Tamme_talu_urdiaed.png\",\"contentUrl\":\"https:\/\/tammetalu.eu\/wp-content\/uploads\/2025\/01\/Tamme_talu_urdiaed.png\",\"width\":560,\"height\":560,\"caption\":\"Tamme talu \u00fcrdiaed\"},\"image\":{\"@id\":\"https:\/\/tammetalu.eu\/#\/schema\/logo\/image\/\"},\"sameAs\":[\"https:\/\/www.facebook.com\/TammeTaluUrdiaed\/?locale=et_EE\",\"https:\/\/www.instagram.com\/tammetaluurdiaed\/\"]}]}<\/script>\n<!-- \/ Yoast SEO plugin. -->","yoast_head_json":{"title":"S\u00e4rtsakas \u00fcrisegu Tamme talust - Tamme talu \u00fcrdisegude e-pood","description":"S\u00e4rtsakas \u00fcrisegu Tamme talust. Koostis: piparrohi, salvei, petersell, peperoni, k\u00fc\u00fcslauk. Vaata l\u00e4hemalt ja telli kohe koju k\u00e4tte.","robots":{"index":"index","follow":"follow","max-snippet":"max-snippet:-1","max-image-preview":"max-image-preview:large","max-video-preview":"max-video-preview:-1"},"canonical":"https:\/\/tammetalu.eu\/toode\/sartsakas-urdisegu-15g\/","og_locale":"en_US","og_type":"article","og_title":"S\u00e4rtsakas \u00fcrisegu Tamme talust - Tamme talu \u00fcrdisegude e-pood","og_description":"S\u00e4rtsakas \u00fcrisegu Tamme talust. Koostis: piparrohi, salvei, petersell, peperoni, k\u00fc\u00fcslauk. Vaata l\u00e4hemalt ja telli kohe koju k\u00e4tte.","og_url":"https:\/\/tammetalu.eu\/toode\/sartsakas-urdisegu-15g\/","og_site_name":"Tamme talu \u00fcrdiaed","article_publisher":"https:\/\/www.facebook.com\/TammeTaluUrdiaed\/?locale=et_EE","article_modified_time":"2024-09-17T12:13:38+00:00","og_image":[{"width":960,"height":960,"url":"https:\/\/tammetalu.eu\/wp-content\/uploads\/2022\/08\/Sartsakas_urdisegu-6.jpg","type":"image\/jpeg"}],"twitter_card":"summary_large_image","schema":{"@context":"https:\/\/schema.org","@graph":[{"@type":"WebPage","@id":"https:\/\/tammetalu.eu\/toode\/sartsakas-urdisegu-15g\/","url":"https:\/\/tammetalu.eu\/toode\/sartsakas-urdisegu-15g\/","name":"S\u00e4rtsakas \u00fcrisegu Tamme talust - Tamme talu \u00fcrdisegude e-pood","isPartOf":{"@id":"https:\/\/tammetalu.eu\/#website"},"primaryImageOfPage":{"@id":"https:\/\/tammetalu.eu\/toode\/sartsakas-urdisegu-15g\/#primaryimage"},"image":{"@id":"https:\/\/tammetalu.eu\/toode\/sartsakas-urdisegu-15g\/#primaryimage"},"thumbnailUrl":"https:\/\/tammetalu.eu\/wp-content\/uploads\/2022\/08\/Sartsakas_urdisegu-6.jpg","datePublished":"2022-08-09T06:02:41+00:00","dateModified":"2024-09-17T12:13:38+00:00","description":"S\u00e4rtsakas \u00fcrisegu Tamme talust. Koostis: piparrohi, salvei, petersell, peperoni, k\u00fc\u00fcslauk. Vaata l\u00e4hemalt ja telli kohe koju k\u00e4tte.","breadcrumb":{"@id":"https:\/\/tammetalu.eu\/toode\/sartsakas-urdisegu-15g\/#breadcrumb"},"inLanguage":"en-US","potentialAction":[{"@type":"ReadAction","target":["https:\/\/tammetalu.eu\/toode\/sartsakas-urdisegu-15g\/"]}]},{"@type":"ImageObject","inLanguage":"en-US","@id":"https:\/\/tammetalu.eu\/toode\/sartsakas-urdisegu-15g\/#primaryimage","url":"https:\/\/tammetalu.eu\/wp-content\/uploads\/2022\/08\/Sartsakas_urdisegu-6.jpg","contentUrl":"https:\/\/tammetalu.eu\/wp-content\/uploads\/2022\/08\/Sartsakas_urdisegu-6.jpg","width":960,"height":960},{"@type":"BreadcrumbList","@id":"https:\/\/tammetalu.eu\/toode\/sartsakas-urdisegu-15g\/#breadcrumb","itemListElement":[{"@type":"ListItem","position":1,"name":"Home","item":"https:\/\/tammetalu.eu\/en\/esileht-eng\/"},{"@type":"ListItem","position":2,"name":"Shop","item":"https:\/\/tammetalu.eu\/en\/shop\/"},{"@type":"ListItem","position":3,"name":"S\u00e4rtsakas \u00fcrdisegu 15g"}]},{"@type":"WebSite","@id":"https:\/\/tammetalu.eu\/#website","url":"https:\/\/tammetalu.eu\/","name":"Tamme talu \u00fcrdiaed","description":"K\u00e4sit\u00f6\u00f6na valmistatud tooted \u00fcrtidest, \u00fcrdiistikud, \u00fcrtide kollektsioonaed","publisher":{"@id":"https:\/\/tammetalu.eu\/#organization"},"alternateName":"Tamme talu","potentialAction":[{"@type":"SearchAction","target":{"@type":"EntryPoint","urlTemplate":"https:\/\/tammetalu.eu\/?s={search_term_string}"},"query-input":{"@type":"PropertyValueSpecification","valueRequired":true,"valueName":"search_term_string"}}],"inLanguage":"en-US"},{"@type":"Organization","@id":"https:\/\/tammetalu.eu\/#organization","name":"Tamme talu \u00fcrdiaed","alternateName":"Tamme talu","url":"https:\/\/tammetalu.eu\/","logo":{"@type":"ImageObject","inLanguage":"en-US","@id":"https:\/\/tammetalu.eu\/#\/schema\/logo\/image\/","url":"https:\/\/tammetalu.eu\/wp-content\/uploads\/2025\/01\/Tamme_talu_urdiaed.png","contentUrl":"https:\/\/tammetalu.eu\/wp-content\/uploads\/2025\/01\/Tamme_talu_urdiaed.png","width":560,"height":560,"caption":"Tamme talu \u00fcrdiaed"},"image":{"@id":"https:\/\/tammetalu.eu\/#\/schema\/logo\/image\/"},"sameAs":["https:\/\/www.facebook.com\/TammeTaluUrdiaed\/?locale=et_EE","https:\/\/www.instagram.com\/tammetaluurdiaed\/"]}]}},"_links":{"self":[{"href":"https:\/\/tammetalu.eu\/en\/wp-json\/wp\/v2\/product\/15308","targetHints":{"allow":["GET"]}}],"collection":[{"href":"https:\/\/tammetalu.eu\/en\/wp-json\/wp\/v2\/product"}],"about":[{"href":"https:\/\/tammetalu.eu\/en\/wp-json\/wp\/v2\/types\/product"}],"wp:featuredmedia":[{"embeddable":true,"href":"https:\/\/tammetalu.eu\/en\/wp-json\/wp\/v2\/media\/15341"}],"wp:attachment":[{"href":"https:\/\/tammetalu.eu\/en\/wp-json\/wp\/v2\/media?parent=15308"}],"wp:term":[{"taxonomy":"product_brand","embeddable":true,"href":"https:\/\/tammetalu.eu\/en\/wp-json\/wp\/v2\/product_brand?post=15308"},{"taxonomy":"product_cat","embeddable":true,"href":"https:\/\/tammetalu.eu\/en\/wp-json\/wp\/v2\/product_cat?post=15308"},{"taxonomy":"product_tag","embeddable":true,"href":"https:\/\/tammetalu.eu\/en\/wp-json\/wp\/v2\/product_tag?post=15308"}],"curies":[{"name":"wp","href":"https:\/\/api.w.org\/{rel}","templated":true}]}}