{"id":15309,"date":"2022-08-09T09:02:41","date_gmt":"2022-08-09T06:02:41","guid":{"rendered":"https:\/\/tammetalu.eu?post_type=product&#038;p=15309"},"modified":"2024-03-19T09:59:57","modified_gmt":"2024-03-19T07:59:57","slug":"urdisegu-pastale-15g","status":"publish","type":"product","link":"https:\/\/tammetalu.eu\/en\/product\/urdisegu-pastale-15g\/","title":{"rendered":"\u00dcrdisegu pastale 15g"},"content":{"rendered":"","protected":false},"excerpt":{"rendered":"<p>146,67\u20ac\/kg<\/p>\n<p>\u00dcrdisegu pastale sobib lasanjede, makaroniroogade ja pitsade maitsestamiseks. On heaks maitsestajaks ka aedvilja-, juustu-seene ja liharoogadele.<\/p>\n<p>Koostis: salvei, pune, basiilik, peperoni<\/p>\n","protected":false},"featured_media":15345,"template":"","meta":{"_acf_changed":false,"_et_pb_use_builder":"","_et_pb_old_content":"","_et_gb_content_width":"","inline_featured_image":false},"product_brand":[],"product_cat":[176],"product_tag":[66],"class_list":{"0":"post-15309","1":"product","2":"type-product","3":"status-publish","4":"has-post-thumbnail","6":"product_cat-maitseained-ilma-soolata","7":"product_tag-urdisegud","9":"first","10":"instock","11":"taxable","12":"shipping-taxable","13":"purchasable","14":"product-type-simple"},"acf":[],"yoast_head":"<!-- This site is optimized with the Yoast SEO plugin v26.4 - https:\/\/yoast.com\/wordpress\/plugins\/seo\/ -->\n<title>\u00dcrdisegu pastale - Tamme talu k\u00e4sitsi valmistatud \u00fcrdisegud<\/title>\n<meta name=\"description\" content=\"\u00dcrdisegu pastale - Tamme talu k\u00e4sitsi valmistatud \u00fcrdisegud. Koostis: salvei, pune, basiilik, peperoni. Vaata l\u00e4hemalt ja telli kohe koju k\u00e4tte.\" \/>\n<meta name=\"robots\" content=\"index, follow, max-snippet:-1, max-image-preview:large, max-video-preview:-1\" \/>\n<link rel=\"canonical\" href=\"https:\/\/tammetalu.eu\/toode\/urdisegu-pastale-15g\/\" \/>\n<meta property=\"og:locale\" content=\"en_US\" \/>\n<meta property=\"og:type\" content=\"article\" \/>\n<meta property=\"og:title\" content=\"\u00dcrdisegu pastale - Tamme talu k\u00e4sitsi valmistatud \u00fcrdisegud\" \/>\n<meta property=\"og:description\" content=\"\u00dcrdisegu pastale - Tamme talu k\u00e4sitsi valmistatud \u00fcrdisegud. Koostis: salvei, pune, basiilik, peperoni. Vaata l\u00e4hemalt ja telli kohe koju k\u00e4tte.\" \/>\n<meta property=\"og:url\" content=\"https:\/\/tammetalu.eu\/toode\/urdisegu-pastale-15g\/\" \/>\n<meta property=\"og:site_name\" content=\"Tamme talu \u00fcrdiaed\" \/>\n<meta property=\"article:publisher\" content=\"https:\/\/www.facebook.com\/TammeTaluUrdiaed\/?locale=et_EE\" \/>\n<meta property=\"article:modified_time\" content=\"2024-03-19T07:59:57+00:00\" \/>\n<meta property=\"og:image\" content=\"https:\/\/tammetalu.eu\/wp-content\/uploads\/2022\/08\/Urdisegu_pastale-6.jpg\" \/>\n\t<meta property=\"og:image:width\" content=\"960\" \/>\n\t<meta property=\"og:image:height\" content=\"960\" \/>\n\t<meta property=\"og:image:type\" content=\"image\/jpeg\" \/>\n<meta name=\"twitter:card\" content=\"summary_large_image\" \/>\n<meta name=\"twitter:label1\" content=\"Est. reading time\" \/>\n\t<meta name=\"twitter:data1\" content=\"1 minute\" \/>\n<script type=\"application\/ld+json\" class=\"yoast-schema-graph\">{\"@context\":\"https:\/\/schema.org\",\"@graph\":[{\"@type\":\"WebPage\",\"@id\":\"https:\/\/tammetalu.eu\/toode\/urdisegu-pastale-15g\/\",\"url\":\"https:\/\/tammetalu.eu\/toode\/urdisegu-pastale-15g\/\",\"name\":\"\u00dcrdisegu pastale - Tamme talu k\u00e4sitsi valmistatud \u00fcrdisegud\",\"isPartOf\":{\"@id\":\"https:\/\/tammetalu.eu\/#website\"},\"primaryImageOfPage\":{\"@id\":\"https:\/\/tammetalu.eu\/toode\/urdisegu-pastale-15g\/#primaryimage\"},\"image\":{\"@id\":\"https:\/\/tammetalu.eu\/toode\/urdisegu-pastale-15g\/#primaryimage\"},\"thumbnailUrl\":\"https:\/\/tammetalu.eu\/wp-content\/uploads\/2022\/08\/Urdisegu_pastale-6.jpg\",\"datePublished\":\"2022-08-09T06:02:41+00:00\",\"dateModified\":\"2024-03-19T07:59:57+00:00\",\"description\":\"\u00dcrdisegu pastale - Tamme talu k\u00e4sitsi valmistatud \u00fcrdisegud. Koostis: salvei, pune, basiilik, peperoni. Vaata l\u00e4hemalt ja telli kohe koju k\u00e4tte.\",\"breadcrumb\":{\"@id\":\"https:\/\/tammetalu.eu\/toode\/urdisegu-pastale-15g\/#breadcrumb\"},\"inLanguage\":\"en-US\",\"potentialAction\":[{\"@type\":\"ReadAction\",\"target\":[\"https:\/\/tammetalu.eu\/toode\/urdisegu-pastale-15g\/\"]}]},{\"@type\":\"ImageObject\",\"inLanguage\":\"en-US\",\"@id\":\"https:\/\/tammetalu.eu\/toode\/urdisegu-pastale-15g\/#primaryimage\",\"url\":\"https:\/\/tammetalu.eu\/wp-content\/uploads\/2022\/08\/Urdisegu_pastale-6.jpg\",\"contentUrl\":\"https:\/\/tammetalu.eu\/wp-content\/uploads\/2022\/08\/Urdisegu_pastale-6.jpg\",\"width\":960,\"height\":960},{\"@type\":\"BreadcrumbList\",\"@id\":\"https:\/\/tammetalu.eu\/toode\/urdisegu-pastale-15g\/#breadcrumb\",\"itemListElement\":[{\"@type\":\"ListItem\",\"position\":1,\"name\":\"Home\",\"item\":\"https:\/\/tammetalu.eu\/en\/esileht-eng\/\"},{\"@type\":\"ListItem\",\"position\":2,\"name\":\"Shop\",\"item\":\"https:\/\/tammetalu.eu\/en\/shop\/\"},{\"@type\":\"ListItem\",\"position\":3,\"name\":\"\u00dcrdisegu pastale 15g\"}]},{\"@type\":\"WebSite\",\"@id\":\"https:\/\/tammetalu.eu\/#website\",\"url\":\"https:\/\/tammetalu.eu\/\",\"name\":\"Tamme talu \u00fcrdiaed\",\"description\":\"K\u00e4sit\u00f6\u00f6na valmistatud tooted \u00fcrtidest, \u00fcrdiistikud, \u00fcrtide kollektsioonaed\",\"publisher\":{\"@id\":\"https:\/\/tammetalu.eu\/#organization\"},\"alternateName\":\"Tamme talu\",\"potentialAction\":[{\"@type\":\"SearchAction\",\"target\":{\"@type\":\"EntryPoint\",\"urlTemplate\":\"https:\/\/tammetalu.eu\/?s={search_term_string}\"},\"query-input\":{\"@type\":\"PropertyValueSpecification\",\"valueRequired\":true,\"valueName\":\"search_term_string\"}}],\"inLanguage\":\"en-US\"},{\"@type\":\"Organization\",\"@id\":\"https:\/\/tammetalu.eu\/#organization\",\"name\":\"Tamme talu \u00fcrdiaed\",\"alternateName\":\"Tamme talu\",\"url\":\"https:\/\/tammetalu.eu\/\",\"logo\":{\"@type\":\"ImageObject\",\"inLanguage\":\"en-US\",\"@id\":\"https:\/\/tammetalu.eu\/#\/schema\/logo\/image\/\",\"url\":\"https:\/\/tammetalu.eu\/wp-content\/uploads\/2025\/01\/Tamme_talu_urdiaed.png\",\"contentUrl\":\"https:\/\/tammetalu.eu\/wp-content\/uploads\/2025\/01\/Tamme_talu_urdiaed.png\",\"width\":560,\"height\":560,\"caption\":\"Tamme talu \u00fcrdiaed\"},\"image\":{\"@id\":\"https:\/\/tammetalu.eu\/#\/schema\/logo\/image\/\"},\"sameAs\":[\"https:\/\/www.facebook.com\/TammeTaluUrdiaed\/?locale=et_EE\",\"https:\/\/www.instagram.com\/tammetaluurdiaed\/\"]}]}<\/script>\n<!-- \/ Yoast SEO plugin. -->","yoast_head_json":{"title":"\u00dcrdisegu pastale - Tamme talu k\u00e4sitsi valmistatud \u00fcrdisegud","description":"\u00dcrdisegu pastale - Tamme talu k\u00e4sitsi valmistatud \u00fcrdisegud. Koostis: salvei, pune, basiilik, peperoni. Vaata l\u00e4hemalt ja telli kohe koju k\u00e4tte.","robots":{"index":"index","follow":"follow","max-snippet":"max-snippet:-1","max-image-preview":"max-image-preview:large","max-video-preview":"max-video-preview:-1"},"canonical":"https:\/\/tammetalu.eu\/toode\/urdisegu-pastale-15g\/","og_locale":"en_US","og_type":"article","og_title":"\u00dcrdisegu pastale - Tamme talu k\u00e4sitsi valmistatud \u00fcrdisegud","og_description":"\u00dcrdisegu pastale - Tamme talu k\u00e4sitsi valmistatud \u00fcrdisegud. Koostis: salvei, pune, basiilik, peperoni. Vaata l\u00e4hemalt ja telli kohe koju k\u00e4tte.","og_url":"https:\/\/tammetalu.eu\/toode\/urdisegu-pastale-15g\/","og_site_name":"Tamme talu \u00fcrdiaed","article_publisher":"https:\/\/www.facebook.com\/TammeTaluUrdiaed\/?locale=et_EE","article_modified_time":"2024-03-19T07:59:57+00:00","og_image":[{"width":960,"height":960,"url":"https:\/\/tammetalu.eu\/wp-content\/uploads\/2022\/08\/Urdisegu_pastale-6.jpg","type":"image\/jpeg"}],"twitter_card":"summary_large_image","twitter_misc":{"Est. reading time":"1 minute"},"schema":{"@context":"https:\/\/schema.org","@graph":[{"@type":"WebPage","@id":"https:\/\/tammetalu.eu\/toode\/urdisegu-pastale-15g\/","url":"https:\/\/tammetalu.eu\/toode\/urdisegu-pastale-15g\/","name":"\u00dcrdisegu pastale - Tamme talu k\u00e4sitsi valmistatud \u00fcrdisegud","isPartOf":{"@id":"https:\/\/tammetalu.eu\/#website"},"primaryImageOfPage":{"@id":"https:\/\/tammetalu.eu\/toode\/urdisegu-pastale-15g\/#primaryimage"},"image":{"@id":"https:\/\/tammetalu.eu\/toode\/urdisegu-pastale-15g\/#primaryimage"},"thumbnailUrl":"https:\/\/tammetalu.eu\/wp-content\/uploads\/2022\/08\/Urdisegu_pastale-6.jpg","datePublished":"2022-08-09T06:02:41+00:00","dateModified":"2024-03-19T07:59:57+00:00","description":"\u00dcrdisegu pastale - Tamme talu k\u00e4sitsi valmistatud \u00fcrdisegud. Koostis: salvei, pune, basiilik, peperoni. Vaata l\u00e4hemalt ja telli kohe koju k\u00e4tte.","breadcrumb":{"@id":"https:\/\/tammetalu.eu\/toode\/urdisegu-pastale-15g\/#breadcrumb"},"inLanguage":"en-US","potentialAction":[{"@type":"ReadAction","target":["https:\/\/tammetalu.eu\/toode\/urdisegu-pastale-15g\/"]}]},{"@type":"ImageObject","inLanguage":"en-US","@id":"https:\/\/tammetalu.eu\/toode\/urdisegu-pastale-15g\/#primaryimage","url":"https:\/\/tammetalu.eu\/wp-content\/uploads\/2022\/08\/Urdisegu_pastale-6.jpg","contentUrl":"https:\/\/tammetalu.eu\/wp-content\/uploads\/2022\/08\/Urdisegu_pastale-6.jpg","width":960,"height":960},{"@type":"BreadcrumbList","@id":"https:\/\/tammetalu.eu\/toode\/urdisegu-pastale-15g\/#breadcrumb","itemListElement":[{"@type":"ListItem","position":1,"name":"Home","item":"https:\/\/tammetalu.eu\/en\/esileht-eng\/"},{"@type":"ListItem","position":2,"name":"Shop","item":"https:\/\/tammetalu.eu\/en\/shop\/"},{"@type":"ListItem","position":3,"name":"\u00dcrdisegu pastale 15g"}]},{"@type":"WebSite","@id":"https:\/\/tammetalu.eu\/#website","url":"https:\/\/tammetalu.eu\/","name":"Tamme talu \u00fcrdiaed","description":"K\u00e4sit\u00f6\u00f6na valmistatud tooted \u00fcrtidest, \u00fcrdiistikud, \u00fcrtide kollektsioonaed","publisher":{"@id":"https:\/\/tammetalu.eu\/#organization"},"alternateName":"Tamme talu","potentialAction":[{"@type":"SearchAction","target":{"@type":"EntryPoint","urlTemplate":"https:\/\/tammetalu.eu\/?s={search_term_string}"},"query-input":{"@type":"PropertyValueSpecification","valueRequired":true,"valueName":"search_term_string"}}],"inLanguage":"en-US"},{"@type":"Organization","@id":"https:\/\/tammetalu.eu\/#organization","name":"Tamme talu \u00fcrdiaed","alternateName":"Tamme talu","url":"https:\/\/tammetalu.eu\/","logo":{"@type":"ImageObject","inLanguage":"en-US","@id":"https:\/\/tammetalu.eu\/#\/schema\/logo\/image\/","url":"https:\/\/tammetalu.eu\/wp-content\/uploads\/2025\/01\/Tamme_talu_urdiaed.png","contentUrl":"https:\/\/tammetalu.eu\/wp-content\/uploads\/2025\/01\/Tamme_talu_urdiaed.png","width":560,"height":560,"caption":"Tamme talu \u00fcrdiaed"},"image":{"@id":"https:\/\/tammetalu.eu\/#\/schema\/logo\/image\/"},"sameAs":["https:\/\/www.facebook.com\/TammeTaluUrdiaed\/?locale=et_EE","https:\/\/www.instagram.com\/tammetaluurdiaed\/"]}]}},"_links":{"self":[{"href":"https:\/\/tammetalu.eu\/en\/wp-json\/wp\/v2\/product\/15309","targetHints":{"allow":["GET"]}}],"collection":[{"href":"https:\/\/tammetalu.eu\/en\/wp-json\/wp\/v2\/product"}],"about":[{"href":"https:\/\/tammetalu.eu\/en\/wp-json\/wp\/v2\/types\/product"}],"wp:featuredmedia":[{"embeddable":true,"href":"https:\/\/tammetalu.eu\/en\/wp-json\/wp\/v2\/media\/15345"}],"wp:attachment":[{"href":"https:\/\/tammetalu.eu\/en\/wp-json\/wp\/v2\/media?parent=15309"}],"wp:term":[{"taxonomy":"product_brand","embeddable":true,"href":"https:\/\/tammetalu.eu\/en\/wp-json\/wp\/v2\/product_brand?post=15309"},{"taxonomy":"product_cat","embeddable":true,"href":"https:\/\/tammetalu.eu\/en\/wp-json\/wp\/v2\/product_cat?post=15309"},{"taxonomy":"product_tag","embeddable":true,"href":"https:\/\/tammetalu.eu\/en\/wp-json\/wp\/v2\/product_tag?post=15309"}],"curies":[{"name":"wp","href":"https:\/\/api.w.org\/{rel}","templated":true}]}}