{"id":15326,"date":"2022-08-09T09:02:43","date_gmt":"2022-08-09T06:02:43","guid":{"rendered":"https:\/\/tammetalu.eu?post_type=product&#038;p=15326"},"modified":"2025-01-08T12:33:27","modified_gmt":"2025-01-08T10:33:27","slug":"urdiaia-chutney-150g","status":"publish","type":"product","link":"https:\/\/tammetalu.eu\/en\/product\/urdiaia-chutney-150g\/","title":{"rendered":"\u00dcrdiaia chutney 150g"},"content":{"rendered":"<table style=\"font-weight: 400; border-color: #ccc8c8; border-style: solid; height: 327px;\" border=\"1\">\n<tbody>\n<tr style=\"height: 95px;\">\n<td style=\"height: 95px; width: 254.825px;\">Toitumisalane teave 100g toote kohta<br \/>\nNutrition information per 100 g<\/td>\n<td style=\"height: 95px; width: 108.375px;\"><\/td>\n<\/tr>\n<tr style=\"height: 29px;\">\n<td style=\"height: 29px; width: 254.825px;\">Energiasisaldus<br \/>\nEnergy<\/td>\n<td style=\"height: 29px; width: 108.375px;\">494kJ\/118kcal<\/td>\n<\/tr>\n<tr style=\"height: 52px;\">\n<td style=\"height: 52px; width: 254.825px;\">Rasvad<br \/>\nFat<br \/>\n-millest k\u00fcllastunud rasvhapped 0g<br \/>\n-saturated fats 0g<\/td>\n<td style=\"height: 52px; width: 108.375px;\">2g<\/td>\n<\/tr>\n<tr style=\"height: 62px;\">\n<td style=\"height: 62px; width: 254.825px;\">S\u00fcsivesikud<br \/>\nCarbohydrate<br \/>\n-millest suhkrud<br \/>\n-Sugars<\/td>\n<td style=\"height: 62px; width: 108.375px;\">16g<\/p>\n<p>12g<\/td>\n<\/tr>\n<tr style=\"height: 14px;\">\n<td style=\"height: 14px; width: 254.825px;\">Valgud<br \/>\nProtein<\/td>\n<td style=\"height: 14px; width: 108.375px;\">0,8g<\/td>\n<\/tr>\n<tr style=\"height: 75px;\">\n<td style=\"height: 75px; width: 254.825px;\">Soolad<br \/>\nSalt<\/td>\n<td style=\"height: 75px; width: 108.375px;\">0,5g<\/td>\n<\/tr>\n<\/tbody>\n<\/table>\n","protected":false},"excerpt":{"rendered":"<p>26\u20ac\/kg<\/p>\n<p>\u00dcrdiaia chutney on mahedamaitseline kaste, milles sibul annab pehmust, ploom lisab hapukust ja \u00f5un tasakaalustab magususega. \u00dcrdid t\u00e4iustavad maitserikkusega. Naudi k\u00fcpsetatud linnu- v\u00f5i seaprae k\u00f5rvale.<\/p>\n<p>Koostisosad: (\u00f5un, ploom, sibul) 75%, k\u00fc\u00fcslauk, t\u0161illi, suhkur, sool, \u00e4\u00e4dikas, piparm\u00fcnt, t\u00fc\u00fcmian, majoraan, paksendaja pektiin, happesuse regulaator sidrunhape, s\u00e4ilitusaine kaaliumsorbaat.<\/p>\n","protected":false},"featured_media":15428,"template":"","meta":{"_acf_changed":false,"_et_pb_use_builder":"","_et_pb_old_content":"","_et_gb_content_width":"","inline_featured_image":false},"product_brand":[],"product_cat":[178],"product_tag":[68],"class_list":{"0":"post-15326","1":"product","2":"type-product","3":"status-publish","4":"has-post-thumbnail","6":"product_cat-vurtsmoosid","7":"product_tag-moosid","9":"first","10":"instock","11":"taxable","12":"shipping-taxable","13":"purchasable","14":"product-type-simple"},"acf":[],"yoast_head":"<!-- This site is optimized with the Yoast SEO plugin v26.4 - https:\/\/yoast.com\/wordpress\/plugins\/seo\/ -->\n<title>\u00dcrdiaia chutney - K\u00e4sitsi valmistatud v\u00fcrtsmoosid Tamme talust<\/title>\n<meta name=\"description\" content=\"\u00dcrdiaia chutney. Koostis: \u00f5un, ploom, sibul, k\u00fc\u00fcslauk, t\u0161illi, t\u00fc\u00fcmian, majoraan, piparm\u00fcnt, sool, suhkur, \u00e4\u00e4dikas. Vaata l\u00e4hemalt.\" \/>\n<meta name=\"robots\" content=\"index, follow, max-snippet:-1, max-image-preview:large, max-video-preview:-1\" \/>\n<link rel=\"canonical\" href=\"https:\/\/tammetalu.eu\/toode\/urdiaia-chutney-150g\/\" \/>\n<meta property=\"og:locale\" content=\"en_US\" \/>\n<meta property=\"og:type\" content=\"article\" \/>\n<meta property=\"og:title\" content=\"\u00dcrdiaia chutney - K\u00e4sitsi valmistatud v\u00fcrtsmoosid Tamme talust\" \/>\n<meta property=\"og:description\" content=\"\u00dcrdiaia chutney. Koostis: \u00f5un, ploom, sibul, k\u00fc\u00fcslauk, t\u0161illi, t\u00fc\u00fcmian, majoraan, piparm\u00fcnt, sool, suhkur, \u00e4\u00e4dikas. Vaata l\u00e4hemalt.\" \/>\n<meta property=\"og:url\" content=\"https:\/\/tammetalu.eu\/toode\/urdiaia-chutney-150g\/\" \/>\n<meta property=\"og:site_name\" content=\"Tamme talu \u00fcrdiaed\" \/>\n<meta property=\"article:publisher\" content=\"https:\/\/www.facebook.com\/TammeTaluUrdiaed\/?locale=et_EE\" \/>\n<meta property=\"article:modified_time\" content=\"2025-01-08T10:33:27+00:00\" \/>\n<meta property=\"og:image\" content=\"https:\/\/tammetalu.eu\/wp-content\/uploads\/2022\/08\/Urdiaia_chutney-6.jpg\" \/>\n\t<meta property=\"og:image:width\" content=\"960\" \/>\n\t<meta property=\"og:image:height\" content=\"960\" \/>\n\t<meta property=\"og:image:type\" content=\"image\/jpeg\" \/>\n<meta name=\"twitter:card\" content=\"summary_large_image\" \/>\n<meta name=\"twitter:label1\" content=\"Est. reading time\" \/>\n\t<meta name=\"twitter:data1\" content=\"1 minute\" \/>\n<script type=\"application\/ld+json\" class=\"yoast-schema-graph\">{\"@context\":\"https:\/\/schema.org\",\"@graph\":[{\"@type\":\"WebPage\",\"@id\":\"https:\/\/tammetalu.eu\/toode\/urdiaia-chutney-150g\/\",\"url\":\"https:\/\/tammetalu.eu\/toode\/urdiaia-chutney-150g\/\",\"name\":\"\u00dcrdiaia chutney - K\u00e4sitsi valmistatud v\u00fcrtsmoosid Tamme talust\",\"isPartOf\":{\"@id\":\"https:\/\/tammetalu.eu\/#website\"},\"primaryImageOfPage\":{\"@id\":\"https:\/\/tammetalu.eu\/toode\/urdiaia-chutney-150g\/#primaryimage\"},\"image\":{\"@id\":\"https:\/\/tammetalu.eu\/toode\/urdiaia-chutney-150g\/#primaryimage\"},\"thumbnailUrl\":\"https:\/\/tammetalu.eu\/wp-content\/uploads\/2022\/08\/Urdiaia_chutney-6.jpg\",\"datePublished\":\"2022-08-09T06:02:43+00:00\",\"dateModified\":\"2025-01-08T10:33:27+00:00\",\"description\":\"\u00dcrdiaia chutney. Koostis: \u00f5un, ploom, sibul, k\u00fc\u00fcslauk, t\u0161illi, t\u00fc\u00fcmian, majoraan, piparm\u00fcnt, sool, suhkur, \u00e4\u00e4dikas. Vaata l\u00e4hemalt.\",\"breadcrumb\":{\"@id\":\"https:\/\/tammetalu.eu\/toode\/urdiaia-chutney-150g\/#breadcrumb\"},\"inLanguage\":\"en-US\",\"potentialAction\":[{\"@type\":\"ReadAction\",\"target\":[\"https:\/\/tammetalu.eu\/toode\/urdiaia-chutney-150g\/\"]}]},{\"@type\":\"ImageObject\",\"inLanguage\":\"en-US\",\"@id\":\"https:\/\/tammetalu.eu\/toode\/urdiaia-chutney-150g\/#primaryimage\",\"url\":\"https:\/\/tammetalu.eu\/wp-content\/uploads\/2022\/08\/Urdiaia_chutney-6.jpg\",\"contentUrl\":\"https:\/\/tammetalu.eu\/wp-content\/uploads\/2022\/08\/Urdiaia_chutney-6.jpg\",\"width\":960,\"height\":960},{\"@type\":\"BreadcrumbList\",\"@id\":\"https:\/\/tammetalu.eu\/toode\/urdiaia-chutney-150g\/#breadcrumb\",\"itemListElement\":[{\"@type\":\"ListItem\",\"position\":1,\"name\":\"Home\",\"item\":\"https:\/\/tammetalu.eu\/en\/esileht-eng\/\"},{\"@type\":\"ListItem\",\"position\":2,\"name\":\"Shop\",\"item\":\"https:\/\/tammetalu.eu\/en\/shop\/\"},{\"@type\":\"ListItem\",\"position\":3,\"name\":\"\u00dcrdiaia chutney 150g\"}]},{\"@type\":\"WebSite\",\"@id\":\"https:\/\/tammetalu.eu\/#website\",\"url\":\"https:\/\/tammetalu.eu\/\",\"name\":\"Tamme talu \u00fcrdiaed\",\"description\":\"K\u00e4sit\u00f6\u00f6na valmistatud tooted \u00fcrtidest, \u00fcrdiistikud, \u00fcrtide kollektsioonaed\",\"publisher\":{\"@id\":\"https:\/\/tammetalu.eu\/#organization\"},\"alternateName\":\"Tamme talu\",\"potentialAction\":[{\"@type\":\"SearchAction\",\"target\":{\"@type\":\"EntryPoint\",\"urlTemplate\":\"https:\/\/tammetalu.eu\/?s={search_term_string}\"},\"query-input\":{\"@type\":\"PropertyValueSpecification\",\"valueRequired\":true,\"valueName\":\"search_term_string\"}}],\"inLanguage\":\"en-US\"},{\"@type\":\"Organization\",\"@id\":\"https:\/\/tammetalu.eu\/#organization\",\"name\":\"Tamme talu \u00fcrdiaed\",\"alternateName\":\"Tamme talu\",\"url\":\"https:\/\/tammetalu.eu\/\",\"logo\":{\"@type\":\"ImageObject\",\"inLanguage\":\"en-US\",\"@id\":\"https:\/\/tammetalu.eu\/#\/schema\/logo\/image\/\",\"url\":\"https:\/\/tammetalu.eu\/wp-content\/uploads\/2025\/01\/Tamme_talu_urdiaed.png\",\"contentUrl\":\"https:\/\/tammetalu.eu\/wp-content\/uploads\/2025\/01\/Tamme_talu_urdiaed.png\",\"width\":560,\"height\":560,\"caption\":\"Tamme talu \u00fcrdiaed\"},\"image\":{\"@id\":\"https:\/\/tammetalu.eu\/#\/schema\/logo\/image\/\"},\"sameAs\":[\"https:\/\/www.facebook.com\/TammeTaluUrdiaed\/?locale=et_EE\",\"https:\/\/www.instagram.com\/tammetaluurdiaed\/\"]}]}<\/script>\n<!-- \/ Yoast SEO plugin. -->","yoast_head_json":{"title":"\u00dcrdiaia chutney - K\u00e4sitsi valmistatud v\u00fcrtsmoosid Tamme talust","description":"\u00dcrdiaia chutney. Koostis: \u00f5un, ploom, sibul, k\u00fc\u00fcslauk, t\u0161illi, t\u00fc\u00fcmian, majoraan, piparm\u00fcnt, sool, suhkur, \u00e4\u00e4dikas. Vaata l\u00e4hemalt.","robots":{"index":"index","follow":"follow","max-snippet":"max-snippet:-1","max-image-preview":"max-image-preview:large","max-video-preview":"max-video-preview:-1"},"canonical":"https:\/\/tammetalu.eu\/toode\/urdiaia-chutney-150g\/","og_locale":"en_US","og_type":"article","og_title":"\u00dcrdiaia chutney - K\u00e4sitsi valmistatud v\u00fcrtsmoosid Tamme talust","og_description":"\u00dcrdiaia chutney. Koostis: \u00f5un, ploom, sibul, k\u00fc\u00fcslauk, t\u0161illi, t\u00fc\u00fcmian, majoraan, piparm\u00fcnt, sool, suhkur, \u00e4\u00e4dikas. Vaata l\u00e4hemalt.","og_url":"https:\/\/tammetalu.eu\/toode\/urdiaia-chutney-150g\/","og_site_name":"Tamme talu \u00fcrdiaed","article_publisher":"https:\/\/www.facebook.com\/TammeTaluUrdiaed\/?locale=et_EE","article_modified_time":"2025-01-08T10:33:27+00:00","og_image":[{"width":960,"height":960,"url":"https:\/\/tammetalu.eu\/wp-content\/uploads\/2022\/08\/Urdiaia_chutney-6.jpg","type":"image\/jpeg"}],"twitter_card":"summary_large_image","twitter_misc":{"Est. reading time":"1 minute"},"schema":{"@context":"https:\/\/schema.org","@graph":[{"@type":"WebPage","@id":"https:\/\/tammetalu.eu\/toode\/urdiaia-chutney-150g\/","url":"https:\/\/tammetalu.eu\/toode\/urdiaia-chutney-150g\/","name":"\u00dcrdiaia chutney - K\u00e4sitsi valmistatud v\u00fcrtsmoosid Tamme talust","isPartOf":{"@id":"https:\/\/tammetalu.eu\/#website"},"primaryImageOfPage":{"@id":"https:\/\/tammetalu.eu\/toode\/urdiaia-chutney-150g\/#primaryimage"},"image":{"@id":"https:\/\/tammetalu.eu\/toode\/urdiaia-chutney-150g\/#primaryimage"},"thumbnailUrl":"https:\/\/tammetalu.eu\/wp-content\/uploads\/2022\/08\/Urdiaia_chutney-6.jpg","datePublished":"2022-08-09T06:02:43+00:00","dateModified":"2025-01-08T10:33:27+00:00","description":"\u00dcrdiaia chutney. Koostis: \u00f5un, ploom, sibul, k\u00fc\u00fcslauk, t\u0161illi, t\u00fc\u00fcmian, majoraan, piparm\u00fcnt, sool, suhkur, \u00e4\u00e4dikas. Vaata l\u00e4hemalt.","breadcrumb":{"@id":"https:\/\/tammetalu.eu\/toode\/urdiaia-chutney-150g\/#breadcrumb"},"inLanguage":"en-US","potentialAction":[{"@type":"ReadAction","target":["https:\/\/tammetalu.eu\/toode\/urdiaia-chutney-150g\/"]}]},{"@type":"ImageObject","inLanguage":"en-US","@id":"https:\/\/tammetalu.eu\/toode\/urdiaia-chutney-150g\/#primaryimage","url":"https:\/\/tammetalu.eu\/wp-content\/uploads\/2022\/08\/Urdiaia_chutney-6.jpg","contentUrl":"https:\/\/tammetalu.eu\/wp-content\/uploads\/2022\/08\/Urdiaia_chutney-6.jpg","width":960,"height":960},{"@type":"BreadcrumbList","@id":"https:\/\/tammetalu.eu\/toode\/urdiaia-chutney-150g\/#breadcrumb","itemListElement":[{"@type":"ListItem","position":1,"name":"Home","item":"https:\/\/tammetalu.eu\/en\/esileht-eng\/"},{"@type":"ListItem","position":2,"name":"Shop","item":"https:\/\/tammetalu.eu\/en\/shop\/"},{"@type":"ListItem","position":3,"name":"\u00dcrdiaia chutney 150g"}]},{"@type":"WebSite","@id":"https:\/\/tammetalu.eu\/#website","url":"https:\/\/tammetalu.eu\/","name":"Tamme talu \u00fcrdiaed","description":"K\u00e4sit\u00f6\u00f6na valmistatud tooted \u00fcrtidest, \u00fcrdiistikud, \u00fcrtide kollektsioonaed","publisher":{"@id":"https:\/\/tammetalu.eu\/#organization"},"alternateName":"Tamme talu","potentialAction":[{"@type":"SearchAction","target":{"@type":"EntryPoint","urlTemplate":"https:\/\/tammetalu.eu\/?s={search_term_string}"},"query-input":{"@type":"PropertyValueSpecification","valueRequired":true,"valueName":"search_term_string"}}],"inLanguage":"en-US"},{"@type":"Organization","@id":"https:\/\/tammetalu.eu\/#organization","name":"Tamme talu \u00fcrdiaed","alternateName":"Tamme talu","url":"https:\/\/tammetalu.eu\/","logo":{"@type":"ImageObject","inLanguage":"en-US","@id":"https:\/\/tammetalu.eu\/#\/schema\/logo\/image\/","url":"https:\/\/tammetalu.eu\/wp-content\/uploads\/2025\/01\/Tamme_talu_urdiaed.png","contentUrl":"https:\/\/tammetalu.eu\/wp-content\/uploads\/2025\/01\/Tamme_talu_urdiaed.png","width":560,"height":560,"caption":"Tamme talu \u00fcrdiaed"},"image":{"@id":"https:\/\/tammetalu.eu\/#\/schema\/logo\/image\/"},"sameAs":["https:\/\/www.facebook.com\/TammeTaluUrdiaed\/?locale=et_EE","https:\/\/www.instagram.com\/tammetaluurdiaed\/"]}]}},"_links":{"self":[{"href":"https:\/\/tammetalu.eu\/en\/wp-json\/wp\/v2\/product\/15326","targetHints":{"allow":["GET"]}}],"collection":[{"href":"https:\/\/tammetalu.eu\/en\/wp-json\/wp\/v2\/product"}],"about":[{"href":"https:\/\/tammetalu.eu\/en\/wp-json\/wp\/v2\/types\/product"}],"wp:featuredmedia":[{"embeddable":true,"href":"https:\/\/tammetalu.eu\/en\/wp-json\/wp\/v2\/media\/15428"}],"wp:attachment":[{"href":"https:\/\/tammetalu.eu\/en\/wp-json\/wp\/v2\/media?parent=15326"}],"wp:term":[{"taxonomy":"product_brand","embeddable":true,"href":"https:\/\/tammetalu.eu\/en\/wp-json\/wp\/v2\/product_brand?post=15326"},{"taxonomy":"product_cat","embeddable":true,"href":"https:\/\/tammetalu.eu\/en\/wp-json\/wp\/v2\/product_cat?post=15326"},{"taxonomy":"product_tag","embeddable":true,"href":"https:\/\/tammetalu.eu\/en\/wp-json\/wp\/v2\/product_tag?post=15326"}],"curies":[{"name":"wp","href":"https:\/\/api.w.org\/{rel}","templated":true}]}}