{"id":15401,"date":"2022-08-09T09:03:05","date_gmt":"2022-08-09T06:03:05","guid":{"rendered":"https:\/\/tammetalu.eu?post_type=product&#038;p=15401"},"modified":"2025-11-29T12:24:03","modified_gmt":"2025-11-29T10:24:03","slug":"talvetee-20g","status":"publish","type":"product","link":"https:\/\/tammetalu.eu\/en\/product\/talvetee-20g\/","title":{"rendered":"MAHE Talvetee 20g"},"content":{"rendered":"","protected":false},"excerpt":{"rendered":"<p>199,50 \u20ac\/kg<\/p>\n<p>Taimetee<\/p>\n<p>Talvetee sobib joomiseks pimedal ja haigusterikkal ajal turgutava sooja joogina. Lisaks on teel meeldiv maitse ning m\u00f5nus aroom. Tee koostises olevad mets-kassinaeri \u00f5ied annavad tee t\u00f5mbamise ajal t\u00f5elise meeli\u00fclendava etenduse, nagu oleksid virmalised talviselt taevalaotuselt sinu teetassi uhkeid v\u00e4rvilisi kaari moodustama p\u00e4\u00e4senud, muutes tee v\u00e4rvuse \u00fchteaegu k\u00fcll sinakaks, rohekaks v\u00f5i lillakaks. K\u00f5ik Talvetee koostises olevad taimed on kasutusel erinevate maade rahvameditsiinis.<\/p>\n<p>Koostisosad: aed-liivatee*, pune*, iisop*, mets-kassinaeri \u00f5ied*<\/p>\n<p>*Kontrollitud mahep\u00f5llumajandusest<\/p>\n","protected":false},"featured_media":16652,"template":"","meta":{"_acf_changed":false,"_et_pb_use_builder":"","_et_pb_old_content":"","_et_gb_content_width":"","inline_featured_image":false},"product_brand":[],"product_cat":[225,182],"product_tag":[70],"class_list":{"0":"post-15401","1":"product","2":"type-product","3":"status-publish","4":"has-post-thumbnail","6":"product_cat-kingiideed","7":"product_cat-taimeteed","8":"product_tag-urditeed","10":"first","11":"instock","12":"featured","13":"taxable","14":"shipping-taxable","15":"purchasable","16":"product-type-simple"},"acf":[],"yoast_head":"<!-- This site is optimized with the Yoast SEO plugin v26.4 - https:\/\/yoast.com\/wordpress\/plugins\/seo\/ -->\n<title>\u00d6KO Talvetee - Tamme talu k\u00e4sitsi valmistatud \u00fcrdi- ja marjateed<\/title>\n<meta name=\"description\" content=\"Talvetee. Koostis: aed-liivatee, pune, iisop, mets-kassinaeri \u00f5ied. Sobib joomiseks pimedal ja haigusterikkal ajal kurguk\u00e4heduse ja k\u00f6ha leevendamiseks.\" \/>\n<meta name=\"robots\" content=\"index, follow, max-snippet:-1, max-image-preview:large, max-video-preview:-1\" \/>\n<link rel=\"canonical\" href=\"https:\/\/tammetalu.eu\/toode\/talvetee-20g\/\" \/>\n<meta property=\"og:locale\" content=\"en_US\" \/>\n<meta property=\"og:type\" content=\"article\" \/>\n<meta property=\"og:title\" content=\"\u00d6KO Talvetee - Tamme talu k\u00e4sitsi valmistatud \u00fcrdi- ja marjateed\" \/>\n<meta property=\"og:description\" content=\"Talvetee. Koostis: aed-liivatee, pune, iisop, mets-kassinaeri \u00f5ied. Sobib joomiseks pimedal ja haigusterikkal ajal kurguk\u00e4heduse ja k\u00f6ha leevendamiseks.\" \/>\n<meta property=\"og:url\" content=\"https:\/\/tammetalu.eu\/toode\/talvetee-20g\/\" \/>\n<meta property=\"og:site_name\" content=\"Tamme talu \u00fcrdiaed\" \/>\n<meta property=\"article:publisher\" content=\"https:\/\/www.facebook.com\/TammeTaluUrdiaed\/?locale=et_EE\" \/>\n<meta property=\"article:modified_time\" content=\"2025-11-29T10:24:03+00:00\" \/>\n<meta property=\"og:image\" content=\"https:\/\/tammetalu.eu\/wp-content\/uploads\/2022\/08\/Oko_Talvetee.jpg\" \/>\n\t<meta property=\"og:image:width\" content=\"960\" \/>\n\t<meta property=\"og:image:height\" content=\"960\" \/>\n\t<meta property=\"og:image:type\" content=\"image\/jpeg\" \/>\n<meta name=\"twitter:card\" content=\"summary_large_image\" \/>\n<script type=\"application\/ld+json\" class=\"yoast-schema-graph\">{\"@context\":\"https:\/\/schema.org\",\"@graph\":[{\"@type\":\"WebPage\",\"@id\":\"https:\/\/tammetalu.eu\/toode\/talvetee-20g\/\",\"url\":\"https:\/\/tammetalu.eu\/toode\/talvetee-20g\/\",\"name\":\"\u00d6KO Talvetee - Tamme talu k\u00e4sitsi valmistatud \u00fcrdi- ja marjateed\",\"isPartOf\":{\"@id\":\"https:\/\/tammetalu.eu\/#website\"},\"primaryImageOfPage\":{\"@id\":\"https:\/\/tammetalu.eu\/toode\/talvetee-20g\/#primaryimage\"},\"image\":{\"@id\":\"https:\/\/tammetalu.eu\/toode\/talvetee-20g\/#primaryimage\"},\"thumbnailUrl\":\"https:\/\/tammetalu.eu\/wp-content\/uploads\/2022\/08\/Oko_Talvetee.jpg\",\"datePublished\":\"2022-08-09T06:03:05+00:00\",\"dateModified\":\"2025-11-29T10:24:03+00:00\",\"description\":\"Talvetee. Koostis: aed-liivatee, pune, iisop, mets-kassinaeri \u00f5ied. Sobib joomiseks pimedal ja haigusterikkal ajal kurguk\u00e4heduse ja k\u00f6ha leevendamiseks.\",\"breadcrumb\":{\"@id\":\"https:\/\/tammetalu.eu\/toode\/talvetee-20g\/#breadcrumb\"},\"inLanguage\":\"en-US\",\"potentialAction\":[{\"@type\":\"ReadAction\",\"target\":[\"https:\/\/tammetalu.eu\/toode\/talvetee-20g\/\"]}]},{\"@type\":\"ImageObject\",\"inLanguage\":\"en-US\",\"@id\":\"https:\/\/tammetalu.eu\/toode\/talvetee-20g\/#primaryimage\",\"url\":\"https:\/\/tammetalu.eu\/wp-content\/uploads\/2022\/08\/Oko_Talvetee.jpg\",\"contentUrl\":\"https:\/\/tammetalu.eu\/wp-content\/uploads\/2022\/08\/Oko_Talvetee.jpg\",\"width\":960,\"height\":960,\"caption\":\"\u00d6ko_Talvetee\"},{\"@type\":\"BreadcrumbList\",\"@id\":\"https:\/\/tammetalu.eu\/toode\/talvetee-20g\/#breadcrumb\",\"itemListElement\":[{\"@type\":\"ListItem\",\"position\":1,\"name\":\"Home\",\"item\":\"https:\/\/tammetalu.eu\/en\/esileht-eng\/\"},{\"@type\":\"ListItem\",\"position\":2,\"name\":\"Shop\",\"item\":\"https:\/\/tammetalu.eu\/en\/shop\/\"},{\"@type\":\"ListItem\",\"position\":3,\"name\":\"MAHE Talvetee 20g\"}]},{\"@type\":\"WebSite\",\"@id\":\"https:\/\/tammetalu.eu\/#website\",\"url\":\"https:\/\/tammetalu.eu\/\",\"name\":\"Tamme talu \u00fcrdiaed\",\"description\":\"K\u00e4sit\u00f6\u00f6na valmistatud tooted \u00fcrtidest, \u00fcrdiistikud, \u00fcrtide kollektsioonaed\",\"publisher\":{\"@id\":\"https:\/\/tammetalu.eu\/#organization\"},\"alternateName\":\"Tamme talu\",\"potentialAction\":[{\"@type\":\"SearchAction\",\"target\":{\"@type\":\"EntryPoint\",\"urlTemplate\":\"https:\/\/tammetalu.eu\/?s={search_term_string}\"},\"query-input\":{\"@type\":\"PropertyValueSpecification\",\"valueRequired\":true,\"valueName\":\"search_term_string\"}}],\"inLanguage\":\"en-US\"},{\"@type\":\"Organization\",\"@id\":\"https:\/\/tammetalu.eu\/#organization\",\"name\":\"Tamme talu \u00fcrdiaed\",\"alternateName\":\"Tamme talu\",\"url\":\"https:\/\/tammetalu.eu\/\",\"logo\":{\"@type\":\"ImageObject\",\"inLanguage\":\"en-US\",\"@id\":\"https:\/\/tammetalu.eu\/#\/schema\/logo\/image\/\",\"url\":\"https:\/\/tammetalu.eu\/wp-content\/uploads\/2025\/01\/Tamme_talu_urdiaed.png\",\"contentUrl\":\"https:\/\/tammetalu.eu\/wp-content\/uploads\/2025\/01\/Tamme_talu_urdiaed.png\",\"width\":560,\"height\":560,\"caption\":\"Tamme talu \u00fcrdiaed\"},\"image\":{\"@id\":\"https:\/\/tammetalu.eu\/#\/schema\/logo\/image\/\"},\"sameAs\":[\"https:\/\/www.facebook.com\/TammeTaluUrdiaed\/?locale=et_EE\",\"https:\/\/www.instagram.com\/tammetaluurdiaed\/\"]}]}<\/script>\n<!-- \/ Yoast SEO plugin. -->","yoast_head_json":{"title":"\u00d6KO Talvetee - Tamme talu k\u00e4sitsi valmistatud \u00fcrdi- ja marjateed","description":"Talvetee. Koostis: aed-liivatee, pune, iisop, mets-kassinaeri \u00f5ied. Sobib joomiseks pimedal ja haigusterikkal ajal kurguk\u00e4heduse ja k\u00f6ha leevendamiseks.","robots":{"index":"index","follow":"follow","max-snippet":"max-snippet:-1","max-image-preview":"max-image-preview:large","max-video-preview":"max-video-preview:-1"},"canonical":"https:\/\/tammetalu.eu\/toode\/talvetee-20g\/","og_locale":"en_US","og_type":"article","og_title":"\u00d6KO Talvetee - Tamme talu k\u00e4sitsi valmistatud \u00fcrdi- ja marjateed","og_description":"Talvetee. Koostis: aed-liivatee, pune, iisop, mets-kassinaeri \u00f5ied. Sobib joomiseks pimedal ja haigusterikkal ajal kurguk\u00e4heduse ja k\u00f6ha leevendamiseks.","og_url":"https:\/\/tammetalu.eu\/toode\/talvetee-20g\/","og_site_name":"Tamme talu \u00fcrdiaed","article_publisher":"https:\/\/www.facebook.com\/TammeTaluUrdiaed\/?locale=et_EE","article_modified_time":"2025-11-29T10:24:03+00:00","og_image":[{"width":960,"height":960,"url":"https:\/\/tammetalu.eu\/wp-content\/uploads\/2022\/08\/Oko_Talvetee.jpg","type":"image\/jpeg"}],"twitter_card":"summary_large_image","schema":{"@context":"https:\/\/schema.org","@graph":[{"@type":"WebPage","@id":"https:\/\/tammetalu.eu\/toode\/talvetee-20g\/","url":"https:\/\/tammetalu.eu\/toode\/talvetee-20g\/","name":"\u00d6KO Talvetee - Tamme talu k\u00e4sitsi valmistatud \u00fcrdi- ja marjateed","isPartOf":{"@id":"https:\/\/tammetalu.eu\/#website"},"primaryImageOfPage":{"@id":"https:\/\/tammetalu.eu\/toode\/talvetee-20g\/#primaryimage"},"image":{"@id":"https:\/\/tammetalu.eu\/toode\/talvetee-20g\/#primaryimage"},"thumbnailUrl":"https:\/\/tammetalu.eu\/wp-content\/uploads\/2022\/08\/Oko_Talvetee.jpg","datePublished":"2022-08-09T06:03:05+00:00","dateModified":"2025-11-29T10:24:03+00:00","description":"Talvetee. Koostis: aed-liivatee, pune, iisop, mets-kassinaeri \u00f5ied. Sobib joomiseks pimedal ja haigusterikkal ajal kurguk\u00e4heduse ja k\u00f6ha leevendamiseks.","breadcrumb":{"@id":"https:\/\/tammetalu.eu\/toode\/talvetee-20g\/#breadcrumb"},"inLanguage":"en-US","potentialAction":[{"@type":"ReadAction","target":["https:\/\/tammetalu.eu\/toode\/talvetee-20g\/"]}]},{"@type":"ImageObject","inLanguage":"en-US","@id":"https:\/\/tammetalu.eu\/toode\/talvetee-20g\/#primaryimage","url":"https:\/\/tammetalu.eu\/wp-content\/uploads\/2022\/08\/Oko_Talvetee.jpg","contentUrl":"https:\/\/tammetalu.eu\/wp-content\/uploads\/2022\/08\/Oko_Talvetee.jpg","width":960,"height":960,"caption":"\u00d6ko_Talvetee"},{"@type":"BreadcrumbList","@id":"https:\/\/tammetalu.eu\/toode\/talvetee-20g\/#breadcrumb","itemListElement":[{"@type":"ListItem","position":1,"name":"Home","item":"https:\/\/tammetalu.eu\/en\/esileht-eng\/"},{"@type":"ListItem","position":2,"name":"Shop","item":"https:\/\/tammetalu.eu\/en\/shop\/"},{"@type":"ListItem","position":3,"name":"MAHE Talvetee 20g"}]},{"@type":"WebSite","@id":"https:\/\/tammetalu.eu\/#website","url":"https:\/\/tammetalu.eu\/","name":"Tamme talu \u00fcrdiaed","description":"K\u00e4sit\u00f6\u00f6na valmistatud tooted \u00fcrtidest, \u00fcrdiistikud, \u00fcrtide kollektsioonaed","publisher":{"@id":"https:\/\/tammetalu.eu\/#organization"},"alternateName":"Tamme talu","potentialAction":[{"@type":"SearchAction","target":{"@type":"EntryPoint","urlTemplate":"https:\/\/tammetalu.eu\/?s={search_term_string}"},"query-input":{"@type":"PropertyValueSpecification","valueRequired":true,"valueName":"search_term_string"}}],"inLanguage":"en-US"},{"@type":"Organization","@id":"https:\/\/tammetalu.eu\/#organization","name":"Tamme talu \u00fcrdiaed","alternateName":"Tamme talu","url":"https:\/\/tammetalu.eu\/","logo":{"@type":"ImageObject","inLanguage":"en-US","@id":"https:\/\/tammetalu.eu\/#\/schema\/logo\/image\/","url":"https:\/\/tammetalu.eu\/wp-content\/uploads\/2025\/01\/Tamme_talu_urdiaed.png","contentUrl":"https:\/\/tammetalu.eu\/wp-content\/uploads\/2025\/01\/Tamme_talu_urdiaed.png","width":560,"height":560,"caption":"Tamme talu \u00fcrdiaed"},"image":{"@id":"https:\/\/tammetalu.eu\/#\/schema\/logo\/image\/"},"sameAs":["https:\/\/www.facebook.com\/TammeTaluUrdiaed\/?locale=et_EE","https:\/\/www.instagram.com\/tammetaluurdiaed\/"]}]}},"_links":{"self":[{"href":"https:\/\/tammetalu.eu\/en\/wp-json\/wp\/v2\/product\/15401","targetHints":{"allow":["GET"]}}],"collection":[{"href":"https:\/\/tammetalu.eu\/en\/wp-json\/wp\/v2\/product"}],"about":[{"href":"https:\/\/tammetalu.eu\/en\/wp-json\/wp\/v2\/types\/product"}],"wp:featuredmedia":[{"embeddable":true,"href":"https:\/\/tammetalu.eu\/en\/wp-json\/wp\/v2\/media\/16652"}],"wp:attachment":[{"href":"https:\/\/tammetalu.eu\/en\/wp-json\/wp\/v2\/media?parent=15401"}],"wp:term":[{"taxonomy":"product_brand","embeddable":true,"href":"https:\/\/tammetalu.eu\/en\/wp-json\/wp\/v2\/product_brand?post=15401"},{"taxonomy":"product_cat","embeddable":true,"href":"https:\/\/tammetalu.eu\/en\/wp-json\/wp\/v2\/product_cat?post=15401"},{"taxonomy":"product_tag","embeddable":true,"href":"https:\/\/tammetalu.eu\/en\/wp-json\/wp\/v2\/product_tag?post=15401"}],"curies":[{"name":"wp","href":"https:\/\/api.w.org\/{rel}","templated":true}]}}