{"id":15404,"date":"2022-08-09T09:03:05","date_gmt":"2022-08-09T06:03:05","guid":{"rendered":"https:\/\/tammetalu.eu?post_type=product&#038;p=15404"},"modified":"2025-01-08T12:39:41","modified_gmt":"2025-01-08T10:39:41","slug":"heade-motete-tee-20g","status":"publish","type":"product","link":"https:\/\/tammetalu.eu\/en\/product\/heade-motete-tee-20g\/","title":{"rendered":"MAHE Heade m\u00f5tete tee 20g"},"content":{"rendered":"","protected":false},"excerpt":{"rendered":"<p>199,50 \u20ac\/kg<\/p>\n<p>Taimetee<\/p>\n<p>Tassike aromaatset ja maitsvat taimeteed puhkehetkel annab m\u00f5tetele v\u00e4rske suuna. Tee on \u00a0rahulikku meeleolu soodustava toimega.<\/p>\n<p>Koostisosad: aedmonarda*, \u00f5unm\u00fcnt*, maasikalehed*, k\u00fclmkuivatatud \u00f5unat\u00fckid*<\/p>\n<p>*Kontrollitud mahep\u00f5llumajandusest<\/p>\n","protected":false},"featured_media":16608,"template":"","meta":{"_acf_changed":false,"_et_pb_use_builder":"","_et_pb_old_content":"","_et_gb_content_width":"","inline_featured_image":false},"product_brand":[],"product_cat":[182],"product_tag":[70],"class_list":{"0":"post-15404","1":"product","2":"type-product","3":"status-publish","4":"has-post-thumbnail","6":"product_cat-taimeteed","7":"product_tag-urditeed","9":"first","10":"instock","11":"taxable","12":"shipping-taxable","13":"purchasable","14":"product-type-simple"},"acf":[],"yoast_head":"<!-- This site is optimized with the Yoast SEO plugin v27.5 - https:\/\/yoast.com\/product\/yoast-seo-wordpress\/ -->\n<title>\u00d6KO Heade m\u00f5tete tee - Tamme talu k\u00e4sitsi valmistatud taimeteed<\/title>\n<meta name=\"description\" content=\"Heade m\u00f5tete tee. Tamme talu k\u00e4sitsi valmistatud \u00fcrdi- ja marjateed. Koostis: aedmonarda, \u00f5unm\u00fcnt, metsmaasika lehed, \u00f5un.\" \/>\n<meta name=\"robots\" content=\"index, follow, max-snippet:-1, max-image-preview:large, max-video-preview:-1\" \/>\n<link rel=\"canonical\" href=\"https:\/\/tammetalu.eu\/toode\/heade-motete-tee-20g\/\" \/>\n<meta property=\"og:locale\" content=\"en_US\" \/>\n<meta property=\"og:type\" content=\"article\" \/>\n<meta property=\"og:title\" content=\"\u00d6KO Heade m\u00f5tete tee - Tamme talu k\u00e4sitsi valmistatud taimeteed\" \/>\n<meta property=\"og:description\" content=\"Heade m\u00f5tete tee. Tamme talu k\u00e4sitsi valmistatud \u00fcrdi- ja marjateed. Koostis: aedmonarda, \u00f5unm\u00fcnt, metsmaasika lehed, \u00f5un.\" \/>\n<meta property=\"og:url\" content=\"https:\/\/tammetalu.eu\/toode\/heade-motete-tee-20g\/\" \/>\n<meta property=\"og:site_name\" content=\"Tamme talu \u00fcrdiaed\" \/>\n<meta property=\"article:publisher\" content=\"https:\/\/www.facebook.com\/TammeTaluUrdiaed\/?locale=et_EE\" \/>\n<meta property=\"article:modified_time\" content=\"2025-01-08T10:39:41+00:00\" \/>\n<meta property=\"og:image\" content=\"https:\/\/tammetalu.eu\/wp-content\/uploads\/2022\/08\/Oko_Heade_motete_tee.jpg\" \/>\n\t<meta property=\"og:image:width\" content=\"960\" \/>\n\t<meta property=\"og:image:height\" content=\"960\" \/>\n\t<meta property=\"og:image:type\" content=\"image\/jpeg\" \/>\n<meta name=\"twitter:card\" content=\"summary_large_image\" \/>\n<meta name=\"twitter:label1\" content=\"Est. reading time\" \/>\n\t<meta name=\"twitter:data1\" content=\"1 minute\" \/>\n<script type=\"application\/ld+json\" class=\"yoast-schema-graph\">{\"@context\":\"https:\\\/\\\/schema.org\",\"@graph\":[{\"@type\":\"WebPage\",\"@id\":\"https:\\\/\\\/tammetalu.eu\\\/toode\\\/heade-motete-tee-20g\\\/\",\"url\":\"https:\\\/\\\/tammetalu.eu\\\/toode\\\/heade-motete-tee-20g\\\/\",\"name\":\"\u00d6KO Heade m\u00f5tete tee - Tamme talu k\u00e4sitsi valmistatud taimeteed\",\"isPartOf\":{\"@id\":\"https:\\\/\\\/tammetalu.eu\\\/#website\"},\"primaryImageOfPage\":{\"@id\":\"https:\\\/\\\/tammetalu.eu\\\/toode\\\/heade-motete-tee-20g\\\/#primaryimage\"},\"image\":{\"@id\":\"https:\\\/\\\/tammetalu.eu\\\/toode\\\/heade-motete-tee-20g\\\/#primaryimage\"},\"thumbnailUrl\":\"https:\\\/\\\/tammetalu.eu\\\/wp-content\\\/uploads\\\/2022\\\/08\\\/Oko_Heade_motete_tee.jpg\",\"datePublished\":\"2022-08-09T06:03:05+00:00\",\"dateModified\":\"2025-01-08T10:39:41+00:00\",\"description\":\"Heade m\u00f5tete tee. Tamme talu k\u00e4sitsi valmistatud \u00fcrdi- ja marjateed. Koostis: aedmonarda, \u00f5unm\u00fcnt, metsmaasika lehed, \u00f5un.\",\"breadcrumb\":{\"@id\":\"https:\\\/\\\/tammetalu.eu\\\/toode\\\/heade-motete-tee-20g\\\/#breadcrumb\"},\"inLanguage\":\"en-US\",\"potentialAction\":[{\"@type\":\"ReadAction\",\"target\":[\"https:\\\/\\\/tammetalu.eu\\\/toode\\\/heade-motete-tee-20g\\\/\"]}]},{\"@type\":\"ImageObject\",\"inLanguage\":\"en-US\",\"@id\":\"https:\\\/\\\/tammetalu.eu\\\/toode\\\/heade-motete-tee-20g\\\/#primaryimage\",\"url\":\"https:\\\/\\\/tammetalu.eu\\\/wp-content\\\/uploads\\\/2022\\\/08\\\/Oko_Heade_motete_tee.jpg\",\"contentUrl\":\"https:\\\/\\\/tammetalu.eu\\\/wp-content\\\/uploads\\\/2022\\\/08\\\/Oko_Heade_motete_tee.jpg\",\"width\":960,\"height\":960,\"caption\":\"Oko_Heade_motete_tee\"},{\"@type\":\"BreadcrumbList\",\"@id\":\"https:\\\/\\\/tammetalu.eu\\\/toode\\\/heade-motete-tee-20g\\\/#breadcrumb\",\"itemListElement\":[{\"@type\":\"ListItem\",\"position\":1,\"name\":\"Home\",\"item\":\"https:\\\/\\\/tammetalu.eu\\\/en\\\/esileht-eng\\\/\"},{\"@type\":\"ListItem\",\"position\":2,\"name\":\"Shop\",\"item\":\"https:\\\/\\\/tammetalu.eu\\\/en\\\/shop\\\/\"},{\"@type\":\"ListItem\",\"position\":3,\"name\":\"MAHE Heade m\u00f5tete tee 20g\"}]},{\"@type\":\"WebSite\",\"@id\":\"https:\\\/\\\/tammetalu.eu\\\/#website\",\"url\":\"https:\\\/\\\/tammetalu.eu\\\/\",\"name\":\"Tamme talu \u00fcrdiaed\",\"description\":\"K\u00e4sit\u00f6\u00f6na valmistatud tooted \u00fcrtidest, \u00fcrdiistikud, \u00fcrtide kollektsioonaed\",\"publisher\":{\"@id\":\"https:\\\/\\\/tammetalu.eu\\\/#organization\"},\"alternateName\":\"Tamme talu\",\"potentialAction\":[{\"@type\":\"SearchAction\",\"target\":{\"@type\":\"EntryPoint\",\"urlTemplate\":\"https:\\\/\\\/tammetalu.eu\\\/?s={search_term_string}\"},\"query-input\":{\"@type\":\"PropertyValueSpecification\",\"valueRequired\":true,\"valueName\":\"search_term_string\"}}],\"inLanguage\":\"en-US\"},{\"@type\":\"Organization\",\"@id\":\"https:\\\/\\\/tammetalu.eu\\\/#organization\",\"name\":\"Tamme talu \u00fcrdiaed\",\"alternateName\":\"Tamme talu\",\"url\":\"https:\\\/\\\/tammetalu.eu\\\/\",\"logo\":{\"@type\":\"ImageObject\",\"inLanguage\":\"en-US\",\"@id\":\"https:\\\/\\\/tammetalu.eu\\\/#\\\/schema\\\/logo\\\/image\\\/\",\"url\":\"https:\\\/\\\/tammetalu.eu\\\/wp-content\\\/uploads\\\/2025\\\/01\\\/Tamme_talu_urdiaed.png\",\"contentUrl\":\"https:\\\/\\\/tammetalu.eu\\\/wp-content\\\/uploads\\\/2025\\\/01\\\/Tamme_talu_urdiaed.png\",\"width\":560,\"height\":560,\"caption\":\"Tamme talu \u00fcrdiaed\"},\"image\":{\"@id\":\"https:\\\/\\\/tammetalu.eu\\\/#\\\/schema\\\/logo\\\/image\\\/\"},\"sameAs\":[\"https:\\\/\\\/www.facebook.com\\\/TammeTaluUrdiaed\\\/?locale=et_EE\",\"https:\\\/\\\/www.instagram.com\\\/tammetaluurdiaed\\\/\"]}]}<\/script>\n<!-- \/ Yoast SEO plugin. -->","yoast_head_json":{"title":"\u00d6KO Heade m\u00f5tete tee - Tamme talu k\u00e4sitsi valmistatud taimeteed","description":"Heade m\u00f5tete tee. Tamme talu k\u00e4sitsi valmistatud \u00fcrdi- ja marjateed. Koostis: aedmonarda, \u00f5unm\u00fcnt, metsmaasika lehed, \u00f5un.","robots":{"index":"index","follow":"follow","max-snippet":"max-snippet:-1","max-image-preview":"max-image-preview:large","max-video-preview":"max-video-preview:-1"},"canonical":"https:\/\/tammetalu.eu\/toode\/heade-motete-tee-20g\/","og_locale":"en_US","og_type":"article","og_title":"\u00d6KO Heade m\u00f5tete tee - Tamme talu k\u00e4sitsi valmistatud taimeteed","og_description":"Heade m\u00f5tete tee. Tamme talu k\u00e4sitsi valmistatud \u00fcrdi- ja marjateed. Koostis: aedmonarda, \u00f5unm\u00fcnt, metsmaasika lehed, \u00f5un.","og_url":"https:\/\/tammetalu.eu\/toode\/heade-motete-tee-20g\/","og_site_name":"Tamme talu \u00fcrdiaed","article_publisher":"https:\/\/www.facebook.com\/TammeTaluUrdiaed\/?locale=et_EE","article_modified_time":"2025-01-08T10:39:41+00:00","og_image":[{"width":960,"height":960,"url":"https:\/\/tammetalu.eu\/wp-content\/uploads\/2022\/08\/Oko_Heade_motete_tee.jpg","type":"image\/jpeg"}],"twitter_card":"summary_large_image","twitter_misc":{"Est. reading time":"1 minute"},"schema":{"@context":"https:\/\/schema.org","@graph":[{"@type":"WebPage","@id":"https:\/\/tammetalu.eu\/toode\/heade-motete-tee-20g\/","url":"https:\/\/tammetalu.eu\/toode\/heade-motete-tee-20g\/","name":"\u00d6KO Heade m\u00f5tete tee - Tamme talu k\u00e4sitsi valmistatud taimeteed","isPartOf":{"@id":"https:\/\/tammetalu.eu\/#website"},"primaryImageOfPage":{"@id":"https:\/\/tammetalu.eu\/toode\/heade-motete-tee-20g\/#primaryimage"},"image":{"@id":"https:\/\/tammetalu.eu\/toode\/heade-motete-tee-20g\/#primaryimage"},"thumbnailUrl":"https:\/\/tammetalu.eu\/wp-content\/uploads\/2022\/08\/Oko_Heade_motete_tee.jpg","datePublished":"2022-08-09T06:03:05+00:00","dateModified":"2025-01-08T10:39:41+00:00","description":"Heade m\u00f5tete tee. Tamme talu k\u00e4sitsi valmistatud \u00fcrdi- ja marjateed. Koostis: aedmonarda, \u00f5unm\u00fcnt, metsmaasika lehed, \u00f5un.","breadcrumb":{"@id":"https:\/\/tammetalu.eu\/toode\/heade-motete-tee-20g\/#breadcrumb"},"inLanguage":"en-US","potentialAction":[{"@type":"ReadAction","target":["https:\/\/tammetalu.eu\/toode\/heade-motete-tee-20g\/"]}]},{"@type":"ImageObject","inLanguage":"en-US","@id":"https:\/\/tammetalu.eu\/toode\/heade-motete-tee-20g\/#primaryimage","url":"https:\/\/tammetalu.eu\/wp-content\/uploads\/2022\/08\/Oko_Heade_motete_tee.jpg","contentUrl":"https:\/\/tammetalu.eu\/wp-content\/uploads\/2022\/08\/Oko_Heade_motete_tee.jpg","width":960,"height":960,"caption":"Oko_Heade_motete_tee"},{"@type":"BreadcrumbList","@id":"https:\/\/tammetalu.eu\/toode\/heade-motete-tee-20g\/#breadcrumb","itemListElement":[{"@type":"ListItem","position":1,"name":"Home","item":"https:\/\/tammetalu.eu\/en\/esileht-eng\/"},{"@type":"ListItem","position":2,"name":"Shop","item":"https:\/\/tammetalu.eu\/en\/shop\/"},{"@type":"ListItem","position":3,"name":"MAHE Heade m\u00f5tete tee 20g"}]},{"@type":"WebSite","@id":"https:\/\/tammetalu.eu\/#website","url":"https:\/\/tammetalu.eu\/","name":"Tamme talu \u00fcrdiaed","description":"K\u00e4sit\u00f6\u00f6na valmistatud tooted \u00fcrtidest, \u00fcrdiistikud, \u00fcrtide kollektsioonaed","publisher":{"@id":"https:\/\/tammetalu.eu\/#organization"},"alternateName":"Tamme talu","potentialAction":[{"@type":"SearchAction","target":{"@type":"EntryPoint","urlTemplate":"https:\/\/tammetalu.eu\/?s={search_term_string}"},"query-input":{"@type":"PropertyValueSpecification","valueRequired":true,"valueName":"search_term_string"}}],"inLanguage":"en-US"},{"@type":"Organization","@id":"https:\/\/tammetalu.eu\/#organization","name":"Tamme talu \u00fcrdiaed","alternateName":"Tamme talu","url":"https:\/\/tammetalu.eu\/","logo":{"@type":"ImageObject","inLanguage":"en-US","@id":"https:\/\/tammetalu.eu\/#\/schema\/logo\/image\/","url":"https:\/\/tammetalu.eu\/wp-content\/uploads\/2025\/01\/Tamme_talu_urdiaed.png","contentUrl":"https:\/\/tammetalu.eu\/wp-content\/uploads\/2025\/01\/Tamme_talu_urdiaed.png","width":560,"height":560,"caption":"Tamme talu \u00fcrdiaed"},"image":{"@id":"https:\/\/tammetalu.eu\/#\/schema\/logo\/image\/"},"sameAs":["https:\/\/www.facebook.com\/TammeTaluUrdiaed\/?locale=et_EE","https:\/\/www.instagram.com\/tammetaluurdiaed\/"]}]}},"_links":{"self":[{"href":"https:\/\/tammetalu.eu\/en\/wp-json\/wp\/v2\/product\/15404","targetHints":{"allow":["GET"]}}],"collection":[{"href":"https:\/\/tammetalu.eu\/en\/wp-json\/wp\/v2\/product"}],"about":[{"href":"https:\/\/tammetalu.eu\/en\/wp-json\/wp\/v2\/types\/product"}],"wp:featuredmedia":[{"embeddable":true,"href":"https:\/\/tammetalu.eu\/en\/wp-json\/wp\/v2\/media\/16608"}],"wp:attachment":[{"href":"https:\/\/tammetalu.eu\/en\/wp-json\/wp\/v2\/media?parent=15404"}],"wp:term":[{"taxonomy":"product_brand","embeddable":true,"href":"https:\/\/tammetalu.eu\/en\/wp-json\/wp\/v2\/product_brand?post=15404"},{"taxonomy":"product_cat","embeddable":true,"href":"https:\/\/tammetalu.eu\/en\/wp-json\/wp\/v2\/product_cat?post=15404"},{"taxonomy":"product_tag","embeddable":true,"href":"https:\/\/tammetalu.eu\/en\/wp-json\/wp\/v2\/product_tag?post=15404"}],"curies":[{"name":"wp","href":"https:\/\/api.w.org\/{rel}","templated":true}]}}