{"id":15406,"date":"2022-08-09T09:03:06","date_gmt":"2022-08-09T06:03:06","guid":{"rendered":"https:\/\/tammetalu.eu?post_type=product&#038;p=15406"},"modified":"2025-01-08T12:38:09","modified_gmt":"2025-01-08T10:38:09","slug":"hea-tuju-tee-20g","status":"publish","type":"product","link":"https:\/\/tammetalu.eu\/en\/product\/hea-tuju-tee-20g\/","title":{"rendered":"MAHE Hea tuju tee 20g"},"content":{"rendered":"","protected":false},"excerpt":{"rendered":"<p>199,50 \u20ac\/kg<\/p>\n<p>Taimetee<\/p>\n<p>Kas tead hea tuju valemit? Meie teame! Kui paned kokku p\u00fcha basiiliku, l\u00e4ikiva peiulille, kuivatatud \u00f5unal\u00f5igud ja kannut\u00e4ie kuuma vett, saad tee, mis teeb iga\u00fchel tuju heaks.<\/p>\n<p>Tamme talu \u00fcrdiaia k\u00fclastajad on Hea Tuju tee maitsest ja aroomist igatahes alati vaimustuses olnud! Selles on \u00fchendatud p\u00fcha basiiliku v\u00fcrtsikus, peiulille magusus ja kuivatatud \u00f5una hapusus. Ja kui imeliselt see v\u00f5rratu jook veel l\u00f5hnab!<\/p>\n<p>P\u00fcha basiilik ehk tulsi on p\u00e4rit Indiast, kus seda peetakse \u00fcheks k\u00f5ige p\u00fchamaks ja v\u00f5imsamaks taimeks. Sanskriti keeles t\u00e4hendab tulsi \u201ev\u00f5rreldamatut\u201d. Iidses ajurvedas kasutatakse p\u00fcha basiilikut k\u00fclmetuse korral, palaviku, verer\u00f5hu, veresuhkru ja kolesterooli alandajana ning krampide leevendajana. See v\u00f5imas taim t\u00f5stab ka f\u00fc\u00fcsilist ja vaimset vastupidavust ning m\u00f5jub stressi maandavalt.<\/p>\n<p>L\u00e4ikiv peiulill ehk Mehhiko estragon on p\u00e4rit Mehhikost ja Kesk-Ameerikast, kus juba vanad asteegid kasutasid seda laialdaselt nii meditsiinis kui ka religioossetes toimingutes. N\u00e4iteks lisasid nad seda kakao sisse. L\u00e4ikiv peiulill on tuntud rahustava toime poolest. Sellel on meeldiv aniisi l\u00f5hn ja maitse, mis ei domineeri.<\/p>\n<p>Hea Tuju teele annab l\u00e4ikiv peiulill magusa alatooni, t\u00e4iendades teiste koostisosade v\u00fcrtsikust ja hapusust. \u00d5un aitab hoida seedimise korras ning sisaldab suurel hulgal vajalikke mineraale ja kiudaineid.<\/p>\n<p>Hea Tuju tee on kergelt ergutava toimega, sellep\u00e4rast sobib seda k\u00f5ige paremini juua hommikul ja p\u00e4evasel ajal.<\/p>\n<p>Koostisosad: tulsi ehk p\u00fcha basiilik*, mehhiko estragon*, k\u00fclmkuivatatud \u00f5unal\u00f5igud*<\/p>\n<p>*Kontrollitud mahep\u00f5llumajandusest<\/p>\n","protected":false},"featured_media":16604,"template":"","meta":{"_acf_changed":false,"_et_pb_use_builder":"","_et_pb_old_content":"","_et_gb_content_width":"","inline_featured_image":false},"product_brand":[],"product_cat":[182],"product_tag":[70],"class_list":{"0":"post-15406","1":"product","2":"type-product","3":"status-publish","4":"has-post-thumbnail","6":"product_cat-taimeteed","7":"product_tag-urditeed","9":"first","10":"instock","11":"taxable","12":"shipping-taxable","13":"purchasable","14":"product-type-simple"},"acf":[],"yoast_head":"<!-- This site is optimized with the Yoast SEO plugin v26.4 - https:\/\/yoast.com\/wordpress\/plugins\/seo\/ -->\n<title>Hea tuju tee - Tamme talu k\u00e4sitsi valmistatud \u00fcrdi- ja marjateed<\/title>\n<meta name=\"description\" content=\"Hea tuju tee - Tamme talu k\u00e4sitsi valmistatud \u00fcrdi- ja marjateed. Koostis: tulsi, mehhiko estragon, \u00f5un. Vaata l\u00e4hemalt ja telli ka endale!\" \/>\n<meta name=\"robots\" content=\"index, follow, max-snippet:-1, max-image-preview:large, max-video-preview:-1\" \/>\n<link rel=\"canonical\" href=\"https:\/\/tammetalu.eu\/toode\/hea-tuju-tee-20g\/\" \/>\n<meta property=\"og:locale\" content=\"en_US\" \/>\n<meta property=\"og:type\" content=\"article\" \/>\n<meta property=\"og:title\" content=\"Hea tuju tee - Tamme talu k\u00e4sitsi valmistatud \u00fcrdi- ja marjateed\" \/>\n<meta property=\"og:description\" content=\"Hea tuju tee - Tamme talu k\u00e4sitsi valmistatud \u00fcrdi- ja marjateed. Koostis: tulsi, mehhiko estragon, \u00f5un. Vaata l\u00e4hemalt ja telli ka endale!\" \/>\n<meta property=\"og:url\" content=\"https:\/\/tammetalu.eu\/toode\/hea-tuju-tee-20g\/\" \/>\n<meta property=\"og:site_name\" content=\"Tamme talu \u00fcrdiaed\" \/>\n<meta property=\"article:publisher\" content=\"https:\/\/www.facebook.com\/TammeTaluUrdiaed\/?locale=et_EE\" \/>\n<meta property=\"article:modified_time\" content=\"2025-01-08T10:38:09+00:00\" \/>\n<meta property=\"og:image\" content=\"https:\/\/tammetalu.eu\/wp-content\/uploads\/2022\/08\/Oko_Hea_tuju_tee.jpg\" \/>\n\t<meta property=\"og:image:width\" content=\"960\" \/>\n\t<meta property=\"og:image:height\" content=\"960\" \/>\n\t<meta property=\"og:image:type\" content=\"image\/jpeg\" \/>\n<meta name=\"twitter:card\" content=\"summary_large_image\" \/>\n<meta name=\"twitter:label1\" content=\"Est. reading time\" \/>\n\t<meta name=\"twitter:data1\" content=\"1 minute\" \/>\n<script type=\"application\/ld+json\" class=\"yoast-schema-graph\">{\"@context\":\"https:\/\/schema.org\",\"@graph\":[{\"@type\":\"WebPage\",\"@id\":\"https:\/\/tammetalu.eu\/toode\/hea-tuju-tee-20g\/\",\"url\":\"https:\/\/tammetalu.eu\/toode\/hea-tuju-tee-20g\/\",\"name\":\"Hea tuju tee - Tamme talu k\u00e4sitsi valmistatud \u00fcrdi- ja marjateed\",\"isPartOf\":{\"@id\":\"https:\/\/tammetalu.eu\/#website\"},\"primaryImageOfPage\":{\"@id\":\"https:\/\/tammetalu.eu\/toode\/hea-tuju-tee-20g\/#primaryimage\"},\"image\":{\"@id\":\"https:\/\/tammetalu.eu\/toode\/hea-tuju-tee-20g\/#primaryimage\"},\"thumbnailUrl\":\"https:\/\/tammetalu.eu\/wp-content\/uploads\/2022\/08\/Oko_Hea_tuju_tee.jpg\",\"datePublished\":\"2022-08-09T06:03:06+00:00\",\"dateModified\":\"2025-01-08T10:38:09+00:00\",\"description\":\"Hea tuju tee - Tamme talu k\u00e4sitsi valmistatud \u00fcrdi- ja marjateed. Koostis: tulsi, mehhiko estragon, \u00f5un. Vaata l\u00e4hemalt ja telli ka endale!\",\"breadcrumb\":{\"@id\":\"https:\/\/tammetalu.eu\/toode\/hea-tuju-tee-20g\/#breadcrumb\"},\"inLanguage\":\"en-US\",\"potentialAction\":[{\"@type\":\"ReadAction\",\"target\":[\"https:\/\/tammetalu.eu\/toode\/hea-tuju-tee-20g\/\"]}]},{\"@type\":\"ImageObject\",\"inLanguage\":\"en-US\",\"@id\":\"https:\/\/tammetalu.eu\/toode\/hea-tuju-tee-20g\/#primaryimage\",\"url\":\"https:\/\/tammetalu.eu\/wp-content\/uploads\/2022\/08\/Oko_Hea_tuju_tee.jpg\",\"contentUrl\":\"https:\/\/tammetalu.eu\/wp-content\/uploads\/2022\/08\/Oko_Hea_tuju_tee.jpg\",\"width\":960,\"height\":960,\"caption\":\"Oko_Hea_tuju_tee\"},{\"@type\":\"BreadcrumbList\",\"@id\":\"https:\/\/tammetalu.eu\/toode\/hea-tuju-tee-20g\/#breadcrumb\",\"itemListElement\":[{\"@type\":\"ListItem\",\"position\":1,\"name\":\"Home\",\"item\":\"https:\/\/tammetalu.eu\/en\/esileht-eng\/\"},{\"@type\":\"ListItem\",\"position\":2,\"name\":\"Shop\",\"item\":\"https:\/\/tammetalu.eu\/en\/shop\/\"},{\"@type\":\"ListItem\",\"position\":3,\"name\":\"MAHE Hea tuju tee 20g\"}]},{\"@type\":\"WebSite\",\"@id\":\"https:\/\/tammetalu.eu\/#website\",\"url\":\"https:\/\/tammetalu.eu\/\",\"name\":\"Tamme talu \u00fcrdiaed\",\"description\":\"K\u00e4sit\u00f6\u00f6na valmistatud tooted \u00fcrtidest, \u00fcrdiistikud, \u00fcrtide kollektsioonaed\",\"publisher\":{\"@id\":\"https:\/\/tammetalu.eu\/#organization\"},\"alternateName\":\"Tamme talu\",\"potentialAction\":[{\"@type\":\"SearchAction\",\"target\":{\"@type\":\"EntryPoint\",\"urlTemplate\":\"https:\/\/tammetalu.eu\/?s={search_term_string}\"},\"query-input\":{\"@type\":\"PropertyValueSpecification\",\"valueRequired\":true,\"valueName\":\"search_term_string\"}}],\"inLanguage\":\"en-US\"},{\"@type\":\"Organization\",\"@id\":\"https:\/\/tammetalu.eu\/#organization\",\"name\":\"Tamme talu \u00fcrdiaed\",\"alternateName\":\"Tamme talu\",\"url\":\"https:\/\/tammetalu.eu\/\",\"logo\":{\"@type\":\"ImageObject\",\"inLanguage\":\"en-US\",\"@id\":\"https:\/\/tammetalu.eu\/#\/schema\/logo\/image\/\",\"url\":\"https:\/\/tammetalu.eu\/wp-content\/uploads\/2025\/01\/Tamme_talu_urdiaed.png\",\"contentUrl\":\"https:\/\/tammetalu.eu\/wp-content\/uploads\/2025\/01\/Tamme_talu_urdiaed.png\",\"width\":560,\"height\":560,\"caption\":\"Tamme talu \u00fcrdiaed\"},\"image\":{\"@id\":\"https:\/\/tammetalu.eu\/#\/schema\/logo\/image\/\"},\"sameAs\":[\"https:\/\/www.facebook.com\/TammeTaluUrdiaed\/?locale=et_EE\",\"https:\/\/www.instagram.com\/tammetaluurdiaed\/\"]}]}<\/script>\n<!-- \/ Yoast SEO plugin. -->","yoast_head_json":{"title":"Hea tuju tee - Tamme talu k\u00e4sitsi valmistatud \u00fcrdi- ja marjateed","description":"Hea tuju tee - Tamme talu k\u00e4sitsi valmistatud \u00fcrdi- ja marjateed. Koostis: tulsi, mehhiko estragon, \u00f5un. Vaata l\u00e4hemalt ja telli ka endale!","robots":{"index":"index","follow":"follow","max-snippet":"max-snippet:-1","max-image-preview":"max-image-preview:large","max-video-preview":"max-video-preview:-1"},"canonical":"https:\/\/tammetalu.eu\/toode\/hea-tuju-tee-20g\/","og_locale":"en_US","og_type":"article","og_title":"Hea tuju tee - Tamme talu k\u00e4sitsi valmistatud \u00fcrdi- ja marjateed","og_description":"Hea tuju tee - Tamme talu k\u00e4sitsi valmistatud \u00fcrdi- ja marjateed. Koostis: tulsi, mehhiko estragon, \u00f5un. Vaata l\u00e4hemalt ja telli ka endale!","og_url":"https:\/\/tammetalu.eu\/toode\/hea-tuju-tee-20g\/","og_site_name":"Tamme talu \u00fcrdiaed","article_publisher":"https:\/\/www.facebook.com\/TammeTaluUrdiaed\/?locale=et_EE","article_modified_time":"2025-01-08T10:38:09+00:00","og_image":[{"width":960,"height":960,"url":"https:\/\/tammetalu.eu\/wp-content\/uploads\/2022\/08\/Oko_Hea_tuju_tee.jpg","type":"image\/jpeg"}],"twitter_card":"summary_large_image","twitter_misc":{"Est. reading time":"1 minute"},"schema":{"@context":"https:\/\/schema.org","@graph":[{"@type":"WebPage","@id":"https:\/\/tammetalu.eu\/toode\/hea-tuju-tee-20g\/","url":"https:\/\/tammetalu.eu\/toode\/hea-tuju-tee-20g\/","name":"Hea tuju tee - Tamme talu k\u00e4sitsi valmistatud \u00fcrdi- ja marjateed","isPartOf":{"@id":"https:\/\/tammetalu.eu\/#website"},"primaryImageOfPage":{"@id":"https:\/\/tammetalu.eu\/toode\/hea-tuju-tee-20g\/#primaryimage"},"image":{"@id":"https:\/\/tammetalu.eu\/toode\/hea-tuju-tee-20g\/#primaryimage"},"thumbnailUrl":"https:\/\/tammetalu.eu\/wp-content\/uploads\/2022\/08\/Oko_Hea_tuju_tee.jpg","datePublished":"2022-08-09T06:03:06+00:00","dateModified":"2025-01-08T10:38:09+00:00","description":"Hea tuju tee - Tamme talu k\u00e4sitsi valmistatud \u00fcrdi- ja marjateed. Koostis: tulsi, mehhiko estragon, \u00f5un. Vaata l\u00e4hemalt ja telli ka endale!","breadcrumb":{"@id":"https:\/\/tammetalu.eu\/toode\/hea-tuju-tee-20g\/#breadcrumb"},"inLanguage":"en-US","potentialAction":[{"@type":"ReadAction","target":["https:\/\/tammetalu.eu\/toode\/hea-tuju-tee-20g\/"]}]},{"@type":"ImageObject","inLanguage":"en-US","@id":"https:\/\/tammetalu.eu\/toode\/hea-tuju-tee-20g\/#primaryimage","url":"https:\/\/tammetalu.eu\/wp-content\/uploads\/2022\/08\/Oko_Hea_tuju_tee.jpg","contentUrl":"https:\/\/tammetalu.eu\/wp-content\/uploads\/2022\/08\/Oko_Hea_tuju_tee.jpg","width":960,"height":960,"caption":"Oko_Hea_tuju_tee"},{"@type":"BreadcrumbList","@id":"https:\/\/tammetalu.eu\/toode\/hea-tuju-tee-20g\/#breadcrumb","itemListElement":[{"@type":"ListItem","position":1,"name":"Home","item":"https:\/\/tammetalu.eu\/en\/esileht-eng\/"},{"@type":"ListItem","position":2,"name":"Shop","item":"https:\/\/tammetalu.eu\/en\/shop\/"},{"@type":"ListItem","position":3,"name":"MAHE Hea tuju tee 20g"}]},{"@type":"WebSite","@id":"https:\/\/tammetalu.eu\/#website","url":"https:\/\/tammetalu.eu\/","name":"Tamme talu \u00fcrdiaed","description":"K\u00e4sit\u00f6\u00f6na valmistatud tooted \u00fcrtidest, \u00fcrdiistikud, \u00fcrtide kollektsioonaed","publisher":{"@id":"https:\/\/tammetalu.eu\/#organization"},"alternateName":"Tamme talu","potentialAction":[{"@type":"SearchAction","target":{"@type":"EntryPoint","urlTemplate":"https:\/\/tammetalu.eu\/?s={search_term_string}"},"query-input":{"@type":"PropertyValueSpecification","valueRequired":true,"valueName":"search_term_string"}}],"inLanguage":"en-US"},{"@type":"Organization","@id":"https:\/\/tammetalu.eu\/#organization","name":"Tamme talu \u00fcrdiaed","alternateName":"Tamme talu","url":"https:\/\/tammetalu.eu\/","logo":{"@type":"ImageObject","inLanguage":"en-US","@id":"https:\/\/tammetalu.eu\/#\/schema\/logo\/image\/","url":"https:\/\/tammetalu.eu\/wp-content\/uploads\/2025\/01\/Tamme_talu_urdiaed.png","contentUrl":"https:\/\/tammetalu.eu\/wp-content\/uploads\/2025\/01\/Tamme_talu_urdiaed.png","width":560,"height":560,"caption":"Tamme talu \u00fcrdiaed"},"image":{"@id":"https:\/\/tammetalu.eu\/#\/schema\/logo\/image\/"},"sameAs":["https:\/\/www.facebook.com\/TammeTaluUrdiaed\/?locale=et_EE","https:\/\/www.instagram.com\/tammetaluurdiaed\/"]}]}},"_links":{"self":[{"href":"https:\/\/tammetalu.eu\/en\/wp-json\/wp\/v2\/product\/15406","targetHints":{"allow":["GET"]}}],"collection":[{"href":"https:\/\/tammetalu.eu\/en\/wp-json\/wp\/v2\/product"}],"about":[{"href":"https:\/\/tammetalu.eu\/en\/wp-json\/wp\/v2\/types\/product"}],"wp:featuredmedia":[{"embeddable":true,"href":"https:\/\/tammetalu.eu\/en\/wp-json\/wp\/v2\/media\/16604"}],"wp:attachment":[{"href":"https:\/\/tammetalu.eu\/en\/wp-json\/wp\/v2\/media?parent=15406"}],"wp:term":[{"taxonomy":"product_brand","embeddable":true,"href":"https:\/\/tammetalu.eu\/en\/wp-json\/wp\/v2\/product_brand?post=15406"},{"taxonomy":"product_cat","embeddable":true,"href":"https:\/\/tammetalu.eu\/en\/wp-json\/wp\/v2\/product_cat?post=15406"},{"taxonomy":"product_tag","embeddable":true,"href":"https:\/\/tammetalu.eu\/en\/wp-json\/wp\/v2\/product_tag?post=15406"}],"curies":[{"name":"wp","href":"https:\/\/api.w.org\/{rel}","templated":true}]}}