{"id":15472,"date":"2022-08-09T09:03:28","date_gmt":"2022-08-09T06:03:28","guid":{"rendered":"https:\/\/tammetalu.eu?post_type=product&#038;p=15472"},"modified":"2024-11-10T01:35:44","modified_gmt":"2024-11-09T23:35:44","slug":"urdioli-tsilliga-200ml","status":"publish","type":"product","link":"https:\/\/tammetalu.eu\/en\/product\/urdioli-tsilliga-200ml\/","title":{"rendered":"\u00dcrdi\u00f5li t\u0161illiga 200ml"},"content":{"rendered":"<table style=\"font-weight: 400; border-color: #ccc8c8; border-style: solid; height: 327px;\" border=\"1\">\n<tbody>\n<tr style=\"height: 95px;\">\n<td style=\"height: 95px; width: 254.825px;\">Toitumisalane teave 100g toote kohta<br \/>\nNutrition information per 100 g<\/td>\n<td style=\"height: 95px; width: 108.375px;\"><\/td>\n<\/tr>\n<tr style=\"height: 29px;\">\n<td style=\"height: 29px; width: 254.825px;\">Energiasisaldus<br \/>\nEnergy<\/td>\n<td style=\"height: 29px; width: 108.375px;\">3404kJ\/828kcal<\/td>\n<\/tr>\n<tr style=\"height: 52px;\">\n<td style=\"height: 52px; width: 254.825px;\">Rasvad<br \/>\nFat<br \/>\n-millest k\u00fcllastunud rasvhapped 0g<br \/>\n-saturated fats 0g<\/td>\n<td style=\"height: 52px; width: 108.375px;\">92g<\/td>\n<\/tr>\n<tr style=\"height: 62px;\">\n<td style=\"height: 62px; width: 254.825px;\">S\u00fcsivesikud<br \/>\nCarbohydrate<br \/>\n-millest suhkrud<br \/>\n-Sugars<\/td>\n<td style=\"height: 62px; width: 108.375px;\">6g<\/p>\n<p>0g<\/td>\n<\/tr>\n<tr style=\"height: 14px;\">\n<td style=\"height: 14px; width: 254.825px;\">Valgud<br \/>\nProtein<\/td>\n<td style=\"height: 14px; width: 108.375px;\">0g<\/td>\n<\/tr>\n<tr style=\"height: 75px;\">\n<td style=\"height: 75px; width: 254.825px;\">Soolad<br \/>\nSalt<\/td>\n<td style=\"height: 75px; width: 108.375px;\">0g<\/td>\n<\/tr>\n<\/tbody>\n<\/table>\n","protected":false},"excerpt":{"rendered":"<p>20,95\u20ac\/l<\/p>\n<p>\u00dcrdi\u00f5li t\u0161illiga on kergelt v\u00fcrtsikas maitse\u00f5li, milles oleme kasutanud kodumaist rapsi\u00f5li ning omakasvatatud teravat t\u0161illikauna. Maitsekust lisavad kuivatatud k\u00fc\u00fcslaugut\u00fckid ning t\u00fc\u00fcmian. Kasuta \u00fcrdi\u00f5li salatikastmete ja marinaadide maitsestamiseks. Salatikastmetesse lisa ka <span style=\"color: #339966;\"><a style=\"color: #339966;\" href=\"https:\/\/tammetalu.eu\/toode\/urdisool-salatile-85g\/\">\u00dcrdisool salatile<\/a><\/span>, et maitse veelgi t\u00e4iuslikum oleks.<\/p>\n<p>Koostisosad: rapsi\u00f5li, t\u0161illi, t\u00fc\u00fcmian, k\u00fc\u00fcslauk<\/p>\n","protected":false},"featured_media":15592,"template":"","meta":{"_acf_changed":false,"_et_pb_use_builder":"on","_et_pb_old_content":"<table style=\"font-weight: 400; border-color: #ccc8c8; border-style: solid; height: 327px;\" border=\"1\">\r\n<tbody>\r\n<tr style=\"height: 95px;\">\r\n<td style=\"height: 95px; width: 254.825px;\">Toitumisalane teave 100g toote kohta\r\nNutrition information per 100 g<\/td>\r\n<td style=\"height: 95px; width: 108.375px;\"><\/td>\r\n<\/tr>\r\n<tr style=\"height: 29px;\">\r\n<td style=\"height: 29px; width: 254.825px;\">Energiasisaldus\r\nEnergy<\/td>\r\n<td style=\"height: 29px; width: 108.375px;\">3404kJ\/828kcal<\/td>\r\n<\/tr>\r\n<tr style=\"height: 52px;\">\r\n<td style=\"height: 52px; width: 254.825px;\">Rasvad\r\nFat\r\n-millest k\u00fcllastunud rasvhapped 0g\r\n-saturated fats 0g<\/td>\r\n<td style=\"height: 52px; width: 108.375px;\">92g<\/td>\r\n<\/tr>\r\n<tr style=\"height: 62px;\">\r\n<td style=\"height: 62px; width: 254.825px;\">S\u00fcsivesikud\r\nCarbohydrate\r\n-millest suhkrud\r\n-Sugars<\/td>\r\n<td style=\"height: 62px; width: 108.375px;\">6g\r\n\r\n0g<\/td>\r\n<\/tr>\r\n<tr style=\"height: 14px;\">\r\n<td style=\"height: 14px; width: 254.825px;\">Valgud\r\nProtein<\/td>\r\n<td style=\"height: 14px; width: 108.375px;\">0g<\/td>\r\n<\/tr>\r\n<tr style=\"height: 75px;\">\r\n<td style=\"height: 75px; width: 254.825px;\">Soolad\r\nSalt<\/td>\r\n<td style=\"height: 75px; width: 108.375px;\">0g<\/td>\r\n<\/tr>\r\n<\/tbody>\r\n<\/table>","_et_gb_content_width":"","inline_featured_image":false},"product_brand":[],"product_cat":[184],"product_tag":[72],"class_list":{"0":"post-15472","1":"product","2":"type-product","3":"status-publish","4":"has-post-thumbnail","6":"product_cat-urdioli","7":"product_tag-urdiolid","9":"first","10":"instock","11":"taxable","12":"shipping-taxable","13":"purchasable","14":"product-type-simple"},"acf":[],"yoast_head":"<!-- This site is optimized with the Yoast SEO plugin v27.5 - https:\/\/yoast.com\/product\/yoast-seo-wordpress\/ -->\n<title>\u00dcrdi\u00f5li t\u0161illiga - Tamme talu \u00fcrdiaed<\/title>\n<meta name=\"description\" content=\"\u00dcrdi\u00f5li t\u0161illiga kasuta salatikastmete ja marinaadide maitsestamiseks. Kergelt v\u00fcrtsikas maitse\u00f5li. Telli mugavalt Tamme talu e-poest.\" \/>\n<meta name=\"robots\" content=\"index, follow, max-snippet:-1, max-image-preview:large, max-video-preview:-1\" \/>\n<link rel=\"canonical\" href=\"https:\/\/tammetalu.eu\/toode\/urdioli-tsilliga-200ml\/\" \/>\n<meta property=\"og:locale\" content=\"en_US\" \/>\n<meta property=\"og:type\" content=\"article\" \/>\n<meta property=\"og:title\" content=\"\u00dcrdi\u00f5li t\u0161illiga - Tamme talu \u00fcrdiaed\" \/>\n<meta property=\"og:description\" content=\"\u00dcrdi\u00f5li t\u0161illiga kasuta salatikastmete ja marinaadide maitsestamiseks. Kergelt v\u00fcrtsikas maitse\u00f5li. Telli mugavalt Tamme talu e-poest.\" \/>\n<meta property=\"og:url\" content=\"https:\/\/tammetalu.eu\/toode\/urdioli-tsilliga-200ml\/\" \/>\n<meta property=\"og:site_name\" content=\"Tamme talu \u00fcrdiaed\" \/>\n<meta property=\"article:publisher\" content=\"https:\/\/www.facebook.com\/TammeTaluUrdiaed\/?locale=et_EE\" \/>\n<meta property=\"article:modified_time\" content=\"2024-11-09T23:35:44+00:00\" \/>\n<meta property=\"og:image\" content=\"https:\/\/tammetalu.eu\/wp-content\/uploads\/2022\/08\/Urdioli_tsilliga-6.jpg\" \/>\n\t<meta property=\"og:image:width\" content=\"960\" \/>\n\t<meta property=\"og:image:height\" content=\"960\" \/>\n\t<meta property=\"og:image:type\" content=\"image\/jpeg\" \/>\n<meta name=\"twitter:card\" content=\"summary_large_image\" \/>\n<meta name=\"twitter:label1\" content=\"Est. reading time\" \/>\n\t<meta name=\"twitter:data1\" content=\"1 minute\" \/>\n<script type=\"application\/ld+json\" class=\"yoast-schema-graph\">{\"@context\":\"https:\\\/\\\/schema.org\",\"@graph\":[{\"@type\":\"WebPage\",\"@id\":\"https:\\\/\\\/tammetalu.eu\\\/toode\\\/urdioli-tsilliga-200ml\\\/\",\"url\":\"https:\\\/\\\/tammetalu.eu\\\/toode\\\/urdioli-tsilliga-200ml\\\/\",\"name\":\"\u00dcrdi\u00f5li t\u0161illiga - Tamme talu \u00fcrdiaed\",\"isPartOf\":{\"@id\":\"https:\\\/\\\/tammetalu.eu\\\/#website\"},\"primaryImageOfPage\":{\"@id\":\"https:\\\/\\\/tammetalu.eu\\\/toode\\\/urdioli-tsilliga-200ml\\\/#primaryimage\"},\"image\":{\"@id\":\"https:\\\/\\\/tammetalu.eu\\\/toode\\\/urdioli-tsilliga-200ml\\\/#primaryimage\"},\"thumbnailUrl\":\"https:\\\/\\\/tammetalu.eu\\\/wp-content\\\/uploads\\\/2022\\\/08\\\/Urdioli_tsilliga-6.jpg\",\"datePublished\":\"2022-08-09T06:03:28+00:00\",\"dateModified\":\"2024-11-09T23:35:44+00:00\",\"description\":\"\u00dcrdi\u00f5li t\u0161illiga kasuta salatikastmete ja marinaadide maitsestamiseks. Kergelt v\u00fcrtsikas maitse\u00f5li. Telli mugavalt Tamme talu e-poest.\",\"breadcrumb\":{\"@id\":\"https:\\\/\\\/tammetalu.eu\\\/toode\\\/urdioli-tsilliga-200ml\\\/#breadcrumb\"},\"inLanguage\":\"en-US\",\"potentialAction\":[{\"@type\":\"ReadAction\",\"target\":[\"https:\\\/\\\/tammetalu.eu\\\/toode\\\/urdioli-tsilliga-200ml\\\/\"]}]},{\"@type\":\"ImageObject\",\"inLanguage\":\"en-US\",\"@id\":\"https:\\\/\\\/tammetalu.eu\\\/toode\\\/urdioli-tsilliga-200ml\\\/#primaryimage\",\"url\":\"https:\\\/\\\/tammetalu.eu\\\/wp-content\\\/uploads\\\/2022\\\/08\\\/Urdioli_tsilliga-6.jpg\",\"contentUrl\":\"https:\\\/\\\/tammetalu.eu\\\/wp-content\\\/uploads\\\/2022\\\/08\\\/Urdioli_tsilliga-6.jpg\",\"width\":960,\"height\":960},{\"@type\":\"BreadcrumbList\",\"@id\":\"https:\\\/\\\/tammetalu.eu\\\/toode\\\/urdioli-tsilliga-200ml\\\/#breadcrumb\",\"itemListElement\":[{\"@type\":\"ListItem\",\"position\":1,\"name\":\"Home\",\"item\":\"https:\\\/\\\/tammetalu.eu\\\/en\\\/esileht-eng\\\/\"},{\"@type\":\"ListItem\",\"position\":2,\"name\":\"Shop\",\"item\":\"https:\\\/\\\/tammetalu.eu\\\/en\\\/shop\\\/\"},{\"@type\":\"ListItem\",\"position\":3,\"name\":\"\u00dcrdi\u00f5li t\u0161illiga 200ml\"}]},{\"@type\":\"WebSite\",\"@id\":\"https:\\\/\\\/tammetalu.eu\\\/#website\",\"url\":\"https:\\\/\\\/tammetalu.eu\\\/\",\"name\":\"Tamme talu \u00fcrdiaed\",\"description\":\"K\u00e4sit\u00f6\u00f6na valmistatud tooted \u00fcrtidest, \u00fcrdiistikud, \u00fcrtide kollektsioonaed\",\"publisher\":{\"@id\":\"https:\\\/\\\/tammetalu.eu\\\/#organization\"},\"alternateName\":\"Tamme talu\",\"potentialAction\":[{\"@type\":\"SearchAction\",\"target\":{\"@type\":\"EntryPoint\",\"urlTemplate\":\"https:\\\/\\\/tammetalu.eu\\\/?s={search_term_string}\"},\"query-input\":{\"@type\":\"PropertyValueSpecification\",\"valueRequired\":true,\"valueName\":\"search_term_string\"}}],\"inLanguage\":\"en-US\"},{\"@type\":\"Organization\",\"@id\":\"https:\\\/\\\/tammetalu.eu\\\/#organization\",\"name\":\"Tamme talu \u00fcrdiaed\",\"alternateName\":\"Tamme talu\",\"url\":\"https:\\\/\\\/tammetalu.eu\\\/\",\"logo\":{\"@type\":\"ImageObject\",\"inLanguage\":\"en-US\",\"@id\":\"https:\\\/\\\/tammetalu.eu\\\/#\\\/schema\\\/logo\\\/image\\\/\",\"url\":\"https:\\\/\\\/tammetalu.eu\\\/wp-content\\\/uploads\\\/2025\\\/01\\\/Tamme_talu_urdiaed.png\",\"contentUrl\":\"https:\\\/\\\/tammetalu.eu\\\/wp-content\\\/uploads\\\/2025\\\/01\\\/Tamme_talu_urdiaed.png\",\"width\":560,\"height\":560,\"caption\":\"Tamme talu \u00fcrdiaed\"},\"image\":{\"@id\":\"https:\\\/\\\/tammetalu.eu\\\/#\\\/schema\\\/logo\\\/image\\\/\"},\"sameAs\":[\"https:\\\/\\\/www.facebook.com\\\/TammeTaluUrdiaed\\\/?locale=et_EE\",\"https:\\\/\\\/www.instagram.com\\\/tammetaluurdiaed\\\/\"]}]}<\/script>\n<!-- \/ Yoast SEO plugin. -->","yoast_head_json":{"title":"\u00dcrdi\u00f5li t\u0161illiga - Tamme talu \u00fcrdiaed","description":"\u00dcrdi\u00f5li t\u0161illiga kasuta salatikastmete ja marinaadide maitsestamiseks. Kergelt v\u00fcrtsikas maitse\u00f5li. Telli mugavalt Tamme talu e-poest.","robots":{"index":"index","follow":"follow","max-snippet":"max-snippet:-1","max-image-preview":"max-image-preview:large","max-video-preview":"max-video-preview:-1"},"canonical":"https:\/\/tammetalu.eu\/toode\/urdioli-tsilliga-200ml\/","og_locale":"en_US","og_type":"article","og_title":"\u00dcrdi\u00f5li t\u0161illiga - Tamme talu \u00fcrdiaed","og_description":"\u00dcrdi\u00f5li t\u0161illiga kasuta salatikastmete ja marinaadide maitsestamiseks. Kergelt v\u00fcrtsikas maitse\u00f5li. Telli mugavalt Tamme talu e-poest.","og_url":"https:\/\/tammetalu.eu\/toode\/urdioli-tsilliga-200ml\/","og_site_name":"Tamme talu \u00fcrdiaed","article_publisher":"https:\/\/www.facebook.com\/TammeTaluUrdiaed\/?locale=et_EE","article_modified_time":"2024-11-09T23:35:44+00:00","og_image":[{"width":960,"height":960,"url":"https:\/\/tammetalu.eu\/wp-content\/uploads\/2022\/08\/Urdioli_tsilliga-6.jpg","type":"image\/jpeg"}],"twitter_card":"summary_large_image","twitter_misc":{"Est. reading time":"1 minute"},"schema":{"@context":"https:\/\/schema.org","@graph":[{"@type":"WebPage","@id":"https:\/\/tammetalu.eu\/toode\/urdioli-tsilliga-200ml\/","url":"https:\/\/tammetalu.eu\/toode\/urdioli-tsilliga-200ml\/","name":"\u00dcrdi\u00f5li t\u0161illiga - Tamme talu \u00fcrdiaed","isPartOf":{"@id":"https:\/\/tammetalu.eu\/#website"},"primaryImageOfPage":{"@id":"https:\/\/tammetalu.eu\/toode\/urdioli-tsilliga-200ml\/#primaryimage"},"image":{"@id":"https:\/\/tammetalu.eu\/toode\/urdioli-tsilliga-200ml\/#primaryimage"},"thumbnailUrl":"https:\/\/tammetalu.eu\/wp-content\/uploads\/2022\/08\/Urdioli_tsilliga-6.jpg","datePublished":"2022-08-09T06:03:28+00:00","dateModified":"2024-11-09T23:35:44+00:00","description":"\u00dcrdi\u00f5li t\u0161illiga kasuta salatikastmete ja marinaadide maitsestamiseks. Kergelt v\u00fcrtsikas maitse\u00f5li. Telli mugavalt Tamme talu e-poest.","breadcrumb":{"@id":"https:\/\/tammetalu.eu\/toode\/urdioli-tsilliga-200ml\/#breadcrumb"},"inLanguage":"en-US","potentialAction":[{"@type":"ReadAction","target":["https:\/\/tammetalu.eu\/toode\/urdioli-tsilliga-200ml\/"]}]},{"@type":"ImageObject","inLanguage":"en-US","@id":"https:\/\/tammetalu.eu\/toode\/urdioli-tsilliga-200ml\/#primaryimage","url":"https:\/\/tammetalu.eu\/wp-content\/uploads\/2022\/08\/Urdioli_tsilliga-6.jpg","contentUrl":"https:\/\/tammetalu.eu\/wp-content\/uploads\/2022\/08\/Urdioli_tsilliga-6.jpg","width":960,"height":960},{"@type":"BreadcrumbList","@id":"https:\/\/tammetalu.eu\/toode\/urdioli-tsilliga-200ml\/#breadcrumb","itemListElement":[{"@type":"ListItem","position":1,"name":"Home","item":"https:\/\/tammetalu.eu\/en\/esileht-eng\/"},{"@type":"ListItem","position":2,"name":"Shop","item":"https:\/\/tammetalu.eu\/en\/shop\/"},{"@type":"ListItem","position":3,"name":"\u00dcrdi\u00f5li t\u0161illiga 200ml"}]},{"@type":"WebSite","@id":"https:\/\/tammetalu.eu\/#website","url":"https:\/\/tammetalu.eu\/","name":"Tamme talu \u00fcrdiaed","description":"K\u00e4sit\u00f6\u00f6na valmistatud tooted \u00fcrtidest, \u00fcrdiistikud, \u00fcrtide kollektsioonaed","publisher":{"@id":"https:\/\/tammetalu.eu\/#organization"},"alternateName":"Tamme talu","potentialAction":[{"@type":"SearchAction","target":{"@type":"EntryPoint","urlTemplate":"https:\/\/tammetalu.eu\/?s={search_term_string}"},"query-input":{"@type":"PropertyValueSpecification","valueRequired":true,"valueName":"search_term_string"}}],"inLanguage":"en-US"},{"@type":"Organization","@id":"https:\/\/tammetalu.eu\/#organization","name":"Tamme talu \u00fcrdiaed","alternateName":"Tamme talu","url":"https:\/\/tammetalu.eu\/","logo":{"@type":"ImageObject","inLanguage":"en-US","@id":"https:\/\/tammetalu.eu\/#\/schema\/logo\/image\/","url":"https:\/\/tammetalu.eu\/wp-content\/uploads\/2025\/01\/Tamme_talu_urdiaed.png","contentUrl":"https:\/\/tammetalu.eu\/wp-content\/uploads\/2025\/01\/Tamme_talu_urdiaed.png","width":560,"height":560,"caption":"Tamme talu \u00fcrdiaed"},"image":{"@id":"https:\/\/tammetalu.eu\/#\/schema\/logo\/image\/"},"sameAs":["https:\/\/www.facebook.com\/TammeTaluUrdiaed\/?locale=et_EE","https:\/\/www.instagram.com\/tammetaluurdiaed\/"]}]}},"_links":{"self":[{"href":"https:\/\/tammetalu.eu\/en\/wp-json\/wp\/v2\/product\/15472","targetHints":{"allow":["GET"]}}],"collection":[{"href":"https:\/\/tammetalu.eu\/en\/wp-json\/wp\/v2\/product"}],"about":[{"href":"https:\/\/tammetalu.eu\/en\/wp-json\/wp\/v2\/types\/product"}],"wp:featuredmedia":[{"embeddable":true,"href":"https:\/\/tammetalu.eu\/en\/wp-json\/wp\/v2\/media\/15592"}],"wp:attachment":[{"href":"https:\/\/tammetalu.eu\/en\/wp-json\/wp\/v2\/media?parent=15472"}],"wp:term":[{"taxonomy":"product_brand","embeddable":true,"href":"https:\/\/tammetalu.eu\/en\/wp-json\/wp\/v2\/product_brand?post=15472"},{"taxonomy":"product_cat","embeddable":true,"href":"https:\/\/tammetalu.eu\/en\/wp-json\/wp\/v2\/product_cat?post=15472"},{"taxonomy":"product_tag","embeddable":true,"href":"https:\/\/tammetalu.eu\/en\/wp-json\/wp\/v2\/product_tag?post=15472"}],"curies":[{"name":"wp","href":"https:\/\/api.w.org\/{rel}","templated":true}]}}