{"id":15656,"date":"2022-08-09T09:04:34","date_gmt":"2022-08-09T06:04:34","guid":{"rendered":"https:\/\/tammetalu.eu?post_type=product&#038;p=15656"},"modified":"2026-04-19T10:45:02","modified_gmt":"2026-04-19T07:45:02","slug":"lohnav-madar","status":"publish","type":"product","link":"https:\/\/tammetalu.eu\/en\/product\/lohnav-madar\/","title":{"rendered":"L\u00f5hnav madar Galium odoratum"},"content":{"rendered":"","protected":false},"excerpt":{"rendered":"<p><em>Galium odoratum<\/em><strong>\u00a0\u00a0 <\/strong><\/p>\n<p>Heleroheliste lehtede ja valgete v\u00e4ikeste \u00f5itega k\u00fclmakindel p\u00fcsik. \u00d5itseb rikkalikult alates mai l\u00f5pust kuni juuni keskpaigani. Levib juurev\u00f5sudega. Taime k\u00f5rgus 20-30 cm. Sobib pinnakattetaimeks loodusaeda v\u00f5i varjulisse linnaaeda puude ja p\u00f5\u00f5saste alustaimeks. Armastab varjulist v\u00f5i poolvarjulist parasniisket kasvukohta. Saab kasvatada madalates aiavaasides ja seal ka talvitub. Magus aroom tuleb esile taime kuivatamisel.<\/p>\n<p>Kuivatatuna sobib kuumade ja k\u00fclmade jookide valmistamiseks ning magustoitudesse.<\/p>\n<p>Rahvameditsiinis kasutatakse l\u00f5hnavat madarat uriinieritust suurendava ja kootava vahendina. Erinevate maade rahvap\u00e4rimusest on teateid l\u00f5hnava madara kasutamisel armu\u00f5nne toetava vahendina.<\/p>\n<p>&nbsp;<\/p>\n","protected":false},"featured_media":15842,"template":"","meta":{"_acf_changed":false,"_et_pb_use_builder":"","_et_pb_old_content":"","_et_gb_content_width":"","inline_featured_image":false},"product_brand":[],"product_cat":[186,200],"product_tag":[],"class_list":{"0":"post-15656","1":"product","2":"type-product","3":"status-publish","4":"has-post-thumbnail","6":"product_cat-maitse-ja-ravimtaimede-istikud","7":"product_cat-muud-maitsetaimed","9":"first","10":"instock","11":"sale","12":"taxable","13":"shipping-taxable","14":"purchasable","15":"product-type-simple"},"acf":[],"yoast_head":"<!-- This site is optimized with the Yoast SEO plugin v26.4 - https:\/\/yoast.com\/wordpress\/plugins\/seo\/ -->\n<title>L\u00f5hnav madar Galium odoratum - Tamme talu \u00fcrdiaed<\/title>\n<meta name=\"description\" content=\"Heleroheliste lehtede ja valgete v\u00e4ikeste \u00f5itega k\u00fclmakindel p\u00fcsik. \u00d5itseb rikkalikult alates mai l\u00f5pust.Levib juurev\u00f5sudega.\" \/>\n<meta name=\"robots\" content=\"index, follow, max-snippet:-1, max-image-preview:large, max-video-preview:-1\" \/>\n<link rel=\"canonical\" href=\"https:\/\/tammetalu.eu\/toode\/lohnav-madar\/\" \/>\n<meta property=\"og:locale\" content=\"en_US\" \/>\n<meta property=\"og:type\" content=\"article\" \/>\n<meta property=\"og:title\" content=\"L\u00f5hnav madar Galium odoratum - Tamme talu \u00fcrdiaed\" \/>\n<meta property=\"og:description\" content=\"Heleroheliste lehtede ja valgete v\u00e4ikeste \u00f5itega k\u00fclmakindel p\u00fcsik. \u00d5itseb rikkalikult alates mai l\u00f5pust.Levib juurev\u00f5sudega.\" \/>\n<meta property=\"og:url\" content=\"https:\/\/tammetalu.eu\/toode\/lohnav-madar\/\" \/>\n<meta property=\"og:site_name\" content=\"Tamme talu \u00fcrdiaed\" \/>\n<meta property=\"article:publisher\" content=\"https:\/\/www.facebook.com\/TammeTaluUrdiaed\/?locale=et_EE\" \/>\n<meta property=\"article:modified_time\" content=\"2026-04-19T07:45:02+00:00\" \/>\n<meta property=\"og:image\" content=\"https:\/\/tammetalu.eu\/wp-content\/uploads\/2022\/08\/Lohnav_madar-5.jpg\" \/>\n\t<meta property=\"og:image:width\" content=\"1024\" \/>\n\t<meta property=\"og:image:height\" content=\"1024\" \/>\n\t<meta property=\"og:image:type\" content=\"image\/jpeg\" \/>\n<meta name=\"twitter:card\" content=\"summary_large_image\" \/>\n<meta name=\"twitter:label1\" content=\"Est. reading time\" \/>\n\t<meta name=\"twitter:data1\" content=\"1 minute\" \/>\n<script type=\"application\/ld+json\" class=\"yoast-schema-graph\">{\"@context\":\"https:\/\/schema.org\",\"@graph\":[{\"@type\":\"WebPage\",\"@id\":\"https:\/\/tammetalu.eu\/toode\/lohnav-madar\/\",\"url\":\"https:\/\/tammetalu.eu\/toode\/lohnav-madar\/\",\"name\":\"L\u00f5hnav madar Galium odoratum - Tamme talu \u00fcrdiaed\",\"isPartOf\":{\"@id\":\"https:\/\/tammetalu.eu\/#website\"},\"primaryImageOfPage\":{\"@id\":\"https:\/\/tammetalu.eu\/toode\/lohnav-madar\/#primaryimage\"},\"image\":{\"@id\":\"https:\/\/tammetalu.eu\/toode\/lohnav-madar\/#primaryimage\"},\"thumbnailUrl\":\"https:\/\/tammetalu.eu\/wp-content\/uploads\/2022\/08\/Lohnav_madar-5.jpg\",\"datePublished\":\"2022-08-09T06:04:34+00:00\",\"dateModified\":\"2026-04-19T07:45:02+00:00\",\"description\":\"Heleroheliste lehtede ja valgete v\u00e4ikeste \u00f5itega k\u00fclmakindel p\u00fcsik. \u00d5itseb rikkalikult alates mai l\u00f5pust.Levib juurev\u00f5sudega.\",\"breadcrumb\":{\"@id\":\"https:\/\/tammetalu.eu\/toode\/lohnav-madar\/#breadcrumb\"},\"inLanguage\":\"en-US\",\"potentialAction\":[{\"@type\":\"ReadAction\",\"target\":[\"https:\/\/tammetalu.eu\/toode\/lohnav-madar\/\"]}]},{\"@type\":\"ImageObject\",\"inLanguage\":\"en-US\",\"@id\":\"https:\/\/tammetalu.eu\/toode\/lohnav-madar\/#primaryimage\",\"url\":\"https:\/\/tammetalu.eu\/wp-content\/uploads\/2022\/08\/Lohnav_madar-5.jpg\",\"contentUrl\":\"https:\/\/tammetalu.eu\/wp-content\/uploads\/2022\/08\/Lohnav_madar-5.jpg\",\"width\":1024,\"height\":1024},{\"@type\":\"BreadcrumbList\",\"@id\":\"https:\/\/tammetalu.eu\/toode\/lohnav-madar\/#breadcrumb\",\"itemListElement\":[{\"@type\":\"ListItem\",\"position\":1,\"name\":\"Home\",\"item\":\"https:\/\/tammetalu.eu\/en\/esileht-eng\/\"},{\"@type\":\"ListItem\",\"position\":2,\"name\":\"Shop\",\"item\":\"https:\/\/tammetalu.eu\/en\/shop\/\"},{\"@type\":\"ListItem\",\"position\":3,\"name\":\"L\u00f5hnav madar Galium odoratum\"}]},{\"@type\":\"WebSite\",\"@id\":\"https:\/\/tammetalu.eu\/#website\",\"url\":\"https:\/\/tammetalu.eu\/\",\"name\":\"Tamme talu \u00fcrdiaed\",\"description\":\"K\u00e4sit\u00f6\u00f6na valmistatud tooted \u00fcrtidest, \u00fcrdiistikud, \u00fcrtide kollektsioonaed\",\"publisher\":{\"@id\":\"https:\/\/tammetalu.eu\/#organization\"},\"alternateName\":\"Tamme talu\",\"potentialAction\":[{\"@type\":\"SearchAction\",\"target\":{\"@type\":\"EntryPoint\",\"urlTemplate\":\"https:\/\/tammetalu.eu\/?s={search_term_string}\"},\"query-input\":{\"@type\":\"PropertyValueSpecification\",\"valueRequired\":true,\"valueName\":\"search_term_string\"}}],\"inLanguage\":\"en-US\"},{\"@type\":\"Organization\",\"@id\":\"https:\/\/tammetalu.eu\/#organization\",\"name\":\"Tamme talu \u00fcrdiaed\",\"alternateName\":\"Tamme talu\",\"url\":\"https:\/\/tammetalu.eu\/\",\"logo\":{\"@type\":\"ImageObject\",\"inLanguage\":\"en-US\",\"@id\":\"https:\/\/tammetalu.eu\/#\/schema\/logo\/image\/\",\"url\":\"https:\/\/tammetalu.eu\/wp-content\/uploads\/2025\/01\/Tamme_talu_urdiaed.png\",\"contentUrl\":\"https:\/\/tammetalu.eu\/wp-content\/uploads\/2025\/01\/Tamme_talu_urdiaed.png\",\"width\":560,\"height\":560,\"caption\":\"Tamme talu \u00fcrdiaed\"},\"image\":{\"@id\":\"https:\/\/tammetalu.eu\/#\/schema\/logo\/image\/\"},\"sameAs\":[\"https:\/\/www.facebook.com\/TammeTaluUrdiaed\/?locale=et_EE\",\"https:\/\/www.instagram.com\/tammetaluurdiaed\/\"]}]}<\/script>\n<!-- \/ Yoast SEO plugin. -->","yoast_head_json":{"title":"L\u00f5hnav madar Galium odoratum - Tamme talu \u00fcrdiaed","description":"Heleroheliste lehtede ja valgete v\u00e4ikeste \u00f5itega k\u00fclmakindel p\u00fcsik. \u00d5itseb rikkalikult alates mai l\u00f5pust.Levib juurev\u00f5sudega.","robots":{"index":"index","follow":"follow","max-snippet":"max-snippet:-1","max-image-preview":"max-image-preview:large","max-video-preview":"max-video-preview:-1"},"canonical":"https:\/\/tammetalu.eu\/toode\/lohnav-madar\/","og_locale":"en_US","og_type":"article","og_title":"L\u00f5hnav madar Galium odoratum - Tamme talu \u00fcrdiaed","og_description":"Heleroheliste lehtede ja valgete v\u00e4ikeste \u00f5itega k\u00fclmakindel p\u00fcsik. \u00d5itseb rikkalikult alates mai l\u00f5pust.Levib juurev\u00f5sudega.","og_url":"https:\/\/tammetalu.eu\/toode\/lohnav-madar\/","og_site_name":"Tamme talu \u00fcrdiaed","article_publisher":"https:\/\/www.facebook.com\/TammeTaluUrdiaed\/?locale=et_EE","article_modified_time":"2026-04-19T07:45:02+00:00","og_image":[{"width":1024,"height":1024,"url":"https:\/\/tammetalu.eu\/wp-content\/uploads\/2022\/08\/Lohnav_madar-5.jpg","type":"image\/jpeg"}],"twitter_card":"summary_large_image","twitter_misc":{"Est. reading time":"1 minute"},"schema":{"@context":"https:\/\/schema.org","@graph":[{"@type":"WebPage","@id":"https:\/\/tammetalu.eu\/toode\/lohnav-madar\/","url":"https:\/\/tammetalu.eu\/toode\/lohnav-madar\/","name":"L\u00f5hnav madar Galium odoratum - Tamme talu \u00fcrdiaed","isPartOf":{"@id":"https:\/\/tammetalu.eu\/#website"},"primaryImageOfPage":{"@id":"https:\/\/tammetalu.eu\/toode\/lohnav-madar\/#primaryimage"},"image":{"@id":"https:\/\/tammetalu.eu\/toode\/lohnav-madar\/#primaryimage"},"thumbnailUrl":"https:\/\/tammetalu.eu\/wp-content\/uploads\/2022\/08\/Lohnav_madar-5.jpg","datePublished":"2022-08-09T06:04:34+00:00","dateModified":"2026-04-19T07:45:02+00:00","description":"Heleroheliste lehtede ja valgete v\u00e4ikeste \u00f5itega k\u00fclmakindel p\u00fcsik. \u00d5itseb rikkalikult alates mai l\u00f5pust.Levib juurev\u00f5sudega.","breadcrumb":{"@id":"https:\/\/tammetalu.eu\/toode\/lohnav-madar\/#breadcrumb"},"inLanguage":"en-US","potentialAction":[{"@type":"ReadAction","target":["https:\/\/tammetalu.eu\/toode\/lohnav-madar\/"]}]},{"@type":"ImageObject","inLanguage":"en-US","@id":"https:\/\/tammetalu.eu\/toode\/lohnav-madar\/#primaryimage","url":"https:\/\/tammetalu.eu\/wp-content\/uploads\/2022\/08\/Lohnav_madar-5.jpg","contentUrl":"https:\/\/tammetalu.eu\/wp-content\/uploads\/2022\/08\/Lohnav_madar-5.jpg","width":1024,"height":1024},{"@type":"BreadcrumbList","@id":"https:\/\/tammetalu.eu\/toode\/lohnav-madar\/#breadcrumb","itemListElement":[{"@type":"ListItem","position":1,"name":"Home","item":"https:\/\/tammetalu.eu\/en\/esileht-eng\/"},{"@type":"ListItem","position":2,"name":"Shop","item":"https:\/\/tammetalu.eu\/en\/shop\/"},{"@type":"ListItem","position":3,"name":"L\u00f5hnav madar Galium odoratum"}]},{"@type":"WebSite","@id":"https:\/\/tammetalu.eu\/#website","url":"https:\/\/tammetalu.eu\/","name":"Tamme talu \u00fcrdiaed","description":"K\u00e4sit\u00f6\u00f6na valmistatud tooted \u00fcrtidest, \u00fcrdiistikud, \u00fcrtide kollektsioonaed","publisher":{"@id":"https:\/\/tammetalu.eu\/#organization"},"alternateName":"Tamme talu","potentialAction":[{"@type":"SearchAction","target":{"@type":"EntryPoint","urlTemplate":"https:\/\/tammetalu.eu\/?s={search_term_string}"},"query-input":{"@type":"PropertyValueSpecification","valueRequired":true,"valueName":"search_term_string"}}],"inLanguage":"en-US"},{"@type":"Organization","@id":"https:\/\/tammetalu.eu\/#organization","name":"Tamme talu \u00fcrdiaed","alternateName":"Tamme talu","url":"https:\/\/tammetalu.eu\/","logo":{"@type":"ImageObject","inLanguage":"en-US","@id":"https:\/\/tammetalu.eu\/#\/schema\/logo\/image\/","url":"https:\/\/tammetalu.eu\/wp-content\/uploads\/2025\/01\/Tamme_talu_urdiaed.png","contentUrl":"https:\/\/tammetalu.eu\/wp-content\/uploads\/2025\/01\/Tamme_talu_urdiaed.png","width":560,"height":560,"caption":"Tamme talu \u00fcrdiaed"},"image":{"@id":"https:\/\/tammetalu.eu\/#\/schema\/logo\/image\/"},"sameAs":["https:\/\/www.facebook.com\/TammeTaluUrdiaed\/?locale=et_EE","https:\/\/www.instagram.com\/tammetaluurdiaed\/"]}]}},"_links":{"self":[{"href":"https:\/\/tammetalu.eu\/en\/wp-json\/wp\/v2\/product\/15656","targetHints":{"allow":["GET"]}}],"collection":[{"href":"https:\/\/tammetalu.eu\/en\/wp-json\/wp\/v2\/product"}],"about":[{"href":"https:\/\/tammetalu.eu\/en\/wp-json\/wp\/v2\/types\/product"}],"wp:featuredmedia":[{"embeddable":true,"href":"https:\/\/tammetalu.eu\/en\/wp-json\/wp\/v2\/media\/15842"}],"wp:attachment":[{"href":"https:\/\/tammetalu.eu\/en\/wp-json\/wp\/v2\/media?parent=15656"}],"wp:term":[{"taxonomy":"product_brand","embeddable":true,"href":"https:\/\/tammetalu.eu\/en\/wp-json\/wp\/v2\/product_brand?post=15656"},{"taxonomy":"product_cat","embeddable":true,"href":"https:\/\/tammetalu.eu\/en\/wp-json\/wp\/v2\/product_cat?post=15656"},{"taxonomy":"product_tag","embeddable":true,"href":"https:\/\/tammetalu.eu\/en\/wp-json\/wp\/v2\/product_tag?post=15656"}],"curies":[{"name":"wp","href":"https:\/\/api.w.org\/{rel}","templated":true}]}}