{"id":15717,"date":"2022-08-09T09:05:01","date_gmt":"2022-08-09T06:05:01","guid":{"rendered":"https:\/\/tammetalu.eu?post_type=product&#038;p=15717"},"modified":"2026-04-02T20:55:47","modified_gmt":"2026-04-02T17:55:47","slug":"prantsuse-estragon","status":"publish","type":"product","link":"https:\/\/tammetalu.eu\/en\/product\/prantsuse-estragon\/","title":{"rendered":"Prantsuse estragon"},"content":{"rendered":"","protected":false},"excerpt":{"rendered":"<p><em>Artemisia drancunculus var. sativa<\/em><\/p>\n<p>Kuni 1 m k\u00f5rguseks kasvav kitsaste roheliste lehtedega aromaatne maitse- ja ravimtaim. Aias vajab kasvamiseks tavalist kuivemapoolset v\u00f5i parasniisket aiamulda ja p\u00e4ikeselist v\u00f5i poolvarjulist kasvukohta. Ei talu seisvat vett ja liigniiskust. K\u00fclmal ja lumeta talvel vajab katet pakase eest. Tamme talu \u00fcrdiaias kasvab prantsuse estragon alates aia rajamisest ja ma ei ole taime kunagi talveks katnud. Kevadel tuleb taim maani tagasi l\u00f5igata. Aromaatseid veidi aniisimaitselisi lehti ja noori v\u00f5rseid kasutatakse v\u00e4rskelt kala, aedviljaroogade, suppide, kastmete, limonaadi (Tarhun) ja maitse\u00e4\u00e4dika valmistamiseks. Estragonitee parandab s\u00f6\u00f6giisu.<\/p>\n<p><strong>Postiga saadetavad taimed pakime alati turvaliselt ja ilmastikukindlalt.<\/strong><\/p>\n","protected":false},"featured_media":15846,"template":"","meta":{"_acf_changed":false,"_et_pb_use_builder":"","_et_pb_old_content":"","_et_gb_content_width":"","inline_featured_image":false},"product_brand":[],"product_cat":[247,186,200],"product_tag":[],"class_list":{"0":"post-15717","1":"product","2":"type-product","3":"status-publish","4":"has-post-thumbnail","6":"product_cat-rohenappude-lemmikud","7":"product_cat-maitse-ja-ravimtaimede-istikud","8":"product_cat-muud-maitsetaimed","10":"first","11":"instock","12":"sale","13":"taxable","14":"shipping-taxable","15":"purchasable","16":"product-type-simple"},"acf":[],"yoast_head":"<!-- This site is optimized with the Yoast SEO plugin v26.4 - https:\/\/yoast.com\/wordpress\/plugins\/seo\/ -->\n<title>Prantsuse estragon - Tamme talu \u00fcrdiaed<\/title>\n<meta name=\"description\" content=\"Kuni 1m k\u00f5rguseks kasvav kitsaste roheliste lehtedega taim. Aias kasvab tavalises kuivemapoolses v\u00f5i parasniiskes aiamullas p\u00e4ikeselises v\u00f5i poolvarjulises\" \/>\n<meta name=\"robots\" content=\"index, follow, max-snippet:-1, max-image-preview:large, max-video-preview:-1\" \/>\n<link rel=\"canonical\" href=\"https:\/\/tammetalu.eu\/toode\/prantsuse-estragon\/\" \/>\n<meta property=\"og:locale\" content=\"en_US\" \/>\n<meta property=\"og:type\" content=\"article\" \/>\n<meta property=\"og:title\" content=\"Prantsuse estragon - Tamme talu \u00fcrdiaed\" \/>\n<meta property=\"og:description\" content=\"Kuni 1m k\u00f5rguseks kasvav kitsaste roheliste lehtedega taim. Aias kasvab tavalises kuivemapoolses v\u00f5i parasniiskes aiamullas p\u00e4ikeselises v\u00f5i poolvarjulises\" \/>\n<meta property=\"og:url\" content=\"https:\/\/tammetalu.eu\/toode\/prantsuse-estragon\/\" \/>\n<meta property=\"og:site_name\" content=\"Tamme talu \u00fcrdiaed\" \/>\n<meta property=\"article:publisher\" content=\"https:\/\/www.facebook.com\/TammeTaluUrdiaed\/?locale=et_EE\" \/>\n<meta property=\"article:modified_time\" content=\"2026-04-02T17:55:47+00:00\" \/>\n<meta property=\"og:image\" content=\"https:\/\/tammetalu.eu\/wp-content\/uploads\/2022\/08\/Prantsuse_estragon-5.jpg\" \/>\n\t<meta property=\"og:image:width\" content=\"1024\" \/>\n\t<meta property=\"og:image:height\" content=\"835\" \/>\n\t<meta property=\"og:image:type\" content=\"image\/jpeg\" \/>\n<meta name=\"twitter:card\" content=\"summary_large_image\" \/>\n<meta name=\"twitter:label1\" content=\"Est. reading time\" \/>\n\t<meta name=\"twitter:data1\" content=\"1 minute\" \/>\n<script type=\"application\/ld+json\" class=\"yoast-schema-graph\">{\"@context\":\"https:\/\/schema.org\",\"@graph\":[{\"@type\":\"WebPage\",\"@id\":\"https:\/\/tammetalu.eu\/toode\/prantsuse-estragon\/\",\"url\":\"https:\/\/tammetalu.eu\/toode\/prantsuse-estragon\/\",\"name\":\"Prantsuse estragon - Tamme talu \u00fcrdiaed\",\"isPartOf\":{\"@id\":\"https:\/\/tammetalu.eu\/#website\"},\"primaryImageOfPage\":{\"@id\":\"https:\/\/tammetalu.eu\/toode\/prantsuse-estragon\/#primaryimage\"},\"image\":{\"@id\":\"https:\/\/tammetalu.eu\/toode\/prantsuse-estragon\/#primaryimage\"},\"thumbnailUrl\":\"https:\/\/tammetalu.eu\/wp-content\/uploads\/2022\/08\/Prantsuse_estragon-5.jpg\",\"datePublished\":\"2022-08-09T06:05:01+00:00\",\"dateModified\":\"2026-04-02T17:55:47+00:00\",\"description\":\"Kuni 1m k\u00f5rguseks kasvav kitsaste roheliste lehtedega taim. Aias kasvab tavalises kuivemapoolses v\u00f5i parasniiskes aiamullas p\u00e4ikeselises v\u00f5i poolvarjulises\",\"breadcrumb\":{\"@id\":\"https:\/\/tammetalu.eu\/toode\/prantsuse-estragon\/#breadcrumb\"},\"inLanguage\":\"en-US\",\"potentialAction\":[{\"@type\":\"ReadAction\",\"target\":[\"https:\/\/tammetalu.eu\/toode\/prantsuse-estragon\/\"]}]},{\"@type\":\"ImageObject\",\"inLanguage\":\"en-US\",\"@id\":\"https:\/\/tammetalu.eu\/toode\/prantsuse-estragon\/#primaryimage\",\"url\":\"https:\/\/tammetalu.eu\/wp-content\/uploads\/2022\/08\/Prantsuse_estragon-5.jpg\",\"contentUrl\":\"https:\/\/tammetalu.eu\/wp-content\/uploads\/2022\/08\/Prantsuse_estragon-5.jpg\",\"width\":1024,\"height\":835},{\"@type\":\"BreadcrumbList\",\"@id\":\"https:\/\/tammetalu.eu\/toode\/prantsuse-estragon\/#breadcrumb\",\"itemListElement\":[{\"@type\":\"ListItem\",\"position\":1,\"name\":\"Home\",\"item\":\"https:\/\/tammetalu.eu\/en\/esileht-eng\/\"},{\"@type\":\"ListItem\",\"position\":2,\"name\":\"Shop\",\"item\":\"https:\/\/tammetalu.eu\/en\/shop\/\"},{\"@type\":\"ListItem\",\"position\":3,\"name\":\"Prantsuse estragon\"}]},{\"@type\":\"WebSite\",\"@id\":\"https:\/\/tammetalu.eu\/#website\",\"url\":\"https:\/\/tammetalu.eu\/\",\"name\":\"Tamme talu \u00fcrdiaed\",\"description\":\"K\u00e4sit\u00f6\u00f6na valmistatud tooted \u00fcrtidest, \u00fcrdiistikud, \u00fcrtide kollektsioonaed\",\"publisher\":{\"@id\":\"https:\/\/tammetalu.eu\/#organization\"},\"alternateName\":\"Tamme talu\",\"potentialAction\":[{\"@type\":\"SearchAction\",\"target\":{\"@type\":\"EntryPoint\",\"urlTemplate\":\"https:\/\/tammetalu.eu\/?s={search_term_string}\"},\"query-input\":{\"@type\":\"PropertyValueSpecification\",\"valueRequired\":true,\"valueName\":\"search_term_string\"}}],\"inLanguage\":\"en-US\"},{\"@type\":\"Organization\",\"@id\":\"https:\/\/tammetalu.eu\/#organization\",\"name\":\"Tamme talu \u00fcrdiaed\",\"alternateName\":\"Tamme talu\",\"url\":\"https:\/\/tammetalu.eu\/\",\"logo\":{\"@type\":\"ImageObject\",\"inLanguage\":\"en-US\",\"@id\":\"https:\/\/tammetalu.eu\/#\/schema\/logo\/image\/\",\"url\":\"https:\/\/tammetalu.eu\/wp-content\/uploads\/2025\/01\/Tamme_talu_urdiaed.png\",\"contentUrl\":\"https:\/\/tammetalu.eu\/wp-content\/uploads\/2025\/01\/Tamme_talu_urdiaed.png\",\"width\":560,\"height\":560,\"caption\":\"Tamme talu \u00fcrdiaed\"},\"image\":{\"@id\":\"https:\/\/tammetalu.eu\/#\/schema\/logo\/image\/\"},\"sameAs\":[\"https:\/\/www.facebook.com\/TammeTaluUrdiaed\/?locale=et_EE\",\"https:\/\/www.instagram.com\/tammetaluurdiaed\/\"]}]}<\/script>\n<!-- \/ Yoast SEO plugin. -->","yoast_head_json":{"title":"Prantsuse estragon - Tamme talu \u00fcrdiaed","description":"Kuni 1m k\u00f5rguseks kasvav kitsaste roheliste lehtedega taim. Aias kasvab tavalises kuivemapoolses v\u00f5i parasniiskes aiamullas p\u00e4ikeselises v\u00f5i poolvarjulises","robots":{"index":"index","follow":"follow","max-snippet":"max-snippet:-1","max-image-preview":"max-image-preview:large","max-video-preview":"max-video-preview:-1"},"canonical":"https:\/\/tammetalu.eu\/toode\/prantsuse-estragon\/","og_locale":"en_US","og_type":"article","og_title":"Prantsuse estragon - Tamme talu \u00fcrdiaed","og_description":"Kuni 1m k\u00f5rguseks kasvav kitsaste roheliste lehtedega taim. Aias kasvab tavalises kuivemapoolses v\u00f5i parasniiskes aiamullas p\u00e4ikeselises v\u00f5i poolvarjulises","og_url":"https:\/\/tammetalu.eu\/toode\/prantsuse-estragon\/","og_site_name":"Tamme talu \u00fcrdiaed","article_publisher":"https:\/\/www.facebook.com\/TammeTaluUrdiaed\/?locale=et_EE","article_modified_time":"2026-04-02T17:55:47+00:00","og_image":[{"width":1024,"height":835,"url":"https:\/\/tammetalu.eu\/wp-content\/uploads\/2022\/08\/Prantsuse_estragon-5.jpg","type":"image\/jpeg"}],"twitter_card":"summary_large_image","twitter_misc":{"Est. reading time":"1 minute"},"schema":{"@context":"https:\/\/schema.org","@graph":[{"@type":"WebPage","@id":"https:\/\/tammetalu.eu\/toode\/prantsuse-estragon\/","url":"https:\/\/tammetalu.eu\/toode\/prantsuse-estragon\/","name":"Prantsuse estragon - Tamme talu \u00fcrdiaed","isPartOf":{"@id":"https:\/\/tammetalu.eu\/#website"},"primaryImageOfPage":{"@id":"https:\/\/tammetalu.eu\/toode\/prantsuse-estragon\/#primaryimage"},"image":{"@id":"https:\/\/tammetalu.eu\/toode\/prantsuse-estragon\/#primaryimage"},"thumbnailUrl":"https:\/\/tammetalu.eu\/wp-content\/uploads\/2022\/08\/Prantsuse_estragon-5.jpg","datePublished":"2022-08-09T06:05:01+00:00","dateModified":"2026-04-02T17:55:47+00:00","description":"Kuni 1m k\u00f5rguseks kasvav kitsaste roheliste lehtedega taim. Aias kasvab tavalises kuivemapoolses v\u00f5i parasniiskes aiamullas p\u00e4ikeselises v\u00f5i poolvarjulises","breadcrumb":{"@id":"https:\/\/tammetalu.eu\/toode\/prantsuse-estragon\/#breadcrumb"},"inLanguage":"en-US","potentialAction":[{"@type":"ReadAction","target":["https:\/\/tammetalu.eu\/toode\/prantsuse-estragon\/"]}]},{"@type":"ImageObject","inLanguage":"en-US","@id":"https:\/\/tammetalu.eu\/toode\/prantsuse-estragon\/#primaryimage","url":"https:\/\/tammetalu.eu\/wp-content\/uploads\/2022\/08\/Prantsuse_estragon-5.jpg","contentUrl":"https:\/\/tammetalu.eu\/wp-content\/uploads\/2022\/08\/Prantsuse_estragon-5.jpg","width":1024,"height":835},{"@type":"BreadcrumbList","@id":"https:\/\/tammetalu.eu\/toode\/prantsuse-estragon\/#breadcrumb","itemListElement":[{"@type":"ListItem","position":1,"name":"Home","item":"https:\/\/tammetalu.eu\/en\/esileht-eng\/"},{"@type":"ListItem","position":2,"name":"Shop","item":"https:\/\/tammetalu.eu\/en\/shop\/"},{"@type":"ListItem","position":3,"name":"Prantsuse estragon"}]},{"@type":"WebSite","@id":"https:\/\/tammetalu.eu\/#website","url":"https:\/\/tammetalu.eu\/","name":"Tamme talu \u00fcrdiaed","description":"K\u00e4sit\u00f6\u00f6na valmistatud tooted \u00fcrtidest, \u00fcrdiistikud, \u00fcrtide kollektsioonaed","publisher":{"@id":"https:\/\/tammetalu.eu\/#organization"},"alternateName":"Tamme talu","potentialAction":[{"@type":"SearchAction","target":{"@type":"EntryPoint","urlTemplate":"https:\/\/tammetalu.eu\/?s={search_term_string}"},"query-input":{"@type":"PropertyValueSpecification","valueRequired":true,"valueName":"search_term_string"}}],"inLanguage":"en-US"},{"@type":"Organization","@id":"https:\/\/tammetalu.eu\/#organization","name":"Tamme talu \u00fcrdiaed","alternateName":"Tamme talu","url":"https:\/\/tammetalu.eu\/","logo":{"@type":"ImageObject","inLanguage":"en-US","@id":"https:\/\/tammetalu.eu\/#\/schema\/logo\/image\/","url":"https:\/\/tammetalu.eu\/wp-content\/uploads\/2025\/01\/Tamme_talu_urdiaed.png","contentUrl":"https:\/\/tammetalu.eu\/wp-content\/uploads\/2025\/01\/Tamme_talu_urdiaed.png","width":560,"height":560,"caption":"Tamme talu \u00fcrdiaed"},"image":{"@id":"https:\/\/tammetalu.eu\/#\/schema\/logo\/image\/"},"sameAs":["https:\/\/www.facebook.com\/TammeTaluUrdiaed\/?locale=et_EE","https:\/\/www.instagram.com\/tammetaluurdiaed\/"]}]}},"_links":{"self":[{"href":"https:\/\/tammetalu.eu\/en\/wp-json\/wp\/v2\/product\/15717","targetHints":{"allow":["GET"]}}],"collection":[{"href":"https:\/\/tammetalu.eu\/en\/wp-json\/wp\/v2\/product"}],"about":[{"href":"https:\/\/tammetalu.eu\/en\/wp-json\/wp\/v2\/types\/product"}],"wp:featuredmedia":[{"embeddable":true,"href":"https:\/\/tammetalu.eu\/en\/wp-json\/wp\/v2\/media\/15846"}],"wp:attachment":[{"href":"https:\/\/tammetalu.eu\/en\/wp-json\/wp\/v2\/media?parent=15717"}],"wp:term":[{"taxonomy":"product_brand","embeddable":true,"href":"https:\/\/tammetalu.eu\/en\/wp-json\/wp\/v2\/product_brand?post=15717"},{"taxonomy":"product_cat","embeddable":true,"href":"https:\/\/tammetalu.eu\/en\/wp-json\/wp\/v2\/product_cat?post=15717"},{"taxonomy":"product_tag","embeddable":true,"href":"https:\/\/tammetalu.eu\/en\/wp-json\/wp\/v2\/product_tag?post=15717"}],"curies":[{"name":"wp","href":"https:\/\/api.w.org\/{rel}","templated":true}]}}