{"id":15718,"date":"2022-08-09T09:05:01","date_gmt":"2022-08-09T06:05:01","guid":{"rendered":"https:\/\/tammetalu.eu?post_type=product&#038;p=15718"},"modified":"2026-02-02T15:14:58","modified_gmt":"2026-02-02T13:14:58","slug":"poosasbasiilik-magic-blue","status":"publish","type":"product","link":"https:\/\/tammetalu.eu\/en\/product\/poosasbasiilik-magic-blue\/","title":{"rendered":"P\u00f5\u00f5sasbasiilik &#8220;Magic Blue&#8221;"},"content":{"rendered":"","protected":false},"excerpt":{"rendered":"<p><em>Ocimum x hybrida<\/em><\/p>\n<p>Punakate leheroodudega ja tumeroheliste punase varjundiga lehtedega, tugeva kasvu ja pika \u00f5itsemisperioodiga v\u00e4ga dekoratiivne ja aromaatne basiilik. \u00d5isikud roosakaslillad ja v\u00e4ga kaunid. Basiilikutele sobib p\u00e4ikeseline kuni poolvarjuline tuulevaikne kasvukoht. Liigniiskust taimed ei talu. Basiilikud kasvavad tavalises h\u00e4sti vett l\u00e4bi laskvas aiamullas. Kindlasti tuleb taimi kaitsta \u00f6\u00f6k\u00fclmade eest. P\u00f5\u00f5sasbasiilikuid saab kasvatada r\u00f5dul v\u00f5i terrassil soolotaimedena. Poti suuruseks \u00fchele taimele peaks planeerima v\u00e4hemalt 20-25 cm l\u00e4bim\u00f5\u00f5duga poti. Ilusama kasvukuju saavutamiseks v\u00f5ib noortel taimedel v\u00f5rsetippe n\u00e4pistada. S\u00fcgisel v\u00f5ib katsetada taimi edasi kasvatada siseruumides. Valges, kuivas ja jahedas plusskraadidega talvitumiskohas saab kasvatada p\u00f5\u00f5sasbasiilikuid mitmeaastastena.<\/p>\n<p>Lehti ja \u00f5isi sobib kasutada nii soolastes kui magusates roogades ja maitsva tee valmistamiseks. Lehti sobib nii kuivatada kui k\u00fclmutada.<\/p>\n<p>&nbsp;<\/p>\n","protected":false},"featured_media":15850,"template":"","meta":{"_acf_changed":false,"_et_pb_use_builder":"","_et_pb_old_content":"","_et_gb_content_width":"","inline_featured_image":false},"product_brand":[],"product_cat":[186,193],"product_tag":[],"class_list":{"0":"post-15718","1":"product","2":"type-product","3":"status-publish","4":"has-post-thumbnail","6":"product_cat-maitse-ja-ravimtaimede-istikud","7":"product_cat-basiilikud","9":"first","10":"outofstock","11":"sale","12":"taxable","13":"shipping-taxable","14":"purchasable","15":"product-type-simple"},"acf":[],"yoast_head":"<!-- This site is optimized with the Yoast SEO plugin v26.4 - https:\/\/yoast.com\/wordpress\/plugins\/seo\/ -->\n<title>P\u00f5\u00f5sasbasiilik &quot;Magic Blue&quot; - Tamme talu \u00fcrdiaed<\/title>\n<meta name=\"description\" content=\"Punaseleheline, tugeva kasvu ja pika \u00f5itsemisperioodiga v\u00e4ga dekoratiivne ja aromaatne basiilik. \u00d5isikud roosakad lillad ja v\u00e4ga dekoratiivsed.\" \/>\n<meta name=\"robots\" content=\"index, follow, max-snippet:-1, max-image-preview:large, max-video-preview:-1\" \/>\n<link rel=\"canonical\" href=\"https:\/\/tammetalu.eu\/toode\/poosasbasiilik-magic-blue\/\" \/>\n<meta property=\"og:locale\" content=\"en_US\" \/>\n<meta property=\"og:type\" content=\"article\" \/>\n<meta property=\"og:title\" content=\"P\u00f5\u00f5sasbasiilik &quot;Magic Blue&quot; - Tamme talu \u00fcrdiaed\" \/>\n<meta property=\"og:description\" content=\"Punaseleheline, tugeva kasvu ja pika \u00f5itsemisperioodiga v\u00e4ga dekoratiivne ja aromaatne basiilik. \u00d5isikud roosakad lillad ja v\u00e4ga dekoratiivsed.\" \/>\n<meta property=\"og:url\" content=\"https:\/\/tammetalu.eu\/toode\/poosasbasiilik-magic-blue\/\" \/>\n<meta property=\"og:site_name\" content=\"Tamme talu \u00fcrdiaed\" \/>\n<meta property=\"article:publisher\" content=\"https:\/\/www.facebook.com\/TammeTaluUrdiaed\/?locale=et_EE\" \/>\n<meta property=\"article:modified_time\" content=\"2026-02-02T13:14:58+00:00\" \/>\n<meta property=\"og:image\" content=\"https:\/\/tammetalu.eu\/wp-content\/uploads\/2022\/08\/Poosasbasiilik_magic_blue-5.jpg\" \/>\n\t<meta property=\"og:image:width\" content=\"1024\" \/>\n\t<meta property=\"og:image:height\" content=\"940\" \/>\n\t<meta property=\"og:image:type\" content=\"image\/jpeg\" \/>\n<meta name=\"twitter:card\" content=\"summary_large_image\" \/>\n<meta name=\"twitter:label1\" content=\"Est. reading time\" \/>\n\t<meta name=\"twitter:data1\" content=\"1 minute\" \/>\n<script type=\"application\/ld+json\" class=\"yoast-schema-graph\">{\"@context\":\"https:\/\/schema.org\",\"@graph\":[{\"@type\":\"WebPage\",\"@id\":\"https:\/\/tammetalu.eu\/toode\/poosasbasiilik-magic-blue\/\",\"url\":\"https:\/\/tammetalu.eu\/toode\/poosasbasiilik-magic-blue\/\",\"name\":\"P\u00f5\u00f5sasbasiilik \\\"Magic Blue\\\" - Tamme talu \u00fcrdiaed\",\"isPartOf\":{\"@id\":\"https:\/\/tammetalu.eu\/#website\"},\"primaryImageOfPage\":{\"@id\":\"https:\/\/tammetalu.eu\/toode\/poosasbasiilik-magic-blue\/#primaryimage\"},\"image\":{\"@id\":\"https:\/\/tammetalu.eu\/toode\/poosasbasiilik-magic-blue\/#primaryimage\"},\"thumbnailUrl\":\"https:\/\/tammetalu.eu\/wp-content\/uploads\/2022\/08\/Poosasbasiilik_magic_blue-5.jpg\",\"datePublished\":\"2022-08-09T06:05:01+00:00\",\"dateModified\":\"2026-02-02T13:14:58+00:00\",\"description\":\"Punaseleheline, tugeva kasvu ja pika \u00f5itsemisperioodiga v\u00e4ga dekoratiivne ja aromaatne basiilik. \u00d5isikud roosakad lillad ja v\u00e4ga dekoratiivsed.\",\"breadcrumb\":{\"@id\":\"https:\/\/tammetalu.eu\/toode\/poosasbasiilik-magic-blue\/#breadcrumb\"},\"inLanguage\":\"en-US\",\"potentialAction\":[{\"@type\":\"ReadAction\",\"target\":[\"https:\/\/tammetalu.eu\/toode\/poosasbasiilik-magic-blue\/\"]}]},{\"@type\":\"ImageObject\",\"inLanguage\":\"en-US\",\"@id\":\"https:\/\/tammetalu.eu\/toode\/poosasbasiilik-magic-blue\/#primaryimage\",\"url\":\"https:\/\/tammetalu.eu\/wp-content\/uploads\/2022\/08\/Poosasbasiilik_magic_blue-5.jpg\",\"contentUrl\":\"https:\/\/tammetalu.eu\/wp-content\/uploads\/2022\/08\/Poosasbasiilik_magic_blue-5.jpg\",\"width\":1024,\"height\":940},{\"@type\":\"BreadcrumbList\",\"@id\":\"https:\/\/tammetalu.eu\/toode\/poosasbasiilik-magic-blue\/#breadcrumb\",\"itemListElement\":[{\"@type\":\"ListItem\",\"position\":1,\"name\":\"Home\",\"item\":\"https:\/\/tammetalu.eu\/en\/esileht-eng\/\"},{\"@type\":\"ListItem\",\"position\":2,\"name\":\"Shop\",\"item\":\"https:\/\/tammetalu.eu\/en\/shop\/\"},{\"@type\":\"ListItem\",\"position\":3,\"name\":\"P\u00f5\u00f5sasbasiilik &#8220;Magic Blue&#8221;\"}]},{\"@type\":\"WebSite\",\"@id\":\"https:\/\/tammetalu.eu\/#website\",\"url\":\"https:\/\/tammetalu.eu\/\",\"name\":\"Tamme talu \u00fcrdiaed\",\"description\":\"K\u00e4sit\u00f6\u00f6na valmistatud tooted \u00fcrtidest, \u00fcrdiistikud, \u00fcrtide kollektsioonaed\",\"publisher\":{\"@id\":\"https:\/\/tammetalu.eu\/#organization\"},\"alternateName\":\"Tamme talu\",\"potentialAction\":[{\"@type\":\"SearchAction\",\"target\":{\"@type\":\"EntryPoint\",\"urlTemplate\":\"https:\/\/tammetalu.eu\/?s={search_term_string}\"},\"query-input\":{\"@type\":\"PropertyValueSpecification\",\"valueRequired\":true,\"valueName\":\"search_term_string\"}}],\"inLanguage\":\"en-US\"},{\"@type\":\"Organization\",\"@id\":\"https:\/\/tammetalu.eu\/#organization\",\"name\":\"Tamme talu \u00fcrdiaed\",\"alternateName\":\"Tamme talu\",\"url\":\"https:\/\/tammetalu.eu\/\",\"logo\":{\"@type\":\"ImageObject\",\"inLanguage\":\"en-US\",\"@id\":\"https:\/\/tammetalu.eu\/#\/schema\/logo\/image\/\",\"url\":\"https:\/\/tammetalu.eu\/wp-content\/uploads\/2025\/01\/Tamme_talu_urdiaed.png\",\"contentUrl\":\"https:\/\/tammetalu.eu\/wp-content\/uploads\/2025\/01\/Tamme_talu_urdiaed.png\",\"width\":560,\"height\":560,\"caption\":\"Tamme talu \u00fcrdiaed\"},\"image\":{\"@id\":\"https:\/\/tammetalu.eu\/#\/schema\/logo\/image\/\"},\"sameAs\":[\"https:\/\/www.facebook.com\/TammeTaluUrdiaed\/?locale=et_EE\",\"https:\/\/www.instagram.com\/tammetaluurdiaed\/\"]}]}<\/script>\n<!-- \/ Yoast SEO plugin. -->","yoast_head_json":{"title":"P\u00f5\u00f5sasbasiilik \"Magic Blue\" - Tamme talu \u00fcrdiaed","description":"Punaseleheline, tugeva kasvu ja pika \u00f5itsemisperioodiga v\u00e4ga dekoratiivne ja aromaatne basiilik. \u00d5isikud roosakad lillad ja v\u00e4ga dekoratiivsed.","robots":{"index":"index","follow":"follow","max-snippet":"max-snippet:-1","max-image-preview":"max-image-preview:large","max-video-preview":"max-video-preview:-1"},"canonical":"https:\/\/tammetalu.eu\/toode\/poosasbasiilik-magic-blue\/","og_locale":"en_US","og_type":"article","og_title":"P\u00f5\u00f5sasbasiilik \"Magic Blue\" - Tamme talu \u00fcrdiaed","og_description":"Punaseleheline, tugeva kasvu ja pika \u00f5itsemisperioodiga v\u00e4ga dekoratiivne ja aromaatne basiilik. \u00d5isikud roosakad lillad ja v\u00e4ga dekoratiivsed.","og_url":"https:\/\/tammetalu.eu\/toode\/poosasbasiilik-magic-blue\/","og_site_name":"Tamme talu \u00fcrdiaed","article_publisher":"https:\/\/www.facebook.com\/TammeTaluUrdiaed\/?locale=et_EE","article_modified_time":"2026-02-02T13:14:58+00:00","og_image":[{"width":1024,"height":940,"url":"https:\/\/tammetalu.eu\/wp-content\/uploads\/2022\/08\/Poosasbasiilik_magic_blue-5.jpg","type":"image\/jpeg"}],"twitter_card":"summary_large_image","twitter_misc":{"Est. reading time":"1 minute"},"schema":{"@context":"https:\/\/schema.org","@graph":[{"@type":"WebPage","@id":"https:\/\/tammetalu.eu\/toode\/poosasbasiilik-magic-blue\/","url":"https:\/\/tammetalu.eu\/toode\/poosasbasiilik-magic-blue\/","name":"P\u00f5\u00f5sasbasiilik \"Magic Blue\" - Tamme talu \u00fcrdiaed","isPartOf":{"@id":"https:\/\/tammetalu.eu\/#website"},"primaryImageOfPage":{"@id":"https:\/\/tammetalu.eu\/toode\/poosasbasiilik-magic-blue\/#primaryimage"},"image":{"@id":"https:\/\/tammetalu.eu\/toode\/poosasbasiilik-magic-blue\/#primaryimage"},"thumbnailUrl":"https:\/\/tammetalu.eu\/wp-content\/uploads\/2022\/08\/Poosasbasiilik_magic_blue-5.jpg","datePublished":"2022-08-09T06:05:01+00:00","dateModified":"2026-02-02T13:14:58+00:00","description":"Punaseleheline, tugeva kasvu ja pika \u00f5itsemisperioodiga v\u00e4ga dekoratiivne ja aromaatne basiilik. \u00d5isikud roosakad lillad ja v\u00e4ga dekoratiivsed.","breadcrumb":{"@id":"https:\/\/tammetalu.eu\/toode\/poosasbasiilik-magic-blue\/#breadcrumb"},"inLanguage":"en-US","potentialAction":[{"@type":"ReadAction","target":["https:\/\/tammetalu.eu\/toode\/poosasbasiilik-magic-blue\/"]}]},{"@type":"ImageObject","inLanguage":"en-US","@id":"https:\/\/tammetalu.eu\/toode\/poosasbasiilik-magic-blue\/#primaryimage","url":"https:\/\/tammetalu.eu\/wp-content\/uploads\/2022\/08\/Poosasbasiilik_magic_blue-5.jpg","contentUrl":"https:\/\/tammetalu.eu\/wp-content\/uploads\/2022\/08\/Poosasbasiilik_magic_blue-5.jpg","width":1024,"height":940},{"@type":"BreadcrumbList","@id":"https:\/\/tammetalu.eu\/toode\/poosasbasiilik-magic-blue\/#breadcrumb","itemListElement":[{"@type":"ListItem","position":1,"name":"Home","item":"https:\/\/tammetalu.eu\/en\/esileht-eng\/"},{"@type":"ListItem","position":2,"name":"Shop","item":"https:\/\/tammetalu.eu\/en\/shop\/"},{"@type":"ListItem","position":3,"name":"P\u00f5\u00f5sasbasiilik &#8220;Magic Blue&#8221;"}]},{"@type":"WebSite","@id":"https:\/\/tammetalu.eu\/#website","url":"https:\/\/tammetalu.eu\/","name":"Tamme talu \u00fcrdiaed","description":"K\u00e4sit\u00f6\u00f6na valmistatud tooted \u00fcrtidest, \u00fcrdiistikud, \u00fcrtide kollektsioonaed","publisher":{"@id":"https:\/\/tammetalu.eu\/#organization"},"alternateName":"Tamme talu","potentialAction":[{"@type":"SearchAction","target":{"@type":"EntryPoint","urlTemplate":"https:\/\/tammetalu.eu\/?s={search_term_string}"},"query-input":{"@type":"PropertyValueSpecification","valueRequired":true,"valueName":"search_term_string"}}],"inLanguage":"en-US"},{"@type":"Organization","@id":"https:\/\/tammetalu.eu\/#organization","name":"Tamme talu \u00fcrdiaed","alternateName":"Tamme talu","url":"https:\/\/tammetalu.eu\/","logo":{"@type":"ImageObject","inLanguage":"en-US","@id":"https:\/\/tammetalu.eu\/#\/schema\/logo\/image\/","url":"https:\/\/tammetalu.eu\/wp-content\/uploads\/2025\/01\/Tamme_talu_urdiaed.png","contentUrl":"https:\/\/tammetalu.eu\/wp-content\/uploads\/2025\/01\/Tamme_talu_urdiaed.png","width":560,"height":560,"caption":"Tamme talu \u00fcrdiaed"},"image":{"@id":"https:\/\/tammetalu.eu\/#\/schema\/logo\/image\/"},"sameAs":["https:\/\/www.facebook.com\/TammeTaluUrdiaed\/?locale=et_EE","https:\/\/www.instagram.com\/tammetaluurdiaed\/"]}]}},"_links":{"self":[{"href":"https:\/\/tammetalu.eu\/en\/wp-json\/wp\/v2\/product\/15718","targetHints":{"allow":["GET"]}}],"collection":[{"href":"https:\/\/tammetalu.eu\/en\/wp-json\/wp\/v2\/product"}],"about":[{"href":"https:\/\/tammetalu.eu\/en\/wp-json\/wp\/v2\/types\/product"}],"wp:featuredmedia":[{"embeddable":true,"href":"https:\/\/tammetalu.eu\/en\/wp-json\/wp\/v2\/media\/15850"}],"wp:attachment":[{"href":"https:\/\/tammetalu.eu\/en\/wp-json\/wp\/v2\/media?parent=15718"}],"wp:term":[{"taxonomy":"product_brand","embeddable":true,"href":"https:\/\/tammetalu.eu\/en\/wp-json\/wp\/v2\/product_brand?post=15718"},{"taxonomy":"product_cat","embeddable":true,"href":"https:\/\/tammetalu.eu\/en\/wp-json\/wp\/v2\/product_cat?post=15718"},{"taxonomy":"product_tag","embeddable":true,"href":"https:\/\/tammetalu.eu\/en\/wp-json\/wp\/v2\/product_tag?post=15718"}],"curies":[{"name":"wp","href":"https:\/\/api.w.org\/{rel}","templated":true}]}}