{"id":15721,"date":"2022-08-09T09:05:02","date_gmt":"2022-08-09T06:05:02","guid":{"rendered":"https:\/\/tammetalu.eu?post_type=product&#038;p=15721"},"modified":"2026-04-21T22:25:50","modified_gmt":"2026-04-21T19:25:50","slug":"tahklavendel-hidcote","status":"publish","type":"product","link":"https:\/\/tammetalu.eu\/en\/product\/tahklavendel-hidcote\/","title":{"rendered":"T\u00e4hklavendel &#8220;Hidcote Blue&#8221;"},"content":{"rendered":"","protected":false},"excerpt":{"rendered":"<p><em>Lavandula angustifolia<\/em> S\u00fcgavsiniste \u00f5isikute ja sinakashalli lehestikuga v\u00e4ga aromaatsete lehtede ja \u00f5itega p\u00fcsik. \u00d5itseb v\u00e4ga varakult. Kasvab kuivas ja parasniiskes kruusaseguses mullas. Lumeta talvel on soovitav katta kuiva turba v\u00f5i puulehtedega. Kevadel on soovitav taime k\u00e4rpida. Sobib tee valmistamiseks, magusroogadesse, l\u00f5hnakimpudesse ja l\u00f5hnapatjadesse. Aroom on rahustava toimega.\u00a0<\/p>\n<p>K\u00f5rgus: 0,4 &#8211; 0,5 m<\/p>\n","protected":false},"featured_media":18213,"template":"","meta":{"_acf_changed":false,"_et_pb_use_builder":"","_et_pb_old_content":"","_et_gb_content_width":"","inline_featured_image":false},"product_brand":[],"product_cat":[186,202],"product_tag":[],"class_list":{"0":"post-15721","1":"product","2":"type-product","3":"status-publish","4":"has-post-thumbnail","6":"product_cat-maitse-ja-ravimtaimede-istikud","7":"product_cat-lavendlid","9":"first","10":"instock","11":"sale","12":"taxable","13":"shipping-taxable","14":"purchasable","15":"product-type-simple"},"acf":[],"yoast_head":"<!-- This site is optimized with the Yoast SEO plugin v26.4 - https:\/\/yoast.com\/wordpress\/plugins\/seo\/ -->\n<title>T\u00e4hklavendel &quot;Hidcote Blue&quot; - Tamme talu \u00fcrdiaed<\/title>\n<meta name=\"description\" content=\"S\u00fcgavsiniste \u00f5isikute ja sinakashalli lehestikuga v\u00e4ga aromaatsete lehtede ja \u00f5itega p\u00fcsik. Kasvab kuivas ja parasniiskes kruusaseguses mullas.\" \/>\n<meta name=\"robots\" content=\"index, follow, max-snippet:-1, max-image-preview:large, max-video-preview:-1\" \/>\n<link rel=\"canonical\" href=\"https:\/\/tammetalu.eu\/toode\/tahklavendel-hidcote\/\" \/>\n<meta property=\"og:locale\" content=\"en_US\" \/>\n<meta property=\"og:type\" content=\"article\" \/>\n<meta property=\"og:title\" content=\"T\u00e4hklavendel &quot;Hidcote Blue&quot; - Tamme talu \u00fcrdiaed\" \/>\n<meta property=\"og:description\" content=\"S\u00fcgavsiniste \u00f5isikute ja sinakashalli lehestikuga v\u00e4ga aromaatsete lehtede ja \u00f5itega p\u00fcsik. Kasvab kuivas ja parasniiskes kruusaseguses mullas.\" \/>\n<meta property=\"og:url\" content=\"https:\/\/tammetalu.eu\/toode\/tahklavendel-hidcote\/\" \/>\n<meta property=\"og:site_name\" content=\"Tamme talu \u00fcrdiaed\" \/>\n<meta property=\"article:publisher\" content=\"https:\/\/www.facebook.com\/TammeTaluUrdiaed\/?locale=et_EE\" \/>\n<meta property=\"article:modified_time\" content=\"2026-04-21T19:25:50+00:00\" \/>\n<meta property=\"og:image\" content=\"https:\/\/tammetalu.eu\/wp-content\/uploads\/2022\/08\/Tahklavendel-lavandula-angustifolia-hidcote-blue-tamme-talu-urdiaed.jpg\" \/>\n\t<meta property=\"og:image:width\" content=\"800\" \/>\n\t<meta property=\"og:image:height\" content=\"600\" \/>\n\t<meta property=\"og:image:type\" content=\"image\/jpeg\" \/>\n<meta name=\"twitter:card\" content=\"summary_large_image\" \/>\n<meta name=\"twitter:label1\" content=\"Est. reading time\" \/>\n\t<meta name=\"twitter:data1\" content=\"1 minute\" \/>\n<script type=\"application\/ld+json\" class=\"yoast-schema-graph\">{\"@context\":\"https:\/\/schema.org\",\"@graph\":[{\"@type\":\"WebPage\",\"@id\":\"https:\/\/tammetalu.eu\/toode\/tahklavendel-hidcote\/\",\"url\":\"https:\/\/tammetalu.eu\/toode\/tahklavendel-hidcote\/\",\"name\":\"T\u00e4hklavendel \\\"Hidcote Blue\\\" - Tamme talu \u00fcrdiaed\",\"isPartOf\":{\"@id\":\"https:\/\/tammetalu.eu\/#website\"},\"primaryImageOfPage\":{\"@id\":\"https:\/\/tammetalu.eu\/toode\/tahklavendel-hidcote\/#primaryimage\"},\"image\":{\"@id\":\"https:\/\/tammetalu.eu\/toode\/tahklavendel-hidcote\/#primaryimage\"},\"thumbnailUrl\":\"https:\/\/tammetalu.eu\/wp-content\/uploads\/2022\/08\/Tahklavendel-lavandula-angustifolia-hidcote-blue-tamme-talu-urdiaed.jpg\",\"datePublished\":\"2022-08-09T06:05:02+00:00\",\"dateModified\":\"2026-04-21T19:25:50+00:00\",\"description\":\"S\u00fcgavsiniste \u00f5isikute ja sinakashalli lehestikuga v\u00e4ga aromaatsete lehtede ja \u00f5itega p\u00fcsik. Kasvab kuivas ja parasniiskes kruusaseguses mullas.\",\"breadcrumb\":{\"@id\":\"https:\/\/tammetalu.eu\/toode\/tahklavendel-hidcote\/#breadcrumb\"},\"inLanguage\":\"en-US\",\"potentialAction\":[{\"@type\":\"ReadAction\",\"target\":[\"https:\/\/tammetalu.eu\/toode\/tahklavendel-hidcote\/\"]}]},{\"@type\":\"ImageObject\",\"inLanguage\":\"en-US\",\"@id\":\"https:\/\/tammetalu.eu\/toode\/tahklavendel-hidcote\/#primaryimage\",\"url\":\"https:\/\/tammetalu.eu\/wp-content\/uploads\/2022\/08\/Tahklavendel-lavandula-angustifolia-hidcote-blue-tamme-talu-urdiaed.jpg\",\"contentUrl\":\"https:\/\/tammetalu.eu\/wp-content\/uploads\/2022\/08\/Tahklavendel-lavandula-angustifolia-hidcote-blue-tamme-talu-urdiaed.jpg\",\"width\":800,\"height\":600,\"caption\":\"Tahklavendel-lavandula-angustifolia-hidcote-blue-tamme-talu-urdiaed\"},{\"@type\":\"BreadcrumbList\",\"@id\":\"https:\/\/tammetalu.eu\/toode\/tahklavendel-hidcote\/#breadcrumb\",\"itemListElement\":[{\"@type\":\"ListItem\",\"position\":1,\"name\":\"Home\",\"item\":\"https:\/\/tammetalu.eu\/en\/esileht-eng\/\"},{\"@type\":\"ListItem\",\"position\":2,\"name\":\"Shop\",\"item\":\"https:\/\/tammetalu.eu\/en\/shop\/\"},{\"@type\":\"ListItem\",\"position\":3,\"name\":\"T\u00e4hklavendel &#8220;Hidcote Blue&#8221;\"}]},{\"@type\":\"WebSite\",\"@id\":\"https:\/\/tammetalu.eu\/#website\",\"url\":\"https:\/\/tammetalu.eu\/\",\"name\":\"Tamme talu \u00fcrdiaed\",\"description\":\"K\u00e4sit\u00f6\u00f6na valmistatud tooted \u00fcrtidest, \u00fcrdiistikud, \u00fcrtide kollektsioonaed\",\"publisher\":{\"@id\":\"https:\/\/tammetalu.eu\/#organization\"},\"alternateName\":\"Tamme talu\",\"potentialAction\":[{\"@type\":\"SearchAction\",\"target\":{\"@type\":\"EntryPoint\",\"urlTemplate\":\"https:\/\/tammetalu.eu\/?s={search_term_string}\"},\"query-input\":{\"@type\":\"PropertyValueSpecification\",\"valueRequired\":true,\"valueName\":\"search_term_string\"}}],\"inLanguage\":\"en-US\"},{\"@type\":\"Organization\",\"@id\":\"https:\/\/tammetalu.eu\/#organization\",\"name\":\"Tamme talu \u00fcrdiaed\",\"alternateName\":\"Tamme talu\",\"url\":\"https:\/\/tammetalu.eu\/\",\"logo\":{\"@type\":\"ImageObject\",\"inLanguage\":\"en-US\",\"@id\":\"https:\/\/tammetalu.eu\/#\/schema\/logo\/image\/\",\"url\":\"https:\/\/tammetalu.eu\/wp-content\/uploads\/2025\/01\/Tamme_talu_urdiaed.png\",\"contentUrl\":\"https:\/\/tammetalu.eu\/wp-content\/uploads\/2025\/01\/Tamme_talu_urdiaed.png\",\"width\":560,\"height\":560,\"caption\":\"Tamme talu \u00fcrdiaed\"},\"image\":{\"@id\":\"https:\/\/tammetalu.eu\/#\/schema\/logo\/image\/\"},\"sameAs\":[\"https:\/\/www.facebook.com\/TammeTaluUrdiaed\/?locale=et_EE\",\"https:\/\/www.instagram.com\/tammetaluurdiaed\/\"]}]}<\/script>\n<!-- \/ Yoast SEO plugin. -->","yoast_head_json":{"title":"T\u00e4hklavendel \"Hidcote Blue\" - Tamme talu \u00fcrdiaed","description":"S\u00fcgavsiniste \u00f5isikute ja sinakashalli lehestikuga v\u00e4ga aromaatsete lehtede ja \u00f5itega p\u00fcsik. Kasvab kuivas ja parasniiskes kruusaseguses mullas.","robots":{"index":"index","follow":"follow","max-snippet":"max-snippet:-1","max-image-preview":"max-image-preview:large","max-video-preview":"max-video-preview:-1"},"canonical":"https:\/\/tammetalu.eu\/toode\/tahklavendel-hidcote\/","og_locale":"en_US","og_type":"article","og_title":"T\u00e4hklavendel \"Hidcote Blue\" - Tamme talu \u00fcrdiaed","og_description":"S\u00fcgavsiniste \u00f5isikute ja sinakashalli lehestikuga v\u00e4ga aromaatsete lehtede ja \u00f5itega p\u00fcsik. Kasvab kuivas ja parasniiskes kruusaseguses mullas.","og_url":"https:\/\/tammetalu.eu\/toode\/tahklavendel-hidcote\/","og_site_name":"Tamme talu \u00fcrdiaed","article_publisher":"https:\/\/www.facebook.com\/TammeTaluUrdiaed\/?locale=et_EE","article_modified_time":"2026-04-21T19:25:50+00:00","og_image":[{"width":800,"height":600,"url":"https:\/\/tammetalu.eu\/wp-content\/uploads\/2022\/08\/Tahklavendel-lavandula-angustifolia-hidcote-blue-tamme-talu-urdiaed.jpg","type":"image\/jpeg"}],"twitter_card":"summary_large_image","twitter_misc":{"Est. reading time":"1 minute"},"schema":{"@context":"https:\/\/schema.org","@graph":[{"@type":"WebPage","@id":"https:\/\/tammetalu.eu\/toode\/tahklavendel-hidcote\/","url":"https:\/\/tammetalu.eu\/toode\/tahklavendel-hidcote\/","name":"T\u00e4hklavendel \"Hidcote Blue\" - Tamme talu \u00fcrdiaed","isPartOf":{"@id":"https:\/\/tammetalu.eu\/#website"},"primaryImageOfPage":{"@id":"https:\/\/tammetalu.eu\/toode\/tahklavendel-hidcote\/#primaryimage"},"image":{"@id":"https:\/\/tammetalu.eu\/toode\/tahklavendel-hidcote\/#primaryimage"},"thumbnailUrl":"https:\/\/tammetalu.eu\/wp-content\/uploads\/2022\/08\/Tahklavendel-lavandula-angustifolia-hidcote-blue-tamme-talu-urdiaed.jpg","datePublished":"2022-08-09T06:05:02+00:00","dateModified":"2026-04-21T19:25:50+00:00","description":"S\u00fcgavsiniste \u00f5isikute ja sinakashalli lehestikuga v\u00e4ga aromaatsete lehtede ja \u00f5itega p\u00fcsik. Kasvab kuivas ja parasniiskes kruusaseguses mullas.","breadcrumb":{"@id":"https:\/\/tammetalu.eu\/toode\/tahklavendel-hidcote\/#breadcrumb"},"inLanguage":"en-US","potentialAction":[{"@type":"ReadAction","target":["https:\/\/tammetalu.eu\/toode\/tahklavendel-hidcote\/"]}]},{"@type":"ImageObject","inLanguage":"en-US","@id":"https:\/\/tammetalu.eu\/toode\/tahklavendel-hidcote\/#primaryimage","url":"https:\/\/tammetalu.eu\/wp-content\/uploads\/2022\/08\/Tahklavendel-lavandula-angustifolia-hidcote-blue-tamme-talu-urdiaed.jpg","contentUrl":"https:\/\/tammetalu.eu\/wp-content\/uploads\/2022\/08\/Tahklavendel-lavandula-angustifolia-hidcote-blue-tamme-talu-urdiaed.jpg","width":800,"height":600,"caption":"Tahklavendel-lavandula-angustifolia-hidcote-blue-tamme-talu-urdiaed"},{"@type":"BreadcrumbList","@id":"https:\/\/tammetalu.eu\/toode\/tahklavendel-hidcote\/#breadcrumb","itemListElement":[{"@type":"ListItem","position":1,"name":"Home","item":"https:\/\/tammetalu.eu\/en\/esileht-eng\/"},{"@type":"ListItem","position":2,"name":"Shop","item":"https:\/\/tammetalu.eu\/en\/shop\/"},{"@type":"ListItem","position":3,"name":"T\u00e4hklavendel &#8220;Hidcote Blue&#8221;"}]},{"@type":"WebSite","@id":"https:\/\/tammetalu.eu\/#website","url":"https:\/\/tammetalu.eu\/","name":"Tamme talu \u00fcrdiaed","description":"K\u00e4sit\u00f6\u00f6na valmistatud tooted \u00fcrtidest, \u00fcrdiistikud, \u00fcrtide kollektsioonaed","publisher":{"@id":"https:\/\/tammetalu.eu\/#organization"},"alternateName":"Tamme talu","potentialAction":[{"@type":"SearchAction","target":{"@type":"EntryPoint","urlTemplate":"https:\/\/tammetalu.eu\/?s={search_term_string}"},"query-input":{"@type":"PropertyValueSpecification","valueRequired":true,"valueName":"search_term_string"}}],"inLanguage":"en-US"},{"@type":"Organization","@id":"https:\/\/tammetalu.eu\/#organization","name":"Tamme talu \u00fcrdiaed","alternateName":"Tamme talu","url":"https:\/\/tammetalu.eu\/","logo":{"@type":"ImageObject","inLanguage":"en-US","@id":"https:\/\/tammetalu.eu\/#\/schema\/logo\/image\/","url":"https:\/\/tammetalu.eu\/wp-content\/uploads\/2025\/01\/Tamme_talu_urdiaed.png","contentUrl":"https:\/\/tammetalu.eu\/wp-content\/uploads\/2025\/01\/Tamme_talu_urdiaed.png","width":560,"height":560,"caption":"Tamme talu \u00fcrdiaed"},"image":{"@id":"https:\/\/tammetalu.eu\/#\/schema\/logo\/image\/"},"sameAs":["https:\/\/www.facebook.com\/TammeTaluUrdiaed\/?locale=et_EE","https:\/\/www.instagram.com\/tammetaluurdiaed\/"]}]}},"_links":{"self":[{"href":"https:\/\/tammetalu.eu\/en\/wp-json\/wp\/v2\/product\/15721","targetHints":{"allow":["GET"]}}],"collection":[{"href":"https:\/\/tammetalu.eu\/en\/wp-json\/wp\/v2\/product"}],"about":[{"href":"https:\/\/tammetalu.eu\/en\/wp-json\/wp\/v2\/types\/product"}],"wp:featuredmedia":[{"embeddable":true,"href":"https:\/\/tammetalu.eu\/en\/wp-json\/wp\/v2\/media\/18213"}],"wp:attachment":[{"href":"https:\/\/tammetalu.eu\/en\/wp-json\/wp\/v2\/media?parent=15721"}],"wp:term":[{"taxonomy":"product_brand","embeddable":true,"href":"https:\/\/tammetalu.eu\/en\/wp-json\/wp\/v2\/product_brand?post=15721"},{"taxonomy":"product_cat","embeddable":true,"href":"https:\/\/tammetalu.eu\/en\/wp-json\/wp\/v2\/product_cat?post=15721"},{"taxonomy":"product_tag","embeddable":true,"href":"https:\/\/tammetalu.eu\/en\/wp-json\/wp\/v2\/product_tag?post=15721"}],"curies":[{"name":"wp","href":"https:\/\/api.w.org\/{rel}","templated":true}]}}