{"id":15776,"date":"2022-08-09T09:05:30","date_gmt":"2022-08-09T06:05:30","guid":{"rendered":"https:\/\/tammetalu.eu?post_type=product&#038;p=15776"},"modified":"2026-02-02T15:14:58","modified_gmt":"2026-02-02T13:14:58","slug":"lohnapelargoon-odorata-perfume","status":"publish","type":"product","link":"https:\/\/tammetalu.eu\/en\/product\/lohnapelargoon-odorata-perfume\/","title":{"rendered":"L\u00f5hnapelargoon \u201eOdorata Perfume\u201c"},"content":{"rendered":"","protected":false},"excerpt":{"rendered":"<p><em>Pelargonium x species<\/em><\/p>\n<p>L\u00f5hnapelargoon \u201eOdorata Perfume\u201c on kaunite roosakas-veinipunaste \u00f5ite ja sakiliste lehtedega. L\u00f5hnapelargoon on karedate heleroheliste lehtede ja roosakasvalgete \u00f5itega\u00a0 mitmeaastane\u00a0 l\u00f5hna-, maitse- ja ilutaim, mille lehed eritavad puudutamisel sidruni aroomi. Kasvamiseks vajab taim valget ja kuiva kasvukohta ning m\u00f5\u00f5dukat kastmist.<\/p>\n<p>L\u00f5hnapelargoonid eelistavad kasvamiseks p\u00e4ikesepaistelist ja sooja kohta ja kuivemat mulda. Taimedele meeldib v\u00e4ga kuiv ja kuum ilm. Suveks v\u00f5ib taimed julgesti \u00f5ue t\u00f5sta, kuid soovitav on, et taimed ei j\u00e4\u00e4ks pikaks ajaks vihma k\u00e4tte.<\/p>\n<p>L\u00f5hnapelargoonid talvituvad rahuldavalt valges ja jahedamas siseruumis. Kevadel veebruari l\u00f5pus-m\u00e4rtsis vajavad l\u00f5hnapelargoonid tugevat tagasil\u00f5ikust, kuna taimede kevadine k\u00e4rpimine aitab edendada tugevamat kasvu ning rohkemat \u00f5itsemist.<\/p>\n<p>Hoolduse k\u00e4igus tuleks eemaldada k\u00f5ik surnud v\u00f5i kahjustatud osad ning vajadusel tagasi l\u00f5igata ka liigseid noori v\u00f5rseid, see soodustab taimede kaharamat kasvu.<\/p>\n<ol>\n<li>Kastmine: Kasta regulaarselt, kuid hoia muld veidi kuivemapoolne. V\u00e4ldi liigset kastmist, eriti talvel.<\/li>\n<li>P\u00fcgamine: Regulaarne p\u00fcgamine aitab l\u00f5hnapelargoonidel hargneda ja \u00f5itsemist soodustada. Eemalda n\u00e4rtsinud \u00f5ied ja k\u00e4rbi v\u00f5rseid, et tagada tihedam kasv. Kui soovid, et taimed \u00f5itseksid rikkalikult, siis tuleba arvestada, et l\u00f5hnapelargoonil moodustuvad \u00f5isikud v\u00f5rse tippudes.<\/li>\n<li>V\u00e4etamine: Kasvuperioodil v\u00f5id anda regulaarselt v\u00e4etist vastavalt pakendil olevatele juhenditele.<\/li>\n<\/ol>\n<p>L\u00f5hnapelargooni sordi &#8220;Odorata Perfume&#8221; meeldivalt sidruni l\u00f5hnalisi lehti kasutatakse eesk\u00e4tt\u00a0 magusroogade ja jookide maitsestamiseks. Lehtede puudutamisel vallanduv aromaatne l\u00f5hn leevendab stressi ja v\u00e4simust ning puhastab toa\u00f5hku. Taime aroom m\u00f5jub peletavalt erinevatele lendavatele putukatele. \u00a0<\/p>\n<p>L\u00f5hnapelargoonide kasvatamise ja kasutamise kohta loe rohkem <span style=\"color: #008000\"><a style=\"color: #008000\" href=\"https:\/\/tammetalu.eu\/kuidas-kasvatada-ja-kasutada-lohnavaid-pelargoone\/\">Tamme talu \u00fcrdiaia blogist<\/a><\/span>.<\/p>\n","protected":false},"featured_media":15886,"template":"","meta":{"_acf_changed":false,"_et_pb_use_builder":"","_et_pb_old_content":"","_et_gb_content_width":"","inline_featured_image":false},"product_brand":[],"product_cat":[186,199],"product_tag":[],"class_list":{"0":"post-15776","1":"product","2":"type-product","3":"status-publish","4":"has-post-thumbnail","6":"product_cat-maitse-ja-ravimtaimede-istikud","7":"product_cat-lohnapelargoonid","9":"first","10":"outofstock","11":"sale","12":"taxable","13":"shipping-taxable","14":"purchasable","15":"product-type-simple"},"acf":[],"yoast_head":"<!-- This site is optimized with the Yoast SEO plugin v26.4 - https:\/\/yoast.com\/wordpress\/plugins\/seo\/ -->\n<title>L\u00f5hnapelargoon \u201eOdorata Perfume\u201c - Tamme talu \u00fcrdiaed<\/title>\n<meta name=\"description\" content=\"Sordil on kaunid roosa-veinipunased \u00f5ied. Sobib kasvatada r\u00f5dul, terrassil ja toas potitaimena. Kasvamiseks vajab valget ja kuiva kasvukohta.\" \/>\n<meta name=\"robots\" content=\"index, follow, max-snippet:-1, max-image-preview:large, max-video-preview:-1\" \/>\n<link rel=\"canonical\" href=\"https:\/\/tammetalu.eu\/toode\/lohnapelargoon-odorata-perfume\/\" \/>\n<meta property=\"og:locale\" content=\"en_US\" \/>\n<meta property=\"og:type\" content=\"article\" \/>\n<meta property=\"og:title\" content=\"L\u00f5hnapelargoon \u201eOdorata Perfume\u201c - Tamme talu \u00fcrdiaed\" \/>\n<meta property=\"og:description\" content=\"Sordil on kaunid roosa-veinipunased \u00f5ied. Sobib kasvatada r\u00f5dul, terrassil ja toas potitaimena. Kasvamiseks vajab valget ja kuiva kasvukohta.\" \/>\n<meta property=\"og:url\" content=\"https:\/\/tammetalu.eu\/toode\/lohnapelargoon-odorata-perfume\/\" \/>\n<meta property=\"og:site_name\" content=\"Tamme talu \u00fcrdiaed\" \/>\n<meta property=\"article:publisher\" content=\"https:\/\/www.facebook.com\/TammeTaluUrdiaed\/?locale=et_EE\" \/>\n<meta property=\"article:modified_time\" content=\"2026-02-02T13:14:58+00:00\" \/>\n<meta property=\"og:image\" content=\"https:\/\/tammetalu.eu\/wp-content\/uploads\/2022\/08\/Lohnapelargoon_Odorata_perfume-5.jpg\" \/>\n\t<meta property=\"og:image:width\" content=\"1024\" \/>\n\t<meta property=\"og:image:height\" content=\"883\" \/>\n\t<meta property=\"og:image:type\" content=\"image\/jpeg\" \/>\n<meta name=\"twitter:card\" content=\"summary_large_image\" \/>\n<meta name=\"twitter:label1\" content=\"Est. reading time\" \/>\n\t<meta name=\"twitter:data1\" content=\"2 minutes\" \/>\n<script type=\"application\/ld+json\" class=\"yoast-schema-graph\">{\"@context\":\"https:\/\/schema.org\",\"@graph\":[{\"@type\":\"WebPage\",\"@id\":\"https:\/\/tammetalu.eu\/toode\/lohnapelargoon-odorata-perfume\/\",\"url\":\"https:\/\/tammetalu.eu\/toode\/lohnapelargoon-odorata-perfume\/\",\"name\":\"L\u00f5hnapelargoon \u201eOdorata Perfume\u201c - Tamme talu \u00fcrdiaed\",\"isPartOf\":{\"@id\":\"https:\/\/tammetalu.eu\/#website\"},\"primaryImageOfPage\":{\"@id\":\"https:\/\/tammetalu.eu\/toode\/lohnapelargoon-odorata-perfume\/#primaryimage\"},\"image\":{\"@id\":\"https:\/\/tammetalu.eu\/toode\/lohnapelargoon-odorata-perfume\/#primaryimage\"},\"thumbnailUrl\":\"https:\/\/tammetalu.eu\/wp-content\/uploads\/2022\/08\/Lohnapelargoon_Odorata_perfume-5.jpg\",\"datePublished\":\"2022-08-09T06:05:30+00:00\",\"dateModified\":\"2026-02-02T13:14:58+00:00\",\"description\":\"Sordil on kaunid roosa-veinipunased \u00f5ied. Sobib kasvatada r\u00f5dul, terrassil ja toas potitaimena. Kasvamiseks vajab valget ja kuiva kasvukohta.\",\"breadcrumb\":{\"@id\":\"https:\/\/tammetalu.eu\/toode\/lohnapelargoon-odorata-perfume\/#breadcrumb\"},\"inLanguage\":\"en-US\",\"potentialAction\":[{\"@type\":\"ReadAction\",\"target\":[\"https:\/\/tammetalu.eu\/toode\/lohnapelargoon-odorata-perfume\/\"]}]},{\"@type\":\"ImageObject\",\"inLanguage\":\"en-US\",\"@id\":\"https:\/\/tammetalu.eu\/toode\/lohnapelargoon-odorata-perfume\/#primaryimage\",\"url\":\"https:\/\/tammetalu.eu\/wp-content\/uploads\/2022\/08\/Lohnapelargoon_Odorata_perfume-5.jpg\",\"contentUrl\":\"https:\/\/tammetalu.eu\/wp-content\/uploads\/2022\/08\/Lohnapelargoon_Odorata_perfume-5.jpg\",\"width\":1024,\"height\":883},{\"@type\":\"BreadcrumbList\",\"@id\":\"https:\/\/tammetalu.eu\/toode\/lohnapelargoon-odorata-perfume\/#breadcrumb\",\"itemListElement\":[{\"@type\":\"ListItem\",\"position\":1,\"name\":\"Home\",\"item\":\"https:\/\/tammetalu.eu\/en\/esileht-eng\/\"},{\"@type\":\"ListItem\",\"position\":2,\"name\":\"Shop\",\"item\":\"https:\/\/tammetalu.eu\/en\/shop\/\"},{\"@type\":\"ListItem\",\"position\":3,\"name\":\"L\u00f5hnapelargoon \u201eOdorata Perfume\u201c\"}]},{\"@type\":\"WebSite\",\"@id\":\"https:\/\/tammetalu.eu\/#website\",\"url\":\"https:\/\/tammetalu.eu\/\",\"name\":\"Tamme talu \u00fcrdiaed\",\"description\":\"K\u00e4sit\u00f6\u00f6na valmistatud tooted \u00fcrtidest, \u00fcrdiistikud, \u00fcrtide kollektsioonaed\",\"publisher\":{\"@id\":\"https:\/\/tammetalu.eu\/#organization\"},\"alternateName\":\"Tamme talu\",\"potentialAction\":[{\"@type\":\"SearchAction\",\"target\":{\"@type\":\"EntryPoint\",\"urlTemplate\":\"https:\/\/tammetalu.eu\/?s={search_term_string}\"},\"query-input\":{\"@type\":\"PropertyValueSpecification\",\"valueRequired\":true,\"valueName\":\"search_term_string\"}}],\"inLanguage\":\"en-US\"},{\"@type\":\"Organization\",\"@id\":\"https:\/\/tammetalu.eu\/#organization\",\"name\":\"Tamme talu \u00fcrdiaed\",\"alternateName\":\"Tamme talu\",\"url\":\"https:\/\/tammetalu.eu\/\",\"logo\":{\"@type\":\"ImageObject\",\"inLanguage\":\"en-US\",\"@id\":\"https:\/\/tammetalu.eu\/#\/schema\/logo\/image\/\",\"url\":\"https:\/\/tammetalu.eu\/wp-content\/uploads\/2025\/01\/Tamme_talu_urdiaed.png\",\"contentUrl\":\"https:\/\/tammetalu.eu\/wp-content\/uploads\/2025\/01\/Tamme_talu_urdiaed.png\",\"width\":560,\"height\":560,\"caption\":\"Tamme talu \u00fcrdiaed\"},\"image\":{\"@id\":\"https:\/\/tammetalu.eu\/#\/schema\/logo\/image\/\"},\"sameAs\":[\"https:\/\/www.facebook.com\/TammeTaluUrdiaed\/?locale=et_EE\",\"https:\/\/www.instagram.com\/tammetaluurdiaed\/\"]}]}<\/script>\n<!-- \/ Yoast SEO plugin. -->","yoast_head_json":{"title":"L\u00f5hnapelargoon \u201eOdorata Perfume\u201c - Tamme talu \u00fcrdiaed","description":"Sordil on kaunid roosa-veinipunased \u00f5ied. Sobib kasvatada r\u00f5dul, terrassil ja toas potitaimena. Kasvamiseks vajab valget ja kuiva kasvukohta.","robots":{"index":"index","follow":"follow","max-snippet":"max-snippet:-1","max-image-preview":"max-image-preview:large","max-video-preview":"max-video-preview:-1"},"canonical":"https:\/\/tammetalu.eu\/toode\/lohnapelargoon-odorata-perfume\/","og_locale":"en_US","og_type":"article","og_title":"L\u00f5hnapelargoon \u201eOdorata Perfume\u201c - Tamme talu \u00fcrdiaed","og_description":"Sordil on kaunid roosa-veinipunased \u00f5ied. Sobib kasvatada r\u00f5dul, terrassil ja toas potitaimena. Kasvamiseks vajab valget ja kuiva kasvukohta.","og_url":"https:\/\/tammetalu.eu\/toode\/lohnapelargoon-odorata-perfume\/","og_site_name":"Tamme talu \u00fcrdiaed","article_publisher":"https:\/\/www.facebook.com\/TammeTaluUrdiaed\/?locale=et_EE","article_modified_time":"2026-02-02T13:14:58+00:00","og_image":[{"width":1024,"height":883,"url":"https:\/\/tammetalu.eu\/wp-content\/uploads\/2022\/08\/Lohnapelargoon_Odorata_perfume-5.jpg","type":"image\/jpeg"}],"twitter_card":"summary_large_image","twitter_misc":{"Est. reading time":"2 minutes"},"schema":{"@context":"https:\/\/schema.org","@graph":[{"@type":"WebPage","@id":"https:\/\/tammetalu.eu\/toode\/lohnapelargoon-odorata-perfume\/","url":"https:\/\/tammetalu.eu\/toode\/lohnapelargoon-odorata-perfume\/","name":"L\u00f5hnapelargoon \u201eOdorata Perfume\u201c - Tamme talu \u00fcrdiaed","isPartOf":{"@id":"https:\/\/tammetalu.eu\/#website"},"primaryImageOfPage":{"@id":"https:\/\/tammetalu.eu\/toode\/lohnapelargoon-odorata-perfume\/#primaryimage"},"image":{"@id":"https:\/\/tammetalu.eu\/toode\/lohnapelargoon-odorata-perfume\/#primaryimage"},"thumbnailUrl":"https:\/\/tammetalu.eu\/wp-content\/uploads\/2022\/08\/Lohnapelargoon_Odorata_perfume-5.jpg","datePublished":"2022-08-09T06:05:30+00:00","dateModified":"2026-02-02T13:14:58+00:00","description":"Sordil on kaunid roosa-veinipunased \u00f5ied. Sobib kasvatada r\u00f5dul, terrassil ja toas potitaimena. Kasvamiseks vajab valget ja kuiva kasvukohta.","breadcrumb":{"@id":"https:\/\/tammetalu.eu\/toode\/lohnapelargoon-odorata-perfume\/#breadcrumb"},"inLanguage":"en-US","potentialAction":[{"@type":"ReadAction","target":["https:\/\/tammetalu.eu\/toode\/lohnapelargoon-odorata-perfume\/"]}]},{"@type":"ImageObject","inLanguage":"en-US","@id":"https:\/\/tammetalu.eu\/toode\/lohnapelargoon-odorata-perfume\/#primaryimage","url":"https:\/\/tammetalu.eu\/wp-content\/uploads\/2022\/08\/Lohnapelargoon_Odorata_perfume-5.jpg","contentUrl":"https:\/\/tammetalu.eu\/wp-content\/uploads\/2022\/08\/Lohnapelargoon_Odorata_perfume-5.jpg","width":1024,"height":883},{"@type":"BreadcrumbList","@id":"https:\/\/tammetalu.eu\/toode\/lohnapelargoon-odorata-perfume\/#breadcrumb","itemListElement":[{"@type":"ListItem","position":1,"name":"Home","item":"https:\/\/tammetalu.eu\/en\/esileht-eng\/"},{"@type":"ListItem","position":2,"name":"Shop","item":"https:\/\/tammetalu.eu\/en\/shop\/"},{"@type":"ListItem","position":3,"name":"L\u00f5hnapelargoon \u201eOdorata Perfume\u201c"}]},{"@type":"WebSite","@id":"https:\/\/tammetalu.eu\/#website","url":"https:\/\/tammetalu.eu\/","name":"Tamme talu \u00fcrdiaed","description":"K\u00e4sit\u00f6\u00f6na valmistatud tooted \u00fcrtidest, \u00fcrdiistikud, \u00fcrtide kollektsioonaed","publisher":{"@id":"https:\/\/tammetalu.eu\/#organization"},"alternateName":"Tamme talu","potentialAction":[{"@type":"SearchAction","target":{"@type":"EntryPoint","urlTemplate":"https:\/\/tammetalu.eu\/?s={search_term_string}"},"query-input":{"@type":"PropertyValueSpecification","valueRequired":true,"valueName":"search_term_string"}}],"inLanguage":"en-US"},{"@type":"Organization","@id":"https:\/\/tammetalu.eu\/#organization","name":"Tamme talu \u00fcrdiaed","alternateName":"Tamme talu","url":"https:\/\/tammetalu.eu\/","logo":{"@type":"ImageObject","inLanguage":"en-US","@id":"https:\/\/tammetalu.eu\/#\/schema\/logo\/image\/","url":"https:\/\/tammetalu.eu\/wp-content\/uploads\/2025\/01\/Tamme_talu_urdiaed.png","contentUrl":"https:\/\/tammetalu.eu\/wp-content\/uploads\/2025\/01\/Tamme_talu_urdiaed.png","width":560,"height":560,"caption":"Tamme talu \u00fcrdiaed"},"image":{"@id":"https:\/\/tammetalu.eu\/#\/schema\/logo\/image\/"},"sameAs":["https:\/\/www.facebook.com\/TammeTaluUrdiaed\/?locale=et_EE","https:\/\/www.instagram.com\/tammetaluurdiaed\/"]}]}},"_links":{"self":[{"href":"https:\/\/tammetalu.eu\/en\/wp-json\/wp\/v2\/product\/15776","targetHints":{"allow":["GET"]}}],"collection":[{"href":"https:\/\/tammetalu.eu\/en\/wp-json\/wp\/v2\/product"}],"about":[{"href":"https:\/\/tammetalu.eu\/en\/wp-json\/wp\/v2\/types\/product"}],"wp:featuredmedia":[{"embeddable":true,"href":"https:\/\/tammetalu.eu\/en\/wp-json\/wp\/v2\/media\/15886"}],"wp:attachment":[{"href":"https:\/\/tammetalu.eu\/en\/wp-json\/wp\/v2\/media?parent=15776"}],"wp:term":[{"taxonomy":"product_brand","embeddable":true,"href":"https:\/\/tammetalu.eu\/en\/wp-json\/wp\/v2\/product_brand?post=15776"},{"taxonomy":"product_cat","embeddable":true,"href":"https:\/\/tammetalu.eu\/en\/wp-json\/wp\/v2\/product_cat?post=15776"},{"taxonomy":"product_tag","embeddable":true,"href":"https:\/\/tammetalu.eu\/en\/wp-json\/wp\/v2\/product_tag?post=15776"}],"curies":[{"name":"wp","href":"https:\/\/api.w.org\/{rel}","templated":true}]}}