{"id":15800,"date":"2022-08-09T09:06:17","date_gmt":"2022-08-09T06:06:17","guid":{"rendered":"https:\/\/tammetalu.eu?post_type=product&#038;p=15800"},"modified":"2026-04-24T23:43:12","modified_gmt":"2026-04-24T20:43:12","slug":"punane-hiidiisop-lime","status":"publish","type":"product","link":"https:\/\/tammetalu.eu\/en\/product\/punane-hiidiisop-lime\/","title":{"rendered":"Punane hiidiisop &#8220;Lime&#8221;"},"content":{"rendered":"","protected":false},"excerpt":{"rendered":"<p><em>Agastache mexicana\u00a0<\/em><\/p>\n<p>Populaarne limonaadi- ja teetaim v\u00e4rskendava magusa sidruni-aniisi seguse l\u00f5hnaga. Meie kliimas ei pruugi olla alati talvekindel. Kasvab p\u00fcstiseks p\u00f5\u00f5saks k\u00f5rgusega 60 &#8211; 90 cm. Eelistab kuivemat, vett h\u00e4sti l\u00e4bi laskvat liivast mulda. \u00d5itseb lillakasroosade \u00f5itega. Meelitab aeda rohkelt liblikaid ja mesilasi.<\/p>\n<p>K\u00f6\u00f6gis saab kasutada linnulihast ja k\u00f6\u00f6giviljast valmistatud roogade, magustoitude ja kookide maitsestamiseks ja garneerimiseks. Punasest hiidiisopist valmib v\u00e4ga maitsev tee, mis on k\u00fclmetust ja k\u00e4hedat kurku leevendava toimega. Taimest valmistatud limonaad maitseb eriti lastele.<\/p>\n<p>Potti on istutatud kaks taime.<\/p>\n<p><strong>Postiga saadetavad taimed pakime alati turvaliselt ja ilmastikukindlalt.<\/strong><\/p>\n","protected":false},"featured_media":15940,"template":"","meta":{"_acf_changed":false,"_et_pb_use_builder":"","_et_pb_old_content":"","_et_gb_content_width":"","inline_featured_image":false},"product_brand":[],"product_cat":[186,205],"product_tag":[],"class_list":{"0":"post-15800","1":"product","2":"type-product","3":"status-publish","4":"has-post-thumbnail","6":"product_cat-maitse-ja-ravimtaimede-istikud","7":"product_cat-iisopid","9":"first","10":"instock","11":"sale","12":"taxable","13":"shipping-taxable","14":"purchasable","15":"product-type-simple"},"acf":[],"yoast_head":"<!-- This site is optimized with the Yoast SEO plugin v26.4 - https:\/\/yoast.com\/wordpress\/plugins\/seo\/ -->\n<title>Punane hiidiisop &quot;Lime&quot; - Tamme talu \u00fcrdiaed<\/title>\n<meta name=\"description\" content=\"Populaarne limonaadi- ja teetaim., v\u00e4rskendav sidruni-aniisi l\u00f5hn. Meie kliimas ei pruugi olla talvekindel.\" \/>\n<meta name=\"robots\" content=\"index, follow, max-snippet:-1, max-image-preview:large, max-video-preview:-1\" \/>\n<link rel=\"canonical\" href=\"https:\/\/tammetalu.eu\/toode\/punane-hiidiisop-lime\/\" \/>\n<meta property=\"og:locale\" content=\"en_US\" \/>\n<meta property=\"og:type\" content=\"article\" \/>\n<meta property=\"og:title\" content=\"Punane hiidiisop &quot;Lime&quot; - Tamme talu \u00fcrdiaed\" \/>\n<meta property=\"og:description\" content=\"Populaarne limonaadi- ja teetaim., v\u00e4rskendav sidruni-aniisi l\u00f5hn. Meie kliimas ei pruugi olla talvekindel.\" \/>\n<meta property=\"og:url\" content=\"https:\/\/tammetalu.eu\/toode\/punane-hiidiisop-lime\/\" \/>\n<meta property=\"og:site_name\" content=\"Tamme talu \u00fcrdiaed\" \/>\n<meta property=\"article:publisher\" content=\"https:\/\/www.facebook.com\/TammeTaluUrdiaed\/?locale=et_EE\" \/>\n<meta property=\"article:modified_time\" content=\"2026-04-24T20:43:12+00:00\" \/>\n<meta property=\"og:image\" content=\"https:\/\/tammetalu.eu\/wp-content\/uploads\/2022\/08\/Agastache_lime-5.jpg\" \/>\n\t<meta property=\"og:image:width\" content=\"1600\" \/>\n\t<meta property=\"og:image:height\" content=\"1599\" \/>\n\t<meta property=\"og:image:type\" content=\"image\/jpeg\" \/>\n<meta name=\"twitter:card\" content=\"summary_large_image\" \/>\n<meta name=\"twitter:label1\" content=\"Est. reading time\" \/>\n\t<meta name=\"twitter:data1\" content=\"1 minute\" \/>\n<script type=\"application\/ld+json\" class=\"yoast-schema-graph\">{\"@context\":\"https:\/\/schema.org\",\"@graph\":[{\"@type\":\"WebPage\",\"@id\":\"https:\/\/tammetalu.eu\/toode\/punane-hiidiisop-lime\/\",\"url\":\"https:\/\/tammetalu.eu\/toode\/punane-hiidiisop-lime\/\",\"name\":\"Punane hiidiisop \\\"Lime\\\" - Tamme talu \u00fcrdiaed\",\"isPartOf\":{\"@id\":\"https:\/\/tammetalu.eu\/#website\"},\"primaryImageOfPage\":{\"@id\":\"https:\/\/tammetalu.eu\/toode\/punane-hiidiisop-lime\/#primaryimage\"},\"image\":{\"@id\":\"https:\/\/tammetalu.eu\/toode\/punane-hiidiisop-lime\/#primaryimage\"},\"thumbnailUrl\":\"https:\/\/tammetalu.eu\/wp-content\/uploads\/2022\/08\/Agastache_lime-5.jpg\",\"datePublished\":\"2022-08-09T06:06:17+00:00\",\"dateModified\":\"2026-04-24T20:43:12+00:00\",\"description\":\"Populaarne limonaadi- ja teetaim., v\u00e4rskendav sidruni-aniisi l\u00f5hn. Meie kliimas ei pruugi olla talvekindel.\",\"breadcrumb\":{\"@id\":\"https:\/\/tammetalu.eu\/toode\/punane-hiidiisop-lime\/#breadcrumb\"},\"inLanguage\":\"en-US\",\"potentialAction\":[{\"@type\":\"ReadAction\",\"target\":[\"https:\/\/tammetalu.eu\/toode\/punane-hiidiisop-lime\/\"]}]},{\"@type\":\"ImageObject\",\"inLanguage\":\"en-US\",\"@id\":\"https:\/\/tammetalu.eu\/toode\/punane-hiidiisop-lime\/#primaryimage\",\"url\":\"https:\/\/tammetalu.eu\/wp-content\/uploads\/2022\/08\/Agastache_lime-5.jpg\",\"contentUrl\":\"https:\/\/tammetalu.eu\/wp-content\/uploads\/2022\/08\/Agastache_lime-5.jpg\",\"width\":1600,\"height\":1599},{\"@type\":\"BreadcrumbList\",\"@id\":\"https:\/\/tammetalu.eu\/toode\/punane-hiidiisop-lime\/#breadcrumb\",\"itemListElement\":[{\"@type\":\"ListItem\",\"position\":1,\"name\":\"Home\",\"item\":\"https:\/\/tammetalu.eu\/en\/esileht-eng\/\"},{\"@type\":\"ListItem\",\"position\":2,\"name\":\"Shop\",\"item\":\"https:\/\/tammetalu.eu\/en\/shop\/\"},{\"@type\":\"ListItem\",\"position\":3,\"name\":\"Punane hiidiisop &#8220;Lime&#8221;\"}]},{\"@type\":\"WebSite\",\"@id\":\"https:\/\/tammetalu.eu\/#website\",\"url\":\"https:\/\/tammetalu.eu\/\",\"name\":\"Tamme talu \u00fcrdiaed\",\"description\":\"K\u00e4sit\u00f6\u00f6na valmistatud tooted \u00fcrtidest, \u00fcrdiistikud, \u00fcrtide kollektsioonaed\",\"publisher\":{\"@id\":\"https:\/\/tammetalu.eu\/#organization\"},\"alternateName\":\"Tamme talu\",\"potentialAction\":[{\"@type\":\"SearchAction\",\"target\":{\"@type\":\"EntryPoint\",\"urlTemplate\":\"https:\/\/tammetalu.eu\/?s={search_term_string}\"},\"query-input\":{\"@type\":\"PropertyValueSpecification\",\"valueRequired\":true,\"valueName\":\"search_term_string\"}}],\"inLanguage\":\"en-US\"},{\"@type\":\"Organization\",\"@id\":\"https:\/\/tammetalu.eu\/#organization\",\"name\":\"Tamme talu \u00fcrdiaed\",\"alternateName\":\"Tamme talu\",\"url\":\"https:\/\/tammetalu.eu\/\",\"logo\":{\"@type\":\"ImageObject\",\"inLanguage\":\"en-US\",\"@id\":\"https:\/\/tammetalu.eu\/#\/schema\/logo\/image\/\",\"url\":\"https:\/\/tammetalu.eu\/wp-content\/uploads\/2025\/01\/Tamme_talu_urdiaed.png\",\"contentUrl\":\"https:\/\/tammetalu.eu\/wp-content\/uploads\/2025\/01\/Tamme_talu_urdiaed.png\",\"width\":560,\"height\":560,\"caption\":\"Tamme talu \u00fcrdiaed\"},\"image\":{\"@id\":\"https:\/\/tammetalu.eu\/#\/schema\/logo\/image\/\"},\"sameAs\":[\"https:\/\/www.facebook.com\/TammeTaluUrdiaed\/?locale=et_EE\",\"https:\/\/www.instagram.com\/tammetaluurdiaed\/\"]}]}<\/script>\n<!-- \/ Yoast SEO plugin. -->","yoast_head_json":{"title":"Punane hiidiisop \"Lime\" - Tamme talu \u00fcrdiaed","description":"Populaarne limonaadi- ja teetaim., v\u00e4rskendav sidruni-aniisi l\u00f5hn. Meie kliimas ei pruugi olla talvekindel.","robots":{"index":"index","follow":"follow","max-snippet":"max-snippet:-1","max-image-preview":"max-image-preview:large","max-video-preview":"max-video-preview:-1"},"canonical":"https:\/\/tammetalu.eu\/toode\/punane-hiidiisop-lime\/","og_locale":"en_US","og_type":"article","og_title":"Punane hiidiisop \"Lime\" - Tamme talu \u00fcrdiaed","og_description":"Populaarne limonaadi- ja teetaim., v\u00e4rskendav sidruni-aniisi l\u00f5hn. Meie kliimas ei pruugi olla talvekindel.","og_url":"https:\/\/tammetalu.eu\/toode\/punane-hiidiisop-lime\/","og_site_name":"Tamme talu \u00fcrdiaed","article_publisher":"https:\/\/www.facebook.com\/TammeTaluUrdiaed\/?locale=et_EE","article_modified_time":"2026-04-24T20:43:12+00:00","og_image":[{"width":1600,"height":1599,"url":"https:\/\/tammetalu.eu\/wp-content\/uploads\/2022\/08\/Agastache_lime-5.jpg","type":"image\/jpeg"}],"twitter_card":"summary_large_image","twitter_misc":{"Est. reading time":"1 minute"},"schema":{"@context":"https:\/\/schema.org","@graph":[{"@type":"WebPage","@id":"https:\/\/tammetalu.eu\/toode\/punane-hiidiisop-lime\/","url":"https:\/\/tammetalu.eu\/toode\/punane-hiidiisop-lime\/","name":"Punane hiidiisop \"Lime\" - Tamme talu \u00fcrdiaed","isPartOf":{"@id":"https:\/\/tammetalu.eu\/#website"},"primaryImageOfPage":{"@id":"https:\/\/tammetalu.eu\/toode\/punane-hiidiisop-lime\/#primaryimage"},"image":{"@id":"https:\/\/tammetalu.eu\/toode\/punane-hiidiisop-lime\/#primaryimage"},"thumbnailUrl":"https:\/\/tammetalu.eu\/wp-content\/uploads\/2022\/08\/Agastache_lime-5.jpg","datePublished":"2022-08-09T06:06:17+00:00","dateModified":"2026-04-24T20:43:12+00:00","description":"Populaarne limonaadi- ja teetaim., v\u00e4rskendav sidruni-aniisi l\u00f5hn. Meie kliimas ei pruugi olla talvekindel.","breadcrumb":{"@id":"https:\/\/tammetalu.eu\/toode\/punane-hiidiisop-lime\/#breadcrumb"},"inLanguage":"en-US","potentialAction":[{"@type":"ReadAction","target":["https:\/\/tammetalu.eu\/toode\/punane-hiidiisop-lime\/"]}]},{"@type":"ImageObject","inLanguage":"en-US","@id":"https:\/\/tammetalu.eu\/toode\/punane-hiidiisop-lime\/#primaryimage","url":"https:\/\/tammetalu.eu\/wp-content\/uploads\/2022\/08\/Agastache_lime-5.jpg","contentUrl":"https:\/\/tammetalu.eu\/wp-content\/uploads\/2022\/08\/Agastache_lime-5.jpg","width":1600,"height":1599},{"@type":"BreadcrumbList","@id":"https:\/\/tammetalu.eu\/toode\/punane-hiidiisop-lime\/#breadcrumb","itemListElement":[{"@type":"ListItem","position":1,"name":"Home","item":"https:\/\/tammetalu.eu\/en\/esileht-eng\/"},{"@type":"ListItem","position":2,"name":"Shop","item":"https:\/\/tammetalu.eu\/en\/shop\/"},{"@type":"ListItem","position":3,"name":"Punane hiidiisop &#8220;Lime&#8221;"}]},{"@type":"WebSite","@id":"https:\/\/tammetalu.eu\/#website","url":"https:\/\/tammetalu.eu\/","name":"Tamme talu \u00fcrdiaed","description":"K\u00e4sit\u00f6\u00f6na valmistatud tooted \u00fcrtidest, \u00fcrdiistikud, \u00fcrtide kollektsioonaed","publisher":{"@id":"https:\/\/tammetalu.eu\/#organization"},"alternateName":"Tamme talu","potentialAction":[{"@type":"SearchAction","target":{"@type":"EntryPoint","urlTemplate":"https:\/\/tammetalu.eu\/?s={search_term_string}"},"query-input":{"@type":"PropertyValueSpecification","valueRequired":true,"valueName":"search_term_string"}}],"inLanguage":"en-US"},{"@type":"Organization","@id":"https:\/\/tammetalu.eu\/#organization","name":"Tamme talu \u00fcrdiaed","alternateName":"Tamme talu","url":"https:\/\/tammetalu.eu\/","logo":{"@type":"ImageObject","inLanguage":"en-US","@id":"https:\/\/tammetalu.eu\/#\/schema\/logo\/image\/","url":"https:\/\/tammetalu.eu\/wp-content\/uploads\/2025\/01\/Tamme_talu_urdiaed.png","contentUrl":"https:\/\/tammetalu.eu\/wp-content\/uploads\/2025\/01\/Tamme_talu_urdiaed.png","width":560,"height":560,"caption":"Tamme talu \u00fcrdiaed"},"image":{"@id":"https:\/\/tammetalu.eu\/#\/schema\/logo\/image\/"},"sameAs":["https:\/\/www.facebook.com\/TammeTaluUrdiaed\/?locale=et_EE","https:\/\/www.instagram.com\/tammetaluurdiaed\/"]}]}},"_links":{"self":[{"href":"https:\/\/tammetalu.eu\/en\/wp-json\/wp\/v2\/product\/15800","targetHints":{"allow":["GET"]}}],"collection":[{"href":"https:\/\/tammetalu.eu\/en\/wp-json\/wp\/v2\/product"}],"about":[{"href":"https:\/\/tammetalu.eu\/en\/wp-json\/wp\/v2\/types\/product"}],"wp:featuredmedia":[{"embeddable":true,"href":"https:\/\/tammetalu.eu\/en\/wp-json\/wp\/v2\/media\/15940"}],"wp:attachment":[{"href":"https:\/\/tammetalu.eu\/en\/wp-json\/wp\/v2\/media?parent=15800"}],"wp:term":[{"taxonomy":"product_brand","embeddable":true,"href":"https:\/\/tammetalu.eu\/en\/wp-json\/wp\/v2\/product_brand?post=15800"},{"taxonomy":"product_cat","embeddable":true,"href":"https:\/\/tammetalu.eu\/en\/wp-json\/wp\/v2\/product_cat?post=15800"},{"taxonomy":"product_tag","embeddable":true,"href":"https:\/\/tammetalu.eu\/en\/wp-json\/wp\/v2\/product_tag?post=15800"}],"curies":[{"name":"wp","href":"https:\/\/api.w.org\/{rel}","templated":true}]}}