{"id":15801,"date":"2022-08-09T09:06:17","date_gmt":"2022-08-09T06:06:17","guid":{"rendered":"https:\/\/tammetalu.eu?post_type=product&#038;p=15801"},"modified":"2026-04-10T17:02:56","modified_gmt":"2026-04-10T14:02:56","slug":"kurd-hiidiisop","status":"publish","type":"product","link":"https:\/\/tammetalu.eu\/en\/product\/kurd-hiidiisop\/","title":{"rendered":"Aniisi-hiidiisop"},"content":{"rendered":"","protected":false},"excerpt":{"rendered":"<p><em>Agastache foeniculum<\/em><\/p>\n<p>Hea ravim- ja maitsetaim. Kolmnurksete sakiliste lehtede ja lillade v\u00f5i valkjate \u00f5isikutega suhteliselt talvekindel p\u00fcsik, mis sobib kasvatamiseks kuivemapoolses p\u00e4ikeselises kuni poolvarjulises kasvukohas. Taime k\u00f5rgus v\u00f5ib k\u00fc\u00fcndida kuni \u00fche meetrini. Talvel v\u00f5ib pidev liigne niiskus taime h\u00e4vitada, aga kuna hiidiisopid annab piisavalt isek\u00fclvi, siis\u00a0 h\u00e4vinud taimedele\u00a0 on j\u00e4relkasv tagatud. V\u00e4ga pika \u00f5itsemisega, mis kestab juulist kuni augusti l\u00f5puni. Kui peale suuremat \u00f5itsemist taim tagasi l\u00f5igata, siis j\u00f5uab uuesti \u00f5isikud moodustada. Aias on mesilaste ja liblikate lemmik, hea meetaim. V\u00e4ga vastupidav tuulisel kasvukohal.<\/p>\n<p>K\u00f6\u00f6gis saab aniisi-hiidiisopi veidi magusamaitseliste lehtedega maitsestada salateid, marjadest- ja puuviljadest valmistatud roogasid ja hoidiseid, kana- ja sealiha ning aedviljadest valmistatud roogasid.<\/p>\n<p>Rahvameditsiinis kasutatakse aniisi-hiidiisopist valmistatud teed und soodustava ja k\u00fclmetushaigustest tingitud vaevusi p\u00e4rssiva vahendina.<\/p>\n<p>&nbsp;<\/p>\n","protected":false},"featured_media":15951,"template":"","meta":{"_acf_changed":false,"_et_pb_use_builder":"","_et_pb_old_content":"","_et_gb_content_width":"","inline_featured_image":false},"product_brand":[],"product_cat":[186,205],"product_tag":[],"class_list":{"0":"post-15801","1":"product","2":"type-product","3":"status-publish","4":"has-post-thumbnail","6":"product_cat-maitse-ja-ravimtaimede-istikud","7":"product_cat-iisopid","9":"first","10":"outofstock","11":"sale","12":"taxable","13":"shipping-taxable","14":"purchasable","15":"product-type-simple"},"acf":[],"yoast_head":"<!-- This site is optimized with the Yoast SEO plugin v26.4 - https:\/\/yoast.com\/wordpress\/plugins\/seo\/ -->\n<title>Aniisi-hiidiisop - Tamme talu \u00fcrdiaed<\/title>\n<meta name=\"robots\" content=\"index, follow, max-snippet:-1, max-image-preview:large, max-video-preview:-1\" \/>\n<link rel=\"canonical\" href=\"https:\/\/tammetalu.eu\/toode\/kurd-hiidiisop\/\" \/>\n<meta property=\"og:locale\" content=\"en_US\" \/>\n<meta property=\"og:type\" content=\"article\" \/>\n<meta property=\"og:title\" content=\"Aniisi-hiidiisop - Tamme talu \u00fcrdiaed\" \/>\n<meta property=\"og:description\" content=\"Agastache foeniculum  Hea ravim- ja maitsetaim. Kolmnurksete sakiliste lehtede ja lillade v\u00f5i valkjate \u00f5isikutega suhteliselt talvekindel p\u00fcsik, mis sobib kasvatamiseks kuivemapoolses p\u00e4ikeselises kuni poolvarjulises kasvukohas. Taime k\u00f5rgus v\u00f5ib k\u00fc\u00fcndida kuni \u00fche meetrini. Talvel v\u00f5ib pidev liigne niiskus taime h\u00e4vitada, aga kuna hiidiisopid annab piisavalt isek\u00fclvi, siis\u00a0 h\u00e4vinud taimedele\u00a0 on j\u00e4relkasv tagatud. V\u00e4ga pika \u00f5itsemisega, mis kestab juulist kuni augusti l\u00f5puni. Kui peale suuremat \u00f5itsemist taim tagasi l\u00f5igata, siis j\u00f5uab uuesti \u00f5isikud moodustada. Aias on mesilaste ja liblikate lemmik, hea meetaim. V\u00e4ga vastupidav tuulisel kasvukohal.  K\u00f6\u00f6gis saab aniisi-hiidiisopi veidi magusamaitseliste lehtedega maitsestada salateid, marjadest- ja puuviljadest valmistatud roogasid ja hoidiseid, kana- ja sealiha ning aedviljadest valmistatud roogasid.  Rahvameditsiinis kasutatakse aniisi-hiidiisopist valmistatud teed und soodustava ja k\u00fclmetushaigustest tingitud vaevusi p\u00e4rssiva vahendina.  &nbsp;\" \/>\n<meta property=\"og:url\" content=\"https:\/\/tammetalu.eu\/toode\/kurd-hiidiisop\/\" \/>\n<meta property=\"og:site_name\" content=\"Tamme talu \u00fcrdiaed\" \/>\n<meta property=\"article:publisher\" content=\"https:\/\/www.facebook.com\/TammeTaluUrdiaed\/?locale=et_EE\" \/>\n<meta property=\"article:modified_time\" content=\"2026-04-10T14:02:56+00:00\" \/>\n<meta property=\"og:image\" content=\"https:\/\/tammetalu.eu\/wp-content\/uploads\/2022\/08\/Kurd-hiidiisop-tamme-talu-urdiaed-5.jpg\" \/>\n\t<meta property=\"og:image:width\" content=\"800\" \/>\n\t<meta property=\"og:image:height\" content=\"532\" \/>\n\t<meta property=\"og:image:type\" content=\"image\/jpeg\" \/>\n<meta name=\"twitter:card\" content=\"summary_large_image\" \/>\n<meta name=\"twitter:label1\" content=\"Est. reading time\" \/>\n\t<meta name=\"twitter:data1\" content=\"1 minute\" \/>\n<script type=\"application\/ld+json\" class=\"yoast-schema-graph\">{\"@context\":\"https:\/\/schema.org\",\"@graph\":[{\"@type\":\"WebPage\",\"@id\":\"https:\/\/tammetalu.eu\/toode\/kurd-hiidiisop\/\",\"url\":\"https:\/\/tammetalu.eu\/toode\/kurd-hiidiisop\/\",\"name\":\"Aniisi-hiidiisop - Tamme talu \u00fcrdiaed\",\"isPartOf\":{\"@id\":\"https:\/\/tammetalu.eu\/#website\"},\"primaryImageOfPage\":{\"@id\":\"https:\/\/tammetalu.eu\/toode\/kurd-hiidiisop\/#primaryimage\"},\"image\":{\"@id\":\"https:\/\/tammetalu.eu\/toode\/kurd-hiidiisop\/#primaryimage\"},\"thumbnailUrl\":\"https:\/\/tammetalu.eu\/wp-content\/uploads\/2022\/08\/Kurd-hiidiisop-tamme-talu-urdiaed-5.jpg\",\"datePublished\":\"2022-08-09T06:06:17+00:00\",\"dateModified\":\"2026-04-10T14:02:56+00:00\",\"breadcrumb\":{\"@id\":\"https:\/\/tammetalu.eu\/toode\/kurd-hiidiisop\/#breadcrumb\"},\"inLanguage\":\"en-US\",\"potentialAction\":[{\"@type\":\"ReadAction\",\"target\":[\"https:\/\/tammetalu.eu\/toode\/kurd-hiidiisop\/\"]}]},{\"@type\":\"ImageObject\",\"inLanguage\":\"en-US\",\"@id\":\"https:\/\/tammetalu.eu\/toode\/kurd-hiidiisop\/#primaryimage\",\"url\":\"https:\/\/tammetalu.eu\/wp-content\/uploads\/2022\/08\/Kurd-hiidiisop-tamme-talu-urdiaed-5.jpg\",\"contentUrl\":\"https:\/\/tammetalu.eu\/wp-content\/uploads\/2022\/08\/Kurd-hiidiisop-tamme-talu-urdiaed-5.jpg\",\"width\":800,\"height\":532},{\"@type\":\"BreadcrumbList\",\"@id\":\"https:\/\/tammetalu.eu\/toode\/kurd-hiidiisop\/#breadcrumb\",\"itemListElement\":[{\"@type\":\"ListItem\",\"position\":1,\"name\":\"Home\",\"item\":\"https:\/\/tammetalu.eu\/en\/esileht-eng\/\"},{\"@type\":\"ListItem\",\"position\":2,\"name\":\"Shop\",\"item\":\"https:\/\/tammetalu.eu\/en\/shop\/\"},{\"@type\":\"ListItem\",\"position\":3,\"name\":\"Aniisi-hiidiisop\"}]},{\"@type\":\"WebSite\",\"@id\":\"https:\/\/tammetalu.eu\/#website\",\"url\":\"https:\/\/tammetalu.eu\/\",\"name\":\"Tamme talu \u00fcrdiaed\",\"description\":\"K\u00e4sit\u00f6\u00f6na valmistatud tooted \u00fcrtidest, \u00fcrdiistikud, \u00fcrtide kollektsioonaed\",\"publisher\":{\"@id\":\"https:\/\/tammetalu.eu\/#organization\"},\"alternateName\":\"Tamme talu\",\"potentialAction\":[{\"@type\":\"SearchAction\",\"target\":{\"@type\":\"EntryPoint\",\"urlTemplate\":\"https:\/\/tammetalu.eu\/?s={search_term_string}\"},\"query-input\":{\"@type\":\"PropertyValueSpecification\",\"valueRequired\":true,\"valueName\":\"search_term_string\"}}],\"inLanguage\":\"en-US\"},{\"@type\":\"Organization\",\"@id\":\"https:\/\/tammetalu.eu\/#organization\",\"name\":\"Tamme talu \u00fcrdiaed\",\"alternateName\":\"Tamme talu\",\"url\":\"https:\/\/tammetalu.eu\/\",\"logo\":{\"@type\":\"ImageObject\",\"inLanguage\":\"en-US\",\"@id\":\"https:\/\/tammetalu.eu\/#\/schema\/logo\/image\/\",\"url\":\"https:\/\/tammetalu.eu\/wp-content\/uploads\/2025\/01\/Tamme_talu_urdiaed.png\",\"contentUrl\":\"https:\/\/tammetalu.eu\/wp-content\/uploads\/2025\/01\/Tamme_talu_urdiaed.png\",\"width\":560,\"height\":560,\"caption\":\"Tamme talu \u00fcrdiaed\"},\"image\":{\"@id\":\"https:\/\/tammetalu.eu\/#\/schema\/logo\/image\/\"},\"sameAs\":[\"https:\/\/www.facebook.com\/TammeTaluUrdiaed\/?locale=et_EE\",\"https:\/\/www.instagram.com\/tammetaluurdiaed\/\"]}]}<\/script>\n<!-- \/ Yoast SEO plugin. -->","yoast_head_json":{"title":"Aniisi-hiidiisop - Tamme talu \u00fcrdiaed","robots":{"index":"index","follow":"follow","max-snippet":"max-snippet:-1","max-image-preview":"max-image-preview:large","max-video-preview":"max-video-preview:-1"},"canonical":"https:\/\/tammetalu.eu\/toode\/kurd-hiidiisop\/","og_locale":"en_US","og_type":"article","og_title":"Aniisi-hiidiisop - Tamme talu \u00fcrdiaed","og_description":"Agastache foeniculum  Hea ravim- ja maitsetaim. Kolmnurksete sakiliste lehtede ja lillade v\u00f5i valkjate \u00f5isikutega suhteliselt talvekindel p\u00fcsik, mis sobib kasvatamiseks kuivemapoolses p\u00e4ikeselises kuni poolvarjulises kasvukohas. Taime k\u00f5rgus v\u00f5ib k\u00fc\u00fcndida kuni \u00fche meetrini. Talvel v\u00f5ib pidev liigne niiskus taime h\u00e4vitada, aga kuna hiidiisopid annab piisavalt isek\u00fclvi, siis\u00a0 h\u00e4vinud taimedele\u00a0 on j\u00e4relkasv tagatud. V\u00e4ga pika \u00f5itsemisega, mis kestab juulist kuni augusti l\u00f5puni. Kui peale suuremat \u00f5itsemist taim tagasi l\u00f5igata, siis j\u00f5uab uuesti \u00f5isikud moodustada. Aias on mesilaste ja liblikate lemmik, hea meetaim. V\u00e4ga vastupidav tuulisel kasvukohal.  K\u00f6\u00f6gis saab aniisi-hiidiisopi veidi magusamaitseliste lehtedega maitsestada salateid, marjadest- ja puuviljadest valmistatud roogasid ja hoidiseid, kana- ja sealiha ning aedviljadest valmistatud roogasid.  Rahvameditsiinis kasutatakse aniisi-hiidiisopist valmistatud teed und soodustava ja k\u00fclmetushaigustest tingitud vaevusi p\u00e4rssiva vahendina.  &nbsp;","og_url":"https:\/\/tammetalu.eu\/toode\/kurd-hiidiisop\/","og_site_name":"Tamme talu \u00fcrdiaed","article_publisher":"https:\/\/www.facebook.com\/TammeTaluUrdiaed\/?locale=et_EE","article_modified_time":"2026-04-10T14:02:56+00:00","og_image":[{"width":800,"height":532,"url":"https:\/\/tammetalu.eu\/wp-content\/uploads\/2022\/08\/Kurd-hiidiisop-tamme-talu-urdiaed-5.jpg","type":"image\/jpeg"}],"twitter_card":"summary_large_image","twitter_misc":{"Est. reading time":"1 minute"},"schema":{"@context":"https:\/\/schema.org","@graph":[{"@type":"WebPage","@id":"https:\/\/tammetalu.eu\/toode\/kurd-hiidiisop\/","url":"https:\/\/tammetalu.eu\/toode\/kurd-hiidiisop\/","name":"Aniisi-hiidiisop - Tamme talu \u00fcrdiaed","isPartOf":{"@id":"https:\/\/tammetalu.eu\/#website"},"primaryImageOfPage":{"@id":"https:\/\/tammetalu.eu\/toode\/kurd-hiidiisop\/#primaryimage"},"image":{"@id":"https:\/\/tammetalu.eu\/toode\/kurd-hiidiisop\/#primaryimage"},"thumbnailUrl":"https:\/\/tammetalu.eu\/wp-content\/uploads\/2022\/08\/Kurd-hiidiisop-tamme-talu-urdiaed-5.jpg","datePublished":"2022-08-09T06:06:17+00:00","dateModified":"2026-04-10T14:02:56+00:00","breadcrumb":{"@id":"https:\/\/tammetalu.eu\/toode\/kurd-hiidiisop\/#breadcrumb"},"inLanguage":"en-US","potentialAction":[{"@type":"ReadAction","target":["https:\/\/tammetalu.eu\/toode\/kurd-hiidiisop\/"]}]},{"@type":"ImageObject","inLanguage":"en-US","@id":"https:\/\/tammetalu.eu\/toode\/kurd-hiidiisop\/#primaryimage","url":"https:\/\/tammetalu.eu\/wp-content\/uploads\/2022\/08\/Kurd-hiidiisop-tamme-talu-urdiaed-5.jpg","contentUrl":"https:\/\/tammetalu.eu\/wp-content\/uploads\/2022\/08\/Kurd-hiidiisop-tamme-talu-urdiaed-5.jpg","width":800,"height":532},{"@type":"BreadcrumbList","@id":"https:\/\/tammetalu.eu\/toode\/kurd-hiidiisop\/#breadcrumb","itemListElement":[{"@type":"ListItem","position":1,"name":"Home","item":"https:\/\/tammetalu.eu\/en\/esileht-eng\/"},{"@type":"ListItem","position":2,"name":"Shop","item":"https:\/\/tammetalu.eu\/en\/shop\/"},{"@type":"ListItem","position":3,"name":"Aniisi-hiidiisop"}]},{"@type":"WebSite","@id":"https:\/\/tammetalu.eu\/#website","url":"https:\/\/tammetalu.eu\/","name":"Tamme talu \u00fcrdiaed","description":"K\u00e4sit\u00f6\u00f6na valmistatud tooted \u00fcrtidest, \u00fcrdiistikud, \u00fcrtide kollektsioonaed","publisher":{"@id":"https:\/\/tammetalu.eu\/#organization"},"alternateName":"Tamme talu","potentialAction":[{"@type":"SearchAction","target":{"@type":"EntryPoint","urlTemplate":"https:\/\/tammetalu.eu\/?s={search_term_string}"},"query-input":{"@type":"PropertyValueSpecification","valueRequired":true,"valueName":"search_term_string"}}],"inLanguage":"en-US"},{"@type":"Organization","@id":"https:\/\/tammetalu.eu\/#organization","name":"Tamme talu \u00fcrdiaed","alternateName":"Tamme talu","url":"https:\/\/tammetalu.eu\/","logo":{"@type":"ImageObject","inLanguage":"en-US","@id":"https:\/\/tammetalu.eu\/#\/schema\/logo\/image\/","url":"https:\/\/tammetalu.eu\/wp-content\/uploads\/2025\/01\/Tamme_talu_urdiaed.png","contentUrl":"https:\/\/tammetalu.eu\/wp-content\/uploads\/2025\/01\/Tamme_talu_urdiaed.png","width":560,"height":560,"caption":"Tamme talu \u00fcrdiaed"},"image":{"@id":"https:\/\/tammetalu.eu\/#\/schema\/logo\/image\/"},"sameAs":["https:\/\/www.facebook.com\/TammeTaluUrdiaed\/?locale=et_EE","https:\/\/www.instagram.com\/tammetaluurdiaed\/"]}]}},"_links":{"self":[{"href":"https:\/\/tammetalu.eu\/en\/wp-json\/wp\/v2\/product\/15801","targetHints":{"allow":["GET"]}}],"collection":[{"href":"https:\/\/tammetalu.eu\/en\/wp-json\/wp\/v2\/product"}],"about":[{"href":"https:\/\/tammetalu.eu\/en\/wp-json\/wp\/v2\/types\/product"}],"wp:featuredmedia":[{"embeddable":true,"href":"https:\/\/tammetalu.eu\/en\/wp-json\/wp\/v2\/media\/15951"}],"wp:attachment":[{"href":"https:\/\/tammetalu.eu\/en\/wp-json\/wp\/v2\/media?parent=15801"}],"wp:term":[{"taxonomy":"product_brand","embeddable":true,"href":"https:\/\/tammetalu.eu\/en\/wp-json\/wp\/v2\/product_brand?post=15801"},{"taxonomy":"product_cat","embeddable":true,"href":"https:\/\/tammetalu.eu\/en\/wp-json\/wp\/v2\/product_cat?post=15801"},{"taxonomy":"product_tag","embeddable":true,"href":"https:\/\/tammetalu.eu\/en\/wp-json\/wp\/v2\/product_tag?post=15801"}],"curies":[{"name":"wp","href":"https:\/\/api.w.org\/{rel}","templated":true}]}}