{"id":15834,"date":"2022-08-09T09:06:39","date_gmt":"2022-08-09T06:06:39","guid":{"rendered":"https:\/\/tammetalu.eu?post_type=product&#038;p=15834"},"modified":"2026-04-03T19:15:44","modified_gmt":"2026-04-03T16:15:44","slug":"piparmunt-multimentha","status":"publish","type":"product","link":"https:\/\/tammetalu.eu\/en\/product\/piparmunt-multimentha\/","title":{"rendered":"Must piparm\u00fcnt Mentha xpiperita var. piperita &#8220;Multimentha&#8221;"},"content":{"rendered":"<p>&nbsp;<\/p>\n<p>&nbsp;<\/p>\n<p>&nbsp;<\/p>\n","protected":false},"excerpt":{"rendered":"<p>Must piparm\u00fcnt <em>Mentha xpiperita var. piperita<\/em> \u201eMultimentha\u201c<\/p>\n<p>LAT: \u00a0<em>Mentha xpiperita var. piperita <\/em>\u201eMultimentha\u201c<\/p>\n<p>ENG: Peppermint \u201eMultimentha\u201c<\/p>\n<p>RU: \u00a0\u041c\u044f\u0442\u0430 \u043f\u0435\u0440\u0435\u0447\u043d\u0430\u044f \u201eMultimentha\u201c<\/p>\n<p>FI: Piparminttu \u201eMultimentha\u201c<\/p>\n<p>Piparm\u00fcnti \u201eMultimentha\u201c teatakse t\u00fc\u00fcringi piparm\u00fcndina v\u00f5i bavaaria piparm\u00fcndina\u00a0 (Th\u00fcringer Minze, Th\u00fcringen Pfefferminze, Eichenau Minze, \u00a0Bavarische Minze). P\u00e4rit on see piparm\u00fcndi variatsioon Saksamaalt \u00dclem-Baierist, kus seda piparm\u00fcnti on alates 1918. aastast Eichenau piirkonnas laiaulatuslikult kultiveeritud nii apteekidele kui piparm\u00fcndist saadva eeterliku \u00f5li tootmiseks. Alguse sai Eichenau kogukonna piparm\u00fcndikasvatus vanimast piparm\u00fcndi sordist \u201eBlack Mitcham\u201c, kuid hiljem nimetati see Eichenau turvasmuldadel kasvanud v\u00e4ga heade meditsiiniliste omaduste poolest kuulus piparm\u00fcnt t\u00fc\u00fcringi\u00a0 ehk eichenau piparm\u00fcndiks. Nii ongi \u00fcks ja sama piparm\u00fcndi variatsioon levinud mitme nimega, kuigi tegemist on \u00fche ja sama taimega.<\/p>\n<p>Taimel on tugevakasvulised tumepunased p\u00fcstised varred ja tumerohelised lehed ning helelillad \u00f5ied.\u00a0 Maitse ja l\u00f5hn on h\u00e4sti intensiivselt, isegi robustselt\u00a0 piparm\u00fcndine, ilma magusa alatoonita. V\u00e4hen\u00f5udlik talvekindel l\u00fchiajaline p\u00fcsik poolvarjulise v\u00f5i p\u00e4ikeselise parasniiske mullaga kasvukohale. Levib juurev\u00f5sudega, seep\u00e4rast oleks hea taimele planeerida kohe istutades piisav kasvuruum. Paljundada saab k\u00f5ige h\u00f5lpsamalt juurev\u00f5sudega. Vajab kasvukoha uuendamist \u00fcle 3-4 aasta. V\u00e4ga k\u00fclmal lumeta talvel v\u00f5iks taime katta kuuseokste, kuivade puulehtede v\u00f5i turbaga.<\/p>\n<p>Piparm\u00fcnt sobib kasutamiseks nii soolastes kui magusates roogades ja tee valmistamiseks nii \u00fcksiktaimena kui teiste sobivate teetaimedega koos.<\/p>\n<p>On peavalu ja k\u00f5hupuhitusi leevendava toimega. Soodustab sapi n\u00f5ristust, v\u00e4hendab iiveldust ning gaaside teket ja valu seedekulglas ning maksa piirkonnas. Vastun\u00e4idustused piparm\u00fcndi tarvitamisele on maksap\u00f5letik, sapikivit\u00f5bi, k\u00f5rvetised, refluks. Piparm\u00fcndile tihti omistatud rahustav toime ei ole teaduslikult t\u00f5estatud.<\/p>\n<p>K\u00f5rgus: kuni 1 m<\/p>\n<p>\u00d5itsemise aeg: VI-VIII<\/p>\n<p>Talvekindlus: Talvekindel<\/p>\n<p>&nbsp;<\/p>\n<p>&nbsp;<\/p>\n","protected":false},"featured_media":15955,"template":"","meta":{"_acf_changed":false,"_et_pb_use_builder":"","_et_pb_old_content":"","_et_gb_content_width":"","inline_featured_image":false},"product_brand":[],"product_cat":[186,192],"product_tag":[],"class_list":{"0":"post-15834","1":"product","2":"type-product","3":"status-publish","4":"has-post-thumbnail","6":"product_cat-maitse-ja-ravimtaimede-istikud","7":"product_cat-mundid","9":"first","10":"instock","11":"sale","12":"taxable","13":"shipping-taxable","14":"purchasable","15":"product-type-simple"},"acf":[],"yoast_head":"<!-- This site is optimized with the Yoast SEO plugin v26.4 - https:\/\/yoast.com\/wordpress\/plugins\/seo\/ -->\n<title>Must piparm\u00fcnt Mentha xpiperita var. piperita &quot;Multimentha&quot; - Tamme talu \u00fcrdiaed<\/title>\n<meta name=\"robots\" content=\"index, follow, max-snippet:-1, max-image-preview:large, max-video-preview:-1\" \/>\n<link rel=\"canonical\" href=\"https:\/\/tammetalu.eu\/toode\/piparmunt-multimentha\/\" \/>\n<meta property=\"og:locale\" content=\"en_US\" \/>\n<meta property=\"og:type\" content=\"article\" \/>\n<meta property=\"og:title\" content=\"Must piparm\u00fcnt Mentha xpiperita var. piperita &quot;Multimentha&quot; - Tamme talu \u00fcrdiaed\" \/>\n<meta property=\"og:description\" content=\"Must piparm\u00fcnt Mentha xpiperita var. piperita \u201eMultimentha\u201c  LAT: \u00a0Mentha xpiperita var. piperita \u201eMultimentha\u201c  ENG: Peppermint \u201eMultimentha\u201c  RU: \u00a0\u041c\u044f\u0442\u0430 \u043f\u0435\u0440\u0435\u0447\u043d\u0430\u044f \u201eMultimentha\u201c  FI: Piparminttu \u201eMultimentha\u201c  Piparm\u00fcnti \u201eMultimentha\u201c teatakse t\u00fc\u00fcringi piparm\u00fcndina v\u00f5i bavaaria piparm\u00fcndina\u00a0 (Th\u00fcringer Minze, Th\u00fcringen Pfefferminze, Eichenau Minze, \u00a0Bavarische Minze). P\u00e4rit on see piparm\u00fcndi variatsioon Saksamaalt \u00dclem-Baierist, kus seda piparm\u00fcnti on alates 1918. aastast Eichenau piirkonnas laiaulatuslikult kultiveeritud nii apteekidele kui piparm\u00fcndist saadva eeterliku \u00f5li tootmiseks. Alguse sai Eichenau kogukonna piparm\u00fcndikasvatus vanimast piparm\u00fcndi sordist \u201eBlack Mitcham\u201c, kuid hiljem nimetati see Eichenau turvasmuldadel kasvanud v\u00e4ga heade meditsiiniliste omaduste poolest kuulus piparm\u00fcnt t\u00fc\u00fcringi\u00a0 ehk eichenau piparm\u00fcndiks. Nii ongi \u00fcks ja sama piparm\u00fcndi variatsioon levinud mitme nimega, kuigi tegemist on \u00fche ja sama taimega.  Taimel on tugevakasvulised tumepunased p\u00fcstised varred ja tumerohelised lehed ning helelillad \u00f5ied.\u00a0 Maitse ja l\u00f5hn on h\u00e4sti intensiivselt, isegi robustselt\u00a0 piparm\u00fcndine, ilma magusa alatoonita. V\u00e4hen\u00f5udlik talvekindel l\u00fchiajaline p\u00fcsik poolvarjulise v\u00f5i p\u00e4ikeselise parasniiske mullaga kasvukohale. Levib juurev\u00f5sudega, seep\u00e4rast oleks hea taimele planeerida kohe istutades piisav kasvuruum. Paljundada saab k\u00f5ige h\u00f5lpsamalt juurev\u00f5sudega. Vajab kasvukoha uuendamist \u00fcle 3-4 aasta. V\u00e4ga k\u00fclmal lumeta talvel v\u00f5iks taime katta kuuseokste, kuivade puulehtede v\u00f5i turbaga.  Piparm\u00fcnt sobib kasutamiseks nii soolastes kui magusates roogades ja tee valmistamiseks nii \u00fcksiktaimena kui teiste sobivate teetaimedega koos.  On peavalu ja k\u00f5hupuhitusi leevendava toimega. Soodustab sapi n\u00f5ristust, v\u00e4hendab iiveldust ning gaaside teket ja valu seedekulglas ning maksa piirkonnas. Vastun\u00e4idustused piparm\u00fcndi tarvitamisele on maksap\u00f5letik, sapikivit\u00f5bi, k\u00f5rvetised, refluks. Piparm\u00fcndile tihti omistatud rahustav toime ei ole teaduslikult t\u00f5estatud.  K\u00f5rgus: kuni 1 m  \u00d5itsemise aeg: VI-VIII  Talvekindlus: Talvekindel  &nbsp;  &nbsp;\" \/>\n<meta property=\"og:url\" content=\"https:\/\/tammetalu.eu\/toode\/piparmunt-multimentha\/\" \/>\n<meta property=\"og:site_name\" content=\"Tamme talu \u00fcrdiaed\" \/>\n<meta property=\"article:publisher\" content=\"https:\/\/www.facebook.com\/TammeTaluUrdiaed\/?locale=et_EE\" \/>\n<meta property=\"article:modified_time\" content=\"2026-04-03T16:15:44+00:00\" \/>\n<meta property=\"og:image\" content=\"https:\/\/tammetalu.eu\/wp-content\/uploads\/2022\/08\/Piparmunt-multimentha-tamme-talu-urdiaed-5.jpg\" \/>\n\t<meta property=\"og:image:width\" content=\"400\" \/>\n\t<meta property=\"og:image:height\" content=\"320\" \/>\n\t<meta property=\"og:image:type\" content=\"image\/jpeg\" \/>\n<meta name=\"twitter:card\" content=\"summary_large_image\" \/>\n<meta name=\"twitter:label1\" content=\"Est. reading time\" \/>\n\t<meta name=\"twitter:data1\" content=\"1 minute\" \/>\n<script type=\"application\/ld+json\" class=\"yoast-schema-graph\">{\"@context\":\"https:\/\/schema.org\",\"@graph\":[{\"@type\":\"WebPage\",\"@id\":\"https:\/\/tammetalu.eu\/toode\/piparmunt-multimentha\/\",\"url\":\"https:\/\/tammetalu.eu\/toode\/piparmunt-multimentha\/\",\"name\":\"Must piparm\u00fcnt Mentha xpiperita var. piperita \\\"Multimentha\\\" - Tamme talu \u00fcrdiaed\",\"isPartOf\":{\"@id\":\"https:\/\/tammetalu.eu\/#website\"},\"primaryImageOfPage\":{\"@id\":\"https:\/\/tammetalu.eu\/toode\/piparmunt-multimentha\/#primaryimage\"},\"image\":{\"@id\":\"https:\/\/tammetalu.eu\/toode\/piparmunt-multimentha\/#primaryimage\"},\"thumbnailUrl\":\"https:\/\/tammetalu.eu\/wp-content\/uploads\/2022\/08\/Piparmunt-multimentha-tamme-talu-urdiaed-5.jpg\",\"datePublished\":\"2022-08-09T06:06:39+00:00\",\"dateModified\":\"2026-04-03T16:15:44+00:00\",\"breadcrumb\":{\"@id\":\"https:\/\/tammetalu.eu\/toode\/piparmunt-multimentha\/#breadcrumb\"},\"inLanguage\":\"en-US\",\"potentialAction\":[{\"@type\":\"ReadAction\",\"target\":[\"https:\/\/tammetalu.eu\/toode\/piparmunt-multimentha\/\"]}]},{\"@type\":\"ImageObject\",\"inLanguage\":\"en-US\",\"@id\":\"https:\/\/tammetalu.eu\/toode\/piparmunt-multimentha\/#primaryimage\",\"url\":\"https:\/\/tammetalu.eu\/wp-content\/uploads\/2022\/08\/Piparmunt-multimentha-tamme-talu-urdiaed-5.jpg\",\"contentUrl\":\"https:\/\/tammetalu.eu\/wp-content\/uploads\/2022\/08\/Piparmunt-multimentha-tamme-talu-urdiaed-5.jpg\",\"width\":400,\"height\":320},{\"@type\":\"BreadcrumbList\",\"@id\":\"https:\/\/tammetalu.eu\/toode\/piparmunt-multimentha\/#breadcrumb\",\"itemListElement\":[{\"@type\":\"ListItem\",\"position\":1,\"name\":\"Home\",\"item\":\"https:\/\/tammetalu.eu\/en\/esileht-eng\/\"},{\"@type\":\"ListItem\",\"position\":2,\"name\":\"Shop\",\"item\":\"https:\/\/tammetalu.eu\/en\/shop\/\"},{\"@type\":\"ListItem\",\"position\":3,\"name\":\"Must piparm\u00fcnt Mentha xpiperita var. piperita &#8220;Multimentha&#8221;\"}]},{\"@type\":\"WebSite\",\"@id\":\"https:\/\/tammetalu.eu\/#website\",\"url\":\"https:\/\/tammetalu.eu\/\",\"name\":\"Tamme talu \u00fcrdiaed\",\"description\":\"K\u00e4sit\u00f6\u00f6na valmistatud tooted \u00fcrtidest, \u00fcrdiistikud, \u00fcrtide kollektsioonaed\",\"publisher\":{\"@id\":\"https:\/\/tammetalu.eu\/#organization\"},\"alternateName\":\"Tamme talu\",\"potentialAction\":[{\"@type\":\"SearchAction\",\"target\":{\"@type\":\"EntryPoint\",\"urlTemplate\":\"https:\/\/tammetalu.eu\/?s={search_term_string}\"},\"query-input\":{\"@type\":\"PropertyValueSpecification\",\"valueRequired\":true,\"valueName\":\"search_term_string\"}}],\"inLanguage\":\"en-US\"},{\"@type\":\"Organization\",\"@id\":\"https:\/\/tammetalu.eu\/#organization\",\"name\":\"Tamme talu \u00fcrdiaed\",\"alternateName\":\"Tamme talu\",\"url\":\"https:\/\/tammetalu.eu\/\",\"logo\":{\"@type\":\"ImageObject\",\"inLanguage\":\"en-US\",\"@id\":\"https:\/\/tammetalu.eu\/#\/schema\/logo\/image\/\",\"url\":\"https:\/\/tammetalu.eu\/wp-content\/uploads\/2025\/01\/Tamme_talu_urdiaed.png\",\"contentUrl\":\"https:\/\/tammetalu.eu\/wp-content\/uploads\/2025\/01\/Tamme_talu_urdiaed.png\",\"width\":560,\"height\":560,\"caption\":\"Tamme talu \u00fcrdiaed\"},\"image\":{\"@id\":\"https:\/\/tammetalu.eu\/#\/schema\/logo\/image\/\"},\"sameAs\":[\"https:\/\/www.facebook.com\/TammeTaluUrdiaed\/?locale=et_EE\",\"https:\/\/www.instagram.com\/tammetaluurdiaed\/\"]}]}<\/script>\n<!-- \/ Yoast SEO plugin. -->","yoast_head_json":{"title":"Must piparm\u00fcnt Mentha xpiperita var. piperita \"Multimentha\" - Tamme talu \u00fcrdiaed","robots":{"index":"index","follow":"follow","max-snippet":"max-snippet:-1","max-image-preview":"max-image-preview:large","max-video-preview":"max-video-preview:-1"},"canonical":"https:\/\/tammetalu.eu\/toode\/piparmunt-multimentha\/","og_locale":"en_US","og_type":"article","og_title":"Must piparm\u00fcnt Mentha xpiperita var. piperita \"Multimentha\" - Tamme talu \u00fcrdiaed","og_description":"Must piparm\u00fcnt Mentha xpiperita var. piperita \u201eMultimentha\u201c  LAT: \u00a0Mentha xpiperita var. piperita \u201eMultimentha\u201c  ENG: Peppermint \u201eMultimentha\u201c  RU: \u00a0\u041c\u044f\u0442\u0430 \u043f\u0435\u0440\u0435\u0447\u043d\u0430\u044f \u201eMultimentha\u201c  FI: Piparminttu \u201eMultimentha\u201c  Piparm\u00fcnti \u201eMultimentha\u201c teatakse t\u00fc\u00fcringi piparm\u00fcndina v\u00f5i bavaaria piparm\u00fcndina\u00a0 (Th\u00fcringer Minze, Th\u00fcringen Pfefferminze, Eichenau Minze, \u00a0Bavarische Minze). P\u00e4rit on see piparm\u00fcndi variatsioon Saksamaalt \u00dclem-Baierist, kus seda piparm\u00fcnti on alates 1918. aastast Eichenau piirkonnas laiaulatuslikult kultiveeritud nii apteekidele kui piparm\u00fcndist saadva eeterliku \u00f5li tootmiseks. Alguse sai Eichenau kogukonna piparm\u00fcndikasvatus vanimast piparm\u00fcndi sordist \u201eBlack Mitcham\u201c, kuid hiljem nimetati see Eichenau turvasmuldadel kasvanud v\u00e4ga heade meditsiiniliste omaduste poolest kuulus piparm\u00fcnt t\u00fc\u00fcringi\u00a0 ehk eichenau piparm\u00fcndiks. Nii ongi \u00fcks ja sama piparm\u00fcndi variatsioon levinud mitme nimega, kuigi tegemist on \u00fche ja sama taimega.  Taimel on tugevakasvulised tumepunased p\u00fcstised varred ja tumerohelised lehed ning helelillad \u00f5ied.\u00a0 Maitse ja l\u00f5hn on h\u00e4sti intensiivselt, isegi robustselt\u00a0 piparm\u00fcndine, ilma magusa alatoonita. V\u00e4hen\u00f5udlik talvekindel l\u00fchiajaline p\u00fcsik poolvarjulise v\u00f5i p\u00e4ikeselise parasniiske mullaga kasvukohale. Levib juurev\u00f5sudega, seep\u00e4rast oleks hea taimele planeerida kohe istutades piisav kasvuruum. Paljundada saab k\u00f5ige h\u00f5lpsamalt juurev\u00f5sudega. Vajab kasvukoha uuendamist \u00fcle 3-4 aasta. V\u00e4ga k\u00fclmal lumeta talvel v\u00f5iks taime katta kuuseokste, kuivade puulehtede v\u00f5i turbaga.  Piparm\u00fcnt sobib kasutamiseks nii soolastes kui magusates roogades ja tee valmistamiseks nii \u00fcksiktaimena kui teiste sobivate teetaimedega koos.  On peavalu ja k\u00f5hupuhitusi leevendava toimega. Soodustab sapi n\u00f5ristust, v\u00e4hendab iiveldust ning gaaside teket ja valu seedekulglas ning maksa piirkonnas. Vastun\u00e4idustused piparm\u00fcndi tarvitamisele on maksap\u00f5letik, sapikivit\u00f5bi, k\u00f5rvetised, refluks. Piparm\u00fcndile tihti omistatud rahustav toime ei ole teaduslikult t\u00f5estatud.  K\u00f5rgus: kuni 1 m  \u00d5itsemise aeg: VI-VIII  Talvekindlus: Talvekindel  &nbsp;  &nbsp;","og_url":"https:\/\/tammetalu.eu\/toode\/piparmunt-multimentha\/","og_site_name":"Tamme talu \u00fcrdiaed","article_publisher":"https:\/\/www.facebook.com\/TammeTaluUrdiaed\/?locale=et_EE","article_modified_time":"2026-04-03T16:15:44+00:00","og_image":[{"width":400,"height":320,"url":"https:\/\/tammetalu.eu\/wp-content\/uploads\/2022\/08\/Piparmunt-multimentha-tamme-talu-urdiaed-5.jpg","type":"image\/jpeg"}],"twitter_card":"summary_large_image","twitter_misc":{"Est. reading time":"1 minute"},"schema":{"@context":"https:\/\/schema.org","@graph":[{"@type":"WebPage","@id":"https:\/\/tammetalu.eu\/toode\/piparmunt-multimentha\/","url":"https:\/\/tammetalu.eu\/toode\/piparmunt-multimentha\/","name":"Must piparm\u00fcnt Mentha xpiperita var. piperita \"Multimentha\" - Tamme talu \u00fcrdiaed","isPartOf":{"@id":"https:\/\/tammetalu.eu\/#website"},"primaryImageOfPage":{"@id":"https:\/\/tammetalu.eu\/toode\/piparmunt-multimentha\/#primaryimage"},"image":{"@id":"https:\/\/tammetalu.eu\/toode\/piparmunt-multimentha\/#primaryimage"},"thumbnailUrl":"https:\/\/tammetalu.eu\/wp-content\/uploads\/2022\/08\/Piparmunt-multimentha-tamme-talu-urdiaed-5.jpg","datePublished":"2022-08-09T06:06:39+00:00","dateModified":"2026-04-03T16:15:44+00:00","breadcrumb":{"@id":"https:\/\/tammetalu.eu\/toode\/piparmunt-multimentha\/#breadcrumb"},"inLanguage":"en-US","potentialAction":[{"@type":"ReadAction","target":["https:\/\/tammetalu.eu\/toode\/piparmunt-multimentha\/"]}]},{"@type":"ImageObject","inLanguage":"en-US","@id":"https:\/\/tammetalu.eu\/toode\/piparmunt-multimentha\/#primaryimage","url":"https:\/\/tammetalu.eu\/wp-content\/uploads\/2022\/08\/Piparmunt-multimentha-tamme-talu-urdiaed-5.jpg","contentUrl":"https:\/\/tammetalu.eu\/wp-content\/uploads\/2022\/08\/Piparmunt-multimentha-tamme-talu-urdiaed-5.jpg","width":400,"height":320},{"@type":"BreadcrumbList","@id":"https:\/\/tammetalu.eu\/toode\/piparmunt-multimentha\/#breadcrumb","itemListElement":[{"@type":"ListItem","position":1,"name":"Home","item":"https:\/\/tammetalu.eu\/en\/esileht-eng\/"},{"@type":"ListItem","position":2,"name":"Shop","item":"https:\/\/tammetalu.eu\/en\/shop\/"},{"@type":"ListItem","position":3,"name":"Must piparm\u00fcnt Mentha xpiperita var. piperita &#8220;Multimentha&#8221;"}]},{"@type":"WebSite","@id":"https:\/\/tammetalu.eu\/#website","url":"https:\/\/tammetalu.eu\/","name":"Tamme talu \u00fcrdiaed","description":"K\u00e4sit\u00f6\u00f6na valmistatud tooted \u00fcrtidest, \u00fcrdiistikud, \u00fcrtide kollektsioonaed","publisher":{"@id":"https:\/\/tammetalu.eu\/#organization"},"alternateName":"Tamme talu","potentialAction":[{"@type":"SearchAction","target":{"@type":"EntryPoint","urlTemplate":"https:\/\/tammetalu.eu\/?s={search_term_string}"},"query-input":{"@type":"PropertyValueSpecification","valueRequired":true,"valueName":"search_term_string"}}],"inLanguage":"en-US"},{"@type":"Organization","@id":"https:\/\/tammetalu.eu\/#organization","name":"Tamme talu \u00fcrdiaed","alternateName":"Tamme talu","url":"https:\/\/tammetalu.eu\/","logo":{"@type":"ImageObject","inLanguage":"en-US","@id":"https:\/\/tammetalu.eu\/#\/schema\/logo\/image\/","url":"https:\/\/tammetalu.eu\/wp-content\/uploads\/2025\/01\/Tamme_talu_urdiaed.png","contentUrl":"https:\/\/tammetalu.eu\/wp-content\/uploads\/2025\/01\/Tamme_talu_urdiaed.png","width":560,"height":560,"caption":"Tamme talu \u00fcrdiaed"},"image":{"@id":"https:\/\/tammetalu.eu\/#\/schema\/logo\/image\/"},"sameAs":["https:\/\/www.facebook.com\/TammeTaluUrdiaed\/?locale=et_EE","https:\/\/www.instagram.com\/tammetaluurdiaed\/"]}]}},"_links":{"self":[{"href":"https:\/\/tammetalu.eu\/en\/wp-json\/wp\/v2\/product\/15834","targetHints":{"allow":["GET"]}}],"collection":[{"href":"https:\/\/tammetalu.eu\/en\/wp-json\/wp\/v2\/product"}],"about":[{"href":"https:\/\/tammetalu.eu\/en\/wp-json\/wp\/v2\/types\/product"}],"wp:featuredmedia":[{"embeddable":true,"href":"https:\/\/tammetalu.eu\/en\/wp-json\/wp\/v2\/media\/15955"}],"wp:attachment":[{"href":"https:\/\/tammetalu.eu\/en\/wp-json\/wp\/v2\/media?parent=15834"}],"wp:term":[{"taxonomy":"product_brand","embeddable":true,"href":"https:\/\/tammetalu.eu\/en\/wp-json\/wp\/v2\/product_brand?post=15834"},{"taxonomy":"product_cat","embeddable":true,"href":"https:\/\/tammetalu.eu\/en\/wp-json\/wp\/v2\/product_cat?post=15834"},{"taxonomy":"product_tag","embeddable":true,"href":"https:\/\/tammetalu.eu\/en\/wp-json\/wp\/v2\/product_tag?post=15834"}],"curies":[{"name":"wp","href":"https:\/\/api.w.org\/{rel}","templated":true}]}}