{"id":15835,"date":"2022-08-09T09:06:39","date_gmt":"2022-08-09T06:06:39","guid":{"rendered":"https:\/\/tammetalu.eu?post_type=product&#038;p=15835"},"modified":"2026-04-14T15:00:24","modified_gmt":"2026-04-14T12:00:24","slug":"ananass-salvei","status":"publish","type":"product","link":"https:\/\/tammetalu.eu\/en\/product\/ananass-salvei\/","title":{"rendered":"Ananass-salvei"},"content":{"rendered":"","protected":false},"excerpt":{"rendered":"<p><em>Salvia elegans<\/em><\/p>\n<p>V\u00e4ga aromaatsete ananassi l\u00f5hnaliste lehtede ja j\u00f5ulise kasvuga k\u00fclmahell p\u00fcsik.\u00a0 Taimel on rohelised, veidi karekarvased lehed ja erkpunased v\u00e4heldased torukujulised \u00f5ied. K\u00f5rgus kuni 1,2 m. K\u00e4rpimisega saab taime kasvuk\u00f5rgust sobivas suunas m\u00f5jutada. On k\u00fclmahell, seep\u00e4rast tuleb taim enne miinuskraadide saabumist siseruumidesse talvituma t\u00f5sta. Kuna jahedas ja valges siseruumis on ananass-salveid kerge \u00fcle talve pidada, siis tasuks kaaluda teda kasvatada mitmeaastase taimena. Ananass-salvei kasvab h\u00e4sti viljakas parasniiskes mullas, p\u00e4ikeselises kuni poolvarjulises kasvukohas. Soovitav on kasvatada potitaimena. Sobib kasvatada r\u00f5dul ja terrassil l\u00f5hnataimeks. Raviomadusi sellel salveiliigil ei ole. Kasvatada tasub ananass-salveid eelk\u00f5ige just meeldiva l\u00f5hna ja lopsaka kasvu p\u00e4rast.<\/p>\n<p>Lehti v\u00f5ib kasutada teeks ja salatites ning liha- ja aedviljatoitude lisandina koos teiste maitse- ja salatitaimedega.<\/p>\n<p><strong>Postiga saadetavad taimed pakime alati turvaliselt ja ilmastikukindlalt.<\/strong><\/p>\n","protected":false},"featured_media":15959,"template":"","meta":{"_acf_changed":false,"_et_pb_use_builder":"","_et_pb_old_content":"","_et_gb_content_width":"","inline_featured_image":false},"product_brand":[],"product_cat":[247,186,196],"product_tag":[],"class_list":{"0":"post-15835","1":"product","2":"type-product","3":"status-publish","4":"has-post-thumbnail","6":"product_cat-rohenappude-lemmikud","7":"product_cat-maitse-ja-ravimtaimede-istikud","8":"product_cat-salveid","10":"first","11":"instock","12":"sale","13":"taxable","14":"shipping-taxable","15":"purchasable","16":"product-type-simple"},"acf":[],"yoast_head":"<!-- This site is optimized with the Yoast SEO plugin v26.4 - https:\/\/yoast.com\/wordpress\/plugins\/seo\/ -->\n<title>Ananass-salvei - Tamme talu \u00fcrdiaed<\/title>\n<meta name=\"robots\" content=\"index, follow, max-snippet:-1, max-image-preview:large, max-video-preview:-1\" \/>\n<link rel=\"canonical\" href=\"https:\/\/tammetalu.eu\/toode\/ananass-salvei\/\" \/>\n<meta property=\"og:locale\" content=\"en_US\" \/>\n<meta property=\"og:type\" content=\"article\" \/>\n<meta property=\"og:title\" content=\"Ananass-salvei - Tamme talu \u00fcrdiaed\" \/>\n<meta property=\"og:description\" content=\"Salvia elegans  V\u00e4ga aromaatsete ananassi l\u00f5hnaliste lehtede ja j\u00f5ulise kasvuga k\u00fclmahell p\u00fcsik.\u00a0 Taimel on rohelised, veidi karekarvased lehed ja erkpunased v\u00e4heldased torukujulised \u00f5ied. K\u00f5rgus kuni 1,2 m. K\u00e4rpimisega saab taime kasvuk\u00f5rgust sobivas suunas m\u00f5jutada. On k\u00fclmahell, seep\u00e4rast tuleb taim enne miinuskraadide saabumist siseruumidesse talvituma t\u00f5sta. Kuna jahedas ja valges siseruumis on ananass-salveid kerge \u00fcle talve pidada, siis tasuks kaaluda teda kasvatada mitmeaastase taimena. Ananass-salvei kasvab h\u00e4sti viljakas parasniiskes mullas, p\u00e4ikeselises kuni poolvarjulises kasvukohas. Soovitav on kasvatada potitaimena. Sobib kasvatada r\u00f5dul ja terrassil l\u00f5hnataimeks. Raviomadusi sellel salveiliigil ei ole. Kasvatada tasub ananass-salveid eelk\u00f5ige just meeldiva l\u00f5hna ja lopsaka kasvu p\u00e4rast.  Lehti v\u00f5ib kasutada teeks ja salatites ning liha- ja aedviljatoitude lisandina koos teiste maitse- ja salatitaimedega.  Postiga saadetavad taimed pakime alati turvaliselt ja ilmastikukindlalt.\" \/>\n<meta property=\"og:url\" content=\"https:\/\/tammetalu.eu\/toode\/ananass-salvei\/\" \/>\n<meta property=\"og:site_name\" content=\"Tamme talu \u00fcrdiaed\" \/>\n<meta property=\"article:publisher\" content=\"https:\/\/www.facebook.com\/TammeTaluUrdiaed\/?locale=et_EE\" \/>\n<meta property=\"article:modified_time\" content=\"2026-04-14T12:00:24+00:00\" \/>\n<meta property=\"og:image\" content=\"https:\/\/tammetalu.eu\/wp-content\/uploads\/2022\/08\/Ananass-salvei-tamme-talu-urdiaed-5.jpg\" \/>\n\t<meta property=\"og:image:width\" content=\"850\" \/>\n\t<meta property=\"og:image:height\" content=\"776\" \/>\n\t<meta property=\"og:image:type\" content=\"image\/jpeg\" \/>\n<meta name=\"twitter:card\" content=\"summary_large_image\" \/>\n<script type=\"application\/ld+json\" class=\"yoast-schema-graph\">{\"@context\":\"https:\/\/schema.org\",\"@graph\":[{\"@type\":\"WebPage\",\"@id\":\"https:\/\/tammetalu.eu\/toode\/ananass-salvei\/\",\"url\":\"https:\/\/tammetalu.eu\/toode\/ananass-salvei\/\",\"name\":\"Ananass-salvei - Tamme talu \u00fcrdiaed\",\"isPartOf\":{\"@id\":\"https:\/\/tammetalu.eu\/#website\"},\"primaryImageOfPage\":{\"@id\":\"https:\/\/tammetalu.eu\/toode\/ananass-salvei\/#primaryimage\"},\"image\":{\"@id\":\"https:\/\/tammetalu.eu\/toode\/ananass-salvei\/#primaryimage\"},\"thumbnailUrl\":\"https:\/\/tammetalu.eu\/wp-content\/uploads\/2022\/08\/Ananass-salvei-tamme-talu-urdiaed-5.jpg\",\"datePublished\":\"2022-08-09T06:06:39+00:00\",\"dateModified\":\"2026-04-14T12:00:24+00:00\",\"breadcrumb\":{\"@id\":\"https:\/\/tammetalu.eu\/toode\/ananass-salvei\/#breadcrumb\"},\"inLanguage\":\"en-US\",\"potentialAction\":[{\"@type\":\"ReadAction\",\"target\":[\"https:\/\/tammetalu.eu\/toode\/ananass-salvei\/\"]}]},{\"@type\":\"ImageObject\",\"inLanguage\":\"en-US\",\"@id\":\"https:\/\/tammetalu.eu\/toode\/ananass-salvei\/#primaryimage\",\"url\":\"https:\/\/tammetalu.eu\/wp-content\/uploads\/2022\/08\/Ananass-salvei-tamme-talu-urdiaed-5.jpg\",\"contentUrl\":\"https:\/\/tammetalu.eu\/wp-content\/uploads\/2022\/08\/Ananass-salvei-tamme-talu-urdiaed-5.jpg\",\"width\":850,\"height\":776},{\"@type\":\"BreadcrumbList\",\"@id\":\"https:\/\/tammetalu.eu\/toode\/ananass-salvei\/#breadcrumb\",\"itemListElement\":[{\"@type\":\"ListItem\",\"position\":1,\"name\":\"Home\",\"item\":\"https:\/\/tammetalu.eu\/en\/esileht-eng\/\"},{\"@type\":\"ListItem\",\"position\":2,\"name\":\"Shop\",\"item\":\"https:\/\/tammetalu.eu\/en\/shop\/\"},{\"@type\":\"ListItem\",\"position\":3,\"name\":\"Ananass-salvei\"}]},{\"@type\":\"WebSite\",\"@id\":\"https:\/\/tammetalu.eu\/#website\",\"url\":\"https:\/\/tammetalu.eu\/\",\"name\":\"Tamme talu \u00fcrdiaed\",\"description\":\"K\u00e4sit\u00f6\u00f6na valmistatud tooted \u00fcrtidest, \u00fcrdiistikud, \u00fcrtide kollektsioonaed\",\"publisher\":{\"@id\":\"https:\/\/tammetalu.eu\/#organization\"},\"alternateName\":\"Tamme talu\",\"potentialAction\":[{\"@type\":\"SearchAction\",\"target\":{\"@type\":\"EntryPoint\",\"urlTemplate\":\"https:\/\/tammetalu.eu\/?s={search_term_string}\"},\"query-input\":{\"@type\":\"PropertyValueSpecification\",\"valueRequired\":true,\"valueName\":\"search_term_string\"}}],\"inLanguage\":\"en-US\"},{\"@type\":\"Organization\",\"@id\":\"https:\/\/tammetalu.eu\/#organization\",\"name\":\"Tamme talu \u00fcrdiaed\",\"alternateName\":\"Tamme talu\",\"url\":\"https:\/\/tammetalu.eu\/\",\"logo\":{\"@type\":\"ImageObject\",\"inLanguage\":\"en-US\",\"@id\":\"https:\/\/tammetalu.eu\/#\/schema\/logo\/image\/\",\"url\":\"https:\/\/tammetalu.eu\/wp-content\/uploads\/2025\/01\/Tamme_talu_urdiaed.png\",\"contentUrl\":\"https:\/\/tammetalu.eu\/wp-content\/uploads\/2025\/01\/Tamme_talu_urdiaed.png\",\"width\":560,\"height\":560,\"caption\":\"Tamme talu \u00fcrdiaed\"},\"image\":{\"@id\":\"https:\/\/tammetalu.eu\/#\/schema\/logo\/image\/\"},\"sameAs\":[\"https:\/\/www.facebook.com\/TammeTaluUrdiaed\/?locale=et_EE\",\"https:\/\/www.instagram.com\/tammetaluurdiaed\/\"]}]}<\/script>\n<!-- \/ Yoast SEO plugin. -->","yoast_head_json":{"title":"Ananass-salvei - Tamme talu \u00fcrdiaed","robots":{"index":"index","follow":"follow","max-snippet":"max-snippet:-1","max-image-preview":"max-image-preview:large","max-video-preview":"max-video-preview:-1"},"canonical":"https:\/\/tammetalu.eu\/toode\/ananass-salvei\/","og_locale":"en_US","og_type":"article","og_title":"Ananass-salvei - Tamme talu \u00fcrdiaed","og_description":"Salvia elegans  V\u00e4ga aromaatsete ananassi l\u00f5hnaliste lehtede ja j\u00f5ulise kasvuga k\u00fclmahell p\u00fcsik.\u00a0 Taimel on rohelised, veidi karekarvased lehed ja erkpunased v\u00e4heldased torukujulised \u00f5ied. K\u00f5rgus kuni 1,2 m. K\u00e4rpimisega saab taime kasvuk\u00f5rgust sobivas suunas m\u00f5jutada. On k\u00fclmahell, seep\u00e4rast tuleb taim enne miinuskraadide saabumist siseruumidesse talvituma t\u00f5sta. Kuna jahedas ja valges siseruumis on ananass-salveid kerge \u00fcle talve pidada, siis tasuks kaaluda teda kasvatada mitmeaastase taimena. Ananass-salvei kasvab h\u00e4sti viljakas parasniiskes mullas, p\u00e4ikeselises kuni poolvarjulises kasvukohas. Soovitav on kasvatada potitaimena. Sobib kasvatada r\u00f5dul ja terrassil l\u00f5hnataimeks. Raviomadusi sellel salveiliigil ei ole. Kasvatada tasub ananass-salveid eelk\u00f5ige just meeldiva l\u00f5hna ja lopsaka kasvu p\u00e4rast.  Lehti v\u00f5ib kasutada teeks ja salatites ning liha- ja aedviljatoitude lisandina koos teiste maitse- ja salatitaimedega.  Postiga saadetavad taimed pakime alati turvaliselt ja ilmastikukindlalt.","og_url":"https:\/\/tammetalu.eu\/toode\/ananass-salvei\/","og_site_name":"Tamme talu \u00fcrdiaed","article_publisher":"https:\/\/www.facebook.com\/TammeTaluUrdiaed\/?locale=et_EE","article_modified_time":"2026-04-14T12:00:24+00:00","og_image":[{"width":850,"height":776,"url":"https:\/\/tammetalu.eu\/wp-content\/uploads\/2022\/08\/Ananass-salvei-tamme-talu-urdiaed-5.jpg","type":"image\/jpeg"}],"twitter_card":"summary_large_image","schema":{"@context":"https:\/\/schema.org","@graph":[{"@type":"WebPage","@id":"https:\/\/tammetalu.eu\/toode\/ananass-salvei\/","url":"https:\/\/tammetalu.eu\/toode\/ananass-salvei\/","name":"Ananass-salvei - Tamme talu \u00fcrdiaed","isPartOf":{"@id":"https:\/\/tammetalu.eu\/#website"},"primaryImageOfPage":{"@id":"https:\/\/tammetalu.eu\/toode\/ananass-salvei\/#primaryimage"},"image":{"@id":"https:\/\/tammetalu.eu\/toode\/ananass-salvei\/#primaryimage"},"thumbnailUrl":"https:\/\/tammetalu.eu\/wp-content\/uploads\/2022\/08\/Ananass-salvei-tamme-talu-urdiaed-5.jpg","datePublished":"2022-08-09T06:06:39+00:00","dateModified":"2026-04-14T12:00:24+00:00","breadcrumb":{"@id":"https:\/\/tammetalu.eu\/toode\/ananass-salvei\/#breadcrumb"},"inLanguage":"en-US","potentialAction":[{"@type":"ReadAction","target":["https:\/\/tammetalu.eu\/toode\/ananass-salvei\/"]}]},{"@type":"ImageObject","inLanguage":"en-US","@id":"https:\/\/tammetalu.eu\/toode\/ananass-salvei\/#primaryimage","url":"https:\/\/tammetalu.eu\/wp-content\/uploads\/2022\/08\/Ananass-salvei-tamme-talu-urdiaed-5.jpg","contentUrl":"https:\/\/tammetalu.eu\/wp-content\/uploads\/2022\/08\/Ananass-salvei-tamme-talu-urdiaed-5.jpg","width":850,"height":776},{"@type":"BreadcrumbList","@id":"https:\/\/tammetalu.eu\/toode\/ananass-salvei\/#breadcrumb","itemListElement":[{"@type":"ListItem","position":1,"name":"Home","item":"https:\/\/tammetalu.eu\/en\/esileht-eng\/"},{"@type":"ListItem","position":2,"name":"Shop","item":"https:\/\/tammetalu.eu\/en\/shop\/"},{"@type":"ListItem","position":3,"name":"Ananass-salvei"}]},{"@type":"WebSite","@id":"https:\/\/tammetalu.eu\/#website","url":"https:\/\/tammetalu.eu\/","name":"Tamme talu \u00fcrdiaed","description":"K\u00e4sit\u00f6\u00f6na valmistatud tooted \u00fcrtidest, \u00fcrdiistikud, \u00fcrtide kollektsioonaed","publisher":{"@id":"https:\/\/tammetalu.eu\/#organization"},"alternateName":"Tamme talu","potentialAction":[{"@type":"SearchAction","target":{"@type":"EntryPoint","urlTemplate":"https:\/\/tammetalu.eu\/?s={search_term_string}"},"query-input":{"@type":"PropertyValueSpecification","valueRequired":true,"valueName":"search_term_string"}}],"inLanguage":"en-US"},{"@type":"Organization","@id":"https:\/\/tammetalu.eu\/#organization","name":"Tamme talu \u00fcrdiaed","alternateName":"Tamme talu","url":"https:\/\/tammetalu.eu\/","logo":{"@type":"ImageObject","inLanguage":"en-US","@id":"https:\/\/tammetalu.eu\/#\/schema\/logo\/image\/","url":"https:\/\/tammetalu.eu\/wp-content\/uploads\/2025\/01\/Tamme_talu_urdiaed.png","contentUrl":"https:\/\/tammetalu.eu\/wp-content\/uploads\/2025\/01\/Tamme_talu_urdiaed.png","width":560,"height":560,"caption":"Tamme talu \u00fcrdiaed"},"image":{"@id":"https:\/\/tammetalu.eu\/#\/schema\/logo\/image\/"},"sameAs":["https:\/\/www.facebook.com\/TammeTaluUrdiaed\/?locale=et_EE","https:\/\/www.instagram.com\/tammetaluurdiaed\/"]}]}},"_links":{"self":[{"href":"https:\/\/tammetalu.eu\/en\/wp-json\/wp\/v2\/product\/15835","targetHints":{"allow":["GET"]}}],"collection":[{"href":"https:\/\/tammetalu.eu\/en\/wp-json\/wp\/v2\/product"}],"about":[{"href":"https:\/\/tammetalu.eu\/en\/wp-json\/wp\/v2\/types\/product"}],"wp:featuredmedia":[{"embeddable":true,"href":"https:\/\/tammetalu.eu\/en\/wp-json\/wp\/v2\/media\/15959"}],"wp:attachment":[{"href":"https:\/\/tammetalu.eu\/en\/wp-json\/wp\/v2\/media?parent=15835"}],"wp:term":[{"taxonomy":"product_brand","embeddable":true,"href":"https:\/\/tammetalu.eu\/en\/wp-json\/wp\/v2\/product_brand?post=15835"},{"taxonomy":"product_cat","embeddable":true,"href":"https:\/\/tammetalu.eu\/en\/wp-json\/wp\/v2\/product_cat?post=15835"},{"taxonomy":"product_tag","embeddable":true,"href":"https:\/\/tammetalu.eu\/en\/wp-json\/wp\/v2\/product_tag?post=15835"}],"curies":[{"name":"wp","href":"https:\/\/api.w.org\/{rel}","templated":true}]}}