{"id":15837,"date":"2022-08-09T09:06:39","date_gmt":"2022-08-09T06:06:39","guid":{"rendered":"https:\/\/tammetalu.eu?post_type=product&#038;p=15837"},"modified":"2026-04-24T23:43:12","modified_gmt":"2026-04-24T20:43:12","slug":"aedmonarda-melua-burgundy","status":"publish","type":"product","link":"https:\/\/tammetalu.eu\/en\/product\/aedmonarda-melua-burgundy\/","title":{"rendered":"Aedmonarda Monarda didyma &#8220;Melua Burgundy&#8221;"},"content":{"rendered":"","protected":false},"excerpt":{"rendered":"<p>Aedmonarda <em>Monarda didyma<\/em> &#8220;Melua Burgundy&#8221;<\/p>\n<p>LAT: \u00a0<em>Monarda didyma <\/em>&#8220;Melua Burgundy&#8221;<\/p>\n<p>ENG: \u00a0 Bee balm &#8220;Melua Burgundy\u201d<\/p>\n<p>RU: \u00a0M\u043e\u043d\u0430\u0440\u0434\u0430 &#8220;Melua Burgundy\u201d<\/p>\n<p>FI:\u00a0 V\u00e4riminttu &#8220;Melua Burgundy\u201d<\/p>\n<p>Burgundiapunaste tumedate eksootilise v\u00e4limusega \u00f5ite ja rikkaliku tugeva rohelise lehestikuga aedmonarda sort, mis on vastupidav ebajahukastele. Taime \u00f5ied ja lehed levitavad puudutamisel meeldivalt v\u00fcrtsikat sidruni aroomi. Taimede k\u00f5rgus on umbes 60 cm. Kasvuks vajab vett l\u00e4bilaskvat parasniisket viljakat mulda ja p\u00e4ikeselist kuni poolvarjulist kasvukohta. Monardad on t\u00e4iesti talvekindlad, kuid \u00fcle kolme-nelja aasta vajavad uuendamist puhmiku jagamise teel. Monardad on \u00f5itsemise ajal liblikate ja mesilaste lemmikud. \u00d5itsevad juulist kuni augustini.<\/p>\n<p>Monardade lehti ja \u00f5isi v\u00f5ib kasutada k\u00f6\u00f6gis nii kuivatatuna kui v\u00e4rskelt. Lehed lisavad meeldivat v\u00fcrtsikust salatitele ja aedviljaroogadele. Maitse sobib kokku veel sea- ja linnulihast roogadega.<\/p>\n<p>Monardade \u00f5itest ja lehtedest valmistatud teed kasutatakse rahvameditsiinis k\u00f6ha ja k\u00fclmetuse puhul ja kui \u00f5htuse l\u00f5\u00f5gastava\u00a0 enne und joogina.<\/p>\n<p>K\u00f5rgus: kuni 0,6 m<\/p>\n<p>\u00d5itsemise aeg: VII-VIII<\/p>\n<p>Talvekindlus: Talvekindel<\/p>\n<p>Poti suurus: 9-12<\/p>\n<p>&nbsp;<\/p>\n","protected":false},"featured_media":15967,"template":"","meta":{"_acf_changed":false,"_et_pb_use_builder":"off","_et_pb_old_content":"Aedmonarda \"Melua Burgundy\"\r\n\r\n<em>Monarda didyma<\/em>\r\n\r\nErksate lillakasroosade eksootilise v\u00e4limusega \u00f5ite ja rikkaliku tugeva rohelise lehestikuga aedmonarda sort, mis on vastupidav ebajahukastele. Taime \u00f5ied ja lehed levitavad puudutamisel meeldivalt v\u00fcrtsikat sidruni aroomi. Taimede k\u00f5rgus on umbes 60 cm. Kasvuks vajavad vett l\u00e4bilaskvat parasniisket viljakat mulda ja p\u00e4ikeselist v\u00f5i poolvarjulist kasvukohta. Monardad on t\u00e4iesti talvekindlad, kuid \u00fcle kolme-nelja aasta vajavad uuendamist puhmiku jagamise teel. Monardad on \u00f5itsemise ajal liblikate ja mesilaste lemmikud. \u00d5itsevad juulist kuni augustini.\r\n\r\nMonardade lehti ja \u00f5isi v\u00f5ib kasutada k\u00f6\u00f6gis nii kuivatatuna kui v\u00e4rskelt. Lehed lisavad meeldivat v\u00fcrtsikust salatitele ja aedviljaroogadele. Monardade \u00f5itest ja lehtedest valmistatud teed kasutatakse rahvameditsiinis k\u00f6ha ja k\u00fclmetuse puhul kui \u00f5htuse l\u00f5\u00f5gastava joogina.\r\n\r\n<strong>Taimede m\u00fc\u00fcgiga alustame 25. aprillil 2022. Postiga saadetavad taimed on alati pakitud turvaliselt ja ilmastikukindlalt.<\/strong>","_et_gb_content_width":"","inline_featured_image":false},"product_brand":[],"product_cat":[186,195],"product_tag":[],"class_list":{"0":"post-15837","1":"product","2":"type-product","3":"status-publish","4":"has-post-thumbnail","6":"product_cat-maitse-ja-ravimtaimede-istikud","7":"product_cat-monardad","9":"first","10":"instock","11":"sale","12":"taxable","13":"shipping-taxable","14":"purchasable","15":"product-type-simple"},"acf":[],"yoast_head":"<!-- This site is optimized with the Yoast SEO plugin v26.4 - https:\/\/yoast.com\/wordpress\/plugins\/seo\/ -->\n<title>Aedmonarda Monarda didyma &quot;Melua Burgundy&quot; - Tamme talu \u00fcrdiaed<\/title>\n<meta name=\"robots\" content=\"index, follow, max-snippet:-1, max-image-preview:large, max-video-preview:-1\" \/>\n<link rel=\"canonical\" href=\"https:\/\/tammetalu.eu\/toode\/aedmonarda-melua-burgundy\/\" \/>\n<meta property=\"og:locale\" content=\"en_US\" \/>\n<meta property=\"og:type\" content=\"article\" \/>\n<meta property=\"og:title\" content=\"Aedmonarda Monarda didyma &quot;Melua Burgundy&quot; - Tamme talu \u00fcrdiaed\" \/>\n<meta property=\"og:description\" content=\"Aedmonarda Monarda didyma &quot;Melua Burgundy&quot;  LAT: \u00a0Monarda didyma &quot;Melua Burgundy&quot;  ENG: \u00a0 Bee balm &quot;Melua Burgundy\u201d  RU: \u00a0M\u043e\u043d\u0430\u0440\u0434\u0430 &quot;Melua Burgundy\u201d  FI:\u00a0 V\u00e4riminttu &quot;Melua Burgundy\u201d  Burgundiapunaste tumedate eksootilise v\u00e4limusega \u00f5ite ja rikkaliku tugeva rohelise lehestikuga aedmonarda sort, mis on vastupidav ebajahukastele. Taime \u00f5ied ja lehed levitavad puudutamisel meeldivalt v\u00fcrtsikat sidruni aroomi. Taimede k\u00f5rgus on umbes 60 cm. Kasvuks vajab vett l\u00e4bilaskvat parasniisket viljakat mulda ja p\u00e4ikeselist kuni poolvarjulist kasvukohta. Monardad on t\u00e4iesti talvekindlad, kuid \u00fcle kolme-nelja aasta vajavad uuendamist puhmiku jagamise teel. Monardad on \u00f5itsemise ajal liblikate ja mesilaste lemmikud. \u00d5itsevad juulist kuni augustini.  Monardade lehti ja \u00f5isi v\u00f5ib kasutada k\u00f6\u00f6gis nii kuivatatuna kui v\u00e4rskelt. Lehed lisavad meeldivat v\u00fcrtsikust salatitele ja aedviljaroogadele. Maitse sobib kokku veel sea- ja linnulihast roogadega.  Monardade \u00f5itest ja lehtedest valmistatud teed kasutatakse rahvameditsiinis k\u00f6ha ja k\u00fclmetuse puhul ja kui \u00f5htuse l\u00f5\u00f5gastava\u00a0 enne und joogina.  K\u00f5rgus: kuni 0,6 m  \u00d5itsemise aeg: VII-VIII  Talvekindlus: Talvekindel  Poti suurus: 9-12  &nbsp;\" \/>\n<meta property=\"og:url\" content=\"https:\/\/tammetalu.eu\/toode\/aedmonarda-melua-burgundy\/\" \/>\n<meta property=\"og:site_name\" content=\"Tamme talu \u00fcrdiaed\" \/>\n<meta property=\"article:publisher\" content=\"https:\/\/www.facebook.com\/TammeTaluUrdiaed\/?locale=et_EE\" \/>\n<meta property=\"article:modified_time\" content=\"2026-04-24T20:43:12+00:00\" \/>\n<meta property=\"og:image\" content=\"https:\/\/tammetalu.eu\/wp-content\/uploads\/2022\/08\/Monarda_Knight_purple-5.jpg\" \/>\n\t<meta property=\"og:image:width\" content=\"300\" \/>\n\t<meta property=\"og:image:height\" content=\"300\" \/>\n\t<meta property=\"og:image:type\" content=\"image\/jpeg\" \/>\n<meta name=\"twitter:card\" content=\"summary_large_image\" \/>\n<meta name=\"twitter:label1\" content=\"Est. reading time\" \/>\n\t<meta name=\"twitter:data1\" content=\"1 minute\" \/>\n<script type=\"application\/ld+json\" class=\"yoast-schema-graph\">{\"@context\":\"https:\/\/schema.org\",\"@graph\":[{\"@type\":\"WebPage\",\"@id\":\"https:\/\/tammetalu.eu\/toode\/aedmonarda-melua-burgundy\/\",\"url\":\"https:\/\/tammetalu.eu\/toode\/aedmonarda-melua-burgundy\/\",\"name\":\"Aedmonarda Monarda didyma \\\"Melua Burgundy\\\" - Tamme talu \u00fcrdiaed\",\"isPartOf\":{\"@id\":\"https:\/\/tammetalu.eu\/#website\"},\"primaryImageOfPage\":{\"@id\":\"https:\/\/tammetalu.eu\/toode\/aedmonarda-melua-burgundy\/#primaryimage\"},\"image\":{\"@id\":\"https:\/\/tammetalu.eu\/toode\/aedmonarda-melua-burgundy\/#primaryimage\"},\"thumbnailUrl\":\"https:\/\/tammetalu.eu\/wp-content\/uploads\/2022\/08\/Monarda_Knight_purple-5.jpg\",\"datePublished\":\"2022-08-09T06:06:39+00:00\",\"dateModified\":\"2026-04-24T20:43:12+00:00\",\"breadcrumb\":{\"@id\":\"https:\/\/tammetalu.eu\/toode\/aedmonarda-melua-burgundy\/#breadcrumb\"},\"inLanguage\":\"en-US\",\"potentialAction\":[{\"@type\":\"ReadAction\",\"target\":[\"https:\/\/tammetalu.eu\/toode\/aedmonarda-melua-burgundy\/\"]}]},{\"@type\":\"ImageObject\",\"inLanguage\":\"en-US\",\"@id\":\"https:\/\/tammetalu.eu\/toode\/aedmonarda-melua-burgundy\/#primaryimage\",\"url\":\"https:\/\/tammetalu.eu\/wp-content\/uploads\/2022\/08\/Monarda_Knight_purple-5.jpg\",\"contentUrl\":\"https:\/\/tammetalu.eu\/wp-content\/uploads\/2022\/08\/Monarda_Knight_purple-5.jpg\",\"width\":300,\"height\":300},{\"@type\":\"BreadcrumbList\",\"@id\":\"https:\/\/tammetalu.eu\/toode\/aedmonarda-melua-burgundy\/#breadcrumb\",\"itemListElement\":[{\"@type\":\"ListItem\",\"position\":1,\"name\":\"Home\",\"item\":\"https:\/\/tammetalu.eu\/en\/esileht-eng\/\"},{\"@type\":\"ListItem\",\"position\":2,\"name\":\"Shop\",\"item\":\"https:\/\/tammetalu.eu\/en\/shop\/\"},{\"@type\":\"ListItem\",\"position\":3,\"name\":\"Aedmonarda Monarda didyma &#8220;Melua Burgundy&#8221;\"}]},{\"@type\":\"WebSite\",\"@id\":\"https:\/\/tammetalu.eu\/#website\",\"url\":\"https:\/\/tammetalu.eu\/\",\"name\":\"Tamme talu \u00fcrdiaed\",\"description\":\"K\u00e4sit\u00f6\u00f6na valmistatud tooted \u00fcrtidest, \u00fcrdiistikud, \u00fcrtide kollektsioonaed\",\"publisher\":{\"@id\":\"https:\/\/tammetalu.eu\/#organization\"},\"alternateName\":\"Tamme talu\",\"potentialAction\":[{\"@type\":\"SearchAction\",\"target\":{\"@type\":\"EntryPoint\",\"urlTemplate\":\"https:\/\/tammetalu.eu\/?s={search_term_string}\"},\"query-input\":{\"@type\":\"PropertyValueSpecification\",\"valueRequired\":true,\"valueName\":\"search_term_string\"}}],\"inLanguage\":\"en-US\"},{\"@type\":\"Organization\",\"@id\":\"https:\/\/tammetalu.eu\/#organization\",\"name\":\"Tamme talu \u00fcrdiaed\",\"alternateName\":\"Tamme talu\",\"url\":\"https:\/\/tammetalu.eu\/\",\"logo\":{\"@type\":\"ImageObject\",\"inLanguage\":\"en-US\",\"@id\":\"https:\/\/tammetalu.eu\/#\/schema\/logo\/image\/\",\"url\":\"https:\/\/tammetalu.eu\/wp-content\/uploads\/2025\/01\/Tamme_talu_urdiaed.png\",\"contentUrl\":\"https:\/\/tammetalu.eu\/wp-content\/uploads\/2025\/01\/Tamme_talu_urdiaed.png\",\"width\":560,\"height\":560,\"caption\":\"Tamme talu \u00fcrdiaed\"},\"image\":{\"@id\":\"https:\/\/tammetalu.eu\/#\/schema\/logo\/image\/\"},\"sameAs\":[\"https:\/\/www.facebook.com\/TammeTaluUrdiaed\/?locale=et_EE\",\"https:\/\/www.instagram.com\/tammetaluurdiaed\/\"]}]}<\/script>\n<!-- \/ Yoast SEO plugin. -->","yoast_head_json":{"title":"Aedmonarda Monarda didyma \"Melua Burgundy\" - Tamme talu \u00fcrdiaed","robots":{"index":"index","follow":"follow","max-snippet":"max-snippet:-1","max-image-preview":"max-image-preview:large","max-video-preview":"max-video-preview:-1"},"canonical":"https:\/\/tammetalu.eu\/toode\/aedmonarda-melua-burgundy\/","og_locale":"en_US","og_type":"article","og_title":"Aedmonarda Monarda didyma \"Melua Burgundy\" - Tamme talu \u00fcrdiaed","og_description":"Aedmonarda Monarda didyma \"Melua Burgundy\"  LAT: \u00a0Monarda didyma \"Melua Burgundy\"  ENG: \u00a0 Bee balm \"Melua Burgundy\u201d  RU: \u00a0M\u043e\u043d\u0430\u0440\u0434\u0430 \"Melua Burgundy\u201d  FI:\u00a0 V\u00e4riminttu \"Melua Burgundy\u201d  Burgundiapunaste tumedate eksootilise v\u00e4limusega \u00f5ite ja rikkaliku tugeva rohelise lehestikuga aedmonarda sort, mis on vastupidav ebajahukastele. Taime \u00f5ied ja lehed levitavad puudutamisel meeldivalt v\u00fcrtsikat sidruni aroomi. Taimede k\u00f5rgus on umbes 60 cm. Kasvuks vajab vett l\u00e4bilaskvat parasniisket viljakat mulda ja p\u00e4ikeselist kuni poolvarjulist kasvukohta. Monardad on t\u00e4iesti talvekindlad, kuid \u00fcle kolme-nelja aasta vajavad uuendamist puhmiku jagamise teel. Monardad on \u00f5itsemise ajal liblikate ja mesilaste lemmikud. \u00d5itsevad juulist kuni augustini.  Monardade lehti ja \u00f5isi v\u00f5ib kasutada k\u00f6\u00f6gis nii kuivatatuna kui v\u00e4rskelt. Lehed lisavad meeldivat v\u00fcrtsikust salatitele ja aedviljaroogadele. Maitse sobib kokku veel sea- ja linnulihast roogadega.  Monardade \u00f5itest ja lehtedest valmistatud teed kasutatakse rahvameditsiinis k\u00f6ha ja k\u00fclmetuse puhul ja kui \u00f5htuse l\u00f5\u00f5gastava\u00a0 enne und joogina.  K\u00f5rgus: kuni 0,6 m  \u00d5itsemise aeg: VII-VIII  Talvekindlus: Talvekindel  Poti suurus: 9-12  &nbsp;","og_url":"https:\/\/tammetalu.eu\/toode\/aedmonarda-melua-burgundy\/","og_site_name":"Tamme talu \u00fcrdiaed","article_publisher":"https:\/\/www.facebook.com\/TammeTaluUrdiaed\/?locale=et_EE","article_modified_time":"2026-04-24T20:43:12+00:00","og_image":[{"width":300,"height":300,"url":"https:\/\/tammetalu.eu\/wp-content\/uploads\/2022\/08\/Monarda_Knight_purple-5.jpg","type":"image\/jpeg"}],"twitter_card":"summary_large_image","twitter_misc":{"Est. reading time":"1 minute"},"schema":{"@context":"https:\/\/schema.org","@graph":[{"@type":"WebPage","@id":"https:\/\/tammetalu.eu\/toode\/aedmonarda-melua-burgundy\/","url":"https:\/\/tammetalu.eu\/toode\/aedmonarda-melua-burgundy\/","name":"Aedmonarda Monarda didyma \"Melua Burgundy\" - Tamme talu \u00fcrdiaed","isPartOf":{"@id":"https:\/\/tammetalu.eu\/#website"},"primaryImageOfPage":{"@id":"https:\/\/tammetalu.eu\/toode\/aedmonarda-melua-burgundy\/#primaryimage"},"image":{"@id":"https:\/\/tammetalu.eu\/toode\/aedmonarda-melua-burgundy\/#primaryimage"},"thumbnailUrl":"https:\/\/tammetalu.eu\/wp-content\/uploads\/2022\/08\/Monarda_Knight_purple-5.jpg","datePublished":"2022-08-09T06:06:39+00:00","dateModified":"2026-04-24T20:43:12+00:00","breadcrumb":{"@id":"https:\/\/tammetalu.eu\/toode\/aedmonarda-melua-burgundy\/#breadcrumb"},"inLanguage":"en-US","potentialAction":[{"@type":"ReadAction","target":["https:\/\/tammetalu.eu\/toode\/aedmonarda-melua-burgundy\/"]}]},{"@type":"ImageObject","inLanguage":"en-US","@id":"https:\/\/tammetalu.eu\/toode\/aedmonarda-melua-burgundy\/#primaryimage","url":"https:\/\/tammetalu.eu\/wp-content\/uploads\/2022\/08\/Monarda_Knight_purple-5.jpg","contentUrl":"https:\/\/tammetalu.eu\/wp-content\/uploads\/2022\/08\/Monarda_Knight_purple-5.jpg","width":300,"height":300},{"@type":"BreadcrumbList","@id":"https:\/\/tammetalu.eu\/toode\/aedmonarda-melua-burgundy\/#breadcrumb","itemListElement":[{"@type":"ListItem","position":1,"name":"Home","item":"https:\/\/tammetalu.eu\/en\/esileht-eng\/"},{"@type":"ListItem","position":2,"name":"Shop","item":"https:\/\/tammetalu.eu\/en\/shop\/"},{"@type":"ListItem","position":3,"name":"Aedmonarda Monarda didyma &#8220;Melua Burgundy&#8221;"}]},{"@type":"WebSite","@id":"https:\/\/tammetalu.eu\/#website","url":"https:\/\/tammetalu.eu\/","name":"Tamme talu \u00fcrdiaed","description":"K\u00e4sit\u00f6\u00f6na valmistatud tooted \u00fcrtidest, \u00fcrdiistikud, \u00fcrtide kollektsioonaed","publisher":{"@id":"https:\/\/tammetalu.eu\/#organization"},"alternateName":"Tamme talu","potentialAction":[{"@type":"SearchAction","target":{"@type":"EntryPoint","urlTemplate":"https:\/\/tammetalu.eu\/?s={search_term_string}"},"query-input":{"@type":"PropertyValueSpecification","valueRequired":true,"valueName":"search_term_string"}}],"inLanguage":"en-US"},{"@type":"Organization","@id":"https:\/\/tammetalu.eu\/#organization","name":"Tamme talu \u00fcrdiaed","alternateName":"Tamme talu","url":"https:\/\/tammetalu.eu\/","logo":{"@type":"ImageObject","inLanguage":"en-US","@id":"https:\/\/tammetalu.eu\/#\/schema\/logo\/image\/","url":"https:\/\/tammetalu.eu\/wp-content\/uploads\/2025\/01\/Tamme_talu_urdiaed.png","contentUrl":"https:\/\/tammetalu.eu\/wp-content\/uploads\/2025\/01\/Tamme_talu_urdiaed.png","width":560,"height":560,"caption":"Tamme talu \u00fcrdiaed"},"image":{"@id":"https:\/\/tammetalu.eu\/#\/schema\/logo\/image\/"},"sameAs":["https:\/\/www.facebook.com\/TammeTaluUrdiaed\/?locale=et_EE","https:\/\/www.instagram.com\/tammetaluurdiaed\/"]}]}},"_links":{"self":[{"href":"https:\/\/tammetalu.eu\/en\/wp-json\/wp\/v2\/product\/15837","targetHints":{"allow":["GET"]}}],"collection":[{"href":"https:\/\/tammetalu.eu\/en\/wp-json\/wp\/v2\/product"}],"about":[{"href":"https:\/\/tammetalu.eu\/en\/wp-json\/wp\/v2\/types\/product"}],"wp:featuredmedia":[{"embeddable":true,"href":"https:\/\/tammetalu.eu\/en\/wp-json\/wp\/v2\/media\/15967"}],"wp:attachment":[{"href":"https:\/\/tammetalu.eu\/en\/wp-json\/wp\/v2\/media?parent=15837"}],"wp:term":[{"taxonomy":"product_brand","embeddable":true,"href":"https:\/\/tammetalu.eu\/en\/wp-json\/wp\/v2\/product_brand?post=15837"},{"taxonomy":"product_cat","embeddable":true,"href":"https:\/\/tammetalu.eu\/en\/wp-json\/wp\/v2\/product_cat?post=15837"},{"taxonomy":"product_tag","embeddable":true,"href":"https:\/\/tammetalu.eu\/en\/wp-json\/wp\/v2\/product_tag?post=15837"}],"curies":[{"name":"wp","href":"https:\/\/api.w.org\/{rel}","templated":true}]}}