{"id":15945,"date":"2022-08-09T09:07:52","date_gmt":"2022-08-09T06:07:52","guid":{"rendered":"https:\/\/tammetalu.eu?post_type=product&#038;p=15945"},"modified":"2026-04-24T12:50:54","modified_gmt":"2026-04-24T09:50:54","slug":"krimmi-basiiliku-vaikeseleheline-vorm","status":"publish","type":"product","link":"https:\/\/tammetalu.eu\/en\/product\/krimmi-basiiliku-vaikeseleheline-vorm\/","title":{"rendered":"Krimmi basiiliku v\u00e4ikeseleheline vorm"},"content":{"rendered":"","protected":false},"excerpt":{"rendered":"<p><em>Ocimum x hybrida<\/em><\/p>\n<p>Krimmi poolsaarelt p\u00e4rit punakate varte ja v\u00e4ikeste punakasroheliste lehtedega p\u00f5\u00f5sasja kasvukujuga basiiliku vorm. Lehed \u00a0tugeva t\u00fc\u00fcpilise basiiliku maitsega. Armastab t\u00e4isp\u00e4ikeselist kuni poolvarjulist tuulevaikset kasvukohta ja vett h\u00e4sti l\u00e4bilaskvat parasniisket kuni kuivapoolset v\u00e4hemrammusat mulda. Sobib kasvatamiseks kasvuhoones, potitaimena r\u00f5dul, aknalaual, terrassil koos suvelillede ja teiste sarnaste maitsetaimedega v\u00f5i aias peenras tuulevaikses kohas. Taime eluea pikendamiseks tuleks veel avanemata \u00f5isikud \u00e4ra\u00a0 murda, see soodustab taimede lopsakamat kasvu.<\/p>\n<p>M\u00f5nusalt v\u00fcrtsikaid lehti\u00a0 kasutatakse soolastes roogades v\u00e4rskelt ja kuivatatult.<\/p>\n<p>Rahvameditsiinis kasutatakse basiiliku lehti ja \u00f5isikuid s\u00f6\u00f6giisu t\u00f5stva ja seedimist soodustava vahendina ning kergema k\u00f5hulahtisuse raviks.<\/p>\n","protected":false},"featured_media":16070,"template":"","meta":{"_acf_changed":false,"_et_pb_use_builder":"","_et_pb_old_content":"","_et_gb_content_width":"","inline_featured_image":false},"product_brand":[],"product_cat":[186,193],"product_tag":[],"class_list":{"0":"post-15945","1":"product","2":"type-product","3":"status-publish","4":"has-post-thumbnail","6":"product_cat-maitse-ja-ravimtaimede-istikud","7":"product_cat-basiilikud","9":"first","10":"instock","11":"sale","12":"taxable","13":"shipping-taxable","14":"purchasable","15":"product-type-simple"},"acf":[],"yoast_head":"<!-- This site is optimized with the Yoast SEO plugin v26.4 - https:\/\/yoast.com\/wordpress\/plugins\/seo\/ -->\n<title>Krimmi basiiliku v\u00e4ikeseleheline vorm - Tamme talu \u00fcrdiaed<\/title>\n<meta name=\"robots\" content=\"index, follow, max-snippet:-1, max-image-preview:large, max-video-preview:-1\" \/>\n<link rel=\"canonical\" href=\"https:\/\/tammetalu.eu\/toode\/krimmi-basiiliku-vaikeseleheline-vorm\/\" \/>\n<meta property=\"og:locale\" content=\"en_US\" \/>\n<meta property=\"og:type\" content=\"article\" \/>\n<meta property=\"og:title\" content=\"Krimmi basiiliku v\u00e4ikeseleheline vorm - Tamme talu \u00fcrdiaed\" \/>\n<meta property=\"og:description\" content=\"Ocimum x hybrida  Krimmi poolsaarelt p\u00e4rit punakate varte ja v\u00e4ikeste punakasroheliste lehtedega p\u00f5\u00f5sasja kasvukujuga basiiliku vorm. Lehed \u00a0tugeva t\u00fc\u00fcpilise basiiliku maitsega. Armastab t\u00e4isp\u00e4ikeselist kuni poolvarjulist tuulevaikset kasvukohta ja vett h\u00e4sti l\u00e4bilaskvat parasniisket kuni kuivapoolset v\u00e4hemrammusat mulda. Sobib kasvatamiseks kasvuhoones, potitaimena r\u00f5dul, aknalaual, terrassil koos suvelillede ja teiste sarnaste maitsetaimedega v\u00f5i aias peenras tuulevaikses kohas. Taime eluea pikendamiseks tuleks veel avanemata \u00f5isikud \u00e4ra\u00a0 murda, see soodustab taimede lopsakamat kasvu.  M\u00f5nusalt v\u00fcrtsikaid lehti\u00a0 kasutatakse soolastes roogades v\u00e4rskelt ja kuivatatult.  Rahvameditsiinis kasutatakse basiiliku lehti ja \u00f5isikuid s\u00f6\u00f6giisu t\u00f5stva ja seedimist soodustava vahendina ning kergema k\u00f5hulahtisuse raviks.\" \/>\n<meta property=\"og:url\" content=\"https:\/\/tammetalu.eu\/toode\/krimmi-basiiliku-vaikeseleheline-vorm\/\" \/>\n<meta property=\"og:site_name\" content=\"Tamme talu \u00fcrdiaed\" \/>\n<meta property=\"article:publisher\" content=\"https:\/\/www.facebook.com\/TammeTaluUrdiaed\/?locale=et_EE\" \/>\n<meta property=\"article:modified_time\" content=\"2026-04-24T09:50:54+00:00\" \/>\n<meta property=\"og:image\" content=\"https:\/\/tammetalu.eu\/wp-content\/uploads\/2022\/08\/Krimmi-basiilik-vaikeseleheline-tamme-talu-urdiaed-5.jpg\" \/>\n\t<meta property=\"og:image:width\" content=\"1280\" \/>\n\t<meta property=\"og:image:height\" content=\"853\" \/>\n\t<meta property=\"og:image:type\" content=\"image\/jpeg\" \/>\n<meta name=\"twitter:card\" content=\"summary_large_image\" \/>\n<meta name=\"twitter:label1\" content=\"Est. reading time\" \/>\n\t<meta name=\"twitter:data1\" content=\"1 minute\" \/>\n<script type=\"application\/ld+json\" class=\"yoast-schema-graph\">{\"@context\":\"https:\/\/schema.org\",\"@graph\":[{\"@type\":\"WebPage\",\"@id\":\"https:\/\/tammetalu.eu\/toode\/krimmi-basiiliku-vaikeseleheline-vorm\/\",\"url\":\"https:\/\/tammetalu.eu\/toode\/krimmi-basiiliku-vaikeseleheline-vorm\/\",\"name\":\"Krimmi basiiliku v\u00e4ikeseleheline vorm - Tamme talu \u00fcrdiaed\",\"isPartOf\":{\"@id\":\"https:\/\/tammetalu.eu\/#website\"},\"primaryImageOfPage\":{\"@id\":\"https:\/\/tammetalu.eu\/toode\/krimmi-basiiliku-vaikeseleheline-vorm\/#primaryimage\"},\"image\":{\"@id\":\"https:\/\/tammetalu.eu\/toode\/krimmi-basiiliku-vaikeseleheline-vorm\/#primaryimage\"},\"thumbnailUrl\":\"https:\/\/tammetalu.eu\/wp-content\/uploads\/2022\/08\/Krimmi-basiilik-vaikeseleheline-tamme-talu-urdiaed-5.jpg\",\"datePublished\":\"2022-08-09T06:07:52+00:00\",\"dateModified\":\"2026-04-24T09:50:54+00:00\",\"breadcrumb\":{\"@id\":\"https:\/\/tammetalu.eu\/toode\/krimmi-basiiliku-vaikeseleheline-vorm\/#breadcrumb\"},\"inLanguage\":\"en-US\",\"potentialAction\":[{\"@type\":\"ReadAction\",\"target\":[\"https:\/\/tammetalu.eu\/toode\/krimmi-basiiliku-vaikeseleheline-vorm\/\"]}]},{\"@type\":\"ImageObject\",\"inLanguage\":\"en-US\",\"@id\":\"https:\/\/tammetalu.eu\/toode\/krimmi-basiiliku-vaikeseleheline-vorm\/#primaryimage\",\"url\":\"https:\/\/tammetalu.eu\/wp-content\/uploads\/2022\/08\/Krimmi-basiilik-vaikeseleheline-tamme-talu-urdiaed-5.jpg\",\"contentUrl\":\"https:\/\/tammetalu.eu\/wp-content\/uploads\/2022\/08\/Krimmi-basiilik-vaikeseleheline-tamme-talu-urdiaed-5.jpg\",\"width\":1280,\"height\":853},{\"@type\":\"BreadcrumbList\",\"@id\":\"https:\/\/tammetalu.eu\/toode\/krimmi-basiiliku-vaikeseleheline-vorm\/#breadcrumb\",\"itemListElement\":[{\"@type\":\"ListItem\",\"position\":1,\"name\":\"Home\",\"item\":\"https:\/\/tammetalu.eu\/en\/esileht-eng\/\"},{\"@type\":\"ListItem\",\"position\":2,\"name\":\"Shop\",\"item\":\"https:\/\/tammetalu.eu\/en\/shop\/\"},{\"@type\":\"ListItem\",\"position\":3,\"name\":\"Krimmi basiiliku v\u00e4ikeseleheline vorm\"}]},{\"@type\":\"WebSite\",\"@id\":\"https:\/\/tammetalu.eu\/#website\",\"url\":\"https:\/\/tammetalu.eu\/\",\"name\":\"Tamme talu \u00fcrdiaed\",\"description\":\"K\u00e4sit\u00f6\u00f6na valmistatud tooted \u00fcrtidest, \u00fcrdiistikud, \u00fcrtide kollektsioonaed\",\"publisher\":{\"@id\":\"https:\/\/tammetalu.eu\/#organization\"},\"alternateName\":\"Tamme talu\",\"potentialAction\":[{\"@type\":\"SearchAction\",\"target\":{\"@type\":\"EntryPoint\",\"urlTemplate\":\"https:\/\/tammetalu.eu\/?s={search_term_string}\"},\"query-input\":{\"@type\":\"PropertyValueSpecification\",\"valueRequired\":true,\"valueName\":\"search_term_string\"}}],\"inLanguage\":\"en-US\"},{\"@type\":\"Organization\",\"@id\":\"https:\/\/tammetalu.eu\/#organization\",\"name\":\"Tamme talu \u00fcrdiaed\",\"alternateName\":\"Tamme talu\",\"url\":\"https:\/\/tammetalu.eu\/\",\"logo\":{\"@type\":\"ImageObject\",\"inLanguage\":\"en-US\",\"@id\":\"https:\/\/tammetalu.eu\/#\/schema\/logo\/image\/\",\"url\":\"https:\/\/tammetalu.eu\/wp-content\/uploads\/2025\/01\/Tamme_talu_urdiaed.png\",\"contentUrl\":\"https:\/\/tammetalu.eu\/wp-content\/uploads\/2025\/01\/Tamme_talu_urdiaed.png\",\"width\":560,\"height\":560,\"caption\":\"Tamme talu \u00fcrdiaed\"},\"image\":{\"@id\":\"https:\/\/tammetalu.eu\/#\/schema\/logo\/image\/\"},\"sameAs\":[\"https:\/\/www.facebook.com\/TammeTaluUrdiaed\/?locale=et_EE\",\"https:\/\/www.instagram.com\/tammetaluurdiaed\/\"]}]}<\/script>\n<!-- \/ Yoast SEO plugin. -->","yoast_head_json":{"title":"Krimmi basiiliku v\u00e4ikeseleheline vorm - Tamme talu \u00fcrdiaed","robots":{"index":"index","follow":"follow","max-snippet":"max-snippet:-1","max-image-preview":"max-image-preview:large","max-video-preview":"max-video-preview:-1"},"canonical":"https:\/\/tammetalu.eu\/toode\/krimmi-basiiliku-vaikeseleheline-vorm\/","og_locale":"en_US","og_type":"article","og_title":"Krimmi basiiliku v\u00e4ikeseleheline vorm - Tamme talu \u00fcrdiaed","og_description":"Ocimum x hybrida  Krimmi poolsaarelt p\u00e4rit punakate varte ja v\u00e4ikeste punakasroheliste lehtedega p\u00f5\u00f5sasja kasvukujuga basiiliku vorm. Lehed \u00a0tugeva t\u00fc\u00fcpilise basiiliku maitsega. Armastab t\u00e4isp\u00e4ikeselist kuni poolvarjulist tuulevaikset kasvukohta ja vett h\u00e4sti l\u00e4bilaskvat parasniisket kuni kuivapoolset v\u00e4hemrammusat mulda. Sobib kasvatamiseks kasvuhoones, potitaimena r\u00f5dul, aknalaual, terrassil koos suvelillede ja teiste sarnaste maitsetaimedega v\u00f5i aias peenras tuulevaikses kohas. Taime eluea pikendamiseks tuleks veel avanemata \u00f5isikud \u00e4ra\u00a0 murda, see soodustab taimede lopsakamat kasvu.  M\u00f5nusalt v\u00fcrtsikaid lehti\u00a0 kasutatakse soolastes roogades v\u00e4rskelt ja kuivatatult.  Rahvameditsiinis kasutatakse basiiliku lehti ja \u00f5isikuid s\u00f6\u00f6giisu t\u00f5stva ja seedimist soodustava vahendina ning kergema k\u00f5hulahtisuse raviks.","og_url":"https:\/\/tammetalu.eu\/toode\/krimmi-basiiliku-vaikeseleheline-vorm\/","og_site_name":"Tamme talu \u00fcrdiaed","article_publisher":"https:\/\/www.facebook.com\/TammeTaluUrdiaed\/?locale=et_EE","article_modified_time":"2026-04-24T09:50:54+00:00","og_image":[{"width":1280,"height":853,"url":"https:\/\/tammetalu.eu\/wp-content\/uploads\/2022\/08\/Krimmi-basiilik-vaikeseleheline-tamme-talu-urdiaed-5.jpg","type":"image\/jpeg"}],"twitter_card":"summary_large_image","twitter_misc":{"Est. reading time":"1 minute"},"schema":{"@context":"https:\/\/schema.org","@graph":[{"@type":"WebPage","@id":"https:\/\/tammetalu.eu\/toode\/krimmi-basiiliku-vaikeseleheline-vorm\/","url":"https:\/\/tammetalu.eu\/toode\/krimmi-basiiliku-vaikeseleheline-vorm\/","name":"Krimmi basiiliku v\u00e4ikeseleheline vorm - Tamme talu \u00fcrdiaed","isPartOf":{"@id":"https:\/\/tammetalu.eu\/#website"},"primaryImageOfPage":{"@id":"https:\/\/tammetalu.eu\/toode\/krimmi-basiiliku-vaikeseleheline-vorm\/#primaryimage"},"image":{"@id":"https:\/\/tammetalu.eu\/toode\/krimmi-basiiliku-vaikeseleheline-vorm\/#primaryimage"},"thumbnailUrl":"https:\/\/tammetalu.eu\/wp-content\/uploads\/2022\/08\/Krimmi-basiilik-vaikeseleheline-tamme-talu-urdiaed-5.jpg","datePublished":"2022-08-09T06:07:52+00:00","dateModified":"2026-04-24T09:50:54+00:00","breadcrumb":{"@id":"https:\/\/tammetalu.eu\/toode\/krimmi-basiiliku-vaikeseleheline-vorm\/#breadcrumb"},"inLanguage":"en-US","potentialAction":[{"@type":"ReadAction","target":["https:\/\/tammetalu.eu\/toode\/krimmi-basiiliku-vaikeseleheline-vorm\/"]}]},{"@type":"ImageObject","inLanguage":"en-US","@id":"https:\/\/tammetalu.eu\/toode\/krimmi-basiiliku-vaikeseleheline-vorm\/#primaryimage","url":"https:\/\/tammetalu.eu\/wp-content\/uploads\/2022\/08\/Krimmi-basiilik-vaikeseleheline-tamme-talu-urdiaed-5.jpg","contentUrl":"https:\/\/tammetalu.eu\/wp-content\/uploads\/2022\/08\/Krimmi-basiilik-vaikeseleheline-tamme-talu-urdiaed-5.jpg","width":1280,"height":853},{"@type":"BreadcrumbList","@id":"https:\/\/tammetalu.eu\/toode\/krimmi-basiiliku-vaikeseleheline-vorm\/#breadcrumb","itemListElement":[{"@type":"ListItem","position":1,"name":"Home","item":"https:\/\/tammetalu.eu\/en\/esileht-eng\/"},{"@type":"ListItem","position":2,"name":"Shop","item":"https:\/\/tammetalu.eu\/en\/shop\/"},{"@type":"ListItem","position":3,"name":"Krimmi basiiliku v\u00e4ikeseleheline vorm"}]},{"@type":"WebSite","@id":"https:\/\/tammetalu.eu\/#website","url":"https:\/\/tammetalu.eu\/","name":"Tamme talu \u00fcrdiaed","description":"K\u00e4sit\u00f6\u00f6na valmistatud tooted \u00fcrtidest, \u00fcrdiistikud, \u00fcrtide kollektsioonaed","publisher":{"@id":"https:\/\/tammetalu.eu\/#organization"},"alternateName":"Tamme talu","potentialAction":[{"@type":"SearchAction","target":{"@type":"EntryPoint","urlTemplate":"https:\/\/tammetalu.eu\/?s={search_term_string}"},"query-input":{"@type":"PropertyValueSpecification","valueRequired":true,"valueName":"search_term_string"}}],"inLanguage":"en-US"},{"@type":"Organization","@id":"https:\/\/tammetalu.eu\/#organization","name":"Tamme talu \u00fcrdiaed","alternateName":"Tamme talu","url":"https:\/\/tammetalu.eu\/","logo":{"@type":"ImageObject","inLanguage":"en-US","@id":"https:\/\/tammetalu.eu\/#\/schema\/logo\/image\/","url":"https:\/\/tammetalu.eu\/wp-content\/uploads\/2025\/01\/Tamme_talu_urdiaed.png","contentUrl":"https:\/\/tammetalu.eu\/wp-content\/uploads\/2025\/01\/Tamme_talu_urdiaed.png","width":560,"height":560,"caption":"Tamme talu \u00fcrdiaed"},"image":{"@id":"https:\/\/tammetalu.eu\/#\/schema\/logo\/image\/"},"sameAs":["https:\/\/www.facebook.com\/TammeTaluUrdiaed\/?locale=et_EE","https:\/\/www.instagram.com\/tammetaluurdiaed\/"]}]}},"_links":{"self":[{"href":"https:\/\/tammetalu.eu\/en\/wp-json\/wp\/v2\/product\/15945","targetHints":{"allow":["GET"]}}],"collection":[{"href":"https:\/\/tammetalu.eu\/en\/wp-json\/wp\/v2\/product"}],"about":[{"href":"https:\/\/tammetalu.eu\/en\/wp-json\/wp\/v2\/types\/product"}],"wp:featuredmedia":[{"embeddable":true,"href":"https:\/\/tammetalu.eu\/en\/wp-json\/wp\/v2\/media\/16070"}],"wp:attachment":[{"href":"https:\/\/tammetalu.eu\/en\/wp-json\/wp\/v2\/media?parent=15945"}],"wp:term":[{"taxonomy":"product_brand","embeddable":true,"href":"https:\/\/tammetalu.eu\/en\/wp-json\/wp\/v2\/product_brand?post=15945"},{"taxonomy":"product_cat","embeddable":true,"href":"https:\/\/tammetalu.eu\/en\/wp-json\/wp\/v2\/product_cat?post=15945"},{"taxonomy":"product_tag","embeddable":true,"href":"https:\/\/tammetalu.eu\/en\/wp-json\/wp\/v2\/product_tag?post=15945"}],"curies":[{"name":"wp","href":"https:\/\/api.w.org\/{rel}","templated":true}]}}