{"id":16110,"date":"2022-08-09T09:09:21","date_gmt":"2022-08-09T06:09:21","guid":{"rendered":"https:\/\/tammetalu.eu?post_type=product&#038;p=16110"},"modified":"2026-04-16T11:35:13","modified_gmt":"2026-04-16T08:35:13","slug":"hiidiisop-apadana-rose","status":"publish","type":"product","link":"https:\/\/tammetalu.eu\/en\/product\/hiidiisop-apadana-rose\/","title":{"rendered":"Hiidiisop &#8220;Apadana Rose&#8221;"},"content":{"rendered":"","protected":false},"excerpt":{"rendered":"<p><em>Agastache x hybrida<\/em><\/p>\n<p>Hiidiisop &#8220;Apadana Rose&#8221; on ilusate roosade \u00f5isikutega liikidevaheline h\u00fcbriid, mille lehtedel on meeldiv magus aniisine maitse ja l\u00f5hn. Kasvab k\u00f5ige paremini kuivemal v\u00f5i parasniiskel mullal t\u00e4isp\u00e4ikeses kuni poolvarjus.<\/p>\n<p>Veidi k\u00fclmahell p\u00fcsik k\u00f5rgusega kuni 70 cm. Meelitab \u00f5itsemise ajal liblikaid ja mesilasi aeda. Lehtedest ja \u00f5itest saab k\u00f6ha ja k\u00fclmetust p\u00e4rssiva veidi magusamaitselise tee. Sobib maitsestama kompotte, kokteile, puuviljasalateid ja linnuliharoogasid.<\/p>\n","protected":false},"featured_media":16213,"template":"","meta":{"_acf_changed":false,"_et_pb_use_builder":"","_et_pb_old_content":"","_et_gb_content_width":"","inline_featured_image":false},"product_brand":[],"product_cat":[186,205],"product_tag":[],"class_list":{"0":"post-16110","1":"product","2":"type-product","3":"status-publish","4":"has-post-thumbnail","6":"product_cat-maitse-ja-ravimtaimede-istikud","7":"product_cat-iisopid","9":"first","10":"instock","11":"sale","12":"taxable","13":"shipping-taxable","14":"purchasable","15":"product-type-simple"},"acf":[],"yoast_head":"<!-- This site is optimized with the Yoast SEO plugin v26.4 - https:\/\/yoast.com\/wordpress\/plugins\/seo\/ -->\n<title>Hiidiisop &quot;Apadana Rose&quot; - Tamme talu \u00fcrdiaed<\/title>\n<meta name=\"robots\" content=\"index, follow, max-snippet:-1, max-image-preview:large, max-video-preview:-1\" \/>\n<link rel=\"canonical\" href=\"https:\/\/tammetalu.eu\/toode\/hiidiisop-apadana-rose\/\" \/>\n<meta property=\"og:locale\" content=\"en_US\" \/>\n<meta property=\"og:type\" content=\"article\" \/>\n<meta property=\"og:title\" content=\"Hiidiisop &quot;Apadana Rose&quot; - Tamme talu \u00fcrdiaed\" \/>\n<meta property=\"og:description\" content=\"Agastache x hybridaHiidiisop &quot;Apadana Rose&quot; on ilusate roosade \u00f5isikutega liikidevaheline h\u00fcbriid, mille lehtedel on meeldiv magus aniisine maitse ja l\u00f5hn. Kasvab k\u00f5ige paremini kuivemal v\u00f5i parasniiskel mullal t\u00e4isp\u00e4ikeses kuni poolvarjus.Veidi k\u00fclmahell p\u00fcsik k\u00f5rgusega kuni 70 cm. Meelitab \u00f5itsemise ajal liblikaid ja mesilasi aeda. Lehtedest ja \u00f5itest saab k\u00f6ha ja k\u00fclmetust p\u00e4rssiva veidi magusamaitselise tee. Sobib maitsestama kompotte, kokteile, puuviljasalateid ja linnuliharoogasid.\" \/>\n<meta property=\"og:url\" content=\"https:\/\/tammetalu.eu\/toode\/hiidiisop-apadana-rose\/\" \/>\n<meta property=\"og:site_name\" content=\"Tamme talu \u00fcrdiaed\" \/>\n<meta property=\"article:publisher\" content=\"https:\/\/www.facebook.com\/TammeTaluUrdiaed\/?locale=et_EE\" \/>\n<meta property=\"article:modified_time\" content=\"2026-04-16T08:35:13+00:00\" \/>\n<meta property=\"og:image\" content=\"https:\/\/tammetalu.eu\/wp-content\/uploads\/2022\/08\/Hiidiisop-apadana-rose-tamme-talu-urdiaed-5.jpg\" \/>\n\t<meta property=\"og:image:width\" content=\"800\" \/>\n\t<meta property=\"og:image:height\" content=\"800\" \/>\n\t<meta property=\"og:image:type\" content=\"image\/jpeg\" \/>\n<meta name=\"twitter:card\" content=\"summary_large_image\" \/>\n<meta name=\"twitter:label1\" content=\"Est. reading time\" \/>\n\t<meta name=\"twitter:data1\" content=\"1 minute\" \/>\n<script type=\"application\/ld+json\" class=\"yoast-schema-graph\">{\"@context\":\"https:\/\/schema.org\",\"@graph\":[{\"@type\":\"WebPage\",\"@id\":\"https:\/\/tammetalu.eu\/toode\/hiidiisop-apadana-rose\/\",\"url\":\"https:\/\/tammetalu.eu\/toode\/hiidiisop-apadana-rose\/\",\"name\":\"Hiidiisop \\\"Apadana Rose\\\" - Tamme talu \u00fcrdiaed\",\"isPartOf\":{\"@id\":\"https:\/\/tammetalu.eu\/#website\"},\"primaryImageOfPage\":{\"@id\":\"https:\/\/tammetalu.eu\/toode\/hiidiisop-apadana-rose\/#primaryimage\"},\"image\":{\"@id\":\"https:\/\/tammetalu.eu\/toode\/hiidiisop-apadana-rose\/#primaryimage\"},\"thumbnailUrl\":\"https:\/\/tammetalu.eu\/wp-content\/uploads\/2022\/08\/Hiidiisop-apadana-rose-tamme-talu-urdiaed-5.jpg\",\"datePublished\":\"2022-08-09T06:09:21+00:00\",\"dateModified\":\"2026-04-16T08:35:13+00:00\",\"breadcrumb\":{\"@id\":\"https:\/\/tammetalu.eu\/toode\/hiidiisop-apadana-rose\/#breadcrumb\"},\"inLanguage\":\"en-US\",\"potentialAction\":[{\"@type\":\"ReadAction\",\"target\":[\"https:\/\/tammetalu.eu\/toode\/hiidiisop-apadana-rose\/\"]}]},{\"@type\":\"ImageObject\",\"inLanguage\":\"en-US\",\"@id\":\"https:\/\/tammetalu.eu\/toode\/hiidiisop-apadana-rose\/#primaryimage\",\"url\":\"https:\/\/tammetalu.eu\/wp-content\/uploads\/2022\/08\/Hiidiisop-apadana-rose-tamme-talu-urdiaed-5.jpg\",\"contentUrl\":\"https:\/\/tammetalu.eu\/wp-content\/uploads\/2022\/08\/Hiidiisop-apadana-rose-tamme-talu-urdiaed-5.jpg\",\"width\":800,\"height\":800},{\"@type\":\"BreadcrumbList\",\"@id\":\"https:\/\/tammetalu.eu\/toode\/hiidiisop-apadana-rose\/#breadcrumb\",\"itemListElement\":[{\"@type\":\"ListItem\",\"position\":1,\"name\":\"Home\",\"item\":\"https:\/\/tammetalu.eu\/en\/esileht-eng\/\"},{\"@type\":\"ListItem\",\"position\":2,\"name\":\"Shop\",\"item\":\"https:\/\/tammetalu.eu\/en\/shop\/\"},{\"@type\":\"ListItem\",\"position\":3,\"name\":\"Hiidiisop &#8220;Apadana Rose&#8221;\"}]},{\"@type\":\"WebSite\",\"@id\":\"https:\/\/tammetalu.eu\/#website\",\"url\":\"https:\/\/tammetalu.eu\/\",\"name\":\"Tamme talu \u00fcrdiaed\",\"description\":\"K\u00e4sit\u00f6\u00f6na valmistatud tooted \u00fcrtidest, \u00fcrdiistikud, \u00fcrtide kollektsioonaed\",\"publisher\":{\"@id\":\"https:\/\/tammetalu.eu\/#organization\"},\"alternateName\":\"Tamme talu\",\"potentialAction\":[{\"@type\":\"SearchAction\",\"target\":{\"@type\":\"EntryPoint\",\"urlTemplate\":\"https:\/\/tammetalu.eu\/?s={search_term_string}\"},\"query-input\":{\"@type\":\"PropertyValueSpecification\",\"valueRequired\":true,\"valueName\":\"search_term_string\"}}],\"inLanguage\":\"en-US\"},{\"@type\":\"Organization\",\"@id\":\"https:\/\/tammetalu.eu\/#organization\",\"name\":\"Tamme talu \u00fcrdiaed\",\"alternateName\":\"Tamme talu\",\"url\":\"https:\/\/tammetalu.eu\/\",\"logo\":{\"@type\":\"ImageObject\",\"inLanguage\":\"en-US\",\"@id\":\"https:\/\/tammetalu.eu\/#\/schema\/logo\/image\/\",\"url\":\"https:\/\/tammetalu.eu\/wp-content\/uploads\/2025\/01\/Tamme_talu_urdiaed.png\",\"contentUrl\":\"https:\/\/tammetalu.eu\/wp-content\/uploads\/2025\/01\/Tamme_talu_urdiaed.png\",\"width\":560,\"height\":560,\"caption\":\"Tamme talu \u00fcrdiaed\"},\"image\":{\"@id\":\"https:\/\/tammetalu.eu\/#\/schema\/logo\/image\/\"},\"sameAs\":[\"https:\/\/www.facebook.com\/TammeTaluUrdiaed\/?locale=et_EE\",\"https:\/\/www.instagram.com\/tammetaluurdiaed\/\"]}]}<\/script>\n<!-- \/ Yoast SEO plugin. -->","yoast_head_json":{"title":"Hiidiisop \"Apadana Rose\" - Tamme talu \u00fcrdiaed","robots":{"index":"index","follow":"follow","max-snippet":"max-snippet:-1","max-image-preview":"max-image-preview:large","max-video-preview":"max-video-preview:-1"},"canonical":"https:\/\/tammetalu.eu\/toode\/hiidiisop-apadana-rose\/","og_locale":"en_US","og_type":"article","og_title":"Hiidiisop \"Apadana Rose\" - Tamme talu \u00fcrdiaed","og_description":"Agastache x hybridaHiidiisop \"Apadana Rose\" on ilusate roosade \u00f5isikutega liikidevaheline h\u00fcbriid, mille lehtedel on meeldiv magus aniisine maitse ja l\u00f5hn. Kasvab k\u00f5ige paremini kuivemal v\u00f5i parasniiskel mullal t\u00e4isp\u00e4ikeses kuni poolvarjus.Veidi k\u00fclmahell p\u00fcsik k\u00f5rgusega kuni 70 cm. Meelitab \u00f5itsemise ajal liblikaid ja mesilasi aeda. Lehtedest ja \u00f5itest saab k\u00f6ha ja k\u00fclmetust p\u00e4rssiva veidi magusamaitselise tee. Sobib maitsestama kompotte, kokteile, puuviljasalateid ja linnuliharoogasid.","og_url":"https:\/\/tammetalu.eu\/toode\/hiidiisop-apadana-rose\/","og_site_name":"Tamme talu \u00fcrdiaed","article_publisher":"https:\/\/www.facebook.com\/TammeTaluUrdiaed\/?locale=et_EE","article_modified_time":"2026-04-16T08:35:13+00:00","og_image":[{"width":800,"height":800,"url":"https:\/\/tammetalu.eu\/wp-content\/uploads\/2022\/08\/Hiidiisop-apadana-rose-tamme-talu-urdiaed-5.jpg","type":"image\/jpeg"}],"twitter_card":"summary_large_image","twitter_misc":{"Est. reading time":"1 minute"},"schema":{"@context":"https:\/\/schema.org","@graph":[{"@type":"WebPage","@id":"https:\/\/tammetalu.eu\/toode\/hiidiisop-apadana-rose\/","url":"https:\/\/tammetalu.eu\/toode\/hiidiisop-apadana-rose\/","name":"Hiidiisop \"Apadana Rose\" - Tamme talu \u00fcrdiaed","isPartOf":{"@id":"https:\/\/tammetalu.eu\/#website"},"primaryImageOfPage":{"@id":"https:\/\/tammetalu.eu\/toode\/hiidiisop-apadana-rose\/#primaryimage"},"image":{"@id":"https:\/\/tammetalu.eu\/toode\/hiidiisop-apadana-rose\/#primaryimage"},"thumbnailUrl":"https:\/\/tammetalu.eu\/wp-content\/uploads\/2022\/08\/Hiidiisop-apadana-rose-tamme-talu-urdiaed-5.jpg","datePublished":"2022-08-09T06:09:21+00:00","dateModified":"2026-04-16T08:35:13+00:00","breadcrumb":{"@id":"https:\/\/tammetalu.eu\/toode\/hiidiisop-apadana-rose\/#breadcrumb"},"inLanguage":"en-US","potentialAction":[{"@type":"ReadAction","target":["https:\/\/tammetalu.eu\/toode\/hiidiisop-apadana-rose\/"]}]},{"@type":"ImageObject","inLanguage":"en-US","@id":"https:\/\/tammetalu.eu\/toode\/hiidiisop-apadana-rose\/#primaryimage","url":"https:\/\/tammetalu.eu\/wp-content\/uploads\/2022\/08\/Hiidiisop-apadana-rose-tamme-talu-urdiaed-5.jpg","contentUrl":"https:\/\/tammetalu.eu\/wp-content\/uploads\/2022\/08\/Hiidiisop-apadana-rose-tamme-talu-urdiaed-5.jpg","width":800,"height":800},{"@type":"BreadcrumbList","@id":"https:\/\/tammetalu.eu\/toode\/hiidiisop-apadana-rose\/#breadcrumb","itemListElement":[{"@type":"ListItem","position":1,"name":"Home","item":"https:\/\/tammetalu.eu\/en\/esileht-eng\/"},{"@type":"ListItem","position":2,"name":"Shop","item":"https:\/\/tammetalu.eu\/en\/shop\/"},{"@type":"ListItem","position":3,"name":"Hiidiisop &#8220;Apadana Rose&#8221;"}]},{"@type":"WebSite","@id":"https:\/\/tammetalu.eu\/#website","url":"https:\/\/tammetalu.eu\/","name":"Tamme talu \u00fcrdiaed","description":"K\u00e4sit\u00f6\u00f6na valmistatud tooted \u00fcrtidest, \u00fcrdiistikud, \u00fcrtide kollektsioonaed","publisher":{"@id":"https:\/\/tammetalu.eu\/#organization"},"alternateName":"Tamme talu","potentialAction":[{"@type":"SearchAction","target":{"@type":"EntryPoint","urlTemplate":"https:\/\/tammetalu.eu\/?s={search_term_string}"},"query-input":{"@type":"PropertyValueSpecification","valueRequired":true,"valueName":"search_term_string"}}],"inLanguage":"en-US"},{"@type":"Organization","@id":"https:\/\/tammetalu.eu\/#organization","name":"Tamme talu \u00fcrdiaed","alternateName":"Tamme talu","url":"https:\/\/tammetalu.eu\/","logo":{"@type":"ImageObject","inLanguage":"en-US","@id":"https:\/\/tammetalu.eu\/#\/schema\/logo\/image\/","url":"https:\/\/tammetalu.eu\/wp-content\/uploads\/2025\/01\/Tamme_talu_urdiaed.png","contentUrl":"https:\/\/tammetalu.eu\/wp-content\/uploads\/2025\/01\/Tamme_talu_urdiaed.png","width":560,"height":560,"caption":"Tamme talu \u00fcrdiaed"},"image":{"@id":"https:\/\/tammetalu.eu\/#\/schema\/logo\/image\/"},"sameAs":["https:\/\/www.facebook.com\/TammeTaluUrdiaed\/?locale=et_EE","https:\/\/www.instagram.com\/tammetaluurdiaed\/"]}]}},"_links":{"self":[{"href":"https:\/\/tammetalu.eu\/en\/wp-json\/wp\/v2\/product\/16110","targetHints":{"allow":["GET"]}}],"collection":[{"href":"https:\/\/tammetalu.eu\/en\/wp-json\/wp\/v2\/product"}],"about":[{"href":"https:\/\/tammetalu.eu\/en\/wp-json\/wp\/v2\/types\/product"}],"wp:featuredmedia":[{"embeddable":true,"href":"https:\/\/tammetalu.eu\/en\/wp-json\/wp\/v2\/media\/16213"}],"wp:attachment":[{"href":"https:\/\/tammetalu.eu\/en\/wp-json\/wp\/v2\/media?parent=16110"}],"wp:term":[{"taxonomy":"product_brand","embeddable":true,"href":"https:\/\/tammetalu.eu\/en\/wp-json\/wp\/v2\/product_brand?post=16110"},{"taxonomy":"product_cat","embeddable":true,"href":"https:\/\/tammetalu.eu\/en\/wp-json\/wp\/v2\/product_cat?post=16110"},{"taxonomy":"product_tag","embeddable":true,"href":"https:\/\/tammetalu.eu\/en\/wp-json\/wp\/v2\/product_tag?post=16110"}],"curies":[{"name":"wp","href":"https:\/\/api.w.org\/{rel}","templated":true}]}}