{"id":16159,"date":"2022-08-09T09:09:44","date_gmt":"2022-08-09T06:09:44","guid":{"rendered":"https:\/\/tammetalu.eu?post_type=product&#038;p=16159"},"modified":"2026-02-02T15:14:53","modified_gmt":"2026-02-02T13:14:53","slug":"basiilik-copa-pinto","status":"publish","type":"product","link":"https:\/\/tammetalu.eu\/en\/product\/basiilik-copa-pinto\/","title":{"rendered":"Basiilik &#8220;Copa Pinto&#8221;"},"content":{"rendered":"","protected":false},"excerpt":{"rendered":"<p><em>Ocimum x hybrida<\/em><\/p>\n<p>Kauni v\u00e4limusega basiiliku sort, mis on v\u00e4ga sobiv\u00a0 potis kasvatamiseks. Lehed on tumerohelised ja tumepunaste roodudega. Taimele sobib t\u00e4isp\u00e4ikeseline kuni poolvarjuline tuulevaikne kasvukoht. ja parasniiske viljakam muld. K\u00f5rgus kuni 50 cm. Latvu tuleks aeg-ajalt tagasi n\u00e4pistada, siis taim kasvatab j\u00f5udsamalt uusi v\u00f5rseid ja p\u00fcsib kompaktne. Lisaks saab taime pidevalt kujundades suuremat lehesaaki.<\/p>\n<p>Sobib kasvatamiseks kasvuhoones, potitaimena r\u00f5dul, aknalaual, terrassil koos suvelillede ja teiste sarnaste maitsetaimedega v\u00f5i aias peenras tuulevaikses kohas.<\/p>\n<p>Klassikaline maitsetaim tomati, juustu, kala, ja makaronitoitudele. Basiiliku lehe mahl on hea valuvaigisti ja turse alandaja putukapistetele.<\/p>\n<p>Rahvameditsiinis kasutatakse basiiliku lehti ja \u00f5isikuid s\u00f6\u00f6giisu t\u00f5stva ja seedimist soodustava vahendina ning kergema k\u00f5hulahtisuse raviks.<\/p>\n","protected":false},"featured_media":16296,"template":"","meta":{"_acf_changed":false,"_et_pb_use_builder":"","_et_pb_old_content":"","_et_gb_content_width":"","inline_featured_image":false},"product_brand":[],"product_cat":[186,193],"product_tag":[],"class_list":{"0":"post-16159","1":"product","2":"type-product","3":"status-publish","4":"has-post-thumbnail","6":"product_cat-maitse-ja-ravimtaimede-istikud","7":"product_cat-basiilikud","9":"first","10":"outofstock","11":"sale","12":"taxable","13":"shipping-taxable","14":"purchasable","15":"product-type-simple"},"acf":[],"yoast_head":"<!-- This site is optimized with the Yoast SEO plugin v26.4 - https:\/\/yoast.com\/wordpress\/plugins\/seo\/ -->\n<title>Basiilik &quot;Copa Pinto&quot; - Tamme talu \u00fcrdiaed<\/title>\n<meta name=\"robots\" content=\"index, follow, max-snippet:-1, max-image-preview:large, max-video-preview:-1\" \/>\n<link rel=\"canonical\" href=\"https:\/\/tammetalu.eu\/toode\/basiilik-copa-pinto\/\" \/>\n<meta property=\"og:locale\" content=\"en_US\" \/>\n<meta property=\"og:type\" content=\"article\" \/>\n<meta property=\"og:title\" content=\"Basiilik &quot;Copa Pinto&quot; - Tamme talu \u00fcrdiaed\" \/>\n<meta property=\"og:description\" content=\"Ocimum x hybrida  Kauni v\u00e4limusega basiiliku sort, mis on v\u00e4ga sobiv\u00a0 potis kasvatamiseks. Lehed on tumerohelised ja tumepunaste roodudega. Taimele sobib t\u00e4isp\u00e4ikeseline kuni poolvarjuline tuulevaikne kasvukoht. ja parasniiske viljakam muld. K\u00f5rgus kuni 50 cm. Latvu tuleks aeg-ajalt tagasi n\u00e4pistada, siis taim kasvatab j\u00f5udsamalt uusi v\u00f5rseid ja p\u00fcsib kompaktne. Lisaks saab taime pidevalt kujundades suuremat lehesaaki.  Sobib kasvatamiseks kasvuhoones, potitaimena r\u00f5dul, aknalaual, terrassil koos suvelillede ja teiste sarnaste maitsetaimedega v\u00f5i aias peenras tuulevaikses kohas.  Klassikaline maitsetaim tomati, juustu, kala, ja makaronitoitudele. Basiiliku lehe mahl on hea valuvaigisti ja turse alandaja putukapistetele.  Rahvameditsiinis kasutatakse basiiliku lehti ja \u00f5isikuid s\u00f6\u00f6giisu t\u00f5stva ja seedimist soodustava vahendina ning kergema k\u00f5hulahtisuse raviks.\" \/>\n<meta property=\"og:url\" content=\"https:\/\/tammetalu.eu\/toode\/basiilik-copa-pinto\/\" \/>\n<meta property=\"og:site_name\" content=\"Tamme talu \u00fcrdiaed\" \/>\n<meta property=\"article:publisher\" content=\"https:\/\/www.facebook.com\/TammeTaluUrdiaed\/?locale=et_EE\" \/>\n<meta property=\"article:modified_time\" content=\"2026-02-02T13:14:53+00:00\" \/>\n<meta property=\"og:image\" content=\"https:\/\/tammetalu.eu\/wp-content\/uploads\/2022\/08\/ocimum-Copa_Pinto-tamme-talu-urdiaed-5.jpg\" \/>\n\t<meta property=\"og:image:width\" content=\"698\" \/>\n\t<meta property=\"og:image:height\" content=\"700\" \/>\n\t<meta property=\"og:image:type\" content=\"image\/jpeg\" \/>\n<meta name=\"twitter:card\" content=\"summary_large_image\" \/>\n<script type=\"application\/ld+json\" class=\"yoast-schema-graph\">{\"@context\":\"https:\/\/schema.org\",\"@graph\":[{\"@type\":\"WebPage\",\"@id\":\"https:\/\/tammetalu.eu\/toode\/basiilik-copa-pinto\/\",\"url\":\"https:\/\/tammetalu.eu\/toode\/basiilik-copa-pinto\/\",\"name\":\"Basiilik \\\"Copa Pinto\\\" - Tamme talu \u00fcrdiaed\",\"isPartOf\":{\"@id\":\"https:\/\/tammetalu.eu\/#website\"},\"primaryImageOfPage\":{\"@id\":\"https:\/\/tammetalu.eu\/toode\/basiilik-copa-pinto\/#primaryimage\"},\"image\":{\"@id\":\"https:\/\/tammetalu.eu\/toode\/basiilik-copa-pinto\/#primaryimage\"},\"thumbnailUrl\":\"https:\/\/tammetalu.eu\/wp-content\/uploads\/2022\/08\/ocimum-Copa_Pinto-tamme-talu-urdiaed-5.jpg\",\"datePublished\":\"2022-08-09T06:09:44+00:00\",\"dateModified\":\"2026-02-02T13:14:53+00:00\",\"breadcrumb\":{\"@id\":\"https:\/\/tammetalu.eu\/toode\/basiilik-copa-pinto\/#breadcrumb\"},\"inLanguage\":\"en-US\",\"potentialAction\":[{\"@type\":\"ReadAction\",\"target\":[\"https:\/\/tammetalu.eu\/toode\/basiilik-copa-pinto\/\"]}]},{\"@type\":\"ImageObject\",\"inLanguage\":\"en-US\",\"@id\":\"https:\/\/tammetalu.eu\/toode\/basiilik-copa-pinto\/#primaryimage\",\"url\":\"https:\/\/tammetalu.eu\/wp-content\/uploads\/2022\/08\/ocimum-Copa_Pinto-tamme-talu-urdiaed-5.jpg\",\"contentUrl\":\"https:\/\/tammetalu.eu\/wp-content\/uploads\/2022\/08\/ocimum-Copa_Pinto-tamme-talu-urdiaed-5.jpg\",\"width\":698,\"height\":700},{\"@type\":\"BreadcrumbList\",\"@id\":\"https:\/\/tammetalu.eu\/toode\/basiilik-copa-pinto\/#breadcrumb\",\"itemListElement\":[{\"@type\":\"ListItem\",\"position\":1,\"name\":\"Home\",\"item\":\"https:\/\/tammetalu.eu\/en\/esileht-eng\/\"},{\"@type\":\"ListItem\",\"position\":2,\"name\":\"Shop\",\"item\":\"https:\/\/tammetalu.eu\/en\/shop\/\"},{\"@type\":\"ListItem\",\"position\":3,\"name\":\"Basiilik &#8220;Copa Pinto&#8221;\"}]},{\"@type\":\"WebSite\",\"@id\":\"https:\/\/tammetalu.eu\/#website\",\"url\":\"https:\/\/tammetalu.eu\/\",\"name\":\"Tamme talu \u00fcrdiaed\",\"description\":\"K\u00e4sit\u00f6\u00f6na valmistatud tooted \u00fcrtidest, \u00fcrdiistikud, \u00fcrtide kollektsioonaed\",\"publisher\":{\"@id\":\"https:\/\/tammetalu.eu\/#organization\"},\"alternateName\":\"Tamme talu\",\"potentialAction\":[{\"@type\":\"SearchAction\",\"target\":{\"@type\":\"EntryPoint\",\"urlTemplate\":\"https:\/\/tammetalu.eu\/?s={search_term_string}\"},\"query-input\":{\"@type\":\"PropertyValueSpecification\",\"valueRequired\":true,\"valueName\":\"search_term_string\"}}],\"inLanguage\":\"en-US\"},{\"@type\":\"Organization\",\"@id\":\"https:\/\/tammetalu.eu\/#organization\",\"name\":\"Tamme talu \u00fcrdiaed\",\"alternateName\":\"Tamme talu\",\"url\":\"https:\/\/tammetalu.eu\/\",\"logo\":{\"@type\":\"ImageObject\",\"inLanguage\":\"en-US\",\"@id\":\"https:\/\/tammetalu.eu\/#\/schema\/logo\/image\/\",\"url\":\"https:\/\/tammetalu.eu\/wp-content\/uploads\/2025\/01\/Tamme_talu_urdiaed.png\",\"contentUrl\":\"https:\/\/tammetalu.eu\/wp-content\/uploads\/2025\/01\/Tamme_talu_urdiaed.png\",\"width\":560,\"height\":560,\"caption\":\"Tamme talu \u00fcrdiaed\"},\"image\":{\"@id\":\"https:\/\/tammetalu.eu\/#\/schema\/logo\/image\/\"},\"sameAs\":[\"https:\/\/www.facebook.com\/TammeTaluUrdiaed\/?locale=et_EE\",\"https:\/\/www.instagram.com\/tammetaluurdiaed\/\"]}]}<\/script>\n<!-- \/ Yoast SEO plugin. -->","yoast_head_json":{"title":"Basiilik \"Copa Pinto\" - Tamme talu \u00fcrdiaed","robots":{"index":"index","follow":"follow","max-snippet":"max-snippet:-1","max-image-preview":"max-image-preview:large","max-video-preview":"max-video-preview:-1"},"canonical":"https:\/\/tammetalu.eu\/toode\/basiilik-copa-pinto\/","og_locale":"en_US","og_type":"article","og_title":"Basiilik \"Copa Pinto\" - Tamme talu \u00fcrdiaed","og_description":"Ocimum x hybrida  Kauni v\u00e4limusega basiiliku sort, mis on v\u00e4ga sobiv\u00a0 potis kasvatamiseks. Lehed on tumerohelised ja tumepunaste roodudega. Taimele sobib t\u00e4isp\u00e4ikeseline kuni poolvarjuline tuulevaikne kasvukoht. ja parasniiske viljakam muld. K\u00f5rgus kuni 50 cm. Latvu tuleks aeg-ajalt tagasi n\u00e4pistada, siis taim kasvatab j\u00f5udsamalt uusi v\u00f5rseid ja p\u00fcsib kompaktne. Lisaks saab taime pidevalt kujundades suuremat lehesaaki.  Sobib kasvatamiseks kasvuhoones, potitaimena r\u00f5dul, aknalaual, terrassil koos suvelillede ja teiste sarnaste maitsetaimedega v\u00f5i aias peenras tuulevaikses kohas.  Klassikaline maitsetaim tomati, juustu, kala, ja makaronitoitudele. Basiiliku lehe mahl on hea valuvaigisti ja turse alandaja putukapistetele.  Rahvameditsiinis kasutatakse basiiliku lehti ja \u00f5isikuid s\u00f6\u00f6giisu t\u00f5stva ja seedimist soodustava vahendina ning kergema k\u00f5hulahtisuse raviks.","og_url":"https:\/\/tammetalu.eu\/toode\/basiilik-copa-pinto\/","og_site_name":"Tamme talu \u00fcrdiaed","article_publisher":"https:\/\/www.facebook.com\/TammeTaluUrdiaed\/?locale=et_EE","article_modified_time":"2026-02-02T13:14:53+00:00","og_image":[{"width":698,"height":700,"url":"https:\/\/tammetalu.eu\/wp-content\/uploads\/2022\/08\/ocimum-Copa_Pinto-tamme-talu-urdiaed-5.jpg","type":"image\/jpeg"}],"twitter_card":"summary_large_image","schema":{"@context":"https:\/\/schema.org","@graph":[{"@type":"WebPage","@id":"https:\/\/tammetalu.eu\/toode\/basiilik-copa-pinto\/","url":"https:\/\/tammetalu.eu\/toode\/basiilik-copa-pinto\/","name":"Basiilik \"Copa Pinto\" - Tamme talu \u00fcrdiaed","isPartOf":{"@id":"https:\/\/tammetalu.eu\/#website"},"primaryImageOfPage":{"@id":"https:\/\/tammetalu.eu\/toode\/basiilik-copa-pinto\/#primaryimage"},"image":{"@id":"https:\/\/tammetalu.eu\/toode\/basiilik-copa-pinto\/#primaryimage"},"thumbnailUrl":"https:\/\/tammetalu.eu\/wp-content\/uploads\/2022\/08\/ocimum-Copa_Pinto-tamme-talu-urdiaed-5.jpg","datePublished":"2022-08-09T06:09:44+00:00","dateModified":"2026-02-02T13:14:53+00:00","breadcrumb":{"@id":"https:\/\/tammetalu.eu\/toode\/basiilik-copa-pinto\/#breadcrumb"},"inLanguage":"en-US","potentialAction":[{"@type":"ReadAction","target":["https:\/\/tammetalu.eu\/toode\/basiilik-copa-pinto\/"]}]},{"@type":"ImageObject","inLanguage":"en-US","@id":"https:\/\/tammetalu.eu\/toode\/basiilik-copa-pinto\/#primaryimage","url":"https:\/\/tammetalu.eu\/wp-content\/uploads\/2022\/08\/ocimum-Copa_Pinto-tamme-talu-urdiaed-5.jpg","contentUrl":"https:\/\/tammetalu.eu\/wp-content\/uploads\/2022\/08\/ocimum-Copa_Pinto-tamme-talu-urdiaed-5.jpg","width":698,"height":700},{"@type":"BreadcrumbList","@id":"https:\/\/tammetalu.eu\/toode\/basiilik-copa-pinto\/#breadcrumb","itemListElement":[{"@type":"ListItem","position":1,"name":"Home","item":"https:\/\/tammetalu.eu\/en\/esileht-eng\/"},{"@type":"ListItem","position":2,"name":"Shop","item":"https:\/\/tammetalu.eu\/en\/shop\/"},{"@type":"ListItem","position":3,"name":"Basiilik &#8220;Copa Pinto&#8221;"}]},{"@type":"WebSite","@id":"https:\/\/tammetalu.eu\/#website","url":"https:\/\/tammetalu.eu\/","name":"Tamme talu \u00fcrdiaed","description":"K\u00e4sit\u00f6\u00f6na valmistatud tooted \u00fcrtidest, \u00fcrdiistikud, \u00fcrtide kollektsioonaed","publisher":{"@id":"https:\/\/tammetalu.eu\/#organization"},"alternateName":"Tamme talu","potentialAction":[{"@type":"SearchAction","target":{"@type":"EntryPoint","urlTemplate":"https:\/\/tammetalu.eu\/?s={search_term_string}"},"query-input":{"@type":"PropertyValueSpecification","valueRequired":true,"valueName":"search_term_string"}}],"inLanguage":"en-US"},{"@type":"Organization","@id":"https:\/\/tammetalu.eu\/#organization","name":"Tamme talu \u00fcrdiaed","alternateName":"Tamme talu","url":"https:\/\/tammetalu.eu\/","logo":{"@type":"ImageObject","inLanguage":"en-US","@id":"https:\/\/tammetalu.eu\/#\/schema\/logo\/image\/","url":"https:\/\/tammetalu.eu\/wp-content\/uploads\/2025\/01\/Tamme_talu_urdiaed.png","contentUrl":"https:\/\/tammetalu.eu\/wp-content\/uploads\/2025\/01\/Tamme_talu_urdiaed.png","width":560,"height":560,"caption":"Tamme talu \u00fcrdiaed"},"image":{"@id":"https:\/\/tammetalu.eu\/#\/schema\/logo\/image\/"},"sameAs":["https:\/\/www.facebook.com\/TammeTaluUrdiaed\/?locale=et_EE","https:\/\/www.instagram.com\/tammetaluurdiaed\/"]}]}},"_links":{"self":[{"href":"https:\/\/tammetalu.eu\/en\/wp-json\/wp\/v2\/product\/16159","targetHints":{"allow":["GET"]}}],"collection":[{"href":"https:\/\/tammetalu.eu\/en\/wp-json\/wp\/v2\/product"}],"about":[{"href":"https:\/\/tammetalu.eu\/en\/wp-json\/wp\/v2\/types\/product"}],"wp:featuredmedia":[{"embeddable":true,"href":"https:\/\/tammetalu.eu\/en\/wp-json\/wp\/v2\/media\/16296"}],"wp:attachment":[{"href":"https:\/\/tammetalu.eu\/en\/wp-json\/wp\/v2\/media?parent=16159"}],"wp:term":[{"taxonomy":"product_brand","embeddable":true,"href":"https:\/\/tammetalu.eu\/en\/wp-json\/wp\/v2\/product_brand?post=16159"},{"taxonomy":"product_cat","embeddable":true,"href":"https:\/\/tammetalu.eu\/en\/wp-json\/wp\/v2\/product_cat?post=16159"},{"taxonomy":"product_tag","embeddable":true,"href":"https:\/\/tammetalu.eu\/en\/wp-json\/wp\/v2\/product_tag?post=16159"}],"curies":[{"name":"wp","href":"https:\/\/api.w.org\/{rel}","templated":true}]}}