{"id":16266,"date":"2022-08-09T09:10:28","date_gmt":"2022-08-09T06:10:28","guid":{"rendered":"https:\/\/tammetalu.eu?post_type=product&#038;p=16266"},"modified":"2026-04-25T23:24:24","modified_gmt":"2026-04-25T20:24:24","slug":"vaarismunt-ginger-ingvermunt","status":"publish","type":"product","link":"https:\/\/tammetalu.eu\/en\/product\/vaarismunt-ginger-ingvermunt\/","title":{"rendered":"V\u00e4\u00e4rism\u00fcnt ingverm\u00fcnt Mentha x gracilis &#8220;Ginger&#8221;"},"content":{"rendered":"<p>&nbsp;<\/p>\n<p>&nbsp;<\/p>\n","protected":false},"excerpt":{"rendered":"<p>V\u00e4\u00e4rism\u00fcnt ingverm\u00fcnt <em>Mentha x gracilis<\/em> \u201cGinger\u201d<\/p>\n<p>LAT:\u00a0 <em>Mentha x gracilis<\/em><\/p>\n<p>ENG: Ginger mint<\/p>\n<p>RU:\u00a0 \u041c\u044f\u0442\u0430 \u0442\u043e\u043d\u043a\u0430\u044f &#8220;\u0414\u0436\u0438\u043d\u0434\u0436\u0435\u0440 \u041c\u0438\u043d\u0442\u201d<\/p>\n<p>FI: Inkiv\u00e4\u00e4ri minttu<\/p>\n<p>V\u00fcrtsikalt ingveri ja piparm\u00fcndi j\u00e4rele l\u00f5hnav ca 45 cm k\u00f5rgune veidi k\u00fclmahell p\u00fcsik poolvarjulise v\u00f5i p\u00e4ikeselise parasniiske mullaga kasvukohale. Sordil on kollase-rohelisekirjud lehed ja pikad maa-alused risoomid. Paljundada saab k\u00f5ige h\u00f5lpsamalt risoomide t\u00fckeldamisegs. Sobilik sort kasvatamiseks amplites ja r\u00f5dukastides, pottides ning anumates. V\u00e4ga k\u00fclmal lumeta talvel v\u00f5iks taime katta kuuseokste, kuivade puulehtede v\u00f5i turbaga<\/p>\n<p>Maitsetaimena sobib kasutamiseks nii soolastes kui magusates roogades ja mahedamaitselise tee valmistamiseks.<\/p>\n<p>Rahvameditsiinis kasutatakse m\u00fcnditeed \u00f5htul rahustavaks joogiks. Aitab k\u00f5hupuhituse korral, sobib \u00f5htul rahustavaks teeks ka neile inimestele, kes rohem\u00fcnti ja piparm\u00fcnti liiga tugevamaitseliseks peavad.<\/p>\n<p>K\u00f5rgus: kuni 0,45 m<\/p>\n<p>\u00d5itsemise aeg: VI-VII<\/p>\n<p>Talvekindlus: Talvekindel<\/p>\n<p>Poti suurus : 9-12<\/p>\n<p>&nbsp;<\/p>\n","protected":false},"featured_media":16365,"template":"","meta":{"_acf_changed":false,"_et_pb_use_builder":"","_et_pb_old_content":"","_et_gb_content_width":"","inline_featured_image":false},"product_brand":[],"product_cat":[186,192],"product_tag":[],"class_list":{"0":"post-16266","1":"product","2":"type-product","3":"status-publish","4":"has-post-thumbnail","6":"product_cat-maitse-ja-ravimtaimede-istikud","7":"product_cat-mundid","9":"first","10":"instock","11":"sale","12":"taxable","13":"shipping-taxable","14":"purchasable","15":"product-type-simple"},"acf":[],"yoast_head":"<!-- This site is optimized with the Yoast SEO plugin v26.4 - https:\/\/yoast.com\/wordpress\/plugins\/seo\/ -->\n<title>V\u00e4\u00e4rism\u00fcnt ingverm\u00fcnt Mentha x gracilis &quot;Ginger&quot; - Tamme talu \u00fcrdiaed<\/title>\n<meta name=\"robots\" content=\"index, follow, max-snippet:-1, max-image-preview:large, max-video-preview:-1\" \/>\n<link rel=\"canonical\" href=\"https:\/\/tammetalu.eu\/toode\/vaarismunt-ginger-ingvermunt\/\" \/>\n<meta property=\"og:locale\" content=\"en_US\" \/>\n<meta property=\"og:type\" content=\"article\" \/>\n<meta property=\"og:title\" content=\"V\u00e4\u00e4rism\u00fcnt ingverm\u00fcnt Mentha x gracilis &quot;Ginger&quot; - Tamme talu \u00fcrdiaed\" \/>\n<meta property=\"og:description\" content=\"V\u00e4\u00e4rism\u00fcnt ingverm\u00fcnt Mentha x gracilis \u201cGinger\u201d  LAT:\u00a0 Mentha x gracilis  ENG: Ginger mint  RU:\u00a0 \u041c\u044f\u0442\u0430 \u0442\u043e\u043d\u043a\u0430\u044f &quot;\u0414\u0436\u0438\u043d\u0434\u0436\u0435\u0440 \u041c\u0438\u043d\u0442\u201d  FI: Inkiv\u00e4\u00e4ri minttu  V\u00fcrtsikalt ingveri ja piparm\u00fcndi j\u00e4rele l\u00f5hnav ca 45 cm k\u00f5rgune veidi k\u00fclmahell p\u00fcsik poolvarjulise v\u00f5i p\u00e4ikeselise parasniiske mullaga kasvukohale. Sordil on kollase-rohelisekirjud lehed ja pikad maa-alused risoomid. Paljundada saab k\u00f5ige h\u00f5lpsamalt risoomide t\u00fckeldamisegs. Sobilik sort kasvatamiseks amplites ja r\u00f5dukastides, pottides ning anumates. V\u00e4ga k\u00fclmal lumeta talvel v\u00f5iks taime katta kuuseokste, kuivade puulehtede v\u00f5i turbaga  Maitsetaimena sobib kasutamiseks nii soolastes kui magusates roogades ja mahedamaitselise tee valmistamiseks.  Rahvameditsiinis kasutatakse m\u00fcnditeed \u00f5htul rahustavaks joogiks. Aitab k\u00f5hupuhituse korral, sobib \u00f5htul rahustavaks teeks ka neile inimestele, kes rohem\u00fcnti ja piparm\u00fcnti liiga tugevamaitseliseks peavad.  K\u00f5rgus: kuni 0,45 m  \u00d5itsemise aeg: VI-VII  Talvekindlus: Talvekindel  Poti suurus : 9-12  &nbsp;\" \/>\n<meta property=\"og:url\" content=\"https:\/\/tammetalu.eu\/toode\/vaarismunt-ginger-ingvermunt\/\" \/>\n<meta property=\"og:site_name\" content=\"Tamme talu \u00fcrdiaed\" \/>\n<meta property=\"article:publisher\" content=\"https:\/\/www.facebook.com\/TammeTaluUrdiaed\/?locale=et_EE\" \/>\n<meta property=\"article:modified_time\" content=\"2026-04-25T20:24:24+00:00\" \/>\n<meta property=\"og:image\" content=\"https:\/\/tammetalu.eu\/wp-content\/uploads\/2022\/08\/Mentha-gracilis-Ginger-tamme-talu-urdiaed-5.jpg\" \/>\n\t<meta property=\"og:image:width\" content=\"1024\" \/>\n\t<meta property=\"og:image:height\" content=\"684\" \/>\n\t<meta property=\"og:image:type\" content=\"image\/jpeg\" \/>\n<meta name=\"twitter:card\" content=\"summary_large_image\" \/>\n<meta name=\"twitter:label1\" content=\"Est. reading time\" \/>\n\t<meta name=\"twitter:data1\" content=\"1 minute\" \/>\n<script type=\"application\/ld+json\" class=\"yoast-schema-graph\">{\"@context\":\"https:\/\/schema.org\",\"@graph\":[{\"@type\":\"WebPage\",\"@id\":\"https:\/\/tammetalu.eu\/toode\/vaarismunt-ginger-ingvermunt\/\",\"url\":\"https:\/\/tammetalu.eu\/toode\/vaarismunt-ginger-ingvermunt\/\",\"name\":\"V\u00e4\u00e4rism\u00fcnt ingverm\u00fcnt Mentha x gracilis \\\"Ginger\\\" - Tamme talu \u00fcrdiaed\",\"isPartOf\":{\"@id\":\"https:\/\/tammetalu.eu\/#website\"},\"primaryImageOfPage\":{\"@id\":\"https:\/\/tammetalu.eu\/toode\/vaarismunt-ginger-ingvermunt\/#primaryimage\"},\"image\":{\"@id\":\"https:\/\/tammetalu.eu\/toode\/vaarismunt-ginger-ingvermunt\/#primaryimage\"},\"thumbnailUrl\":\"https:\/\/tammetalu.eu\/wp-content\/uploads\/2022\/08\/Mentha-gracilis-Ginger-tamme-talu-urdiaed-5.jpg\",\"datePublished\":\"2022-08-09T06:10:28+00:00\",\"dateModified\":\"2026-04-25T20:24:24+00:00\",\"breadcrumb\":{\"@id\":\"https:\/\/tammetalu.eu\/toode\/vaarismunt-ginger-ingvermunt\/#breadcrumb\"},\"inLanguage\":\"en-US\",\"potentialAction\":[{\"@type\":\"ReadAction\",\"target\":[\"https:\/\/tammetalu.eu\/toode\/vaarismunt-ginger-ingvermunt\/\"]}]},{\"@type\":\"ImageObject\",\"inLanguage\":\"en-US\",\"@id\":\"https:\/\/tammetalu.eu\/toode\/vaarismunt-ginger-ingvermunt\/#primaryimage\",\"url\":\"https:\/\/tammetalu.eu\/wp-content\/uploads\/2022\/08\/Mentha-gracilis-Ginger-tamme-talu-urdiaed-5.jpg\",\"contentUrl\":\"https:\/\/tammetalu.eu\/wp-content\/uploads\/2022\/08\/Mentha-gracilis-Ginger-tamme-talu-urdiaed-5.jpg\",\"width\":1024,\"height\":684},{\"@type\":\"BreadcrumbList\",\"@id\":\"https:\/\/tammetalu.eu\/toode\/vaarismunt-ginger-ingvermunt\/#breadcrumb\",\"itemListElement\":[{\"@type\":\"ListItem\",\"position\":1,\"name\":\"Home\",\"item\":\"https:\/\/tammetalu.eu\/en\/esileht-eng\/\"},{\"@type\":\"ListItem\",\"position\":2,\"name\":\"Shop\",\"item\":\"https:\/\/tammetalu.eu\/en\/shop\/\"},{\"@type\":\"ListItem\",\"position\":3,\"name\":\"V\u00e4\u00e4rism\u00fcnt ingverm\u00fcnt Mentha x gracilis &#8220;Ginger&#8221;\"}]},{\"@type\":\"WebSite\",\"@id\":\"https:\/\/tammetalu.eu\/#website\",\"url\":\"https:\/\/tammetalu.eu\/\",\"name\":\"Tamme talu \u00fcrdiaed\",\"description\":\"K\u00e4sit\u00f6\u00f6na valmistatud tooted \u00fcrtidest, \u00fcrdiistikud, \u00fcrtide kollektsioonaed\",\"publisher\":{\"@id\":\"https:\/\/tammetalu.eu\/#organization\"},\"alternateName\":\"Tamme talu\",\"potentialAction\":[{\"@type\":\"SearchAction\",\"target\":{\"@type\":\"EntryPoint\",\"urlTemplate\":\"https:\/\/tammetalu.eu\/?s={search_term_string}\"},\"query-input\":{\"@type\":\"PropertyValueSpecification\",\"valueRequired\":true,\"valueName\":\"search_term_string\"}}],\"inLanguage\":\"en-US\"},{\"@type\":\"Organization\",\"@id\":\"https:\/\/tammetalu.eu\/#organization\",\"name\":\"Tamme talu \u00fcrdiaed\",\"alternateName\":\"Tamme talu\",\"url\":\"https:\/\/tammetalu.eu\/\",\"logo\":{\"@type\":\"ImageObject\",\"inLanguage\":\"en-US\",\"@id\":\"https:\/\/tammetalu.eu\/#\/schema\/logo\/image\/\",\"url\":\"https:\/\/tammetalu.eu\/wp-content\/uploads\/2025\/01\/Tamme_talu_urdiaed.png\",\"contentUrl\":\"https:\/\/tammetalu.eu\/wp-content\/uploads\/2025\/01\/Tamme_talu_urdiaed.png\",\"width\":560,\"height\":560,\"caption\":\"Tamme talu \u00fcrdiaed\"},\"image\":{\"@id\":\"https:\/\/tammetalu.eu\/#\/schema\/logo\/image\/\"},\"sameAs\":[\"https:\/\/www.facebook.com\/TammeTaluUrdiaed\/?locale=et_EE\",\"https:\/\/www.instagram.com\/tammetaluurdiaed\/\"]}]}<\/script>\n<!-- \/ Yoast SEO plugin. -->","yoast_head_json":{"title":"V\u00e4\u00e4rism\u00fcnt ingverm\u00fcnt Mentha x gracilis \"Ginger\" - Tamme talu \u00fcrdiaed","robots":{"index":"index","follow":"follow","max-snippet":"max-snippet:-1","max-image-preview":"max-image-preview:large","max-video-preview":"max-video-preview:-1"},"canonical":"https:\/\/tammetalu.eu\/toode\/vaarismunt-ginger-ingvermunt\/","og_locale":"en_US","og_type":"article","og_title":"V\u00e4\u00e4rism\u00fcnt ingverm\u00fcnt Mentha x gracilis \"Ginger\" - Tamme talu \u00fcrdiaed","og_description":"V\u00e4\u00e4rism\u00fcnt ingverm\u00fcnt Mentha x gracilis \u201cGinger\u201d  LAT:\u00a0 Mentha x gracilis  ENG: Ginger mint  RU:\u00a0 \u041c\u044f\u0442\u0430 \u0442\u043e\u043d\u043a\u0430\u044f \"\u0414\u0436\u0438\u043d\u0434\u0436\u0435\u0440 \u041c\u0438\u043d\u0442\u201d  FI: Inkiv\u00e4\u00e4ri minttu  V\u00fcrtsikalt ingveri ja piparm\u00fcndi j\u00e4rele l\u00f5hnav ca 45 cm k\u00f5rgune veidi k\u00fclmahell p\u00fcsik poolvarjulise v\u00f5i p\u00e4ikeselise parasniiske mullaga kasvukohale. Sordil on kollase-rohelisekirjud lehed ja pikad maa-alused risoomid. Paljundada saab k\u00f5ige h\u00f5lpsamalt risoomide t\u00fckeldamisegs. Sobilik sort kasvatamiseks amplites ja r\u00f5dukastides, pottides ning anumates. V\u00e4ga k\u00fclmal lumeta talvel v\u00f5iks taime katta kuuseokste, kuivade puulehtede v\u00f5i turbaga  Maitsetaimena sobib kasutamiseks nii soolastes kui magusates roogades ja mahedamaitselise tee valmistamiseks.  Rahvameditsiinis kasutatakse m\u00fcnditeed \u00f5htul rahustavaks joogiks. Aitab k\u00f5hupuhituse korral, sobib \u00f5htul rahustavaks teeks ka neile inimestele, kes rohem\u00fcnti ja piparm\u00fcnti liiga tugevamaitseliseks peavad.  K\u00f5rgus: kuni 0,45 m  \u00d5itsemise aeg: VI-VII  Talvekindlus: Talvekindel  Poti suurus : 9-12  &nbsp;","og_url":"https:\/\/tammetalu.eu\/toode\/vaarismunt-ginger-ingvermunt\/","og_site_name":"Tamme talu \u00fcrdiaed","article_publisher":"https:\/\/www.facebook.com\/TammeTaluUrdiaed\/?locale=et_EE","article_modified_time":"2026-04-25T20:24:24+00:00","og_image":[{"width":1024,"height":684,"url":"https:\/\/tammetalu.eu\/wp-content\/uploads\/2022\/08\/Mentha-gracilis-Ginger-tamme-talu-urdiaed-5.jpg","type":"image\/jpeg"}],"twitter_card":"summary_large_image","twitter_misc":{"Est. reading time":"1 minute"},"schema":{"@context":"https:\/\/schema.org","@graph":[{"@type":"WebPage","@id":"https:\/\/tammetalu.eu\/toode\/vaarismunt-ginger-ingvermunt\/","url":"https:\/\/tammetalu.eu\/toode\/vaarismunt-ginger-ingvermunt\/","name":"V\u00e4\u00e4rism\u00fcnt ingverm\u00fcnt Mentha x gracilis \"Ginger\" - Tamme talu \u00fcrdiaed","isPartOf":{"@id":"https:\/\/tammetalu.eu\/#website"},"primaryImageOfPage":{"@id":"https:\/\/tammetalu.eu\/toode\/vaarismunt-ginger-ingvermunt\/#primaryimage"},"image":{"@id":"https:\/\/tammetalu.eu\/toode\/vaarismunt-ginger-ingvermunt\/#primaryimage"},"thumbnailUrl":"https:\/\/tammetalu.eu\/wp-content\/uploads\/2022\/08\/Mentha-gracilis-Ginger-tamme-talu-urdiaed-5.jpg","datePublished":"2022-08-09T06:10:28+00:00","dateModified":"2026-04-25T20:24:24+00:00","breadcrumb":{"@id":"https:\/\/tammetalu.eu\/toode\/vaarismunt-ginger-ingvermunt\/#breadcrumb"},"inLanguage":"en-US","potentialAction":[{"@type":"ReadAction","target":["https:\/\/tammetalu.eu\/toode\/vaarismunt-ginger-ingvermunt\/"]}]},{"@type":"ImageObject","inLanguage":"en-US","@id":"https:\/\/tammetalu.eu\/toode\/vaarismunt-ginger-ingvermunt\/#primaryimage","url":"https:\/\/tammetalu.eu\/wp-content\/uploads\/2022\/08\/Mentha-gracilis-Ginger-tamme-talu-urdiaed-5.jpg","contentUrl":"https:\/\/tammetalu.eu\/wp-content\/uploads\/2022\/08\/Mentha-gracilis-Ginger-tamme-talu-urdiaed-5.jpg","width":1024,"height":684},{"@type":"BreadcrumbList","@id":"https:\/\/tammetalu.eu\/toode\/vaarismunt-ginger-ingvermunt\/#breadcrumb","itemListElement":[{"@type":"ListItem","position":1,"name":"Home","item":"https:\/\/tammetalu.eu\/en\/esileht-eng\/"},{"@type":"ListItem","position":2,"name":"Shop","item":"https:\/\/tammetalu.eu\/en\/shop\/"},{"@type":"ListItem","position":3,"name":"V\u00e4\u00e4rism\u00fcnt ingverm\u00fcnt Mentha x gracilis &#8220;Ginger&#8221;"}]},{"@type":"WebSite","@id":"https:\/\/tammetalu.eu\/#website","url":"https:\/\/tammetalu.eu\/","name":"Tamme talu \u00fcrdiaed","description":"K\u00e4sit\u00f6\u00f6na valmistatud tooted \u00fcrtidest, \u00fcrdiistikud, \u00fcrtide kollektsioonaed","publisher":{"@id":"https:\/\/tammetalu.eu\/#organization"},"alternateName":"Tamme talu","potentialAction":[{"@type":"SearchAction","target":{"@type":"EntryPoint","urlTemplate":"https:\/\/tammetalu.eu\/?s={search_term_string}"},"query-input":{"@type":"PropertyValueSpecification","valueRequired":true,"valueName":"search_term_string"}}],"inLanguage":"en-US"},{"@type":"Organization","@id":"https:\/\/tammetalu.eu\/#organization","name":"Tamme talu \u00fcrdiaed","alternateName":"Tamme talu","url":"https:\/\/tammetalu.eu\/","logo":{"@type":"ImageObject","inLanguage":"en-US","@id":"https:\/\/tammetalu.eu\/#\/schema\/logo\/image\/","url":"https:\/\/tammetalu.eu\/wp-content\/uploads\/2025\/01\/Tamme_talu_urdiaed.png","contentUrl":"https:\/\/tammetalu.eu\/wp-content\/uploads\/2025\/01\/Tamme_talu_urdiaed.png","width":560,"height":560,"caption":"Tamme talu \u00fcrdiaed"},"image":{"@id":"https:\/\/tammetalu.eu\/#\/schema\/logo\/image\/"},"sameAs":["https:\/\/www.facebook.com\/TammeTaluUrdiaed\/?locale=et_EE","https:\/\/www.instagram.com\/tammetaluurdiaed\/"]}]}},"_links":{"self":[{"href":"https:\/\/tammetalu.eu\/en\/wp-json\/wp\/v2\/product\/16266","targetHints":{"allow":["GET"]}}],"collection":[{"href":"https:\/\/tammetalu.eu\/en\/wp-json\/wp\/v2\/product"}],"about":[{"href":"https:\/\/tammetalu.eu\/en\/wp-json\/wp\/v2\/types\/product"}],"wp:featuredmedia":[{"embeddable":true,"href":"https:\/\/tammetalu.eu\/en\/wp-json\/wp\/v2\/media\/16365"}],"wp:attachment":[{"href":"https:\/\/tammetalu.eu\/en\/wp-json\/wp\/v2\/media?parent=16266"}],"wp:term":[{"taxonomy":"product_brand","embeddable":true,"href":"https:\/\/tammetalu.eu\/en\/wp-json\/wp\/v2\/product_brand?post=16266"},{"taxonomy":"product_cat","embeddable":true,"href":"https:\/\/tammetalu.eu\/en\/wp-json\/wp\/v2\/product_cat?post=16266"},{"taxonomy":"product_tag","embeddable":true,"href":"https:\/\/tammetalu.eu\/en\/wp-json\/wp\/v2\/product_tag?post=16266"}],"curies":[{"name":"wp","href":"https:\/\/api.w.org\/{rel}","templated":true}]}}