{"id":17594,"date":"2023-04-11T13:37:31","date_gmt":"2023-04-11T10:37:31","guid":{"rendered":"https:\/\/tammetalu.eu\/?post_type=product&#038;p=17594"},"modified":"2026-05-04T08:49:35","modified_gmt":"2026-05-04T05:49:35","slug":"aassalvei","status":"publish","type":"product","link":"https:\/\/tammetalu.eu\/en\/product\/aassalvei\/","title":{"rendered":"Aassalvei Salvia pratensis"},"content":{"rendered":"","protected":false},"excerpt":{"rendered":"<p><em>Salvia pratensis<\/em><\/p>\n<p>Aassalvei kasvab meil kuni 1 m k\u00f5rguseks rohtseks puhmaks. Loodusliku liigina kasvab aassalvei kesk- ja L\u00f5una-Euroopas, L\u00e4\u00e4ne-Aasias ja P\u00f5hja-Aafrikas kuivematel niitudel. Eestis on taim t\u00e4iesti talvekindel. Aassalveile sobib kasvamiseks igasugune kruusane ja liivane vett h\u00e4sti l\u00e4bilaskev lahjem muld ja p\u00e4ikeseline v\u00f5i poolvarjuline kasvukohta. Aassalvei sobib h\u00e4sti loodusliku ilmega aeda. Paljuneb isek\u00fclviga.<\/p>\n<p>Aassalvei lehti ja \u00fcrti kasutatakse liha k\u00fcpsetamiseks. Seemnetega maitsestatakse alkohoolseid jooke. Lehti saab kasutada k\u00f6\u00f6gis hariliku salvei mahedama maitsega asendajana ja seep\u00e4rast kasutatakse aassalvei lehti sageli kalaroogade maitsestamiseks. Aromaatseid \u00f5isi kasutatakse salatites v\u00f5i magustoitudele ja roogadele s\u00f6\u00f6davate kaunistuste lisamiseks. Ravimtaimena kasutamiseks ei ole aassalvei levinud.<\/p>\n","protected":false},"featured_media":17595,"template":"","meta":{"_acf_changed":false,"_et_pb_use_builder":"","_et_pb_old_content":"","_et_gb_content_width":"","inline_featured_image":false},"product_brand":[],"product_cat":[186,196],"product_tag":[],"class_list":{"0":"post-17594","1":"product","2":"type-product","3":"status-publish","4":"has-post-thumbnail","6":"product_cat-maitse-ja-ravimtaimede-istikud","7":"product_cat-salveid","9":"first","10":"instock","11":"taxable","12":"shipping-taxable","13":"purchasable","14":"product-type-simple"},"acf":[],"yoast_head":"<!-- This site is optimized with the Yoast SEO plugin v27.5 - https:\/\/yoast.com\/product\/yoast-seo-wordpress\/ -->\n<title>Aassalvei Salvia pratensis - Tamme talu \u00fcrdiaed<\/title>\n<meta name=\"robots\" content=\"index, follow, max-snippet:-1, max-image-preview:large, max-video-preview:-1\" \/>\n<link rel=\"canonical\" href=\"https:\/\/tammetalu.eu\/toode\/aassalvei\/\" \/>\n<meta property=\"og:locale\" content=\"en_US\" \/>\n<meta property=\"og:type\" content=\"article\" \/>\n<meta property=\"og:title\" content=\"Aassalvei Salvia pratensis - Tamme talu \u00fcrdiaed\" \/>\n<meta property=\"og:description\" content=\"Salvia pratensis  Aassalvei kasvab meil kuni 1 m k\u00f5rguseks rohtseks puhmaks. Loodusliku liigina kasvab aassalvei kesk- ja L\u00f5una-Euroopas, L\u00e4\u00e4ne-Aasias ja P\u00f5hja-Aafrikas kuivematel niitudel. Eestis on taim t\u00e4iesti talvekindel. Aassalveile sobib kasvamiseks igasugune kruusane ja liivane vett h\u00e4sti l\u00e4bilaskev lahjem muld ja p\u00e4ikeseline v\u00f5i poolvarjuline kasvukohta. Aassalvei sobib h\u00e4sti loodusliku ilmega aeda. Paljuneb isek\u00fclviga.  Aassalvei lehti ja \u00fcrti kasutatakse liha k\u00fcpsetamiseks. Seemnetega maitsestatakse alkohoolseid jooke. Lehti saab kasutada k\u00f6\u00f6gis hariliku salvei mahedama maitsega asendajana ja seep\u00e4rast kasutatakse aassalvei lehti sageli kalaroogade maitsestamiseks. Aromaatseid \u00f5isi kasutatakse salatites v\u00f5i magustoitudele ja roogadele s\u00f6\u00f6davate kaunistuste lisamiseks. Ravimtaimena kasutamiseks ei ole aassalvei levinud.\" \/>\n<meta property=\"og:url\" content=\"https:\/\/tammetalu.eu\/toode\/aassalvei\/\" \/>\n<meta property=\"og:site_name\" content=\"Tamme talu \u00fcrdiaed\" \/>\n<meta property=\"article:publisher\" content=\"https:\/\/www.facebook.com\/TammeTaluUrdiaed\/?locale=et_EE\" \/>\n<meta property=\"article:modified_time\" content=\"2026-05-04T05:49:35+00:00\" \/>\n<meta property=\"og:image\" content=\"https:\/\/tammetalu.eu\/wp-content\/uploads\/2023\/04\/Aassalvei-Salvia-pratensis-tamme-talu-urdiaed.jpg\" \/>\n\t<meta property=\"og:image:width\" content=\"300\" \/>\n\t<meta property=\"og:image:height\" content=\"300\" \/>\n\t<meta property=\"og:image:type\" content=\"image\/jpeg\" \/>\n<meta name=\"twitter:card\" content=\"summary_large_image\" \/>\n<meta name=\"twitter:label1\" content=\"Est. reading time\" \/>\n\t<meta name=\"twitter:data1\" content=\"1 minute\" \/>\n<script type=\"application\/ld+json\" class=\"yoast-schema-graph\">{\"@context\":\"https:\\\/\\\/schema.org\",\"@graph\":[{\"@type\":\"WebPage\",\"@id\":\"https:\\\/\\\/tammetalu.eu\\\/toode\\\/aassalvei\\\/\",\"url\":\"https:\\\/\\\/tammetalu.eu\\\/toode\\\/aassalvei\\\/\",\"name\":\"Aassalvei Salvia pratensis - Tamme talu \u00fcrdiaed\",\"isPartOf\":{\"@id\":\"https:\\\/\\\/tammetalu.eu\\\/#website\"},\"primaryImageOfPage\":{\"@id\":\"https:\\\/\\\/tammetalu.eu\\\/toode\\\/aassalvei\\\/#primaryimage\"},\"image\":{\"@id\":\"https:\\\/\\\/tammetalu.eu\\\/toode\\\/aassalvei\\\/#primaryimage\"},\"thumbnailUrl\":\"https:\\\/\\\/tammetalu.eu\\\/wp-content\\\/uploads\\\/2023\\\/04\\\/Aassalvei-Salvia-pratensis-tamme-talu-urdiaed.jpg\",\"datePublished\":\"2023-04-11T10:37:31+00:00\",\"dateModified\":\"2026-05-04T05:49:35+00:00\",\"breadcrumb\":{\"@id\":\"https:\\\/\\\/tammetalu.eu\\\/toode\\\/aassalvei\\\/#breadcrumb\"},\"inLanguage\":\"en-US\",\"potentialAction\":[{\"@type\":\"ReadAction\",\"target\":[\"https:\\\/\\\/tammetalu.eu\\\/toode\\\/aassalvei\\\/\"]}]},{\"@type\":\"ImageObject\",\"inLanguage\":\"en-US\",\"@id\":\"https:\\\/\\\/tammetalu.eu\\\/toode\\\/aassalvei\\\/#primaryimage\",\"url\":\"https:\\\/\\\/tammetalu.eu\\\/wp-content\\\/uploads\\\/2023\\\/04\\\/Aassalvei-Salvia-pratensis-tamme-talu-urdiaed.jpg\",\"contentUrl\":\"https:\\\/\\\/tammetalu.eu\\\/wp-content\\\/uploads\\\/2023\\\/04\\\/Aassalvei-Salvia-pratensis-tamme-talu-urdiaed.jpg\",\"width\":300,\"height\":300,\"caption\":\"Aassalvei-Salvia-pratensis-tamme-talu-urdiaed\"},{\"@type\":\"BreadcrumbList\",\"@id\":\"https:\\\/\\\/tammetalu.eu\\\/toode\\\/aassalvei\\\/#breadcrumb\",\"itemListElement\":[{\"@type\":\"ListItem\",\"position\":1,\"name\":\"Home\",\"item\":\"https:\\\/\\\/tammetalu.eu\\\/en\\\/esileht-eng\\\/\"},{\"@type\":\"ListItem\",\"position\":2,\"name\":\"Shop\",\"item\":\"https:\\\/\\\/tammetalu.eu\\\/en\\\/shop\\\/\"},{\"@type\":\"ListItem\",\"position\":3,\"name\":\"Aassalvei Salvia pratensis\"}]},{\"@type\":\"WebSite\",\"@id\":\"https:\\\/\\\/tammetalu.eu\\\/#website\",\"url\":\"https:\\\/\\\/tammetalu.eu\\\/\",\"name\":\"Tamme talu \u00fcrdiaed\",\"description\":\"K\u00e4sit\u00f6\u00f6na valmistatud tooted \u00fcrtidest, \u00fcrdiistikud, \u00fcrtide kollektsioonaed\",\"publisher\":{\"@id\":\"https:\\\/\\\/tammetalu.eu\\\/#organization\"},\"alternateName\":\"Tamme talu\",\"potentialAction\":[{\"@type\":\"SearchAction\",\"target\":{\"@type\":\"EntryPoint\",\"urlTemplate\":\"https:\\\/\\\/tammetalu.eu\\\/?s={search_term_string}\"},\"query-input\":{\"@type\":\"PropertyValueSpecification\",\"valueRequired\":true,\"valueName\":\"search_term_string\"}}],\"inLanguage\":\"en-US\"},{\"@type\":\"Organization\",\"@id\":\"https:\\\/\\\/tammetalu.eu\\\/#organization\",\"name\":\"Tamme talu \u00fcrdiaed\",\"alternateName\":\"Tamme talu\",\"url\":\"https:\\\/\\\/tammetalu.eu\\\/\",\"logo\":{\"@type\":\"ImageObject\",\"inLanguage\":\"en-US\",\"@id\":\"https:\\\/\\\/tammetalu.eu\\\/#\\\/schema\\\/logo\\\/image\\\/\",\"url\":\"https:\\\/\\\/tammetalu.eu\\\/wp-content\\\/uploads\\\/2025\\\/01\\\/Tamme_talu_urdiaed.png\",\"contentUrl\":\"https:\\\/\\\/tammetalu.eu\\\/wp-content\\\/uploads\\\/2025\\\/01\\\/Tamme_talu_urdiaed.png\",\"width\":560,\"height\":560,\"caption\":\"Tamme talu \u00fcrdiaed\"},\"image\":{\"@id\":\"https:\\\/\\\/tammetalu.eu\\\/#\\\/schema\\\/logo\\\/image\\\/\"},\"sameAs\":[\"https:\\\/\\\/www.facebook.com\\\/TammeTaluUrdiaed\\\/?locale=et_EE\",\"https:\\\/\\\/www.instagram.com\\\/tammetaluurdiaed\\\/\"]}]}<\/script>\n<!-- \/ Yoast SEO plugin. -->","yoast_head_json":{"title":"Aassalvei Salvia pratensis - Tamme talu \u00fcrdiaed","robots":{"index":"index","follow":"follow","max-snippet":"max-snippet:-1","max-image-preview":"max-image-preview:large","max-video-preview":"max-video-preview:-1"},"canonical":"https:\/\/tammetalu.eu\/toode\/aassalvei\/","og_locale":"en_US","og_type":"article","og_title":"Aassalvei Salvia pratensis - Tamme talu \u00fcrdiaed","og_description":"Salvia pratensis  Aassalvei kasvab meil kuni 1 m k\u00f5rguseks rohtseks puhmaks. Loodusliku liigina kasvab aassalvei kesk- ja L\u00f5una-Euroopas, L\u00e4\u00e4ne-Aasias ja P\u00f5hja-Aafrikas kuivematel niitudel. Eestis on taim t\u00e4iesti talvekindel. Aassalveile sobib kasvamiseks igasugune kruusane ja liivane vett h\u00e4sti l\u00e4bilaskev lahjem muld ja p\u00e4ikeseline v\u00f5i poolvarjuline kasvukohta. Aassalvei sobib h\u00e4sti loodusliku ilmega aeda. Paljuneb isek\u00fclviga.  Aassalvei lehti ja \u00fcrti kasutatakse liha k\u00fcpsetamiseks. Seemnetega maitsestatakse alkohoolseid jooke. Lehti saab kasutada k\u00f6\u00f6gis hariliku salvei mahedama maitsega asendajana ja seep\u00e4rast kasutatakse aassalvei lehti sageli kalaroogade maitsestamiseks. Aromaatseid \u00f5isi kasutatakse salatites v\u00f5i magustoitudele ja roogadele s\u00f6\u00f6davate kaunistuste lisamiseks. Ravimtaimena kasutamiseks ei ole aassalvei levinud.","og_url":"https:\/\/tammetalu.eu\/toode\/aassalvei\/","og_site_name":"Tamme talu \u00fcrdiaed","article_publisher":"https:\/\/www.facebook.com\/TammeTaluUrdiaed\/?locale=et_EE","article_modified_time":"2026-05-04T05:49:35+00:00","og_image":[{"width":300,"height":300,"url":"https:\/\/tammetalu.eu\/wp-content\/uploads\/2023\/04\/Aassalvei-Salvia-pratensis-tamme-talu-urdiaed.jpg","type":"image\/jpeg"}],"twitter_card":"summary_large_image","twitter_misc":{"Est. reading time":"1 minute"},"schema":{"@context":"https:\/\/schema.org","@graph":[{"@type":"WebPage","@id":"https:\/\/tammetalu.eu\/toode\/aassalvei\/","url":"https:\/\/tammetalu.eu\/toode\/aassalvei\/","name":"Aassalvei Salvia pratensis - Tamme talu \u00fcrdiaed","isPartOf":{"@id":"https:\/\/tammetalu.eu\/#website"},"primaryImageOfPage":{"@id":"https:\/\/tammetalu.eu\/toode\/aassalvei\/#primaryimage"},"image":{"@id":"https:\/\/tammetalu.eu\/toode\/aassalvei\/#primaryimage"},"thumbnailUrl":"https:\/\/tammetalu.eu\/wp-content\/uploads\/2023\/04\/Aassalvei-Salvia-pratensis-tamme-talu-urdiaed.jpg","datePublished":"2023-04-11T10:37:31+00:00","dateModified":"2026-05-04T05:49:35+00:00","breadcrumb":{"@id":"https:\/\/tammetalu.eu\/toode\/aassalvei\/#breadcrumb"},"inLanguage":"en-US","potentialAction":[{"@type":"ReadAction","target":["https:\/\/tammetalu.eu\/toode\/aassalvei\/"]}]},{"@type":"ImageObject","inLanguage":"en-US","@id":"https:\/\/tammetalu.eu\/toode\/aassalvei\/#primaryimage","url":"https:\/\/tammetalu.eu\/wp-content\/uploads\/2023\/04\/Aassalvei-Salvia-pratensis-tamme-talu-urdiaed.jpg","contentUrl":"https:\/\/tammetalu.eu\/wp-content\/uploads\/2023\/04\/Aassalvei-Salvia-pratensis-tamme-talu-urdiaed.jpg","width":300,"height":300,"caption":"Aassalvei-Salvia-pratensis-tamme-talu-urdiaed"},{"@type":"BreadcrumbList","@id":"https:\/\/tammetalu.eu\/toode\/aassalvei\/#breadcrumb","itemListElement":[{"@type":"ListItem","position":1,"name":"Home","item":"https:\/\/tammetalu.eu\/en\/esileht-eng\/"},{"@type":"ListItem","position":2,"name":"Shop","item":"https:\/\/tammetalu.eu\/en\/shop\/"},{"@type":"ListItem","position":3,"name":"Aassalvei Salvia pratensis"}]},{"@type":"WebSite","@id":"https:\/\/tammetalu.eu\/#website","url":"https:\/\/tammetalu.eu\/","name":"Tamme talu \u00fcrdiaed","description":"K\u00e4sit\u00f6\u00f6na valmistatud tooted \u00fcrtidest, \u00fcrdiistikud, \u00fcrtide kollektsioonaed","publisher":{"@id":"https:\/\/tammetalu.eu\/#organization"},"alternateName":"Tamme talu","potentialAction":[{"@type":"SearchAction","target":{"@type":"EntryPoint","urlTemplate":"https:\/\/tammetalu.eu\/?s={search_term_string}"},"query-input":{"@type":"PropertyValueSpecification","valueRequired":true,"valueName":"search_term_string"}}],"inLanguage":"en-US"},{"@type":"Organization","@id":"https:\/\/tammetalu.eu\/#organization","name":"Tamme talu \u00fcrdiaed","alternateName":"Tamme talu","url":"https:\/\/tammetalu.eu\/","logo":{"@type":"ImageObject","inLanguage":"en-US","@id":"https:\/\/tammetalu.eu\/#\/schema\/logo\/image\/","url":"https:\/\/tammetalu.eu\/wp-content\/uploads\/2025\/01\/Tamme_talu_urdiaed.png","contentUrl":"https:\/\/tammetalu.eu\/wp-content\/uploads\/2025\/01\/Tamme_talu_urdiaed.png","width":560,"height":560,"caption":"Tamme talu \u00fcrdiaed"},"image":{"@id":"https:\/\/tammetalu.eu\/#\/schema\/logo\/image\/"},"sameAs":["https:\/\/www.facebook.com\/TammeTaluUrdiaed\/?locale=et_EE","https:\/\/www.instagram.com\/tammetaluurdiaed\/"]}]}},"_links":{"self":[{"href":"https:\/\/tammetalu.eu\/en\/wp-json\/wp\/v2\/product\/17594","targetHints":{"allow":["GET"]}}],"collection":[{"href":"https:\/\/tammetalu.eu\/en\/wp-json\/wp\/v2\/product"}],"about":[{"href":"https:\/\/tammetalu.eu\/en\/wp-json\/wp\/v2\/types\/product"}],"wp:featuredmedia":[{"embeddable":true,"href":"https:\/\/tammetalu.eu\/en\/wp-json\/wp\/v2\/media\/17595"}],"wp:attachment":[{"href":"https:\/\/tammetalu.eu\/en\/wp-json\/wp\/v2\/media?parent=17594"}],"wp:term":[{"taxonomy":"product_brand","embeddable":true,"href":"https:\/\/tammetalu.eu\/en\/wp-json\/wp\/v2\/product_brand?post=17594"},{"taxonomy":"product_cat","embeddable":true,"href":"https:\/\/tammetalu.eu\/en\/wp-json\/wp\/v2\/product_cat?post=17594"},{"taxonomy":"product_tag","embeddable":true,"href":"https:\/\/tammetalu.eu\/en\/wp-json\/wp\/v2\/product_tag?post=17594"}],"curies":[{"name":"wp","href":"https:\/\/api.w.org\/{rel}","templated":true}]}}