{"id":17625,"date":"2023-04-11T14:25:57","date_gmt":"2023-04-11T11:25:57","guid":{"rendered":"https:\/\/tammetalu.eu\/?post_type=product&#038;p=17625"},"modified":"2026-05-04T08:49:35","modified_gmt":"2026-05-04T05:49:35","slug":"euroopa-lauk-summer-beauty","status":"publish","type":"product","link":"https:\/\/tammetalu.eu\/en\/product\/euroopa-lauk-summer-beauty\/","title":{"rendered":"Euroopa lauk &#8220;Summer Beauty&#8221;"},"content":{"rendered":"","protected":false},"excerpt":{"rendered":"<p><em>Allium x hybrida &#8220;<\/em>Summer Beauty<em>&#8220;<\/em><\/p>\n<p>Alates juuni keskpaigast kuni augustini \u00f5itseb v\u00e4ga rikkalikult lillakasroosade tihedate kerakujuliste \u00f5iepallidega. \u00d5ied on l\u00f5hnavad ja meelitavad aeda tolmeldajaid. Lehed rihmjad, n\u00f5rgalt sibulal\u00f5hnalised. Kogu taim on s\u00f6\u00f6dav. Ilusa kujuga puhmas sobib kasvama nii p\u00fcsilillepeenrasse kui suuremasse r\u00f5dupotti. Rauklaugu ja longus laugu h\u00fcbriid.<\/p>\n<p>K\u00f5rgus 25-50 cm<\/p>\n<p>\u00d5itsemisaeg juuni -august<\/p>\n<p>Kasvukoht p\u00e4ikeseline kuni poolvari<\/p>\n<p>Mullastik parasniiske tavaline aiamuld<\/p>\n<p>Taimede vahekaugus 25-30 cm<\/p>\n<p>Talvekindlus on v\u00e4ga hea<\/p>\n<p>&nbsp;<\/p>\n","protected":false},"featured_media":17626,"template":"","meta":{"_acf_changed":false,"_et_pb_use_builder":"","_et_pb_old_content":"","_et_gb_content_width":"","inline_featured_image":false},"product_brand":[],"product_cat":[201,186,203],"product_tag":[],"class_list":{"0":"post-17625","1":"product","2":"type-product","3":"status-publish","4":"has-post-thumbnail","6":"product_cat-laugud","7":"product_cat-maitse-ja-ravimtaimede-istikud","8":"product_cat-ponevad-koogiviljad","10":"first","11":"instock","12":"taxable","13":"shipping-taxable","14":"purchasable","15":"product-type-simple"},"acf":[],"yoast_head":"<!-- This site is optimized with the Yoast SEO plugin v27.5 - https:\/\/yoast.com\/product\/yoast-seo-wordpress\/ -->\n<title>Euroopa lauk &quot;Summer Beauty&quot; - Tamme talu \u00fcrdiaed<\/title>\n<meta name=\"robots\" content=\"index, follow, max-snippet:-1, max-image-preview:large, max-video-preview:-1\" \/>\n<link rel=\"canonical\" href=\"https:\/\/tammetalu.eu\/toode\/euroopa-lauk-summer-beauty\/\" \/>\n<meta property=\"og:locale\" content=\"en_US\" \/>\n<meta property=\"og:type\" content=\"article\" \/>\n<meta property=\"og:title\" content=\"Euroopa lauk &quot;Summer Beauty&quot; - Tamme talu \u00fcrdiaed\" \/>\n<meta property=\"og:description\" content=\"Allium x hybrida &quot;Summer Beauty&quot;  Alates juuni keskpaigast kuni augustini \u00f5itseb v\u00e4ga rikkalikult lillakasroosade tihedate kerakujuliste \u00f5iepallidega. \u00d5ied on l\u00f5hnavad ja meelitavad aeda tolmeldajaid. Lehed rihmjad, n\u00f5rgalt sibulal\u00f5hnalised. Kogu taim on s\u00f6\u00f6dav. Ilusa kujuga puhmas sobib kasvama nii p\u00fcsilillepeenrasse kui suuremasse r\u00f5dupotti. Rauklaugu ja longus laugu h\u00fcbriid.  K\u00f5rgus 25-50 cm  \u00d5itsemisaeg juuni -august  Kasvukoht p\u00e4ikeseline kuni poolvari  Mullastik parasniiske tavaline aiamuld  Taimede vahekaugus 25-30 cm  Talvekindlus on v\u00e4ga hea  &nbsp;\" \/>\n<meta property=\"og:url\" content=\"https:\/\/tammetalu.eu\/toode\/euroopa-lauk-summer-beauty\/\" \/>\n<meta property=\"og:site_name\" content=\"Tamme talu \u00fcrdiaed\" \/>\n<meta property=\"article:publisher\" content=\"https:\/\/www.facebook.com\/TammeTaluUrdiaed\/?locale=et_EE\" \/>\n<meta property=\"article:modified_time\" content=\"2026-05-04T05:49:35+00:00\" \/>\n<meta property=\"og:image\" content=\"https:\/\/tammetalu.eu\/wp-content\/uploads\/2023\/04\/Allium_lusitanicum_tamme_talu_urdiaed.jpg\" \/>\n\t<meta property=\"og:image:width\" content=\"1033\" \/>\n\t<meta property=\"og:image:height\" content=\"735\" \/>\n\t<meta property=\"og:image:type\" content=\"image\/jpeg\" \/>\n<meta name=\"twitter:card\" content=\"summary_large_image\" \/>\n<meta name=\"twitter:label1\" content=\"Est. reading time\" \/>\n\t<meta name=\"twitter:data1\" content=\"1 minute\" \/>\n<script type=\"application\/ld+json\" class=\"yoast-schema-graph\">{\"@context\":\"https:\\\/\\\/schema.org\",\"@graph\":[{\"@type\":\"WebPage\",\"@id\":\"https:\\\/\\\/tammetalu.eu\\\/toode\\\/euroopa-lauk-summer-beauty\\\/\",\"url\":\"https:\\\/\\\/tammetalu.eu\\\/toode\\\/euroopa-lauk-summer-beauty\\\/\",\"name\":\"Euroopa lauk \\\"Summer Beauty\\\" - Tamme talu \u00fcrdiaed\",\"isPartOf\":{\"@id\":\"https:\\\/\\\/tammetalu.eu\\\/#website\"},\"primaryImageOfPage\":{\"@id\":\"https:\\\/\\\/tammetalu.eu\\\/toode\\\/euroopa-lauk-summer-beauty\\\/#primaryimage\"},\"image\":{\"@id\":\"https:\\\/\\\/tammetalu.eu\\\/toode\\\/euroopa-lauk-summer-beauty\\\/#primaryimage\"},\"thumbnailUrl\":\"https:\\\/\\\/tammetalu.eu\\\/wp-content\\\/uploads\\\/2023\\\/04\\\/Allium_lusitanicum_tamme_talu_urdiaed.jpg\",\"datePublished\":\"2023-04-11T11:25:57+00:00\",\"dateModified\":\"2026-05-04T05:49:35+00:00\",\"breadcrumb\":{\"@id\":\"https:\\\/\\\/tammetalu.eu\\\/toode\\\/euroopa-lauk-summer-beauty\\\/#breadcrumb\"},\"inLanguage\":\"en-US\",\"potentialAction\":[{\"@type\":\"ReadAction\",\"target\":[\"https:\\\/\\\/tammetalu.eu\\\/toode\\\/euroopa-lauk-summer-beauty\\\/\"]}]},{\"@type\":\"ImageObject\",\"inLanguage\":\"en-US\",\"@id\":\"https:\\\/\\\/tammetalu.eu\\\/toode\\\/euroopa-lauk-summer-beauty\\\/#primaryimage\",\"url\":\"https:\\\/\\\/tammetalu.eu\\\/wp-content\\\/uploads\\\/2023\\\/04\\\/Allium_lusitanicum_tamme_talu_urdiaed.jpg\",\"contentUrl\":\"https:\\\/\\\/tammetalu.eu\\\/wp-content\\\/uploads\\\/2023\\\/04\\\/Allium_lusitanicum_tamme_talu_urdiaed.jpg\",\"width\":1033,\"height\":735,\"caption\":\"Allium_lusitanicum_tamme_talu_urdiaed\"},{\"@type\":\"BreadcrumbList\",\"@id\":\"https:\\\/\\\/tammetalu.eu\\\/toode\\\/euroopa-lauk-summer-beauty\\\/#breadcrumb\",\"itemListElement\":[{\"@type\":\"ListItem\",\"position\":1,\"name\":\"Home\",\"item\":\"https:\\\/\\\/tammetalu.eu\\\/en\\\/esileht-eng\\\/\"},{\"@type\":\"ListItem\",\"position\":2,\"name\":\"Shop\",\"item\":\"https:\\\/\\\/tammetalu.eu\\\/en\\\/shop\\\/\"},{\"@type\":\"ListItem\",\"position\":3,\"name\":\"Euroopa lauk &#8220;Summer Beauty&#8221;\"}]},{\"@type\":\"WebSite\",\"@id\":\"https:\\\/\\\/tammetalu.eu\\\/#website\",\"url\":\"https:\\\/\\\/tammetalu.eu\\\/\",\"name\":\"Tamme talu \u00fcrdiaed\",\"description\":\"K\u00e4sit\u00f6\u00f6na valmistatud tooted \u00fcrtidest, \u00fcrdiistikud, \u00fcrtide kollektsioonaed\",\"publisher\":{\"@id\":\"https:\\\/\\\/tammetalu.eu\\\/#organization\"},\"alternateName\":\"Tamme talu\",\"potentialAction\":[{\"@type\":\"SearchAction\",\"target\":{\"@type\":\"EntryPoint\",\"urlTemplate\":\"https:\\\/\\\/tammetalu.eu\\\/?s={search_term_string}\"},\"query-input\":{\"@type\":\"PropertyValueSpecification\",\"valueRequired\":true,\"valueName\":\"search_term_string\"}}],\"inLanguage\":\"en-US\"},{\"@type\":\"Organization\",\"@id\":\"https:\\\/\\\/tammetalu.eu\\\/#organization\",\"name\":\"Tamme talu \u00fcrdiaed\",\"alternateName\":\"Tamme talu\",\"url\":\"https:\\\/\\\/tammetalu.eu\\\/\",\"logo\":{\"@type\":\"ImageObject\",\"inLanguage\":\"en-US\",\"@id\":\"https:\\\/\\\/tammetalu.eu\\\/#\\\/schema\\\/logo\\\/image\\\/\",\"url\":\"https:\\\/\\\/tammetalu.eu\\\/wp-content\\\/uploads\\\/2025\\\/01\\\/Tamme_talu_urdiaed.png\",\"contentUrl\":\"https:\\\/\\\/tammetalu.eu\\\/wp-content\\\/uploads\\\/2025\\\/01\\\/Tamme_talu_urdiaed.png\",\"width\":560,\"height\":560,\"caption\":\"Tamme talu \u00fcrdiaed\"},\"image\":{\"@id\":\"https:\\\/\\\/tammetalu.eu\\\/#\\\/schema\\\/logo\\\/image\\\/\"},\"sameAs\":[\"https:\\\/\\\/www.facebook.com\\\/TammeTaluUrdiaed\\\/?locale=et_EE\",\"https:\\\/\\\/www.instagram.com\\\/tammetaluurdiaed\\\/\"]}]}<\/script>\n<!-- \/ Yoast SEO plugin. -->","yoast_head_json":{"title":"Euroopa lauk \"Summer Beauty\" - Tamme talu \u00fcrdiaed","robots":{"index":"index","follow":"follow","max-snippet":"max-snippet:-1","max-image-preview":"max-image-preview:large","max-video-preview":"max-video-preview:-1"},"canonical":"https:\/\/tammetalu.eu\/toode\/euroopa-lauk-summer-beauty\/","og_locale":"en_US","og_type":"article","og_title":"Euroopa lauk \"Summer Beauty\" - Tamme talu \u00fcrdiaed","og_description":"Allium x hybrida \"Summer Beauty\"  Alates juuni keskpaigast kuni augustini \u00f5itseb v\u00e4ga rikkalikult lillakasroosade tihedate kerakujuliste \u00f5iepallidega. \u00d5ied on l\u00f5hnavad ja meelitavad aeda tolmeldajaid. Lehed rihmjad, n\u00f5rgalt sibulal\u00f5hnalised. Kogu taim on s\u00f6\u00f6dav. Ilusa kujuga puhmas sobib kasvama nii p\u00fcsilillepeenrasse kui suuremasse r\u00f5dupotti. Rauklaugu ja longus laugu h\u00fcbriid.  K\u00f5rgus 25-50 cm  \u00d5itsemisaeg juuni -august  Kasvukoht p\u00e4ikeseline kuni poolvari  Mullastik parasniiske tavaline aiamuld  Taimede vahekaugus 25-30 cm  Talvekindlus on v\u00e4ga hea  &nbsp;","og_url":"https:\/\/tammetalu.eu\/toode\/euroopa-lauk-summer-beauty\/","og_site_name":"Tamme talu \u00fcrdiaed","article_publisher":"https:\/\/www.facebook.com\/TammeTaluUrdiaed\/?locale=et_EE","article_modified_time":"2026-05-04T05:49:35+00:00","og_image":[{"width":1033,"height":735,"url":"https:\/\/tammetalu.eu\/wp-content\/uploads\/2023\/04\/Allium_lusitanicum_tamme_talu_urdiaed.jpg","type":"image\/jpeg"}],"twitter_card":"summary_large_image","twitter_misc":{"Est. reading time":"1 minute"},"schema":{"@context":"https:\/\/schema.org","@graph":[{"@type":"WebPage","@id":"https:\/\/tammetalu.eu\/toode\/euroopa-lauk-summer-beauty\/","url":"https:\/\/tammetalu.eu\/toode\/euroopa-lauk-summer-beauty\/","name":"Euroopa lauk \"Summer Beauty\" - Tamme talu \u00fcrdiaed","isPartOf":{"@id":"https:\/\/tammetalu.eu\/#website"},"primaryImageOfPage":{"@id":"https:\/\/tammetalu.eu\/toode\/euroopa-lauk-summer-beauty\/#primaryimage"},"image":{"@id":"https:\/\/tammetalu.eu\/toode\/euroopa-lauk-summer-beauty\/#primaryimage"},"thumbnailUrl":"https:\/\/tammetalu.eu\/wp-content\/uploads\/2023\/04\/Allium_lusitanicum_tamme_talu_urdiaed.jpg","datePublished":"2023-04-11T11:25:57+00:00","dateModified":"2026-05-04T05:49:35+00:00","breadcrumb":{"@id":"https:\/\/tammetalu.eu\/toode\/euroopa-lauk-summer-beauty\/#breadcrumb"},"inLanguage":"en-US","potentialAction":[{"@type":"ReadAction","target":["https:\/\/tammetalu.eu\/toode\/euroopa-lauk-summer-beauty\/"]}]},{"@type":"ImageObject","inLanguage":"en-US","@id":"https:\/\/tammetalu.eu\/toode\/euroopa-lauk-summer-beauty\/#primaryimage","url":"https:\/\/tammetalu.eu\/wp-content\/uploads\/2023\/04\/Allium_lusitanicum_tamme_talu_urdiaed.jpg","contentUrl":"https:\/\/tammetalu.eu\/wp-content\/uploads\/2023\/04\/Allium_lusitanicum_tamme_talu_urdiaed.jpg","width":1033,"height":735,"caption":"Allium_lusitanicum_tamme_talu_urdiaed"},{"@type":"BreadcrumbList","@id":"https:\/\/tammetalu.eu\/toode\/euroopa-lauk-summer-beauty\/#breadcrumb","itemListElement":[{"@type":"ListItem","position":1,"name":"Home","item":"https:\/\/tammetalu.eu\/en\/esileht-eng\/"},{"@type":"ListItem","position":2,"name":"Shop","item":"https:\/\/tammetalu.eu\/en\/shop\/"},{"@type":"ListItem","position":3,"name":"Euroopa lauk &#8220;Summer Beauty&#8221;"}]},{"@type":"WebSite","@id":"https:\/\/tammetalu.eu\/#website","url":"https:\/\/tammetalu.eu\/","name":"Tamme talu \u00fcrdiaed","description":"K\u00e4sit\u00f6\u00f6na valmistatud tooted \u00fcrtidest, \u00fcrdiistikud, \u00fcrtide kollektsioonaed","publisher":{"@id":"https:\/\/tammetalu.eu\/#organization"},"alternateName":"Tamme talu","potentialAction":[{"@type":"SearchAction","target":{"@type":"EntryPoint","urlTemplate":"https:\/\/tammetalu.eu\/?s={search_term_string}"},"query-input":{"@type":"PropertyValueSpecification","valueRequired":true,"valueName":"search_term_string"}}],"inLanguage":"en-US"},{"@type":"Organization","@id":"https:\/\/tammetalu.eu\/#organization","name":"Tamme talu \u00fcrdiaed","alternateName":"Tamme talu","url":"https:\/\/tammetalu.eu\/","logo":{"@type":"ImageObject","inLanguage":"en-US","@id":"https:\/\/tammetalu.eu\/#\/schema\/logo\/image\/","url":"https:\/\/tammetalu.eu\/wp-content\/uploads\/2025\/01\/Tamme_talu_urdiaed.png","contentUrl":"https:\/\/tammetalu.eu\/wp-content\/uploads\/2025\/01\/Tamme_talu_urdiaed.png","width":560,"height":560,"caption":"Tamme talu \u00fcrdiaed"},"image":{"@id":"https:\/\/tammetalu.eu\/#\/schema\/logo\/image\/"},"sameAs":["https:\/\/www.facebook.com\/TammeTaluUrdiaed\/?locale=et_EE","https:\/\/www.instagram.com\/tammetaluurdiaed\/"]}]}},"_links":{"self":[{"href":"https:\/\/tammetalu.eu\/en\/wp-json\/wp\/v2\/product\/17625","targetHints":{"allow":["GET"]}}],"collection":[{"href":"https:\/\/tammetalu.eu\/en\/wp-json\/wp\/v2\/product"}],"about":[{"href":"https:\/\/tammetalu.eu\/en\/wp-json\/wp\/v2\/types\/product"}],"wp:featuredmedia":[{"embeddable":true,"href":"https:\/\/tammetalu.eu\/en\/wp-json\/wp\/v2\/media\/17626"}],"wp:attachment":[{"href":"https:\/\/tammetalu.eu\/en\/wp-json\/wp\/v2\/media?parent=17625"}],"wp:term":[{"taxonomy":"product_brand","embeddable":true,"href":"https:\/\/tammetalu.eu\/en\/wp-json\/wp\/v2\/product_brand?post=17625"},{"taxonomy":"product_cat","embeddable":true,"href":"https:\/\/tammetalu.eu\/en\/wp-json\/wp\/v2\/product_cat?post=17625"},{"taxonomy":"product_tag","embeddable":true,"href":"https:\/\/tammetalu.eu\/en\/wp-json\/wp\/v2\/product_tag?post=17625"}],"curies":[{"name":"wp","href":"https:\/\/api.w.org\/{rel}","templated":true}]}}