{"id":17711,"date":"2023-04-11T17:28:48","date_gmt":"2023-04-11T14:28:48","guid":{"rendered":"https:\/\/tammetalu.eu\/?post_type=product&#038;p=17711"},"modified":"2026-05-04T08:49:35","modified_gmt":"2026-05-04T05:49:35","slug":"karvasetolmukaline-janesekapsas","status":"publish","type":"product","link":"https:\/\/tammetalu.eu\/en\/product\/karvasetolmukaline-janesekapsas\/","title":{"rendered":"Karvasetolmukaline j\u00e4nesekapsas"},"content":{"rendered":"","protected":false},"excerpt":{"rendered":"<p><em>Oxalis lasiandra<\/em><\/p>\n<p>Karvasetolmukaline j\u00e4nesekapsas on endeemiline j\u00e4nesekapsa liik Mehhikost. Karvased palmikujulised lehed ja erkroosad \u00f5ied. Taime k\u00f5rgus \u00f5itsemise ajal v\u00f5ib k\u00fc\u00fcndida kuni 40 cm.<\/p>\n<p>Taim on p\u00f5uakindel ning v\u00e4hen\u00f5udlik kasvutingimuste suhtes. Kasvamiseks on parim liivasegune kuni parasniiske vett h\u00e4sti l\u00e4bi laskev muld ja poolvarjuline kuni varjuline kasvukoht. Tore ja v\u00e4he hoolt n\u00f5udev potis kasvatamiseks. Ei ole meil talvekindel, seega talveks tuleb karvasetolmukaline j\u00e4nesekapsas siseruumidesse talvituma t\u00f5sta. Siis l\u00f5petada kastmine, et taime maapealne osa kuivaks ja sibulad saavad j\u00e4\u00e4da puhkeseisundisse. Kevadel enne kasvu lustamist saab taime jagada.<\/p>\n<p>\u00d5ied ja lehed sobivad toitude ja jookide garneerimiseks.<\/p>\n<p>J\u00e4nesekapsaste kasvatamise ja kasutamise kohta loe l\u00e4hemalt <span style=\"color: #008000\"><a style=\"color: #008000\" href=\"https:\/\/tammetalu.eu\/janesekapsad-blogipostitus\/\">Tamme talu \u00fcrdiaia blogist.<\/a><\/span><\/p>\n","protected":false},"featured_media":17712,"template":"","meta":{"_acf_changed":false,"_et_pb_use_builder":"","_et_pb_old_content":"","_et_gb_content_width":"","inline_featured_image":false},"product_brand":[],"product_cat":[206,186],"product_tag":[],"class_list":{"0":"post-17711","1":"product","2":"type-product","3":"status-publish","4":"has-post-thumbnail","6":"product_cat-janesekapsad","7":"product_cat-maitse-ja-ravimtaimede-istikud","9":"first","10":"outofstock","11":"taxable","12":"shipping-taxable","13":"purchasable","14":"product-type-simple"},"acf":[],"yoast_head":"<!-- This site is optimized with the Yoast SEO plugin v27.5 - https:\/\/yoast.com\/product\/yoast-seo-wordpress\/ -->\n<title>Karvasetolmukaline j\u00e4nesekapsas - Tamme talu \u00fcrdiaed<\/title>\n<meta name=\"robots\" content=\"index, follow, max-snippet:-1, max-image-preview:large, max-video-preview:-1\" \/>\n<link rel=\"canonical\" href=\"https:\/\/tammetalu.eu\/toode\/karvasetolmukaline-janesekapsas\/\" \/>\n<meta property=\"og:locale\" content=\"en_US\" \/>\n<meta property=\"og:type\" content=\"article\" \/>\n<meta property=\"og:title\" content=\"Karvasetolmukaline j\u00e4nesekapsas - Tamme talu \u00fcrdiaed\" \/>\n<meta property=\"og:description\" content=\"Oxalis lasiandraKarvasetolmukaline j\u00e4nesekapsas on endeemiline j\u00e4nesekapsa liik Mehhikost. Karvased palmikujulised lehed ja erkroosad \u00f5ied. Taime k\u00f5rgus \u00f5itsemise ajal v\u00f5ib k\u00fc\u00fcndida kuni 40 cm.Taim on p\u00f5uakindel ning v\u00e4hen\u00f5udlik kasvutingimuste suhtes. Kasvamiseks on parim liivasegune kuni parasniiske vett h\u00e4sti l\u00e4bi laskev muld ja poolvarjuline kuni varjuline kasvukoht. Tore ja v\u00e4he hoolt n\u00f5udev potis kasvatamiseks. Ei ole meil talvekindel, seega talveks tuleb karvasetolmukaline j\u00e4nesekapsas siseruumidesse talvituma t\u00f5sta. Siis l\u00f5petada kastmine, et taime maapealne osa kuivaks ja sibulad saavad j\u00e4\u00e4da puhkeseisundisse. Kevadel enne kasvu lustamist saab taime jagada.\u00d5ied ja lehed sobivad toitude ja jookide garneerimiseks.J\u00e4nesekapsaste kasvatamise ja kasutamise kohta loe l\u00e4hemalt Tamme talu \u00fcrdiaia blogist.\" \/>\n<meta property=\"og:url\" content=\"https:\/\/tammetalu.eu\/toode\/karvasetolmukaline-janesekapsas\/\" \/>\n<meta property=\"og:site_name\" content=\"Tamme talu \u00fcrdiaed\" \/>\n<meta property=\"article:publisher\" content=\"https:\/\/www.facebook.com\/TammeTaluUrdiaed\/?locale=et_EE\" \/>\n<meta property=\"article:modified_time\" content=\"2026-05-04T05:49:35+00:00\" \/>\n<meta property=\"og:image\" content=\"https:\/\/tammetalu.eu\/wp-content\/uploads\/2023\/04\/oxalis-lasiandra-tamme-talu-urdiaed.jpg\" \/>\n\t<meta property=\"og:image:width\" content=\"800\" \/>\n\t<meta property=\"og:image:height\" content=\"800\" \/>\n\t<meta property=\"og:image:type\" content=\"image\/jpeg\" \/>\n<meta name=\"twitter:card\" content=\"summary_large_image\" \/>\n<meta name=\"twitter:label1\" content=\"Est. reading time\" \/>\n\t<meta name=\"twitter:data1\" content=\"1 minute\" \/>\n<script type=\"application\/ld+json\" class=\"yoast-schema-graph\">{\"@context\":\"https:\\\/\\\/schema.org\",\"@graph\":[{\"@type\":\"WebPage\",\"@id\":\"https:\\\/\\\/tammetalu.eu\\\/toode\\\/karvasetolmukaline-janesekapsas\\\/\",\"url\":\"https:\\\/\\\/tammetalu.eu\\\/toode\\\/karvasetolmukaline-janesekapsas\\\/\",\"name\":\"Karvasetolmukaline j\u00e4nesekapsas - Tamme talu \u00fcrdiaed\",\"isPartOf\":{\"@id\":\"https:\\\/\\\/tammetalu.eu\\\/#website\"},\"primaryImageOfPage\":{\"@id\":\"https:\\\/\\\/tammetalu.eu\\\/toode\\\/karvasetolmukaline-janesekapsas\\\/#primaryimage\"},\"image\":{\"@id\":\"https:\\\/\\\/tammetalu.eu\\\/toode\\\/karvasetolmukaline-janesekapsas\\\/#primaryimage\"},\"thumbnailUrl\":\"https:\\\/\\\/tammetalu.eu\\\/wp-content\\\/uploads\\\/2023\\\/04\\\/oxalis-lasiandra-tamme-talu-urdiaed.jpg\",\"datePublished\":\"2023-04-11T14:28:48+00:00\",\"dateModified\":\"2026-05-04T05:49:35+00:00\",\"breadcrumb\":{\"@id\":\"https:\\\/\\\/tammetalu.eu\\\/toode\\\/karvasetolmukaline-janesekapsas\\\/#breadcrumb\"},\"inLanguage\":\"en-US\",\"potentialAction\":[{\"@type\":\"ReadAction\",\"target\":[\"https:\\\/\\\/tammetalu.eu\\\/toode\\\/karvasetolmukaline-janesekapsas\\\/\"]}]},{\"@type\":\"ImageObject\",\"inLanguage\":\"en-US\",\"@id\":\"https:\\\/\\\/tammetalu.eu\\\/toode\\\/karvasetolmukaline-janesekapsas\\\/#primaryimage\",\"url\":\"https:\\\/\\\/tammetalu.eu\\\/wp-content\\\/uploads\\\/2023\\\/04\\\/oxalis-lasiandra-tamme-talu-urdiaed.jpg\",\"contentUrl\":\"https:\\\/\\\/tammetalu.eu\\\/wp-content\\\/uploads\\\/2023\\\/04\\\/oxalis-lasiandra-tamme-talu-urdiaed.jpg\",\"width\":800,\"height\":800,\"caption\":\"oxalis-lasiandra-tamme-talu-urdiaed\"},{\"@type\":\"BreadcrumbList\",\"@id\":\"https:\\\/\\\/tammetalu.eu\\\/toode\\\/karvasetolmukaline-janesekapsas\\\/#breadcrumb\",\"itemListElement\":[{\"@type\":\"ListItem\",\"position\":1,\"name\":\"Home\",\"item\":\"https:\\\/\\\/tammetalu.eu\\\/en\\\/esileht-eng\\\/\"},{\"@type\":\"ListItem\",\"position\":2,\"name\":\"Shop\",\"item\":\"https:\\\/\\\/tammetalu.eu\\\/en\\\/shop\\\/\"},{\"@type\":\"ListItem\",\"position\":3,\"name\":\"Karvasetolmukaline j\u00e4nesekapsas\"}]},{\"@type\":\"WebSite\",\"@id\":\"https:\\\/\\\/tammetalu.eu\\\/#website\",\"url\":\"https:\\\/\\\/tammetalu.eu\\\/\",\"name\":\"Tamme talu \u00fcrdiaed\",\"description\":\"K\u00e4sit\u00f6\u00f6na valmistatud tooted \u00fcrtidest, \u00fcrdiistikud, \u00fcrtide kollektsioonaed\",\"publisher\":{\"@id\":\"https:\\\/\\\/tammetalu.eu\\\/#organization\"},\"alternateName\":\"Tamme talu\",\"potentialAction\":[{\"@type\":\"SearchAction\",\"target\":{\"@type\":\"EntryPoint\",\"urlTemplate\":\"https:\\\/\\\/tammetalu.eu\\\/?s={search_term_string}\"},\"query-input\":{\"@type\":\"PropertyValueSpecification\",\"valueRequired\":true,\"valueName\":\"search_term_string\"}}],\"inLanguage\":\"en-US\"},{\"@type\":\"Organization\",\"@id\":\"https:\\\/\\\/tammetalu.eu\\\/#organization\",\"name\":\"Tamme talu \u00fcrdiaed\",\"alternateName\":\"Tamme talu\",\"url\":\"https:\\\/\\\/tammetalu.eu\\\/\",\"logo\":{\"@type\":\"ImageObject\",\"inLanguage\":\"en-US\",\"@id\":\"https:\\\/\\\/tammetalu.eu\\\/#\\\/schema\\\/logo\\\/image\\\/\",\"url\":\"https:\\\/\\\/tammetalu.eu\\\/wp-content\\\/uploads\\\/2025\\\/01\\\/Tamme_talu_urdiaed.png\",\"contentUrl\":\"https:\\\/\\\/tammetalu.eu\\\/wp-content\\\/uploads\\\/2025\\\/01\\\/Tamme_talu_urdiaed.png\",\"width\":560,\"height\":560,\"caption\":\"Tamme talu \u00fcrdiaed\"},\"image\":{\"@id\":\"https:\\\/\\\/tammetalu.eu\\\/#\\\/schema\\\/logo\\\/image\\\/\"},\"sameAs\":[\"https:\\\/\\\/www.facebook.com\\\/TammeTaluUrdiaed\\\/?locale=et_EE\",\"https:\\\/\\\/www.instagram.com\\\/tammetaluurdiaed\\\/\"]}]}<\/script>\n<!-- \/ Yoast SEO plugin. -->","yoast_head_json":{"title":"Karvasetolmukaline j\u00e4nesekapsas - Tamme talu \u00fcrdiaed","robots":{"index":"index","follow":"follow","max-snippet":"max-snippet:-1","max-image-preview":"max-image-preview:large","max-video-preview":"max-video-preview:-1"},"canonical":"https:\/\/tammetalu.eu\/toode\/karvasetolmukaline-janesekapsas\/","og_locale":"en_US","og_type":"article","og_title":"Karvasetolmukaline j\u00e4nesekapsas - Tamme talu \u00fcrdiaed","og_description":"Oxalis lasiandraKarvasetolmukaline j\u00e4nesekapsas on endeemiline j\u00e4nesekapsa liik Mehhikost. Karvased palmikujulised lehed ja erkroosad \u00f5ied. Taime k\u00f5rgus \u00f5itsemise ajal v\u00f5ib k\u00fc\u00fcndida kuni 40 cm.Taim on p\u00f5uakindel ning v\u00e4hen\u00f5udlik kasvutingimuste suhtes. Kasvamiseks on parim liivasegune kuni parasniiske vett h\u00e4sti l\u00e4bi laskev muld ja poolvarjuline kuni varjuline kasvukoht. Tore ja v\u00e4he hoolt n\u00f5udev potis kasvatamiseks. Ei ole meil talvekindel, seega talveks tuleb karvasetolmukaline j\u00e4nesekapsas siseruumidesse talvituma t\u00f5sta. Siis l\u00f5petada kastmine, et taime maapealne osa kuivaks ja sibulad saavad j\u00e4\u00e4da puhkeseisundisse. Kevadel enne kasvu lustamist saab taime jagada.\u00d5ied ja lehed sobivad toitude ja jookide garneerimiseks.J\u00e4nesekapsaste kasvatamise ja kasutamise kohta loe l\u00e4hemalt Tamme talu \u00fcrdiaia blogist.","og_url":"https:\/\/tammetalu.eu\/toode\/karvasetolmukaline-janesekapsas\/","og_site_name":"Tamme talu \u00fcrdiaed","article_publisher":"https:\/\/www.facebook.com\/TammeTaluUrdiaed\/?locale=et_EE","article_modified_time":"2026-05-04T05:49:35+00:00","og_image":[{"width":800,"height":800,"url":"https:\/\/tammetalu.eu\/wp-content\/uploads\/2023\/04\/oxalis-lasiandra-tamme-talu-urdiaed.jpg","type":"image\/jpeg"}],"twitter_card":"summary_large_image","twitter_misc":{"Est. reading time":"1 minute"},"schema":{"@context":"https:\/\/schema.org","@graph":[{"@type":"WebPage","@id":"https:\/\/tammetalu.eu\/toode\/karvasetolmukaline-janesekapsas\/","url":"https:\/\/tammetalu.eu\/toode\/karvasetolmukaline-janesekapsas\/","name":"Karvasetolmukaline j\u00e4nesekapsas - Tamme talu \u00fcrdiaed","isPartOf":{"@id":"https:\/\/tammetalu.eu\/#website"},"primaryImageOfPage":{"@id":"https:\/\/tammetalu.eu\/toode\/karvasetolmukaline-janesekapsas\/#primaryimage"},"image":{"@id":"https:\/\/tammetalu.eu\/toode\/karvasetolmukaline-janesekapsas\/#primaryimage"},"thumbnailUrl":"https:\/\/tammetalu.eu\/wp-content\/uploads\/2023\/04\/oxalis-lasiandra-tamme-talu-urdiaed.jpg","datePublished":"2023-04-11T14:28:48+00:00","dateModified":"2026-05-04T05:49:35+00:00","breadcrumb":{"@id":"https:\/\/tammetalu.eu\/toode\/karvasetolmukaline-janesekapsas\/#breadcrumb"},"inLanguage":"en-US","potentialAction":[{"@type":"ReadAction","target":["https:\/\/tammetalu.eu\/toode\/karvasetolmukaline-janesekapsas\/"]}]},{"@type":"ImageObject","inLanguage":"en-US","@id":"https:\/\/tammetalu.eu\/toode\/karvasetolmukaline-janesekapsas\/#primaryimage","url":"https:\/\/tammetalu.eu\/wp-content\/uploads\/2023\/04\/oxalis-lasiandra-tamme-talu-urdiaed.jpg","contentUrl":"https:\/\/tammetalu.eu\/wp-content\/uploads\/2023\/04\/oxalis-lasiandra-tamme-talu-urdiaed.jpg","width":800,"height":800,"caption":"oxalis-lasiandra-tamme-talu-urdiaed"},{"@type":"BreadcrumbList","@id":"https:\/\/tammetalu.eu\/toode\/karvasetolmukaline-janesekapsas\/#breadcrumb","itemListElement":[{"@type":"ListItem","position":1,"name":"Home","item":"https:\/\/tammetalu.eu\/en\/esileht-eng\/"},{"@type":"ListItem","position":2,"name":"Shop","item":"https:\/\/tammetalu.eu\/en\/shop\/"},{"@type":"ListItem","position":3,"name":"Karvasetolmukaline j\u00e4nesekapsas"}]},{"@type":"WebSite","@id":"https:\/\/tammetalu.eu\/#website","url":"https:\/\/tammetalu.eu\/","name":"Tamme talu \u00fcrdiaed","description":"K\u00e4sit\u00f6\u00f6na valmistatud tooted \u00fcrtidest, \u00fcrdiistikud, \u00fcrtide kollektsioonaed","publisher":{"@id":"https:\/\/tammetalu.eu\/#organization"},"alternateName":"Tamme talu","potentialAction":[{"@type":"SearchAction","target":{"@type":"EntryPoint","urlTemplate":"https:\/\/tammetalu.eu\/?s={search_term_string}"},"query-input":{"@type":"PropertyValueSpecification","valueRequired":true,"valueName":"search_term_string"}}],"inLanguage":"en-US"},{"@type":"Organization","@id":"https:\/\/tammetalu.eu\/#organization","name":"Tamme talu \u00fcrdiaed","alternateName":"Tamme talu","url":"https:\/\/tammetalu.eu\/","logo":{"@type":"ImageObject","inLanguage":"en-US","@id":"https:\/\/tammetalu.eu\/#\/schema\/logo\/image\/","url":"https:\/\/tammetalu.eu\/wp-content\/uploads\/2025\/01\/Tamme_talu_urdiaed.png","contentUrl":"https:\/\/tammetalu.eu\/wp-content\/uploads\/2025\/01\/Tamme_talu_urdiaed.png","width":560,"height":560,"caption":"Tamme talu \u00fcrdiaed"},"image":{"@id":"https:\/\/tammetalu.eu\/#\/schema\/logo\/image\/"},"sameAs":["https:\/\/www.facebook.com\/TammeTaluUrdiaed\/?locale=et_EE","https:\/\/www.instagram.com\/tammetaluurdiaed\/"]}]}},"_links":{"self":[{"href":"https:\/\/tammetalu.eu\/en\/wp-json\/wp\/v2\/product\/17711","targetHints":{"allow":["GET"]}}],"collection":[{"href":"https:\/\/tammetalu.eu\/en\/wp-json\/wp\/v2\/product"}],"about":[{"href":"https:\/\/tammetalu.eu\/en\/wp-json\/wp\/v2\/types\/product"}],"wp:featuredmedia":[{"embeddable":true,"href":"https:\/\/tammetalu.eu\/en\/wp-json\/wp\/v2\/media\/17712"}],"wp:attachment":[{"href":"https:\/\/tammetalu.eu\/en\/wp-json\/wp\/v2\/media?parent=17711"}],"wp:term":[{"taxonomy":"product_brand","embeddable":true,"href":"https:\/\/tammetalu.eu\/en\/wp-json\/wp\/v2\/product_brand?post=17711"},{"taxonomy":"product_cat","embeddable":true,"href":"https:\/\/tammetalu.eu\/en\/wp-json\/wp\/v2\/product_cat?post=17711"},{"taxonomy":"product_tag","embeddable":true,"href":"https:\/\/tammetalu.eu\/en\/wp-json\/wp\/v2\/product_tag?post=17711"}],"curies":[{"name":"wp","href":"https:\/\/api.w.org\/{rel}","templated":true}]}}