{"id":17806,"date":"2023-04-11T18:47:40","date_gmt":"2023-04-11T15:47:40","guid":{"rendered":"https:\/\/tammetalu.eu\/?post_type=product&#038;p=17806"},"modified":"2026-05-04T18:26:27","modified_gmt":"2026-05-04T15:26:27","slug":"metsmaasikas-flore-pleno","status":"publish","type":"product","link":"https:\/\/tammetalu.eu\/en\/product\/metsmaasikas-flore-pleno\/","title":{"rendered":"Metsmaasikas &#8220;Flore Pleno&#8221;"},"content":{"rendered":"","protected":false},"excerpt":{"rendered":"<p><em>Fragaria vesca<\/em><\/p>\n<p>Armas t\u00e4idis\u00f5ieline metsmaasika sort, mis sobib pinnakattetaimeks nii p\u00e4ikeselisse kui varjulisse kasvukohta. K\u00f5rgus kuni 20 cm.<\/p>\n<p>Metsmaasikas on roos\u00f5ieliste sugukonda ja maasika perekonda kuuluv mitmeaastane rohtne ning meil t\u00e4iesti k\u00fclmakindel taim.<\/p>\n<p>Paljuneb pikkade s\u00f5lmedest juurduvate\u00a0v\u00f5sunditega. Kasvab h\u00e4sti parasniiskes kuni kuivemas mullas. Taimed ei vaja mingeid eritingimusi kasvamiseks. V\u00f5ib kasvatada amplis ja r\u00f5dukastis.<\/p>\n<p>Metsmaasikas \u00f5itseb mai l\u00f5pul ja juunis. Viljad valmivad juunis.<\/p>\n<p>Metsmaasika \u00fcrt sobib maitsva tee valmistamiseks. V\u00e4rskete lehtede ja \u00f5itega saab kaunistada kondiitritooteid ning erinevaid soolaseid ja magusaid roogasid ning jooke.<\/p>\n<p>T\u00e4idis\u00f5ieline metsmaasikas on levinud kolme erineva sordinime all. Nime \u201cFlore Pleno\u201d k\u00f5rval on kasutusel sordinimed \u201cMultiplex\u201d ja \u201cBowles`s Double\u201d.<\/p>\n","protected":false},"featured_media":17807,"template":"","meta":{"_acf_changed":false,"_et_pb_use_builder":"","_et_pb_old_content":"","_et_gb_content_width":"","inline_featured_image":false},"product_brand":[],"product_cat":[186,203],"product_tag":[],"class_list":{"0":"post-17806","1":"product","2":"type-product","3":"status-publish","4":"has-post-thumbnail","6":"product_cat-maitse-ja-ravimtaimede-istikud","7":"product_cat-ponevad-koogiviljad","9":"first","10":"instock","11":"taxable","12":"shipping-taxable","13":"purchasable","14":"product-type-simple"},"acf":[],"yoast_head":"<!-- This site is optimized with the Yoast SEO plugin v27.5 - https:\/\/yoast.com\/product\/yoast-seo-wordpress\/ -->\n<title>Metsmaasikas &quot;Flore Pleno&quot; - Tamme talu \u00fcrdiaed<\/title>\n<meta name=\"robots\" content=\"index, follow, max-snippet:-1, max-image-preview:large, max-video-preview:-1\" \/>\n<link rel=\"canonical\" href=\"https:\/\/tammetalu.eu\/toode\/metsmaasikas-flore-pleno\/\" \/>\n<meta property=\"og:locale\" content=\"en_US\" \/>\n<meta property=\"og:type\" content=\"article\" \/>\n<meta property=\"og:title\" content=\"Metsmaasikas &quot;Flore Pleno&quot; - Tamme talu \u00fcrdiaed\" \/>\n<meta property=\"og:description\" content=\"Fragaria vesca  Armas t\u00e4idis\u00f5ieline metsmaasika sort, mis sobib pinnakattetaimeks nii p\u00e4ikeselisse kui varjulisse kasvukohta. K\u00f5rgus kuni 20 cm.  Metsmaasikas on roos\u00f5ieliste sugukonda ja maasika perekonda kuuluv mitmeaastane rohtne ning meil t\u00e4iesti k\u00fclmakindel taim.  Paljuneb pikkade s\u00f5lmedest juurduvate\u00a0v\u00f5sunditega. Kasvab h\u00e4sti parasniiskes kuni kuivemas mullas. Taimed ei vaja mingeid eritingimusi kasvamiseks. V\u00f5ib kasvatada amplis ja r\u00f5dukastis.  Metsmaasikas \u00f5itseb mai l\u00f5pul ja juunis. Viljad valmivad juunis.  Metsmaasika \u00fcrt sobib maitsva tee valmistamiseks. V\u00e4rskete lehtede ja \u00f5itega saab kaunistada kondiitritooteid ning erinevaid soolaseid ja magusaid roogasid ning jooke.  T\u00e4idis\u00f5ieline metsmaasikas on levinud kolme erineva sordinime all. Nime \u201cFlore Pleno\u201d k\u00f5rval on kasutusel sordinimed \u201cMultiplex\u201d ja \u201cBowles`s Double\u201d.\" \/>\n<meta property=\"og:url\" content=\"https:\/\/tammetalu.eu\/toode\/metsmaasikas-flore-pleno\/\" \/>\n<meta property=\"og:site_name\" content=\"Tamme talu \u00fcrdiaed\" \/>\n<meta property=\"article:publisher\" content=\"https:\/\/www.facebook.com\/TammeTaluUrdiaed\/?locale=et_EE\" \/>\n<meta property=\"article:modified_time\" content=\"2026-05-04T15:26:27+00:00\" \/>\n<meta property=\"og:image\" content=\"https:\/\/tammetalu.eu\/wp-content\/uploads\/2023\/04\/Fragaria-vesca-flore-peno-tamme-talu-urdiaed.jpg\" \/>\n\t<meta property=\"og:image:width\" content=\"640\" \/>\n\t<meta property=\"og:image:height\" content=\"480\" \/>\n\t<meta property=\"og:image:type\" content=\"image\/jpeg\" \/>\n<meta name=\"twitter:card\" content=\"summary_large_image\" \/>\n<meta name=\"twitter:label1\" content=\"Est. reading time\" \/>\n\t<meta name=\"twitter:data1\" content=\"1 minute\" \/>\n<script type=\"application\/ld+json\" class=\"yoast-schema-graph\">{\"@context\":\"https:\\\/\\\/schema.org\",\"@graph\":[{\"@type\":\"WebPage\",\"@id\":\"https:\\\/\\\/tammetalu.eu\\\/toode\\\/metsmaasikas-flore-pleno\\\/\",\"url\":\"https:\\\/\\\/tammetalu.eu\\\/toode\\\/metsmaasikas-flore-pleno\\\/\",\"name\":\"Metsmaasikas \\\"Flore Pleno\\\" - Tamme talu \u00fcrdiaed\",\"isPartOf\":{\"@id\":\"https:\\\/\\\/tammetalu.eu\\\/#website\"},\"primaryImageOfPage\":{\"@id\":\"https:\\\/\\\/tammetalu.eu\\\/toode\\\/metsmaasikas-flore-pleno\\\/#primaryimage\"},\"image\":{\"@id\":\"https:\\\/\\\/tammetalu.eu\\\/toode\\\/metsmaasikas-flore-pleno\\\/#primaryimage\"},\"thumbnailUrl\":\"https:\\\/\\\/tammetalu.eu\\\/wp-content\\\/uploads\\\/2023\\\/04\\\/Fragaria-vesca-flore-peno-tamme-talu-urdiaed.jpg\",\"datePublished\":\"2023-04-11T15:47:40+00:00\",\"dateModified\":\"2026-05-04T15:26:27+00:00\",\"breadcrumb\":{\"@id\":\"https:\\\/\\\/tammetalu.eu\\\/toode\\\/metsmaasikas-flore-pleno\\\/#breadcrumb\"},\"inLanguage\":\"en-US\",\"potentialAction\":[{\"@type\":\"ReadAction\",\"target\":[\"https:\\\/\\\/tammetalu.eu\\\/toode\\\/metsmaasikas-flore-pleno\\\/\"]}]},{\"@type\":\"ImageObject\",\"inLanguage\":\"en-US\",\"@id\":\"https:\\\/\\\/tammetalu.eu\\\/toode\\\/metsmaasikas-flore-pleno\\\/#primaryimage\",\"url\":\"https:\\\/\\\/tammetalu.eu\\\/wp-content\\\/uploads\\\/2023\\\/04\\\/Fragaria-vesca-flore-peno-tamme-talu-urdiaed.jpg\",\"contentUrl\":\"https:\\\/\\\/tammetalu.eu\\\/wp-content\\\/uploads\\\/2023\\\/04\\\/Fragaria-vesca-flore-peno-tamme-talu-urdiaed.jpg\",\"width\":640,\"height\":480,\"caption\":\"Fragaria-vesca-flore-peno-tamme-talu-urdiaed\"},{\"@type\":\"BreadcrumbList\",\"@id\":\"https:\\\/\\\/tammetalu.eu\\\/toode\\\/metsmaasikas-flore-pleno\\\/#breadcrumb\",\"itemListElement\":[{\"@type\":\"ListItem\",\"position\":1,\"name\":\"Home\",\"item\":\"https:\\\/\\\/tammetalu.eu\\\/en\\\/esileht-eng\\\/\"},{\"@type\":\"ListItem\",\"position\":2,\"name\":\"Shop\",\"item\":\"https:\\\/\\\/tammetalu.eu\\\/en\\\/shop\\\/\"},{\"@type\":\"ListItem\",\"position\":3,\"name\":\"Metsmaasikas &#8220;Flore Pleno&#8221;\"}]},{\"@type\":\"WebSite\",\"@id\":\"https:\\\/\\\/tammetalu.eu\\\/#website\",\"url\":\"https:\\\/\\\/tammetalu.eu\\\/\",\"name\":\"Tamme talu \u00fcrdiaed\",\"description\":\"K\u00e4sit\u00f6\u00f6na valmistatud tooted \u00fcrtidest, \u00fcrdiistikud, \u00fcrtide kollektsioonaed\",\"publisher\":{\"@id\":\"https:\\\/\\\/tammetalu.eu\\\/#organization\"},\"alternateName\":\"Tamme talu\",\"potentialAction\":[{\"@type\":\"SearchAction\",\"target\":{\"@type\":\"EntryPoint\",\"urlTemplate\":\"https:\\\/\\\/tammetalu.eu\\\/?s={search_term_string}\"},\"query-input\":{\"@type\":\"PropertyValueSpecification\",\"valueRequired\":true,\"valueName\":\"search_term_string\"}}],\"inLanguage\":\"en-US\"},{\"@type\":\"Organization\",\"@id\":\"https:\\\/\\\/tammetalu.eu\\\/#organization\",\"name\":\"Tamme talu \u00fcrdiaed\",\"alternateName\":\"Tamme talu\",\"url\":\"https:\\\/\\\/tammetalu.eu\\\/\",\"logo\":{\"@type\":\"ImageObject\",\"inLanguage\":\"en-US\",\"@id\":\"https:\\\/\\\/tammetalu.eu\\\/#\\\/schema\\\/logo\\\/image\\\/\",\"url\":\"https:\\\/\\\/tammetalu.eu\\\/wp-content\\\/uploads\\\/2025\\\/01\\\/Tamme_talu_urdiaed.png\",\"contentUrl\":\"https:\\\/\\\/tammetalu.eu\\\/wp-content\\\/uploads\\\/2025\\\/01\\\/Tamme_talu_urdiaed.png\",\"width\":560,\"height\":560,\"caption\":\"Tamme talu \u00fcrdiaed\"},\"image\":{\"@id\":\"https:\\\/\\\/tammetalu.eu\\\/#\\\/schema\\\/logo\\\/image\\\/\"},\"sameAs\":[\"https:\\\/\\\/www.facebook.com\\\/TammeTaluUrdiaed\\\/?locale=et_EE\",\"https:\\\/\\\/www.instagram.com\\\/tammetaluurdiaed\\\/\"]}]}<\/script>\n<!-- \/ Yoast SEO plugin. -->","yoast_head_json":{"title":"Metsmaasikas \"Flore Pleno\" - Tamme talu \u00fcrdiaed","robots":{"index":"index","follow":"follow","max-snippet":"max-snippet:-1","max-image-preview":"max-image-preview:large","max-video-preview":"max-video-preview:-1"},"canonical":"https:\/\/tammetalu.eu\/toode\/metsmaasikas-flore-pleno\/","og_locale":"en_US","og_type":"article","og_title":"Metsmaasikas \"Flore Pleno\" - Tamme talu \u00fcrdiaed","og_description":"Fragaria vesca  Armas t\u00e4idis\u00f5ieline metsmaasika sort, mis sobib pinnakattetaimeks nii p\u00e4ikeselisse kui varjulisse kasvukohta. K\u00f5rgus kuni 20 cm.  Metsmaasikas on roos\u00f5ieliste sugukonda ja maasika perekonda kuuluv mitmeaastane rohtne ning meil t\u00e4iesti k\u00fclmakindel taim.  Paljuneb pikkade s\u00f5lmedest juurduvate\u00a0v\u00f5sunditega. Kasvab h\u00e4sti parasniiskes kuni kuivemas mullas. Taimed ei vaja mingeid eritingimusi kasvamiseks. V\u00f5ib kasvatada amplis ja r\u00f5dukastis.  Metsmaasikas \u00f5itseb mai l\u00f5pul ja juunis. Viljad valmivad juunis.  Metsmaasika \u00fcrt sobib maitsva tee valmistamiseks. V\u00e4rskete lehtede ja \u00f5itega saab kaunistada kondiitritooteid ning erinevaid soolaseid ja magusaid roogasid ning jooke.  T\u00e4idis\u00f5ieline metsmaasikas on levinud kolme erineva sordinime all. Nime \u201cFlore Pleno\u201d k\u00f5rval on kasutusel sordinimed \u201cMultiplex\u201d ja \u201cBowles`s Double\u201d.","og_url":"https:\/\/tammetalu.eu\/toode\/metsmaasikas-flore-pleno\/","og_site_name":"Tamme talu \u00fcrdiaed","article_publisher":"https:\/\/www.facebook.com\/TammeTaluUrdiaed\/?locale=et_EE","article_modified_time":"2026-05-04T15:26:27+00:00","og_image":[{"width":640,"height":480,"url":"https:\/\/tammetalu.eu\/wp-content\/uploads\/2023\/04\/Fragaria-vesca-flore-peno-tamme-talu-urdiaed.jpg","type":"image\/jpeg"}],"twitter_card":"summary_large_image","twitter_misc":{"Est. reading time":"1 minute"},"schema":{"@context":"https:\/\/schema.org","@graph":[{"@type":"WebPage","@id":"https:\/\/tammetalu.eu\/toode\/metsmaasikas-flore-pleno\/","url":"https:\/\/tammetalu.eu\/toode\/metsmaasikas-flore-pleno\/","name":"Metsmaasikas \"Flore Pleno\" - Tamme talu \u00fcrdiaed","isPartOf":{"@id":"https:\/\/tammetalu.eu\/#website"},"primaryImageOfPage":{"@id":"https:\/\/tammetalu.eu\/toode\/metsmaasikas-flore-pleno\/#primaryimage"},"image":{"@id":"https:\/\/tammetalu.eu\/toode\/metsmaasikas-flore-pleno\/#primaryimage"},"thumbnailUrl":"https:\/\/tammetalu.eu\/wp-content\/uploads\/2023\/04\/Fragaria-vesca-flore-peno-tamme-talu-urdiaed.jpg","datePublished":"2023-04-11T15:47:40+00:00","dateModified":"2026-05-04T15:26:27+00:00","breadcrumb":{"@id":"https:\/\/tammetalu.eu\/toode\/metsmaasikas-flore-pleno\/#breadcrumb"},"inLanguage":"en-US","potentialAction":[{"@type":"ReadAction","target":["https:\/\/tammetalu.eu\/toode\/metsmaasikas-flore-pleno\/"]}]},{"@type":"ImageObject","inLanguage":"en-US","@id":"https:\/\/tammetalu.eu\/toode\/metsmaasikas-flore-pleno\/#primaryimage","url":"https:\/\/tammetalu.eu\/wp-content\/uploads\/2023\/04\/Fragaria-vesca-flore-peno-tamme-talu-urdiaed.jpg","contentUrl":"https:\/\/tammetalu.eu\/wp-content\/uploads\/2023\/04\/Fragaria-vesca-flore-peno-tamme-talu-urdiaed.jpg","width":640,"height":480,"caption":"Fragaria-vesca-flore-peno-tamme-talu-urdiaed"},{"@type":"BreadcrumbList","@id":"https:\/\/tammetalu.eu\/toode\/metsmaasikas-flore-pleno\/#breadcrumb","itemListElement":[{"@type":"ListItem","position":1,"name":"Home","item":"https:\/\/tammetalu.eu\/en\/esileht-eng\/"},{"@type":"ListItem","position":2,"name":"Shop","item":"https:\/\/tammetalu.eu\/en\/shop\/"},{"@type":"ListItem","position":3,"name":"Metsmaasikas &#8220;Flore Pleno&#8221;"}]},{"@type":"WebSite","@id":"https:\/\/tammetalu.eu\/#website","url":"https:\/\/tammetalu.eu\/","name":"Tamme talu \u00fcrdiaed","description":"K\u00e4sit\u00f6\u00f6na valmistatud tooted \u00fcrtidest, \u00fcrdiistikud, \u00fcrtide kollektsioonaed","publisher":{"@id":"https:\/\/tammetalu.eu\/#organization"},"alternateName":"Tamme talu","potentialAction":[{"@type":"SearchAction","target":{"@type":"EntryPoint","urlTemplate":"https:\/\/tammetalu.eu\/?s={search_term_string}"},"query-input":{"@type":"PropertyValueSpecification","valueRequired":true,"valueName":"search_term_string"}}],"inLanguage":"en-US"},{"@type":"Organization","@id":"https:\/\/tammetalu.eu\/#organization","name":"Tamme talu \u00fcrdiaed","alternateName":"Tamme talu","url":"https:\/\/tammetalu.eu\/","logo":{"@type":"ImageObject","inLanguage":"en-US","@id":"https:\/\/tammetalu.eu\/#\/schema\/logo\/image\/","url":"https:\/\/tammetalu.eu\/wp-content\/uploads\/2025\/01\/Tamme_talu_urdiaed.png","contentUrl":"https:\/\/tammetalu.eu\/wp-content\/uploads\/2025\/01\/Tamme_talu_urdiaed.png","width":560,"height":560,"caption":"Tamme talu \u00fcrdiaed"},"image":{"@id":"https:\/\/tammetalu.eu\/#\/schema\/logo\/image\/"},"sameAs":["https:\/\/www.facebook.com\/TammeTaluUrdiaed\/?locale=et_EE","https:\/\/www.instagram.com\/tammetaluurdiaed\/"]}]}},"_links":{"self":[{"href":"https:\/\/tammetalu.eu\/en\/wp-json\/wp\/v2\/product\/17806","targetHints":{"allow":["GET"]}}],"collection":[{"href":"https:\/\/tammetalu.eu\/en\/wp-json\/wp\/v2\/product"}],"about":[{"href":"https:\/\/tammetalu.eu\/en\/wp-json\/wp\/v2\/types\/product"}],"wp:featuredmedia":[{"embeddable":true,"href":"https:\/\/tammetalu.eu\/en\/wp-json\/wp\/v2\/media\/17807"}],"wp:attachment":[{"href":"https:\/\/tammetalu.eu\/en\/wp-json\/wp\/v2\/media?parent=17806"}],"wp:term":[{"taxonomy":"product_brand","embeddable":true,"href":"https:\/\/tammetalu.eu\/en\/wp-json\/wp\/v2\/product_brand?post=17806"},{"taxonomy":"product_cat","embeddable":true,"href":"https:\/\/tammetalu.eu\/en\/wp-json\/wp\/v2\/product_cat?post=17806"},{"taxonomy":"product_tag","embeddable":true,"href":"https:\/\/tammetalu.eu\/en\/wp-json\/wp\/v2\/product_tag?post=17806"}],"curies":[{"name":"wp","href":"https:\/\/api.w.org\/{rel}","templated":true}]}}