{"id":17836,"date":"2023-04-11T19:51:51","date_gmt":"2023-04-11T16:51:51","guid":{"rendered":"https:\/\/tammetalu.eu\/?post_type=product&#038;p=17836"},"modified":"2026-05-04T08:49:34","modified_gmt":"2026-05-04T05:49:34","slug":"magiarnika","status":"publish","type":"product","link":"https:\/\/tammetalu.eu\/en\/product\/magiarnika\/","title":{"rendered":"M\u00e4giarnika"},"content":{"rendered":"","protected":false},"excerpt":{"rendered":"<p><em>Arnica montana<\/em><\/p>\n<p>M\u00e4giarnika on looduslikult levinud\u00a0Euroopa m\u00e4gedes, lisaks veel L\u00f5una-Venemaal ja Kesk-Aasias.Eestis kasvatatakse harva ilutaimena. Kasvab meelsamini 500\u20132500 m k\u00f5rgusel m\u00e4gistel niitudel. Muld peaks pigem olema v\u00e4heviljakas ja happeline.<\/p>\n<p>M\u00e4giarnika on 20\u201360 cm k\u00f5rgune mitmeaastane rohttaim. Lehed on ovaalsed \u00fcmara tipuga, alumine pool on tumeroheline. Lehed paiknevad maapinna ligidal leherosetina. Varred on karvased. \u00d5ied on erekollased kiirjad ja\u00a0karikakra\u00f5ite moodi.<\/p>\n<p>M\u00e4giarnikat on lihtne kasvatada, kuna taim talub erinevaid mullatingimusi. Muld v\u00f5ib olla liivane v\u00f5i savine. Ideaalne muld on liiva, savi ja turba segu. M\u00e4giarnika eelistab v\u00e4heviljakat ja vett l\u00e4bilaskvat mulda. Muld peaks olema pidevalt niiske. pH v\u00f5ib mullal olla nii happeline, neutraalne kui ka aluseline, kuid eelistab pigem happelist pinnast. Saab kasvada ka v\u00e4ga happelises mullas. M\u00e4giarnikale sobib valgusk\u00fcllane kasvukoht.<\/p>\n<p>M\u00e4giarnika \u00f5itseb juulist augustini. \u00d5isi koos\u00a0tupplehtedega v\u00f5ib koguda juunist augustini. Juuri on parim aeg koguda kevadel (aprillis) ja s\u00fcgisel (oktoobris).<\/p>\n<p>Ettevaatust, taim on m\u00fcrgine ja s\u00f6\u00f6giks ei k\u00f5lba!<\/p>\n<p style=\"background: white;margin: 6.0pt 0cm 6.0pt 0cm\"><span style=\"font-size: 10.5pt;font-family: 'Arial',sans-serif;color: #202122;background: white\">M\u00e4giarnika on antibiootiline, p\u00f5letikuvastane, inotroopne, trombots\u00fc\u00fctidevastane, reumavastane ja valu vaigistav.<\/span>\u00a0Tarvitatakse v\u00e4lispidiselt paisete, verevalumite,\u00a0reuma, podagra, lihasevalu, suulimaskestap\u00f5letike ja putukahammustuste korral.<\/p>\n","protected":false},"featured_media":17837,"template":"","meta":{"_acf_changed":false,"_et_pb_use_builder":"","_et_pb_old_content":"","_et_gb_content_width":"","inline_featured_image":false},"product_brand":[],"product_cat":[186,200],"product_tag":[],"class_list":{"0":"post-17836","1":"product","2":"type-product","3":"status-publish","4":"has-post-thumbnail","6":"product_cat-maitse-ja-ravimtaimede-istikud","7":"product_cat-muud-maitsetaimed","9":"first","10":"outofstock","11":"taxable","12":"shipping-taxable","13":"purchasable","14":"product-type-simple"},"acf":[],"yoast_head":"<!-- This site is optimized with the Yoast SEO plugin v27.5 - https:\/\/yoast.com\/product\/yoast-seo-wordpress\/ -->\n<title>M\u00e4giarnika - Tamme talu \u00fcrdiaed<\/title>\n<meta name=\"robots\" content=\"index, follow, max-snippet:-1, max-image-preview:large, max-video-preview:-1\" \/>\n<link rel=\"canonical\" href=\"https:\/\/tammetalu.eu\/toode\/magiarnika\/\" \/>\n<meta property=\"og:locale\" content=\"en_US\" \/>\n<meta property=\"og:type\" content=\"article\" \/>\n<meta property=\"og:title\" content=\"M\u00e4giarnika - Tamme talu \u00fcrdiaed\" \/>\n<meta property=\"og:description\" content=\"Arnica montana  M\u00e4giarnika on looduslikult levinud\u00a0Euroopa m\u00e4gedes, lisaks veel L\u00f5una-Venemaal ja Kesk-Aasias.Eestis kasvatatakse harva ilutaimena. Kasvab meelsamini 500\u20132500 m k\u00f5rgusel m\u00e4gistel niitudel. Muld peaks pigem olema v\u00e4heviljakas ja happeline.  M\u00e4giarnika on 20\u201360 cm k\u00f5rgune mitmeaastane rohttaim. Lehed on ovaalsed \u00fcmara tipuga, alumine pool on tumeroheline. Lehed paiknevad maapinna ligidal leherosetina. Varred on karvased. \u00d5ied on erekollased kiirjad ja\u00a0karikakra\u00f5ite moodi.  M\u00e4giarnikat on lihtne kasvatada, kuna taim talub erinevaid mullatingimusi. Muld v\u00f5ib olla liivane v\u00f5i savine. Ideaalne muld on liiva, savi ja turba segu. M\u00e4giarnika eelistab v\u00e4heviljakat ja vett l\u00e4bilaskvat mulda. Muld peaks olema pidevalt niiske. pH v\u00f5ib mullal olla nii happeline, neutraalne kui ka aluseline, kuid eelistab pigem happelist pinnast. Saab kasvada ka v\u00e4ga happelises mullas. M\u00e4giarnikale sobib valgusk\u00fcllane kasvukoht.  M\u00e4giarnika \u00f5itseb juulist augustini. \u00d5isi koos\u00a0tupplehtedega v\u00f5ib koguda juunist augustini. Juuri on parim aeg koguda kevadel (aprillis) ja s\u00fcgisel (oktoobris).  Ettevaatust, taim on m\u00fcrgine ja s\u00f6\u00f6giks ei k\u00f5lba! M\u00e4giarnika on antibiootiline, p\u00f5letikuvastane, inotroopne, trombots\u00fc\u00fctidevastane, reumavastane ja valu vaigistav.\u00a0Tarvitatakse v\u00e4lispidiselt paisete, verevalumite,\u00a0reuma, podagra, lihasevalu, suulimaskestap\u00f5letike ja putukahammustuste korral.\" \/>\n<meta property=\"og:url\" content=\"https:\/\/tammetalu.eu\/toode\/magiarnika\/\" \/>\n<meta property=\"og:site_name\" content=\"Tamme talu \u00fcrdiaed\" \/>\n<meta property=\"article:publisher\" content=\"https:\/\/www.facebook.com\/TammeTaluUrdiaed\/?locale=et_EE\" \/>\n<meta property=\"article:modified_time\" content=\"2026-05-04T05:49:34+00:00\" \/>\n<meta property=\"og:image\" content=\"https:\/\/tammetalu.eu\/wp-content\/uploads\/2023\/04\/Magiarnika-Arnica-montana-tamme-talu-urdiaed.jpg\" \/>\n\t<meta property=\"og:image:width\" content=\"600\" \/>\n\t<meta property=\"og:image:height\" content=\"540\" \/>\n\t<meta property=\"og:image:type\" content=\"image\/jpeg\" \/>\n<meta name=\"twitter:card\" content=\"summary_large_image\" \/>\n<meta name=\"twitter:label1\" content=\"Est. reading time\" \/>\n\t<meta name=\"twitter:data1\" content=\"1 minute\" \/>\n<script type=\"application\/ld+json\" class=\"yoast-schema-graph\">{\"@context\":\"https:\\\/\\\/schema.org\",\"@graph\":[{\"@type\":\"WebPage\",\"@id\":\"https:\\\/\\\/tammetalu.eu\\\/toode\\\/magiarnika\\\/\",\"url\":\"https:\\\/\\\/tammetalu.eu\\\/toode\\\/magiarnika\\\/\",\"name\":\"M\u00e4giarnika - Tamme talu \u00fcrdiaed\",\"isPartOf\":{\"@id\":\"https:\\\/\\\/tammetalu.eu\\\/#website\"},\"primaryImageOfPage\":{\"@id\":\"https:\\\/\\\/tammetalu.eu\\\/toode\\\/magiarnika\\\/#primaryimage\"},\"image\":{\"@id\":\"https:\\\/\\\/tammetalu.eu\\\/toode\\\/magiarnika\\\/#primaryimage\"},\"thumbnailUrl\":\"https:\\\/\\\/tammetalu.eu\\\/wp-content\\\/uploads\\\/2023\\\/04\\\/Magiarnika-Arnica-montana-tamme-talu-urdiaed.jpg\",\"datePublished\":\"2023-04-11T16:51:51+00:00\",\"dateModified\":\"2026-05-04T05:49:34+00:00\",\"breadcrumb\":{\"@id\":\"https:\\\/\\\/tammetalu.eu\\\/toode\\\/magiarnika\\\/#breadcrumb\"},\"inLanguage\":\"en-US\",\"potentialAction\":[{\"@type\":\"ReadAction\",\"target\":[\"https:\\\/\\\/tammetalu.eu\\\/toode\\\/magiarnika\\\/\"]}]},{\"@type\":\"ImageObject\",\"inLanguage\":\"en-US\",\"@id\":\"https:\\\/\\\/tammetalu.eu\\\/toode\\\/magiarnika\\\/#primaryimage\",\"url\":\"https:\\\/\\\/tammetalu.eu\\\/wp-content\\\/uploads\\\/2023\\\/04\\\/Magiarnika-Arnica-montana-tamme-talu-urdiaed.jpg\",\"contentUrl\":\"https:\\\/\\\/tammetalu.eu\\\/wp-content\\\/uploads\\\/2023\\\/04\\\/Magiarnika-Arnica-montana-tamme-talu-urdiaed.jpg\",\"width\":600,\"height\":540,\"caption\":\"Magiarnika-Arnica-montana-tamme-talu-urdiaed\"},{\"@type\":\"BreadcrumbList\",\"@id\":\"https:\\\/\\\/tammetalu.eu\\\/toode\\\/magiarnika\\\/#breadcrumb\",\"itemListElement\":[{\"@type\":\"ListItem\",\"position\":1,\"name\":\"Home\",\"item\":\"https:\\\/\\\/tammetalu.eu\\\/en\\\/esileht-eng\\\/\"},{\"@type\":\"ListItem\",\"position\":2,\"name\":\"Shop\",\"item\":\"https:\\\/\\\/tammetalu.eu\\\/en\\\/shop\\\/\"},{\"@type\":\"ListItem\",\"position\":3,\"name\":\"M\u00e4giarnika\"}]},{\"@type\":\"WebSite\",\"@id\":\"https:\\\/\\\/tammetalu.eu\\\/#website\",\"url\":\"https:\\\/\\\/tammetalu.eu\\\/\",\"name\":\"Tamme talu \u00fcrdiaed\",\"description\":\"K\u00e4sit\u00f6\u00f6na valmistatud tooted \u00fcrtidest, \u00fcrdiistikud, \u00fcrtide kollektsioonaed\",\"publisher\":{\"@id\":\"https:\\\/\\\/tammetalu.eu\\\/#organization\"},\"alternateName\":\"Tamme talu\",\"potentialAction\":[{\"@type\":\"SearchAction\",\"target\":{\"@type\":\"EntryPoint\",\"urlTemplate\":\"https:\\\/\\\/tammetalu.eu\\\/?s={search_term_string}\"},\"query-input\":{\"@type\":\"PropertyValueSpecification\",\"valueRequired\":true,\"valueName\":\"search_term_string\"}}],\"inLanguage\":\"en-US\"},{\"@type\":\"Organization\",\"@id\":\"https:\\\/\\\/tammetalu.eu\\\/#organization\",\"name\":\"Tamme talu \u00fcrdiaed\",\"alternateName\":\"Tamme talu\",\"url\":\"https:\\\/\\\/tammetalu.eu\\\/\",\"logo\":{\"@type\":\"ImageObject\",\"inLanguage\":\"en-US\",\"@id\":\"https:\\\/\\\/tammetalu.eu\\\/#\\\/schema\\\/logo\\\/image\\\/\",\"url\":\"https:\\\/\\\/tammetalu.eu\\\/wp-content\\\/uploads\\\/2025\\\/01\\\/Tamme_talu_urdiaed.png\",\"contentUrl\":\"https:\\\/\\\/tammetalu.eu\\\/wp-content\\\/uploads\\\/2025\\\/01\\\/Tamme_talu_urdiaed.png\",\"width\":560,\"height\":560,\"caption\":\"Tamme talu \u00fcrdiaed\"},\"image\":{\"@id\":\"https:\\\/\\\/tammetalu.eu\\\/#\\\/schema\\\/logo\\\/image\\\/\"},\"sameAs\":[\"https:\\\/\\\/www.facebook.com\\\/TammeTaluUrdiaed\\\/?locale=et_EE\",\"https:\\\/\\\/www.instagram.com\\\/tammetaluurdiaed\\\/\"]}]}<\/script>\n<!-- \/ Yoast SEO plugin. -->","yoast_head_json":{"title":"M\u00e4giarnika - Tamme talu \u00fcrdiaed","robots":{"index":"index","follow":"follow","max-snippet":"max-snippet:-1","max-image-preview":"max-image-preview:large","max-video-preview":"max-video-preview:-1"},"canonical":"https:\/\/tammetalu.eu\/toode\/magiarnika\/","og_locale":"en_US","og_type":"article","og_title":"M\u00e4giarnika - Tamme talu \u00fcrdiaed","og_description":"Arnica montana  M\u00e4giarnika on looduslikult levinud\u00a0Euroopa m\u00e4gedes, lisaks veel L\u00f5una-Venemaal ja Kesk-Aasias.Eestis kasvatatakse harva ilutaimena. Kasvab meelsamini 500\u20132500 m k\u00f5rgusel m\u00e4gistel niitudel. Muld peaks pigem olema v\u00e4heviljakas ja happeline.  M\u00e4giarnika on 20\u201360 cm k\u00f5rgune mitmeaastane rohttaim. Lehed on ovaalsed \u00fcmara tipuga, alumine pool on tumeroheline. Lehed paiknevad maapinna ligidal leherosetina. Varred on karvased. \u00d5ied on erekollased kiirjad ja\u00a0karikakra\u00f5ite moodi.  M\u00e4giarnikat on lihtne kasvatada, kuna taim talub erinevaid mullatingimusi. Muld v\u00f5ib olla liivane v\u00f5i savine. Ideaalne muld on liiva, savi ja turba segu. M\u00e4giarnika eelistab v\u00e4heviljakat ja vett l\u00e4bilaskvat mulda. Muld peaks olema pidevalt niiske. pH v\u00f5ib mullal olla nii happeline, neutraalne kui ka aluseline, kuid eelistab pigem happelist pinnast. Saab kasvada ka v\u00e4ga happelises mullas. M\u00e4giarnikale sobib valgusk\u00fcllane kasvukoht.  M\u00e4giarnika \u00f5itseb juulist augustini. \u00d5isi koos\u00a0tupplehtedega v\u00f5ib koguda juunist augustini. Juuri on parim aeg koguda kevadel (aprillis) ja s\u00fcgisel (oktoobris).  Ettevaatust, taim on m\u00fcrgine ja s\u00f6\u00f6giks ei k\u00f5lba! M\u00e4giarnika on antibiootiline, p\u00f5letikuvastane, inotroopne, trombots\u00fc\u00fctidevastane, reumavastane ja valu vaigistav.\u00a0Tarvitatakse v\u00e4lispidiselt paisete, verevalumite,\u00a0reuma, podagra, lihasevalu, suulimaskestap\u00f5letike ja putukahammustuste korral.","og_url":"https:\/\/tammetalu.eu\/toode\/magiarnika\/","og_site_name":"Tamme talu \u00fcrdiaed","article_publisher":"https:\/\/www.facebook.com\/TammeTaluUrdiaed\/?locale=et_EE","article_modified_time":"2026-05-04T05:49:34+00:00","og_image":[{"width":600,"height":540,"url":"https:\/\/tammetalu.eu\/wp-content\/uploads\/2023\/04\/Magiarnika-Arnica-montana-tamme-talu-urdiaed.jpg","type":"image\/jpeg"}],"twitter_card":"summary_large_image","twitter_misc":{"Est. reading time":"1 minute"},"schema":{"@context":"https:\/\/schema.org","@graph":[{"@type":"WebPage","@id":"https:\/\/tammetalu.eu\/toode\/magiarnika\/","url":"https:\/\/tammetalu.eu\/toode\/magiarnika\/","name":"M\u00e4giarnika - Tamme talu \u00fcrdiaed","isPartOf":{"@id":"https:\/\/tammetalu.eu\/#website"},"primaryImageOfPage":{"@id":"https:\/\/tammetalu.eu\/toode\/magiarnika\/#primaryimage"},"image":{"@id":"https:\/\/tammetalu.eu\/toode\/magiarnika\/#primaryimage"},"thumbnailUrl":"https:\/\/tammetalu.eu\/wp-content\/uploads\/2023\/04\/Magiarnika-Arnica-montana-tamme-talu-urdiaed.jpg","datePublished":"2023-04-11T16:51:51+00:00","dateModified":"2026-05-04T05:49:34+00:00","breadcrumb":{"@id":"https:\/\/tammetalu.eu\/toode\/magiarnika\/#breadcrumb"},"inLanguage":"en-US","potentialAction":[{"@type":"ReadAction","target":["https:\/\/tammetalu.eu\/toode\/magiarnika\/"]}]},{"@type":"ImageObject","inLanguage":"en-US","@id":"https:\/\/tammetalu.eu\/toode\/magiarnika\/#primaryimage","url":"https:\/\/tammetalu.eu\/wp-content\/uploads\/2023\/04\/Magiarnika-Arnica-montana-tamme-talu-urdiaed.jpg","contentUrl":"https:\/\/tammetalu.eu\/wp-content\/uploads\/2023\/04\/Magiarnika-Arnica-montana-tamme-talu-urdiaed.jpg","width":600,"height":540,"caption":"Magiarnika-Arnica-montana-tamme-talu-urdiaed"},{"@type":"BreadcrumbList","@id":"https:\/\/tammetalu.eu\/toode\/magiarnika\/#breadcrumb","itemListElement":[{"@type":"ListItem","position":1,"name":"Home","item":"https:\/\/tammetalu.eu\/en\/esileht-eng\/"},{"@type":"ListItem","position":2,"name":"Shop","item":"https:\/\/tammetalu.eu\/en\/shop\/"},{"@type":"ListItem","position":3,"name":"M\u00e4giarnika"}]},{"@type":"WebSite","@id":"https:\/\/tammetalu.eu\/#website","url":"https:\/\/tammetalu.eu\/","name":"Tamme talu \u00fcrdiaed","description":"K\u00e4sit\u00f6\u00f6na valmistatud tooted \u00fcrtidest, \u00fcrdiistikud, \u00fcrtide kollektsioonaed","publisher":{"@id":"https:\/\/tammetalu.eu\/#organization"},"alternateName":"Tamme talu","potentialAction":[{"@type":"SearchAction","target":{"@type":"EntryPoint","urlTemplate":"https:\/\/tammetalu.eu\/?s={search_term_string}"},"query-input":{"@type":"PropertyValueSpecification","valueRequired":true,"valueName":"search_term_string"}}],"inLanguage":"en-US"},{"@type":"Organization","@id":"https:\/\/tammetalu.eu\/#organization","name":"Tamme talu \u00fcrdiaed","alternateName":"Tamme talu","url":"https:\/\/tammetalu.eu\/","logo":{"@type":"ImageObject","inLanguage":"en-US","@id":"https:\/\/tammetalu.eu\/#\/schema\/logo\/image\/","url":"https:\/\/tammetalu.eu\/wp-content\/uploads\/2025\/01\/Tamme_talu_urdiaed.png","contentUrl":"https:\/\/tammetalu.eu\/wp-content\/uploads\/2025\/01\/Tamme_talu_urdiaed.png","width":560,"height":560,"caption":"Tamme talu \u00fcrdiaed"},"image":{"@id":"https:\/\/tammetalu.eu\/#\/schema\/logo\/image\/"},"sameAs":["https:\/\/www.facebook.com\/TammeTaluUrdiaed\/?locale=et_EE","https:\/\/www.instagram.com\/tammetaluurdiaed\/"]}]}},"_links":{"self":[{"href":"https:\/\/tammetalu.eu\/en\/wp-json\/wp\/v2\/product\/17836","targetHints":{"allow":["GET"]}}],"collection":[{"href":"https:\/\/tammetalu.eu\/en\/wp-json\/wp\/v2\/product"}],"about":[{"href":"https:\/\/tammetalu.eu\/en\/wp-json\/wp\/v2\/types\/product"}],"wp:featuredmedia":[{"embeddable":true,"href":"https:\/\/tammetalu.eu\/en\/wp-json\/wp\/v2\/media\/17837"}],"wp:attachment":[{"href":"https:\/\/tammetalu.eu\/en\/wp-json\/wp\/v2\/media?parent=17836"}],"wp:term":[{"taxonomy":"product_brand","embeddable":true,"href":"https:\/\/tammetalu.eu\/en\/wp-json\/wp\/v2\/product_brand?post=17836"},{"taxonomy":"product_cat","embeddable":true,"href":"https:\/\/tammetalu.eu\/en\/wp-json\/wp\/v2\/product_cat?post=17836"},{"taxonomy":"product_tag","embeddable":true,"href":"https:\/\/tammetalu.eu\/en\/wp-json\/wp\/v2\/product_tag?post=17836"}],"curies":[{"name":"wp","href":"https:\/\/api.w.org\/{rel}","templated":true}]}}