{"id":17879,"date":"2023-04-12T16:09:33","date_gmt":"2023-04-12T13:09:33","guid":{"rendered":"https:\/\/tammetalu.eu\/?post_type=product&#038;p=17879"},"modified":"2026-05-04T08:49:32","modified_gmt":"2026-05-04T05:49:32","slug":"roomav-akakapsas","status":"publish","type":"product","link":"https:\/\/tammetalu.eu\/en\/product\/roomav-akakapsas\/","title":{"rendered":"Roomav akakapsas"},"content":{"rendered":"","protected":false},"excerpt":{"rendered":"<p><em>Ajuga reptans<\/em><\/p>\n<p>Roomav akakapsas on pea igihaljas kena v\u00e4limusega, v\u00e4ga vastupidav ja v\u00e4hen\u00f5udlik ilutaim, mille lehed ja \u00f5ied on lisaks ilule ka s\u00f6\u00f6davad. Maitse on veidi m\u00f5rkjas, kuid salatitesse ja garneerimiseks sobivad akakapsa lehed suurep\u00e4raselt. Akakapsaid saab kasutada iseseisva r\u00f5\u00f5msa v\u00e4rvilaiguna, suuremate taimede taustaks v\u00f5i kasvatada madalates aiavaasides. Parim kasvukoht on parasniiske muld ja poolvarjuline kuni varjuline kasvukoht. Kuid kui mullas on piisavalt niiskust, siis saab akakapsas hakkama ka lausp\u00e4ikeses, moodustades ilusa tiheda padjandi\u00a0 K\u00f5rgus kuni 15 cm.<\/p>\n<p>Rahvameditsiinis on taime kasutatud verejooksude peatamiseks ja mitmete kopsuhaiguste ravis.<\/p>\n","protected":false},"featured_media":17880,"template":"","meta":{"_acf_changed":false,"_et_pb_use_builder":"","_et_pb_old_content":"","_et_gb_content_width":"","inline_featured_image":false},"product_brand":[],"product_cat":[213,186],"product_tag":[],"class_list":{"0":"post-17879","1":"product","2":"type-product","3":"status-publish","4":"has-post-thumbnail","6":"product_cat-akakapsad","7":"product_cat-maitse-ja-ravimtaimede-istikud","9":"first","10":"outofstock","11":"taxable","12":"shipping-taxable","13":"purchasable","14":"product-type-simple"},"acf":[],"yoast_head":"<!-- This site is optimized with the Yoast SEO plugin v27.5 - https:\/\/yoast.com\/product\/yoast-seo-wordpress\/ -->\n<title>Roomav akakapsas - Tamme talu \u00fcrdiaed<\/title>\n<meta name=\"robots\" content=\"index, follow, max-snippet:-1, max-image-preview:large, max-video-preview:-1\" \/>\n<link rel=\"canonical\" href=\"https:\/\/tammetalu.eu\/toode\/roomav-akakapsas\/\" \/>\n<meta property=\"og:locale\" content=\"en_US\" \/>\n<meta property=\"og:type\" content=\"article\" \/>\n<meta property=\"og:title\" content=\"Roomav akakapsas - Tamme talu \u00fcrdiaed\" \/>\n<meta property=\"og:description\" content=\"Ajuga reptans  Roomav akakapsas on pea igihaljas kena v\u00e4limusega, v\u00e4ga vastupidav ja v\u00e4hen\u00f5udlik ilutaim, mille lehed ja \u00f5ied on lisaks ilule ka s\u00f6\u00f6davad. Maitse on veidi m\u00f5rkjas, kuid salatitesse ja garneerimiseks sobivad akakapsa lehed suurep\u00e4raselt. Akakapsaid saab kasutada iseseisva r\u00f5\u00f5msa v\u00e4rvilaiguna, suuremate taimede taustaks v\u00f5i kasvatada madalates aiavaasides. Parim kasvukoht on parasniiske muld ja poolvarjuline kuni varjuline kasvukoht. Kuid kui mullas on piisavalt niiskust, siis saab akakapsas hakkama ka lausp\u00e4ikeses, moodustades ilusa tiheda padjandi\u00a0 K\u00f5rgus kuni 15 cm.  Rahvameditsiinis on taime kasutatud verejooksude peatamiseks ja mitmete kopsuhaiguste ravis.\" \/>\n<meta property=\"og:url\" content=\"https:\/\/tammetalu.eu\/toode\/roomav-akakapsas\/\" \/>\n<meta property=\"og:site_name\" content=\"Tamme talu \u00fcrdiaed\" \/>\n<meta property=\"article:publisher\" content=\"https:\/\/www.facebook.com\/TammeTaluUrdiaed\/?locale=et_EE\" \/>\n<meta property=\"article:modified_time\" content=\"2026-05-04T05:49:32+00:00\" \/>\n<meta property=\"og:image\" content=\"https:\/\/tammetalu.eu\/wp-content\/uploads\/2023\/04\/Roomav-akakapsas-Ajuga-reptans-tamme-talu-urdiaed.jpg\" \/>\n\t<meta property=\"og:image:width\" content=\"600\" \/>\n\t<meta property=\"og:image:height\" content=\"400\" \/>\n\t<meta property=\"og:image:type\" content=\"image\/jpeg\" \/>\n<meta name=\"twitter:card\" content=\"summary_large_image\" \/>\n<meta name=\"twitter:label1\" content=\"Est. reading time\" \/>\n\t<meta name=\"twitter:data1\" content=\"1 minute\" \/>\n<script type=\"application\/ld+json\" class=\"yoast-schema-graph\">{\"@context\":\"https:\\\/\\\/schema.org\",\"@graph\":[{\"@type\":\"WebPage\",\"@id\":\"https:\\\/\\\/tammetalu.eu\\\/toode\\\/roomav-akakapsas\\\/\",\"url\":\"https:\\\/\\\/tammetalu.eu\\\/toode\\\/roomav-akakapsas\\\/\",\"name\":\"Roomav akakapsas - Tamme talu \u00fcrdiaed\",\"isPartOf\":{\"@id\":\"https:\\\/\\\/tammetalu.eu\\\/#website\"},\"primaryImageOfPage\":{\"@id\":\"https:\\\/\\\/tammetalu.eu\\\/toode\\\/roomav-akakapsas\\\/#primaryimage\"},\"image\":{\"@id\":\"https:\\\/\\\/tammetalu.eu\\\/toode\\\/roomav-akakapsas\\\/#primaryimage\"},\"thumbnailUrl\":\"https:\\\/\\\/tammetalu.eu\\\/wp-content\\\/uploads\\\/2023\\\/04\\\/Roomav-akakapsas-Ajuga-reptans-tamme-talu-urdiaed.jpg\",\"datePublished\":\"2023-04-12T13:09:33+00:00\",\"dateModified\":\"2026-05-04T05:49:32+00:00\",\"breadcrumb\":{\"@id\":\"https:\\\/\\\/tammetalu.eu\\\/toode\\\/roomav-akakapsas\\\/#breadcrumb\"},\"inLanguage\":\"en-US\",\"potentialAction\":[{\"@type\":\"ReadAction\",\"target\":[\"https:\\\/\\\/tammetalu.eu\\\/toode\\\/roomav-akakapsas\\\/\"]}]},{\"@type\":\"ImageObject\",\"inLanguage\":\"en-US\",\"@id\":\"https:\\\/\\\/tammetalu.eu\\\/toode\\\/roomav-akakapsas\\\/#primaryimage\",\"url\":\"https:\\\/\\\/tammetalu.eu\\\/wp-content\\\/uploads\\\/2023\\\/04\\\/Roomav-akakapsas-Ajuga-reptans-tamme-talu-urdiaed.jpg\",\"contentUrl\":\"https:\\\/\\\/tammetalu.eu\\\/wp-content\\\/uploads\\\/2023\\\/04\\\/Roomav-akakapsas-Ajuga-reptans-tamme-talu-urdiaed.jpg\",\"width\":600,\"height\":400,\"caption\":\"Roomav-akakapsas-Ajuga-reptans-tamme-talu-urdiaed\"},{\"@type\":\"BreadcrumbList\",\"@id\":\"https:\\\/\\\/tammetalu.eu\\\/toode\\\/roomav-akakapsas\\\/#breadcrumb\",\"itemListElement\":[{\"@type\":\"ListItem\",\"position\":1,\"name\":\"Home\",\"item\":\"https:\\\/\\\/tammetalu.eu\\\/en\\\/esileht-eng\\\/\"},{\"@type\":\"ListItem\",\"position\":2,\"name\":\"Shop\",\"item\":\"https:\\\/\\\/tammetalu.eu\\\/en\\\/shop\\\/\"},{\"@type\":\"ListItem\",\"position\":3,\"name\":\"Roomav akakapsas\"}]},{\"@type\":\"WebSite\",\"@id\":\"https:\\\/\\\/tammetalu.eu\\\/#website\",\"url\":\"https:\\\/\\\/tammetalu.eu\\\/\",\"name\":\"Tamme talu \u00fcrdiaed\",\"description\":\"K\u00e4sit\u00f6\u00f6na valmistatud tooted \u00fcrtidest, \u00fcrdiistikud, \u00fcrtide kollektsioonaed\",\"publisher\":{\"@id\":\"https:\\\/\\\/tammetalu.eu\\\/#organization\"},\"alternateName\":\"Tamme talu\",\"potentialAction\":[{\"@type\":\"SearchAction\",\"target\":{\"@type\":\"EntryPoint\",\"urlTemplate\":\"https:\\\/\\\/tammetalu.eu\\\/?s={search_term_string}\"},\"query-input\":{\"@type\":\"PropertyValueSpecification\",\"valueRequired\":true,\"valueName\":\"search_term_string\"}}],\"inLanguage\":\"en-US\"},{\"@type\":\"Organization\",\"@id\":\"https:\\\/\\\/tammetalu.eu\\\/#organization\",\"name\":\"Tamme talu \u00fcrdiaed\",\"alternateName\":\"Tamme talu\",\"url\":\"https:\\\/\\\/tammetalu.eu\\\/\",\"logo\":{\"@type\":\"ImageObject\",\"inLanguage\":\"en-US\",\"@id\":\"https:\\\/\\\/tammetalu.eu\\\/#\\\/schema\\\/logo\\\/image\\\/\",\"url\":\"https:\\\/\\\/tammetalu.eu\\\/wp-content\\\/uploads\\\/2025\\\/01\\\/Tamme_talu_urdiaed.png\",\"contentUrl\":\"https:\\\/\\\/tammetalu.eu\\\/wp-content\\\/uploads\\\/2025\\\/01\\\/Tamme_talu_urdiaed.png\",\"width\":560,\"height\":560,\"caption\":\"Tamme talu \u00fcrdiaed\"},\"image\":{\"@id\":\"https:\\\/\\\/tammetalu.eu\\\/#\\\/schema\\\/logo\\\/image\\\/\"},\"sameAs\":[\"https:\\\/\\\/www.facebook.com\\\/TammeTaluUrdiaed\\\/?locale=et_EE\",\"https:\\\/\\\/www.instagram.com\\\/tammetaluurdiaed\\\/\"]}]}<\/script>\n<!-- \/ Yoast SEO plugin. -->","yoast_head_json":{"title":"Roomav akakapsas - Tamme talu \u00fcrdiaed","robots":{"index":"index","follow":"follow","max-snippet":"max-snippet:-1","max-image-preview":"max-image-preview:large","max-video-preview":"max-video-preview:-1"},"canonical":"https:\/\/tammetalu.eu\/toode\/roomav-akakapsas\/","og_locale":"en_US","og_type":"article","og_title":"Roomav akakapsas - Tamme talu \u00fcrdiaed","og_description":"Ajuga reptans  Roomav akakapsas on pea igihaljas kena v\u00e4limusega, v\u00e4ga vastupidav ja v\u00e4hen\u00f5udlik ilutaim, mille lehed ja \u00f5ied on lisaks ilule ka s\u00f6\u00f6davad. Maitse on veidi m\u00f5rkjas, kuid salatitesse ja garneerimiseks sobivad akakapsa lehed suurep\u00e4raselt. Akakapsaid saab kasutada iseseisva r\u00f5\u00f5msa v\u00e4rvilaiguna, suuremate taimede taustaks v\u00f5i kasvatada madalates aiavaasides. Parim kasvukoht on parasniiske muld ja poolvarjuline kuni varjuline kasvukoht. Kuid kui mullas on piisavalt niiskust, siis saab akakapsas hakkama ka lausp\u00e4ikeses, moodustades ilusa tiheda padjandi\u00a0 K\u00f5rgus kuni 15 cm.  Rahvameditsiinis on taime kasutatud verejooksude peatamiseks ja mitmete kopsuhaiguste ravis.","og_url":"https:\/\/tammetalu.eu\/toode\/roomav-akakapsas\/","og_site_name":"Tamme talu \u00fcrdiaed","article_publisher":"https:\/\/www.facebook.com\/TammeTaluUrdiaed\/?locale=et_EE","article_modified_time":"2026-05-04T05:49:32+00:00","og_image":[{"width":600,"height":400,"url":"https:\/\/tammetalu.eu\/wp-content\/uploads\/2023\/04\/Roomav-akakapsas-Ajuga-reptans-tamme-talu-urdiaed.jpg","type":"image\/jpeg"}],"twitter_card":"summary_large_image","twitter_misc":{"Est. reading time":"1 minute"},"schema":{"@context":"https:\/\/schema.org","@graph":[{"@type":"WebPage","@id":"https:\/\/tammetalu.eu\/toode\/roomav-akakapsas\/","url":"https:\/\/tammetalu.eu\/toode\/roomav-akakapsas\/","name":"Roomav akakapsas - Tamme talu \u00fcrdiaed","isPartOf":{"@id":"https:\/\/tammetalu.eu\/#website"},"primaryImageOfPage":{"@id":"https:\/\/tammetalu.eu\/toode\/roomav-akakapsas\/#primaryimage"},"image":{"@id":"https:\/\/tammetalu.eu\/toode\/roomav-akakapsas\/#primaryimage"},"thumbnailUrl":"https:\/\/tammetalu.eu\/wp-content\/uploads\/2023\/04\/Roomav-akakapsas-Ajuga-reptans-tamme-talu-urdiaed.jpg","datePublished":"2023-04-12T13:09:33+00:00","dateModified":"2026-05-04T05:49:32+00:00","breadcrumb":{"@id":"https:\/\/tammetalu.eu\/toode\/roomav-akakapsas\/#breadcrumb"},"inLanguage":"en-US","potentialAction":[{"@type":"ReadAction","target":["https:\/\/tammetalu.eu\/toode\/roomav-akakapsas\/"]}]},{"@type":"ImageObject","inLanguage":"en-US","@id":"https:\/\/tammetalu.eu\/toode\/roomav-akakapsas\/#primaryimage","url":"https:\/\/tammetalu.eu\/wp-content\/uploads\/2023\/04\/Roomav-akakapsas-Ajuga-reptans-tamme-talu-urdiaed.jpg","contentUrl":"https:\/\/tammetalu.eu\/wp-content\/uploads\/2023\/04\/Roomav-akakapsas-Ajuga-reptans-tamme-talu-urdiaed.jpg","width":600,"height":400,"caption":"Roomav-akakapsas-Ajuga-reptans-tamme-talu-urdiaed"},{"@type":"BreadcrumbList","@id":"https:\/\/tammetalu.eu\/toode\/roomav-akakapsas\/#breadcrumb","itemListElement":[{"@type":"ListItem","position":1,"name":"Home","item":"https:\/\/tammetalu.eu\/en\/esileht-eng\/"},{"@type":"ListItem","position":2,"name":"Shop","item":"https:\/\/tammetalu.eu\/en\/shop\/"},{"@type":"ListItem","position":3,"name":"Roomav akakapsas"}]},{"@type":"WebSite","@id":"https:\/\/tammetalu.eu\/#website","url":"https:\/\/tammetalu.eu\/","name":"Tamme talu \u00fcrdiaed","description":"K\u00e4sit\u00f6\u00f6na valmistatud tooted \u00fcrtidest, \u00fcrdiistikud, \u00fcrtide kollektsioonaed","publisher":{"@id":"https:\/\/tammetalu.eu\/#organization"},"alternateName":"Tamme talu","potentialAction":[{"@type":"SearchAction","target":{"@type":"EntryPoint","urlTemplate":"https:\/\/tammetalu.eu\/?s={search_term_string}"},"query-input":{"@type":"PropertyValueSpecification","valueRequired":true,"valueName":"search_term_string"}}],"inLanguage":"en-US"},{"@type":"Organization","@id":"https:\/\/tammetalu.eu\/#organization","name":"Tamme talu \u00fcrdiaed","alternateName":"Tamme talu","url":"https:\/\/tammetalu.eu\/","logo":{"@type":"ImageObject","inLanguage":"en-US","@id":"https:\/\/tammetalu.eu\/#\/schema\/logo\/image\/","url":"https:\/\/tammetalu.eu\/wp-content\/uploads\/2025\/01\/Tamme_talu_urdiaed.png","contentUrl":"https:\/\/tammetalu.eu\/wp-content\/uploads\/2025\/01\/Tamme_talu_urdiaed.png","width":560,"height":560,"caption":"Tamme talu \u00fcrdiaed"},"image":{"@id":"https:\/\/tammetalu.eu\/#\/schema\/logo\/image\/"},"sameAs":["https:\/\/www.facebook.com\/TammeTaluUrdiaed\/?locale=et_EE","https:\/\/www.instagram.com\/tammetaluurdiaed\/"]}]}},"_links":{"self":[{"href":"https:\/\/tammetalu.eu\/en\/wp-json\/wp\/v2\/product\/17879","targetHints":{"allow":["GET"]}}],"collection":[{"href":"https:\/\/tammetalu.eu\/en\/wp-json\/wp\/v2\/product"}],"about":[{"href":"https:\/\/tammetalu.eu\/en\/wp-json\/wp\/v2\/types\/product"}],"wp:featuredmedia":[{"embeddable":true,"href":"https:\/\/tammetalu.eu\/en\/wp-json\/wp\/v2\/media\/17880"}],"wp:attachment":[{"href":"https:\/\/tammetalu.eu\/en\/wp-json\/wp\/v2\/media?parent=17879"}],"wp:term":[{"taxonomy":"product_brand","embeddable":true,"href":"https:\/\/tammetalu.eu\/en\/wp-json\/wp\/v2\/product_brand?post=17879"},{"taxonomy":"product_cat","embeddable":true,"href":"https:\/\/tammetalu.eu\/en\/wp-json\/wp\/v2\/product_cat?post=17879"},{"taxonomy":"product_tag","embeddable":true,"href":"https:\/\/tammetalu.eu\/en\/wp-json\/wp\/v2\/product_tag?post=17879"}],"curies":[{"name":"wp","href":"https:\/\/api.w.org\/{rel}","templated":true}]}}