{"id":17884,"date":"2023-04-12T16:13:23","date_gmt":"2023-04-12T13:13:23","guid":{"rendered":"https:\/\/tammetalu.eu\/?post_type=product&#038;p=17884"},"modified":"2026-03-31T16:20:41","modified_gmt":"2026-03-31T13:20:41","slug":"seenemaitseline-rungia","status":"publish","type":"product","link":"https:\/\/tammetalu.eu\/en\/product\/seenemaitseline-rungia\/","title":{"rendered":"Seenemaitseline rungia Rungia klossii"},"content":{"rendered":"","protected":false},"excerpt":{"rendered":"<p><em>Rungia klossii<\/em><\/p>\n<p><span style=\"font-weight: 400\">V\u00e4ga p\u00f5nev seene maitse ja l\u00f5hnaga taim.\u00a0<\/span><span style=\"font-weight: 400\">V\u00e4liselt basiilikut meenutav taim on p\u00e4rit\u00a0<\/span><span style=\"font-weight: 400\">Paapua Uus-Guineast.\u00a0 Seenel\u00f5hnalised <\/span><span style=\"font-weight: 400\">lehed on paksemad kui basiilikulehed. Rungia kasvab 40-60 cm k\u00f5rguseks. Kasvatamiseks sobib tavaline \u00fcrdi- v\u00f5i toataimede muld. Kastmisega peab ainult hoolas olema, sest seenemaitseline rungia on v\u00e4ga veen\u00f5udlik, seega kastmisega tuleb hoolas olla, ka talvel. Ei talu pidevat lausp\u00e4ikest, lehed vajuvad longu v\u00f5i kolletuvad hoopis. On taim, mis kasvab v\u00e4ga h\u00e4sti varjus v\u00f5i poolvarjulises kasvukohas.\u00a0<\/span><\/p>\n<p><span style=\"font-weight: 400\">Seenemaitselise rungia lehed sobivad smuutidesse,v\u00e4rsketele salatitele, hautatud <\/span><span style=\"font-weight: 400\">k\u00f6\u00f6giviljale, suppidele, omletile ja kastmetele lisa<\/span><span style=\"font-weight: 400\">miseks. Iseloomulik seenemaitse v\u00f5imen<\/span><span style=\"font-weight: 400\">dub taime kuumutades.<\/span><\/p>\n<p><span style=\"font-weight: 400\">Sobib potitaimena kasva<\/span><span style=\"font-weight: 400\">tamiseks, kuna on soojan\u00f5udlik. Seenemaitselist rungiat saab talvel siseruumides edasi kasvatada kui tavalist v\u00e4hen\u00f5udlikku toataime ja siis ka tarvitamiseks taimelt lehti noppida. Rungia lehed sisaldavad C ja A vitamiini, rauda ning mineraalaineid. Lisaks \u00fcllatab rungia meid talvel oma s\u00fcgavsiniste \u00f5itega. Kevadel v\u00f5iks taime veidi k\u00e4rpida, siis muutub taim j\u00e4lle tihedaks ilusaks p\u00f5\u00f5sakeseks. Paljundada saab taime k\u00f5ige h\u00f5lpsamalt pistikutega. Seenemaitseline rungia on kindlasti \u00fcks sellistest taimedest, mida soovitan kasvatada.<\/span><\/p>\n","protected":false},"featured_media":17885,"template":"","meta":{"_acf_changed":false,"_et_pb_use_builder":"","_et_pb_old_content":"","_et_gb_content_width":"","inline_featured_image":false},"product_brand":[],"product_cat":[186,200],"product_tag":[],"class_list":{"0":"post-17884","1":"product","2":"type-product","3":"status-publish","4":"has-post-thumbnail","6":"product_cat-maitse-ja-ravimtaimede-istikud","7":"product_cat-muud-maitsetaimed","9":"first","10":"instock","11":"sale","12":"taxable","13":"shipping-taxable","14":"purchasable","15":"product-type-simple"},"acf":[],"yoast_head":"<!-- This site is optimized with the Yoast SEO plugin v26.4 - https:\/\/yoast.com\/wordpress\/plugins\/seo\/ -->\n<title>Seenemaitseline rungia Rungia klossii - Tamme talu \u00fcrdiaed<\/title>\n<meta name=\"robots\" content=\"index, follow, max-snippet:-1, max-image-preview:large, max-video-preview:-1\" \/>\n<link rel=\"canonical\" href=\"https:\/\/tammetalu.eu\/toode\/seenemaitseline-rungia\/\" \/>\n<meta property=\"og:locale\" content=\"en_US\" \/>\n<meta property=\"og:type\" content=\"article\" \/>\n<meta property=\"og:title\" content=\"Seenemaitseline rungia Rungia klossii - Tamme talu \u00fcrdiaed\" \/>\n<meta property=\"og:description\" content=\"Rungia klossii  V\u00e4ga p\u00f5nev seene maitse ja l\u00f5hnaga taim.\u00a0V\u00e4liselt basiilikut meenutav taim on p\u00e4rit\u00a0Paapua Uus-Guineast.\u00a0 Seenel\u00f5hnalised lehed on paksemad kui basiilikulehed. Rungia kasvab 40-60 cm k\u00f5rguseks. Kasvatamiseks sobib tavaline \u00fcrdi- v\u00f5i toataimede muld. Kastmisega peab ainult hoolas olema, sest seenemaitseline rungia on v\u00e4ga veen\u00f5udlik, seega kastmisega tuleb hoolas olla, ka talvel. Ei talu pidevat lausp\u00e4ikest, lehed vajuvad longu v\u00f5i kolletuvad hoopis. On taim, mis kasvab v\u00e4ga h\u00e4sti varjus v\u00f5i poolvarjulises kasvukohas.\u00a0  Seenemaitselise rungia lehed sobivad smuutidesse,v\u00e4rsketele salatitele, hautatud k\u00f6\u00f6giviljale, suppidele, omletile ja kastmetele lisamiseks. Iseloomulik seenemaitse v\u00f5imendub taime kuumutades.  Sobib potitaimena kasvatamiseks, kuna on soojan\u00f5udlik. Seenemaitselist rungiat saab talvel siseruumides edasi kasvatada kui tavalist v\u00e4hen\u00f5udlikku toataime ja siis ka tarvitamiseks taimelt lehti noppida. Rungia lehed sisaldavad C ja A vitamiini, rauda ning mineraalaineid. Lisaks \u00fcllatab rungia meid talvel oma s\u00fcgavsiniste \u00f5itega. Kevadel v\u00f5iks taime veidi k\u00e4rpida, siis muutub taim j\u00e4lle tihedaks ilusaks p\u00f5\u00f5sakeseks. Paljundada saab taime k\u00f5ige h\u00f5lpsamalt pistikutega. Seenemaitseline rungia on kindlasti \u00fcks sellistest taimedest, mida soovitan kasvatada.\" \/>\n<meta property=\"og:url\" content=\"https:\/\/tammetalu.eu\/toode\/seenemaitseline-rungia\/\" \/>\n<meta property=\"og:site_name\" content=\"Tamme talu \u00fcrdiaed\" \/>\n<meta property=\"article:publisher\" content=\"https:\/\/www.facebook.com\/TammeTaluUrdiaed\/?locale=et_EE\" \/>\n<meta property=\"article:modified_time\" content=\"2026-03-31T13:20:41+00:00\" \/>\n<meta property=\"og:image\" content=\"https:\/\/tammetalu.eu\/wp-content\/uploads\/2023\/04\/Seenemaitseline-rungia-Rungia-klossii-tamme-talu-urdiaed.jpg\" \/>\n\t<meta property=\"og:image:width\" content=\"500\" \/>\n\t<meta property=\"og:image:height\" content=\"333\" \/>\n\t<meta property=\"og:image:type\" content=\"image\/jpeg\" \/>\n<meta name=\"twitter:card\" content=\"summary_large_image\" \/>\n<meta name=\"twitter:label1\" content=\"Est. reading time\" \/>\n\t<meta name=\"twitter:data1\" content=\"1 minute\" \/>\n<script type=\"application\/ld+json\" class=\"yoast-schema-graph\">{\"@context\":\"https:\/\/schema.org\",\"@graph\":[{\"@type\":\"WebPage\",\"@id\":\"https:\/\/tammetalu.eu\/toode\/seenemaitseline-rungia\/\",\"url\":\"https:\/\/tammetalu.eu\/toode\/seenemaitseline-rungia\/\",\"name\":\"Seenemaitseline rungia Rungia klossii - Tamme talu \u00fcrdiaed\",\"isPartOf\":{\"@id\":\"https:\/\/tammetalu.eu\/#website\"},\"primaryImageOfPage\":{\"@id\":\"https:\/\/tammetalu.eu\/toode\/seenemaitseline-rungia\/#primaryimage\"},\"image\":{\"@id\":\"https:\/\/tammetalu.eu\/toode\/seenemaitseline-rungia\/#primaryimage\"},\"thumbnailUrl\":\"https:\/\/tammetalu.eu\/wp-content\/uploads\/2023\/04\/Seenemaitseline-rungia-Rungia-klossii-tamme-talu-urdiaed.jpg\",\"datePublished\":\"2023-04-12T13:13:23+00:00\",\"dateModified\":\"2026-03-31T13:20:41+00:00\",\"breadcrumb\":{\"@id\":\"https:\/\/tammetalu.eu\/toode\/seenemaitseline-rungia\/#breadcrumb\"},\"inLanguage\":\"en-US\",\"potentialAction\":[{\"@type\":\"ReadAction\",\"target\":[\"https:\/\/tammetalu.eu\/toode\/seenemaitseline-rungia\/\"]}]},{\"@type\":\"ImageObject\",\"inLanguage\":\"en-US\",\"@id\":\"https:\/\/tammetalu.eu\/toode\/seenemaitseline-rungia\/#primaryimage\",\"url\":\"https:\/\/tammetalu.eu\/wp-content\/uploads\/2023\/04\/Seenemaitseline-rungia-Rungia-klossii-tamme-talu-urdiaed.jpg\",\"contentUrl\":\"https:\/\/tammetalu.eu\/wp-content\/uploads\/2023\/04\/Seenemaitseline-rungia-Rungia-klossii-tamme-talu-urdiaed.jpg\",\"width\":500,\"height\":333,\"caption\":\"Seenemaitseline-rungia-Rungia-klossii-tamme-talu-urdiaed\"},{\"@type\":\"BreadcrumbList\",\"@id\":\"https:\/\/tammetalu.eu\/toode\/seenemaitseline-rungia\/#breadcrumb\",\"itemListElement\":[{\"@type\":\"ListItem\",\"position\":1,\"name\":\"Home\",\"item\":\"https:\/\/tammetalu.eu\/en\/esileht-eng\/\"},{\"@type\":\"ListItem\",\"position\":2,\"name\":\"Shop\",\"item\":\"https:\/\/tammetalu.eu\/en\/shop\/\"},{\"@type\":\"ListItem\",\"position\":3,\"name\":\"Seenemaitseline rungia Rungia klossii\"}]},{\"@type\":\"WebSite\",\"@id\":\"https:\/\/tammetalu.eu\/#website\",\"url\":\"https:\/\/tammetalu.eu\/\",\"name\":\"Tamme talu \u00fcrdiaed\",\"description\":\"K\u00e4sit\u00f6\u00f6na valmistatud tooted \u00fcrtidest, \u00fcrdiistikud, \u00fcrtide kollektsioonaed\",\"publisher\":{\"@id\":\"https:\/\/tammetalu.eu\/#organization\"},\"alternateName\":\"Tamme talu\",\"potentialAction\":[{\"@type\":\"SearchAction\",\"target\":{\"@type\":\"EntryPoint\",\"urlTemplate\":\"https:\/\/tammetalu.eu\/?s={search_term_string}\"},\"query-input\":{\"@type\":\"PropertyValueSpecification\",\"valueRequired\":true,\"valueName\":\"search_term_string\"}}],\"inLanguage\":\"en-US\"},{\"@type\":\"Organization\",\"@id\":\"https:\/\/tammetalu.eu\/#organization\",\"name\":\"Tamme talu \u00fcrdiaed\",\"alternateName\":\"Tamme talu\",\"url\":\"https:\/\/tammetalu.eu\/\",\"logo\":{\"@type\":\"ImageObject\",\"inLanguage\":\"en-US\",\"@id\":\"https:\/\/tammetalu.eu\/#\/schema\/logo\/image\/\",\"url\":\"https:\/\/tammetalu.eu\/wp-content\/uploads\/2025\/01\/Tamme_talu_urdiaed.png\",\"contentUrl\":\"https:\/\/tammetalu.eu\/wp-content\/uploads\/2025\/01\/Tamme_talu_urdiaed.png\",\"width\":560,\"height\":560,\"caption\":\"Tamme talu \u00fcrdiaed\"},\"image\":{\"@id\":\"https:\/\/tammetalu.eu\/#\/schema\/logo\/image\/\"},\"sameAs\":[\"https:\/\/www.facebook.com\/TammeTaluUrdiaed\/?locale=et_EE\",\"https:\/\/www.instagram.com\/tammetaluurdiaed\/\"]}]}<\/script>\n<!-- \/ Yoast SEO plugin. -->","yoast_head_json":{"title":"Seenemaitseline rungia Rungia klossii - Tamme talu \u00fcrdiaed","robots":{"index":"index","follow":"follow","max-snippet":"max-snippet:-1","max-image-preview":"max-image-preview:large","max-video-preview":"max-video-preview:-1"},"canonical":"https:\/\/tammetalu.eu\/toode\/seenemaitseline-rungia\/","og_locale":"en_US","og_type":"article","og_title":"Seenemaitseline rungia Rungia klossii - Tamme talu \u00fcrdiaed","og_description":"Rungia klossii  V\u00e4ga p\u00f5nev seene maitse ja l\u00f5hnaga taim.\u00a0V\u00e4liselt basiilikut meenutav taim on p\u00e4rit\u00a0Paapua Uus-Guineast.\u00a0 Seenel\u00f5hnalised lehed on paksemad kui basiilikulehed. Rungia kasvab 40-60 cm k\u00f5rguseks. Kasvatamiseks sobib tavaline \u00fcrdi- v\u00f5i toataimede muld. Kastmisega peab ainult hoolas olema, sest seenemaitseline rungia on v\u00e4ga veen\u00f5udlik, seega kastmisega tuleb hoolas olla, ka talvel. Ei talu pidevat lausp\u00e4ikest, lehed vajuvad longu v\u00f5i kolletuvad hoopis. On taim, mis kasvab v\u00e4ga h\u00e4sti varjus v\u00f5i poolvarjulises kasvukohas.\u00a0  Seenemaitselise rungia lehed sobivad smuutidesse,v\u00e4rsketele salatitele, hautatud k\u00f6\u00f6giviljale, suppidele, omletile ja kastmetele lisamiseks. Iseloomulik seenemaitse v\u00f5imendub taime kuumutades.  Sobib potitaimena kasvatamiseks, kuna on soojan\u00f5udlik. Seenemaitselist rungiat saab talvel siseruumides edasi kasvatada kui tavalist v\u00e4hen\u00f5udlikku toataime ja siis ka tarvitamiseks taimelt lehti noppida. Rungia lehed sisaldavad C ja A vitamiini, rauda ning mineraalaineid. Lisaks \u00fcllatab rungia meid talvel oma s\u00fcgavsiniste \u00f5itega. Kevadel v\u00f5iks taime veidi k\u00e4rpida, siis muutub taim j\u00e4lle tihedaks ilusaks p\u00f5\u00f5sakeseks. Paljundada saab taime k\u00f5ige h\u00f5lpsamalt pistikutega. Seenemaitseline rungia on kindlasti \u00fcks sellistest taimedest, mida soovitan kasvatada.","og_url":"https:\/\/tammetalu.eu\/toode\/seenemaitseline-rungia\/","og_site_name":"Tamme talu \u00fcrdiaed","article_publisher":"https:\/\/www.facebook.com\/TammeTaluUrdiaed\/?locale=et_EE","article_modified_time":"2026-03-31T13:20:41+00:00","og_image":[{"width":500,"height":333,"url":"https:\/\/tammetalu.eu\/wp-content\/uploads\/2023\/04\/Seenemaitseline-rungia-Rungia-klossii-tamme-talu-urdiaed.jpg","type":"image\/jpeg"}],"twitter_card":"summary_large_image","twitter_misc":{"Est. reading time":"1 minute"},"schema":{"@context":"https:\/\/schema.org","@graph":[{"@type":"WebPage","@id":"https:\/\/tammetalu.eu\/toode\/seenemaitseline-rungia\/","url":"https:\/\/tammetalu.eu\/toode\/seenemaitseline-rungia\/","name":"Seenemaitseline rungia Rungia klossii - Tamme talu \u00fcrdiaed","isPartOf":{"@id":"https:\/\/tammetalu.eu\/#website"},"primaryImageOfPage":{"@id":"https:\/\/tammetalu.eu\/toode\/seenemaitseline-rungia\/#primaryimage"},"image":{"@id":"https:\/\/tammetalu.eu\/toode\/seenemaitseline-rungia\/#primaryimage"},"thumbnailUrl":"https:\/\/tammetalu.eu\/wp-content\/uploads\/2023\/04\/Seenemaitseline-rungia-Rungia-klossii-tamme-talu-urdiaed.jpg","datePublished":"2023-04-12T13:13:23+00:00","dateModified":"2026-03-31T13:20:41+00:00","breadcrumb":{"@id":"https:\/\/tammetalu.eu\/toode\/seenemaitseline-rungia\/#breadcrumb"},"inLanguage":"en-US","potentialAction":[{"@type":"ReadAction","target":["https:\/\/tammetalu.eu\/toode\/seenemaitseline-rungia\/"]}]},{"@type":"ImageObject","inLanguage":"en-US","@id":"https:\/\/tammetalu.eu\/toode\/seenemaitseline-rungia\/#primaryimage","url":"https:\/\/tammetalu.eu\/wp-content\/uploads\/2023\/04\/Seenemaitseline-rungia-Rungia-klossii-tamme-talu-urdiaed.jpg","contentUrl":"https:\/\/tammetalu.eu\/wp-content\/uploads\/2023\/04\/Seenemaitseline-rungia-Rungia-klossii-tamme-talu-urdiaed.jpg","width":500,"height":333,"caption":"Seenemaitseline-rungia-Rungia-klossii-tamme-talu-urdiaed"},{"@type":"BreadcrumbList","@id":"https:\/\/tammetalu.eu\/toode\/seenemaitseline-rungia\/#breadcrumb","itemListElement":[{"@type":"ListItem","position":1,"name":"Home","item":"https:\/\/tammetalu.eu\/en\/esileht-eng\/"},{"@type":"ListItem","position":2,"name":"Shop","item":"https:\/\/tammetalu.eu\/en\/shop\/"},{"@type":"ListItem","position":3,"name":"Seenemaitseline rungia Rungia klossii"}]},{"@type":"WebSite","@id":"https:\/\/tammetalu.eu\/#website","url":"https:\/\/tammetalu.eu\/","name":"Tamme talu \u00fcrdiaed","description":"K\u00e4sit\u00f6\u00f6na valmistatud tooted \u00fcrtidest, \u00fcrdiistikud, \u00fcrtide kollektsioonaed","publisher":{"@id":"https:\/\/tammetalu.eu\/#organization"},"alternateName":"Tamme talu","potentialAction":[{"@type":"SearchAction","target":{"@type":"EntryPoint","urlTemplate":"https:\/\/tammetalu.eu\/?s={search_term_string}"},"query-input":{"@type":"PropertyValueSpecification","valueRequired":true,"valueName":"search_term_string"}}],"inLanguage":"en-US"},{"@type":"Organization","@id":"https:\/\/tammetalu.eu\/#organization","name":"Tamme talu \u00fcrdiaed","alternateName":"Tamme talu","url":"https:\/\/tammetalu.eu\/","logo":{"@type":"ImageObject","inLanguage":"en-US","@id":"https:\/\/tammetalu.eu\/#\/schema\/logo\/image\/","url":"https:\/\/tammetalu.eu\/wp-content\/uploads\/2025\/01\/Tamme_talu_urdiaed.png","contentUrl":"https:\/\/tammetalu.eu\/wp-content\/uploads\/2025\/01\/Tamme_talu_urdiaed.png","width":560,"height":560,"caption":"Tamme talu \u00fcrdiaed"},"image":{"@id":"https:\/\/tammetalu.eu\/#\/schema\/logo\/image\/"},"sameAs":["https:\/\/www.facebook.com\/TammeTaluUrdiaed\/?locale=et_EE","https:\/\/www.instagram.com\/tammetaluurdiaed\/"]}]}},"_links":{"self":[{"href":"https:\/\/tammetalu.eu\/en\/wp-json\/wp\/v2\/product\/17884","targetHints":{"allow":["GET"]}}],"collection":[{"href":"https:\/\/tammetalu.eu\/en\/wp-json\/wp\/v2\/product"}],"about":[{"href":"https:\/\/tammetalu.eu\/en\/wp-json\/wp\/v2\/types\/product"}],"wp:featuredmedia":[{"embeddable":true,"href":"https:\/\/tammetalu.eu\/en\/wp-json\/wp\/v2\/media\/17885"}],"wp:attachment":[{"href":"https:\/\/tammetalu.eu\/en\/wp-json\/wp\/v2\/media?parent=17884"}],"wp:term":[{"taxonomy":"product_brand","embeddable":true,"href":"https:\/\/tammetalu.eu\/en\/wp-json\/wp\/v2\/product_brand?post=17884"},{"taxonomy":"product_cat","embeddable":true,"href":"https:\/\/tammetalu.eu\/en\/wp-json\/wp\/v2\/product_cat?post=17884"},{"taxonomy":"product_tag","embeddable":true,"href":"https:\/\/tammetalu.eu\/en\/wp-json\/wp\/v2\/product_tag?post=17884"}],"curies":[{"name":"wp","href":"https:\/\/api.w.org\/{rel}","templated":true}]}}