{"id":17919,"date":"2023-04-12T16:34:17","date_gmt":"2023-04-12T13:34:17","guid":{"rendered":"https:\/\/tammetalu.eu\/?post_type=product&#038;p=17919"},"modified":"2026-05-04T08:49:32","modified_gmt":"2026-05-04T05:49:32","slug":"tervelehine-marjamalts","status":"publish","type":"product","link":"https:\/\/tammetalu.eu\/en\/product\/tervelehine-marjamalts\/","title":{"rendered":"Tervelehine marjamalts"},"content":{"rendered":"","protected":false},"excerpt":{"rendered":"<p><em>Blitum bonus-henricus<\/em><\/p>\n<p>Juba sajandeid Euroopa k\u00f6\u00f6giviljaaedades kasvatatud rohtne talvekindel p\u00fcsik, Eestis kahjuks harva kultiveeritav taime raske k\u00e4ttesaadavause ja v\u00e4hese tuntuse t\u00f5ttu. Lisaks ametlikule nimele tervelehine marjamalts tuntakse taime rahvusvaheliselt\u00a0 laiemalt levinud nimedega Good King Henry v\u00f5i Bonus Henricus\u00a0 mida paljudes keeltes t\u00f5lgitakse hea v\u00f5i uhke Henrik. Igas v\u00e4hegi liigirohkes k\u00f6\u00f6givilja- v\u00f5i \u00fcrdiaias v\u00f5iks taim esindatud olla, kuna selleks on \u00fcsna mitu head p\u00f5hjust: tervelehist marjamaltsa saab kasutada terve hooaja jooksul, h\u00e4id salatitaimi ei ole k\u00f6\u00f6giviljaaias kunagi liiga palju ja v\u00e4limuski on taimel t\u00e4itsa kena. Kasvab kuni 80 cm k\u00f5rguseks tihedaks puhmikuks, on leplik kasvutingimuste suhtes ja nii agressiivselt, kui muidu erinevad \u00fcheaastased maltsad, ei paljune kunagi.<\/p>\n<p>Toiduks tarvitatakse tervelehisel marjamaltsal k\u00f5iki rohtseid osasid. Neid v\u00f5ib s\u00fc\u00fca toorelt v\u00f5i l\u00fchiajaliselt kuumt\u00f6\u00f6delda. Ikka selleks, et s\u00e4iliksid k\u00f5ik taimes leiduvad vitamiinid ja mineraalid. Tervelehisest marjamaltsast v\u00f5ib valmistada hautisi, lisada salatitele ja suppidele.<\/p>\n<p>&nbsp;<\/p>\n","protected":false},"featured_media":17924,"template":"","meta":{"_acf_changed":false,"_et_pb_use_builder":"","_et_pb_old_content":"","_et_gb_content_width":"","inline_featured_image":false},"product_brand":[],"product_cat":[186,200],"product_tag":[],"class_list":{"0":"post-17919","1":"product","2":"type-product","3":"status-publish","4":"has-post-thumbnail","6":"product_cat-maitse-ja-ravimtaimede-istikud","7":"product_cat-muud-maitsetaimed","9":"first","10":"instock","11":"taxable","12":"shipping-taxable","13":"purchasable","14":"product-type-simple"},"acf":[],"yoast_head":"<!-- This site is optimized with the Yoast SEO plugin v27.5 - https:\/\/yoast.com\/product\/yoast-seo-wordpress\/ -->\n<title>Tervelehine marjamalts - Tamme talu \u00fcrdiaed<\/title>\n<meta name=\"robots\" content=\"index, follow, max-snippet:-1, max-image-preview:large, max-video-preview:-1\" \/>\n<link rel=\"canonical\" href=\"https:\/\/tammetalu.eu\/toode\/tervelehine-marjamalts\/\" \/>\n<meta property=\"og:locale\" content=\"en_US\" \/>\n<meta property=\"og:type\" content=\"article\" \/>\n<meta property=\"og:title\" content=\"Tervelehine marjamalts - Tamme talu \u00fcrdiaed\" \/>\n<meta property=\"og:description\" content=\"Blitum bonus-henricus  Juba sajandeid Euroopa k\u00f6\u00f6giviljaaedades kasvatatud rohtne talvekindel p\u00fcsik, Eestis kahjuks harva kultiveeritav taime raske k\u00e4ttesaadavause ja v\u00e4hese tuntuse t\u00f5ttu. Lisaks ametlikule nimele tervelehine marjamalts tuntakse taime rahvusvaheliselt\u00a0 laiemalt levinud nimedega Good King Henry v\u00f5i Bonus Henricus\u00a0 mida paljudes keeltes t\u00f5lgitakse hea v\u00f5i uhke Henrik. Igas v\u00e4hegi liigirohkes k\u00f6\u00f6givilja- v\u00f5i \u00fcrdiaias v\u00f5iks taim esindatud olla, kuna selleks on \u00fcsna mitu head p\u00f5hjust: tervelehist marjamaltsa saab kasutada terve hooaja jooksul, h\u00e4id salatitaimi ei ole k\u00f6\u00f6giviljaaias kunagi liiga palju ja v\u00e4limuski on taimel t\u00e4itsa kena. Kasvab kuni 80 cm k\u00f5rguseks tihedaks puhmikuks, on leplik kasvutingimuste suhtes ja nii agressiivselt, kui muidu erinevad \u00fcheaastased maltsad, ei paljune kunagi.  Toiduks tarvitatakse tervelehisel marjamaltsal k\u00f5iki rohtseid osasid. Neid v\u00f5ib s\u00fc\u00fca toorelt v\u00f5i l\u00fchiajaliselt kuumt\u00f6\u00f6delda. Ikka selleks, et s\u00e4iliksid k\u00f5ik taimes leiduvad vitamiinid ja mineraalid. Tervelehisest marjamaltsast v\u00f5ib valmistada hautisi, lisada salatitele ja suppidele.  &nbsp;\" \/>\n<meta property=\"og:url\" content=\"https:\/\/tammetalu.eu\/toode\/tervelehine-marjamalts\/\" \/>\n<meta property=\"og:site_name\" content=\"Tamme talu \u00fcrdiaed\" \/>\n<meta property=\"article:publisher\" content=\"https:\/\/www.facebook.com\/TammeTaluUrdiaed\/?locale=et_EE\" \/>\n<meta property=\"article:modified_time\" content=\"2026-05-04T05:49:32+00:00\" \/>\n<meta property=\"og:image\" content=\"https:\/\/tammetalu.eu\/wp-content\/uploads\/2023\/04\/Tervelehine_-marjamalts_Blitum_bonus-henricus_tamme_talu_urdiaed.jpg\" \/>\n\t<meta property=\"og:image:width\" content=\"979\" \/>\n\t<meta property=\"og:image:height\" content=\"1024\" \/>\n\t<meta property=\"og:image:type\" content=\"image\/jpeg\" \/>\n<meta name=\"twitter:card\" content=\"summary_large_image\" \/>\n<meta name=\"twitter:label1\" content=\"Est. reading time\" \/>\n\t<meta name=\"twitter:data1\" content=\"1 minute\" \/>\n<script type=\"application\/ld+json\" class=\"yoast-schema-graph\">{\"@context\":\"https:\\\/\\\/schema.org\",\"@graph\":[{\"@type\":\"WebPage\",\"@id\":\"https:\\\/\\\/tammetalu.eu\\\/toode\\\/tervelehine-marjamalts\\\/\",\"url\":\"https:\\\/\\\/tammetalu.eu\\\/toode\\\/tervelehine-marjamalts\\\/\",\"name\":\"Tervelehine marjamalts - Tamme talu \u00fcrdiaed\",\"isPartOf\":{\"@id\":\"https:\\\/\\\/tammetalu.eu\\\/#website\"},\"primaryImageOfPage\":{\"@id\":\"https:\\\/\\\/tammetalu.eu\\\/toode\\\/tervelehine-marjamalts\\\/#primaryimage\"},\"image\":{\"@id\":\"https:\\\/\\\/tammetalu.eu\\\/toode\\\/tervelehine-marjamalts\\\/#primaryimage\"},\"thumbnailUrl\":\"https:\\\/\\\/tammetalu.eu\\\/wp-content\\\/uploads\\\/2023\\\/04\\\/Tervelehine_-marjamalts_Blitum_bonus-henricus_tamme_talu_urdiaed.jpg\",\"datePublished\":\"2023-04-12T13:34:17+00:00\",\"dateModified\":\"2026-05-04T05:49:32+00:00\",\"breadcrumb\":{\"@id\":\"https:\\\/\\\/tammetalu.eu\\\/toode\\\/tervelehine-marjamalts\\\/#breadcrumb\"},\"inLanguage\":\"en-US\",\"potentialAction\":[{\"@type\":\"ReadAction\",\"target\":[\"https:\\\/\\\/tammetalu.eu\\\/toode\\\/tervelehine-marjamalts\\\/\"]}]},{\"@type\":\"ImageObject\",\"inLanguage\":\"en-US\",\"@id\":\"https:\\\/\\\/tammetalu.eu\\\/toode\\\/tervelehine-marjamalts\\\/#primaryimage\",\"url\":\"https:\\\/\\\/tammetalu.eu\\\/wp-content\\\/uploads\\\/2023\\\/04\\\/Tervelehine_-marjamalts_Blitum_bonus-henricus_tamme_talu_urdiaed.jpg\",\"contentUrl\":\"https:\\\/\\\/tammetalu.eu\\\/wp-content\\\/uploads\\\/2023\\\/04\\\/Tervelehine_-marjamalts_Blitum_bonus-henricus_tamme_talu_urdiaed.jpg\",\"width\":979,\"height\":1024,\"caption\":\"Tervelehine_-marjamalts_Blitum_bonus-henricus_tamme_talu_urdiaed\"},{\"@type\":\"BreadcrumbList\",\"@id\":\"https:\\\/\\\/tammetalu.eu\\\/toode\\\/tervelehine-marjamalts\\\/#breadcrumb\",\"itemListElement\":[{\"@type\":\"ListItem\",\"position\":1,\"name\":\"Home\",\"item\":\"https:\\\/\\\/tammetalu.eu\\\/en\\\/esileht-eng\\\/\"},{\"@type\":\"ListItem\",\"position\":2,\"name\":\"Shop\",\"item\":\"https:\\\/\\\/tammetalu.eu\\\/en\\\/shop\\\/\"},{\"@type\":\"ListItem\",\"position\":3,\"name\":\"Tervelehine marjamalts\"}]},{\"@type\":\"WebSite\",\"@id\":\"https:\\\/\\\/tammetalu.eu\\\/#website\",\"url\":\"https:\\\/\\\/tammetalu.eu\\\/\",\"name\":\"Tamme talu \u00fcrdiaed\",\"description\":\"K\u00e4sit\u00f6\u00f6na valmistatud tooted \u00fcrtidest, \u00fcrdiistikud, \u00fcrtide kollektsioonaed\",\"publisher\":{\"@id\":\"https:\\\/\\\/tammetalu.eu\\\/#organization\"},\"alternateName\":\"Tamme talu\",\"potentialAction\":[{\"@type\":\"SearchAction\",\"target\":{\"@type\":\"EntryPoint\",\"urlTemplate\":\"https:\\\/\\\/tammetalu.eu\\\/?s={search_term_string}\"},\"query-input\":{\"@type\":\"PropertyValueSpecification\",\"valueRequired\":true,\"valueName\":\"search_term_string\"}}],\"inLanguage\":\"en-US\"},{\"@type\":\"Organization\",\"@id\":\"https:\\\/\\\/tammetalu.eu\\\/#organization\",\"name\":\"Tamme talu \u00fcrdiaed\",\"alternateName\":\"Tamme talu\",\"url\":\"https:\\\/\\\/tammetalu.eu\\\/\",\"logo\":{\"@type\":\"ImageObject\",\"inLanguage\":\"en-US\",\"@id\":\"https:\\\/\\\/tammetalu.eu\\\/#\\\/schema\\\/logo\\\/image\\\/\",\"url\":\"https:\\\/\\\/tammetalu.eu\\\/wp-content\\\/uploads\\\/2025\\\/01\\\/Tamme_talu_urdiaed.png\",\"contentUrl\":\"https:\\\/\\\/tammetalu.eu\\\/wp-content\\\/uploads\\\/2025\\\/01\\\/Tamme_talu_urdiaed.png\",\"width\":560,\"height\":560,\"caption\":\"Tamme talu \u00fcrdiaed\"},\"image\":{\"@id\":\"https:\\\/\\\/tammetalu.eu\\\/#\\\/schema\\\/logo\\\/image\\\/\"},\"sameAs\":[\"https:\\\/\\\/www.facebook.com\\\/TammeTaluUrdiaed\\\/?locale=et_EE\",\"https:\\\/\\\/www.instagram.com\\\/tammetaluurdiaed\\\/\"]}]}<\/script>\n<!-- \/ Yoast SEO plugin. -->","yoast_head_json":{"title":"Tervelehine marjamalts - Tamme talu \u00fcrdiaed","robots":{"index":"index","follow":"follow","max-snippet":"max-snippet:-1","max-image-preview":"max-image-preview:large","max-video-preview":"max-video-preview:-1"},"canonical":"https:\/\/tammetalu.eu\/toode\/tervelehine-marjamalts\/","og_locale":"en_US","og_type":"article","og_title":"Tervelehine marjamalts - Tamme talu \u00fcrdiaed","og_description":"Blitum bonus-henricus  Juba sajandeid Euroopa k\u00f6\u00f6giviljaaedades kasvatatud rohtne talvekindel p\u00fcsik, Eestis kahjuks harva kultiveeritav taime raske k\u00e4ttesaadavause ja v\u00e4hese tuntuse t\u00f5ttu. Lisaks ametlikule nimele tervelehine marjamalts tuntakse taime rahvusvaheliselt\u00a0 laiemalt levinud nimedega Good King Henry v\u00f5i Bonus Henricus\u00a0 mida paljudes keeltes t\u00f5lgitakse hea v\u00f5i uhke Henrik. Igas v\u00e4hegi liigirohkes k\u00f6\u00f6givilja- v\u00f5i \u00fcrdiaias v\u00f5iks taim esindatud olla, kuna selleks on \u00fcsna mitu head p\u00f5hjust: tervelehist marjamaltsa saab kasutada terve hooaja jooksul, h\u00e4id salatitaimi ei ole k\u00f6\u00f6giviljaaias kunagi liiga palju ja v\u00e4limuski on taimel t\u00e4itsa kena. Kasvab kuni 80 cm k\u00f5rguseks tihedaks puhmikuks, on leplik kasvutingimuste suhtes ja nii agressiivselt, kui muidu erinevad \u00fcheaastased maltsad, ei paljune kunagi.  Toiduks tarvitatakse tervelehisel marjamaltsal k\u00f5iki rohtseid osasid. Neid v\u00f5ib s\u00fc\u00fca toorelt v\u00f5i l\u00fchiajaliselt kuumt\u00f6\u00f6delda. Ikka selleks, et s\u00e4iliksid k\u00f5ik taimes leiduvad vitamiinid ja mineraalid. Tervelehisest marjamaltsast v\u00f5ib valmistada hautisi, lisada salatitele ja suppidele.  &nbsp;","og_url":"https:\/\/tammetalu.eu\/toode\/tervelehine-marjamalts\/","og_site_name":"Tamme talu \u00fcrdiaed","article_publisher":"https:\/\/www.facebook.com\/TammeTaluUrdiaed\/?locale=et_EE","article_modified_time":"2026-05-04T05:49:32+00:00","og_image":[{"width":979,"height":1024,"url":"https:\/\/tammetalu.eu\/wp-content\/uploads\/2023\/04\/Tervelehine_-marjamalts_Blitum_bonus-henricus_tamme_talu_urdiaed.jpg","type":"image\/jpeg"}],"twitter_card":"summary_large_image","twitter_misc":{"Est. reading time":"1 minute"},"schema":{"@context":"https:\/\/schema.org","@graph":[{"@type":"WebPage","@id":"https:\/\/tammetalu.eu\/toode\/tervelehine-marjamalts\/","url":"https:\/\/tammetalu.eu\/toode\/tervelehine-marjamalts\/","name":"Tervelehine marjamalts - Tamme talu \u00fcrdiaed","isPartOf":{"@id":"https:\/\/tammetalu.eu\/#website"},"primaryImageOfPage":{"@id":"https:\/\/tammetalu.eu\/toode\/tervelehine-marjamalts\/#primaryimage"},"image":{"@id":"https:\/\/tammetalu.eu\/toode\/tervelehine-marjamalts\/#primaryimage"},"thumbnailUrl":"https:\/\/tammetalu.eu\/wp-content\/uploads\/2023\/04\/Tervelehine_-marjamalts_Blitum_bonus-henricus_tamme_talu_urdiaed.jpg","datePublished":"2023-04-12T13:34:17+00:00","dateModified":"2026-05-04T05:49:32+00:00","breadcrumb":{"@id":"https:\/\/tammetalu.eu\/toode\/tervelehine-marjamalts\/#breadcrumb"},"inLanguage":"en-US","potentialAction":[{"@type":"ReadAction","target":["https:\/\/tammetalu.eu\/toode\/tervelehine-marjamalts\/"]}]},{"@type":"ImageObject","inLanguage":"en-US","@id":"https:\/\/tammetalu.eu\/toode\/tervelehine-marjamalts\/#primaryimage","url":"https:\/\/tammetalu.eu\/wp-content\/uploads\/2023\/04\/Tervelehine_-marjamalts_Blitum_bonus-henricus_tamme_talu_urdiaed.jpg","contentUrl":"https:\/\/tammetalu.eu\/wp-content\/uploads\/2023\/04\/Tervelehine_-marjamalts_Blitum_bonus-henricus_tamme_talu_urdiaed.jpg","width":979,"height":1024,"caption":"Tervelehine_-marjamalts_Blitum_bonus-henricus_tamme_talu_urdiaed"},{"@type":"BreadcrumbList","@id":"https:\/\/tammetalu.eu\/toode\/tervelehine-marjamalts\/#breadcrumb","itemListElement":[{"@type":"ListItem","position":1,"name":"Home","item":"https:\/\/tammetalu.eu\/en\/esileht-eng\/"},{"@type":"ListItem","position":2,"name":"Shop","item":"https:\/\/tammetalu.eu\/en\/shop\/"},{"@type":"ListItem","position":3,"name":"Tervelehine marjamalts"}]},{"@type":"WebSite","@id":"https:\/\/tammetalu.eu\/#website","url":"https:\/\/tammetalu.eu\/","name":"Tamme talu \u00fcrdiaed","description":"K\u00e4sit\u00f6\u00f6na valmistatud tooted \u00fcrtidest, \u00fcrdiistikud, \u00fcrtide kollektsioonaed","publisher":{"@id":"https:\/\/tammetalu.eu\/#organization"},"alternateName":"Tamme talu","potentialAction":[{"@type":"SearchAction","target":{"@type":"EntryPoint","urlTemplate":"https:\/\/tammetalu.eu\/?s={search_term_string}"},"query-input":{"@type":"PropertyValueSpecification","valueRequired":true,"valueName":"search_term_string"}}],"inLanguage":"en-US"},{"@type":"Organization","@id":"https:\/\/tammetalu.eu\/#organization","name":"Tamme talu \u00fcrdiaed","alternateName":"Tamme talu","url":"https:\/\/tammetalu.eu\/","logo":{"@type":"ImageObject","inLanguage":"en-US","@id":"https:\/\/tammetalu.eu\/#\/schema\/logo\/image\/","url":"https:\/\/tammetalu.eu\/wp-content\/uploads\/2025\/01\/Tamme_talu_urdiaed.png","contentUrl":"https:\/\/tammetalu.eu\/wp-content\/uploads\/2025\/01\/Tamme_talu_urdiaed.png","width":560,"height":560,"caption":"Tamme talu \u00fcrdiaed"},"image":{"@id":"https:\/\/tammetalu.eu\/#\/schema\/logo\/image\/"},"sameAs":["https:\/\/www.facebook.com\/TammeTaluUrdiaed\/?locale=et_EE","https:\/\/www.instagram.com\/tammetaluurdiaed\/"]}]}},"_links":{"self":[{"href":"https:\/\/tammetalu.eu\/en\/wp-json\/wp\/v2\/product\/17919","targetHints":{"allow":["GET"]}}],"collection":[{"href":"https:\/\/tammetalu.eu\/en\/wp-json\/wp\/v2\/product"}],"about":[{"href":"https:\/\/tammetalu.eu\/en\/wp-json\/wp\/v2\/types\/product"}],"wp:featuredmedia":[{"embeddable":true,"href":"https:\/\/tammetalu.eu\/en\/wp-json\/wp\/v2\/media\/17924"}],"wp:attachment":[{"href":"https:\/\/tammetalu.eu\/en\/wp-json\/wp\/v2\/media?parent=17919"}],"wp:term":[{"taxonomy":"product_brand","embeddable":true,"href":"https:\/\/tammetalu.eu\/en\/wp-json\/wp\/v2\/product_brand?post=17919"},{"taxonomy":"product_cat","embeddable":true,"href":"https:\/\/tammetalu.eu\/en\/wp-json\/wp\/v2\/product_cat?post=17919"},{"taxonomy":"product_tag","embeddable":true,"href":"https:\/\/tammetalu.eu\/en\/wp-json\/wp\/v2\/product_tag?post=17919"}],"curies":[{"name":"wp","href":"https:\/\/api.w.org\/{rel}","templated":true}]}}