{"id":17933,"date":"2023-04-12T16:42:05","date_gmt":"2023-04-12T13:42:05","guid":{"rendered":"https:\/\/tammetalu.eu\/?post_type=product&#038;p=17933"},"modified":"2026-05-04T08:49:32","modified_gmt":"2026-05-04T05:49:32","slug":"toruoieline-monarda-rose","status":"publish","type":"product","link":"https:\/\/tammetalu.eu\/en\/product\/toruoieline-monarda-rose\/","title":{"rendered":"Toru\u00f5ieline monarda Monarda fistulosa xtetraploid &#8220;Rose&#8221;"},"content":{"rendered":"","protected":false},"excerpt":{"rendered":"<p>Toru\u00f5ieline monarda Monarda fistulosa xtetraploid \u201cRose\u201d<\/p>\n<p>LAT: \u00a0<em>Monarda fistulosa xtetraploid <\/em>\u201cRose\u201d<\/p>\n<p>ENG: \u00a0 Bee balm &#8220;Rose\u201d<\/p>\n<p>RU: \u00a0M\u043e\u043d\u0430\u0440\u0434\u0430 &#8220;Rose\u201d<\/p>\n<p>FI:\u00a0 V\u00e4riminttu &#8220;Rose\u201d<\/p>\n<p>V\u00e4ga harva kasvatatav helelillade \u00f5isikute ja v\u00e4ga aromaatsete roosil\u00f5hnaliste lehtedega monarda, mis kasvab kuni 70 cm k\u00f5rguseks. Vajab enda \u00fcmber \u00f5hu head liikumist, kuna on tundlik liigsele seisvale niiskusele (jahukaste oht). Kasvab h\u00e4sti hea drenaa\u017eiga viljakas ja piisava mullaniiskusega kasvukohas p\u00e4ikeses v\u00f5i poolvarjus. Talvel on soovitav kaitsta taime liigniiskuse eest. \u00d5ied ja lehed sobivad h\u00e4sti salatitesse, nendest saab v\u00e4ga hea maitsega teed. Monardad meelitavad aeda liblikaid ja mesilasi, on head meetaimed. Kasvuks vajab vett l\u00e4bilaskvat parasniisket viljakat mulda ja p\u00e4ikeselist kuni poolvarjulist kasvukohta. Monardad on t\u00e4iesti talvekindlad, kuid \u00fcle kolme-nelja aasta vajavad uuendamist puhmiku jagamise teel. Monardad on \u00f5itsemise ajal liblikate ja mesilaste lemmikud. \u00d5itsevad juulist kuni augustini.<\/p>\n<p>Monardade lehti ja \u00f5isi v\u00f5ib kasutada k\u00f6\u00f6gis nii kuivatatuna kui v\u00e4rskelt. Lehed lisavad meeldivat v\u00fcrtsikust salatitele ja aedviljaroogadele. Maitse sobib kokku veel sea- ja linnulihast roogadega.<\/p>\n<p>Monardade \u00f5itest ja lehtedest valmistatud teed kasutatakse rahvameditsiinis k\u00f6ha ja k\u00fclmetuse puhul ja kui \u00f5htuse l\u00f5\u00f5gastava\u00a0 enne und joogina.<\/p>\n<p>K\u00f5rgus: kuni 0,7 m<\/p>\n<p>\u00d5itsemise aeg: VII-VIII<\/p>\n<p>Talvekindlus: Talvekindel<\/p>\n<p>Poti suurus: 9-12<\/p>\n<p>&nbsp;<\/p>\n","protected":false},"featured_media":17934,"template":"","meta":{"_acf_changed":false,"_et_pb_use_builder":"","_et_pb_old_content":"","_et_gb_content_width":"","inline_featured_image":false},"product_brand":[],"product_cat":[186,195],"product_tag":[],"class_list":{"0":"post-17933","1":"product","2":"type-product","3":"status-publish","4":"has-post-thumbnail","6":"product_cat-maitse-ja-ravimtaimede-istikud","7":"product_cat-monardad","9":"first","10":"outofstock","11":"taxable","12":"shipping-taxable","13":"purchasable","14":"product-type-simple"},"acf":[],"yoast_head":"<!-- This site is optimized with the Yoast SEO plugin v27.5 - https:\/\/yoast.com\/product\/yoast-seo-wordpress\/ -->\n<title>Toru\u00f5ieline monarda Monarda fistulosa xtetraploid &quot;Rose&quot; - Tamme talu \u00fcrdiaed<\/title>\n<meta name=\"robots\" content=\"index, follow, max-snippet:-1, max-image-preview:large, max-video-preview:-1\" \/>\n<link rel=\"canonical\" href=\"https:\/\/tammetalu.eu\/toode\/toruoieline-monarda-rose\/\" \/>\n<meta property=\"og:locale\" content=\"en_US\" \/>\n<meta property=\"og:type\" content=\"article\" \/>\n<meta property=\"og:title\" content=\"Toru\u00f5ieline monarda Monarda fistulosa xtetraploid &quot;Rose&quot; - Tamme talu \u00fcrdiaed\" \/>\n<meta property=\"og:description\" content=\"Toru\u00f5ieline monarda Monarda fistulosa xtetraploid \u201cRose\u201d  LAT: \u00a0Monarda fistulosa xtetraploid \u201cRose\u201d  ENG: \u00a0 Bee balm &quot;Rose\u201d  RU: \u00a0M\u043e\u043d\u0430\u0440\u0434\u0430 &quot;Rose\u201d  FI:\u00a0 V\u00e4riminttu &quot;Rose\u201d  V\u00e4ga harva kasvatatav helelillade \u00f5isikute ja v\u00e4ga aromaatsete roosil\u00f5hnaliste lehtedega monarda, mis kasvab kuni 70 cm k\u00f5rguseks. Vajab enda \u00fcmber \u00f5hu head liikumist, kuna on tundlik liigsele seisvale niiskusele (jahukaste oht). Kasvab h\u00e4sti hea drenaa\u017eiga viljakas ja piisava mullaniiskusega kasvukohas p\u00e4ikeses v\u00f5i poolvarjus. Talvel on soovitav kaitsta taime liigniiskuse eest. \u00d5ied ja lehed sobivad h\u00e4sti salatitesse, nendest saab v\u00e4ga hea maitsega teed. Monardad meelitavad aeda liblikaid ja mesilasi, on head meetaimed. Kasvuks vajab vett l\u00e4bilaskvat parasniisket viljakat mulda ja p\u00e4ikeselist kuni poolvarjulist kasvukohta. Monardad on t\u00e4iesti talvekindlad, kuid \u00fcle kolme-nelja aasta vajavad uuendamist puhmiku jagamise teel. Monardad on \u00f5itsemise ajal liblikate ja mesilaste lemmikud. \u00d5itsevad juulist kuni augustini.  Monardade lehti ja \u00f5isi v\u00f5ib kasutada k\u00f6\u00f6gis nii kuivatatuna kui v\u00e4rskelt. Lehed lisavad meeldivat v\u00fcrtsikust salatitele ja aedviljaroogadele. Maitse sobib kokku veel sea- ja linnulihast roogadega.  Monardade \u00f5itest ja lehtedest valmistatud teed kasutatakse rahvameditsiinis k\u00f6ha ja k\u00fclmetuse puhul ja kui \u00f5htuse l\u00f5\u00f5gastava\u00a0 enne und joogina.  K\u00f5rgus: kuni 0,7 m  \u00d5itsemise aeg: VII-VIII  Talvekindlus: Talvekindel  Poti suurus: 9-12  &nbsp;\" \/>\n<meta property=\"og:url\" content=\"https:\/\/tammetalu.eu\/toode\/toruoieline-monarda-rose\/\" \/>\n<meta property=\"og:site_name\" content=\"Tamme talu \u00fcrdiaed\" \/>\n<meta property=\"article:publisher\" content=\"https:\/\/www.facebook.com\/TammeTaluUrdiaed\/?locale=et_EE\" \/>\n<meta property=\"article:modified_time\" content=\"2026-05-04T05:49:32+00:00\" \/>\n<meta property=\"og:image\" content=\"https:\/\/tammetalu.eu\/wp-content\/uploads\/2023\/04\/Toruoieline_monarda_rose_Monarda_fistulosa_x_tetraploid_tamme_talu_urdiaed.jpg\" \/>\n\t<meta property=\"og:image:width\" content=\"853\" \/>\n\t<meta property=\"og:image:height\" content=\"1280\" \/>\n\t<meta property=\"og:image:type\" content=\"image\/jpeg\" \/>\n<meta name=\"twitter:card\" content=\"summary_large_image\" \/>\n<meta name=\"twitter:label1\" content=\"Est. reading time\" \/>\n\t<meta name=\"twitter:data1\" content=\"1 minute\" \/>\n<script type=\"application\/ld+json\" class=\"yoast-schema-graph\">{\"@context\":\"https:\\\/\\\/schema.org\",\"@graph\":[{\"@type\":\"WebPage\",\"@id\":\"https:\\\/\\\/tammetalu.eu\\\/toode\\\/toruoieline-monarda-rose\\\/\",\"url\":\"https:\\\/\\\/tammetalu.eu\\\/toode\\\/toruoieline-monarda-rose\\\/\",\"name\":\"Toru\u00f5ieline monarda Monarda fistulosa xtetraploid \\\"Rose\\\" - Tamme talu \u00fcrdiaed\",\"isPartOf\":{\"@id\":\"https:\\\/\\\/tammetalu.eu\\\/#website\"},\"primaryImageOfPage\":{\"@id\":\"https:\\\/\\\/tammetalu.eu\\\/toode\\\/toruoieline-monarda-rose\\\/#primaryimage\"},\"image\":{\"@id\":\"https:\\\/\\\/tammetalu.eu\\\/toode\\\/toruoieline-monarda-rose\\\/#primaryimage\"},\"thumbnailUrl\":\"https:\\\/\\\/tammetalu.eu\\\/wp-content\\\/uploads\\\/2023\\\/04\\\/Toruoieline_monarda_rose_Monarda_fistulosa_x_tetraploid_tamme_talu_urdiaed.jpg\",\"datePublished\":\"2023-04-12T13:42:05+00:00\",\"dateModified\":\"2026-05-04T05:49:32+00:00\",\"breadcrumb\":{\"@id\":\"https:\\\/\\\/tammetalu.eu\\\/toode\\\/toruoieline-monarda-rose\\\/#breadcrumb\"},\"inLanguage\":\"en-US\",\"potentialAction\":[{\"@type\":\"ReadAction\",\"target\":[\"https:\\\/\\\/tammetalu.eu\\\/toode\\\/toruoieline-monarda-rose\\\/\"]}]},{\"@type\":\"ImageObject\",\"inLanguage\":\"en-US\",\"@id\":\"https:\\\/\\\/tammetalu.eu\\\/toode\\\/toruoieline-monarda-rose\\\/#primaryimage\",\"url\":\"https:\\\/\\\/tammetalu.eu\\\/wp-content\\\/uploads\\\/2023\\\/04\\\/Toruoieline_monarda_rose_Monarda_fistulosa_x_tetraploid_tamme_talu_urdiaed.jpg\",\"contentUrl\":\"https:\\\/\\\/tammetalu.eu\\\/wp-content\\\/uploads\\\/2023\\\/04\\\/Toruoieline_monarda_rose_Monarda_fistulosa_x_tetraploid_tamme_talu_urdiaed.jpg\",\"width\":853,\"height\":1280,\"caption\":\"Toruoieline_monarda_rose_Monarda_fistulosa_x_tetraploid_tamme_talu_urdiaed\"},{\"@type\":\"BreadcrumbList\",\"@id\":\"https:\\\/\\\/tammetalu.eu\\\/toode\\\/toruoieline-monarda-rose\\\/#breadcrumb\",\"itemListElement\":[{\"@type\":\"ListItem\",\"position\":1,\"name\":\"Home\",\"item\":\"https:\\\/\\\/tammetalu.eu\\\/en\\\/esileht-eng\\\/\"},{\"@type\":\"ListItem\",\"position\":2,\"name\":\"Shop\",\"item\":\"https:\\\/\\\/tammetalu.eu\\\/en\\\/shop\\\/\"},{\"@type\":\"ListItem\",\"position\":3,\"name\":\"Toru\u00f5ieline monarda Monarda fistulosa xtetraploid &#8220;Rose&#8221;\"}]},{\"@type\":\"WebSite\",\"@id\":\"https:\\\/\\\/tammetalu.eu\\\/#website\",\"url\":\"https:\\\/\\\/tammetalu.eu\\\/\",\"name\":\"Tamme talu \u00fcrdiaed\",\"description\":\"K\u00e4sit\u00f6\u00f6na valmistatud tooted \u00fcrtidest, \u00fcrdiistikud, \u00fcrtide kollektsioonaed\",\"publisher\":{\"@id\":\"https:\\\/\\\/tammetalu.eu\\\/#organization\"},\"alternateName\":\"Tamme talu\",\"potentialAction\":[{\"@type\":\"SearchAction\",\"target\":{\"@type\":\"EntryPoint\",\"urlTemplate\":\"https:\\\/\\\/tammetalu.eu\\\/?s={search_term_string}\"},\"query-input\":{\"@type\":\"PropertyValueSpecification\",\"valueRequired\":true,\"valueName\":\"search_term_string\"}}],\"inLanguage\":\"en-US\"},{\"@type\":\"Organization\",\"@id\":\"https:\\\/\\\/tammetalu.eu\\\/#organization\",\"name\":\"Tamme talu \u00fcrdiaed\",\"alternateName\":\"Tamme talu\",\"url\":\"https:\\\/\\\/tammetalu.eu\\\/\",\"logo\":{\"@type\":\"ImageObject\",\"inLanguage\":\"en-US\",\"@id\":\"https:\\\/\\\/tammetalu.eu\\\/#\\\/schema\\\/logo\\\/image\\\/\",\"url\":\"https:\\\/\\\/tammetalu.eu\\\/wp-content\\\/uploads\\\/2025\\\/01\\\/Tamme_talu_urdiaed.png\",\"contentUrl\":\"https:\\\/\\\/tammetalu.eu\\\/wp-content\\\/uploads\\\/2025\\\/01\\\/Tamme_talu_urdiaed.png\",\"width\":560,\"height\":560,\"caption\":\"Tamme talu \u00fcrdiaed\"},\"image\":{\"@id\":\"https:\\\/\\\/tammetalu.eu\\\/#\\\/schema\\\/logo\\\/image\\\/\"},\"sameAs\":[\"https:\\\/\\\/www.facebook.com\\\/TammeTaluUrdiaed\\\/?locale=et_EE\",\"https:\\\/\\\/www.instagram.com\\\/tammetaluurdiaed\\\/\"]}]}<\/script>\n<!-- \/ Yoast SEO plugin. -->","yoast_head_json":{"title":"Toru\u00f5ieline monarda Monarda fistulosa xtetraploid \"Rose\" - Tamme talu \u00fcrdiaed","robots":{"index":"index","follow":"follow","max-snippet":"max-snippet:-1","max-image-preview":"max-image-preview:large","max-video-preview":"max-video-preview:-1"},"canonical":"https:\/\/tammetalu.eu\/toode\/toruoieline-monarda-rose\/","og_locale":"en_US","og_type":"article","og_title":"Toru\u00f5ieline monarda Monarda fistulosa xtetraploid \"Rose\" - Tamme talu \u00fcrdiaed","og_description":"Toru\u00f5ieline monarda Monarda fistulosa xtetraploid \u201cRose\u201d  LAT: \u00a0Monarda fistulosa xtetraploid \u201cRose\u201d  ENG: \u00a0 Bee balm \"Rose\u201d  RU: \u00a0M\u043e\u043d\u0430\u0440\u0434\u0430 \"Rose\u201d  FI:\u00a0 V\u00e4riminttu \"Rose\u201d  V\u00e4ga harva kasvatatav helelillade \u00f5isikute ja v\u00e4ga aromaatsete roosil\u00f5hnaliste lehtedega monarda, mis kasvab kuni 70 cm k\u00f5rguseks. Vajab enda \u00fcmber \u00f5hu head liikumist, kuna on tundlik liigsele seisvale niiskusele (jahukaste oht). Kasvab h\u00e4sti hea drenaa\u017eiga viljakas ja piisava mullaniiskusega kasvukohas p\u00e4ikeses v\u00f5i poolvarjus. Talvel on soovitav kaitsta taime liigniiskuse eest. \u00d5ied ja lehed sobivad h\u00e4sti salatitesse, nendest saab v\u00e4ga hea maitsega teed. Monardad meelitavad aeda liblikaid ja mesilasi, on head meetaimed. Kasvuks vajab vett l\u00e4bilaskvat parasniisket viljakat mulda ja p\u00e4ikeselist kuni poolvarjulist kasvukohta. Monardad on t\u00e4iesti talvekindlad, kuid \u00fcle kolme-nelja aasta vajavad uuendamist puhmiku jagamise teel. Monardad on \u00f5itsemise ajal liblikate ja mesilaste lemmikud. \u00d5itsevad juulist kuni augustini.  Monardade lehti ja \u00f5isi v\u00f5ib kasutada k\u00f6\u00f6gis nii kuivatatuna kui v\u00e4rskelt. Lehed lisavad meeldivat v\u00fcrtsikust salatitele ja aedviljaroogadele. Maitse sobib kokku veel sea- ja linnulihast roogadega.  Monardade \u00f5itest ja lehtedest valmistatud teed kasutatakse rahvameditsiinis k\u00f6ha ja k\u00fclmetuse puhul ja kui \u00f5htuse l\u00f5\u00f5gastava\u00a0 enne und joogina.  K\u00f5rgus: kuni 0,7 m  \u00d5itsemise aeg: VII-VIII  Talvekindlus: Talvekindel  Poti suurus: 9-12  &nbsp;","og_url":"https:\/\/tammetalu.eu\/toode\/toruoieline-monarda-rose\/","og_site_name":"Tamme talu \u00fcrdiaed","article_publisher":"https:\/\/www.facebook.com\/TammeTaluUrdiaed\/?locale=et_EE","article_modified_time":"2026-05-04T05:49:32+00:00","og_image":[{"width":853,"height":1280,"url":"https:\/\/tammetalu.eu\/wp-content\/uploads\/2023\/04\/Toruoieline_monarda_rose_Monarda_fistulosa_x_tetraploid_tamme_talu_urdiaed.jpg","type":"image\/jpeg"}],"twitter_card":"summary_large_image","twitter_misc":{"Est. reading time":"1 minute"},"schema":{"@context":"https:\/\/schema.org","@graph":[{"@type":"WebPage","@id":"https:\/\/tammetalu.eu\/toode\/toruoieline-monarda-rose\/","url":"https:\/\/tammetalu.eu\/toode\/toruoieline-monarda-rose\/","name":"Toru\u00f5ieline monarda Monarda fistulosa xtetraploid \"Rose\" - Tamme talu \u00fcrdiaed","isPartOf":{"@id":"https:\/\/tammetalu.eu\/#website"},"primaryImageOfPage":{"@id":"https:\/\/tammetalu.eu\/toode\/toruoieline-monarda-rose\/#primaryimage"},"image":{"@id":"https:\/\/tammetalu.eu\/toode\/toruoieline-monarda-rose\/#primaryimage"},"thumbnailUrl":"https:\/\/tammetalu.eu\/wp-content\/uploads\/2023\/04\/Toruoieline_monarda_rose_Monarda_fistulosa_x_tetraploid_tamme_talu_urdiaed.jpg","datePublished":"2023-04-12T13:42:05+00:00","dateModified":"2026-05-04T05:49:32+00:00","breadcrumb":{"@id":"https:\/\/tammetalu.eu\/toode\/toruoieline-monarda-rose\/#breadcrumb"},"inLanguage":"en-US","potentialAction":[{"@type":"ReadAction","target":["https:\/\/tammetalu.eu\/toode\/toruoieline-monarda-rose\/"]}]},{"@type":"ImageObject","inLanguage":"en-US","@id":"https:\/\/tammetalu.eu\/toode\/toruoieline-monarda-rose\/#primaryimage","url":"https:\/\/tammetalu.eu\/wp-content\/uploads\/2023\/04\/Toruoieline_monarda_rose_Monarda_fistulosa_x_tetraploid_tamme_talu_urdiaed.jpg","contentUrl":"https:\/\/tammetalu.eu\/wp-content\/uploads\/2023\/04\/Toruoieline_monarda_rose_Monarda_fistulosa_x_tetraploid_tamme_talu_urdiaed.jpg","width":853,"height":1280,"caption":"Toruoieline_monarda_rose_Monarda_fistulosa_x_tetraploid_tamme_talu_urdiaed"},{"@type":"BreadcrumbList","@id":"https:\/\/tammetalu.eu\/toode\/toruoieline-monarda-rose\/#breadcrumb","itemListElement":[{"@type":"ListItem","position":1,"name":"Home","item":"https:\/\/tammetalu.eu\/en\/esileht-eng\/"},{"@type":"ListItem","position":2,"name":"Shop","item":"https:\/\/tammetalu.eu\/en\/shop\/"},{"@type":"ListItem","position":3,"name":"Toru\u00f5ieline monarda Monarda fistulosa xtetraploid &#8220;Rose&#8221;"}]},{"@type":"WebSite","@id":"https:\/\/tammetalu.eu\/#website","url":"https:\/\/tammetalu.eu\/","name":"Tamme talu \u00fcrdiaed","description":"K\u00e4sit\u00f6\u00f6na valmistatud tooted \u00fcrtidest, \u00fcrdiistikud, \u00fcrtide kollektsioonaed","publisher":{"@id":"https:\/\/tammetalu.eu\/#organization"},"alternateName":"Tamme talu","potentialAction":[{"@type":"SearchAction","target":{"@type":"EntryPoint","urlTemplate":"https:\/\/tammetalu.eu\/?s={search_term_string}"},"query-input":{"@type":"PropertyValueSpecification","valueRequired":true,"valueName":"search_term_string"}}],"inLanguage":"en-US"},{"@type":"Organization","@id":"https:\/\/tammetalu.eu\/#organization","name":"Tamme talu \u00fcrdiaed","alternateName":"Tamme talu","url":"https:\/\/tammetalu.eu\/","logo":{"@type":"ImageObject","inLanguage":"en-US","@id":"https:\/\/tammetalu.eu\/#\/schema\/logo\/image\/","url":"https:\/\/tammetalu.eu\/wp-content\/uploads\/2025\/01\/Tamme_talu_urdiaed.png","contentUrl":"https:\/\/tammetalu.eu\/wp-content\/uploads\/2025\/01\/Tamme_talu_urdiaed.png","width":560,"height":560,"caption":"Tamme talu \u00fcrdiaed"},"image":{"@id":"https:\/\/tammetalu.eu\/#\/schema\/logo\/image\/"},"sameAs":["https:\/\/www.facebook.com\/TammeTaluUrdiaed\/?locale=et_EE","https:\/\/www.instagram.com\/tammetaluurdiaed\/"]}]}},"_links":{"self":[{"href":"https:\/\/tammetalu.eu\/en\/wp-json\/wp\/v2\/product\/17933","targetHints":{"allow":["GET"]}}],"collection":[{"href":"https:\/\/tammetalu.eu\/en\/wp-json\/wp\/v2\/product"}],"about":[{"href":"https:\/\/tammetalu.eu\/en\/wp-json\/wp\/v2\/types\/product"}],"wp:featuredmedia":[{"embeddable":true,"href":"https:\/\/tammetalu.eu\/en\/wp-json\/wp\/v2\/media\/17934"}],"wp:attachment":[{"href":"https:\/\/tammetalu.eu\/en\/wp-json\/wp\/v2\/media?parent=17933"}],"wp:term":[{"taxonomy":"product_brand","embeddable":true,"href":"https:\/\/tammetalu.eu\/en\/wp-json\/wp\/v2\/product_brand?post=17933"},{"taxonomy":"product_cat","embeddable":true,"href":"https:\/\/tammetalu.eu\/en\/wp-json\/wp\/v2\/product_cat?post=17933"},{"taxonomy":"product_tag","embeddable":true,"href":"https:\/\/tammetalu.eu\/en\/wp-json\/wp\/v2\/product_tag?post=17933"}],"curies":[{"name":"wp","href":"https:\/\/api.w.org\/{rel}","templated":true}]}}