{"id":17953,"date":"2023-04-12T16:52:54","date_gmt":"2023-04-12T13:52:54","guid":{"rendered":"https:\/\/tammetalu.eu\/?post_type=product&#038;p=17953"},"modified":"2026-04-17T12:24:56","modified_gmt":"2026-04-17T09:24:56","slug":"vahelmine-lavendel-grosso","status":"publish","type":"product","link":"https:\/\/tammetalu.eu\/en\/product\/vahelmine-lavendel-grosso\/","title":{"rendered":"Vahelmine lavendel ehk lavandiin &#8220;Grosso&#8221;"},"content":{"rendered":"","protected":false},"excerpt":{"rendered":"<p><em>Lavandula x intermedia<\/em><\/p>\n<p>Vahelmine lavendel ehk lavandiin kuulub huul\u00f5ieliste sugukonda. On igihaljas v\u00e4ga aromaatse hallikasrohelise lehestikuga talvekindel p\u00fcsik kuivema kruusase mullaga kasvukohta. Lavandiin on laialehise ning t\u00e4hklavendli ristamisel saadud h\u00fcbriid ja seda looduses ei esine. Samas on selles taimes esindatud m\u00f5lema esivanemast lavendli v\u00e4ga head omadused. Lavandiinist saadud \u00f5li toime on soojendav, viiruste- ja p\u00f5letikevastane ning seda kasutatakse k\u00fclmetuse ja k\u00f6ha korral. Lavandiini l\u00f5hn on p\u00fcsivam, kui teistel lavendlitel. Selle omaduse ning soodsama hinna t\u00f5ttu kasutatakse lavandiini pesuvahendites ja koisid peletavates l\u00f5hnakotikestes<\/p>\n","protected":false},"featured_media":17954,"template":"","meta":{"_acf_changed":false,"_et_pb_use_builder":"","_et_pb_old_content":"","_et_gb_content_width":"","inline_featured_image":false},"product_brand":[],"product_cat":[247,186,202],"product_tag":[],"class_list":{"0":"post-17953","1":"product","2":"type-product","3":"status-publish","4":"has-post-thumbnail","6":"product_cat-rohenappude-lemmikud","7":"product_cat-maitse-ja-ravimtaimede-istikud","8":"product_cat-lavendlid","10":"first","11":"instock","12":"sale","13":"taxable","14":"shipping-taxable","15":"purchasable","16":"product-type-simple"},"acf":[],"yoast_head":"<!-- This site is optimized with the Yoast SEO plugin v26.4 - https:\/\/yoast.com\/wordpress\/plugins\/seo\/ -->\n<title>Vahelmine lavendel ehk lavandiin &quot;Grosso&quot; - Tamme talu \u00fcrdiaed<\/title>\n<meta name=\"robots\" content=\"index, follow, max-snippet:-1, max-image-preview:large, max-video-preview:-1\" \/>\n<link rel=\"canonical\" href=\"https:\/\/tammetalu.eu\/toode\/vahelmine-lavendel-grosso\/\" \/>\n<meta property=\"og:locale\" content=\"en_US\" \/>\n<meta property=\"og:type\" content=\"article\" \/>\n<meta property=\"og:title\" content=\"Vahelmine lavendel ehk lavandiin &quot;Grosso&quot; - Tamme talu \u00fcrdiaed\" \/>\n<meta property=\"og:description\" content=\"Lavandula x intermedia  Vahelmine lavendel ehk lavandiin kuulub huul\u00f5ieliste sugukonda. On igihaljas v\u00e4ga aromaatse hallikasrohelise lehestikuga talvekindel p\u00fcsik kuivema kruusase mullaga kasvukohta. Lavandiin on laialehise ning t\u00e4hklavendli ristamisel saadud h\u00fcbriid ja seda looduses ei esine. Samas on selles taimes esindatud m\u00f5lema esivanemast lavendli v\u00e4ga head omadused. Lavandiinist saadud \u00f5li toime on soojendav, viiruste- ja p\u00f5letikevastane ning seda kasutatakse k\u00fclmetuse ja k\u00f6ha korral. Lavandiini l\u00f5hn on p\u00fcsivam, kui teistel lavendlitel. Selle omaduse ning soodsama hinna t\u00f5ttu kasutatakse lavandiini pesuvahendites ja koisid peletavates l\u00f5hnakotikestes\" \/>\n<meta property=\"og:url\" content=\"https:\/\/tammetalu.eu\/toode\/vahelmine-lavendel-grosso\/\" \/>\n<meta property=\"og:site_name\" content=\"Tamme talu \u00fcrdiaed\" \/>\n<meta property=\"article:publisher\" content=\"https:\/\/www.facebook.com\/TammeTaluUrdiaed\/?locale=et_EE\" \/>\n<meta property=\"article:modified_time\" content=\"2026-04-17T09:24:56+00:00\" \/>\n<meta property=\"og:image\" content=\"https:\/\/tammetalu.eu\/wp-content\/uploads\/2023\/04\/Vahelmine_lavendel_Lavandula_x_intermedia_grosso_tamme_talu_urdiaed.jpg\" \/>\n\t<meta property=\"og:image:width\" content=\"556\" \/>\n\t<meta property=\"og:image:height\" content=\"371\" \/>\n\t<meta property=\"og:image:type\" content=\"image\/jpeg\" \/>\n<meta name=\"twitter:card\" content=\"summary_large_image\" \/>\n<meta name=\"twitter:label1\" content=\"Est. reading time\" \/>\n\t<meta name=\"twitter:data1\" content=\"1 minute\" \/>\n<script type=\"application\/ld+json\" class=\"yoast-schema-graph\">{\"@context\":\"https:\/\/schema.org\",\"@graph\":[{\"@type\":\"WebPage\",\"@id\":\"https:\/\/tammetalu.eu\/toode\/vahelmine-lavendel-grosso\/\",\"url\":\"https:\/\/tammetalu.eu\/toode\/vahelmine-lavendel-grosso\/\",\"name\":\"Vahelmine lavendel ehk lavandiin \\\"Grosso\\\" - Tamme talu \u00fcrdiaed\",\"isPartOf\":{\"@id\":\"https:\/\/tammetalu.eu\/#website\"},\"primaryImageOfPage\":{\"@id\":\"https:\/\/tammetalu.eu\/toode\/vahelmine-lavendel-grosso\/#primaryimage\"},\"image\":{\"@id\":\"https:\/\/tammetalu.eu\/toode\/vahelmine-lavendel-grosso\/#primaryimage\"},\"thumbnailUrl\":\"https:\/\/tammetalu.eu\/wp-content\/uploads\/2023\/04\/Vahelmine_lavendel_Lavandula_x_intermedia_grosso_tamme_talu_urdiaed.jpg\",\"datePublished\":\"2023-04-12T13:52:54+00:00\",\"dateModified\":\"2026-04-17T09:24:56+00:00\",\"breadcrumb\":{\"@id\":\"https:\/\/tammetalu.eu\/toode\/vahelmine-lavendel-grosso\/#breadcrumb\"},\"inLanguage\":\"en-US\",\"potentialAction\":[{\"@type\":\"ReadAction\",\"target\":[\"https:\/\/tammetalu.eu\/toode\/vahelmine-lavendel-grosso\/\"]}]},{\"@type\":\"ImageObject\",\"inLanguage\":\"en-US\",\"@id\":\"https:\/\/tammetalu.eu\/toode\/vahelmine-lavendel-grosso\/#primaryimage\",\"url\":\"https:\/\/tammetalu.eu\/wp-content\/uploads\/2023\/04\/Vahelmine_lavendel_Lavandula_x_intermedia_grosso_tamme_talu_urdiaed.jpg\",\"contentUrl\":\"https:\/\/tammetalu.eu\/wp-content\/uploads\/2023\/04\/Vahelmine_lavendel_Lavandula_x_intermedia_grosso_tamme_talu_urdiaed.jpg\",\"width\":556,\"height\":371,\"caption\":\"Vahelmine_lavendel_Lavandula_x_intermedia_grosso_tamme_talu_urdiaed\"},{\"@type\":\"BreadcrumbList\",\"@id\":\"https:\/\/tammetalu.eu\/toode\/vahelmine-lavendel-grosso\/#breadcrumb\",\"itemListElement\":[{\"@type\":\"ListItem\",\"position\":1,\"name\":\"Home\",\"item\":\"https:\/\/tammetalu.eu\/en\/esileht-eng\/\"},{\"@type\":\"ListItem\",\"position\":2,\"name\":\"Shop\",\"item\":\"https:\/\/tammetalu.eu\/en\/shop\/\"},{\"@type\":\"ListItem\",\"position\":3,\"name\":\"Vahelmine lavendel ehk lavandiin &#8220;Grosso&#8221;\"}]},{\"@type\":\"WebSite\",\"@id\":\"https:\/\/tammetalu.eu\/#website\",\"url\":\"https:\/\/tammetalu.eu\/\",\"name\":\"Tamme talu \u00fcrdiaed\",\"description\":\"K\u00e4sit\u00f6\u00f6na valmistatud tooted \u00fcrtidest, \u00fcrdiistikud, \u00fcrtide kollektsioonaed\",\"publisher\":{\"@id\":\"https:\/\/tammetalu.eu\/#organization\"},\"alternateName\":\"Tamme talu\",\"potentialAction\":[{\"@type\":\"SearchAction\",\"target\":{\"@type\":\"EntryPoint\",\"urlTemplate\":\"https:\/\/tammetalu.eu\/?s={search_term_string}\"},\"query-input\":{\"@type\":\"PropertyValueSpecification\",\"valueRequired\":true,\"valueName\":\"search_term_string\"}}],\"inLanguage\":\"en-US\"},{\"@type\":\"Organization\",\"@id\":\"https:\/\/tammetalu.eu\/#organization\",\"name\":\"Tamme talu \u00fcrdiaed\",\"alternateName\":\"Tamme talu\",\"url\":\"https:\/\/tammetalu.eu\/\",\"logo\":{\"@type\":\"ImageObject\",\"inLanguage\":\"en-US\",\"@id\":\"https:\/\/tammetalu.eu\/#\/schema\/logo\/image\/\",\"url\":\"https:\/\/tammetalu.eu\/wp-content\/uploads\/2025\/01\/Tamme_talu_urdiaed.png\",\"contentUrl\":\"https:\/\/tammetalu.eu\/wp-content\/uploads\/2025\/01\/Tamme_talu_urdiaed.png\",\"width\":560,\"height\":560,\"caption\":\"Tamme talu \u00fcrdiaed\"},\"image\":{\"@id\":\"https:\/\/tammetalu.eu\/#\/schema\/logo\/image\/\"},\"sameAs\":[\"https:\/\/www.facebook.com\/TammeTaluUrdiaed\/?locale=et_EE\",\"https:\/\/www.instagram.com\/tammetaluurdiaed\/\"]}]}<\/script>\n<!-- \/ Yoast SEO plugin. -->","yoast_head_json":{"title":"Vahelmine lavendel ehk lavandiin \"Grosso\" - Tamme talu \u00fcrdiaed","robots":{"index":"index","follow":"follow","max-snippet":"max-snippet:-1","max-image-preview":"max-image-preview:large","max-video-preview":"max-video-preview:-1"},"canonical":"https:\/\/tammetalu.eu\/toode\/vahelmine-lavendel-grosso\/","og_locale":"en_US","og_type":"article","og_title":"Vahelmine lavendel ehk lavandiin \"Grosso\" - Tamme talu \u00fcrdiaed","og_description":"Lavandula x intermedia  Vahelmine lavendel ehk lavandiin kuulub huul\u00f5ieliste sugukonda. On igihaljas v\u00e4ga aromaatse hallikasrohelise lehestikuga talvekindel p\u00fcsik kuivema kruusase mullaga kasvukohta. Lavandiin on laialehise ning t\u00e4hklavendli ristamisel saadud h\u00fcbriid ja seda looduses ei esine. Samas on selles taimes esindatud m\u00f5lema esivanemast lavendli v\u00e4ga head omadused. Lavandiinist saadud \u00f5li toime on soojendav, viiruste- ja p\u00f5letikevastane ning seda kasutatakse k\u00fclmetuse ja k\u00f6ha korral. Lavandiini l\u00f5hn on p\u00fcsivam, kui teistel lavendlitel. Selle omaduse ning soodsama hinna t\u00f5ttu kasutatakse lavandiini pesuvahendites ja koisid peletavates l\u00f5hnakotikestes","og_url":"https:\/\/tammetalu.eu\/toode\/vahelmine-lavendel-grosso\/","og_site_name":"Tamme talu \u00fcrdiaed","article_publisher":"https:\/\/www.facebook.com\/TammeTaluUrdiaed\/?locale=et_EE","article_modified_time":"2026-04-17T09:24:56+00:00","og_image":[{"width":556,"height":371,"url":"https:\/\/tammetalu.eu\/wp-content\/uploads\/2023\/04\/Vahelmine_lavendel_Lavandula_x_intermedia_grosso_tamme_talu_urdiaed.jpg","type":"image\/jpeg"}],"twitter_card":"summary_large_image","twitter_misc":{"Est. reading time":"1 minute"},"schema":{"@context":"https:\/\/schema.org","@graph":[{"@type":"WebPage","@id":"https:\/\/tammetalu.eu\/toode\/vahelmine-lavendel-grosso\/","url":"https:\/\/tammetalu.eu\/toode\/vahelmine-lavendel-grosso\/","name":"Vahelmine lavendel ehk lavandiin \"Grosso\" - Tamme talu \u00fcrdiaed","isPartOf":{"@id":"https:\/\/tammetalu.eu\/#website"},"primaryImageOfPage":{"@id":"https:\/\/tammetalu.eu\/toode\/vahelmine-lavendel-grosso\/#primaryimage"},"image":{"@id":"https:\/\/tammetalu.eu\/toode\/vahelmine-lavendel-grosso\/#primaryimage"},"thumbnailUrl":"https:\/\/tammetalu.eu\/wp-content\/uploads\/2023\/04\/Vahelmine_lavendel_Lavandula_x_intermedia_grosso_tamme_talu_urdiaed.jpg","datePublished":"2023-04-12T13:52:54+00:00","dateModified":"2026-04-17T09:24:56+00:00","breadcrumb":{"@id":"https:\/\/tammetalu.eu\/toode\/vahelmine-lavendel-grosso\/#breadcrumb"},"inLanguage":"en-US","potentialAction":[{"@type":"ReadAction","target":["https:\/\/tammetalu.eu\/toode\/vahelmine-lavendel-grosso\/"]}]},{"@type":"ImageObject","inLanguage":"en-US","@id":"https:\/\/tammetalu.eu\/toode\/vahelmine-lavendel-grosso\/#primaryimage","url":"https:\/\/tammetalu.eu\/wp-content\/uploads\/2023\/04\/Vahelmine_lavendel_Lavandula_x_intermedia_grosso_tamme_talu_urdiaed.jpg","contentUrl":"https:\/\/tammetalu.eu\/wp-content\/uploads\/2023\/04\/Vahelmine_lavendel_Lavandula_x_intermedia_grosso_tamme_talu_urdiaed.jpg","width":556,"height":371,"caption":"Vahelmine_lavendel_Lavandula_x_intermedia_grosso_tamme_talu_urdiaed"},{"@type":"BreadcrumbList","@id":"https:\/\/tammetalu.eu\/toode\/vahelmine-lavendel-grosso\/#breadcrumb","itemListElement":[{"@type":"ListItem","position":1,"name":"Home","item":"https:\/\/tammetalu.eu\/en\/esileht-eng\/"},{"@type":"ListItem","position":2,"name":"Shop","item":"https:\/\/tammetalu.eu\/en\/shop\/"},{"@type":"ListItem","position":3,"name":"Vahelmine lavendel ehk lavandiin &#8220;Grosso&#8221;"}]},{"@type":"WebSite","@id":"https:\/\/tammetalu.eu\/#website","url":"https:\/\/tammetalu.eu\/","name":"Tamme talu \u00fcrdiaed","description":"K\u00e4sit\u00f6\u00f6na valmistatud tooted \u00fcrtidest, \u00fcrdiistikud, \u00fcrtide kollektsioonaed","publisher":{"@id":"https:\/\/tammetalu.eu\/#organization"},"alternateName":"Tamme talu","potentialAction":[{"@type":"SearchAction","target":{"@type":"EntryPoint","urlTemplate":"https:\/\/tammetalu.eu\/?s={search_term_string}"},"query-input":{"@type":"PropertyValueSpecification","valueRequired":true,"valueName":"search_term_string"}}],"inLanguage":"en-US"},{"@type":"Organization","@id":"https:\/\/tammetalu.eu\/#organization","name":"Tamme talu \u00fcrdiaed","alternateName":"Tamme talu","url":"https:\/\/tammetalu.eu\/","logo":{"@type":"ImageObject","inLanguage":"en-US","@id":"https:\/\/tammetalu.eu\/#\/schema\/logo\/image\/","url":"https:\/\/tammetalu.eu\/wp-content\/uploads\/2025\/01\/Tamme_talu_urdiaed.png","contentUrl":"https:\/\/tammetalu.eu\/wp-content\/uploads\/2025\/01\/Tamme_talu_urdiaed.png","width":560,"height":560,"caption":"Tamme talu \u00fcrdiaed"},"image":{"@id":"https:\/\/tammetalu.eu\/#\/schema\/logo\/image\/"},"sameAs":["https:\/\/www.facebook.com\/TammeTaluUrdiaed\/?locale=et_EE","https:\/\/www.instagram.com\/tammetaluurdiaed\/"]}]}},"_links":{"self":[{"href":"https:\/\/tammetalu.eu\/en\/wp-json\/wp\/v2\/product\/17953","targetHints":{"allow":["GET"]}}],"collection":[{"href":"https:\/\/tammetalu.eu\/en\/wp-json\/wp\/v2\/product"}],"about":[{"href":"https:\/\/tammetalu.eu\/en\/wp-json\/wp\/v2\/types\/product"}],"wp:featuredmedia":[{"embeddable":true,"href":"https:\/\/tammetalu.eu\/en\/wp-json\/wp\/v2\/media\/17954"}],"wp:attachment":[{"href":"https:\/\/tammetalu.eu\/en\/wp-json\/wp\/v2\/media?parent=17953"}],"wp:term":[{"taxonomy":"product_brand","embeddable":true,"href":"https:\/\/tammetalu.eu\/en\/wp-json\/wp\/v2\/product_brand?post=17953"},{"taxonomy":"product_cat","embeddable":true,"href":"https:\/\/tammetalu.eu\/en\/wp-json\/wp\/v2\/product_cat?post=17953"},{"taxonomy":"product_tag","embeddable":true,"href":"https:\/\/tammetalu.eu\/en\/wp-json\/wp\/v2\/product_tag?post=17953"}],"curies":[{"name":"wp","href":"https:\/\/api.w.org\/{rel}","templated":true}]}}