{"id":18973,"date":"2023-09-29T12:10:29","date_gmt":"2023-09-29T09:10:29","guid":{"rendered":"https:\/\/tammetalu.eu\/?post_type=product&#038;p=18973"},"modified":"2025-01-10T13:48:19","modified_gmt":"2025-01-10T11:48:19","slug":"mahe-hea-tuju-tee-teepakid","status":"publish","type":"product","link":"https:\/\/tammetalu.eu\/en\/product\/mahe-hea-tuju-tee-teepakid\/","title":{"rendered":"Mahe Hea tuju tee p\u00fcramiid"},"content":{"rendered":"<p>P\u00fcha basiilik ehk tulsi on p\u00e4rit Indiast, kus seda peetakse \u00fcheks k\u00f5ige p\u00fchamaks ja v\u00f5imsamaks taimeks. Sanskriti keeles t\u00e4hendab tulsi \u201ev\u00f5rreldamatut\u201d. Iidses ajurvedas kasutatakse p\u00fcha basiilikut k\u00fclmetuse korral, palaviku, verer\u00f5hu, veresuhkru ja kolesterooli alandajana ning krampide leevendajana. See v\u00f5imas taim m\u00f5jub soodustavalt erinevate hingamisteede probleemide korral.<br \/>\n\u00d5un aitab hoida seedimise korras ning sisaldab suurel hulgal vajalikke mineraale ja kiudaineid<\/p>\n","protected":false},"excerpt":{"rendered":"<p>249.50 \u20ac\/kg<br \/>\n10 p\u00fcramiidkotti (10 x 2,0g)<\/p>\n<p>Taimetee<\/p>\n<p>Kas tead hea tuju valemit? Meie teame! Kui paned kokku p\u00fcha basiiliku, l\u00e4ikiva peiulille, kuivatatud \u00f5unal\u00f5igud ja kannut\u00e4ie kuuma vett, saad tee, mis teeb iga\u00fchel tuju heaks.<\/p>\n<p>Tamme talu \u00fcrdiaia k\u00fclastajad on Hea Tuju tee maitsest ja aroomist igatahes alati vaimustuses olnud! Selles on \u00fchendatud p\u00fcha basiiliku v\u00fcrtsikus, peiulille magusus ja kuivatatud \u00f5una hapusus. Ja kui imeliselt see v\u00f5rratu jook veel l\u00f5hnab!<\/p>\n<p>Hea Tuju tee on kergelt ergutava toimega, sellep\u00e4rast sobib seda k\u00f5ige paremini juua hommikul ja p\u00e4evasel ajal.<\/p>\n<p>Koostisosad: <span data-sheets-value=\"{&quot;1&quot;:2,&quot;2&quot;:&quot;p\u00fcha basiilik ehk tulsi*, k\u00fclmkuivatatud \u00f5unat\u00fckid*&quot;}\" data-sheets-userformat=\"{&quot;2&quot;:14845,&quot;3&quot;:{&quot;1&quot;:0,&quot;3&quot;:1},&quot;5&quot;:{&quot;1&quot;:[{&quot;1&quot;:2,&quot;2&quot;:0,&quot;5&quot;:{&quot;1&quot;:2,&quot;2&quot;:0}},{&quot;1&quot;:0,&quot;2&quot;:0,&quot;3&quot;:3},{&quot;1&quot;:1,&quot;2&quot;:0,&quot;4&quot;:1}]},&quot;6&quot;:{&quot;1&quot;:[{&quot;1&quot;:2,&quot;2&quot;:0,&quot;5&quot;:{&quot;1&quot;:2,&quot;2&quot;:0}},{&quot;1&quot;:0,&quot;2&quot;:0,&quot;3&quot;:3},{&quot;1&quot;:1,&quot;2&quot;:0,&quot;4&quot;:1}]},&quot;7&quot;:{&quot;1&quot;:[{&quot;1&quot;:2,&quot;2&quot;:0,&quot;5&quot;:{&quot;1&quot;:2,&quot;2&quot;:0}},{&quot;1&quot;:0,&quot;2&quot;:0,&quot;3&quot;:3},{&quot;1&quot;:1,&quot;2&quot;:0,&quot;4&quot;:1}]},&quot;8&quot;:{&quot;1&quot;:[{&quot;1&quot;:2,&quot;2&quot;:0,&quot;5&quot;:{&quot;1&quot;:2,&quot;2&quot;:0}},{&quot;1&quot;:0,&quot;2&quot;:0,&quot;3&quot;:3},{&quot;1&quot;:1,&quot;2&quot;:0,&quot;4&quot;:1}]},&quot;9&quot;:0,&quot;10&quot;:1,&quot;11&quot;:4,&quot;14&quot;:{&quot;1&quot;:3,&quot;3&quot;:1},&quot;15&quot;:&quot;Calibri&quot;,&quot;16&quot;:12}\">p\u00fcha basiilik ehk tulsi*, k\u00fclmkuivatatud \u00f5unat\u00fckid*<\/span><\/p>\n<p>*Kontrollitud mahep\u00f5llumajandusest.<\/p>\n","protected":false},"featured_media":19032,"template":"","meta":{"_acf_changed":false,"_et_pb_use_builder":"","_et_pb_old_content":"","_et_gb_content_width":"","inline_featured_image":false},"product_brand":[],"product_cat":[189,182],"product_tag":[],"class_list":{"0":"post-18973","1":"product","2":"type-product","3":"status-publish","4":"has-post-thumbnail","6":"product_cat-teed","7":"product_cat-taimeteed","9":"first","10":"instock","11":"featured","12":"taxable","13":"shipping-taxable","14":"purchasable","15":"product-type-simple"},"acf":[],"yoast_head":"<!-- This site is optimized with the Yoast SEO plugin v26.4 - https:\/\/yoast.com\/wordpress\/plugins\/seo\/ -->\n<title>Mahe Hea tuju tee p\u00fcramiid - Tamme talu \u00fcrdiaed<\/title>\n<meta name=\"description\" content=\"Hea Tuju tee on mahe taimetee, millel on kergelt ergutav toime, sellep\u00e4rast sobib seda juua hommikul ja p\u00e4evasel ajal. Telli Tamme talu e-poest.\" \/>\n<meta name=\"robots\" content=\"index, follow, max-snippet:-1, max-image-preview:large, max-video-preview:-1\" \/>\n<link rel=\"canonical\" href=\"https:\/\/tammetalu.eu\/toode\/mahe-hea-tuju-tee-teepakid\/\" \/>\n<meta property=\"og:locale\" content=\"en_US\" \/>\n<meta property=\"og:type\" content=\"article\" \/>\n<meta property=\"og:title\" content=\"Mahe Hea tuju tee p\u00fcramiid - Tamme talu \u00fcrdiaed\" \/>\n<meta property=\"og:description\" content=\"Hea Tuju tee on mahe taimetee, millel on kergelt ergutav toime, sellep\u00e4rast sobib seda juua hommikul ja p\u00e4evasel ajal. Telli Tamme talu e-poest.\" \/>\n<meta property=\"og:url\" content=\"https:\/\/tammetalu.eu\/toode\/mahe-hea-tuju-tee-teepakid\/\" \/>\n<meta property=\"og:site_name\" content=\"Tamme talu \u00fcrdiaed\" \/>\n<meta property=\"article:publisher\" content=\"https:\/\/www.facebook.com\/TammeTaluUrdiaed\/?locale=et_EE\" \/>\n<meta property=\"article:modified_time\" content=\"2025-01-10T11:48:19+00:00\" \/>\n<meta property=\"og:image\" content=\"https:\/\/tammetalu.eu\/wp-content\/uploads\/2023\/09\/Mahe-Hea-tuju-tee-Tamme-talu-urdiaed.jpg\" \/>\n\t<meta property=\"og:image:width\" content=\"960\" \/>\n\t<meta property=\"og:image:height\" content=\"960\" \/>\n\t<meta property=\"og:image:type\" content=\"image\/jpeg\" \/>\n<meta name=\"twitter:card\" content=\"summary_large_image\" \/>\n<meta name=\"twitter:label1\" content=\"Est. reading time\" \/>\n\t<meta name=\"twitter:data1\" content=\"1 minute\" \/>\n<script type=\"application\/ld+json\" class=\"yoast-schema-graph\">{\"@context\":\"https:\/\/schema.org\",\"@graph\":[{\"@type\":\"WebPage\",\"@id\":\"https:\/\/tammetalu.eu\/toode\/mahe-hea-tuju-tee-teepakid\/\",\"url\":\"https:\/\/tammetalu.eu\/toode\/mahe-hea-tuju-tee-teepakid\/\",\"name\":\"Mahe Hea tuju tee p\u00fcramiid - Tamme talu \u00fcrdiaed\",\"isPartOf\":{\"@id\":\"https:\/\/tammetalu.eu\/#website\"},\"primaryImageOfPage\":{\"@id\":\"https:\/\/tammetalu.eu\/toode\/mahe-hea-tuju-tee-teepakid\/#primaryimage\"},\"image\":{\"@id\":\"https:\/\/tammetalu.eu\/toode\/mahe-hea-tuju-tee-teepakid\/#primaryimage\"},\"thumbnailUrl\":\"https:\/\/tammetalu.eu\/wp-content\/uploads\/2023\/09\/Mahe-Hea-tuju-tee-Tamme-talu-urdiaed.jpg\",\"datePublished\":\"2023-09-29T09:10:29+00:00\",\"dateModified\":\"2025-01-10T11:48:19+00:00\",\"description\":\"Hea Tuju tee on mahe taimetee, millel on kergelt ergutav toime, sellep\u00e4rast sobib seda juua hommikul ja p\u00e4evasel ajal. Telli Tamme talu e-poest.\",\"breadcrumb\":{\"@id\":\"https:\/\/tammetalu.eu\/toode\/mahe-hea-tuju-tee-teepakid\/#breadcrumb\"},\"inLanguage\":\"en-US\",\"potentialAction\":[{\"@type\":\"ReadAction\",\"target\":[\"https:\/\/tammetalu.eu\/toode\/mahe-hea-tuju-tee-teepakid\/\"]}]},{\"@type\":\"ImageObject\",\"inLanguage\":\"en-US\",\"@id\":\"https:\/\/tammetalu.eu\/toode\/mahe-hea-tuju-tee-teepakid\/#primaryimage\",\"url\":\"https:\/\/tammetalu.eu\/wp-content\/uploads\/2023\/09\/Mahe-Hea-tuju-tee-Tamme-talu-urdiaed.jpg\",\"contentUrl\":\"https:\/\/tammetalu.eu\/wp-content\/uploads\/2023\/09\/Mahe-Hea-tuju-tee-Tamme-talu-urdiaed.jpg\",\"width\":960,\"height\":960,\"caption\":\"Mahe-Hea-tuju-tee-Tamme-talu-urdiaed\"},{\"@type\":\"BreadcrumbList\",\"@id\":\"https:\/\/tammetalu.eu\/toode\/mahe-hea-tuju-tee-teepakid\/#breadcrumb\",\"itemListElement\":[{\"@type\":\"ListItem\",\"position\":1,\"name\":\"Home\",\"item\":\"https:\/\/tammetalu.eu\/en\/esileht-eng\/\"},{\"@type\":\"ListItem\",\"position\":2,\"name\":\"Shop\",\"item\":\"https:\/\/tammetalu.eu\/en\/shop\/\"},{\"@type\":\"ListItem\",\"position\":3,\"name\":\"Mahe Hea tuju tee p\u00fcramiid\"}]},{\"@type\":\"WebSite\",\"@id\":\"https:\/\/tammetalu.eu\/#website\",\"url\":\"https:\/\/tammetalu.eu\/\",\"name\":\"Tamme talu \u00fcrdiaed\",\"description\":\"K\u00e4sit\u00f6\u00f6na valmistatud tooted \u00fcrtidest, \u00fcrdiistikud, \u00fcrtide kollektsioonaed\",\"publisher\":{\"@id\":\"https:\/\/tammetalu.eu\/#organization\"},\"alternateName\":\"Tamme talu\",\"potentialAction\":[{\"@type\":\"SearchAction\",\"target\":{\"@type\":\"EntryPoint\",\"urlTemplate\":\"https:\/\/tammetalu.eu\/?s={search_term_string}\"},\"query-input\":{\"@type\":\"PropertyValueSpecification\",\"valueRequired\":true,\"valueName\":\"search_term_string\"}}],\"inLanguage\":\"en-US\"},{\"@type\":\"Organization\",\"@id\":\"https:\/\/tammetalu.eu\/#organization\",\"name\":\"Tamme talu \u00fcrdiaed\",\"alternateName\":\"Tamme talu\",\"url\":\"https:\/\/tammetalu.eu\/\",\"logo\":{\"@type\":\"ImageObject\",\"inLanguage\":\"en-US\",\"@id\":\"https:\/\/tammetalu.eu\/#\/schema\/logo\/image\/\",\"url\":\"https:\/\/tammetalu.eu\/wp-content\/uploads\/2025\/01\/Tamme_talu_urdiaed.png\",\"contentUrl\":\"https:\/\/tammetalu.eu\/wp-content\/uploads\/2025\/01\/Tamme_talu_urdiaed.png\",\"width\":560,\"height\":560,\"caption\":\"Tamme talu \u00fcrdiaed\"},\"image\":{\"@id\":\"https:\/\/tammetalu.eu\/#\/schema\/logo\/image\/\"},\"sameAs\":[\"https:\/\/www.facebook.com\/TammeTaluUrdiaed\/?locale=et_EE\",\"https:\/\/www.instagram.com\/tammetaluurdiaed\/\"]}]}<\/script>\n<!-- \/ Yoast SEO plugin. -->","yoast_head_json":{"title":"Mahe Hea tuju tee p\u00fcramiid - Tamme talu \u00fcrdiaed","description":"Hea Tuju tee on mahe taimetee, millel on kergelt ergutav toime, sellep\u00e4rast sobib seda juua hommikul ja p\u00e4evasel ajal. Telli Tamme talu e-poest.","robots":{"index":"index","follow":"follow","max-snippet":"max-snippet:-1","max-image-preview":"max-image-preview:large","max-video-preview":"max-video-preview:-1"},"canonical":"https:\/\/tammetalu.eu\/toode\/mahe-hea-tuju-tee-teepakid\/","og_locale":"en_US","og_type":"article","og_title":"Mahe Hea tuju tee p\u00fcramiid - Tamme talu \u00fcrdiaed","og_description":"Hea Tuju tee on mahe taimetee, millel on kergelt ergutav toime, sellep\u00e4rast sobib seda juua hommikul ja p\u00e4evasel ajal. Telli Tamme talu e-poest.","og_url":"https:\/\/tammetalu.eu\/toode\/mahe-hea-tuju-tee-teepakid\/","og_site_name":"Tamme talu \u00fcrdiaed","article_publisher":"https:\/\/www.facebook.com\/TammeTaluUrdiaed\/?locale=et_EE","article_modified_time":"2025-01-10T11:48:19+00:00","og_image":[{"width":960,"height":960,"url":"https:\/\/tammetalu.eu\/wp-content\/uploads\/2023\/09\/Mahe-Hea-tuju-tee-Tamme-talu-urdiaed.jpg","type":"image\/jpeg"}],"twitter_card":"summary_large_image","twitter_misc":{"Est. reading time":"1 minute"},"schema":{"@context":"https:\/\/schema.org","@graph":[{"@type":"WebPage","@id":"https:\/\/tammetalu.eu\/toode\/mahe-hea-tuju-tee-teepakid\/","url":"https:\/\/tammetalu.eu\/toode\/mahe-hea-tuju-tee-teepakid\/","name":"Mahe Hea tuju tee p\u00fcramiid - Tamme talu \u00fcrdiaed","isPartOf":{"@id":"https:\/\/tammetalu.eu\/#website"},"primaryImageOfPage":{"@id":"https:\/\/tammetalu.eu\/toode\/mahe-hea-tuju-tee-teepakid\/#primaryimage"},"image":{"@id":"https:\/\/tammetalu.eu\/toode\/mahe-hea-tuju-tee-teepakid\/#primaryimage"},"thumbnailUrl":"https:\/\/tammetalu.eu\/wp-content\/uploads\/2023\/09\/Mahe-Hea-tuju-tee-Tamme-talu-urdiaed.jpg","datePublished":"2023-09-29T09:10:29+00:00","dateModified":"2025-01-10T11:48:19+00:00","description":"Hea Tuju tee on mahe taimetee, millel on kergelt ergutav toime, sellep\u00e4rast sobib seda juua hommikul ja p\u00e4evasel ajal. Telli Tamme talu e-poest.","breadcrumb":{"@id":"https:\/\/tammetalu.eu\/toode\/mahe-hea-tuju-tee-teepakid\/#breadcrumb"},"inLanguage":"en-US","potentialAction":[{"@type":"ReadAction","target":["https:\/\/tammetalu.eu\/toode\/mahe-hea-tuju-tee-teepakid\/"]}]},{"@type":"ImageObject","inLanguage":"en-US","@id":"https:\/\/tammetalu.eu\/toode\/mahe-hea-tuju-tee-teepakid\/#primaryimage","url":"https:\/\/tammetalu.eu\/wp-content\/uploads\/2023\/09\/Mahe-Hea-tuju-tee-Tamme-talu-urdiaed.jpg","contentUrl":"https:\/\/tammetalu.eu\/wp-content\/uploads\/2023\/09\/Mahe-Hea-tuju-tee-Tamme-talu-urdiaed.jpg","width":960,"height":960,"caption":"Mahe-Hea-tuju-tee-Tamme-talu-urdiaed"},{"@type":"BreadcrumbList","@id":"https:\/\/tammetalu.eu\/toode\/mahe-hea-tuju-tee-teepakid\/#breadcrumb","itemListElement":[{"@type":"ListItem","position":1,"name":"Home","item":"https:\/\/tammetalu.eu\/en\/esileht-eng\/"},{"@type":"ListItem","position":2,"name":"Shop","item":"https:\/\/tammetalu.eu\/en\/shop\/"},{"@type":"ListItem","position":3,"name":"Mahe Hea tuju tee p\u00fcramiid"}]},{"@type":"WebSite","@id":"https:\/\/tammetalu.eu\/#website","url":"https:\/\/tammetalu.eu\/","name":"Tamme talu \u00fcrdiaed","description":"K\u00e4sit\u00f6\u00f6na valmistatud tooted \u00fcrtidest, \u00fcrdiistikud, \u00fcrtide kollektsioonaed","publisher":{"@id":"https:\/\/tammetalu.eu\/#organization"},"alternateName":"Tamme talu","potentialAction":[{"@type":"SearchAction","target":{"@type":"EntryPoint","urlTemplate":"https:\/\/tammetalu.eu\/?s={search_term_string}"},"query-input":{"@type":"PropertyValueSpecification","valueRequired":true,"valueName":"search_term_string"}}],"inLanguage":"en-US"},{"@type":"Organization","@id":"https:\/\/tammetalu.eu\/#organization","name":"Tamme talu \u00fcrdiaed","alternateName":"Tamme talu","url":"https:\/\/tammetalu.eu\/","logo":{"@type":"ImageObject","inLanguage":"en-US","@id":"https:\/\/tammetalu.eu\/#\/schema\/logo\/image\/","url":"https:\/\/tammetalu.eu\/wp-content\/uploads\/2025\/01\/Tamme_talu_urdiaed.png","contentUrl":"https:\/\/tammetalu.eu\/wp-content\/uploads\/2025\/01\/Tamme_talu_urdiaed.png","width":560,"height":560,"caption":"Tamme talu \u00fcrdiaed"},"image":{"@id":"https:\/\/tammetalu.eu\/#\/schema\/logo\/image\/"},"sameAs":["https:\/\/www.facebook.com\/TammeTaluUrdiaed\/?locale=et_EE","https:\/\/www.instagram.com\/tammetaluurdiaed\/"]}]}},"_links":{"self":[{"href":"https:\/\/tammetalu.eu\/en\/wp-json\/wp\/v2\/product\/18973","targetHints":{"allow":["GET"]}}],"collection":[{"href":"https:\/\/tammetalu.eu\/en\/wp-json\/wp\/v2\/product"}],"about":[{"href":"https:\/\/tammetalu.eu\/en\/wp-json\/wp\/v2\/types\/product"}],"wp:featuredmedia":[{"embeddable":true,"href":"https:\/\/tammetalu.eu\/en\/wp-json\/wp\/v2\/media\/19032"}],"wp:attachment":[{"href":"https:\/\/tammetalu.eu\/en\/wp-json\/wp\/v2\/media?parent=18973"}],"wp:term":[{"taxonomy":"product_brand","embeddable":true,"href":"https:\/\/tammetalu.eu\/en\/wp-json\/wp\/v2\/product_brand?post=18973"},{"taxonomy":"product_cat","embeddable":true,"href":"https:\/\/tammetalu.eu\/en\/wp-json\/wp\/v2\/product_cat?post=18973"},{"taxonomy":"product_tag","embeddable":true,"href":"https:\/\/tammetalu.eu\/en\/wp-json\/wp\/v2\/product_tag?post=18973"}],"curies":[{"name":"wp","href":"https:\/\/api.w.org\/{rel}","templated":true}]}}