{"id":19028,"date":"2023-10-20T15:45:44","date_gmt":"2023-10-20T12:45:44","guid":{"rendered":"https:\/\/tammetalu.eu\/?post_type=product&#038;p=19028"},"modified":"2025-01-10T13:48:04","modified_gmt":"2025-01-10T11:48:04","slug":"mahe-minu-lemmiktee-puramiid","status":"publish","type":"product","link":"https:\/\/tammetalu.eu\/en\/product\/mahe-minu-lemmiktee-puramiid\/","title":{"rendered":"Mahe Minu lemmiktee p\u00fcramiid"},"content":{"rendered":"<p>Piparm\u00fcnt toetab seedetrakti head talitlust ja aitab k\u00f5rvaldada seedevaevusi. Samuti toetab organismi loomulikku kaitsev\u00f5imet, immuuns\u00fcsteemi ning\u00a0hingamisteede tervist.<\/p>\n<p>Musts\u00f5star aitab s\u00e4ilitada naha tervist ning toetada hingamisteede tervist ja normaalset s\u00f6\u00f6giisu.<br \/>\n\u00d5un toetab head soolestiku tervist.<\/p>\n<p>T\u00fc\u00fcmian on hea kurgule ja hingamisteedele, sest on rahustava toimega ning aitab kuiva k\u00f6ha korral. Samas aitab toetada seedimist.<\/p>\n","protected":false},"excerpt":{"rendered":"<p>207,92 \u20ac\/kg<br \/>\n12 p\u00fcramiidkotti (12 x 2g)<\/p>\n<p>V\u00f5ta aega puhkuseks ja naudi hetke oma lemmiktee seltsis, milles k\u00fclmkuivatatud musts\u00f5star ja \u00f5un annavad teele v\u00e4rsketele viljadele omase maitse ja aroomi. Piparm\u00fcnt lisab magusa m\u00fcndise alatooni ning t\u00fc\u00fcmian annab maitsebuketile s\u00fcgavust. Tee, mis on aromaatne ja maitserikas ning r\u00f5\u00f5mustab keha ja hinge mitmel moel<\/p>\n<p>Koostisosad: k\u00fclmkuivatatud musts\u00f5star*, k\u00fclmkuivatatud \u00f5unat\u00fckid*, t\u00fc\u00fcmian*, piparm\u00fcnt*.<br \/>\n*Kontrollitud mahep\u00f5llumajandusest.<\/p>\n<p>&nbsp;<\/p>\n","protected":false},"featured_media":19036,"template":"","meta":{"_acf_changed":false,"_et_pb_use_builder":"","_et_pb_old_content":"","_et_gb_content_width":"","inline_featured_image":false},"product_brand":[],"product_cat":[189,183],"product_tag":[],"class_list":{"0":"post-19028","1":"product","2":"type-product","3":"status-publish","4":"has-post-thumbnail","6":"product_cat-teed","7":"product_cat-marjateed-urtidega","9":"first","10":"instock","11":"featured","12":"taxable","13":"shipping-taxable","14":"purchasable","15":"product-type-simple"},"acf":[],"yoast_head":"<!-- This site is optimized with the Yoast SEO plugin v26.4 - https:\/\/yoast.com\/wordpress\/plugins\/seo\/ -->\n<title>Mahe Minu lemmiktee p\u00fcramiid - Tamme talu \u00fcrdiaed<\/title>\n<meta name=\"description\" content=\"Minu lemmiktee on mahedalt kasvatatud taimedest tee, mis on aromaatne ja maitserikas ning r\u00f5\u00f5mustab keha ja hinge mitmel moel. Telli Tamme talu e-poest.\" \/>\n<meta name=\"robots\" content=\"index, follow, max-snippet:-1, max-image-preview:large, max-video-preview:-1\" \/>\n<link rel=\"canonical\" href=\"https:\/\/tammetalu.eu\/toode\/mahe-minu-lemmiktee-puramiid\/\" \/>\n<meta property=\"og:locale\" content=\"en_US\" \/>\n<meta property=\"og:type\" content=\"article\" \/>\n<meta property=\"og:title\" content=\"Mahe Minu lemmiktee p\u00fcramiid - Tamme talu \u00fcrdiaed\" \/>\n<meta property=\"og:description\" content=\"Minu lemmiktee on mahedalt kasvatatud taimedest tee, mis on aromaatne ja maitserikas ning r\u00f5\u00f5mustab keha ja hinge mitmel moel. Telli Tamme talu e-poest.\" \/>\n<meta property=\"og:url\" content=\"https:\/\/tammetalu.eu\/toode\/mahe-minu-lemmiktee-puramiid\/\" \/>\n<meta property=\"og:site_name\" content=\"Tamme talu \u00fcrdiaed\" \/>\n<meta property=\"article:publisher\" content=\"https:\/\/www.facebook.com\/TammeTaluUrdiaed\/?locale=et_EE\" \/>\n<meta property=\"article:modified_time\" content=\"2025-01-10T11:48:04+00:00\" \/>\n<meta property=\"og:image\" content=\"https:\/\/tammetalu.eu\/wp-content\/uploads\/2023\/10\/Mahe-Minu-lemmiktee-puramiid.jpg\" \/>\n\t<meta property=\"og:image:width\" content=\"960\" \/>\n\t<meta property=\"og:image:height\" content=\"960\" \/>\n\t<meta property=\"og:image:type\" content=\"image\/jpeg\" \/>\n<meta name=\"twitter:card\" content=\"summary_large_image\" \/>\n<meta name=\"twitter:label1\" content=\"Est. reading time\" \/>\n\t<meta name=\"twitter:data1\" content=\"1 minute\" \/>\n<script type=\"application\/ld+json\" class=\"yoast-schema-graph\">{\"@context\":\"https:\/\/schema.org\",\"@graph\":[{\"@type\":\"WebPage\",\"@id\":\"https:\/\/tammetalu.eu\/toode\/mahe-minu-lemmiktee-puramiid\/\",\"url\":\"https:\/\/tammetalu.eu\/toode\/mahe-minu-lemmiktee-puramiid\/\",\"name\":\"Mahe Minu lemmiktee p\u00fcramiid - Tamme talu \u00fcrdiaed\",\"isPartOf\":{\"@id\":\"https:\/\/tammetalu.eu\/#website\"},\"primaryImageOfPage\":{\"@id\":\"https:\/\/tammetalu.eu\/toode\/mahe-minu-lemmiktee-puramiid\/#primaryimage\"},\"image\":{\"@id\":\"https:\/\/tammetalu.eu\/toode\/mahe-minu-lemmiktee-puramiid\/#primaryimage\"},\"thumbnailUrl\":\"https:\/\/tammetalu.eu\/wp-content\/uploads\/2023\/10\/Mahe-Minu-lemmiktee-puramiid.jpg\",\"datePublished\":\"2023-10-20T12:45:44+00:00\",\"dateModified\":\"2025-01-10T11:48:04+00:00\",\"description\":\"Minu lemmiktee on mahedalt kasvatatud taimedest tee, mis on aromaatne ja maitserikas ning r\u00f5\u00f5mustab keha ja hinge mitmel moel. Telli Tamme talu e-poest.\",\"breadcrumb\":{\"@id\":\"https:\/\/tammetalu.eu\/toode\/mahe-minu-lemmiktee-puramiid\/#breadcrumb\"},\"inLanguage\":\"en-US\",\"potentialAction\":[{\"@type\":\"ReadAction\",\"target\":[\"https:\/\/tammetalu.eu\/toode\/mahe-minu-lemmiktee-puramiid\/\"]}]},{\"@type\":\"ImageObject\",\"inLanguage\":\"en-US\",\"@id\":\"https:\/\/tammetalu.eu\/toode\/mahe-minu-lemmiktee-puramiid\/#primaryimage\",\"url\":\"https:\/\/tammetalu.eu\/wp-content\/uploads\/2023\/10\/Mahe-Minu-lemmiktee-puramiid.jpg\",\"contentUrl\":\"https:\/\/tammetalu.eu\/wp-content\/uploads\/2023\/10\/Mahe-Minu-lemmiktee-puramiid.jpg\",\"width\":960,\"height\":960,\"caption\":\"Mahe-Minu-lemmiktee-puramiid\"},{\"@type\":\"BreadcrumbList\",\"@id\":\"https:\/\/tammetalu.eu\/toode\/mahe-minu-lemmiktee-puramiid\/#breadcrumb\",\"itemListElement\":[{\"@type\":\"ListItem\",\"position\":1,\"name\":\"Home\",\"item\":\"https:\/\/tammetalu.eu\/en\/esileht-eng\/\"},{\"@type\":\"ListItem\",\"position\":2,\"name\":\"Shop\",\"item\":\"https:\/\/tammetalu.eu\/en\/shop\/\"},{\"@type\":\"ListItem\",\"position\":3,\"name\":\"Mahe Minu lemmiktee p\u00fcramiid\"}]},{\"@type\":\"WebSite\",\"@id\":\"https:\/\/tammetalu.eu\/#website\",\"url\":\"https:\/\/tammetalu.eu\/\",\"name\":\"Tamme talu \u00fcrdiaed\",\"description\":\"K\u00e4sit\u00f6\u00f6na valmistatud tooted \u00fcrtidest, \u00fcrdiistikud, \u00fcrtide kollektsioonaed\",\"publisher\":{\"@id\":\"https:\/\/tammetalu.eu\/#organization\"},\"alternateName\":\"Tamme talu\",\"potentialAction\":[{\"@type\":\"SearchAction\",\"target\":{\"@type\":\"EntryPoint\",\"urlTemplate\":\"https:\/\/tammetalu.eu\/?s={search_term_string}\"},\"query-input\":{\"@type\":\"PropertyValueSpecification\",\"valueRequired\":true,\"valueName\":\"search_term_string\"}}],\"inLanguage\":\"en-US\"},{\"@type\":\"Organization\",\"@id\":\"https:\/\/tammetalu.eu\/#organization\",\"name\":\"Tamme talu \u00fcrdiaed\",\"alternateName\":\"Tamme talu\",\"url\":\"https:\/\/tammetalu.eu\/\",\"logo\":{\"@type\":\"ImageObject\",\"inLanguage\":\"en-US\",\"@id\":\"https:\/\/tammetalu.eu\/#\/schema\/logo\/image\/\",\"url\":\"https:\/\/tammetalu.eu\/wp-content\/uploads\/2025\/01\/Tamme_talu_urdiaed.png\",\"contentUrl\":\"https:\/\/tammetalu.eu\/wp-content\/uploads\/2025\/01\/Tamme_talu_urdiaed.png\",\"width\":560,\"height\":560,\"caption\":\"Tamme talu \u00fcrdiaed\"},\"image\":{\"@id\":\"https:\/\/tammetalu.eu\/#\/schema\/logo\/image\/\"},\"sameAs\":[\"https:\/\/www.facebook.com\/TammeTaluUrdiaed\/?locale=et_EE\",\"https:\/\/www.instagram.com\/tammetaluurdiaed\/\"]}]}<\/script>\n<!-- \/ Yoast SEO plugin. -->","yoast_head_json":{"title":"Mahe Minu lemmiktee p\u00fcramiid - Tamme talu \u00fcrdiaed","description":"Minu lemmiktee on mahedalt kasvatatud taimedest tee, mis on aromaatne ja maitserikas ning r\u00f5\u00f5mustab keha ja hinge mitmel moel. Telli Tamme talu e-poest.","robots":{"index":"index","follow":"follow","max-snippet":"max-snippet:-1","max-image-preview":"max-image-preview:large","max-video-preview":"max-video-preview:-1"},"canonical":"https:\/\/tammetalu.eu\/toode\/mahe-minu-lemmiktee-puramiid\/","og_locale":"en_US","og_type":"article","og_title":"Mahe Minu lemmiktee p\u00fcramiid - Tamme talu \u00fcrdiaed","og_description":"Minu lemmiktee on mahedalt kasvatatud taimedest tee, mis on aromaatne ja maitserikas ning r\u00f5\u00f5mustab keha ja hinge mitmel moel. Telli Tamme talu e-poest.","og_url":"https:\/\/tammetalu.eu\/toode\/mahe-minu-lemmiktee-puramiid\/","og_site_name":"Tamme talu \u00fcrdiaed","article_publisher":"https:\/\/www.facebook.com\/TammeTaluUrdiaed\/?locale=et_EE","article_modified_time":"2025-01-10T11:48:04+00:00","og_image":[{"width":960,"height":960,"url":"https:\/\/tammetalu.eu\/wp-content\/uploads\/2023\/10\/Mahe-Minu-lemmiktee-puramiid.jpg","type":"image\/jpeg"}],"twitter_card":"summary_large_image","twitter_misc":{"Est. reading time":"1 minute"},"schema":{"@context":"https:\/\/schema.org","@graph":[{"@type":"WebPage","@id":"https:\/\/tammetalu.eu\/toode\/mahe-minu-lemmiktee-puramiid\/","url":"https:\/\/tammetalu.eu\/toode\/mahe-minu-lemmiktee-puramiid\/","name":"Mahe Minu lemmiktee p\u00fcramiid - Tamme talu \u00fcrdiaed","isPartOf":{"@id":"https:\/\/tammetalu.eu\/#website"},"primaryImageOfPage":{"@id":"https:\/\/tammetalu.eu\/toode\/mahe-minu-lemmiktee-puramiid\/#primaryimage"},"image":{"@id":"https:\/\/tammetalu.eu\/toode\/mahe-minu-lemmiktee-puramiid\/#primaryimage"},"thumbnailUrl":"https:\/\/tammetalu.eu\/wp-content\/uploads\/2023\/10\/Mahe-Minu-lemmiktee-puramiid.jpg","datePublished":"2023-10-20T12:45:44+00:00","dateModified":"2025-01-10T11:48:04+00:00","description":"Minu lemmiktee on mahedalt kasvatatud taimedest tee, mis on aromaatne ja maitserikas ning r\u00f5\u00f5mustab keha ja hinge mitmel moel. Telli Tamme talu e-poest.","breadcrumb":{"@id":"https:\/\/tammetalu.eu\/toode\/mahe-minu-lemmiktee-puramiid\/#breadcrumb"},"inLanguage":"en-US","potentialAction":[{"@type":"ReadAction","target":["https:\/\/tammetalu.eu\/toode\/mahe-minu-lemmiktee-puramiid\/"]}]},{"@type":"ImageObject","inLanguage":"en-US","@id":"https:\/\/tammetalu.eu\/toode\/mahe-minu-lemmiktee-puramiid\/#primaryimage","url":"https:\/\/tammetalu.eu\/wp-content\/uploads\/2023\/10\/Mahe-Minu-lemmiktee-puramiid.jpg","contentUrl":"https:\/\/tammetalu.eu\/wp-content\/uploads\/2023\/10\/Mahe-Minu-lemmiktee-puramiid.jpg","width":960,"height":960,"caption":"Mahe-Minu-lemmiktee-puramiid"},{"@type":"BreadcrumbList","@id":"https:\/\/tammetalu.eu\/toode\/mahe-minu-lemmiktee-puramiid\/#breadcrumb","itemListElement":[{"@type":"ListItem","position":1,"name":"Home","item":"https:\/\/tammetalu.eu\/en\/esileht-eng\/"},{"@type":"ListItem","position":2,"name":"Shop","item":"https:\/\/tammetalu.eu\/en\/shop\/"},{"@type":"ListItem","position":3,"name":"Mahe Minu lemmiktee p\u00fcramiid"}]},{"@type":"WebSite","@id":"https:\/\/tammetalu.eu\/#website","url":"https:\/\/tammetalu.eu\/","name":"Tamme talu \u00fcrdiaed","description":"K\u00e4sit\u00f6\u00f6na valmistatud tooted \u00fcrtidest, \u00fcrdiistikud, \u00fcrtide kollektsioonaed","publisher":{"@id":"https:\/\/tammetalu.eu\/#organization"},"alternateName":"Tamme talu","potentialAction":[{"@type":"SearchAction","target":{"@type":"EntryPoint","urlTemplate":"https:\/\/tammetalu.eu\/?s={search_term_string}"},"query-input":{"@type":"PropertyValueSpecification","valueRequired":true,"valueName":"search_term_string"}}],"inLanguage":"en-US"},{"@type":"Organization","@id":"https:\/\/tammetalu.eu\/#organization","name":"Tamme talu \u00fcrdiaed","alternateName":"Tamme talu","url":"https:\/\/tammetalu.eu\/","logo":{"@type":"ImageObject","inLanguage":"en-US","@id":"https:\/\/tammetalu.eu\/#\/schema\/logo\/image\/","url":"https:\/\/tammetalu.eu\/wp-content\/uploads\/2025\/01\/Tamme_talu_urdiaed.png","contentUrl":"https:\/\/tammetalu.eu\/wp-content\/uploads\/2025\/01\/Tamme_talu_urdiaed.png","width":560,"height":560,"caption":"Tamme talu \u00fcrdiaed"},"image":{"@id":"https:\/\/tammetalu.eu\/#\/schema\/logo\/image\/"},"sameAs":["https:\/\/www.facebook.com\/TammeTaluUrdiaed\/?locale=et_EE","https:\/\/www.instagram.com\/tammetaluurdiaed\/"]}]}},"_links":{"self":[{"href":"https:\/\/tammetalu.eu\/en\/wp-json\/wp\/v2\/product\/19028","targetHints":{"allow":["GET"]}}],"collection":[{"href":"https:\/\/tammetalu.eu\/en\/wp-json\/wp\/v2\/product"}],"about":[{"href":"https:\/\/tammetalu.eu\/en\/wp-json\/wp\/v2\/types\/product"}],"wp:featuredmedia":[{"embeddable":true,"href":"https:\/\/tammetalu.eu\/en\/wp-json\/wp\/v2\/media\/19036"}],"wp:attachment":[{"href":"https:\/\/tammetalu.eu\/en\/wp-json\/wp\/v2\/media?parent=19028"}],"wp:term":[{"taxonomy":"product_brand","embeddable":true,"href":"https:\/\/tammetalu.eu\/en\/wp-json\/wp\/v2\/product_brand?post=19028"},{"taxonomy":"product_cat","embeddable":true,"href":"https:\/\/tammetalu.eu\/en\/wp-json\/wp\/v2\/product_cat?post=19028"},{"taxonomy":"product_tag","embeddable":true,"href":"https:\/\/tammetalu.eu\/en\/wp-json\/wp\/v2\/product_tag?post=19028"}],"curies":[{"name":"wp","href":"https:\/\/api.w.org\/{rel}","templated":true}]}}