{"id":20055,"date":"2024-03-05T15:34:14","date_gmt":"2024-03-05T13:34:14","guid":{"rendered":"https:\/\/tammetalu.eu\/?post_type=product&#038;p=20055"},"modified":"2026-05-04T08:49:29","modified_gmt":"2026-05-04T05:49:29","slug":"metssalvei-caradonna","status":"publish","type":"product","link":"https:\/\/tammetalu.eu\/en\/product\/metssalvei-caradonna\/","title":{"rendered":"Metssalvei &#8220;Caradonna&#8221;"},"content":{"rendered":"","protected":false},"excerpt":{"rendered":"<p><em>Salvia nemorosa<\/em><\/p>\n<p>Metssalvei sort &#8220;Caradonna&#8221; on tumelillade saledate \u00f5isikutega rikkalikult ja kaua \u00f5itsev t\u00e4iesti talvekindel p\u00fcsik. Kasvamiseks sobib tavaline vett h\u00e4sti l\u00e4bilaskev aiamuld ja p\u00e4ikeseline v\u00f5i poolvarjuline kasvukohta. Taime teistkordseks \u00f5itsemiseks on soovitav \u00e4ra\u00f5itsenud \u00f5isikud maha l\u00f5igata. Metssalvei sobib lisaks p\u00fcsikupeenrale ka h\u00e4sti loodusliku ilmega aeda. On v\u00e4ga v\u00e4hen\u00f5udlik ja vastupidav taim.<\/p>\n<p>Aromaatseid \u00f5isi v\u00f5ib kasutada salatites v\u00f5i magustoitudele ja roogadele s\u00f6\u00f6davate kaunistuste lisamiseks. Ravimtaimena kasutatakse metssalvei lehti erinevate maade rahvameditsiinis k\u00f5hulahtisuse raviks ning v\u00e4lispidiselt verejooksude peatamiseks.<\/p>\n","protected":false},"featured_media":20132,"template":"","meta":{"_acf_changed":false,"_et_pb_use_builder":"","_et_pb_old_content":"","_et_gb_content_width":"","inline_featured_image":false},"product_brand":[],"product_cat":[186,247,196],"product_tag":[],"class_list":{"0":"post-20055","1":"product","2":"type-product","3":"status-publish","4":"has-post-thumbnail","6":"product_cat-maitse-ja-ravimtaimede-istikud","7":"product_cat-rohenappude-lemmikud","8":"product_cat-salveid","10":"first","11":"outofstock","12":"taxable","13":"shipping-taxable","14":"purchasable","15":"product-type-simple"},"acf":[],"yoast_head":"<!-- This site is optimized with the Yoast SEO plugin v27.5 - https:\/\/yoast.com\/product\/yoast-seo-wordpress\/ -->\n<title>Metssalvei &quot;Caradonna&quot; - Tamme talu \u00fcrdiaed<\/title>\n<meta name=\"robots\" content=\"index, follow, max-snippet:-1, max-image-preview:large, max-video-preview:-1\" \/>\n<link rel=\"canonical\" href=\"https:\/\/tammetalu.eu\/toode\/metssalvei-caradonna\/\" \/>\n<meta property=\"og:locale\" content=\"en_US\" \/>\n<meta property=\"og:type\" content=\"article\" \/>\n<meta property=\"og:title\" content=\"Metssalvei &quot;Caradonna&quot; - Tamme talu \u00fcrdiaed\" \/>\n<meta property=\"og:description\" content=\"Salvia nemorosa  Metssalvei sort &quot;Caradonna&quot; on tumelillade saledate \u00f5isikutega rikkalikult ja kaua \u00f5itsev t\u00e4iesti talvekindel p\u00fcsik. Kasvamiseks sobib tavaline vett h\u00e4sti l\u00e4bilaskev aiamuld ja p\u00e4ikeseline v\u00f5i poolvarjuline kasvukohta. Taime teistkordseks \u00f5itsemiseks on soovitav \u00e4ra\u00f5itsenud \u00f5isikud maha l\u00f5igata. Metssalvei sobib lisaks p\u00fcsikupeenrale ka h\u00e4sti loodusliku ilmega aeda. On v\u00e4ga v\u00e4hen\u00f5udlik ja vastupidav taim.  Aromaatseid \u00f5isi v\u00f5ib kasutada salatites v\u00f5i magustoitudele ja roogadele s\u00f6\u00f6davate kaunistuste lisamiseks. Ravimtaimena kasutatakse metssalvei lehti erinevate maade rahvameditsiinis k\u00f5hulahtisuse raviks ning v\u00e4lispidiselt verejooksude peatamiseks.\" \/>\n<meta property=\"og:url\" content=\"https:\/\/tammetalu.eu\/toode\/metssalvei-caradonna\/\" \/>\n<meta property=\"og:site_name\" content=\"Tamme talu \u00fcrdiaed\" \/>\n<meta property=\"article:publisher\" content=\"https:\/\/www.facebook.com\/TammeTaluUrdiaed\/?locale=et_EE\" \/>\n<meta property=\"article:modified_time\" content=\"2026-05-04T05:49:29+00:00\" \/>\n<meta property=\"og:image\" content=\"https:\/\/tammetalu.eu\/wp-content\/uploads\/2024\/03\/salvia-nemorosa-caradonna.jpg\" \/>\n\t<meta property=\"og:image:width\" content=\"1500\" \/>\n\t<meta property=\"og:image:height\" content=\"1125\" \/>\n\t<meta property=\"og:image:type\" content=\"image\/jpeg\" \/>\n<meta name=\"twitter:card\" content=\"summary_large_image\" \/>\n<meta name=\"twitter:label1\" content=\"Est. reading time\" \/>\n\t<meta name=\"twitter:data1\" content=\"1 minute\" \/>\n<script type=\"application\/ld+json\" class=\"yoast-schema-graph\">{\"@context\":\"https:\\\/\\\/schema.org\",\"@graph\":[{\"@type\":\"WebPage\",\"@id\":\"https:\\\/\\\/tammetalu.eu\\\/toode\\\/metssalvei-caradonna\\\/\",\"url\":\"https:\\\/\\\/tammetalu.eu\\\/toode\\\/metssalvei-caradonna\\\/\",\"name\":\"Metssalvei \\\"Caradonna\\\" - Tamme talu \u00fcrdiaed\",\"isPartOf\":{\"@id\":\"https:\\\/\\\/tammetalu.eu\\\/#website\"},\"primaryImageOfPage\":{\"@id\":\"https:\\\/\\\/tammetalu.eu\\\/toode\\\/metssalvei-caradonna\\\/#primaryimage\"},\"image\":{\"@id\":\"https:\\\/\\\/tammetalu.eu\\\/toode\\\/metssalvei-caradonna\\\/#primaryimage\"},\"thumbnailUrl\":\"https:\\\/\\\/tammetalu.eu\\\/wp-content\\\/uploads\\\/2024\\\/03\\\/salvia-nemorosa-caradonna.jpg\",\"datePublished\":\"2024-03-05T13:34:14+00:00\",\"dateModified\":\"2026-05-04T05:49:29+00:00\",\"breadcrumb\":{\"@id\":\"https:\\\/\\\/tammetalu.eu\\\/toode\\\/metssalvei-caradonna\\\/#breadcrumb\"},\"inLanguage\":\"en-US\",\"potentialAction\":[{\"@type\":\"ReadAction\",\"target\":[\"https:\\\/\\\/tammetalu.eu\\\/toode\\\/metssalvei-caradonna\\\/\"]}]},{\"@type\":\"ImageObject\",\"inLanguage\":\"en-US\",\"@id\":\"https:\\\/\\\/tammetalu.eu\\\/toode\\\/metssalvei-caradonna\\\/#primaryimage\",\"url\":\"https:\\\/\\\/tammetalu.eu\\\/wp-content\\\/uploads\\\/2024\\\/03\\\/salvia-nemorosa-caradonna.jpg\",\"contentUrl\":\"https:\\\/\\\/tammetalu.eu\\\/wp-content\\\/uploads\\\/2024\\\/03\\\/salvia-nemorosa-caradonna.jpg\",\"width\":1500,\"height\":1125,\"caption\":\"Hoch wachsende Staude mit schwarz-gr\u00fcnen Stielen und imposanter Bl\u00fctenpracht, winterhart\"},{\"@type\":\"BreadcrumbList\",\"@id\":\"https:\\\/\\\/tammetalu.eu\\\/toode\\\/metssalvei-caradonna\\\/#breadcrumb\",\"itemListElement\":[{\"@type\":\"ListItem\",\"position\":1,\"name\":\"Home\",\"item\":\"https:\\\/\\\/tammetalu.eu\\\/en\\\/esileht-eng\\\/\"},{\"@type\":\"ListItem\",\"position\":2,\"name\":\"Shop\",\"item\":\"https:\\\/\\\/tammetalu.eu\\\/en\\\/shop\\\/\"},{\"@type\":\"ListItem\",\"position\":3,\"name\":\"Metssalvei &#8220;Caradonna&#8221;\"}]},{\"@type\":\"WebSite\",\"@id\":\"https:\\\/\\\/tammetalu.eu\\\/#website\",\"url\":\"https:\\\/\\\/tammetalu.eu\\\/\",\"name\":\"Tamme talu \u00fcrdiaed\",\"description\":\"K\u00e4sit\u00f6\u00f6na valmistatud tooted \u00fcrtidest, \u00fcrdiistikud, \u00fcrtide kollektsioonaed\",\"publisher\":{\"@id\":\"https:\\\/\\\/tammetalu.eu\\\/#organization\"},\"alternateName\":\"Tamme talu\",\"potentialAction\":[{\"@type\":\"SearchAction\",\"target\":{\"@type\":\"EntryPoint\",\"urlTemplate\":\"https:\\\/\\\/tammetalu.eu\\\/?s={search_term_string}\"},\"query-input\":{\"@type\":\"PropertyValueSpecification\",\"valueRequired\":true,\"valueName\":\"search_term_string\"}}],\"inLanguage\":\"en-US\"},{\"@type\":\"Organization\",\"@id\":\"https:\\\/\\\/tammetalu.eu\\\/#organization\",\"name\":\"Tamme talu \u00fcrdiaed\",\"alternateName\":\"Tamme talu\",\"url\":\"https:\\\/\\\/tammetalu.eu\\\/\",\"logo\":{\"@type\":\"ImageObject\",\"inLanguage\":\"en-US\",\"@id\":\"https:\\\/\\\/tammetalu.eu\\\/#\\\/schema\\\/logo\\\/image\\\/\",\"url\":\"https:\\\/\\\/tammetalu.eu\\\/wp-content\\\/uploads\\\/2025\\\/01\\\/Tamme_talu_urdiaed.png\",\"contentUrl\":\"https:\\\/\\\/tammetalu.eu\\\/wp-content\\\/uploads\\\/2025\\\/01\\\/Tamme_talu_urdiaed.png\",\"width\":560,\"height\":560,\"caption\":\"Tamme talu \u00fcrdiaed\"},\"image\":{\"@id\":\"https:\\\/\\\/tammetalu.eu\\\/#\\\/schema\\\/logo\\\/image\\\/\"},\"sameAs\":[\"https:\\\/\\\/www.facebook.com\\\/TammeTaluUrdiaed\\\/?locale=et_EE\",\"https:\\\/\\\/www.instagram.com\\\/tammetaluurdiaed\\\/\"]}]}<\/script>\n<!-- \/ Yoast SEO plugin. -->","yoast_head_json":{"title":"Metssalvei \"Caradonna\" - Tamme talu \u00fcrdiaed","robots":{"index":"index","follow":"follow","max-snippet":"max-snippet:-1","max-image-preview":"max-image-preview:large","max-video-preview":"max-video-preview:-1"},"canonical":"https:\/\/tammetalu.eu\/toode\/metssalvei-caradonna\/","og_locale":"en_US","og_type":"article","og_title":"Metssalvei \"Caradonna\" - Tamme talu \u00fcrdiaed","og_description":"Salvia nemorosa  Metssalvei sort \"Caradonna\" on tumelillade saledate \u00f5isikutega rikkalikult ja kaua \u00f5itsev t\u00e4iesti talvekindel p\u00fcsik. Kasvamiseks sobib tavaline vett h\u00e4sti l\u00e4bilaskev aiamuld ja p\u00e4ikeseline v\u00f5i poolvarjuline kasvukohta. Taime teistkordseks \u00f5itsemiseks on soovitav \u00e4ra\u00f5itsenud \u00f5isikud maha l\u00f5igata. Metssalvei sobib lisaks p\u00fcsikupeenrale ka h\u00e4sti loodusliku ilmega aeda. On v\u00e4ga v\u00e4hen\u00f5udlik ja vastupidav taim.  Aromaatseid \u00f5isi v\u00f5ib kasutada salatites v\u00f5i magustoitudele ja roogadele s\u00f6\u00f6davate kaunistuste lisamiseks. Ravimtaimena kasutatakse metssalvei lehti erinevate maade rahvameditsiinis k\u00f5hulahtisuse raviks ning v\u00e4lispidiselt verejooksude peatamiseks.","og_url":"https:\/\/tammetalu.eu\/toode\/metssalvei-caradonna\/","og_site_name":"Tamme talu \u00fcrdiaed","article_publisher":"https:\/\/www.facebook.com\/TammeTaluUrdiaed\/?locale=et_EE","article_modified_time":"2026-05-04T05:49:29+00:00","og_image":[{"width":1500,"height":1125,"url":"https:\/\/tammetalu.eu\/wp-content\/uploads\/2024\/03\/salvia-nemorosa-caradonna.jpg","type":"image\/jpeg"}],"twitter_card":"summary_large_image","twitter_misc":{"Est. reading time":"1 minute"},"schema":{"@context":"https:\/\/schema.org","@graph":[{"@type":"WebPage","@id":"https:\/\/tammetalu.eu\/toode\/metssalvei-caradonna\/","url":"https:\/\/tammetalu.eu\/toode\/metssalvei-caradonna\/","name":"Metssalvei \"Caradonna\" - Tamme talu \u00fcrdiaed","isPartOf":{"@id":"https:\/\/tammetalu.eu\/#website"},"primaryImageOfPage":{"@id":"https:\/\/tammetalu.eu\/toode\/metssalvei-caradonna\/#primaryimage"},"image":{"@id":"https:\/\/tammetalu.eu\/toode\/metssalvei-caradonna\/#primaryimage"},"thumbnailUrl":"https:\/\/tammetalu.eu\/wp-content\/uploads\/2024\/03\/salvia-nemorosa-caradonna.jpg","datePublished":"2024-03-05T13:34:14+00:00","dateModified":"2026-05-04T05:49:29+00:00","breadcrumb":{"@id":"https:\/\/tammetalu.eu\/toode\/metssalvei-caradonna\/#breadcrumb"},"inLanguage":"en-US","potentialAction":[{"@type":"ReadAction","target":["https:\/\/tammetalu.eu\/toode\/metssalvei-caradonna\/"]}]},{"@type":"ImageObject","inLanguage":"en-US","@id":"https:\/\/tammetalu.eu\/toode\/metssalvei-caradonna\/#primaryimage","url":"https:\/\/tammetalu.eu\/wp-content\/uploads\/2024\/03\/salvia-nemorosa-caradonna.jpg","contentUrl":"https:\/\/tammetalu.eu\/wp-content\/uploads\/2024\/03\/salvia-nemorosa-caradonna.jpg","width":1500,"height":1125,"caption":"Hoch wachsende Staude mit schwarz-gr\u00fcnen Stielen und imposanter Bl\u00fctenpracht, winterhart"},{"@type":"BreadcrumbList","@id":"https:\/\/tammetalu.eu\/toode\/metssalvei-caradonna\/#breadcrumb","itemListElement":[{"@type":"ListItem","position":1,"name":"Home","item":"https:\/\/tammetalu.eu\/en\/esileht-eng\/"},{"@type":"ListItem","position":2,"name":"Shop","item":"https:\/\/tammetalu.eu\/en\/shop\/"},{"@type":"ListItem","position":3,"name":"Metssalvei &#8220;Caradonna&#8221;"}]},{"@type":"WebSite","@id":"https:\/\/tammetalu.eu\/#website","url":"https:\/\/tammetalu.eu\/","name":"Tamme talu \u00fcrdiaed","description":"K\u00e4sit\u00f6\u00f6na valmistatud tooted \u00fcrtidest, \u00fcrdiistikud, \u00fcrtide kollektsioonaed","publisher":{"@id":"https:\/\/tammetalu.eu\/#organization"},"alternateName":"Tamme talu","potentialAction":[{"@type":"SearchAction","target":{"@type":"EntryPoint","urlTemplate":"https:\/\/tammetalu.eu\/?s={search_term_string}"},"query-input":{"@type":"PropertyValueSpecification","valueRequired":true,"valueName":"search_term_string"}}],"inLanguage":"en-US"},{"@type":"Organization","@id":"https:\/\/tammetalu.eu\/#organization","name":"Tamme talu \u00fcrdiaed","alternateName":"Tamme talu","url":"https:\/\/tammetalu.eu\/","logo":{"@type":"ImageObject","inLanguage":"en-US","@id":"https:\/\/tammetalu.eu\/#\/schema\/logo\/image\/","url":"https:\/\/tammetalu.eu\/wp-content\/uploads\/2025\/01\/Tamme_talu_urdiaed.png","contentUrl":"https:\/\/tammetalu.eu\/wp-content\/uploads\/2025\/01\/Tamme_talu_urdiaed.png","width":560,"height":560,"caption":"Tamme talu \u00fcrdiaed"},"image":{"@id":"https:\/\/tammetalu.eu\/#\/schema\/logo\/image\/"},"sameAs":["https:\/\/www.facebook.com\/TammeTaluUrdiaed\/?locale=et_EE","https:\/\/www.instagram.com\/tammetaluurdiaed\/"]}]}},"_links":{"self":[{"href":"https:\/\/tammetalu.eu\/en\/wp-json\/wp\/v2\/product\/20055","targetHints":{"allow":["GET"]}}],"collection":[{"href":"https:\/\/tammetalu.eu\/en\/wp-json\/wp\/v2\/product"}],"about":[{"href":"https:\/\/tammetalu.eu\/en\/wp-json\/wp\/v2\/types\/product"}],"wp:featuredmedia":[{"embeddable":true,"href":"https:\/\/tammetalu.eu\/en\/wp-json\/wp\/v2\/media\/20132"}],"wp:attachment":[{"href":"https:\/\/tammetalu.eu\/en\/wp-json\/wp\/v2\/media?parent=20055"}],"wp:term":[{"taxonomy":"product_brand","embeddable":true,"href":"https:\/\/tammetalu.eu\/en\/wp-json\/wp\/v2\/product_brand?post=20055"},{"taxonomy":"product_cat","embeddable":true,"href":"https:\/\/tammetalu.eu\/en\/wp-json\/wp\/v2\/product_cat?post=20055"},{"taxonomy":"product_tag","embeddable":true,"href":"https:\/\/tammetalu.eu\/en\/wp-json\/wp\/v2\/product_tag?post=20055"}],"curies":[{"name":"wp","href":"https:\/\/api.w.org\/{rel}","templated":true}]}}