{"id":20160,"date":"2024-03-14T17:57:15","date_gmt":"2024-03-14T15:57:15","guid":{"rendered":"https:\/\/tammetalu.eu\/?post_type=product&#038;p=20160"},"modified":"2026-05-04T08:49:29","modified_gmt":"2026-05-04T05:49:29","slug":"harilik-tonnike-pinky","status":"publish","type":"product","link":"https:\/\/tammetalu.eu\/en\/product\/harilik-tonnike-pinky\/","title":{"rendered":"Harilik t\u00f5nnike Stachys officinalis &#8220;Pinky&#8221;"},"content":{"rendered":"","protected":false},"excerpt":{"rendered":"<p><em>Betonica officinalis <\/em>s\u00fcn.\u00a0<em>Stachys officinalis<\/em><\/p>\n<p>Harilik t\u00f5nnike &#8220;Pinky&#8221; on kena v\u00e4limusega ja kasvab ca 40 cm k\u00f5rguseks. Juunist kuni augustini \u00f5itseb taim rikkalikult heleroosade \u00f5itega. Kordus\u00f5itsemist saab ergutada \u00e4ra\u00f5itsenud \u00f5isikute eemaldamisega.<\/p>\n<p>Harilik t\u00f5nnike on v\u00e4ga v\u00e4hen\u00f5udlik ja talvekindel p\u00fcsik parasniiske viljakama mullaga kasvupaika. Sobib kasvama ka loodusaedadesse ja varjulisematesse kohtadesse.<\/p>\n<p>Meelitab \u00f5itsemise ajal aeda hulgaliselt tolmeldajaid. Hariliku t\u00f5nnikese k\u00f5ik osad on s\u00f6\u00f6davad. V\u00e4rskeid v\u00f5i kuivatatud lehti saab kasutada kergelt v\u00fcrtsika maitsega tee valmistamiseks, \u00f5isi ja lehti v\u00f5ib lisada salatitesse v\u00f5i muudesse roogadesse.<\/p>\n<p>Harilikku t\u00f5nnikest teatakse ka kui ravimtaime soojendava ja veidi rahustava toime poolest. T\u00f5nnikese lehtede t\u00f5mmisega juuste loputamine annab juustele erilise s\u00e4ra. On v\u00e4rvitaim, millest saab kollast v\u00e4rvi.<\/p>\n","protected":false},"featured_media":17817,"template":"","meta":{"_acf_changed":false,"_et_pb_use_builder":"","_et_pb_old_content":"","_et_gb_content_width":"","inline_featured_image":false},"product_brand":[],"product_cat":[186,203],"product_tag":[],"class_list":{"0":"post-20160","1":"product","2":"type-product","3":"status-publish","4":"has-post-thumbnail","6":"product_cat-maitse-ja-ravimtaimede-istikud","7":"product_cat-ponevad-koogiviljad","9":"first","10":"outofstock","11":"taxable","12":"shipping-taxable","13":"purchasable","14":"product-type-simple"},"acf":[],"yoast_head":"<!-- This site is optimized with the Yoast SEO plugin v27.5 - https:\/\/yoast.com\/product\/yoast-seo-wordpress\/ -->\n<title>Harilik t\u00f5nnike Stachys officinalis &quot;Pinky&quot; - Tamme talu \u00fcrdiaed<\/title>\n<meta name=\"robots\" content=\"index, follow, max-snippet:-1, max-image-preview:large, max-video-preview:-1\" \/>\n<link rel=\"canonical\" href=\"https:\/\/tammetalu.eu\/toode\/harilik-tonnike-pinky\/\" \/>\n<meta property=\"og:locale\" content=\"en_US\" \/>\n<meta property=\"og:type\" content=\"article\" \/>\n<meta property=\"og:title\" content=\"Harilik t\u00f5nnike Stachys officinalis &quot;Pinky&quot; - Tamme talu \u00fcrdiaed\" \/>\n<meta property=\"og:description\" content=\"Betonica officinalis s\u00fcn.\u00a0Stachys officinalis  Harilik t\u00f5nnike &quot;Pinky&quot; on kena v\u00e4limusega ja kasvab ca 40 cm k\u00f5rguseks. Juunist kuni augustini \u00f5itseb taim rikkalikult heleroosade \u00f5itega. Kordus\u00f5itsemist saab ergutada \u00e4ra\u00f5itsenud \u00f5isikute eemaldamisega.  Harilik t\u00f5nnike on v\u00e4ga v\u00e4hen\u00f5udlik ja talvekindel p\u00fcsik parasniiske viljakama mullaga kasvupaika. Sobib kasvama ka loodusaedadesse ja varjulisematesse kohtadesse.  Meelitab \u00f5itsemise ajal aeda hulgaliselt tolmeldajaid. Hariliku t\u00f5nnikese k\u00f5ik osad on s\u00f6\u00f6davad. V\u00e4rskeid v\u00f5i kuivatatud lehti saab kasutada kergelt v\u00fcrtsika maitsega tee valmistamiseks, \u00f5isi ja lehti v\u00f5ib lisada salatitesse v\u00f5i muudesse roogadesse.  Harilikku t\u00f5nnikest teatakse ka kui ravimtaime soojendava ja veidi rahustava toime poolest. T\u00f5nnikese lehtede t\u00f5mmisega juuste loputamine annab juustele erilise s\u00e4ra. On v\u00e4rvitaim, millest saab kollast v\u00e4rvi.\" \/>\n<meta property=\"og:url\" content=\"https:\/\/tammetalu.eu\/toode\/harilik-tonnike-pinky\/\" \/>\n<meta property=\"og:site_name\" content=\"Tamme talu \u00fcrdiaed\" \/>\n<meta property=\"article:publisher\" content=\"https:\/\/www.facebook.com\/TammeTaluUrdiaed\/?locale=et_EE\" \/>\n<meta property=\"article:modified_time\" content=\"2026-05-04T05:49:29+00:00\" \/>\n<meta property=\"og:image\" content=\"https:\/\/tammetalu.eu\/wp-content\/uploads\/2023\/04\/Mugul-noianoges-Stachys-affinis-tamme-talu-urdiaed.jpg\" \/>\n\t<meta property=\"og:image:width\" content=\"194\" \/>\n\t<meta property=\"og:image:height\" content=\"259\" \/>\n\t<meta property=\"og:image:type\" content=\"image\/jpeg\" \/>\n<meta name=\"twitter:card\" content=\"summary_large_image\" \/>\n<meta name=\"twitter:label1\" content=\"Est. reading time\" \/>\n\t<meta name=\"twitter:data1\" content=\"1 minute\" \/>\n<script type=\"application\/ld+json\" class=\"yoast-schema-graph\">{\"@context\":\"https:\\\/\\\/schema.org\",\"@graph\":[{\"@type\":\"WebPage\",\"@id\":\"https:\\\/\\\/tammetalu.eu\\\/toode\\\/harilik-tonnike-pinky\\\/\",\"url\":\"https:\\\/\\\/tammetalu.eu\\\/toode\\\/harilik-tonnike-pinky\\\/\",\"name\":\"Harilik t\u00f5nnike Stachys officinalis \\\"Pinky\\\" - Tamme talu \u00fcrdiaed\",\"isPartOf\":{\"@id\":\"https:\\\/\\\/tammetalu.eu\\\/#website\"},\"primaryImageOfPage\":{\"@id\":\"https:\\\/\\\/tammetalu.eu\\\/toode\\\/harilik-tonnike-pinky\\\/#primaryimage\"},\"image\":{\"@id\":\"https:\\\/\\\/tammetalu.eu\\\/toode\\\/harilik-tonnike-pinky\\\/#primaryimage\"},\"thumbnailUrl\":\"https:\\\/\\\/tammetalu.eu\\\/wp-content\\\/uploads\\\/2023\\\/04\\\/Mugul-noianoges-Stachys-affinis-tamme-talu-urdiaed.jpg\",\"datePublished\":\"2024-03-14T15:57:15+00:00\",\"dateModified\":\"2026-05-04T05:49:29+00:00\",\"breadcrumb\":{\"@id\":\"https:\\\/\\\/tammetalu.eu\\\/toode\\\/harilik-tonnike-pinky\\\/#breadcrumb\"},\"inLanguage\":\"en-US\",\"potentialAction\":[{\"@type\":\"ReadAction\",\"target\":[\"https:\\\/\\\/tammetalu.eu\\\/toode\\\/harilik-tonnike-pinky\\\/\"]}]},{\"@type\":\"ImageObject\",\"inLanguage\":\"en-US\",\"@id\":\"https:\\\/\\\/tammetalu.eu\\\/toode\\\/harilik-tonnike-pinky\\\/#primaryimage\",\"url\":\"https:\\\/\\\/tammetalu.eu\\\/wp-content\\\/uploads\\\/2023\\\/04\\\/Mugul-noianoges-Stachys-affinis-tamme-talu-urdiaed.jpg\",\"contentUrl\":\"https:\\\/\\\/tammetalu.eu\\\/wp-content\\\/uploads\\\/2023\\\/04\\\/Mugul-noianoges-Stachys-affinis-tamme-talu-urdiaed.jpg\",\"width\":194,\"height\":259,\"caption\":\"Mugul-noianoges-Stachys-affinis-tamme-talu-urdiaed\"},{\"@type\":\"BreadcrumbList\",\"@id\":\"https:\\\/\\\/tammetalu.eu\\\/toode\\\/harilik-tonnike-pinky\\\/#breadcrumb\",\"itemListElement\":[{\"@type\":\"ListItem\",\"position\":1,\"name\":\"Home\",\"item\":\"https:\\\/\\\/tammetalu.eu\\\/en\\\/esileht-eng\\\/\"},{\"@type\":\"ListItem\",\"position\":2,\"name\":\"Shop\",\"item\":\"https:\\\/\\\/tammetalu.eu\\\/en\\\/shop\\\/\"},{\"@type\":\"ListItem\",\"position\":3,\"name\":\"Harilik t\u00f5nnike Stachys officinalis &#8220;Pinky&#8221;\"}]},{\"@type\":\"WebSite\",\"@id\":\"https:\\\/\\\/tammetalu.eu\\\/#website\",\"url\":\"https:\\\/\\\/tammetalu.eu\\\/\",\"name\":\"Tamme talu \u00fcrdiaed\",\"description\":\"K\u00e4sit\u00f6\u00f6na valmistatud tooted \u00fcrtidest, \u00fcrdiistikud, \u00fcrtide kollektsioonaed\",\"publisher\":{\"@id\":\"https:\\\/\\\/tammetalu.eu\\\/#organization\"},\"alternateName\":\"Tamme talu\",\"potentialAction\":[{\"@type\":\"SearchAction\",\"target\":{\"@type\":\"EntryPoint\",\"urlTemplate\":\"https:\\\/\\\/tammetalu.eu\\\/?s={search_term_string}\"},\"query-input\":{\"@type\":\"PropertyValueSpecification\",\"valueRequired\":true,\"valueName\":\"search_term_string\"}}],\"inLanguage\":\"en-US\"},{\"@type\":\"Organization\",\"@id\":\"https:\\\/\\\/tammetalu.eu\\\/#organization\",\"name\":\"Tamme talu \u00fcrdiaed\",\"alternateName\":\"Tamme talu\",\"url\":\"https:\\\/\\\/tammetalu.eu\\\/\",\"logo\":{\"@type\":\"ImageObject\",\"inLanguage\":\"en-US\",\"@id\":\"https:\\\/\\\/tammetalu.eu\\\/#\\\/schema\\\/logo\\\/image\\\/\",\"url\":\"https:\\\/\\\/tammetalu.eu\\\/wp-content\\\/uploads\\\/2025\\\/01\\\/Tamme_talu_urdiaed.png\",\"contentUrl\":\"https:\\\/\\\/tammetalu.eu\\\/wp-content\\\/uploads\\\/2025\\\/01\\\/Tamme_talu_urdiaed.png\",\"width\":560,\"height\":560,\"caption\":\"Tamme talu \u00fcrdiaed\"},\"image\":{\"@id\":\"https:\\\/\\\/tammetalu.eu\\\/#\\\/schema\\\/logo\\\/image\\\/\"},\"sameAs\":[\"https:\\\/\\\/www.facebook.com\\\/TammeTaluUrdiaed\\\/?locale=et_EE\",\"https:\\\/\\\/www.instagram.com\\\/tammetaluurdiaed\\\/\"]}]}<\/script>\n<!-- \/ Yoast SEO plugin. -->","yoast_head_json":{"title":"Harilik t\u00f5nnike Stachys officinalis \"Pinky\" - Tamme talu \u00fcrdiaed","robots":{"index":"index","follow":"follow","max-snippet":"max-snippet:-1","max-image-preview":"max-image-preview:large","max-video-preview":"max-video-preview:-1"},"canonical":"https:\/\/tammetalu.eu\/toode\/harilik-tonnike-pinky\/","og_locale":"en_US","og_type":"article","og_title":"Harilik t\u00f5nnike Stachys officinalis \"Pinky\" - Tamme talu \u00fcrdiaed","og_description":"Betonica officinalis s\u00fcn.\u00a0Stachys officinalis  Harilik t\u00f5nnike \"Pinky\" on kena v\u00e4limusega ja kasvab ca 40 cm k\u00f5rguseks. Juunist kuni augustini \u00f5itseb taim rikkalikult heleroosade \u00f5itega. Kordus\u00f5itsemist saab ergutada \u00e4ra\u00f5itsenud \u00f5isikute eemaldamisega.  Harilik t\u00f5nnike on v\u00e4ga v\u00e4hen\u00f5udlik ja talvekindel p\u00fcsik parasniiske viljakama mullaga kasvupaika. Sobib kasvama ka loodusaedadesse ja varjulisematesse kohtadesse.  Meelitab \u00f5itsemise ajal aeda hulgaliselt tolmeldajaid. Hariliku t\u00f5nnikese k\u00f5ik osad on s\u00f6\u00f6davad. V\u00e4rskeid v\u00f5i kuivatatud lehti saab kasutada kergelt v\u00fcrtsika maitsega tee valmistamiseks, \u00f5isi ja lehti v\u00f5ib lisada salatitesse v\u00f5i muudesse roogadesse.  Harilikku t\u00f5nnikest teatakse ka kui ravimtaime soojendava ja veidi rahustava toime poolest. T\u00f5nnikese lehtede t\u00f5mmisega juuste loputamine annab juustele erilise s\u00e4ra. On v\u00e4rvitaim, millest saab kollast v\u00e4rvi.","og_url":"https:\/\/tammetalu.eu\/toode\/harilik-tonnike-pinky\/","og_site_name":"Tamme talu \u00fcrdiaed","article_publisher":"https:\/\/www.facebook.com\/TammeTaluUrdiaed\/?locale=et_EE","article_modified_time":"2026-05-04T05:49:29+00:00","og_image":[{"width":194,"height":259,"url":"https:\/\/tammetalu.eu\/wp-content\/uploads\/2023\/04\/Mugul-noianoges-Stachys-affinis-tamme-talu-urdiaed.jpg","type":"image\/jpeg"}],"twitter_card":"summary_large_image","twitter_misc":{"Est. reading time":"1 minute"},"schema":{"@context":"https:\/\/schema.org","@graph":[{"@type":"WebPage","@id":"https:\/\/tammetalu.eu\/toode\/harilik-tonnike-pinky\/","url":"https:\/\/tammetalu.eu\/toode\/harilik-tonnike-pinky\/","name":"Harilik t\u00f5nnike Stachys officinalis \"Pinky\" - Tamme talu \u00fcrdiaed","isPartOf":{"@id":"https:\/\/tammetalu.eu\/#website"},"primaryImageOfPage":{"@id":"https:\/\/tammetalu.eu\/toode\/harilik-tonnike-pinky\/#primaryimage"},"image":{"@id":"https:\/\/tammetalu.eu\/toode\/harilik-tonnike-pinky\/#primaryimage"},"thumbnailUrl":"https:\/\/tammetalu.eu\/wp-content\/uploads\/2023\/04\/Mugul-noianoges-Stachys-affinis-tamme-talu-urdiaed.jpg","datePublished":"2024-03-14T15:57:15+00:00","dateModified":"2026-05-04T05:49:29+00:00","breadcrumb":{"@id":"https:\/\/tammetalu.eu\/toode\/harilik-tonnike-pinky\/#breadcrumb"},"inLanguage":"en-US","potentialAction":[{"@type":"ReadAction","target":["https:\/\/tammetalu.eu\/toode\/harilik-tonnike-pinky\/"]}]},{"@type":"ImageObject","inLanguage":"en-US","@id":"https:\/\/tammetalu.eu\/toode\/harilik-tonnike-pinky\/#primaryimage","url":"https:\/\/tammetalu.eu\/wp-content\/uploads\/2023\/04\/Mugul-noianoges-Stachys-affinis-tamme-talu-urdiaed.jpg","contentUrl":"https:\/\/tammetalu.eu\/wp-content\/uploads\/2023\/04\/Mugul-noianoges-Stachys-affinis-tamme-talu-urdiaed.jpg","width":194,"height":259,"caption":"Mugul-noianoges-Stachys-affinis-tamme-talu-urdiaed"},{"@type":"BreadcrumbList","@id":"https:\/\/tammetalu.eu\/toode\/harilik-tonnike-pinky\/#breadcrumb","itemListElement":[{"@type":"ListItem","position":1,"name":"Home","item":"https:\/\/tammetalu.eu\/en\/esileht-eng\/"},{"@type":"ListItem","position":2,"name":"Shop","item":"https:\/\/tammetalu.eu\/en\/shop\/"},{"@type":"ListItem","position":3,"name":"Harilik t\u00f5nnike Stachys officinalis &#8220;Pinky&#8221;"}]},{"@type":"WebSite","@id":"https:\/\/tammetalu.eu\/#website","url":"https:\/\/tammetalu.eu\/","name":"Tamme talu \u00fcrdiaed","description":"K\u00e4sit\u00f6\u00f6na valmistatud tooted \u00fcrtidest, \u00fcrdiistikud, \u00fcrtide kollektsioonaed","publisher":{"@id":"https:\/\/tammetalu.eu\/#organization"},"alternateName":"Tamme talu","potentialAction":[{"@type":"SearchAction","target":{"@type":"EntryPoint","urlTemplate":"https:\/\/tammetalu.eu\/?s={search_term_string}"},"query-input":{"@type":"PropertyValueSpecification","valueRequired":true,"valueName":"search_term_string"}}],"inLanguage":"en-US"},{"@type":"Organization","@id":"https:\/\/tammetalu.eu\/#organization","name":"Tamme talu \u00fcrdiaed","alternateName":"Tamme talu","url":"https:\/\/tammetalu.eu\/","logo":{"@type":"ImageObject","inLanguage":"en-US","@id":"https:\/\/tammetalu.eu\/#\/schema\/logo\/image\/","url":"https:\/\/tammetalu.eu\/wp-content\/uploads\/2025\/01\/Tamme_talu_urdiaed.png","contentUrl":"https:\/\/tammetalu.eu\/wp-content\/uploads\/2025\/01\/Tamme_talu_urdiaed.png","width":560,"height":560,"caption":"Tamme talu \u00fcrdiaed"},"image":{"@id":"https:\/\/tammetalu.eu\/#\/schema\/logo\/image\/"},"sameAs":["https:\/\/www.facebook.com\/TammeTaluUrdiaed\/?locale=et_EE","https:\/\/www.instagram.com\/tammetaluurdiaed\/"]}]}},"_links":{"self":[{"href":"https:\/\/tammetalu.eu\/en\/wp-json\/wp\/v2\/product\/20160","targetHints":{"allow":["GET"]}}],"collection":[{"href":"https:\/\/tammetalu.eu\/en\/wp-json\/wp\/v2\/product"}],"about":[{"href":"https:\/\/tammetalu.eu\/en\/wp-json\/wp\/v2\/types\/product"}],"wp:featuredmedia":[{"embeddable":true,"href":"https:\/\/tammetalu.eu\/en\/wp-json\/wp\/v2\/media\/17817"}],"wp:attachment":[{"href":"https:\/\/tammetalu.eu\/en\/wp-json\/wp\/v2\/media?parent=20160"}],"wp:term":[{"taxonomy":"product_brand","embeddable":true,"href":"https:\/\/tammetalu.eu\/en\/wp-json\/wp\/v2\/product_brand?post=20160"},{"taxonomy":"product_cat","embeddable":true,"href":"https:\/\/tammetalu.eu\/en\/wp-json\/wp\/v2\/product_cat?post=20160"},{"taxonomy":"product_tag","embeddable":true,"href":"https:\/\/tammetalu.eu\/en\/wp-json\/wp\/v2\/product_tag?post=20160"}],"curies":[{"name":"wp","href":"https:\/\/api.w.org\/{rel}","templated":true}]}}