{"id":20166,"date":"2024-03-14T20:23:31","date_gmt":"2024-03-14T18:23:31","guid":{"rendered":"https:\/\/tammetalu.eu\/?post_type=product&#038;p=20166"},"modified":"2026-04-25T15:07:39","modified_gmt":"2026-04-25T12:07:39","slug":"ohetav-janesekapsas-pink-pillow","status":"publish","type":"product","link":"https:\/\/tammetalu.eu\/en\/product\/ohetav-janesekapsas-pink-pillow\/","title":{"rendered":"\u00d5hetav j\u00e4nesekapsas &#8220;Pink Pillow&#8221;"},"content":{"rendered":"","protected":false},"excerpt":{"rendered":"<p><em>Oxalis articulata\u00a0<\/em><\/p>\n<p>\u00d5hetav j\u00e4nesekapsas &#8220;Pink Pillow&#8221; on roheliste lehtede ja roosade valkja neeluga \u00f5itega armas taimeke. Taim on p\u00e4rit L\u00f5una-Ameerikast, kus ta looduslikult esineb.<\/p>\n<p>\u00d5hetav j\u00e4nesekapsas kasvab h\u00e4sti nii t\u00e4isp\u00e4ikeses kui poolvarjus ja pigem happelisemas aiamullas. Kastmise suhtes on \u00fcsna leplik. Mina olen aastaid kasvatanud \u00f5hetavat j\u00e4nesekapsast potitaimena, sest siis tuleb\u00a0 taime muljetavaldav v\u00e4limus eriti esile. Lisaks on potis kasvavat j\u00e4nesekapsast lihtne ka talvekorterisse seada, sest see k\u00fclma\u00f5rn j\u00e4nesekapsas ei talvitu meil peenras.<\/p>\n<p>S\u00fcgisel, juba enne esimesi \u00f6\u00f6k\u00fclmi, l\u00f5petan ma taime kastmise. Kui esimesed \u00f6\u00f6k\u00fclmad taime lehed \u00e4ra v\u00f5tavad, t\u00f5stan ma taime koos potiga tuppa pimedasse kuiva kohta ja unustan kuni kevadeni. Siis on paras aeg taime ka paljundada, nimelt puhastan risoomid kuivast mullast ja panen v\u00e4rskesse mulda kuni 5 cm s\u00fcgavusele. Parim muld on h\u00e4sti vett l\u00e4bi laskev ja veidi happeline.<\/p>\n<p>Parimaks istutusn\u00f5uks on j\u00e4nesekapsale pigem laiem ja mitte eriti s\u00fcgav anum. Potid t\u00f5stan valguse k\u00e4tte m\u00e4rtsis ja alustan tagasihoidliku kastmisega. \u00d5ige pea n\u00e4itab taim kasvu algust. Kui on soov j\u00e4nesekapsast \u00fcheaastase peenralillena kasvatada, siis risoomide mahapaneku aeg on mais, kui ilmad juba v\u00e4he soojemad on. Peenrast on taime v\u00e4ikeseid sibulakesi s\u00fcgisel \u00fcsna t\u00fc\u00fctu v\u00e4lja noppida.<\/p>\n<p>Taime lehed ja \u00f5ied on m\u00f5nusalt hapud ja sisaldavad C-vitamiini. Sobivad salatitesse, toitude kaunistamiseks ja niisama n\u00e4ksimiseks.<\/p>\n<p>J\u00e4nesekapsaste kasvatamise ja kasutamise kohta loe l\u00e4hemalt <span style=\"color: #008000\"><a style=\"color: #008000\" href=\"https:\/\/tammetalu.eu\/janesekapsad-blogipostitus\/\">Tamme talu \u00fcrdiaia blogist.<\/a><\/span><\/p>\n","protected":false},"featured_media":21207,"template":"","meta":{"_acf_changed":false,"_et_pb_use_builder":"","_et_pb_old_content":"","_et_gb_content_width":"","inline_featured_image":false},"product_brand":[],"product_cat":[186,206],"product_tag":[],"class_list":{"0":"post-20166","1":"product","2":"type-product","3":"status-publish","4":"has-post-thumbnail","6":"product_cat-maitse-ja-ravimtaimede-istikud","7":"product_cat-janesekapsad","9":"first","10":"instock","11":"sale","12":"taxable","13":"shipping-taxable","14":"purchasable","15":"product-type-simple"},"acf":[],"yoast_head":"<!-- This site is optimized with the Yoast SEO plugin v26.4 - https:\/\/yoast.com\/wordpress\/plugins\/seo\/ -->\n<title>\u00d5hetav j\u00e4nesekapsas &quot;Pink Pillow&quot; - Tamme talu \u00fcrdiaed<\/title>\n<meta name=\"robots\" content=\"index, follow, max-snippet:-1, max-image-preview:large, max-video-preview:-1\" \/>\n<link rel=\"canonical\" href=\"https:\/\/tammetalu.eu\/toode\/ohetav-janesekapsas-pink-pillow\/\" \/>\n<meta property=\"og:locale\" content=\"en_US\" \/>\n<meta property=\"og:type\" content=\"article\" \/>\n<meta property=\"og:title\" content=\"\u00d5hetav j\u00e4nesekapsas &quot;Pink Pillow&quot; - Tamme talu \u00fcrdiaed\" \/>\n<meta property=\"og:description\" content=\"Oxalis articulata\u00a0\u00d5hetav j\u00e4nesekapsas &quot;Pink Pillow&quot; on roheliste lehtede ja roosade valkja neeluga \u00f5itega armas taimeke. Taim on p\u00e4rit L\u00f5una-Ameerikast, kus ta looduslikult esineb.\u00d5hetav j\u00e4nesekapsas kasvab h\u00e4sti nii t\u00e4isp\u00e4ikeses kui poolvarjus ja pigem happelisemas aiamullas. Kastmise suhtes on \u00fcsna leplik. Mina olen aastaid kasvatanud \u00f5hetavat j\u00e4nesekapsast potitaimena, sest siis tuleb\u00a0 taime muljetavaldav v\u00e4limus eriti esile. Lisaks on potis kasvavat j\u00e4nesekapsast lihtne ka talvekorterisse seada, sest see k\u00fclma\u00f5rn j\u00e4nesekapsas ei talvitu meil peenras.S\u00fcgisel, juba enne esimesi \u00f6\u00f6k\u00fclmi, l\u00f5petan ma taime kastmise. Kui esimesed \u00f6\u00f6k\u00fclmad taime lehed \u00e4ra v\u00f5tavad, t\u00f5stan ma taime koos potiga tuppa pimedasse kuiva kohta ja unustan kuni kevadeni. Siis on paras aeg taime ka paljundada, nimelt puhastan risoomid kuivast mullast ja panen v\u00e4rskesse mulda kuni 5 cm s\u00fcgavusele. Parim muld on h\u00e4sti vett l\u00e4bi laskev ja veidi happeline.Parimaks istutusn\u00f5uks on j\u00e4nesekapsale pigem laiem ja mitte eriti s\u00fcgav anum. Potid t\u00f5stan valguse k\u00e4tte m\u00e4rtsis ja alustan tagasihoidliku kastmisega. \u00d5ige pea n\u00e4itab taim kasvu algust. Kui on soov j\u00e4nesekapsast \u00fcheaastase peenralillena kasvatada, siis risoomide mahapaneku aeg on mais, kui ilmad juba v\u00e4he soojemad on. Peenrast on taime v\u00e4ikeseid sibulakesi s\u00fcgisel \u00fcsna t\u00fc\u00fctu v\u00e4lja noppida.Taime lehed ja \u00f5ied on m\u00f5nusalt hapud ja sisaldavad C-vitamiini. Sobivad salatitesse, toitude kaunistamiseks ja niisama n\u00e4ksimiseks.J\u00e4nesekapsaste kasvatamise ja kasutamise kohta loe l\u00e4hemalt Tamme talu \u00fcrdiaia blogist.\" \/>\n<meta property=\"og:url\" content=\"https:\/\/tammetalu.eu\/toode\/ohetav-janesekapsas-pink-pillow\/\" \/>\n<meta property=\"og:site_name\" content=\"Tamme talu \u00fcrdiaed\" \/>\n<meta property=\"article:publisher\" content=\"https:\/\/www.facebook.com\/TammeTaluUrdiaed\/?locale=et_EE\" \/>\n<meta property=\"article:modified_time\" content=\"2026-04-25T12:07:39+00:00\" \/>\n<meta property=\"og:image\" content=\"https:\/\/tammetalu.eu\/wp-content\/uploads\/2024\/03\/F1182A4D-FD6C-4540-BE3C-95959BF54C3E-scaled.jpeg\" \/>\n\t<meta property=\"og:image:width\" content=\"1920\" \/>\n\t<meta property=\"og:image:height\" content=\"2560\" \/>\n\t<meta property=\"og:image:type\" content=\"image\/jpeg\" \/>\n<meta name=\"twitter:card\" content=\"summary_large_image\" \/>\n<meta name=\"twitter:label1\" content=\"Est. reading time\" \/>\n\t<meta name=\"twitter:data1\" content=\"1 minute\" \/>\n<script type=\"application\/ld+json\" class=\"yoast-schema-graph\">{\"@context\":\"https:\/\/schema.org\",\"@graph\":[{\"@type\":\"WebPage\",\"@id\":\"https:\/\/tammetalu.eu\/toode\/ohetav-janesekapsas-pink-pillow\/\",\"url\":\"https:\/\/tammetalu.eu\/toode\/ohetav-janesekapsas-pink-pillow\/\",\"name\":\"\u00d5hetav j\u00e4nesekapsas \\\"Pink Pillow\\\" - Tamme talu \u00fcrdiaed\",\"isPartOf\":{\"@id\":\"https:\/\/tammetalu.eu\/#website\"},\"primaryImageOfPage\":{\"@id\":\"https:\/\/tammetalu.eu\/toode\/ohetav-janesekapsas-pink-pillow\/#primaryimage\"},\"image\":{\"@id\":\"https:\/\/tammetalu.eu\/toode\/ohetav-janesekapsas-pink-pillow\/#primaryimage\"},\"thumbnailUrl\":\"https:\/\/tammetalu.eu\/wp-content\/uploads\/2024\/03\/F1182A4D-FD6C-4540-BE3C-95959BF54C3E-scaled.jpeg\",\"datePublished\":\"2024-03-14T18:23:31+00:00\",\"dateModified\":\"2026-04-25T12:07:39+00:00\",\"breadcrumb\":{\"@id\":\"https:\/\/tammetalu.eu\/toode\/ohetav-janesekapsas-pink-pillow\/#breadcrumb\"},\"inLanguage\":\"en-US\",\"potentialAction\":[{\"@type\":\"ReadAction\",\"target\":[\"https:\/\/tammetalu.eu\/toode\/ohetav-janesekapsas-pink-pillow\/\"]}]},{\"@type\":\"ImageObject\",\"inLanguage\":\"en-US\",\"@id\":\"https:\/\/tammetalu.eu\/toode\/ohetav-janesekapsas-pink-pillow\/#primaryimage\",\"url\":\"https:\/\/tammetalu.eu\/wp-content\/uploads\/2024\/03\/F1182A4D-FD6C-4540-BE3C-95959BF54C3E-scaled.jpeg\",\"contentUrl\":\"https:\/\/tammetalu.eu\/wp-content\/uploads\/2024\/03\/F1182A4D-FD6C-4540-BE3C-95959BF54C3E-scaled.jpeg\",\"width\":1920,\"height\":2560},{\"@type\":\"BreadcrumbList\",\"@id\":\"https:\/\/tammetalu.eu\/toode\/ohetav-janesekapsas-pink-pillow\/#breadcrumb\",\"itemListElement\":[{\"@type\":\"ListItem\",\"position\":1,\"name\":\"Home\",\"item\":\"https:\/\/tammetalu.eu\/en\/esileht-eng\/\"},{\"@type\":\"ListItem\",\"position\":2,\"name\":\"Shop\",\"item\":\"https:\/\/tammetalu.eu\/en\/shop\/\"},{\"@type\":\"ListItem\",\"position\":3,\"name\":\"\u00d5hetav j\u00e4nesekapsas &#8220;Pink Pillow&#8221;\"}]},{\"@type\":\"WebSite\",\"@id\":\"https:\/\/tammetalu.eu\/#website\",\"url\":\"https:\/\/tammetalu.eu\/\",\"name\":\"Tamme talu \u00fcrdiaed\",\"description\":\"K\u00e4sit\u00f6\u00f6na valmistatud tooted \u00fcrtidest, \u00fcrdiistikud, \u00fcrtide kollektsioonaed\",\"publisher\":{\"@id\":\"https:\/\/tammetalu.eu\/#organization\"},\"alternateName\":\"Tamme talu\",\"potentialAction\":[{\"@type\":\"SearchAction\",\"target\":{\"@type\":\"EntryPoint\",\"urlTemplate\":\"https:\/\/tammetalu.eu\/?s={search_term_string}\"},\"query-input\":{\"@type\":\"PropertyValueSpecification\",\"valueRequired\":true,\"valueName\":\"search_term_string\"}}],\"inLanguage\":\"en-US\"},{\"@type\":\"Organization\",\"@id\":\"https:\/\/tammetalu.eu\/#organization\",\"name\":\"Tamme talu \u00fcrdiaed\",\"alternateName\":\"Tamme talu\",\"url\":\"https:\/\/tammetalu.eu\/\",\"logo\":{\"@type\":\"ImageObject\",\"inLanguage\":\"en-US\",\"@id\":\"https:\/\/tammetalu.eu\/#\/schema\/logo\/image\/\",\"url\":\"https:\/\/tammetalu.eu\/wp-content\/uploads\/2025\/01\/Tamme_talu_urdiaed.png\",\"contentUrl\":\"https:\/\/tammetalu.eu\/wp-content\/uploads\/2025\/01\/Tamme_talu_urdiaed.png\",\"width\":560,\"height\":560,\"caption\":\"Tamme talu \u00fcrdiaed\"},\"image\":{\"@id\":\"https:\/\/tammetalu.eu\/#\/schema\/logo\/image\/\"},\"sameAs\":[\"https:\/\/www.facebook.com\/TammeTaluUrdiaed\/?locale=et_EE\",\"https:\/\/www.instagram.com\/tammetaluurdiaed\/\"]}]}<\/script>\n<!-- \/ Yoast SEO plugin. -->","yoast_head_json":{"title":"\u00d5hetav j\u00e4nesekapsas \"Pink Pillow\" - Tamme talu \u00fcrdiaed","robots":{"index":"index","follow":"follow","max-snippet":"max-snippet:-1","max-image-preview":"max-image-preview:large","max-video-preview":"max-video-preview:-1"},"canonical":"https:\/\/tammetalu.eu\/toode\/ohetav-janesekapsas-pink-pillow\/","og_locale":"en_US","og_type":"article","og_title":"\u00d5hetav j\u00e4nesekapsas \"Pink Pillow\" - Tamme talu \u00fcrdiaed","og_description":"Oxalis articulata\u00a0\u00d5hetav j\u00e4nesekapsas \"Pink Pillow\" on roheliste lehtede ja roosade valkja neeluga \u00f5itega armas taimeke. Taim on p\u00e4rit L\u00f5una-Ameerikast, kus ta looduslikult esineb.\u00d5hetav j\u00e4nesekapsas kasvab h\u00e4sti nii t\u00e4isp\u00e4ikeses kui poolvarjus ja pigem happelisemas aiamullas. Kastmise suhtes on \u00fcsna leplik. Mina olen aastaid kasvatanud \u00f5hetavat j\u00e4nesekapsast potitaimena, sest siis tuleb\u00a0 taime muljetavaldav v\u00e4limus eriti esile. Lisaks on potis kasvavat j\u00e4nesekapsast lihtne ka talvekorterisse seada, sest see k\u00fclma\u00f5rn j\u00e4nesekapsas ei talvitu meil peenras.S\u00fcgisel, juba enne esimesi \u00f6\u00f6k\u00fclmi, l\u00f5petan ma taime kastmise. Kui esimesed \u00f6\u00f6k\u00fclmad taime lehed \u00e4ra v\u00f5tavad, t\u00f5stan ma taime koos potiga tuppa pimedasse kuiva kohta ja unustan kuni kevadeni. Siis on paras aeg taime ka paljundada, nimelt puhastan risoomid kuivast mullast ja panen v\u00e4rskesse mulda kuni 5 cm s\u00fcgavusele. Parim muld on h\u00e4sti vett l\u00e4bi laskev ja veidi happeline.Parimaks istutusn\u00f5uks on j\u00e4nesekapsale pigem laiem ja mitte eriti s\u00fcgav anum. Potid t\u00f5stan valguse k\u00e4tte m\u00e4rtsis ja alustan tagasihoidliku kastmisega. \u00d5ige pea n\u00e4itab taim kasvu algust. Kui on soov j\u00e4nesekapsast \u00fcheaastase peenralillena kasvatada, siis risoomide mahapaneku aeg on mais, kui ilmad juba v\u00e4he soojemad on. Peenrast on taime v\u00e4ikeseid sibulakesi s\u00fcgisel \u00fcsna t\u00fc\u00fctu v\u00e4lja noppida.Taime lehed ja \u00f5ied on m\u00f5nusalt hapud ja sisaldavad C-vitamiini. Sobivad salatitesse, toitude kaunistamiseks ja niisama n\u00e4ksimiseks.J\u00e4nesekapsaste kasvatamise ja kasutamise kohta loe l\u00e4hemalt Tamme talu \u00fcrdiaia blogist.","og_url":"https:\/\/tammetalu.eu\/toode\/ohetav-janesekapsas-pink-pillow\/","og_site_name":"Tamme talu \u00fcrdiaed","article_publisher":"https:\/\/www.facebook.com\/TammeTaluUrdiaed\/?locale=et_EE","article_modified_time":"2026-04-25T12:07:39+00:00","og_image":[{"width":1920,"height":2560,"url":"https:\/\/tammetalu.eu\/wp-content\/uploads\/2024\/03\/F1182A4D-FD6C-4540-BE3C-95959BF54C3E-scaled.jpeg","type":"image\/jpeg"}],"twitter_card":"summary_large_image","twitter_misc":{"Est. reading time":"1 minute"},"schema":{"@context":"https:\/\/schema.org","@graph":[{"@type":"WebPage","@id":"https:\/\/tammetalu.eu\/toode\/ohetav-janesekapsas-pink-pillow\/","url":"https:\/\/tammetalu.eu\/toode\/ohetav-janesekapsas-pink-pillow\/","name":"\u00d5hetav j\u00e4nesekapsas \"Pink Pillow\" - Tamme talu \u00fcrdiaed","isPartOf":{"@id":"https:\/\/tammetalu.eu\/#website"},"primaryImageOfPage":{"@id":"https:\/\/tammetalu.eu\/toode\/ohetav-janesekapsas-pink-pillow\/#primaryimage"},"image":{"@id":"https:\/\/tammetalu.eu\/toode\/ohetav-janesekapsas-pink-pillow\/#primaryimage"},"thumbnailUrl":"https:\/\/tammetalu.eu\/wp-content\/uploads\/2024\/03\/F1182A4D-FD6C-4540-BE3C-95959BF54C3E-scaled.jpeg","datePublished":"2024-03-14T18:23:31+00:00","dateModified":"2026-04-25T12:07:39+00:00","breadcrumb":{"@id":"https:\/\/tammetalu.eu\/toode\/ohetav-janesekapsas-pink-pillow\/#breadcrumb"},"inLanguage":"en-US","potentialAction":[{"@type":"ReadAction","target":["https:\/\/tammetalu.eu\/toode\/ohetav-janesekapsas-pink-pillow\/"]}]},{"@type":"ImageObject","inLanguage":"en-US","@id":"https:\/\/tammetalu.eu\/toode\/ohetav-janesekapsas-pink-pillow\/#primaryimage","url":"https:\/\/tammetalu.eu\/wp-content\/uploads\/2024\/03\/F1182A4D-FD6C-4540-BE3C-95959BF54C3E-scaled.jpeg","contentUrl":"https:\/\/tammetalu.eu\/wp-content\/uploads\/2024\/03\/F1182A4D-FD6C-4540-BE3C-95959BF54C3E-scaled.jpeg","width":1920,"height":2560},{"@type":"BreadcrumbList","@id":"https:\/\/tammetalu.eu\/toode\/ohetav-janesekapsas-pink-pillow\/#breadcrumb","itemListElement":[{"@type":"ListItem","position":1,"name":"Home","item":"https:\/\/tammetalu.eu\/en\/esileht-eng\/"},{"@type":"ListItem","position":2,"name":"Shop","item":"https:\/\/tammetalu.eu\/en\/shop\/"},{"@type":"ListItem","position":3,"name":"\u00d5hetav j\u00e4nesekapsas &#8220;Pink Pillow&#8221;"}]},{"@type":"WebSite","@id":"https:\/\/tammetalu.eu\/#website","url":"https:\/\/tammetalu.eu\/","name":"Tamme talu \u00fcrdiaed","description":"K\u00e4sit\u00f6\u00f6na valmistatud tooted \u00fcrtidest, \u00fcrdiistikud, \u00fcrtide kollektsioonaed","publisher":{"@id":"https:\/\/tammetalu.eu\/#organization"},"alternateName":"Tamme talu","potentialAction":[{"@type":"SearchAction","target":{"@type":"EntryPoint","urlTemplate":"https:\/\/tammetalu.eu\/?s={search_term_string}"},"query-input":{"@type":"PropertyValueSpecification","valueRequired":true,"valueName":"search_term_string"}}],"inLanguage":"en-US"},{"@type":"Organization","@id":"https:\/\/tammetalu.eu\/#organization","name":"Tamme talu \u00fcrdiaed","alternateName":"Tamme talu","url":"https:\/\/tammetalu.eu\/","logo":{"@type":"ImageObject","inLanguage":"en-US","@id":"https:\/\/tammetalu.eu\/#\/schema\/logo\/image\/","url":"https:\/\/tammetalu.eu\/wp-content\/uploads\/2025\/01\/Tamme_talu_urdiaed.png","contentUrl":"https:\/\/tammetalu.eu\/wp-content\/uploads\/2025\/01\/Tamme_talu_urdiaed.png","width":560,"height":560,"caption":"Tamme talu \u00fcrdiaed"},"image":{"@id":"https:\/\/tammetalu.eu\/#\/schema\/logo\/image\/"},"sameAs":["https:\/\/www.facebook.com\/TammeTaluUrdiaed\/?locale=et_EE","https:\/\/www.instagram.com\/tammetaluurdiaed\/"]}]}},"_links":{"self":[{"href":"https:\/\/tammetalu.eu\/en\/wp-json\/wp\/v2\/product\/20166","targetHints":{"allow":["GET"]}}],"collection":[{"href":"https:\/\/tammetalu.eu\/en\/wp-json\/wp\/v2\/product"}],"about":[{"href":"https:\/\/tammetalu.eu\/en\/wp-json\/wp\/v2\/types\/product"}],"wp:featuredmedia":[{"embeddable":true,"href":"https:\/\/tammetalu.eu\/en\/wp-json\/wp\/v2\/media\/21207"}],"wp:attachment":[{"href":"https:\/\/tammetalu.eu\/en\/wp-json\/wp\/v2\/media?parent=20166"}],"wp:term":[{"taxonomy":"product_brand","embeddable":true,"href":"https:\/\/tammetalu.eu\/en\/wp-json\/wp\/v2\/product_brand?post=20166"},{"taxonomy":"product_cat","embeddable":true,"href":"https:\/\/tammetalu.eu\/en\/wp-json\/wp\/v2\/product_cat?post=20166"},{"taxonomy":"product_tag","embeddable":true,"href":"https:\/\/tammetalu.eu\/en\/wp-json\/wp\/v2\/product_tag?post=20166"}],"curies":[{"name":"wp","href":"https:\/\/api.w.org\/{rel}","templated":true}]}}