{"id":20171,"date":"2024-03-15T12:08:36","date_gmt":"2024-03-15T10:08:36","guid":{"rendered":"https:\/\/tammetalu.eu\/?post_type=product&#038;p=20171"},"modified":"2026-04-02T23:17:00","modified_gmt":"2026-04-02T20:17:00","slug":"vaikeselehine-piilea","status":"publish","type":"product","link":"https:\/\/tammetalu.eu\/en\/product\/vaikeselehine-piilea\/","title":{"rendered":"V\u00e4ikeselehine piilea"},"content":{"rendered":"","protected":false},"excerpt":{"rendered":"<p><em>Pilea microphylla<\/em><\/p>\n<p>V\u00e4ikeselehise piilea lehed on nagu tillukesed helerohelised smaragdid. Taim kasvab kompaktse p\u00f5\u00f5sakese v\u00f5i puukesena k\u00f5rgusega kuni 30 cm. \u00d5itsemise aeg on juunist kuni s\u00fcgisk\u00fclmadeni v\u00e4lja.<\/p>\n<p>V\u00e4ga armas ja lihtsasti kasvatatav suvelill, toataim ning ravimtaim, mille kasvatamine on igati j\u00f5ukohane ka algajale aednikule. Sellele piilea liigile sobib t\u00e4isp\u00e4ikeseline kuni poolvarjuline kasvukoht. .<\/p>\n<p>Kasvab tavalises parasniiskes viljakas aiamullas. On populaarne toa-, r\u00f5du- ja terrassitaim t\u00e4nu oma kaunile v\u00e4limusele ja suhteliselt lihtsale hooldusele ja sobib h\u00e4sti nii kodus kui ka kontoris kasvatamiseks ning toob ruumidesse rohelust ja v\u00e4rskust. Kui tingimused on soodsad, v\u00f5ib v\u00e4ikeselehine piilea \u00f5itseda valgete v\u00f5i roosade \u00f5itega.<\/p>\n<p>V\u00e4ikeselehise piilea lehti ja terveid v\u00f5rseid v\u00f5ib taimelt n\u00e4pistada nii toitude kui jookide kaunistamiseks kui roogadele v\u00e4ikeseks p\u00f5nevaks lisandiks.<\/p>\n<p>Taime kasutamisest rahvameditsiinis on teateid tema looduslikult levialalt Ladina ja L\u00f5una- Ameerikast, kus taim leiab kasutamist infektsioonide, seedetrakti probleemide ja unetuse raviks.<\/p>\n<p>Kuna taim on mittetoksiline, kasutatakse seda tavaliselt teede ja tinktuuride valmistamiseks, kuid seda saab kasutada ka kapslites v\u00f5i pulbrites.<\/p>\n","protected":false},"featured_media":20545,"template":"","meta":{"_acf_changed":false,"_et_pb_use_builder":"","_et_pb_old_content":"","_et_gb_content_width":"","inline_featured_image":false},"product_brand":[],"product_cat":[186,200],"product_tag":[],"class_list":{"0":"post-20171","1":"product","2":"type-product","3":"status-publish","4":"has-post-thumbnail","6":"product_cat-maitse-ja-ravimtaimede-istikud","7":"product_cat-muud-maitsetaimed","9":"first","10":"instock","11":"sale","12":"taxable","13":"shipping-taxable","14":"purchasable","15":"product-type-simple"},"acf":[],"yoast_head":"<!-- This site is optimized with the Yoast SEO plugin v26.4 - https:\/\/yoast.com\/wordpress\/plugins\/seo\/ -->\n<title>V\u00e4ikeselehine piilea - Tamme talu \u00fcrdiaed<\/title>\n<meta name=\"robots\" content=\"index, follow, max-snippet:-1, max-image-preview:large, max-video-preview:-1\" \/>\n<link rel=\"canonical\" href=\"https:\/\/tammetalu.eu\/toode\/vaikeselehine-piilea\/\" \/>\n<meta property=\"og:locale\" content=\"en_US\" \/>\n<meta property=\"og:type\" content=\"article\" \/>\n<meta property=\"og:title\" content=\"V\u00e4ikeselehine piilea - Tamme talu \u00fcrdiaed\" \/>\n<meta property=\"og:description\" content=\"Pilea microphyllaV\u00e4ikeselehise piilea lehed on nagu tillukesed helerohelised smaragdid. Taim kasvab kompaktse p\u00f5\u00f5sakese v\u00f5i puukesena k\u00f5rgusega kuni 30 cm. \u00d5itsemise aeg on juunist kuni s\u00fcgisk\u00fclmadeni v\u00e4lja.V\u00e4ga armas ja lihtsasti kasvatatav suvelill, toataim ning ravimtaim, mille kasvatamine on igati j\u00f5ukohane ka algajale aednikule. Sellele piilea liigile sobib t\u00e4isp\u00e4ikeseline kuni poolvarjuline kasvukoht. .Kasvab tavalises parasniiskes viljakas aiamullas. On populaarne toa-, r\u00f5du- ja terrassitaim t\u00e4nu oma kaunile v\u00e4limusele ja suhteliselt lihtsale hooldusele ja sobib h\u00e4sti nii kodus kui ka kontoris kasvatamiseks ning toob ruumidesse rohelust ja v\u00e4rskust. Kui tingimused on soodsad, v\u00f5ib v\u00e4ikeselehine piilea \u00f5itseda valgete v\u00f5i roosade \u00f5itega.V\u00e4ikeselehise piilea lehti ja terveid v\u00f5rseid v\u00f5ib taimelt n\u00e4pistada nii toitude kui jookide kaunistamiseks kui roogadele v\u00e4ikeseks p\u00f5nevaks lisandiks.Taime kasutamisest rahvameditsiinis on teateid tema looduslikult levialalt Ladina ja L\u00f5una- Ameerikast, kus taim leiab kasutamist infektsioonide, seedetrakti probleemide ja unetuse raviks.Kuna taim on mittetoksiline, kasutatakse seda tavaliselt teede ja tinktuuride valmistamiseks, kuid seda saab kasutada ka kapslites v\u00f5i pulbrites.\" \/>\n<meta property=\"og:url\" content=\"https:\/\/tammetalu.eu\/toode\/vaikeselehine-piilea\/\" \/>\n<meta property=\"og:site_name\" content=\"Tamme talu \u00fcrdiaed\" \/>\n<meta property=\"article:publisher\" content=\"https:\/\/www.facebook.com\/TammeTaluUrdiaed\/?locale=et_EE\" \/>\n<meta property=\"article:modified_time\" content=\"2026-04-02T20:17:00+00:00\" \/>\n<meta property=\"og:image\" content=\"https:\/\/tammetalu.eu\/wp-content\/uploads\/2024\/03\/vaikeselehine-piilea-pilea-microphylla-tamme-talu-urdiaed.jpg\" \/>\n\t<meta property=\"og:image:width\" content=\"1632\" \/>\n\t<meta property=\"og:image:height\" content=\"1224\" \/>\n\t<meta property=\"og:image:type\" content=\"image\/jpeg\" \/>\n<meta name=\"twitter:card\" content=\"summary_large_image\" \/>\n<meta name=\"twitter:label1\" content=\"Est. reading time\" \/>\n\t<meta name=\"twitter:data1\" content=\"1 minute\" \/>\n<script type=\"application\/ld+json\" class=\"yoast-schema-graph\">{\"@context\":\"https:\/\/schema.org\",\"@graph\":[{\"@type\":\"WebPage\",\"@id\":\"https:\/\/tammetalu.eu\/toode\/vaikeselehine-piilea\/\",\"url\":\"https:\/\/tammetalu.eu\/toode\/vaikeselehine-piilea\/\",\"name\":\"V\u00e4ikeselehine piilea - Tamme talu \u00fcrdiaed\",\"isPartOf\":{\"@id\":\"https:\/\/tammetalu.eu\/#website\"},\"primaryImageOfPage\":{\"@id\":\"https:\/\/tammetalu.eu\/toode\/vaikeselehine-piilea\/#primaryimage\"},\"image\":{\"@id\":\"https:\/\/tammetalu.eu\/toode\/vaikeselehine-piilea\/#primaryimage\"},\"thumbnailUrl\":\"https:\/\/tammetalu.eu\/wp-content\/uploads\/2024\/03\/vaikeselehine-piilea-pilea-microphylla-tamme-talu-urdiaed.jpg\",\"datePublished\":\"2024-03-15T10:08:36+00:00\",\"dateModified\":\"2026-04-02T20:17:00+00:00\",\"breadcrumb\":{\"@id\":\"https:\/\/tammetalu.eu\/toode\/vaikeselehine-piilea\/#breadcrumb\"},\"inLanguage\":\"en-US\",\"potentialAction\":[{\"@type\":\"ReadAction\",\"target\":[\"https:\/\/tammetalu.eu\/toode\/vaikeselehine-piilea\/\"]}]},{\"@type\":\"ImageObject\",\"inLanguage\":\"en-US\",\"@id\":\"https:\/\/tammetalu.eu\/toode\/vaikeselehine-piilea\/#primaryimage\",\"url\":\"https:\/\/tammetalu.eu\/wp-content\/uploads\/2024\/03\/vaikeselehine-piilea-pilea-microphylla-tamme-talu-urdiaed.jpg\",\"contentUrl\":\"https:\/\/tammetalu.eu\/wp-content\/uploads\/2024\/03\/vaikeselehine-piilea-pilea-microphylla-tamme-talu-urdiaed.jpg\",\"width\":1632,\"height\":1224,\"caption\":\"vaikeselehine-piilea-pilea-microphylla-tamme-talu-urdiaed\"},{\"@type\":\"BreadcrumbList\",\"@id\":\"https:\/\/tammetalu.eu\/toode\/vaikeselehine-piilea\/#breadcrumb\",\"itemListElement\":[{\"@type\":\"ListItem\",\"position\":1,\"name\":\"Home\",\"item\":\"https:\/\/tammetalu.eu\/en\/esileht-eng\/\"},{\"@type\":\"ListItem\",\"position\":2,\"name\":\"Shop\",\"item\":\"https:\/\/tammetalu.eu\/en\/shop\/\"},{\"@type\":\"ListItem\",\"position\":3,\"name\":\"V\u00e4ikeselehine piilea\"}]},{\"@type\":\"WebSite\",\"@id\":\"https:\/\/tammetalu.eu\/#website\",\"url\":\"https:\/\/tammetalu.eu\/\",\"name\":\"Tamme talu \u00fcrdiaed\",\"description\":\"K\u00e4sit\u00f6\u00f6na valmistatud tooted \u00fcrtidest, \u00fcrdiistikud, \u00fcrtide kollektsioonaed\",\"publisher\":{\"@id\":\"https:\/\/tammetalu.eu\/#organization\"},\"alternateName\":\"Tamme talu\",\"potentialAction\":[{\"@type\":\"SearchAction\",\"target\":{\"@type\":\"EntryPoint\",\"urlTemplate\":\"https:\/\/tammetalu.eu\/?s={search_term_string}\"},\"query-input\":{\"@type\":\"PropertyValueSpecification\",\"valueRequired\":true,\"valueName\":\"search_term_string\"}}],\"inLanguage\":\"en-US\"},{\"@type\":\"Organization\",\"@id\":\"https:\/\/tammetalu.eu\/#organization\",\"name\":\"Tamme talu \u00fcrdiaed\",\"alternateName\":\"Tamme talu\",\"url\":\"https:\/\/tammetalu.eu\/\",\"logo\":{\"@type\":\"ImageObject\",\"inLanguage\":\"en-US\",\"@id\":\"https:\/\/tammetalu.eu\/#\/schema\/logo\/image\/\",\"url\":\"https:\/\/tammetalu.eu\/wp-content\/uploads\/2025\/01\/Tamme_talu_urdiaed.png\",\"contentUrl\":\"https:\/\/tammetalu.eu\/wp-content\/uploads\/2025\/01\/Tamme_talu_urdiaed.png\",\"width\":560,\"height\":560,\"caption\":\"Tamme talu \u00fcrdiaed\"},\"image\":{\"@id\":\"https:\/\/tammetalu.eu\/#\/schema\/logo\/image\/\"},\"sameAs\":[\"https:\/\/www.facebook.com\/TammeTaluUrdiaed\/?locale=et_EE\",\"https:\/\/www.instagram.com\/tammetaluurdiaed\/\"]}]}<\/script>\n<!-- \/ Yoast SEO plugin. -->","yoast_head_json":{"title":"V\u00e4ikeselehine piilea - Tamme talu \u00fcrdiaed","robots":{"index":"index","follow":"follow","max-snippet":"max-snippet:-1","max-image-preview":"max-image-preview:large","max-video-preview":"max-video-preview:-1"},"canonical":"https:\/\/tammetalu.eu\/toode\/vaikeselehine-piilea\/","og_locale":"en_US","og_type":"article","og_title":"V\u00e4ikeselehine piilea - Tamme talu \u00fcrdiaed","og_description":"Pilea microphyllaV\u00e4ikeselehise piilea lehed on nagu tillukesed helerohelised smaragdid. Taim kasvab kompaktse p\u00f5\u00f5sakese v\u00f5i puukesena k\u00f5rgusega kuni 30 cm. \u00d5itsemise aeg on juunist kuni s\u00fcgisk\u00fclmadeni v\u00e4lja.V\u00e4ga armas ja lihtsasti kasvatatav suvelill, toataim ning ravimtaim, mille kasvatamine on igati j\u00f5ukohane ka algajale aednikule. Sellele piilea liigile sobib t\u00e4isp\u00e4ikeseline kuni poolvarjuline kasvukoht. .Kasvab tavalises parasniiskes viljakas aiamullas. On populaarne toa-, r\u00f5du- ja terrassitaim t\u00e4nu oma kaunile v\u00e4limusele ja suhteliselt lihtsale hooldusele ja sobib h\u00e4sti nii kodus kui ka kontoris kasvatamiseks ning toob ruumidesse rohelust ja v\u00e4rskust. Kui tingimused on soodsad, v\u00f5ib v\u00e4ikeselehine piilea \u00f5itseda valgete v\u00f5i roosade \u00f5itega.V\u00e4ikeselehise piilea lehti ja terveid v\u00f5rseid v\u00f5ib taimelt n\u00e4pistada nii toitude kui jookide kaunistamiseks kui roogadele v\u00e4ikeseks p\u00f5nevaks lisandiks.Taime kasutamisest rahvameditsiinis on teateid tema looduslikult levialalt Ladina ja L\u00f5una- Ameerikast, kus taim leiab kasutamist infektsioonide, seedetrakti probleemide ja unetuse raviks.Kuna taim on mittetoksiline, kasutatakse seda tavaliselt teede ja tinktuuride valmistamiseks, kuid seda saab kasutada ka kapslites v\u00f5i pulbrites.","og_url":"https:\/\/tammetalu.eu\/toode\/vaikeselehine-piilea\/","og_site_name":"Tamme talu \u00fcrdiaed","article_publisher":"https:\/\/www.facebook.com\/TammeTaluUrdiaed\/?locale=et_EE","article_modified_time":"2026-04-02T20:17:00+00:00","og_image":[{"width":1632,"height":1224,"url":"https:\/\/tammetalu.eu\/wp-content\/uploads\/2024\/03\/vaikeselehine-piilea-pilea-microphylla-tamme-talu-urdiaed.jpg","type":"image\/jpeg"}],"twitter_card":"summary_large_image","twitter_misc":{"Est. reading time":"1 minute"},"schema":{"@context":"https:\/\/schema.org","@graph":[{"@type":"WebPage","@id":"https:\/\/tammetalu.eu\/toode\/vaikeselehine-piilea\/","url":"https:\/\/tammetalu.eu\/toode\/vaikeselehine-piilea\/","name":"V\u00e4ikeselehine piilea - Tamme talu \u00fcrdiaed","isPartOf":{"@id":"https:\/\/tammetalu.eu\/#website"},"primaryImageOfPage":{"@id":"https:\/\/tammetalu.eu\/toode\/vaikeselehine-piilea\/#primaryimage"},"image":{"@id":"https:\/\/tammetalu.eu\/toode\/vaikeselehine-piilea\/#primaryimage"},"thumbnailUrl":"https:\/\/tammetalu.eu\/wp-content\/uploads\/2024\/03\/vaikeselehine-piilea-pilea-microphylla-tamme-talu-urdiaed.jpg","datePublished":"2024-03-15T10:08:36+00:00","dateModified":"2026-04-02T20:17:00+00:00","breadcrumb":{"@id":"https:\/\/tammetalu.eu\/toode\/vaikeselehine-piilea\/#breadcrumb"},"inLanguage":"en-US","potentialAction":[{"@type":"ReadAction","target":["https:\/\/tammetalu.eu\/toode\/vaikeselehine-piilea\/"]}]},{"@type":"ImageObject","inLanguage":"en-US","@id":"https:\/\/tammetalu.eu\/toode\/vaikeselehine-piilea\/#primaryimage","url":"https:\/\/tammetalu.eu\/wp-content\/uploads\/2024\/03\/vaikeselehine-piilea-pilea-microphylla-tamme-talu-urdiaed.jpg","contentUrl":"https:\/\/tammetalu.eu\/wp-content\/uploads\/2024\/03\/vaikeselehine-piilea-pilea-microphylla-tamme-talu-urdiaed.jpg","width":1632,"height":1224,"caption":"vaikeselehine-piilea-pilea-microphylla-tamme-talu-urdiaed"},{"@type":"BreadcrumbList","@id":"https:\/\/tammetalu.eu\/toode\/vaikeselehine-piilea\/#breadcrumb","itemListElement":[{"@type":"ListItem","position":1,"name":"Home","item":"https:\/\/tammetalu.eu\/en\/esileht-eng\/"},{"@type":"ListItem","position":2,"name":"Shop","item":"https:\/\/tammetalu.eu\/en\/shop\/"},{"@type":"ListItem","position":3,"name":"V\u00e4ikeselehine piilea"}]},{"@type":"WebSite","@id":"https:\/\/tammetalu.eu\/#website","url":"https:\/\/tammetalu.eu\/","name":"Tamme talu \u00fcrdiaed","description":"K\u00e4sit\u00f6\u00f6na valmistatud tooted \u00fcrtidest, \u00fcrdiistikud, \u00fcrtide kollektsioonaed","publisher":{"@id":"https:\/\/tammetalu.eu\/#organization"},"alternateName":"Tamme talu","potentialAction":[{"@type":"SearchAction","target":{"@type":"EntryPoint","urlTemplate":"https:\/\/tammetalu.eu\/?s={search_term_string}"},"query-input":{"@type":"PropertyValueSpecification","valueRequired":true,"valueName":"search_term_string"}}],"inLanguage":"en-US"},{"@type":"Organization","@id":"https:\/\/tammetalu.eu\/#organization","name":"Tamme talu \u00fcrdiaed","alternateName":"Tamme talu","url":"https:\/\/tammetalu.eu\/","logo":{"@type":"ImageObject","inLanguage":"en-US","@id":"https:\/\/tammetalu.eu\/#\/schema\/logo\/image\/","url":"https:\/\/tammetalu.eu\/wp-content\/uploads\/2025\/01\/Tamme_talu_urdiaed.png","contentUrl":"https:\/\/tammetalu.eu\/wp-content\/uploads\/2025\/01\/Tamme_talu_urdiaed.png","width":560,"height":560,"caption":"Tamme talu \u00fcrdiaed"},"image":{"@id":"https:\/\/tammetalu.eu\/#\/schema\/logo\/image\/"},"sameAs":["https:\/\/www.facebook.com\/TammeTaluUrdiaed\/?locale=et_EE","https:\/\/www.instagram.com\/tammetaluurdiaed\/"]}]}},"_links":{"self":[{"href":"https:\/\/tammetalu.eu\/en\/wp-json\/wp\/v2\/product\/20171","targetHints":{"allow":["GET"]}}],"collection":[{"href":"https:\/\/tammetalu.eu\/en\/wp-json\/wp\/v2\/product"}],"about":[{"href":"https:\/\/tammetalu.eu\/en\/wp-json\/wp\/v2\/types\/product"}],"wp:featuredmedia":[{"embeddable":true,"href":"https:\/\/tammetalu.eu\/en\/wp-json\/wp\/v2\/media\/20545"}],"wp:attachment":[{"href":"https:\/\/tammetalu.eu\/en\/wp-json\/wp\/v2\/media?parent=20171"}],"wp:term":[{"taxonomy":"product_brand","embeddable":true,"href":"https:\/\/tammetalu.eu\/en\/wp-json\/wp\/v2\/product_brand?post=20171"},{"taxonomy":"product_cat","embeddable":true,"href":"https:\/\/tammetalu.eu\/en\/wp-json\/wp\/v2\/product_cat?post=20171"},{"taxonomy":"product_tag","embeddable":true,"href":"https:\/\/tammetalu.eu\/en\/wp-json\/wp\/v2\/product_tag?post=20171"}],"curies":[{"name":"wp","href":"https:\/\/api.w.org\/{rel}","templated":true}]}}