{"id":20245,"date":"2024-03-30T10:58:42","date_gmt":"2024-03-30T08:58:42","guid":{"rendered":"https:\/\/tammetalu.eu\/?post_type=product&#038;p=20245"},"modified":"2026-05-04T08:49:29","modified_gmt":"2026-05-04T05:49:29","slug":"aed-liivatee-orange","status":"publish","type":"product","link":"https:\/\/tammetalu.eu\/en\/product\/aed-liivatee-orange\/","title":{"rendered":"Aed-liivatee &#8220;Orange&#8221;"},"content":{"rendered":"","protected":false},"excerpt":{"rendered":"<p><em>Thymus vulgaris ssp. fragrantissimus<\/em><\/p>\n<p>Madalakasvuline (k\u00f5rgus kuni 15 cm), v\u00e4ikeste roheliste v\u00e4ga aromaatsete apelsinil\u00f5hnaliste v\u00f5rsetega uudistaim. On igihaljas, kuid vajab k\u00fclma eest kaitset lumeta talvel. Kasvuks vajab vett h\u00e4sti l\u00e4bilaskvat liivasegust mulda ja t\u00e4isp\u00e4ikest, kuid lepib ka poolvarjulise kasvukohaga. V\u00e4ga sobilik on kasvatamiseks p\u00e4ikeselisel r\u00f5dul ja terrassil nii l\u00f5hna-, maitse- kui ravimtaimena. Talub h\u00e4sti p\u00fcgamist. Oleme Tamme talus kasvatanud apelsinil\u00f5hnalist liivateed m\u00f5ned aastad ja olen t\u00e4iesti armunud sellesse taime just tema v\u00e4limuse ja l\u00f5hna p\u00e4rast. Apelsinil\u00f5hnaline liivatee on k\u00fcllaltki talvekindel. Taim sobib kasvama amplisse v\u00f5i suurema istutusn\u00f5u serva kuna moodustab suhteliselt pikki v\u00f5rseid.<\/p>\n<p>Proovige valmistada apelsinil\u00f5hnalist t\u00fc\u00fcmianiteed v\u00f5i kasvatada seda t\u00e4iesti uudset liivatee sorti ka vaid imelise l\u00f5hnataimena.<\/p>\n<p>Kokanduses kasutatakse t\u00fc\u00fcmianit kondiitritoodete, magusroogade, aedvilja-, kana- sealiha, -loomaliha ja pastatoitude maitsestamiseks.<\/p>\n<p>Rahvameditsiinis on aed-liivateest valmistatud teed kasutatud k\u00f5hupuhituse ja k\u00f6ha leevendajana.<\/p>\n<p>&nbsp;<\/p>\n","protected":false},"featured_media":20368,"template":"","meta":{"_acf_changed":false,"_et_pb_use_builder":"","_et_pb_old_content":"","_et_gb_content_width":"","inline_featured_image":false},"product_brand":[],"product_cat":[194,186],"product_tag":[],"class_list":{"0":"post-20245","1":"product","2":"type-product","3":"status-publish","4":"has-post-thumbnail","6":"product_cat-liivateed","7":"product_cat-maitse-ja-ravimtaimede-istikud","9":"first","10":"instock","11":"taxable","12":"shipping-taxable","13":"purchasable","14":"product-type-simple"},"acf":[],"yoast_head":"<!-- This site is optimized with the Yoast SEO plugin v27.5 - https:\/\/yoast.com\/product\/yoast-seo-wordpress\/ -->\n<title>Aed-liivatee &quot;Orange&quot; - Tamme talu \u00fcrdiaed<\/title>\n<meta name=\"robots\" content=\"index, follow, max-snippet:-1, max-image-preview:large, max-video-preview:-1\" \/>\n<link rel=\"canonical\" href=\"https:\/\/tammetalu.eu\/toode\/aed-liivatee-orange\/\" \/>\n<meta property=\"og:locale\" content=\"en_US\" \/>\n<meta property=\"og:type\" content=\"article\" \/>\n<meta property=\"og:title\" content=\"Aed-liivatee &quot;Orange&quot; - Tamme talu \u00fcrdiaed\" \/>\n<meta property=\"og:description\" content=\"Thymus vulgaris ssp. fragrantissimus  Madalakasvuline (k\u00f5rgus kuni 15 cm), v\u00e4ikeste roheliste v\u00e4ga aromaatsete apelsinil\u00f5hnaliste v\u00f5rsetega uudistaim. On igihaljas, kuid vajab k\u00fclma eest kaitset lumeta talvel. Kasvuks vajab vett h\u00e4sti l\u00e4bilaskvat liivasegust mulda ja t\u00e4isp\u00e4ikest, kuid lepib ka poolvarjulise kasvukohaga. V\u00e4ga sobilik on kasvatamiseks p\u00e4ikeselisel r\u00f5dul ja terrassil nii l\u00f5hna-, maitse- kui ravimtaimena. Talub h\u00e4sti p\u00fcgamist. Oleme Tamme talus kasvatanud apelsinil\u00f5hnalist liivateed m\u00f5ned aastad ja olen t\u00e4iesti armunud sellesse taime just tema v\u00e4limuse ja l\u00f5hna p\u00e4rast. Apelsinil\u00f5hnaline liivatee on k\u00fcllaltki talvekindel. Taim sobib kasvama amplisse v\u00f5i suurema istutusn\u00f5u serva kuna moodustab suhteliselt pikki v\u00f5rseid.  Proovige valmistada apelsinil\u00f5hnalist t\u00fc\u00fcmianiteed v\u00f5i kasvatada seda t\u00e4iesti uudset liivatee sorti ka vaid imelise l\u00f5hnataimena.  Kokanduses kasutatakse t\u00fc\u00fcmianit kondiitritoodete, magusroogade, aedvilja-, kana- sealiha, -loomaliha ja pastatoitude maitsestamiseks.  Rahvameditsiinis on aed-liivateest valmistatud teed kasutatud k\u00f5hupuhituse ja k\u00f6ha leevendajana.  &nbsp;\" \/>\n<meta property=\"og:url\" content=\"https:\/\/tammetalu.eu\/toode\/aed-liivatee-orange\/\" \/>\n<meta property=\"og:site_name\" content=\"Tamme talu \u00fcrdiaed\" \/>\n<meta property=\"article:publisher\" content=\"https:\/\/www.facebook.com\/TammeTaluUrdiaed\/?locale=et_EE\" \/>\n<meta property=\"article:modified_time\" content=\"2026-05-04T05:49:29+00:00\" \/>\n<meta property=\"og:image\" content=\"https:\/\/tammetalu.eu\/wp-content\/uploads\/2024\/03\/aed-liivatee-orange-Thymus_vulgaris-tamme-talu-urdiaed.jpg\" \/>\n\t<meta property=\"og:image:width\" content=\"640\" \/>\n\t<meta property=\"og:image:height\" content=\"511\" \/>\n\t<meta property=\"og:image:type\" content=\"image\/jpeg\" \/>\n<meta name=\"twitter:card\" content=\"summary_large_image\" \/>\n<meta name=\"twitter:label1\" content=\"Est. reading time\" \/>\n\t<meta name=\"twitter:data1\" content=\"1 minute\" \/>\n<script type=\"application\/ld+json\" class=\"yoast-schema-graph\">{\"@context\":\"https:\\\/\\\/schema.org\",\"@graph\":[{\"@type\":\"WebPage\",\"@id\":\"https:\\\/\\\/tammetalu.eu\\\/toode\\\/aed-liivatee-orange\\\/\",\"url\":\"https:\\\/\\\/tammetalu.eu\\\/toode\\\/aed-liivatee-orange\\\/\",\"name\":\"Aed-liivatee \\\"Orange\\\" - Tamme talu \u00fcrdiaed\",\"isPartOf\":{\"@id\":\"https:\\\/\\\/tammetalu.eu\\\/#website\"},\"primaryImageOfPage\":{\"@id\":\"https:\\\/\\\/tammetalu.eu\\\/toode\\\/aed-liivatee-orange\\\/#primaryimage\"},\"image\":{\"@id\":\"https:\\\/\\\/tammetalu.eu\\\/toode\\\/aed-liivatee-orange\\\/#primaryimage\"},\"thumbnailUrl\":\"https:\\\/\\\/tammetalu.eu\\\/wp-content\\\/uploads\\\/2024\\\/03\\\/aed-liivatee-orange-Thymus_vulgaris-tamme-talu-urdiaed.jpg\",\"datePublished\":\"2024-03-30T08:58:42+00:00\",\"dateModified\":\"2026-05-04T05:49:29+00:00\",\"breadcrumb\":{\"@id\":\"https:\\\/\\\/tammetalu.eu\\\/toode\\\/aed-liivatee-orange\\\/#breadcrumb\"},\"inLanguage\":\"en-US\",\"potentialAction\":[{\"@type\":\"ReadAction\",\"target\":[\"https:\\\/\\\/tammetalu.eu\\\/toode\\\/aed-liivatee-orange\\\/\"]}]},{\"@type\":\"ImageObject\",\"inLanguage\":\"en-US\",\"@id\":\"https:\\\/\\\/tammetalu.eu\\\/toode\\\/aed-liivatee-orange\\\/#primaryimage\",\"url\":\"https:\\\/\\\/tammetalu.eu\\\/wp-content\\\/uploads\\\/2024\\\/03\\\/aed-liivatee-orange-Thymus_vulgaris-tamme-talu-urdiaed.jpg\",\"contentUrl\":\"https:\\\/\\\/tammetalu.eu\\\/wp-content\\\/uploads\\\/2024\\\/03\\\/aed-liivatee-orange-Thymus_vulgaris-tamme-talu-urdiaed.jpg\",\"width\":640,\"height\":511,\"caption\":\"aed-liivatee-orange-Thymus_vulgaris-tamme-talu-urdiaed\"},{\"@type\":\"BreadcrumbList\",\"@id\":\"https:\\\/\\\/tammetalu.eu\\\/toode\\\/aed-liivatee-orange\\\/#breadcrumb\",\"itemListElement\":[{\"@type\":\"ListItem\",\"position\":1,\"name\":\"Home\",\"item\":\"https:\\\/\\\/tammetalu.eu\\\/en\\\/esileht-eng\\\/\"},{\"@type\":\"ListItem\",\"position\":2,\"name\":\"Shop\",\"item\":\"https:\\\/\\\/tammetalu.eu\\\/en\\\/shop\\\/\"},{\"@type\":\"ListItem\",\"position\":3,\"name\":\"Aed-liivatee &#8220;Orange&#8221;\"}]},{\"@type\":\"WebSite\",\"@id\":\"https:\\\/\\\/tammetalu.eu\\\/#website\",\"url\":\"https:\\\/\\\/tammetalu.eu\\\/\",\"name\":\"Tamme talu \u00fcrdiaed\",\"description\":\"K\u00e4sit\u00f6\u00f6na valmistatud tooted \u00fcrtidest, \u00fcrdiistikud, \u00fcrtide kollektsioonaed\",\"publisher\":{\"@id\":\"https:\\\/\\\/tammetalu.eu\\\/#organization\"},\"alternateName\":\"Tamme talu\",\"potentialAction\":[{\"@type\":\"SearchAction\",\"target\":{\"@type\":\"EntryPoint\",\"urlTemplate\":\"https:\\\/\\\/tammetalu.eu\\\/?s={search_term_string}\"},\"query-input\":{\"@type\":\"PropertyValueSpecification\",\"valueRequired\":true,\"valueName\":\"search_term_string\"}}],\"inLanguage\":\"en-US\"},{\"@type\":\"Organization\",\"@id\":\"https:\\\/\\\/tammetalu.eu\\\/#organization\",\"name\":\"Tamme talu \u00fcrdiaed\",\"alternateName\":\"Tamme talu\",\"url\":\"https:\\\/\\\/tammetalu.eu\\\/\",\"logo\":{\"@type\":\"ImageObject\",\"inLanguage\":\"en-US\",\"@id\":\"https:\\\/\\\/tammetalu.eu\\\/#\\\/schema\\\/logo\\\/image\\\/\",\"url\":\"https:\\\/\\\/tammetalu.eu\\\/wp-content\\\/uploads\\\/2025\\\/01\\\/Tamme_talu_urdiaed.png\",\"contentUrl\":\"https:\\\/\\\/tammetalu.eu\\\/wp-content\\\/uploads\\\/2025\\\/01\\\/Tamme_talu_urdiaed.png\",\"width\":560,\"height\":560,\"caption\":\"Tamme talu \u00fcrdiaed\"},\"image\":{\"@id\":\"https:\\\/\\\/tammetalu.eu\\\/#\\\/schema\\\/logo\\\/image\\\/\"},\"sameAs\":[\"https:\\\/\\\/www.facebook.com\\\/TammeTaluUrdiaed\\\/?locale=et_EE\",\"https:\\\/\\\/www.instagram.com\\\/tammetaluurdiaed\\\/\"]}]}<\/script>\n<!-- \/ Yoast SEO plugin. -->","yoast_head_json":{"title":"Aed-liivatee \"Orange\" - Tamme talu \u00fcrdiaed","robots":{"index":"index","follow":"follow","max-snippet":"max-snippet:-1","max-image-preview":"max-image-preview:large","max-video-preview":"max-video-preview:-1"},"canonical":"https:\/\/tammetalu.eu\/toode\/aed-liivatee-orange\/","og_locale":"en_US","og_type":"article","og_title":"Aed-liivatee \"Orange\" - Tamme talu \u00fcrdiaed","og_description":"Thymus vulgaris ssp. fragrantissimus  Madalakasvuline (k\u00f5rgus kuni 15 cm), v\u00e4ikeste roheliste v\u00e4ga aromaatsete apelsinil\u00f5hnaliste v\u00f5rsetega uudistaim. On igihaljas, kuid vajab k\u00fclma eest kaitset lumeta talvel. Kasvuks vajab vett h\u00e4sti l\u00e4bilaskvat liivasegust mulda ja t\u00e4isp\u00e4ikest, kuid lepib ka poolvarjulise kasvukohaga. V\u00e4ga sobilik on kasvatamiseks p\u00e4ikeselisel r\u00f5dul ja terrassil nii l\u00f5hna-, maitse- kui ravimtaimena. Talub h\u00e4sti p\u00fcgamist. Oleme Tamme talus kasvatanud apelsinil\u00f5hnalist liivateed m\u00f5ned aastad ja olen t\u00e4iesti armunud sellesse taime just tema v\u00e4limuse ja l\u00f5hna p\u00e4rast. Apelsinil\u00f5hnaline liivatee on k\u00fcllaltki talvekindel. Taim sobib kasvama amplisse v\u00f5i suurema istutusn\u00f5u serva kuna moodustab suhteliselt pikki v\u00f5rseid.  Proovige valmistada apelsinil\u00f5hnalist t\u00fc\u00fcmianiteed v\u00f5i kasvatada seda t\u00e4iesti uudset liivatee sorti ka vaid imelise l\u00f5hnataimena.  Kokanduses kasutatakse t\u00fc\u00fcmianit kondiitritoodete, magusroogade, aedvilja-, kana- sealiha, -loomaliha ja pastatoitude maitsestamiseks.  Rahvameditsiinis on aed-liivateest valmistatud teed kasutatud k\u00f5hupuhituse ja k\u00f6ha leevendajana.  &nbsp;","og_url":"https:\/\/tammetalu.eu\/toode\/aed-liivatee-orange\/","og_site_name":"Tamme talu \u00fcrdiaed","article_publisher":"https:\/\/www.facebook.com\/TammeTaluUrdiaed\/?locale=et_EE","article_modified_time":"2026-05-04T05:49:29+00:00","og_image":[{"width":640,"height":511,"url":"https:\/\/tammetalu.eu\/wp-content\/uploads\/2024\/03\/aed-liivatee-orange-Thymus_vulgaris-tamme-talu-urdiaed.jpg","type":"image\/jpeg"}],"twitter_card":"summary_large_image","twitter_misc":{"Est. reading time":"1 minute"},"schema":{"@context":"https:\/\/schema.org","@graph":[{"@type":"WebPage","@id":"https:\/\/tammetalu.eu\/toode\/aed-liivatee-orange\/","url":"https:\/\/tammetalu.eu\/toode\/aed-liivatee-orange\/","name":"Aed-liivatee \"Orange\" - Tamme talu \u00fcrdiaed","isPartOf":{"@id":"https:\/\/tammetalu.eu\/#website"},"primaryImageOfPage":{"@id":"https:\/\/tammetalu.eu\/toode\/aed-liivatee-orange\/#primaryimage"},"image":{"@id":"https:\/\/tammetalu.eu\/toode\/aed-liivatee-orange\/#primaryimage"},"thumbnailUrl":"https:\/\/tammetalu.eu\/wp-content\/uploads\/2024\/03\/aed-liivatee-orange-Thymus_vulgaris-tamme-talu-urdiaed.jpg","datePublished":"2024-03-30T08:58:42+00:00","dateModified":"2026-05-04T05:49:29+00:00","breadcrumb":{"@id":"https:\/\/tammetalu.eu\/toode\/aed-liivatee-orange\/#breadcrumb"},"inLanguage":"en-US","potentialAction":[{"@type":"ReadAction","target":["https:\/\/tammetalu.eu\/toode\/aed-liivatee-orange\/"]}]},{"@type":"ImageObject","inLanguage":"en-US","@id":"https:\/\/tammetalu.eu\/toode\/aed-liivatee-orange\/#primaryimage","url":"https:\/\/tammetalu.eu\/wp-content\/uploads\/2024\/03\/aed-liivatee-orange-Thymus_vulgaris-tamme-talu-urdiaed.jpg","contentUrl":"https:\/\/tammetalu.eu\/wp-content\/uploads\/2024\/03\/aed-liivatee-orange-Thymus_vulgaris-tamme-talu-urdiaed.jpg","width":640,"height":511,"caption":"aed-liivatee-orange-Thymus_vulgaris-tamme-talu-urdiaed"},{"@type":"BreadcrumbList","@id":"https:\/\/tammetalu.eu\/toode\/aed-liivatee-orange\/#breadcrumb","itemListElement":[{"@type":"ListItem","position":1,"name":"Home","item":"https:\/\/tammetalu.eu\/en\/esileht-eng\/"},{"@type":"ListItem","position":2,"name":"Shop","item":"https:\/\/tammetalu.eu\/en\/shop\/"},{"@type":"ListItem","position":3,"name":"Aed-liivatee &#8220;Orange&#8221;"}]},{"@type":"WebSite","@id":"https:\/\/tammetalu.eu\/#website","url":"https:\/\/tammetalu.eu\/","name":"Tamme talu \u00fcrdiaed","description":"K\u00e4sit\u00f6\u00f6na valmistatud tooted \u00fcrtidest, \u00fcrdiistikud, \u00fcrtide kollektsioonaed","publisher":{"@id":"https:\/\/tammetalu.eu\/#organization"},"alternateName":"Tamme talu","potentialAction":[{"@type":"SearchAction","target":{"@type":"EntryPoint","urlTemplate":"https:\/\/tammetalu.eu\/?s={search_term_string}"},"query-input":{"@type":"PropertyValueSpecification","valueRequired":true,"valueName":"search_term_string"}}],"inLanguage":"en-US"},{"@type":"Organization","@id":"https:\/\/tammetalu.eu\/#organization","name":"Tamme talu \u00fcrdiaed","alternateName":"Tamme talu","url":"https:\/\/tammetalu.eu\/","logo":{"@type":"ImageObject","inLanguage":"en-US","@id":"https:\/\/tammetalu.eu\/#\/schema\/logo\/image\/","url":"https:\/\/tammetalu.eu\/wp-content\/uploads\/2025\/01\/Tamme_talu_urdiaed.png","contentUrl":"https:\/\/tammetalu.eu\/wp-content\/uploads\/2025\/01\/Tamme_talu_urdiaed.png","width":560,"height":560,"caption":"Tamme talu \u00fcrdiaed"},"image":{"@id":"https:\/\/tammetalu.eu\/#\/schema\/logo\/image\/"},"sameAs":["https:\/\/www.facebook.com\/TammeTaluUrdiaed\/?locale=et_EE","https:\/\/www.instagram.com\/tammetaluurdiaed\/"]}]}},"_links":{"self":[{"href":"https:\/\/tammetalu.eu\/en\/wp-json\/wp\/v2\/product\/20245","targetHints":{"allow":["GET"]}}],"collection":[{"href":"https:\/\/tammetalu.eu\/en\/wp-json\/wp\/v2\/product"}],"about":[{"href":"https:\/\/tammetalu.eu\/en\/wp-json\/wp\/v2\/types\/product"}],"wp:featuredmedia":[{"embeddable":true,"href":"https:\/\/tammetalu.eu\/en\/wp-json\/wp\/v2\/media\/20368"}],"wp:attachment":[{"href":"https:\/\/tammetalu.eu\/en\/wp-json\/wp\/v2\/media?parent=20245"}],"wp:term":[{"taxonomy":"product_brand","embeddable":true,"href":"https:\/\/tammetalu.eu\/en\/wp-json\/wp\/v2\/product_brand?post=20245"},{"taxonomy":"product_cat","embeddable":true,"href":"https:\/\/tammetalu.eu\/en\/wp-json\/wp\/v2\/product_cat?post=20245"},{"taxonomy":"product_tag","embeddable":true,"href":"https:\/\/tammetalu.eu\/en\/wp-json\/wp\/v2\/product_tag?post=20245"}],"curies":[{"name":"wp","href":"https:\/\/api.w.org\/{rel}","templated":true}]}}