{"id":20250,"date":"2024-03-30T13:22:29","date_gmt":"2024-03-30T11:22:29","guid":{"rendered":"https:\/\/tammetalu.eu\/?post_type=product&#038;p=20250"},"modified":"2026-05-04T08:49:29","modified_gmt":"2026-05-04T05:49:29","slug":"ananassilohnaline-salvei","status":"publish","type":"product","link":"https:\/\/tammetalu.eu\/en\/product\/ananassilohnaline-salvei\/","title":{"rendered":"Ananassil\u00f5hnaline salvei Salvia discolor"},"content":{"rendered":"","protected":false},"excerpt":{"rendered":"<p><em>Salvia discolor<\/em><\/p>\n<p>P\u00f5\u00f5sasja kasvukujuga aromaatne taim k\u00f5rgusega kuni 80 cm. Ananassil\u00f5hnaline salvei on p\u00e4rit Peruust, kus teda leiab kasvamas kohalikus looduses piiratud kasvukohal. Taimel on silmatorkavalt tumelillad \u00f5ied ja rohekashallid v\u00e4heldased lehed.\u00a0 \u00d5itseb rikkalikult kogu suve. Taime lehtedel on veidi musts\u00f5strane l\u00f5hn, kuigi nimeks on pandud hoopis ananassil\u00f5hnaline salvei. Aga j\u00e4\u00e4gu see l\u00f5hn taime nuusutaja enda otsustada. Ei ole meie tingimustes kahjuks k\u00fclmakindel. Sobib kasvatamiseks potis eksootilise terrassi- ja r\u00f5dutaimena, sest siis p\u00e4\u00e4seb taime \u00f5ite ilu ja v\u00e4rv ja \u00fcllatav l\u00f5hn eriti esile. Kasvuks vajab kuivapoolses kuni parasniisket h\u00e4sti vett l\u00e4bi laskvat aiamulda ja t\u00e4isp\u00e4ikest, kuid lepib ka poolvarjulise kasvukohaga. \u00d5isikute varred on l\u00e4ikivad ja kaetud kleepuvat taimemahla eritavate n\u00e4\u00e4rmetega, mille k\u00fclge putukad kinni j\u00e4\u00e4vad, see on selle taime omap\u00e4ra. Ta \u00f5itseb kuumade ilmadega l\u00e4bi suve.\u00a0 S\u00fcgisel v\u00f5ib katsetada taime edasi kasvatada jahedas siseruumis. Lehed ja \u00f5ied sobivad teeks ja garneerimiseks. Sellel salveil ei ole raviomadusi.<\/p>\n","protected":false},"featured_media":20352,"template":"","meta":{"_acf_changed":false,"_et_pb_use_builder":"","_et_pb_old_content":"","_et_gb_content_width":"","inline_featured_image":false},"product_brand":[],"product_cat":[186,196],"product_tag":[],"class_list":{"0":"post-20250","1":"product","2":"type-product","3":"status-publish","4":"has-post-thumbnail","6":"product_cat-maitse-ja-ravimtaimede-istikud","7":"product_cat-salveid","9":"first","10":"outofstock","11":"taxable","12":"shipping-taxable","13":"purchasable","14":"product-type-simple"},"acf":[],"yoast_head":"<!-- This site is optimized with the Yoast SEO plugin v27.5 - https:\/\/yoast.com\/product\/yoast-seo-wordpress\/ -->\n<title>Ananassil\u00f5hnaline salvei Salvia discolor - Tamme talu \u00fcrdiaed<\/title>\n<meta name=\"description\" content=\"P\u00f5\u00f5sasja kasvukujuga aromaatne taim k\u00f5rgusega kuni 80 cm. Ananassil\u00f5hnaline salvei on p\u00e4rit Peruust, kus teda leiab kasvamas kohalikus looduses piiratud kasvukohal. Taimel on silmatorkavalt tumelillad \u00f5ied ja rohekashallid v\u00e4heldased lehed.\u00a0 \u00d5itseb rikkalikult kogu suve.\" \/>\n<meta name=\"robots\" content=\"index, follow, max-snippet:-1, max-image-preview:large, max-video-preview:-1\" \/>\n<link rel=\"canonical\" href=\"https:\/\/tammetalu.eu\/toode\/ananassilohnaline-salvei\/\" \/>\n<meta property=\"og:locale\" content=\"en_US\" \/>\n<meta property=\"og:type\" content=\"article\" \/>\n<meta property=\"og:title\" content=\"Ananassil\u00f5hnaline salvei Salvia discolor - Tamme talu \u00fcrdiaed\" \/>\n<meta property=\"og:description\" content=\"P\u00f5\u00f5sasja kasvukujuga aromaatne taim k\u00f5rgusega kuni 80 cm. Ananassil\u00f5hnaline salvei on p\u00e4rit Peruust, kus teda leiab kasvamas kohalikus looduses piiratud kasvukohal. Taimel on silmatorkavalt tumelillad \u00f5ied ja rohekashallid v\u00e4heldased lehed.\u00a0 \u00d5itseb rikkalikult kogu suve.\" \/>\n<meta property=\"og:url\" content=\"https:\/\/tammetalu.eu\/toode\/ananassilohnaline-salvei\/\" \/>\n<meta property=\"og:site_name\" content=\"Tamme talu \u00fcrdiaed\" \/>\n<meta property=\"article:publisher\" content=\"https:\/\/www.facebook.com\/TammeTaluUrdiaed\/?locale=et_EE\" \/>\n<meta property=\"article:modified_time\" content=\"2026-05-04T05:49:29+00:00\" \/>\n<meta property=\"og:image\" content=\"https:\/\/tammetalu.eu\/wp-content\/uploads\/2024\/03\/ananassilohnaline-salvei-salvia-discolor-tamme-talu-urdiaed.jpg\" \/>\n\t<meta property=\"og:image:width\" content=\"500\" \/>\n\t<meta property=\"og:image:height\" content=\"500\" \/>\n\t<meta property=\"og:image:type\" content=\"image\/jpeg\" \/>\n<meta name=\"twitter:card\" content=\"summary_large_image\" \/>\n<meta name=\"twitter:label1\" content=\"Est. reading time\" \/>\n\t<meta name=\"twitter:data1\" content=\"1 minute\" \/>\n<script type=\"application\/ld+json\" class=\"yoast-schema-graph\">{\"@context\":\"https:\\\/\\\/schema.org\",\"@graph\":[{\"@type\":\"WebPage\",\"@id\":\"https:\\\/\\\/tammetalu.eu\\\/toode\\\/ananassilohnaline-salvei\\\/\",\"url\":\"https:\\\/\\\/tammetalu.eu\\\/toode\\\/ananassilohnaline-salvei\\\/\",\"name\":\"Ananassil\u00f5hnaline salvei Salvia discolor - Tamme talu \u00fcrdiaed\",\"isPartOf\":{\"@id\":\"https:\\\/\\\/tammetalu.eu\\\/#website\"},\"primaryImageOfPage\":{\"@id\":\"https:\\\/\\\/tammetalu.eu\\\/toode\\\/ananassilohnaline-salvei\\\/#primaryimage\"},\"image\":{\"@id\":\"https:\\\/\\\/tammetalu.eu\\\/toode\\\/ananassilohnaline-salvei\\\/#primaryimage\"},\"thumbnailUrl\":\"https:\\\/\\\/tammetalu.eu\\\/wp-content\\\/uploads\\\/2024\\\/03\\\/ananassilohnaline-salvei-salvia-discolor-tamme-talu-urdiaed.jpg\",\"datePublished\":\"2024-03-30T11:22:29+00:00\",\"dateModified\":\"2026-05-04T05:49:29+00:00\",\"description\":\"P\u00f5\u00f5sasja kasvukujuga aromaatne taim k\u00f5rgusega kuni 80 cm. Ananassil\u00f5hnaline salvei on p\u00e4rit Peruust, kus teda leiab kasvamas kohalikus looduses piiratud kasvukohal. Taimel on silmatorkavalt tumelillad \u00f5ied ja rohekashallid v\u00e4heldased lehed.\u00a0 \u00d5itseb rikkalikult kogu suve.\",\"breadcrumb\":{\"@id\":\"https:\\\/\\\/tammetalu.eu\\\/toode\\\/ananassilohnaline-salvei\\\/#breadcrumb\"},\"inLanguage\":\"en-US\",\"potentialAction\":[{\"@type\":\"ReadAction\",\"target\":[\"https:\\\/\\\/tammetalu.eu\\\/toode\\\/ananassilohnaline-salvei\\\/\"]}]},{\"@type\":\"ImageObject\",\"inLanguage\":\"en-US\",\"@id\":\"https:\\\/\\\/tammetalu.eu\\\/toode\\\/ananassilohnaline-salvei\\\/#primaryimage\",\"url\":\"https:\\\/\\\/tammetalu.eu\\\/wp-content\\\/uploads\\\/2024\\\/03\\\/ananassilohnaline-salvei-salvia-discolor-tamme-talu-urdiaed.jpg\",\"contentUrl\":\"https:\\\/\\\/tammetalu.eu\\\/wp-content\\\/uploads\\\/2024\\\/03\\\/ananassilohnaline-salvei-salvia-discolor-tamme-talu-urdiaed.jpg\",\"width\":500,\"height\":500,\"caption\":\"ananassilohnaline-salvei-salvia-discolor-tamme-talu-urdiaed\"},{\"@type\":\"BreadcrumbList\",\"@id\":\"https:\\\/\\\/tammetalu.eu\\\/toode\\\/ananassilohnaline-salvei\\\/#breadcrumb\",\"itemListElement\":[{\"@type\":\"ListItem\",\"position\":1,\"name\":\"Home\",\"item\":\"https:\\\/\\\/tammetalu.eu\\\/en\\\/esileht-eng\\\/\"},{\"@type\":\"ListItem\",\"position\":2,\"name\":\"Shop\",\"item\":\"https:\\\/\\\/tammetalu.eu\\\/en\\\/shop\\\/\"},{\"@type\":\"ListItem\",\"position\":3,\"name\":\"Ananassil\u00f5hnaline salvei Salvia discolor\"}]},{\"@type\":\"WebSite\",\"@id\":\"https:\\\/\\\/tammetalu.eu\\\/#website\",\"url\":\"https:\\\/\\\/tammetalu.eu\\\/\",\"name\":\"Tamme talu \u00fcrdiaed\",\"description\":\"K\u00e4sit\u00f6\u00f6na valmistatud tooted \u00fcrtidest, \u00fcrdiistikud, \u00fcrtide kollektsioonaed\",\"publisher\":{\"@id\":\"https:\\\/\\\/tammetalu.eu\\\/#organization\"},\"alternateName\":\"Tamme talu\",\"potentialAction\":[{\"@type\":\"SearchAction\",\"target\":{\"@type\":\"EntryPoint\",\"urlTemplate\":\"https:\\\/\\\/tammetalu.eu\\\/?s={search_term_string}\"},\"query-input\":{\"@type\":\"PropertyValueSpecification\",\"valueRequired\":true,\"valueName\":\"search_term_string\"}}],\"inLanguage\":\"en-US\"},{\"@type\":\"Organization\",\"@id\":\"https:\\\/\\\/tammetalu.eu\\\/#organization\",\"name\":\"Tamme talu \u00fcrdiaed\",\"alternateName\":\"Tamme talu\",\"url\":\"https:\\\/\\\/tammetalu.eu\\\/\",\"logo\":{\"@type\":\"ImageObject\",\"inLanguage\":\"en-US\",\"@id\":\"https:\\\/\\\/tammetalu.eu\\\/#\\\/schema\\\/logo\\\/image\\\/\",\"url\":\"https:\\\/\\\/tammetalu.eu\\\/wp-content\\\/uploads\\\/2025\\\/01\\\/Tamme_talu_urdiaed.png\",\"contentUrl\":\"https:\\\/\\\/tammetalu.eu\\\/wp-content\\\/uploads\\\/2025\\\/01\\\/Tamme_talu_urdiaed.png\",\"width\":560,\"height\":560,\"caption\":\"Tamme talu \u00fcrdiaed\"},\"image\":{\"@id\":\"https:\\\/\\\/tammetalu.eu\\\/#\\\/schema\\\/logo\\\/image\\\/\"},\"sameAs\":[\"https:\\\/\\\/www.facebook.com\\\/TammeTaluUrdiaed\\\/?locale=et_EE\",\"https:\\\/\\\/www.instagram.com\\\/tammetaluurdiaed\\\/\"]}]}<\/script>\n<!-- \/ Yoast SEO plugin. -->","yoast_head_json":{"title":"Ananassil\u00f5hnaline salvei Salvia discolor - Tamme talu \u00fcrdiaed","description":"P\u00f5\u00f5sasja kasvukujuga aromaatne taim k\u00f5rgusega kuni 80 cm. Ananassil\u00f5hnaline salvei on p\u00e4rit Peruust, kus teda leiab kasvamas kohalikus looduses piiratud kasvukohal. Taimel on silmatorkavalt tumelillad \u00f5ied ja rohekashallid v\u00e4heldased lehed.\u00a0 \u00d5itseb rikkalikult kogu suve.","robots":{"index":"index","follow":"follow","max-snippet":"max-snippet:-1","max-image-preview":"max-image-preview:large","max-video-preview":"max-video-preview:-1"},"canonical":"https:\/\/tammetalu.eu\/toode\/ananassilohnaline-salvei\/","og_locale":"en_US","og_type":"article","og_title":"Ananassil\u00f5hnaline salvei Salvia discolor - Tamme talu \u00fcrdiaed","og_description":"P\u00f5\u00f5sasja kasvukujuga aromaatne taim k\u00f5rgusega kuni 80 cm. Ananassil\u00f5hnaline salvei on p\u00e4rit Peruust, kus teda leiab kasvamas kohalikus looduses piiratud kasvukohal. Taimel on silmatorkavalt tumelillad \u00f5ied ja rohekashallid v\u00e4heldased lehed.\u00a0 \u00d5itseb rikkalikult kogu suve.","og_url":"https:\/\/tammetalu.eu\/toode\/ananassilohnaline-salvei\/","og_site_name":"Tamme talu \u00fcrdiaed","article_publisher":"https:\/\/www.facebook.com\/TammeTaluUrdiaed\/?locale=et_EE","article_modified_time":"2026-05-04T05:49:29+00:00","og_image":[{"width":500,"height":500,"url":"https:\/\/tammetalu.eu\/wp-content\/uploads\/2024\/03\/ananassilohnaline-salvei-salvia-discolor-tamme-talu-urdiaed.jpg","type":"image\/jpeg"}],"twitter_card":"summary_large_image","twitter_misc":{"Est. reading time":"1 minute"},"schema":{"@context":"https:\/\/schema.org","@graph":[{"@type":"WebPage","@id":"https:\/\/tammetalu.eu\/toode\/ananassilohnaline-salvei\/","url":"https:\/\/tammetalu.eu\/toode\/ananassilohnaline-salvei\/","name":"Ananassil\u00f5hnaline salvei Salvia discolor - Tamme talu \u00fcrdiaed","isPartOf":{"@id":"https:\/\/tammetalu.eu\/#website"},"primaryImageOfPage":{"@id":"https:\/\/tammetalu.eu\/toode\/ananassilohnaline-salvei\/#primaryimage"},"image":{"@id":"https:\/\/tammetalu.eu\/toode\/ananassilohnaline-salvei\/#primaryimage"},"thumbnailUrl":"https:\/\/tammetalu.eu\/wp-content\/uploads\/2024\/03\/ananassilohnaline-salvei-salvia-discolor-tamme-talu-urdiaed.jpg","datePublished":"2024-03-30T11:22:29+00:00","dateModified":"2026-05-04T05:49:29+00:00","description":"P\u00f5\u00f5sasja kasvukujuga aromaatne taim k\u00f5rgusega kuni 80 cm. Ananassil\u00f5hnaline salvei on p\u00e4rit Peruust, kus teda leiab kasvamas kohalikus looduses piiratud kasvukohal. Taimel on silmatorkavalt tumelillad \u00f5ied ja rohekashallid v\u00e4heldased lehed.\u00a0 \u00d5itseb rikkalikult kogu suve.","breadcrumb":{"@id":"https:\/\/tammetalu.eu\/toode\/ananassilohnaline-salvei\/#breadcrumb"},"inLanguage":"en-US","potentialAction":[{"@type":"ReadAction","target":["https:\/\/tammetalu.eu\/toode\/ananassilohnaline-salvei\/"]}]},{"@type":"ImageObject","inLanguage":"en-US","@id":"https:\/\/tammetalu.eu\/toode\/ananassilohnaline-salvei\/#primaryimage","url":"https:\/\/tammetalu.eu\/wp-content\/uploads\/2024\/03\/ananassilohnaline-salvei-salvia-discolor-tamme-talu-urdiaed.jpg","contentUrl":"https:\/\/tammetalu.eu\/wp-content\/uploads\/2024\/03\/ananassilohnaline-salvei-salvia-discolor-tamme-talu-urdiaed.jpg","width":500,"height":500,"caption":"ananassilohnaline-salvei-salvia-discolor-tamme-talu-urdiaed"},{"@type":"BreadcrumbList","@id":"https:\/\/tammetalu.eu\/toode\/ananassilohnaline-salvei\/#breadcrumb","itemListElement":[{"@type":"ListItem","position":1,"name":"Home","item":"https:\/\/tammetalu.eu\/en\/esileht-eng\/"},{"@type":"ListItem","position":2,"name":"Shop","item":"https:\/\/tammetalu.eu\/en\/shop\/"},{"@type":"ListItem","position":3,"name":"Ananassil\u00f5hnaline salvei Salvia discolor"}]},{"@type":"WebSite","@id":"https:\/\/tammetalu.eu\/#website","url":"https:\/\/tammetalu.eu\/","name":"Tamme talu \u00fcrdiaed","description":"K\u00e4sit\u00f6\u00f6na valmistatud tooted \u00fcrtidest, \u00fcrdiistikud, \u00fcrtide kollektsioonaed","publisher":{"@id":"https:\/\/tammetalu.eu\/#organization"},"alternateName":"Tamme talu","potentialAction":[{"@type":"SearchAction","target":{"@type":"EntryPoint","urlTemplate":"https:\/\/tammetalu.eu\/?s={search_term_string}"},"query-input":{"@type":"PropertyValueSpecification","valueRequired":true,"valueName":"search_term_string"}}],"inLanguage":"en-US"},{"@type":"Organization","@id":"https:\/\/tammetalu.eu\/#organization","name":"Tamme talu \u00fcrdiaed","alternateName":"Tamme talu","url":"https:\/\/tammetalu.eu\/","logo":{"@type":"ImageObject","inLanguage":"en-US","@id":"https:\/\/tammetalu.eu\/#\/schema\/logo\/image\/","url":"https:\/\/tammetalu.eu\/wp-content\/uploads\/2025\/01\/Tamme_talu_urdiaed.png","contentUrl":"https:\/\/tammetalu.eu\/wp-content\/uploads\/2025\/01\/Tamme_talu_urdiaed.png","width":560,"height":560,"caption":"Tamme talu \u00fcrdiaed"},"image":{"@id":"https:\/\/tammetalu.eu\/#\/schema\/logo\/image\/"},"sameAs":["https:\/\/www.facebook.com\/TammeTaluUrdiaed\/?locale=et_EE","https:\/\/www.instagram.com\/tammetaluurdiaed\/"]}]}},"_links":{"self":[{"href":"https:\/\/tammetalu.eu\/en\/wp-json\/wp\/v2\/product\/20250","targetHints":{"allow":["GET"]}}],"collection":[{"href":"https:\/\/tammetalu.eu\/en\/wp-json\/wp\/v2\/product"}],"about":[{"href":"https:\/\/tammetalu.eu\/en\/wp-json\/wp\/v2\/types\/product"}],"wp:featuredmedia":[{"embeddable":true,"href":"https:\/\/tammetalu.eu\/en\/wp-json\/wp\/v2\/media\/20352"}],"wp:attachment":[{"href":"https:\/\/tammetalu.eu\/en\/wp-json\/wp\/v2\/media?parent=20250"}],"wp:term":[{"taxonomy":"product_brand","embeddable":true,"href":"https:\/\/tammetalu.eu\/en\/wp-json\/wp\/v2\/product_brand?post=20250"},{"taxonomy":"product_cat","embeddable":true,"href":"https:\/\/tammetalu.eu\/en\/wp-json\/wp\/v2\/product_cat?post=20250"},{"taxonomy":"product_tag","embeddable":true,"href":"https:\/\/tammetalu.eu\/en\/wp-json\/wp\/v2\/product_tag?post=20250"}],"curies":[{"name":"wp","href":"https:\/\/api.w.org\/{rel}","templated":true}]}}