{"id":20432,"date":"2024-04-07T09:52:45","date_gmt":"2024-04-07T06:52:45","guid":{"rendered":"https:\/\/tammetalu.eu\/?post_type=product&#038;p=20432"},"modified":"2026-05-04T08:49:26","modified_gmt":"2026-05-04T05:49:26","slug":"lilla-kroonlauk-lizzy","status":"publish","type":"product","link":"https:\/\/tammetalu.eu\/en\/product\/lilla-kroonlauk-lizzy\/","title":{"rendered":"Lilla kroonlauk &#8220;Lizzy&#8221;"},"content":{"rendered":"","protected":false},"excerpt":{"rendered":"<p><em>Tulbaghia violacea<\/em><\/p>\n<p>Uus lilla kroonlaugu sort mis on loodud T. violacea x T. leucantha ristamisest. Tulbaghia &#8216;Lizzy&#8217; on h\u00e4sti kasvav tugevate \u00f5ievartega taim. Tumedamad lillad \u00f5ied on 60-70 cm k\u00f5rgustel \u00f5ievartel mai l\u00f5pust oktoobrini. \u00d5ied on eriti l\u00f5hnavad p\u00e4ikesepaistelise tuulevaikse ilmaga.<\/p>\n<p>Veidi k\u00fc\u00fcslaugu maitseliste lehtede ja tumedamate lillade \u00f5isikutega k\u00fclmahell p\u00fcsik. Kasvab kuni 60-70 cm k\u00f5rguseks rohtseks puhmaks. Suvel sobib taime kasvatada \u00f5ues potis, talveks vajab talvitumiseks siseruumi. V\u00e4ga vastupidav ning v\u00e4hen\u00f5udlik taim. Ei ole n\u00f5udlik mulla ega kasvupaiga suhtes. Suvel, kui on taimel aktiivne kasvuperiood, vajab rohkem kastmist kui talvel toas talvitudes.<\/p>\n<p>Lehed, \u00f5iepungad ning \u00f5ied on s\u00f6\u00f6davad, neid\u00a0 saab taimelt noppida aasta ringselt. Maitseb nagu sibul, k\u00fc\u00fcslauk, sinep ja m\u00e4dar\u00f5igas \u00fcheaegselt, v\u00e4ga p\u00f5nev lisand v\u00f5ileibadele ja salatitele. Hakitud lehed sobivad v\u00e4rskelt v\u00f5i hautatult erinevate roogade lisandiks.<\/p>\n<p>&nbsp;<\/p>\n","protected":false},"featured_media":20458,"template":"","meta":{"_acf_changed":false,"_et_pb_use_builder":"","_et_pb_old_content":"","_et_gb_content_width":"","inline_featured_image":false},"product_brand":[],"product_cat":[201,186,203],"product_tag":[],"class_list":{"0":"post-20432","1":"product","2":"type-product","3":"status-publish","4":"has-post-thumbnail","6":"product_cat-laugud","7":"product_cat-maitse-ja-ravimtaimede-istikud","8":"product_cat-ponevad-koogiviljad","10":"first","11":"outofstock","12":"taxable","13":"shipping-taxable","14":"purchasable","15":"product-type-simple"},"acf":[],"yoast_head":"<!-- This site is optimized with the Yoast SEO plugin v27.5 - https:\/\/yoast.com\/product\/yoast-seo-wordpress\/ -->\n<title>Lilla kroonlauk &quot;Lizzy&quot; - Tamme talu \u00fcrdiaed<\/title>\n<meta name=\"robots\" content=\"index, follow, max-snippet:-1, max-image-preview:large, max-video-preview:-1\" \/>\n<link rel=\"canonical\" href=\"https:\/\/tammetalu.eu\/toode\/lilla-kroonlauk-lizzy\/\" \/>\n<meta property=\"og:locale\" content=\"en_US\" \/>\n<meta property=\"og:type\" content=\"article\" \/>\n<meta property=\"og:title\" content=\"Lilla kroonlauk &quot;Lizzy&quot; - Tamme talu \u00fcrdiaed\" \/>\n<meta property=\"og:description\" content=\"Tulbaghia violacea  Uus lilla kroonlaugu sort mis on loodud T. violacea x T. leucantha ristamisest. Tulbaghia &#039;Lizzy&#039; on h\u00e4sti kasvav tugevate \u00f5ievartega taim. Tumedamad lillad \u00f5ied on 60-70 cm k\u00f5rgustel \u00f5ievartel mai l\u00f5pust oktoobrini. \u00d5ied on eriti l\u00f5hnavad p\u00e4ikesepaistelise tuulevaikse ilmaga.  Veidi k\u00fc\u00fcslaugu maitseliste lehtede ja tumedamate lillade \u00f5isikutega k\u00fclmahell p\u00fcsik. Kasvab kuni 60-70 cm k\u00f5rguseks rohtseks puhmaks. Suvel sobib taime kasvatada \u00f5ues potis, talveks vajab talvitumiseks siseruumi. V\u00e4ga vastupidav ning v\u00e4hen\u00f5udlik taim. Ei ole n\u00f5udlik mulla ega kasvupaiga suhtes. Suvel, kui on taimel aktiivne kasvuperiood, vajab rohkem kastmist kui talvel toas talvitudes.  Lehed, \u00f5iepungad ning \u00f5ied on s\u00f6\u00f6davad, neid\u00a0 saab taimelt noppida aasta ringselt. Maitseb nagu sibul, k\u00fc\u00fcslauk, sinep ja m\u00e4dar\u00f5igas \u00fcheaegselt, v\u00e4ga p\u00f5nev lisand v\u00f5ileibadele ja salatitele. Hakitud lehed sobivad v\u00e4rskelt v\u00f5i hautatult erinevate roogade lisandiks.  &nbsp;\" \/>\n<meta property=\"og:url\" content=\"https:\/\/tammetalu.eu\/toode\/lilla-kroonlauk-lizzy\/\" \/>\n<meta property=\"og:site_name\" content=\"Tamme talu \u00fcrdiaed\" \/>\n<meta property=\"article:publisher\" content=\"https:\/\/www.facebook.com\/TammeTaluUrdiaed\/?locale=et_EE\" \/>\n<meta property=\"article:modified_time\" content=\"2026-05-04T05:49:26+00:00\" \/>\n<meta property=\"og:image\" content=\"https:\/\/tammetalu.eu\/wp-content\/uploads\/2024\/04\/lilla-kroonlauk-tulbaghia-lizzy-tamme-talu-urdiaed.jpg\" \/>\n\t<meta property=\"og:image:width\" content=\"800\" \/>\n\t<meta property=\"og:image:height\" content=\"800\" \/>\n\t<meta property=\"og:image:type\" content=\"image\/jpeg\" \/>\n<meta name=\"twitter:card\" content=\"summary_large_image\" \/>\n<meta name=\"twitter:label1\" content=\"Est. reading time\" \/>\n\t<meta name=\"twitter:data1\" content=\"1 minute\" \/>\n<script type=\"application\/ld+json\" class=\"yoast-schema-graph\">{\"@context\":\"https:\\\/\\\/schema.org\",\"@graph\":[{\"@type\":\"WebPage\",\"@id\":\"https:\\\/\\\/tammetalu.eu\\\/toode\\\/lilla-kroonlauk-lizzy\\\/\",\"url\":\"https:\\\/\\\/tammetalu.eu\\\/toode\\\/lilla-kroonlauk-lizzy\\\/\",\"name\":\"Lilla kroonlauk \\\"Lizzy\\\" - Tamme talu \u00fcrdiaed\",\"isPartOf\":{\"@id\":\"https:\\\/\\\/tammetalu.eu\\\/#website\"},\"primaryImageOfPage\":{\"@id\":\"https:\\\/\\\/tammetalu.eu\\\/toode\\\/lilla-kroonlauk-lizzy\\\/#primaryimage\"},\"image\":{\"@id\":\"https:\\\/\\\/tammetalu.eu\\\/toode\\\/lilla-kroonlauk-lizzy\\\/#primaryimage\"},\"thumbnailUrl\":\"https:\\\/\\\/tammetalu.eu\\\/wp-content\\\/uploads\\\/2024\\\/04\\\/lilla-kroonlauk-tulbaghia-lizzy-tamme-talu-urdiaed.jpg\",\"datePublished\":\"2024-04-07T06:52:45+00:00\",\"dateModified\":\"2026-05-04T05:49:26+00:00\",\"breadcrumb\":{\"@id\":\"https:\\\/\\\/tammetalu.eu\\\/toode\\\/lilla-kroonlauk-lizzy\\\/#breadcrumb\"},\"inLanguage\":\"en-US\",\"potentialAction\":[{\"@type\":\"ReadAction\",\"target\":[\"https:\\\/\\\/tammetalu.eu\\\/toode\\\/lilla-kroonlauk-lizzy\\\/\"]}]},{\"@type\":\"ImageObject\",\"inLanguage\":\"en-US\",\"@id\":\"https:\\\/\\\/tammetalu.eu\\\/toode\\\/lilla-kroonlauk-lizzy\\\/#primaryimage\",\"url\":\"https:\\\/\\\/tammetalu.eu\\\/wp-content\\\/uploads\\\/2024\\\/04\\\/lilla-kroonlauk-tulbaghia-lizzy-tamme-talu-urdiaed.jpg\",\"contentUrl\":\"https:\\\/\\\/tammetalu.eu\\\/wp-content\\\/uploads\\\/2024\\\/04\\\/lilla-kroonlauk-tulbaghia-lizzy-tamme-talu-urdiaed.jpg\",\"width\":800,\"height\":800,\"caption\":\"lilla-kroonlauk-tulbaghia-lizzy-tamme-talu-urdiaed\"},{\"@type\":\"BreadcrumbList\",\"@id\":\"https:\\\/\\\/tammetalu.eu\\\/toode\\\/lilla-kroonlauk-lizzy\\\/#breadcrumb\",\"itemListElement\":[{\"@type\":\"ListItem\",\"position\":1,\"name\":\"Home\",\"item\":\"https:\\\/\\\/tammetalu.eu\\\/en\\\/esileht-eng\\\/\"},{\"@type\":\"ListItem\",\"position\":2,\"name\":\"Shop\",\"item\":\"https:\\\/\\\/tammetalu.eu\\\/en\\\/shop\\\/\"},{\"@type\":\"ListItem\",\"position\":3,\"name\":\"Lilla kroonlauk &#8220;Lizzy&#8221;\"}]},{\"@type\":\"WebSite\",\"@id\":\"https:\\\/\\\/tammetalu.eu\\\/#website\",\"url\":\"https:\\\/\\\/tammetalu.eu\\\/\",\"name\":\"Tamme talu \u00fcrdiaed\",\"description\":\"K\u00e4sit\u00f6\u00f6na valmistatud tooted \u00fcrtidest, \u00fcrdiistikud, \u00fcrtide kollektsioonaed\",\"publisher\":{\"@id\":\"https:\\\/\\\/tammetalu.eu\\\/#organization\"},\"alternateName\":\"Tamme talu\",\"potentialAction\":[{\"@type\":\"SearchAction\",\"target\":{\"@type\":\"EntryPoint\",\"urlTemplate\":\"https:\\\/\\\/tammetalu.eu\\\/?s={search_term_string}\"},\"query-input\":{\"@type\":\"PropertyValueSpecification\",\"valueRequired\":true,\"valueName\":\"search_term_string\"}}],\"inLanguage\":\"en-US\"},{\"@type\":\"Organization\",\"@id\":\"https:\\\/\\\/tammetalu.eu\\\/#organization\",\"name\":\"Tamme talu \u00fcrdiaed\",\"alternateName\":\"Tamme talu\",\"url\":\"https:\\\/\\\/tammetalu.eu\\\/\",\"logo\":{\"@type\":\"ImageObject\",\"inLanguage\":\"en-US\",\"@id\":\"https:\\\/\\\/tammetalu.eu\\\/#\\\/schema\\\/logo\\\/image\\\/\",\"url\":\"https:\\\/\\\/tammetalu.eu\\\/wp-content\\\/uploads\\\/2025\\\/01\\\/Tamme_talu_urdiaed.png\",\"contentUrl\":\"https:\\\/\\\/tammetalu.eu\\\/wp-content\\\/uploads\\\/2025\\\/01\\\/Tamme_talu_urdiaed.png\",\"width\":560,\"height\":560,\"caption\":\"Tamme talu \u00fcrdiaed\"},\"image\":{\"@id\":\"https:\\\/\\\/tammetalu.eu\\\/#\\\/schema\\\/logo\\\/image\\\/\"},\"sameAs\":[\"https:\\\/\\\/www.facebook.com\\\/TammeTaluUrdiaed\\\/?locale=et_EE\",\"https:\\\/\\\/www.instagram.com\\\/tammetaluurdiaed\\\/\"]}]}<\/script>\n<!-- \/ Yoast SEO plugin. -->","yoast_head_json":{"title":"Lilla kroonlauk \"Lizzy\" - Tamme talu \u00fcrdiaed","robots":{"index":"index","follow":"follow","max-snippet":"max-snippet:-1","max-image-preview":"max-image-preview:large","max-video-preview":"max-video-preview:-1"},"canonical":"https:\/\/tammetalu.eu\/toode\/lilla-kroonlauk-lizzy\/","og_locale":"en_US","og_type":"article","og_title":"Lilla kroonlauk \"Lizzy\" - Tamme talu \u00fcrdiaed","og_description":"Tulbaghia violacea  Uus lilla kroonlaugu sort mis on loodud T. violacea x T. leucantha ristamisest. Tulbaghia 'Lizzy' on h\u00e4sti kasvav tugevate \u00f5ievartega taim. Tumedamad lillad \u00f5ied on 60-70 cm k\u00f5rgustel \u00f5ievartel mai l\u00f5pust oktoobrini. \u00d5ied on eriti l\u00f5hnavad p\u00e4ikesepaistelise tuulevaikse ilmaga.  Veidi k\u00fc\u00fcslaugu maitseliste lehtede ja tumedamate lillade \u00f5isikutega k\u00fclmahell p\u00fcsik. Kasvab kuni 60-70 cm k\u00f5rguseks rohtseks puhmaks. Suvel sobib taime kasvatada \u00f5ues potis, talveks vajab talvitumiseks siseruumi. V\u00e4ga vastupidav ning v\u00e4hen\u00f5udlik taim. Ei ole n\u00f5udlik mulla ega kasvupaiga suhtes. Suvel, kui on taimel aktiivne kasvuperiood, vajab rohkem kastmist kui talvel toas talvitudes.  Lehed, \u00f5iepungad ning \u00f5ied on s\u00f6\u00f6davad, neid\u00a0 saab taimelt noppida aasta ringselt. Maitseb nagu sibul, k\u00fc\u00fcslauk, sinep ja m\u00e4dar\u00f5igas \u00fcheaegselt, v\u00e4ga p\u00f5nev lisand v\u00f5ileibadele ja salatitele. Hakitud lehed sobivad v\u00e4rskelt v\u00f5i hautatult erinevate roogade lisandiks.  &nbsp;","og_url":"https:\/\/tammetalu.eu\/toode\/lilla-kroonlauk-lizzy\/","og_site_name":"Tamme talu \u00fcrdiaed","article_publisher":"https:\/\/www.facebook.com\/TammeTaluUrdiaed\/?locale=et_EE","article_modified_time":"2026-05-04T05:49:26+00:00","og_image":[{"width":800,"height":800,"url":"https:\/\/tammetalu.eu\/wp-content\/uploads\/2024\/04\/lilla-kroonlauk-tulbaghia-lizzy-tamme-talu-urdiaed.jpg","type":"image\/jpeg"}],"twitter_card":"summary_large_image","twitter_misc":{"Est. reading time":"1 minute"},"schema":{"@context":"https:\/\/schema.org","@graph":[{"@type":"WebPage","@id":"https:\/\/tammetalu.eu\/toode\/lilla-kroonlauk-lizzy\/","url":"https:\/\/tammetalu.eu\/toode\/lilla-kroonlauk-lizzy\/","name":"Lilla kroonlauk \"Lizzy\" - Tamme talu \u00fcrdiaed","isPartOf":{"@id":"https:\/\/tammetalu.eu\/#website"},"primaryImageOfPage":{"@id":"https:\/\/tammetalu.eu\/toode\/lilla-kroonlauk-lizzy\/#primaryimage"},"image":{"@id":"https:\/\/tammetalu.eu\/toode\/lilla-kroonlauk-lizzy\/#primaryimage"},"thumbnailUrl":"https:\/\/tammetalu.eu\/wp-content\/uploads\/2024\/04\/lilla-kroonlauk-tulbaghia-lizzy-tamme-talu-urdiaed.jpg","datePublished":"2024-04-07T06:52:45+00:00","dateModified":"2026-05-04T05:49:26+00:00","breadcrumb":{"@id":"https:\/\/tammetalu.eu\/toode\/lilla-kroonlauk-lizzy\/#breadcrumb"},"inLanguage":"en-US","potentialAction":[{"@type":"ReadAction","target":["https:\/\/tammetalu.eu\/toode\/lilla-kroonlauk-lizzy\/"]}]},{"@type":"ImageObject","inLanguage":"en-US","@id":"https:\/\/tammetalu.eu\/toode\/lilla-kroonlauk-lizzy\/#primaryimage","url":"https:\/\/tammetalu.eu\/wp-content\/uploads\/2024\/04\/lilla-kroonlauk-tulbaghia-lizzy-tamme-talu-urdiaed.jpg","contentUrl":"https:\/\/tammetalu.eu\/wp-content\/uploads\/2024\/04\/lilla-kroonlauk-tulbaghia-lizzy-tamme-talu-urdiaed.jpg","width":800,"height":800,"caption":"lilla-kroonlauk-tulbaghia-lizzy-tamme-talu-urdiaed"},{"@type":"BreadcrumbList","@id":"https:\/\/tammetalu.eu\/toode\/lilla-kroonlauk-lizzy\/#breadcrumb","itemListElement":[{"@type":"ListItem","position":1,"name":"Home","item":"https:\/\/tammetalu.eu\/en\/esileht-eng\/"},{"@type":"ListItem","position":2,"name":"Shop","item":"https:\/\/tammetalu.eu\/en\/shop\/"},{"@type":"ListItem","position":3,"name":"Lilla kroonlauk &#8220;Lizzy&#8221;"}]},{"@type":"WebSite","@id":"https:\/\/tammetalu.eu\/#website","url":"https:\/\/tammetalu.eu\/","name":"Tamme talu \u00fcrdiaed","description":"K\u00e4sit\u00f6\u00f6na valmistatud tooted \u00fcrtidest, \u00fcrdiistikud, \u00fcrtide kollektsioonaed","publisher":{"@id":"https:\/\/tammetalu.eu\/#organization"},"alternateName":"Tamme talu","potentialAction":[{"@type":"SearchAction","target":{"@type":"EntryPoint","urlTemplate":"https:\/\/tammetalu.eu\/?s={search_term_string}"},"query-input":{"@type":"PropertyValueSpecification","valueRequired":true,"valueName":"search_term_string"}}],"inLanguage":"en-US"},{"@type":"Organization","@id":"https:\/\/tammetalu.eu\/#organization","name":"Tamme talu \u00fcrdiaed","alternateName":"Tamme talu","url":"https:\/\/tammetalu.eu\/","logo":{"@type":"ImageObject","inLanguage":"en-US","@id":"https:\/\/tammetalu.eu\/#\/schema\/logo\/image\/","url":"https:\/\/tammetalu.eu\/wp-content\/uploads\/2025\/01\/Tamme_talu_urdiaed.png","contentUrl":"https:\/\/tammetalu.eu\/wp-content\/uploads\/2025\/01\/Tamme_talu_urdiaed.png","width":560,"height":560,"caption":"Tamme talu \u00fcrdiaed"},"image":{"@id":"https:\/\/tammetalu.eu\/#\/schema\/logo\/image\/"},"sameAs":["https:\/\/www.facebook.com\/TammeTaluUrdiaed\/?locale=et_EE","https:\/\/www.instagram.com\/tammetaluurdiaed\/"]}]}},"_links":{"self":[{"href":"https:\/\/tammetalu.eu\/en\/wp-json\/wp\/v2\/product\/20432","targetHints":{"allow":["GET"]}}],"collection":[{"href":"https:\/\/tammetalu.eu\/en\/wp-json\/wp\/v2\/product"}],"about":[{"href":"https:\/\/tammetalu.eu\/en\/wp-json\/wp\/v2\/types\/product"}],"wp:featuredmedia":[{"embeddable":true,"href":"https:\/\/tammetalu.eu\/en\/wp-json\/wp\/v2\/media\/20458"}],"wp:attachment":[{"href":"https:\/\/tammetalu.eu\/en\/wp-json\/wp\/v2\/media?parent=20432"}],"wp:term":[{"taxonomy":"product_brand","embeddable":true,"href":"https:\/\/tammetalu.eu\/en\/wp-json\/wp\/v2\/product_brand?post=20432"},{"taxonomy":"product_cat","embeddable":true,"href":"https:\/\/tammetalu.eu\/en\/wp-json\/wp\/v2\/product_cat?post=20432"},{"taxonomy":"product_tag","embeddable":true,"href":"https:\/\/tammetalu.eu\/en\/wp-json\/wp\/v2\/product_tag?post=20432"}],"curies":[{"name":"wp","href":"https:\/\/api.w.org\/{rel}","templated":true}]}}