{"id":22612,"date":"2024-11-25T15:27:12","date_gmt":"2024-11-25T13:27:12","guid":{"rendered":"https:\/\/tammetalu.eu\/toode\/gift-set-for-a-tea-lover\/"},"modified":"2024-11-25T15:27:12","modified_gmt":"2024-11-25T13:27:12","slug":"gift-set-for-a-tea-lover","status":"publish","type":"product","link":"https:\/\/tammetalu.eu\/en\/product\/gift-set-for-a-tea-lover\/","title":{"rendered":"Gift set FOR A TEA LOVER"},"content":{"rendered":"<p>In My favorite tea is freeze-dried blackcurrant and apple, which give the tea the taste and aroma characteristic of fresh fruits. Peppermint adds a sweet minty undertone, and thyme adds depth to the flavor bouquet. The tea is aromatic and rich in flavor and pleases the body and soul in many ways. The ingredients are freeze-dried blackcurrant*, freeze-dried apple pieces*, thyme*, mint*.<\/p>\n<p>Good mood tea combines the spiciness of holy basil, the sweetness of calendula and the acidity of dried apple. And how wonderful this wonderful drink smells! Good Mood tea has a slightly stimulating effect, so it is best to drink it in the morning and during the day. The ingredients are holy basil or tulsi*, Mexican tarragon* and freeze-dried apple pieces*<\/p>\n<p>Raspberry-blackcurrant tea with mint contains freeze-dried raspberries and blackcurrants, which give the drink the taste, aroma and color typical of fresh berries, and mint adds a sweet minty undertone to the tea. Chilled tea with a slice of lemon and ice cubes is perfect for drinking on a warm summer day. The ingredients are freeze-dried raspberries*, freeze-dried blackcurrants*, mint (30%)*.<\/p>\n<p>*All tea ingredients are organic, without artificial additives.<\/p>\n","protected":false},"excerpt":{"rendered":"<p>The gift set FOR A TEA LOVER is an ideal gift for a true tea lover, as it contains herbal and berry teas in pyramid bags that offer taste experiences. Making tea is so easy and quick!<\/p>\n<p>ORGANIC Good Mood Tea Pyramid, ORGANIC Raspberry-Blackcurrant Tea with Mint Pyramid and ORGANIC My Favorite Tea Pyramid are packed in a beautiful gift box. The box has a transparent lid with a red silk ribbon tied around it and a beautifully designed card with a lovely message. The giver can add the recipient&#8217;s name to the card.<\/p>\n<p>An ideal gift for Christmas, birthdays or other special occasions. Practical in content and premium quality.<\/p>\n","protected":false},"featured_media":26089,"template":"","meta":{"_acf_changed":false,"_et_pb_use_builder":"","_et_pb_old_content":"","_et_gb_content_width":"","inline_featured_image":false},"product_brand":[],"product_cat":[245,226,223],"product_tag":[],"class_list":{"0":"post-22612","1":"product","2":"type-product","3":"status-publish","4":"has-post-thumbnail","6":"product_cat-gift-ideas","7":"product_cat-gift-sets","8":"product_cat-teas","10":"first","11":"instock","12":"taxable","13":"shipping-taxable","14":"purchasable","15":"product-type-simple"},"acf":[],"yoast_head":"<!-- This site is optimized with the Yoast SEO plugin v27.5 - https:\/\/yoast.com\/product\/yoast-seo-wordpress\/ -->\n<title>Gift set FOR A TEA LOVER - Tamme talu \u00fcrdiaed<\/title>\n<meta name=\"description\" content=\"An ideal gift for people, who want something more than just a simple taste of tea. As it contains premium quality herbal and berry teas. Gifts created with love from Tamme farm!\" \/>\n<meta name=\"robots\" content=\"index, follow, max-snippet:-1, max-image-preview:large, max-video-preview:-1\" \/>\n<link rel=\"canonical\" href=\"https:\/\/tammetalu.eu\/en\/product\/gift-set-for-a-tea-lover\/\" \/>\n<meta property=\"og:locale\" content=\"en_US\" \/>\n<meta property=\"og:type\" content=\"article\" \/>\n<meta property=\"og:title\" content=\"Gift set FOR A TEA LOVER - Tamme talu \u00fcrdiaed\" \/>\n<meta property=\"og:description\" content=\"An ideal gift for people, who want something more than just a simple taste of tea. As it contains premium quality herbal and berry teas. Gifts created with love from Tamme farm!\" \/>\n<meta property=\"og:url\" content=\"https:\/\/tammetalu.eu\/en\/product\/gift-set-for-a-tea-lover\/\" \/>\n<meta property=\"og:site_name\" content=\"Tamme talu \u00fcrdiaed\" \/>\n<meta property=\"article:publisher\" content=\"https:\/\/www.facebook.com\/TammeTaluUrdiaed\/?locale=et_EE\" \/>\n<meta property=\"og:image\" content=\"https:\/\/tammetalu.eu\/wp-content\/uploads\/2024\/11\/tamme-talu-urdiaed-tee-kinkekomplekt.jpg\" \/>\n\t<meta property=\"og:image:width\" content=\"1365\" \/>\n\t<meta property=\"og:image:height\" content=\"2048\" \/>\n\t<meta property=\"og:image:type\" content=\"image\/jpeg\" \/>\n<meta name=\"twitter:card\" content=\"summary_large_image\" \/>\n<meta name=\"twitter:label1\" content=\"Est. reading time\" \/>\n\t<meta name=\"twitter:data1\" content=\"1 minute\" \/>\n<script type=\"application\/ld+json\" class=\"yoast-schema-graph\">{\"@context\":\"https:\\\/\\\/schema.org\",\"@graph\":[{\"@type\":\"WebPage\",\"@id\":\"https:\\\/\\\/tammetalu.eu\\\/en\\\/product\\\/gift-set-for-a-tea-lover\\\/\",\"url\":\"https:\\\/\\\/tammetalu.eu\\\/en\\\/product\\\/gift-set-for-a-tea-lover\\\/\",\"name\":\"Gift set FOR A TEA LOVER - Tamme talu \u00fcrdiaed\",\"isPartOf\":{\"@id\":\"https:\\\/\\\/tammetalu.eu\\\/#website\"},\"primaryImageOfPage\":{\"@id\":\"https:\\\/\\\/tammetalu.eu\\\/en\\\/product\\\/gift-set-for-a-tea-lover\\\/#primaryimage\"},\"image\":{\"@id\":\"https:\\\/\\\/tammetalu.eu\\\/en\\\/product\\\/gift-set-for-a-tea-lover\\\/#primaryimage\"},\"thumbnailUrl\":\"https:\\\/\\\/tammetalu.eu\\\/wp-content\\\/uploads\\\/2024\\\/11\\\/tamme-talu-urdiaed-tee-komplekt.jpg\",\"datePublished\":\"2024-11-25T13:27:12+00:00\",\"description\":\"An ideal gift for people, who want something more than just a simple taste of tea. As it contains premium quality herbal and berry teas. Gifts created with love from Tamme farm!\",\"breadcrumb\":{\"@id\":\"https:\\\/\\\/tammetalu.eu\\\/en\\\/product\\\/gift-set-for-a-tea-lover\\\/#breadcrumb\"},\"inLanguage\":\"en-US\",\"potentialAction\":[{\"@type\":\"ReadAction\",\"target\":[\"https:\\\/\\\/tammetalu.eu\\\/en\\\/product\\\/gift-set-for-a-tea-lover\\\/\"]}]},{\"@type\":\"ImageObject\",\"inLanguage\":\"en-US\",\"@id\":\"https:\\\/\\\/tammetalu.eu\\\/en\\\/product\\\/gift-set-for-a-tea-lover\\\/#primaryimage\",\"url\":\"https:\\\/\\\/tammetalu.eu\\\/wp-content\\\/uploads\\\/2024\\\/11\\\/tamme-talu-urdiaed-tee-komplekt.jpg\",\"contentUrl\":\"https:\\\/\\\/tammetalu.eu\\\/wp-content\\\/uploads\\\/2024\\\/11\\\/tamme-talu-urdiaed-tee-komplekt.jpg\",\"width\":1365,\"height\":2048,\"caption\":\"tamme talu \u00fcrdiaed, kinkekomplekt, \u00e4rikingitus, taimetee, marjatee, tee kinkekarp\"},{\"@type\":\"BreadcrumbList\",\"@id\":\"https:\\\/\\\/tammetalu.eu\\\/en\\\/product\\\/gift-set-for-a-tea-lover\\\/#breadcrumb\",\"itemListElement\":[{\"@type\":\"ListItem\",\"position\":1,\"name\":\"Home\",\"item\":\"https:\\\/\\\/tammetalu.eu\\\/en\\\/esileht-eng\\\/\"},{\"@type\":\"ListItem\",\"position\":2,\"name\":\"Shop\",\"item\":\"https:\\\/\\\/tammetalu.eu\\\/en\\\/shop\\\/\"},{\"@type\":\"ListItem\",\"position\":3,\"name\":\"Gift set FOR A TEA LOVER\"}]},{\"@type\":\"WebSite\",\"@id\":\"https:\\\/\\\/tammetalu.eu\\\/#website\",\"url\":\"https:\\\/\\\/tammetalu.eu\\\/\",\"name\":\"Tamme talu \u00fcrdiaed\",\"description\":\"K\u00e4sit\u00f6\u00f6na valmistatud tooted \u00fcrtidest, \u00fcrdiistikud, \u00fcrtide kollektsioonaed\",\"publisher\":{\"@id\":\"https:\\\/\\\/tammetalu.eu\\\/#organization\"},\"alternateName\":\"Tamme talu\",\"potentialAction\":[{\"@type\":\"SearchAction\",\"target\":{\"@type\":\"EntryPoint\",\"urlTemplate\":\"https:\\\/\\\/tammetalu.eu\\\/?s={search_term_string}\"},\"query-input\":{\"@type\":\"PropertyValueSpecification\",\"valueRequired\":true,\"valueName\":\"search_term_string\"}}],\"inLanguage\":\"en-US\"},{\"@type\":\"Organization\",\"@id\":\"https:\\\/\\\/tammetalu.eu\\\/#organization\",\"name\":\"Tamme talu \u00fcrdiaed\",\"alternateName\":\"Tamme talu\",\"url\":\"https:\\\/\\\/tammetalu.eu\\\/\",\"logo\":{\"@type\":\"ImageObject\",\"inLanguage\":\"en-US\",\"@id\":\"https:\\\/\\\/tammetalu.eu\\\/#\\\/schema\\\/logo\\\/image\\\/\",\"url\":\"https:\\\/\\\/tammetalu.eu\\\/wp-content\\\/uploads\\\/2025\\\/01\\\/Tamme_talu_urdiaed.png\",\"contentUrl\":\"https:\\\/\\\/tammetalu.eu\\\/wp-content\\\/uploads\\\/2025\\\/01\\\/Tamme_talu_urdiaed.png\",\"width\":560,\"height\":560,\"caption\":\"Tamme talu \u00fcrdiaed\"},\"image\":{\"@id\":\"https:\\\/\\\/tammetalu.eu\\\/#\\\/schema\\\/logo\\\/image\\\/\"},\"sameAs\":[\"https:\\\/\\\/www.facebook.com\\\/TammeTaluUrdiaed\\\/?locale=et_EE\",\"https:\\\/\\\/www.instagram.com\\\/tammetaluurdiaed\\\/\"]}]}<\/script>\n<!-- \/ Yoast SEO plugin. -->","yoast_head_json":{"title":"Gift set FOR A TEA LOVER - Tamme talu \u00fcrdiaed","description":"An ideal gift for people, who want something more than just a simple taste of tea. As it contains premium quality herbal and berry teas. Gifts created with love from Tamme farm!","robots":{"index":"index","follow":"follow","max-snippet":"max-snippet:-1","max-image-preview":"max-image-preview:large","max-video-preview":"max-video-preview:-1"},"canonical":"https:\/\/tammetalu.eu\/en\/product\/gift-set-for-a-tea-lover\/","og_locale":"en_US","og_type":"article","og_title":"Gift set FOR A TEA LOVER - Tamme talu \u00fcrdiaed","og_description":"An ideal gift for people, who want something more than just a simple taste of tea. As it contains premium quality herbal and berry teas. Gifts created with love from Tamme farm!","og_url":"https:\/\/tammetalu.eu\/en\/product\/gift-set-for-a-tea-lover\/","og_site_name":"Tamme talu \u00fcrdiaed","article_publisher":"https:\/\/www.facebook.com\/TammeTaluUrdiaed\/?locale=et_EE","og_image":[{"width":1365,"height":2048,"url":"https:\/\/tammetalu.eu\/wp-content\/uploads\/2024\/11\/tamme-talu-urdiaed-tee-kinkekomplekt.jpg","type":"image\/jpeg"}],"twitter_card":"summary_large_image","twitter_misc":{"Est. reading time":"1 minute"},"schema":{"@context":"https:\/\/schema.org","@graph":[{"@type":"WebPage","@id":"https:\/\/tammetalu.eu\/en\/product\/gift-set-for-a-tea-lover\/","url":"https:\/\/tammetalu.eu\/en\/product\/gift-set-for-a-tea-lover\/","name":"Gift set FOR A TEA LOVER - Tamme talu \u00fcrdiaed","isPartOf":{"@id":"https:\/\/tammetalu.eu\/#website"},"primaryImageOfPage":{"@id":"https:\/\/tammetalu.eu\/en\/product\/gift-set-for-a-tea-lover\/#primaryimage"},"image":{"@id":"https:\/\/tammetalu.eu\/en\/product\/gift-set-for-a-tea-lover\/#primaryimage"},"thumbnailUrl":"https:\/\/tammetalu.eu\/wp-content\/uploads\/2024\/11\/tamme-talu-urdiaed-tee-komplekt.jpg","datePublished":"2024-11-25T13:27:12+00:00","description":"An ideal gift for people, who want something more than just a simple taste of tea. As it contains premium quality herbal and berry teas. Gifts created with love from Tamme farm!","breadcrumb":{"@id":"https:\/\/tammetalu.eu\/en\/product\/gift-set-for-a-tea-lover\/#breadcrumb"},"inLanguage":"en-US","potentialAction":[{"@type":"ReadAction","target":["https:\/\/tammetalu.eu\/en\/product\/gift-set-for-a-tea-lover\/"]}]},{"@type":"ImageObject","inLanguage":"en-US","@id":"https:\/\/tammetalu.eu\/en\/product\/gift-set-for-a-tea-lover\/#primaryimage","url":"https:\/\/tammetalu.eu\/wp-content\/uploads\/2024\/11\/tamme-talu-urdiaed-tee-komplekt.jpg","contentUrl":"https:\/\/tammetalu.eu\/wp-content\/uploads\/2024\/11\/tamme-talu-urdiaed-tee-komplekt.jpg","width":1365,"height":2048,"caption":"tamme talu \u00fcrdiaed, kinkekomplekt, \u00e4rikingitus, taimetee, marjatee, tee kinkekarp"},{"@type":"BreadcrumbList","@id":"https:\/\/tammetalu.eu\/en\/product\/gift-set-for-a-tea-lover\/#breadcrumb","itemListElement":[{"@type":"ListItem","position":1,"name":"Home","item":"https:\/\/tammetalu.eu\/en\/esileht-eng\/"},{"@type":"ListItem","position":2,"name":"Shop","item":"https:\/\/tammetalu.eu\/en\/shop\/"},{"@type":"ListItem","position":3,"name":"Gift set FOR A TEA LOVER"}]},{"@type":"WebSite","@id":"https:\/\/tammetalu.eu\/#website","url":"https:\/\/tammetalu.eu\/","name":"Tamme talu \u00fcrdiaed","description":"K\u00e4sit\u00f6\u00f6na valmistatud tooted \u00fcrtidest, \u00fcrdiistikud, \u00fcrtide kollektsioonaed","publisher":{"@id":"https:\/\/tammetalu.eu\/#organization"},"alternateName":"Tamme talu","potentialAction":[{"@type":"SearchAction","target":{"@type":"EntryPoint","urlTemplate":"https:\/\/tammetalu.eu\/?s={search_term_string}"},"query-input":{"@type":"PropertyValueSpecification","valueRequired":true,"valueName":"search_term_string"}}],"inLanguage":"en-US"},{"@type":"Organization","@id":"https:\/\/tammetalu.eu\/#organization","name":"Tamme talu \u00fcrdiaed","alternateName":"Tamme talu","url":"https:\/\/tammetalu.eu\/","logo":{"@type":"ImageObject","inLanguage":"en-US","@id":"https:\/\/tammetalu.eu\/#\/schema\/logo\/image\/","url":"https:\/\/tammetalu.eu\/wp-content\/uploads\/2025\/01\/Tamme_talu_urdiaed.png","contentUrl":"https:\/\/tammetalu.eu\/wp-content\/uploads\/2025\/01\/Tamme_talu_urdiaed.png","width":560,"height":560,"caption":"Tamme talu \u00fcrdiaed"},"image":{"@id":"https:\/\/tammetalu.eu\/#\/schema\/logo\/image\/"},"sameAs":["https:\/\/www.facebook.com\/TammeTaluUrdiaed\/?locale=et_EE","https:\/\/www.instagram.com\/tammetaluurdiaed\/"]}]}},"_links":{"self":[{"href":"https:\/\/tammetalu.eu\/en\/wp-json\/wp\/v2\/product\/22612","targetHints":{"allow":["GET"]}}],"collection":[{"href":"https:\/\/tammetalu.eu\/en\/wp-json\/wp\/v2\/product"}],"about":[{"href":"https:\/\/tammetalu.eu\/en\/wp-json\/wp\/v2\/types\/product"}],"wp:featuredmedia":[{"embeddable":true,"href":"https:\/\/tammetalu.eu\/en\/wp-json\/wp\/v2\/media\/26089"}],"wp:attachment":[{"href":"https:\/\/tammetalu.eu\/en\/wp-json\/wp\/v2\/media?parent=22612"}],"wp:term":[{"taxonomy":"product_brand","embeddable":true,"href":"https:\/\/tammetalu.eu\/en\/wp-json\/wp\/v2\/product_brand?post=22612"},{"taxonomy":"product_cat","embeddable":true,"href":"https:\/\/tammetalu.eu\/en\/wp-json\/wp\/v2\/product_cat?post=22612"},{"taxonomy":"product_tag","embeddable":true,"href":"https:\/\/tammetalu.eu\/en\/wp-json\/wp\/v2\/product_tag?post=22612"}],"curies":[{"name":"wp","href":"https:\/\/api.w.org\/{rel}","templated":true}]}}