{"id":22618,"date":"2024-07-08T12:22:17","date_gmt":"2024-07-08T09:22:17","guid":{"rendered":"https:\/\/tammetalu.eu\/toode\/refill-herb-salt-for-fish\/"},"modified":"2025-01-10T15:16:41","modified_gmt":"2025-01-10T13:16:41","slug":"refill-herb-salt-for-fish","status":"publish","type":"product","link":"https:\/\/tammetalu.eu\/en\/product\/refill-herb-salt-for-fish\/","title":{"rendered":"Refill Herb Salt for Fish 250g"},"content":{"rendered":"","protected":false},"excerpt":{"rendered":"<p>Herbal salt for fish is now also available in refill package. If the first can is used up, we recommend ordering a refill pack to refill the can. In this way, less packaging is used and you protect nature. In addition, the price is cheaper.<\/p>\n<p>Herb salt for fish makes different fish dishes really tasty. Add seasoning to both white and red fish. Add flavor to fish soups, sauces and even vegetables. If you make baked fish, just shake the seasoning over the fish and put it in the oven. If you wish, you can also wrap in foil together with pieces of butter. The result is particularly tasty, delicious and juicy fish.<\/p>\n<p>Ingredients: sea salt (48%), dill, parsley, leek, pepper.<\/p>\n","protected":false},"featured_media":21570,"template":"","meta":{"_acf_changed":false,"_et_pb_use_builder":"","_et_pb_old_content":"","_et_gb_content_width":"","inline_featured_image":false},"product_brand":[],"product_cat":[224],"product_tag":[],"class_list":{"0":"post-22618","1":"product","2":"type-product","3":"status-publish","4":"has-post-thumbnail","6":"product_cat-herb-salts","8":"first","9":"instock","10":"taxable","11":"shipping-taxable","12":"purchasable","13":"product-type-simple"},"acf":[],"yoast_head":"<!-- This site is optimized with the Yoast SEO plugin v27.5 - https:\/\/yoast.com\/product\/yoast-seo-wordpress\/ -->\n<title>Refill Herb Salt for Fish 250g - Tamme talu \u00fcrdiaed<\/title>\n<meta name=\"description\" content=\"Herbal salt for fish is now also available in refillable packaging. Save the environment and reduce packaging costs. Order conveniently from the Tamme farm online store!\" \/>\n<meta name=\"robots\" content=\"index, follow, max-snippet:-1, max-image-preview:large, max-video-preview:-1\" \/>\n<link rel=\"canonical\" href=\"https:\/\/tammetalu.eu\/en\/product\/refill-herb-salt-for-fish\/\" \/>\n<meta property=\"og:locale\" content=\"en_US\" \/>\n<meta property=\"og:type\" content=\"article\" \/>\n<meta property=\"og:title\" content=\"Refill Herb Salt for Fish 250g - Tamme talu \u00fcrdiaed\" \/>\n<meta property=\"og:description\" content=\"Herbal salt for fish is now also available in refillable packaging. Save the environment and reduce packaging costs. Order conveniently from the Tamme farm online store!\" \/>\n<meta property=\"og:url\" content=\"https:\/\/tammetalu.eu\/en\/product\/refill-herb-salt-for-fish\/\" \/>\n<meta property=\"og:site_name\" content=\"Tamme talu \u00fcrdiaed\" \/>\n<meta property=\"article:publisher\" content=\"https:\/\/www.facebook.com\/TammeTaluUrdiaed\/?locale=et_EE\" \/>\n<meta property=\"article:modified_time\" content=\"2025-01-10T13:16:41+00:00\" \/>\n<meta property=\"og:image\" content=\"https:\/\/tammetalu.eu\/wp-content\/uploads\/2024\/07\/Urdisool_kalale-taitepakend_Tamme-Talu_urdiaed.jpeg\" \/>\n\t<meta property=\"og:image:width\" content=\"1024\" \/>\n\t<meta property=\"og:image:height\" content=\"1366\" \/>\n\t<meta property=\"og:image:type\" content=\"image\/jpeg\" \/>\n<meta name=\"twitter:card\" content=\"summary_large_image\" \/>\n<script type=\"application\/ld+json\" class=\"yoast-schema-graph\">{\"@context\":\"https:\\\/\\\/schema.org\",\"@graph\":[{\"@type\":\"WebPage\",\"@id\":\"https:\\\/\\\/tammetalu.eu\\\/en\\\/product\\\/refill-herb-salt-for-fish\\\/\",\"url\":\"https:\\\/\\\/tammetalu.eu\\\/en\\\/product\\\/refill-herb-salt-for-fish\\\/\",\"name\":\"Refill Herb Salt for Fish 250g - Tamme talu \u00fcrdiaed\",\"isPartOf\":{\"@id\":\"https:\\\/\\\/tammetalu.eu\\\/#website\"},\"primaryImageOfPage\":{\"@id\":\"https:\\\/\\\/tammetalu.eu\\\/en\\\/product\\\/refill-herb-salt-for-fish\\\/#primaryimage\"},\"image\":{\"@id\":\"https:\\\/\\\/tammetalu.eu\\\/en\\\/product\\\/refill-herb-salt-for-fish\\\/#primaryimage\"},\"thumbnailUrl\":\"https:\\\/\\\/tammetalu.eu\\\/wp-content\\\/uploads\\\/2024\\\/07\\\/Urdisool_kalale-taitepakend_Tamme-Talu_urdiaed.jpeg\",\"datePublished\":\"2024-07-08T09:22:17+00:00\",\"dateModified\":\"2025-01-10T13:16:41+00:00\",\"description\":\"Herbal salt for fish is now also available in refillable packaging. Save the environment and reduce packaging costs. Order conveniently from the Tamme farm online store!\",\"breadcrumb\":{\"@id\":\"https:\\\/\\\/tammetalu.eu\\\/en\\\/product\\\/refill-herb-salt-for-fish\\\/#breadcrumb\"},\"inLanguage\":\"en-US\",\"potentialAction\":[{\"@type\":\"ReadAction\",\"target\":[\"https:\\\/\\\/tammetalu.eu\\\/en\\\/product\\\/refill-herb-salt-for-fish\\\/\"]}]},{\"@type\":\"ImageObject\",\"inLanguage\":\"en-US\",\"@id\":\"https:\\\/\\\/tammetalu.eu\\\/en\\\/product\\\/refill-herb-salt-for-fish\\\/#primaryimage\",\"url\":\"https:\\\/\\\/tammetalu.eu\\\/wp-content\\\/uploads\\\/2024\\\/07\\\/Urdisool_kalale-taitepakend_Tamme-Talu_urdiaed.jpeg\",\"contentUrl\":\"https:\\\/\\\/tammetalu.eu\\\/wp-content\\\/uploads\\\/2024\\\/07\\\/Urdisool_kalale-taitepakend_Tamme-Talu_urdiaed.jpeg\",\"width\":1024,\"height\":1366,\"caption\":\"Refill Herb Salt for Fish Tamme farm\"},{\"@type\":\"BreadcrumbList\",\"@id\":\"https:\\\/\\\/tammetalu.eu\\\/en\\\/product\\\/refill-herb-salt-for-fish\\\/#breadcrumb\",\"itemListElement\":[{\"@type\":\"ListItem\",\"position\":1,\"name\":\"Home\",\"item\":\"https:\\\/\\\/tammetalu.eu\\\/en\\\/esileht-eng\\\/\"},{\"@type\":\"ListItem\",\"position\":2,\"name\":\"Shop\",\"item\":\"https:\\\/\\\/tammetalu.eu\\\/en\\\/shop\\\/\"},{\"@type\":\"ListItem\",\"position\":3,\"name\":\"Refill Herb Salt for Fish 250g\"}]},{\"@type\":\"WebSite\",\"@id\":\"https:\\\/\\\/tammetalu.eu\\\/#website\",\"url\":\"https:\\\/\\\/tammetalu.eu\\\/\",\"name\":\"Tamme talu \u00fcrdiaed\",\"description\":\"K\u00e4sit\u00f6\u00f6na valmistatud tooted \u00fcrtidest, \u00fcrdiistikud, \u00fcrtide kollektsioonaed\",\"publisher\":{\"@id\":\"https:\\\/\\\/tammetalu.eu\\\/#organization\"},\"alternateName\":\"Tamme talu\",\"potentialAction\":[{\"@type\":\"SearchAction\",\"target\":{\"@type\":\"EntryPoint\",\"urlTemplate\":\"https:\\\/\\\/tammetalu.eu\\\/?s={search_term_string}\"},\"query-input\":{\"@type\":\"PropertyValueSpecification\",\"valueRequired\":true,\"valueName\":\"search_term_string\"}}],\"inLanguage\":\"en-US\"},{\"@type\":\"Organization\",\"@id\":\"https:\\\/\\\/tammetalu.eu\\\/#organization\",\"name\":\"Tamme talu \u00fcrdiaed\",\"alternateName\":\"Tamme talu\",\"url\":\"https:\\\/\\\/tammetalu.eu\\\/\",\"logo\":{\"@type\":\"ImageObject\",\"inLanguage\":\"en-US\",\"@id\":\"https:\\\/\\\/tammetalu.eu\\\/#\\\/schema\\\/logo\\\/image\\\/\",\"url\":\"https:\\\/\\\/tammetalu.eu\\\/wp-content\\\/uploads\\\/2025\\\/01\\\/Tamme_talu_urdiaed.png\",\"contentUrl\":\"https:\\\/\\\/tammetalu.eu\\\/wp-content\\\/uploads\\\/2025\\\/01\\\/Tamme_talu_urdiaed.png\",\"width\":560,\"height\":560,\"caption\":\"Tamme talu \u00fcrdiaed\"},\"image\":{\"@id\":\"https:\\\/\\\/tammetalu.eu\\\/#\\\/schema\\\/logo\\\/image\\\/\"},\"sameAs\":[\"https:\\\/\\\/www.facebook.com\\\/TammeTaluUrdiaed\\\/?locale=et_EE\",\"https:\\\/\\\/www.instagram.com\\\/tammetaluurdiaed\\\/\"]}]}<\/script>\n<!-- \/ Yoast SEO plugin. -->","yoast_head_json":{"title":"Refill Herb Salt for Fish 250g - Tamme talu \u00fcrdiaed","description":"Herbal salt for fish is now also available in refillable packaging. Save the environment and reduce packaging costs. Order conveniently from the Tamme farm online store!","robots":{"index":"index","follow":"follow","max-snippet":"max-snippet:-1","max-image-preview":"max-image-preview:large","max-video-preview":"max-video-preview:-1"},"canonical":"https:\/\/tammetalu.eu\/en\/product\/refill-herb-salt-for-fish\/","og_locale":"en_US","og_type":"article","og_title":"Refill Herb Salt for Fish 250g - Tamme talu \u00fcrdiaed","og_description":"Herbal salt for fish is now also available in refillable packaging. Save the environment and reduce packaging costs. Order conveniently from the Tamme farm online store!","og_url":"https:\/\/tammetalu.eu\/en\/product\/refill-herb-salt-for-fish\/","og_site_name":"Tamme talu \u00fcrdiaed","article_publisher":"https:\/\/www.facebook.com\/TammeTaluUrdiaed\/?locale=et_EE","article_modified_time":"2025-01-10T13:16:41+00:00","og_image":[{"width":1024,"height":1366,"url":"https:\/\/tammetalu.eu\/wp-content\/uploads\/2024\/07\/Urdisool_kalale-taitepakend_Tamme-Talu_urdiaed.jpeg","type":"image\/jpeg"}],"twitter_card":"summary_large_image","schema":{"@context":"https:\/\/schema.org","@graph":[{"@type":"WebPage","@id":"https:\/\/tammetalu.eu\/en\/product\/refill-herb-salt-for-fish\/","url":"https:\/\/tammetalu.eu\/en\/product\/refill-herb-salt-for-fish\/","name":"Refill Herb Salt for Fish 250g - Tamme talu \u00fcrdiaed","isPartOf":{"@id":"https:\/\/tammetalu.eu\/#website"},"primaryImageOfPage":{"@id":"https:\/\/tammetalu.eu\/en\/product\/refill-herb-salt-for-fish\/#primaryimage"},"image":{"@id":"https:\/\/tammetalu.eu\/en\/product\/refill-herb-salt-for-fish\/#primaryimage"},"thumbnailUrl":"https:\/\/tammetalu.eu\/wp-content\/uploads\/2024\/07\/Urdisool_kalale-taitepakend_Tamme-Talu_urdiaed.jpeg","datePublished":"2024-07-08T09:22:17+00:00","dateModified":"2025-01-10T13:16:41+00:00","description":"Herbal salt for fish is now also available in refillable packaging. Save the environment and reduce packaging costs. Order conveniently from the Tamme farm online store!","breadcrumb":{"@id":"https:\/\/tammetalu.eu\/en\/product\/refill-herb-salt-for-fish\/#breadcrumb"},"inLanguage":"en-US","potentialAction":[{"@type":"ReadAction","target":["https:\/\/tammetalu.eu\/en\/product\/refill-herb-salt-for-fish\/"]}]},{"@type":"ImageObject","inLanguage":"en-US","@id":"https:\/\/tammetalu.eu\/en\/product\/refill-herb-salt-for-fish\/#primaryimage","url":"https:\/\/tammetalu.eu\/wp-content\/uploads\/2024\/07\/Urdisool_kalale-taitepakend_Tamme-Talu_urdiaed.jpeg","contentUrl":"https:\/\/tammetalu.eu\/wp-content\/uploads\/2024\/07\/Urdisool_kalale-taitepakend_Tamme-Talu_urdiaed.jpeg","width":1024,"height":1366,"caption":"Refill Herb Salt for Fish Tamme farm"},{"@type":"BreadcrumbList","@id":"https:\/\/tammetalu.eu\/en\/product\/refill-herb-salt-for-fish\/#breadcrumb","itemListElement":[{"@type":"ListItem","position":1,"name":"Home","item":"https:\/\/tammetalu.eu\/en\/esileht-eng\/"},{"@type":"ListItem","position":2,"name":"Shop","item":"https:\/\/tammetalu.eu\/en\/shop\/"},{"@type":"ListItem","position":3,"name":"Refill Herb Salt for Fish 250g"}]},{"@type":"WebSite","@id":"https:\/\/tammetalu.eu\/#website","url":"https:\/\/tammetalu.eu\/","name":"Tamme talu \u00fcrdiaed","description":"K\u00e4sit\u00f6\u00f6na valmistatud tooted \u00fcrtidest, \u00fcrdiistikud, \u00fcrtide kollektsioonaed","publisher":{"@id":"https:\/\/tammetalu.eu\/#organization"},"alternateName":"Tamme talu","potentialAction":[{"@type":"SearchAction","target":{"@type":"EntryPoint","urlTemplate":"https:\/\/tammetalu.eu\/?s={search_term_string}"},"query-input":{"@type":"PropertyValueSpecification","valueRequired":true,"valueName":"search_term_string"}}],"inLanguage":"en-US"},{"@type":"Organization","@id":"https:\/\/tammetalu.eu\/#organization","name":"Tamme talu \u00fcrdiaed","alternateName":"Tamme talu","url":"https:\/\/tammetalu.eu\/","logo":{"@type":"ImageObject","inLanguage":"en-US","@id":"https:\/\/tammetalu.eu\/#\/schema\/logo\/image\/","url":"https:\/\/tammetalu.eu\/wp-content\/uploads\/2025\/01\/Tamme_talu_urdiaed.png","contentUrl":"https:\/\/tammetalu.eu\/wp-content\/uploads\/2025\/01\/Tamme_talu_urdiaed.png","width":560,"height":560,"caption":"Tamme talu \u00fcrdiaed"},"image":{"@id":"https:\/\/tammetalu.eu\/#\/schema\/logo\/image\/"},"sameAs":["https:\/\/www.facebook.com\/TammeTaluUrdiaed\/?locale=et_EE","https:\/\/www.instagram.com\/tammetaluurdiaed\/"]}]}},"_links":{"self":[{"href":"https:\/\/tammetalu.eu\/en\/wp-json\/wp\/v2\/product\/22618","targetHints":{"allow":["GET"]}}],"collection":[{"href":"https:\/\/tammetalu.eu\/en\/wp-json\/wp\/v2\/product"}],"about":[{"href":"https:\/\/tammetalu.eu\/en\/wp-json\/wp\/v2\/types\/product"}],"wp:featuredmedia":[{"embeddable":true,"href":"https:\/\/tammetalu.eu\/en\/wp-json\/wp\/v2\/media\/21570"}],"wp:attachment":[{"href":"https:\/\/tammetalu.eu\/en\/wp-json\/wp\/v2\/media?parent=22618"}],"wp:term":[{"taxonomy":"product_brand","embeddable":true,"href":"https:\/\/tammetalu.eu\/en\/wp-json\/wp\/v2\/product_brand?post=22618"},{"taxonomy":"product_cat","embeddable":true,"href":"https:\/\/tammetalu.eu\/en\/wp-json\/wp\/v2\/product_cat?post=22618"},{"taxonomy":"product_tag","embeddable":true,"href":"https:\/\/tammetalu.eu\/en\/wp-json\/wp\/v2\/product_tag?post=22618"}],"curies":[{"name":"wp","href":"https:\/\/api.w.org\/{rel}","templated":true}]}}