{"id":22622,"date":"2024-07-08T12:09:48","date_gmt":"2024-07-08T09:09:48","guid":{"rendered":"https:\/\/tammetalu.eu\/toode\/refill-herb-salt-for-vegetables-250g\/"},"modified":"2025-01-10T15:17:13","modified_gmt":"2025-01-10T13:17:13","slug":"refill-herb-salt-for-vegetables-250g","status":"publish","type":"product","link":"https:\/\/tammetalu.eu\/en\/product\/refill-herb-salt-for-vegetables-250g\/","title":{"rendered":"Refill Herb Salt for Vegetables 250g"},"content":{"rendered":"","protected":false},"excerpt":{"rendered":"<p>Herb salt for vegetables is now also available in refill package. If the first can is used up, we recommend ordering a refill pack to refill the can. In this way, less packaging is used and you protect nature. In addition, the price is cheaper.<\/p>\n<p>Herb salt for vegetables is a pleasant combination of different herbs, which makes ordinary vegetable dishes appetizingly tasty. Use to season soups, broths, sauces, casseroles and salads.<\/p>\n<p>Recipe idea: Prepare a nice one-pot meal with Tamme talu garden vegetable herb salt. To do this, cut pork, onion and vegetables of your choice (e.g. carrot, potato, turnip) into cubes. Brown the meat and onion in the bottom of the pot, add the vegetables and season the vegetables with herbal salt. Stir. Pour hot water over it and simmer under the lid on low heat for 1.5 &#8211; 2 hours. Eat and enjoy!<\/p>\n<p>Ingredients: sea salt (48%), thyme, garlic, leek, marjoram.<\/p>\n","protected":false},"featured_media":21553,"template":"","meta":{"_acf_changed":false,"_et_pb_use_builder":"","_et_pb_old_content":"","_et_gb_content_width":"","inline_featured_image":false},"product_brand":[],"product_cat":[224],"product_tag":[],"class_list":{"0":"post-22622","1":"product","2":"type-product","3":"status-publish","4":"has-post-thumbnail","6":"product_cat-herb-salts","8":"first","9":"instock","10":"taxable","11":"shipping-taxable","12":"purchasable","13":"product-type-simple"},"acf":[],"yoast_head":"<!-- This site is optimized with the Yoast SEO plugin v27.5 - https:\/\/yoast.com\/product\/yoast-seo-wordpress\/ -->\n<title>Refill Herb Salt for Vegetables 250g - Tamme talu \u00fcrdiaed<\/title>\n<meta name=\"description\" content=\"Herbal salt for vegetables is now also available in refillable packaging. Save the environment and reduce packaging costs. Order conveniently from the Tamme farm online store!\" \/>\n<meta name=\"robots\" content=\"index, follow, max-snippet:-1, max-image-preview:large, max-video-preview:-1\" \/>\n<link rel=\"canonical\" href=\"https:\/\/tammetalu.eu\/en\/product\/refill-herb-salt-for-vegetables-250g\/\" \/>\n<meta property=\"og:locale\" content=\"en_US\" \/>\n<meta property=\"og:type\" content=\"article\" \/>\n<meta property=\"og:title\" content=\"Refill Herb Salt for Vegetables 250g - Tamme talu \u00fcrdiaed\" \/>\n<meta property=\"og:description\" content=\"Herbal salt for vegetables is now also available in refillable packaging. Save the environment and reduce packaging costs. Order conveniently from the Tamme farm online store!\" \/>\n<meta property=\"og:url\" content=\"https:\/\/tammetalu.eu\/en\/product\/refill-herb-salt-for-vegetables-250g\/\" \/>\n<meta property=\"og:site_name\" content=\"Tamme talu \u00fcrdiaed\" \/>\n<meta property=\"article:publisher\" content=\"https:\/\/www.facebook.com\/TammeTaluUrdiaed\/?locale=et_EE\" \/>\n<meta property=\"article:modified_time\" content=\"2025-01-10T13:17:13+00:00\" \/>\n<meta property=\"og:image\" content=\"https:\/\/tammetalu.eu\/wp-content\/uploads\/2024\/07\/Urdisool_aedviljale_taitepakend_Tamme_talu_urdiaed.jpeg\" \/>\n\t<meta property=\"og:image:width\" content=\"1024\" \/>\n\t<meta property=\"og:image:height\" content=\"1365\" \/>\n\t<meta property=\"og:image:type\" content=\"image\/jpeg\" \/>\n<meta name=\"twitter:card\" content=\"summary_large_image\" \/>\n<script type=\"application\/ld+json\" class=\"yoast-schema-graph\">{\"@context\":\"https:\\\/\\\/schema.org\",\"@graph\":[{\"@type\":\"WebPage\",\"@id\":\"https:\\\/\\\/tammetalu.eu\\\/en\\\/product\\\/refill-herb-salt-for-vegetables-250g\\\/\",\"url\":\"https:\\\/\\\/tammetalu.eu\\\/en\\\/product\\\/refill-herb-salt-for-vegetables-250g\\\/\",\"name\":\"Refill Herb Salt for Vegetables 250g - Tamme talu \u00fcrdiaed\",\"isPartOf\":{\"@id\":\"https:\\\/\\\/tammetalu.eu\\\/#website\"},\"primaryImageOfPage\":{\"@id\":\"https:\\\/\\\/tammetalu.eu\\\/en\\\/product\\\/refill-herb-salt-for-vegetables-250g\\\/#primaryimage\"},\"image\":{\"@id\":\"https:\\\/\\\/tammetalu.eu\\\/en\\\/product\\\/refill-herb-salt-for-vegetables-250g\\\/#primaryimage\"},\"thumbnailUrl\":\"https:\\\/\\\/tammetalu.eu\\\/wp-content\\\/uploads\\\/2024\\\/07\\\/Urdisool_aedviljale_taitepakend_Tamme_talu_urdiaed.jpeg\",\"datePublished\":\"2024-07-08T09:09:48+00:00\",\"dateModified\":\"2025-01-10T13:17:13+00:00\",\"description\":\"Herbal salt for vegetables is now also available in refillable packaging. Save the environment and reduce packaging costs. Order conveniently from the Tamme farm online store!\",\"breadcrumb\":{\"@id\":\"https:\\\/\\\/tammetalu.eu\\\/en\\\/product\\\/refill-herb-salt-for-vegetables-250g\\\/#breadcrumb\"},\"inLanguage\":\"en-US\",\"potentialAction\":[{\"@type\":\"ReadAction\",\"target\":[\"https:\\\/\\\/tammetalu.eu\\\/en\\\/product\\\/refill-herb-salt-for-vegetables-250g\\\/\"]}]},{\"@type\":\"ImageObject\",\"inLanguage\":\"en-US\",\"@id\":\"https:\\\/\\\/tammetalu.eu\\\/en\\\/product\\\/refill-herb-salt-for-vegetables-250g\\\/#primaryimage\",\"url\":\"https:\\\/\\\/tammetalu.eu\\\/wp-content\\\/uploads\\\/2024\\\/07\\\/Urdisool_aedviljale_taitepakend_Tamme_talu_urdiaed.jpeg\",\"contentUrl\":\"https:\\\/\\\/tammetalu.eu\\\/wp-content\\\/uploads\\\/2024\\\/07\\\/Urdisool_aedviljale_taitepakend_Tamme_talu_urdiaed.jpeg\",\"width\":1024,\"height\":1365,\"caption\":\"Refill Herb Salt for Vegetables Tamme farm\"},{\"@type\":\"BreadcrumbList\",\"@id\":\"https:\\\/\\\/tammetalu.eu\\\/en\\\/product\\\/refill-herb-salt-for-vegetables-250g\\\/#breadcrumb\",\"itemListElement\":[{\"@type\":\"ListItem\",\"position\":1,\"name\":\"Home\",\"item\":\"https:\\\/\\\/tammetalu.eu\\\/en\\\/esileht-eng\\\/\"},{\"@type\":\"ListItem\",\"position\":2,\"name\":\"Shop\",\"item\":\"https:\\\/\\\/tammetalu.eu\\\/en\\\/shop\\\/\"},{\"@type\":\"ListItem\",\"position\":3,\"name\":\"Refill Herb Salt for Vegetables 250g\"}]},{\"@type\":\"WebSite\",\"@id\":\"https:\\\/\\\/tammetalu.eu\\\/#website\",\"url\":\"https:\\\/\\\/tammetalu.eu\\\/\",\"name\":\"Tamme talu \u00fcrdiaed\",\"description\":\"K\u00e4sit\u00f6\u00f6na valmistatud tooted \u00fcrtidest, \u00fcrdiistikud, \u00fcrtide kollektsioonaed\",\"publisher\":{\"@id\":\"https:\\\/\\\/tammetalu.eu\\\/#organization\"},\"alternateName\":\"Tamme talu\",\"potentialAction\":[{\"@type\":\"SearchAction\",\"target\":{\"@type\":\"EntryPoint\",\"urlTemplate\":\"https:\\\/\\\/tammetalu.eu\\\/?s={search_term_string}\"},\"query-input\":{\"@type\":\"PropertyValueSpecification\",\"valueRequired\":true,\"valueName\":\"search_term_string\"}}],\"inLanguage\":\"en-US\"},{\"@type\":\"Organization\",\"@id\":\"https:\\\/\\\/tammetalu.eu\\\/#organization\",\"name\":\"Tamme talu \u00fcrdiaed\",\"alternateName\":\"Tamme talu\",\"url\":\"https:\\\/\\\/tammetalu.eu\\\/\",\"logo\":{\"@type\":\"ImageObject\",\"inLanguage\":\"en-US\",\"@id\":\"https:\\\/\\\/tammetalu.eu\\\/#\\\/schema\\\/logo\\\/image\\\/\",\"url\":\"https:\\\/\\\/tammetalu.eu\\\/wp-content\\\/uploads\\\/2025\\\/01\\\/Tamme_talu_urdiaed.png\",\"contentUrl\":\"https:\\\/\\\/tammetalu.eu\\\/wp-content\\\/uploads\\\/2025\\\/01\\\/Tamme_talu_urdiaed.png\",\"width\":560,\"height\":560,\"caption\":\"Tamme talu \u00fcrdiaed\"},\"image\":{\"@id\":\"https:\\\/\\\/tammetalu.eu\\\/#\\\/schema\\\/logo\\\/image\\\/\"},\"sameAs\":[\"https:\\\/\\\/www.facebook.com\\\/TammeTaluUrdiaed\\\/?locale=et_EE\",\"https:\\\/\\\/www.instagram.com\\\/tammetaluurdiaed\\\/\"]}]}<\/script>\n<!-- \/ Yoast SEO plugin. -->","yoast_head_json":{"title":"Refill Herb Salt for Vegetables 250g - Tamme talu \u00fcrdiaed","description":"Herbal salt for vegetables is now also available in refillable packaging. Save the environment and reduce packaging costs. Order conveniently from the Tamme farm online store!","robots":{"index":"index","follow":"follow","max-snippet":"max-snippet:-1","max-image-preview":"max-image-preview:large","max-video-preview":"max-video-preview:-1"},"canonical":"https:\/\/tammetalu.eu\/en\/product\/refill-herb-salt-for-vegetables-250g\/","og_locale":"en_US","og_type":"article","og_title":"Refill Herb Salt for Vegetables 250g - Tamme talu \u00fcrdiaed","og_description":"Herbal salt for vegetables is now also available in refillable packaging. Save the environment and reduce packaging costs. Order conveniently from the Tamme farm online store!","og_url":"https:\/\/tammetalu.eu\/en\/product\/refill-herb-salt-for-vegetables-250g\/","og_site_name":"Tamme talu \u00fcrdiaed","article_publisher":"https:\/\/www.facebook.com\/TammeTaluUrdiaed\/?locale=et_EE","article_modified_time":"2025-01-10T13:17:13+00:00","og_image":[{"width":1024,"height":1365,"url":"https:\/\/tammetalu.eu\/wp-content\/uploads\/2024\/07\/Urdisool_aedviljale_taitepakend_Tamme_talu_urdiaed.jpeg","type":"image\/jpeg"}],"twitter_card":"summary_large_image","schema":{"@context":"https:\/\/schema.org","@graph":[{"@type":"WebPage","@id":"https:\/\/tammetalu.eu\/en\/product\/refill-herb-salt-for-vegetables-250g\/","url":"https:\/\/tammetalu.eu\/en\/product\/refill-herb-salt-for-vegetables-250g\/","name":"Refill Herb Salt for Vegetables 250g - Tamme talu \u00fcrdiaed","isPartOf":{"@id":"https:\/\/tammetalu.eu\/#website"},"primaryImageOfPage":{"@id":"https:\/\/tammetalu.eu\/en\/product\/refill-herb-salt-for-vegetables-250g\/#primaryimage"},"image":{"@id":"https:\/\/tammetalu.eu\/en\/product\/refill-herb-salt-for-vegetables-250g\/#primaryimage"},"thumbnailUrl":"https:\/\/tammetalu.eu\/wp-content\/uploads\/2024\/07\/Urdisool_aedviljale_taitepakend_Tamme_talu_urdiaed.jpeg","datePublished":"2024-07-08T09:09:48+00:00","dateModified":"2025-01-10T13:17:13+00:00","description":"Herbal salt for vegetables is now also available in refillable packaging. Save the environment and reduce packaging costs. Order conveniently from the Tamme farm online store!","breadcrumb":{"@id":"https:\/\/tammetalu.eu\/en\/product\/refill-herb-salt-for-vegetables-250g\/#breadcrumb"},"inLanguage":"en-US","potentialAction":[{"@type":"ReadAction","target":["https:\/\/tammetalu.eu\/en\/product\/refill-herb-salt-for-vegetables-250g\/"]}]},{"@type":"ImageObject","inLanguage":"en-US","@id":"https:\/\/tammetalu.eu\/en\/product\/refill-herb-salt-for-vegetables-250g\/#primaryimage","url":"https:\/\/tammetalu.eu\/wp-content\/uploads\/2024\/07\/Urdisool_aedviljale_taitepakend_Tamme_talu_urdiaed.jpeg","contentUrl":"https:\/\/tammetalu.eu\/wp-content\/uploads\/2024\/07\/Urdisool_aedviljale_taitepakend_Tamme_talu_urdiaed.jpeg","width":1024,"height":1365,"caption":"Refill Herb Salt for Vegetables Tamme farm"},{"@type":"BreadcrumbList","@id":"https:\/\/tammetalu.eu\/en\/product\/refill-herb-salt-for-vegetables-250g\/#breadcrumb","itemListElement":[{"@type":"ListItem","position":1,"name":"Home","item":"https:\/\/tammetalu.eu\/en\/esileht-eng\/"},{"@type":"ListItem","position":2,"name":"Shop","item":"https:\/\/tammetalu.eu\/en\/shop\/"},{"@type":"ListItem","position":3,"name":"Refill Herb Salt for Vegetables 250g"}]},{"@type":"WebSite","@id":"https:\/\/tammetalu.eu\/#website","url":"https:\/\/tammetalu.eu\/","name":"Tamme talu \u00fcrdiaed","description":"K\u00e4sit\u00f6\u00f6na valmistatud tooted \u00fcrtidest, \u00fcrdiistikud, \u00fcrtide kollektsioonaed","publisher":{"@id":"https:\/\/tammetalu.eu\/#organization"},"alternateName":"Tamme talu","potentialAction":[{"@type":"SearchAction","target":{"@type":"EntryPoint","urlTemplate":"https:\/\/tammetalu.eu\/?s={search_term_string}"},"query-input":{"@type":"PropertyValueSpecification","valueRequired":true,"valueName":"search_term_string"}}],"inLanguage":"en-US"},{"@type":"Organization","@id":"https:\/\/tammetalu.eu\/#organization","name":"Tamme talu \u00fcrdiaed","alternateName":"Tamme talu","url":"https:\/\/tammetalu.eu\/","logo":{"@type":"ImageObject","inLanguage":"en-US","@id":"https:\/\/tammetalu.eu\/#\/schema\/logo\/image\/","url":"https:\/\/tammetalu.eu\/wp-content\/uploads\/2025\/01\/Tamme_talu_urdiaed.png","contentUrl":"https:\/\/tammetalu.eu\/wp-content\/uploads\/2025\/01\/Tamme_talu_urdiaed.png","width":560,"height":560,"caption":"Tamme talu \u00fcrdiaed"},"image":{"@id":"https:\/\/tammetalu.eu\/#\/schema\/logo\/image\/"},"sameAs":["https:\/\/www.facebook.com\/TammeTaluUrdiaed\/?locale=et_EE","https:\/\/www.instagram.com\/tammetaluurdiaed\/"]}]}},"_links":{"self":[{"href":"https:\/\/tammetalu.eu\/en\/wp-json\/wp\/v2\/product\/22622","targetHints":{"allow":["GET"]}}],"collection":[{"href":"https:\/\/tammetalu.eu\/en\/wp-json\/wp\/v2\/product"}],"about":[{"href":"https:\/\/tammetalu.eu\/en\/wp-json\/wp\/v2\/types\/product"}],"wp:featuredmedia":[{"embeddable":true,"href":"https:\/\/tammetalu.eu\/en\/wp-json\/wp\/v2\/media\/21553"}],"wp:attachment":[{"href":"https:\/\/tammetalu.eu\/en\/wp-json\/wp\/v2\/media?parent=22622"}],"wp:term":[{"taxonomy":"product_brand","embeddable":true,"href":"https:\/\/tammetalu.eu\/en\/wp-json\/wp\/v2\/product_brand?post=22622"},{"taxonomy":"product_cat","embeddable":true,"href":"https:\/\/tammetalu.eu\/en\/wp-json\/wp\/v2\/product_cat?post=22622"},{"taxonomy":"product_tag","embeddable":true,"href":"https:\/\/tammetalu.eu\/en\/wp-json\/wp\/v2\/product_tag?post=22622"}],"curies":[{"name":"wp","href":"https:\/\/api.w.org\/{rel}","templated":true}]}}