{"id":22662,"date":"2024-05-28T12:05:41","date_gmt":"2024-05-28T09:05:41","guid":{"rendered":"https:\/\/tammetalu.eu\/toode\/curry-plant-helichrysum-italicum-tikka\/"},"modified":"2024-05-28T12:05:41","modified_gmt":"2024-05-28T09:05:41","slug":"curry-plant-helichrysum-italicum-tikka","status":"publish","type":"product","link":"https:\/\/tammetalu.eu\/en\/product\/curry-plant-helichrysum-italicum-tikka\/","title":{"rendered":"Curry plant (Helichrysum italicum) &#8220;Tikka&#8221;"},"content":{"rendered":"","protected":false},"excerpt":{"rendered":"<p><em>Helichrysum italicum<\/em><\/p>\n<p>A dry-demanding herb and medicinal plant with silver-gray evergreen foliage that smells like curry, both in a pot and in a bed with drier soil. Unfortunately, winter resistance is not always guaranteed, but in a dry room with slightly minus degrees, the Curry Plant\u00a0can be perfectly kept over the winter. Yellow button-like flowers usually open in the second year of growth.<\/p>\n<p>In the kitchen, the bitter taste of Curry Plant is suitable for meat and vegetable dishes, cocktails and garnishing.<\/p>\n<p>In folk medicine, Curry Plant is used for gall and liver diseases, the plant also has an antibacterial effect.<\/p>\n","protected":false},"featured_media":21183,"template":"","meta":{"_acf_changed":false,"_et_pb_use_builder":"","_et_pb_old_content":"","_et_gb_content_width":"","inline_featured_image":false},"product_brand":[],"product_cat":[227,229],"product_tag":[],"class_list":{"0":"post-22662","1":"product","2":"type-product","3":"status-publish","4":"has-post-thumbnail","6":"product_cat-herb-plants","7":"product_cat-other-herb-plants","9":"first","10":"instock","11":"sale","12":"taxable","13":"shipping-taxable","14":"purchasable","15":"product-type-simple"},"acf":[],"yoast_head":"<!-- This site is optimized with the Yoast SEO plugin v27.5 - https:\/\/yoast.com\/product\/yoast-seo-wordpress\/ -->\n<title>Curry plant (Helichrysum italicum) &quot;Tikka&quot; - Tamme talu \u00fcrdiaed<\/title>\n<meta name=\"robots\" content=\"index, follow, max-snippet:-1, max-image-preview:large, max-video-preview:-1\" \/>\n<link rel=\"canonical\" href=\"https:\/\/tammetalu.eu\/en\/product\/curry-plant-helichrysum-italicum-tikka\/\" \/>\n<meta property=\"og:locale\" content=\"en_US\" \/>\n<meta property=\"og:type\" content=\"article\" \/>\n<meta property=\"og:title\" content=\"Curry plant (Helichrysum italicum) &quot;Tikka&quot; - Tamme talu \u00fcrdiaed\" \/>\n<meta property=\"og:description\" content=\"Helichrysum italicum A dry-demanding herb and medicinal plant with silver-gray evergreen foliage that smells like curry, both in a pot and in a bed with drier soil. Unfortunately, winter resistance is not always guaranteed, but in a dry room with slightly minus degrees, the Curry Plant\u00a0can be perfectly kept over the winter. Yellow button-like flowers usually open in the second year of growth. In the kitchen, the bitter taste of Curry Plant is suitable for meat and vegetable dishes, cocktails and garnishing. In folk medicine, Curry Plant is used for gall and liver diseases, the plant also has an antibacterial effect.\" \/>\n<meta property=\"og:url\" content=\"https:\/\/tammetalu.eu\/en\/product\/curry-plant-helichrysum-italicum-tikka\/\" \/>\n<meta property=\"og:site_name\" content=\"Tamme talu \u00fcrdiaed\" \/>\n<meta property=\"article:publisher\" content=\"https:\/\/www.facebook.com\/TammeTaluUrdiaed\/?locale=et_EE\" \/>\n<meta property=\"og:image\" content=\"https:\/\/tammetalu.eu\/wp-content\/uploads\/2024\/05\/Ahtalehine-kaokuld-tikka-helichrysum-italicum-tamme-talu-urdiaed.jpg\" \/>\n\t<meta property=\"og:image:width\" content=\"680\" \/>\n\t<meta property=\"og:image:height\" content=\"665\" \/>\n\t<meta property=\"og:image:type\" content=\"image\/jpeg\" \/>\n<meta name=\"twitter:card\" content=\"summary_large_image\" \/>\n<script type=\"application\/ld+json\" class=\"yoast-schema-graph\">{\"@context\":\"https:\\\/\\\/schema.org\",\"@graph\":[{\"@type\":\"WebPage\",\"@id\":\"https:\\\/\\\/tammetalu.eu\\\/en\\\/product\\\/curry-plant-helichrysum-italicum-tikka\\\/\",\"url\":\"https:\\\/\\\/tammetalu.eu\\\/en\\\/product\\\/curry-plant-helichrysum-italicum-tikka\\\/\",\"name\":\"Curry plant (Helichrysum italicum) \\\"Tikka\\\" - Tamme talu \u00fcrdiaed\",\"isPartOf\":{\"@id\":\"https:\\\/\\\/tammetalu.eu\\\/#website\"},\"primaryImageOfPage\":{\"@id\":\"https:\\\/\\\/tammetalu.eu\\\/en\\\/product\\\/curry-plant-helichrysum-italicum-tikka\\\/#primaryimage\"},\"image\":{\"@id\":\"https:\\\/\\\/tammetalu.eu\\\/en\\\/product\\\/curry-plant-helichrysum-italicum-tikka\\\/#primaryimage\"},\"thumbnailUrl\":\"https:\\\/\\\/tammetalu.eu\\\/wp-content\\\/uploads\\\/2024\\\/05\\\/Ahtalehine-kaokuld-tikka-helichrysum-italicum-tamme-talu-urdiaed.jpg\",\"datePublished\":\"2024-05-28T09:05:41+00:00\",\"breadcrumb\":{\"@id\":\"https:\\\/\\\/tammetalu.eu\\\/en\\\/product\\\/curry-plant-helichrysum-italicum-tikka\\\/#breadcrumb\"},\"inLanguage\":\"en-US\",\"potentialAction\":[{\"@type\":\"ReadAction\",\"target\":[\"https:\\\/\\\/tammetalu.eu\\\/en\\\/product\\\/curry-plant-helichrysum-italicum-tikka\\\/\"]}]},{\"@type\":\"ImageObject\",\"inLanguage\":\"en-US\",\"@id\":\"https:\\\/\\\/tammetalu.eu\\\/en\\\/product\\\/curry-plant-helichrysum-italicum-tikka\\\/#primaryimage\",\"url\":\"https:\\\/\\\/tammetalu.eu\\\/wp-content\\\/uploads\\\/2024\\\/05\\\/Ahtalehine-kaokuld-tikka-helichrysum-italicum-tamme-talu-urdiaed.jpg\",\"contentUrl\":\"https:\\\/\\\/tammetalu.eu\\\/wp-content\\\/uploads\\\/2024\\\/05\\\/Ahtalehine-kaokuld-tikka-helichrysum-italicum-tamme-talu-urdiaed.jpg\",\"width\":680,\"height\":665,\"caption\":\"Ahtalehine-kaokuld-tikka-helichrysum-italicum-tamme-talu-urdiaed\"},{\"@type\":\"BreadcrumbList\",\"@id\":\"https:\\\/\\\/tammetalu.eu\\\/en\\\/product\\\/curry-plant-helichrysum-italicum-tikka\\\/#breadcrumb\",\"itemListElement\":[{\"@type\":\"ListItem\",\"position\":1,\"name\":\"Home\",\"item\":\"https:\\\/\\\/tammetalu.eu\\\/en\\\/esileht-eng\\\/\"},{\"@type\":\"ListItem\",\"position\":2,\"name\":\"Shop\",\"item\":\"https:\\\/\\\/tammetalu.eu\\\/en\\\/shop\\\/\"},{\"@type\":\"ListItem\",\"position\":3,\"name\":\"Curry plant (Helichrysum italicum) &#8220;Tikka&#8221;\"}]},{\"@type\":\"WebSite\",\"@id\":\"https:\\\/\\\/tammetalu.eu\\\/#website\",\"url\":\"https:\\\/\\\/tammetalu.eu\\\/\",\"name\":\"Tamme talu \u00fcrdiaed\",\"description\":\"K\u00e4sit\u00f6\u00f6na valmistatud tooted \u00fcrtidest, \u00fcrdiistikud, \u00fcrtide kollektsioonaed\",\"publisher\":{\"@id\":\"https:\\\/\\\/tammetalu.eu\\\/#organization\"},\"alternateName\":\"Tamme talu\",\"potentialAction\":[{\"@type\":\"SearchAction\",\"target\":{\"@type\":\"EntryPoint\",\"urlTemplate\":\"https:\\\/\\\/tammetalu.eu\\\/?s={search_term_string}\"},\"query-input\":{\"@type\":\"PropertyValueSpecification\",\"valueRequired\":true,\"valueName\":\"search_term_string\"}}],\"inLanguage\":\"en-US\"},{\"@type\":\"Organization\",\"@id\":\"https:\\\/\\\/tammetalu.eu\\\/#organization\",\"name\":\"Tamme talu \u00fcrdiaed\",\"alternateName\":\"Tamme talu\",\"url\":\"https:\\\/\\\/tammetalu.eu\\\/\",\"logo\":{\"@type\":\"ImageObject\",\"inLanguage\":\"en-US\",\"@id\":\"https:\\\/\\\/tammetalu.eu\\\/#\\\/schema\\\/logo\\\/image\\\/\",\"url\":\"https:\\\/\\\/tammetalu.eu\\\/wp-content\\\/uploads\\\/2025\\\/01\\\/Tamme_talu_urdiaed.png\",\"contentUrl\":\"https:\\\/\\\/tammetalu.eu\\\/wp-content\\\/uploads\\\/2025\\\/01\\\/Tamme_talu_urdiaed.png\",\"width\":560,\"height\":560,\"caption\":\"Tamme talu \u00fcrdiaed\"},\"image\":{\"@id\":\"https:\\\/\\\/tammetalu.eu\\\/#\\\/schema\\\/logo\\\/image\\\/\"},\"sameAs\":[\"https:\\\/\\\/www.facebook.com\\\/TammeTaluUrdiaed\\\/?locale=et_EE\",\"https:\\\/\\\/www.instagram.com\\\/tammetaluurdiaed\\\/\"]}]}<\/script>\n<!-- \/ Yoast SEO plugin. -->","yoast_head_json":{"title":"Curry plant (Helichrysum italicum) \"Tikka\" - Tamme talu \u00fcrdiaed","robots":{"index":"index","follow":"follow","max-snippet":"max-snippet:-1","max-image-preview":"max-image-preview:large","max-video-preview":"max-video-preview:-1"},"canonical":"https:\/\/tammetalu.eu\/en\/product\/curry-plant-helichrysum-italicum-tikka\/","og_locale":"en_US","og_type":"article","og_title":"Curry plant (Helichrysum italicum) \"Tikka\" - Tamme talu \u00fcrdiaed","og_description":"Helichrysum italicum A dry-demanding herb and medicinal plant with silver-gray evergreen foliage that smells like curry, both in a pot and in a bed with drier soil. Unfortunately, winter resistance is not always guaranteed, but in a dry room with slightly minus degrees, the Curry Plant\u00a0can be perfectly kept over the winter. Yellow button-like flowers usually open in the second year of growth. In the kitchen, the bitter taste of Curry Plant is suitable for meat and vegetable dishes, cocktails and garnishing. In folk medicine, Curry Plant is used for gall and liver diseases, the plant also has an antibacterial effect.","og_url":"https:\/\/tammetalu.eu\/en\/product\/curry-plant-helichrysum-italicum-tikka\/","og_site_name":"Tamme talu \u00fcrdiaed","article_publisher":"https:\/\/www.facebook.com\/TammeTaluUrdiaed\/?locale=et_EE","og_image":[{"width":680,"height":665,"url":"https:\/\/tammetalu.eu\/wp-content\/uploads\/2024\/05\/Ahtalehine-kaokuld-tikka-helichrysum-italicum-tamme-talu-urdiaed.jpg","type":"image\/jpeg"}],"twitter_card":"summary_large_image","schema":{"@context":"https:\/\/schema.org","@graph":[{"@type":"WebPage","@id":"https:\/\/tammetalu.eu\/en\/product\/curry-plant-helichrysum-italicum-tikka\/","url":"https:\/\/tammetalu.eu\/en\/product\/curry-plant-helichrysum-italicum-tikka\/","name":"Curry plant (Helichrysum italicum) \"Tikka\" - Tamme talu \u00fcrdiaed","isPartOf":{"@id":"https:\/\/tammetalu.eu\/#website"},"primaryImageOfPage":{"@id":"https:\/\/tammetalu.eu\/en\/product\/curry-plant-helichrysum-italicum-tikka\/#primaryimage"},"image":{"@id":"https:\/\/tammetalu.eu\/en\/product\/curry-plant-helichrysum-italicum-tikka\/#primaryimage"},"thumbnailUrl":"https:\/\/tammetalu.eu\/wp-content\/uploads\/2024\/05\/Ahtalehine-kaokuld-tikka-helichrysum-italicum-tamme-talu-urdiaed.jpg","datePublished":"2024-05-28T09:05:41+00:00","breadcrumb":{"@id":"https:\/\/tammetalu.eu\/en\/product\/curry-plant-helichrysum-italicum-tikka\/#breadcrumb"},"inLanguage":"en-US","potentialAction":[{"@type":"ReadAction","target":["https:\/\/tammetalu.eu\/en\/product\/curry-plant-helichrysum-italicum-tikka\/"]}]},{"@type":"ImageObject","inLanguage":"en-US","@id":"https:\/\/tammetalu.eu\/en\/product\/curry-plant-helichrysum-italicum-tikka\/#primaryimage","url":"https:\/\/tammetalu.eu\/wp-content\/uploads\/2024\/05\/Ahtalehine-kaokuld-tikka-helichrysum-italicum-tamme-talu-urdiaed.jpg","contentUrl":"https:\/\/tammetalu.eu\/wp-content\/uploads\/2024\/05\/Ahtalehine-kaokuld-tikka-helichrysum-italicum-tamme-talu-urdiaed.jpg","width":680,"height":665,"caption":"Ahtalehine-kaokuld-tikka-helichrysum-italicum-tamme-talu-urdiaed"},{"@type":"BreadcrumbList","@id":"https:\/\/tammetalu.eu\/en\/product\/curry-plant-helichrysum-italicum-tikka\/#breadcrumb","itemListElement":[{"@type":"ListItem","position":1,"name":"Home","item":"https:\/\/tammetalu.eu\/en\/esileht-eng\/"},{"@type":"ListItem","position":2,"name":"Shop","item":"https:\/\/tammetalu.eu\/en\/shop\/"},{"@type":"ListItem","position":3,"name":"Curry plant (Helichrysum italicum) &#8220;Tikka&#8221;"}]},{"@type":"WebSite","@id":"https:\/\/tammetalu.eu\/#website","url":"https:\/\/tammetalu.eu\/","name":"Tamme talu \u00fcrdiaed","description":"K\u00e4sit\u00f6\u00f6na valmistatud tooted \u00fcrtidest, \u00fcrdiistikud, \u00fcrtide kollektsioonaed","publisher":{"@id":"https:\/\/tammetalu.eu\/#organization"},"alternateName":"Tamme talu","potentialAction":[{"@type":"SearchAction","target":{"@type":"EntryPoint","urlTemplate":"https:\/\/tammetalu.eu\/?s={search_term_string}"},"query-input":{"@type":"PropertyValueSpecification","valueRequired":true,"valueName":"search_term_string"}}],"inLanguage":"en-US"},{"@type":"Organization","@id":"https:\/\/tammetalu.eu\/#organization","name":"Tamme talu \u00fcrdiaed","alternateName":"Tamme talu","url":"https:\/\/tammetalu.eu\/","logo":{"@type":"ImageObject","inLanguage":"en-US","@id":"https:\/\/tammetalu.eu\/#\/schema\/logo\/image\/","url":"https:\/\/tammetalu.eu\/wp-content\/uploads\/2025\/01\/Tamme_talu_urdiaed.png","contentUrl":"https:\/\/tammetalu.eu\/wp-content\/uploads\/2025\/01\/Tamme_talu_urdiaed.png","width":560,"height":560,"caption":"Tamme talu \u00fcrdiaed"},"image":{"@id":"https:\/\/tammetalu.eu\/#\/schema\/logo\/image\/"},"sameAs":["https:\/\/www.facebook.com\/TammeTaluUrdiaed\/?locale=et_EE","https:\/\/www.instagram.com\/tammetaluurdiaed\/"]}]}},"_links":{"self":[{"href":"https:\/\/tammetalu.eu\/en\/wp-json\/wp\/v2\/product\/22662","targetHints":{"allow":["GET"]}}],"collection":[{"href":"https:\/\/tammetalu.eu\/en\/wp-json\/wp\/v2\/product"}],"about":[{"href":"https:\/\/tammetalu.eu\/en\/wp-json\/wp\/v2\/types\/product"}],"wp:featuredmedia":[{"embeddable":true,"href":"https:\/\/tammetalu.eu\/en\/wp-json\/wp\/v2\/media\/21183"}],"wp:attachment":[{"href":"https:\/\/tammetalu.eu\/en\/wp-json\/wp\/v2\/media?parent=22662"}],"wp:term":[{"taxonomy":"product_brand","embeddable":true,"href":"https:\/\/tammetalu.eu\/en\/wp-json\/wp\/v2\/product_brand?post=22662"},{"taxonomy":"product_cat","embeddable":true,"href":"https:\/\/tammetalu.eu\/en\/wp-json\/wp\/v2\/product_cat?post=22662"},{"taxonomy":"product_tag","embeddable":true,"href":"https:\/\/tammetalu.eu\/en\/wp-json\/wp\/v2\/product_tag?post=22662"}],"curies":[{"name":"wp","href":"https:\/\/api.w.org\/{rel}","templated":true}]}}