{"id":22676,"date":"2024-05-16T18:19:53","date_gmt":"2024-05-16T15:19:53","guid":{"rendered":"https:\/\/tammetalu.eu\/toode\/lemon-thyme-thymus-x-citriodorus-goldy\/"},"modified":"2024-05-16T18:19:53","modified_gmt":"2024-05-16T15:19:53","slug":"lemon-thyme-thymus-x-citriodorus-goldy","status":"publish","type":"product","link":"https:\/\/tammetalu.eu\/en\/product\/lemon-thyme-thymus-x-citriodorus-goldy\/","title":{"rendered":"Lemon thyme (Thymus x citriodorus) &#8220;Goldy&#8221;"},"content":{"rendered":"","protected":false},"excerpt":{"rendered":"<p><em>Thymus x citriodorus<\/em><\/p>\n<p>The Lemon thyme &#8220;Goldy&#8221; is a very dense and aromatic lemon thyme variety with light green, yellow-tinged foliage. Grows well in well-drained, sandy soil. Loves a full-sun growing place, but also tolerates semi-shade. Suitable for growing in low garden vases, balcony boxes and beds with drier soil. It is a bit cold and needs to be covered in winter without snow. In the spring, it is necessary to cut back the plants evenly.<\/p>\n<p>In the kitchen, lemon thyme is suitable for flavoring almost all foods and drinks. You can make a delicious hot tea from it, both fresh and dried shoots are suitable for this.<\/p>\n","protected":false},"featured_media":23587,"template":"","meta":{"_acf_changed":false,"_et_pb_use_builder":"","_et_pb_old_content":"","_et_gb_content_width":"","inline_featured_image":false},"product_brand":[],"product_cat":[227,232],"product_tag":[],"class_list":{"0":"post-22676","1":"product","2":"type-product","3":"status-publish","4":"has-post-thumbnail","6":"product_cat-herb-plants","7":"product_cat-thyme","9":"first","10":"instock","11":"sale","12":"taxable","13":"shipping-taxable","14":"purchasable","15":"product-type-simple"},"acf":[],"yoast_head":"<!-- This site is optimized with the Yoast SEO plugin v27.5 - https:\/\/yoast.com\/product\/yoast-seo-wordpress\/ -->\n<title>Lemon thyme (Thymus x citriodorus) &quot;Goldy&quot; - Tamme talu \u00fcrdiaed<\/title>\n<meta name=\"robots\" content=\"index, follow, max-snippet:-1, max-image-preview:large, max-video-preview:-1\" \/>\n<link rel=\"canonical\" href=\"https:\/\/tammetalu.eu\/en\/product\/lemon-thyme-thymus-x-citriodorus-goldy\/\" \/>\n<meta property=\"og:locale\" content=\"en_US\" \/>\n<meta property=\"og:type\" content=\"article\" \/>\n<meta property=\"og:title\" content=\"Lemon thyme (Thymus x citriodorus) &quot;Goldy&quot; - Tamme talu \u00fcrdiaed\" \/>\n<meta property=\"og:description\" content=\"Thymus x citriodorus The Lemon thyme &quot;Goldy&quot; is a very dense and aromatic lemon thyme variety with light green, yellow-tinged foliage. Grows well in well-drained, sandy soil. Loves a full-sun growing place, but also tolerates semi-shade. Suitable for growing in low garden vases, balcony boxes and beds with drier soil. It is a bit cold and needs to be covered in winter without snow. In the spring, it is necessary to cut back the plants evenly. In the kitchen, lemon thyme is suitable for flavoring almost all foods and drinks. You can make a delicious hot tea from it, both fresh and dried shoots are suitable for this.\" \/>\n<meta property=\"og:url\" content=\"https:\/\/tammetalu.eu\/en\/product\/lemon-thyme-thymus-x-citriodorus-goldy\/\" \/>\n<meta property=\"og:site_name\" content=\"Tamme talu \u00fcrdiaed\" \/>\n<meta property=\"article:publisher\" content=\"https:\/\/www.facebook.com\/TammeTaluUrdiaed\/?locale=et_EE\" \/>\n<meta property=\"og:image\" content=\"https:\/\/tammetalu.eu\/wp-content\/uploads\/2024\/05\/Sidrun_liivatee_Thymus_cit.-var.-Summerdreams\u00ae-Lemon-Gold_tamme_talu_urdiaed.jpg\" \/>\n\t<meta property=\"og:image:width\" content=\"1024\" \/>\n\t<meta property=\"og:image:height\" content=\"1365\" \/>\n\t<meta property=\"og:image:type\" content=\"image\/jpeg\" \/>\n<meta name=\"twitter:card\" content=\"summary_large_image\" \/>\n<script type=\"application\/ld+json\" class=\"yoast-schema-graph\">{\"@context\":\"https:\\\/\\\/schema.org\",\"@graph\":[{\"@type\":\"WebPage\",\"@id\":\"https:\\\/\\\/tammetalu.eu\\\/en\\\/product\\\/lemon-thyme-thymus-x-citriodorus-goldy\\\/\",\"url\":\"https:\\\/\\\/tammetalu.eu\\\/en\\\/product\\\/lemon-thyme-thymus-x-citriodorus-goldy\\\/\",\"name\":\"Lemon thyme (Thymus x citriodorus) \\\"Goldy\\\" - Tamme talu \u00fcrdiaed\",\"isPartOf\":{\"@id\":\"https:\\\/\\\/tammetalu.eu\\\/#website\"},\"primaryImageOfPage\":{\"@id\":\"https:\\\/\\\/tammetalu.eu\\\/en\\\/product\\\/lemon-thyme-thymus-x-citriodorus-goldy\\\/#primaryimage\"},\"image\":{\"@id\":\"https:\\\/\\\/tammetalu.eu\\\/en\\\/product\\\/lemon-thyme-thymus-x-citriodorus-goldy\\\/#primaryimage\"},\"thumbnailUrl\":\"https:\\\/\\\/tammetalu.eu\\\/wp-content\\\/uploads\\\/2024\\\/05\\\/Sidrun_liivatee_Thymus_cit.-var.-Summerdreams\u00ae-Lemon-Gold_tamme_talu_urdiaed.jpg\",\"datePublished\":\"2024-05-16T15:19:53+00:00\",\"breadcrumb\":{\"@id\":\"https:\\\/\\\/tammetalu.eu\\\/en\\\/product\\\/lemon-thyme-thymus-x-citriodorus-goldy\\\/#breadcrumb\"},\"inLanguage\":\"en-US\",\"potentialAction\":[{\"@type\":\"ReadAction\",\"target\":[\"https:\\\/\\\/tammetalu.eu\\\/en\\\/product\\\/lemon-thyme-thymus-x-citriodorus-goldy\\\/\"]}]},{\"@type\":\"ImageObject\",\"inLanguage\":\"en-US\",\"@id\":\"https:\\\/\\\/tammetalu.eu\\\/en\\\/product\\\/lemon-thyme-thymus-x-citriodorus-goldy\\\/#primaryimage\",\"url\":\"https:\\\/\\\/tammetalu.eu\\\/wp-content\\\/uploads\\\/2024\\\/05\\\/Sidrun_liivatee_Thymus_cit.-var.-Summerdreams\u00ae-Lemon-Gold_tamme_talu_urdiaed.jpg\",\"contentUrl\":\"https:\\\/\\\/tammetalu.eu\\\/wp-content\\\/uploads\\\/2024\\\/05\\\/Sidrun_liivatee_Thymus_cit.-var.-Summerdreams\u00ae-Lemon-Gold_tamme_talu_urdiaed.jpg\",\"width\":1024,\"height\":1365,\"caption\":\"Sidrun_liivatee_Thymus_cit.-var.-Summerdreams\u00ae-Lemon-Gold_tamme_talu_urdiaed\"},{\"@type\":\"BreadcrumbList\",\"@id\":\"https:\\\/\\\/tammetalu.eu\\\/en\\\/product\\\/lemon-thyme-thymus-x-citriodorus-goldy\\\/#breadcrumb\",\"itemListElement\":[{\"@type\":\"ListItem\",\"position\":1,\"name\":\"Home\",\"item\":\"https:\\\/\\\/tammetalu.eu\\\/en\\\/esileht-eng\\\/\"},{\"@type\":\"ListItem\",\"position\":2,\"name\":\"Shop\",\"item\":\"https:\\\/\\\/tammetalu.eu\\\/en\\\/shop\\\/\"},{\"@type\":\"ListItem\",\"position\":3,\"name\":\"Lemon thyme (Thymus x citriodorus) &#8220;Goldy&#8221;\"}]},{\"@type\":\"WebSite\",\"@id\":\"https:\\\/\\\/tammetalu.eu\\\/#website\",\"url\":\"https:\\\/\\\/tammetalu.eu\\\/\",\"name\":\"Tamme talu \u00fcrdiaed\",\"description\":\"K\u00e4sit\u00f6\u00f6na valmistatud tooted \u00fcrtidest, \u00fcrdiistikud, \u00fcrtide kollektsioonaed\",\"publisher\":{\"@id\":\"https:\\\/\\\/tammetalu.eu\\\/#organization\"},\"alternateName\":\"Tamme talu\",\"potentialAction\":[{\"@type\":\"SearchAction\",\"target\":{\"@type\":\"EntryPoint\",\"urlTemplate\":\"https:\\\/\\\/tammetalu.eu\\\/?s={search_term_string}\"},\"query-input\":{\"@type\":\"PropertyValueSpecification\",\"valueRequired\":true,\"valueName\":\"search_term_string\"}}],\"inLanguage\":\"en-US\"},{\"@type\":\"Organization\",\"@id\":\"https:\\\/\\\/tammetalu.eu\\\/#organization\",\"name\":\"Tamme talu \u00fcrdiaed\",\"alternateName\":\"Tamme talu\",\"url\":\"https:\\\/\\\/tammetalu.eu\\\/\",\"logo\":{\"@type\":\"ImageObject\",\"inLanguage\":\"en-US\",\"@id\":\"https:\\\/\\\/tammetalu.eu\\\/#\\\/schema\\\/logo\\\/image\\\/\",\"url\":\"https:\\\/\\\/tammetalu.eu\\\/wp-content\\\/uploads\\\/2025\\\/01\\\/Tamme_talu_urdiaed.png\",\"contentUrl\":\"https:\\\/\\\/tammetalu.eu\\\/wp-content\\\/uploads\\\/2025\\\/01\\\/Tamme_talu_urdiaed.png\",\"width\":560,\"height\":560,\"caption\":\"Tamme talu \u00fcrdiaed\"},\"image\":{\"@id\":\"https:\\\/\\\/tammetalu.eu\\\/#\\\/schema\\\/logo\\\/image\\\/\"},\"sameAs\":[\"https:\\\/\\\/www.facebook.com\\\/TammeTaluUrdiaed\\\/?locale=et_EE\",\"https:\\\/\\\/www.instagram.com\\\/tammetaluurdiaed\\\/\"]}]}<\/script>\n<!-- \/ Yoast SEO plugin. -->","yoast_head_json":{"title":"Lemon thyme (Thymus x citriodorus) \"Goldy\" - Tamme talu \u00fcrdiaed","robots":{"index":"index","follow":"follow","max-snippet":"max-snippet:-1","max-image-preview":"max-image-preview:large","max-video-preview":"max-video-preview:-1"},"canonical":"https:\/\/tammetalu.eu\/en\/product\/lemon-thyme-thymus-x-citriodorus-goldy\/","og_locale":"en_US","og_type":"article","og_title":"Lemon thyme (Thymus x citriodorus) \"Goldy\" - Tamme talu \u00fcrdiaed","og_description":"Thymus x citriodorus The Lemon thyme \"Goldy\" is a very dense and aromatic lemon thyme variety with light green, yellow-tinged foliage. Grows well in well-drained, sandy soil. Loves a full-sun growing place, but also tolerates semi-shade. Suitable for growing in low garden vases, balcony boxes and beds with drier soil. It is a bit cold and needs to be covered in winter without snow. In the spring, it is necessary to cut back the plants evenly. In the kitchen, lemon thyme is suitable for flavoring almost all foods and drinks. You can make a delicious hot tea from it, both fresh and dried shoots are suitable for this.","og_url":"https:\/\/tammetalu.eu\/en\/product\/lemon-thyme-thymus-x-citriodorus-goldy\/","og_site_name":"Tamme talu \u00fcrdiaed","article_publisher":"https:\/\/www.facebook.com\/TammeTaluUrdiaed\/?locale=et_EE","og_image":[{"width":1024,"height":1365,"url":"https:\/\/tammetalu.eu\/wp-content\/uploads\/2024\/05\/Sidrun_liivatee_Thymus_cit.-var.-Summerdreams\u00ae-Lemon-Gold_tamme_talu_urdiaed.jpg","type":"image\/jpeg"}],"twitter_card":"summary_large_image","schema":{"@context":"https:\/\/schema.org","@graph":[{"@type":"WebPage","@id":"https:\/\/tammetalu.eu\/en\/product\/lemon-thyme-thymus-x-citriodorus-goldy\/","url":"https:\/\/tammetalu.eu\/en\/product\/lemon-thyme-thymus-x-citriodorus-goldy\/","name":"Lemon thyme (Thymus x citriodorus) \"Goldy\" - Tamme talu \u00fcrdiaed","isPartOf":{"@id":"https:\/\/tammetalu.eu\/#website"},"primaryImageOfPage":{"@id":"https:\/\/tammetalu.eu\/en\/product\/lemon-thyme-thymus-x-citriodorus-goldy\/#primaryimage"},"image":{"@id":"https:\/\/tammetalu.eu\/en\/product\/lemon-thyme-thymus-x-citriodorus-goldy\/#primaryimage"},"thumbnailUrl":"https:\/\/tammetalu.eu\/wp-content\/uploads\/2024\/05\/Sidrun_liivatee_Thymus_cit.-var.-Summerdreams\u00ae-Lemon-Gold_tamme_talu_urdiaed.jpg","datePublished":"2024-05-16T15:19:53+00:00","breadcrumb":{"@id":"https:\/\/tammetalu.eu\/en\/product\/lemon-thyme-thymus-x-citriodorus-goldy\/#breadcrumb"},"inLanguage":"en-US","potentialAction":[{"@type":"ReadAction","target":["https:\/\/tammetalu.eu\/en\/product\/lemon-thyme-thymus-x-citriodorus-goldy\/"]}]},{"@type":"ImageObject","inLanguage":"en-US","@id":"https:\/\/tammetalu.eu\/en\/product\/lemon-thyme-thymus-x-citriodorus-goldy\/#primaryimage","url":"https:\/\/tammetalu.eu\/wp-content\/uploads\/2024\/05\/Sidrun_liivatee_Thymus_cit.-var.-Summerdreams\u00ae-Lemon-Gold_tamme_talu_urdiaed.jpg","contentUrl":"https:\/\/tammetalu.eu\/wp-content\/uploads\/2024\/05\/Sidrun_liivatee_Thymus_cit.-var.-Summerdreams\u00ae-Lemon-Gold_tamme_talu_urdiaed.jpg","width":1024,"height":1365,"caption":"Sidrun_liivatee_Thymus_cit.-var.-Summerdreams\u00ae-Lemon-Gold_tamme_talu_urdiaed"},{"@type":"BreadcrumbList","@id":"https:\/\/tammetalu.eu\/en\/product\/lemon-thyme-thymus-x-citriodorus-goldy\/#breadcrumb","itemListElement":[{"@type":"ListItem","position":1,"name":"Home","item":"https:\/\/tammetalu.eu\/en\/esileht-eng\/"},{"@type":"ListItem","position":2,"name":"Shop","item":"https:\/\/tammetalu.eu\/en\/shop\/"},{"@type":"ListItem","position":3,"name":"Lemon thyme (Thymus x citriodorus) &#8220;Goldy&#8221;"}]},{"@type":"WebSite","@id":"https:\/\/tammetalu.eu\/#website","url":"https:\/\/tammetalu.eu\/","name":"Tamme talu \u00fcrdiaed","description":"K\u00e4sit\u00f6\u00f6na valmistatud tooted \u00fcrtidest, \u00fcrdiistikud, \u00fcrtide kollektsioonaed","publisher":{"@id":"https:\/\/tammetalu.eu\/#organization"},"alternateName":"Tamme talu","potentialAction":[{"@type":"SearchAction","target":{"@type":"EntryPoint","urlTemplate":"https:\/\/tammetalu.eu\/?s={search_term_string}"},"query-input":{"@type":"PropertyValueSpecification","valueRequired":true,"valueName":"search_term_string"}}],"inLanguage":"en-US"},{"@type":"Organization","@id":"https:\/\/tammetalu.eu\/#organization","name":"Tamme talu \u00fcrdiaed","alternateName":"Tamme talu","url":"https:\/\/tammetalu.eu\/","logo":{"@type":"ImageObject","inLanguage":"en-US","@id":"https:\/\/tammetalu.eu\/#\/schema\/logo\/image\/","url":"https:\/\/tammetalu.eu\/wp-content\/uploads\/2025\/01\/Tamme_talu_urdiaed.png","contentUrl":"https:\/\/tammetalu.eu\/wp-content\/uploads\/2025\/01\/Tamme_talu_urdiaed.png","width":560,"height":560,"caption":"Tamme talu \u00fcrdiaed"},"image":{"@id":"https:\/\/tammetalu.eu\/#\/schema\/logo\/image\/"},"sameAs":["https:\/\/www.facebook.com\/TammeTaluUrdiaed\/?locale=et_EE","https:\/\/www.instagram.com\/tammetaluurdiaed\/"]}]}},"_links":{"self":[{"href":"https:\/\/tammetalu.eu\/en\/wp-json\/wp\/v2\/product\/22676","targetHints":{"allow":["GET"]}}],"collection":[{"href":"https:\/\/tammetalu.eu\/en\/wp-json\/wp\/v2\/product"}],"about":[{"href":"https:\/\/tammetalu.eu\/en\/wp-json\/wp\/v2\/types\/product"}],"wp:featuredmedia":[{"embeddable":true,"href":"https:\/\/tammetalu.eu\/en\/wp-json\/wp\/v2\/media\/23587"}],"wp:attachment":[{"href":"https:\/\/tammetalu.eu\/en\/wp-json\/wp\/v2\/media?parent=22676"}],"wp:term":[{"taxonomy":"product_brand","embeddable":true,"href":"https:\/\/tammetalu.eu\/en\/wp-json\/wp\/v2\/product_brand?post=22676"},{"taxonomy":"product_cat","embeddable":true,"href":"https:\/\/tammetalu.eu\/en\/wp-json\/wp\/v2\/product_cat?post=22676"},{"taxonomy":"product_tag","embeddable":true,"href":"https:\/\/tammetalu.eu\/en\/wp-json\/wp\/v2\/product_tag?post=22676"}],"curies":[{"name":"wp","href":"https:\/\/api.w.org\/{rel}","templated":true}]}}