{"id":22701,"date":"2022-08-09T09:03:05","date_gmt":"2022-08-09T06:03:05","guid":{"rendered":"https:\/\/tammetalu.eu\/toode\/organic-marinated-chilli-130g\/"},"modified":"2022-08-09T09:03:05","modified_gmt":"2022-08-09T06:03:05","slug":"organic-marinated-chilli-130g","status":"publish","type":"product","link":"https:\/\/tammetalu.eu\/en\/product\/organic-marinated-chilli-130g\/","title":{"rendered":"Organic Marinated chilli 130g"},"content":{"rendered":"<table style=\"font-weight: 400; border-color: #ccc8c8; border-style: solid; height: 327px;\" border=\"1\" width=\"378\">\n<tbody>\n<tr style=\"height: 95px;\">\n<td style=\"height: 95px; width: 254.525px;\">Toitumisalane teave 100g toote kohta<br \/>\nNutrition information per 100 g<\/td>\n<td style=\"height: 95px; width: 108.675px;\"><\/td>\n<\/tr>\n<tr style=\"height: 29px;\">\n<td style=\"height: 29px; width: 254.525px;\">Energiasisaldus<br \/>\nEnergy<\/td>\n<td style=\"height: 29px; width: 108.675px;\">113kJ\/27kcal<\/td>\n<\/tr>\n<tr style=\"height: 52px;\">\n<td style=\"height: 52px; width: 254.525px;\">Rasvad<br \/>\nFat<br \/>\n-millest k\u00fcllastunud rasvhapped 0g<br \/>\n-saturated fats 0g<\/td>\n<td style=\"height: 52px; width: 108.675px;\">0,1g<\/td>\n<\/tr>\n<tr style=\"height: 62px;\">\n<td style=\"height: 62px; width: 254.525px;\">S\u00fcsivesikud<br \/>\nCarbohydrate<br \/>\n-millest suhkrud<br \/>\n-Sugars<\/td>\n<td style=\"height: 62px; width: 108.675px;\">5,5g<\/p>\n<p>2g<\/td>\n<\/tr>\n<tr style=\"height: 14px;\">\n<td style=\"height: 14px; width: 254.525px;\">Valgud<br \/>\nProtein<\/td>\n<td style=\"height: 14px; width: 108.675px;\">1,4g<\/td>\n<\/tr>\n<tr style=\"height: 75px;\">\n<td style=\"height: 75px; width: 254.525px;\">Soolad<br \/>\nSalt<\/td>\n<td style=\"height: 75px; width: 108.675px;\">4g<\/td>\n<\/tr>\n<\/tbody>\n<\/table>\n","protected":false},"excerpt":{"rendered":"<p>Just seeing those little red pods lifts your mood, doesn&#8217;t it!<br \/>All chili pods are ecologically grown in the Tamme farm and carefully selected for preserving, so that you can use them to make your dinner table hotter and more sudden.<br \/>Marinated chili will keep for a long time in the refrigerator, even if you have opened the jar. Cut chilies into pieces to flavor a salad, sauce, soup or casserole. If you are a real spice lover, eat chilies at least one pod at a time.<\/p>\n<p>Tip: use kitchen scissors to cut the pod into pieces exactly as big as you want.<\/p>\n<p>Ingredients: chili (60 g)*, water, vinegar*, salt, sugar*.<\/p>\n<p>*From certified organic farming.<\/p>\n","protected":false},"featured_media":16692,"template":"","meta":{"_acf_changed":false,"_et_pb_use_builder":"","_et_pb_old_content":"","_et_gb_content_width":"","inline_featured_image":false},"product_brand":[],"product_cat":[235],"product_tag":[],"class_list":{"0":"post-22701","1":"product","2":"type-product","3":"status-publish","4":"has-post-thumbnail","6":"product_cat-marinated-chilli","8":"first","9":"instock","10":"taxable","11":"shipping-taxable","12":"purchasable","13":"product-type-simple"},"acf":[],"yoast_head":"<!-- This site is optimized with the Yoast SEO plugin v27.5 - https:\/\/yoast.com\/product\/yoast-seo-wordpress\/ -->\n<title>Organic Marinated chilli - shop online<\/title>\n<meta name=\"robots\" content=\"index, follow, max-snippet:-1, max-image-preview:large, max-video-preview:-1\" \/>\n<link rel=\"canonical\" href=\"https:\/\/tammetalu.eu\/en\/product\/organic-marinated-chilli-130g\/\" \/>\n<meta property=\"og:locale\" content=\"en_US\" \/>\n<meta property=\"og:type\" content=\"article\" \/>\n<meta property=\"og:title\" content=\"Organic Marinated chilli - shop online\" \/>\n<meta property=\"og:description\" content=\"Just seeing those little red pods lifts your mood, doesn&#039;t it!All chili pods are ecologically grown in the Tamme farm and carefully selected for preserving, so that you can use them to make your dinner table hotter and more sudden.Marinated chili will keep for a long time in the refrigerator, even if you have opened the jar. Cut chilies into pieces to flavor a salad, sauce, soup or casserole. If you are a real spice lover, eat chilies at least one pod at a time. Tip: use kitchen scissors to cut the pod into pieces exactly as big as you want. Ingredients: chili (60 g)*, water, vinegar*, salt, sugar*. *From certified organic farming.\" \/>\n<meta property=\"og:url\" content=\"https:\/\/tammetalu.eu\/en\/product\/organic-marinated-chilli-130g\/\" \/>\n<meta property=\"og:site_name\" content=\"Tamme talu \u00fcrdiaed\" \/>\n<meta property=\"article:publisher\" content=\"https:\/\/www.facebook.com\/TammeTaluUrdiaed\/?locale=et_EE\" \/>\n<meta name=\"twitter:card\" content=\"summary_large_image\" \/>\n<script type=\"application\/ld+json\" class=\"yoast-schema-graph\">{\"@context\":\"https:\\\/\\\/schema.org\",\"@graph\":[{\"@type\":\"WebPage\",\"@id\":\"https:\\\/\\\/tammetalu.eu\\\/en\\\/product\\\/organic-marinated-chilli-130g\\\/\",\"url\":\"https:\\\/\\\/tammetalu.eu\\\/en\\\/product\\\/organic-marinated-chilli-130g\\\/\",\"name\":\"Organic Marinated chilli - shop online\",\"isPartOf\":{\"@id\":\"https:\\\/\\\/tammetalu.eu\\\/#website\"},\"primaryImageOfPage\":{\"@id\":\"https:\\\/\\\/tammetalu.eu\\\/en\\\/product\\\/organic-marinated-chilli-130g\\\/#primaryimage\"},\"image\":{\"@id\":\"https:\\\/\\\/tammetalu.eu\\\/en\\\/product\\\/organic-marinated-chilli-130g\\\/#primaryimage\"},\"thumbnailUrl\":\"https:\\\/\\\/tammetalu.eu\\\/wp-content\\\/uploads\\\/2022\\\/08\\\/Oko_Tsillid_marinaadis.jpg\",\"datePublished\":\"2022-08-09T06:03:05+00:00\",\"breadcrumb\":{\"@id\":\"https:\\\/\\\/tammetalu.eu\\\/en\\\/product\\\/organic-marinated-chilli-130g\\\/#breadcrumb\"},\"inLanguage\":\"en-US\",\"potentialAction\":[{\"@type\":\"ReadAction\",\"target\":[\"https:\\\/\\\/tammetalu.eu\\\/en\\\/product\\\/organic-marinated-chilli-130g\\\/\"]}]},{\"@type\":\"ImageObject\",\"inLanguage\":\"en-US\",\"@id\":\"https:\\\/\\\/tammetalu.eu\\\/en\\\/product\\\/organic-marinated-chilli-130g\\\/#primaryimage\",\"url\":\"https:\\\/\\\/tammetalu.eu\\\/wp-content\\\/uploads\\\/2022\\\/08\\\/Oko_Tsillid_marinaadis.jpg\",\"contentUrl\":\"https:\\\/\\\/tammetalu.eu\\\/wp-content\\\/uploads\\\/2022\\\/08\\\/Oko_Tsillid_marinaadis.jpg\",\"width\":960,\"height\":960,\"caption\":\"Oko_Tsillid_marinaadis\"},{\"@type\":\"BreadcrumbList\",\"@id\":\"https:\\\/\\\/tammetalu.eu\\\/en\\\/product\\\/organic-marinated-chilli-130g\\\/#breadcrumb\",\"itemListElement\":[{\"@type\":\"ListItem\",\"position\":1,\"name\":\"Home\",\"item\":\"https:\\\/\\\/tammetalu.eu\\\/en\\\/esileht-eng\\\/\"},{\"@type\":\"ListItem\",\"position\":2,\"name\":\"Shop\",\"item\":\"https:\\\/\\\/tammetalu.eu\\\/en\\\/shop\\\/\"},{\"@type\":\"ListItem\",\"position\":3,\"name\":\"Organic Marinated chilli 130g\"}]},{\"@type\":\"WebSite\",\"@id\":\"https:\\\/\\\/tammetalu.eu\\\/#website\",\"url\":\"https:\\\/\\\/tammetalu.eu\\\/\",\"name\":\"Tamme talu \u00fcrdiaed\",\"description\":\"K\u00e4sit\u00f6\u00f6na valmistatud tooted \u00fcrtidest, \u00fcrdiistikud, \u00fcrtide kollektsioonaed\",\"publisher\":{\"@id\":\"https:\\\/\\\/tammetalu.eu\\\/#organization\"},\"alternateName\":\"Tamme talu\",\"potentialAction\":[{\"@type\":\"SearchAction\",\"target\":{\"@type\":\"EntryPoint\",\"urlTemplate\":\"https:\\\/\\\/tammetalu.eu\\\/?s={search_term_string}\"},\"query-input\":{\"@type\":\"PropertyValueSpecification\",\"valueRequired\":true,\"valueName\":\"search_term_string\"}}],\"inLanguage\":\"en-US\"},{\"@type\":\"Organization\",\"@id\":\"https:\\\/\\\/tammetalu.eu\\\/#organization\",\"name\":\"Tamme talu \u00fcrdiaed\",\"alternateName\":\"Tamme talu\",\"url\":\"https:\\\/\\\/tammetalu.eu\\\/\",\"logo\":{\"@type\":\"ImageObject\",\"inLanguage\":\"en-US\",\"@id\":\"https:\\\/\\\/tammetalu.eu\\\/#\\\/schema\\\/logo\\\/image\\\/\",\"url\":\"https:\\\/\\\/tammetalu.eu\\\/wp-content\\\/uploads\\\/2025\\\/01\\\/Tamme_talu_urdiaed.png\",\"contentUrl\":\"https:\\\/\\\/tammetalu.eu\\\/wp-content\\\/uploads\\\/2025\\\/01\\\/Tamme_talu_urdiaed.png\",\"width\":560,\"height\":560,\"caption\":\"Tamme talu \u00fcrdiaed\"},\"image\":{\"@id\":\"https:\\\/\\\/tammetalu.eu\\\/#\\\/schema\\\/logo\\\/image\\\/\"},\"sameAs\":[\"https:\\\/\\\/www.facebook.com\\\/TammeTaluUrdiaed\\\/?locale=et_EE\",\"https:\\\/\\\/www.instagram.com\\\/tammetaluurdiaed\\\/\"]}]}<\/script>\n<!-- \/ Yoast SEO plugin. -->","yoast_head_json":{"title":"Organic Marinated chilli - shop online","robots":{"index":"index","follow":"follow","max-snippet":"max-snippet:-1","max-image-preview":"max-image-preview:large","max-video-preview":"max-video-preview:-1"},"canonical":"https:\/\/tammetalu.eu\/en\/product\/organic-marinated-chilli-130g\/","og_locale":"en_US","og_type":"article","og_title":"Organic Marinated chilli - shop online","og_description":"Just seeing those little red pods lifts your mood, doesn't it!All chili pods are ecologically grown in the Tamme farm and carefully selected for preserving, so that you can use them to make your dinner table hotter and more sudden.Marinated chili will keep for a long time in the refrigerator, even if you have opened the jar. Cut chilies into pieces to flavor a salad, sauce, soup or casserole. If you are a real spice lover, eat chilies at least one pod at a time. Tip: use kitchen scissors to cut the pod into pieces exactly as big as you want. Ingredients: chili (60 g)*, water, vinegar*, salt, sugar*. *From certified organic farming.","og_url":"https:\/\/tammetalu.eu\/en\/product\/organic-marinated-chilli-130g\/","og_site_name":"Tamme talu \u00fcrdiaed","article_publisher":"https:\/\/www.facebook.com\/TammeTaluUrdiaed\/?locale=et_EE","twitter_card":"summary_large_image","schema":{"@context":"https:\/\/schema.org","@graph":[{"@type":"WebPage","@id":"https:\/\/tammetalu.eu\/en\/product\/organic-marinated-chilli-130g\/","url":"https:\/\/tammetalu.eu\/en\/product\/organic-marinated-chilli-130g\/","name":"Organic Marinated chilli - shop online","isPartOf":{"@id":"https:\/\/tammetalu.eu\/#website"},"primaryImageOfPage":{"@id":"https:\/\/tammetalu.eu\/en\/product\/organic-marinated-chilli-130g\/#primaryimage"},"image":{"@id":"https:\/\/tammetalu.eu\/en\/product\/organic-marinated-chilli-130g\/#primaryimage"},"thumbnailUrl":"https:\/\/tammetalu.eu\/wp-content\/uploads\/2022\/08\/Oko_Tsillid_marinaadis.jpg","datePublished":"2022-08-09T06:03:05+00:00","breadcrumb":{"@id":"https:\/\/tammetalu.eu\/en\/product\/organic-marinated-chilli-130g\/#breadcrumb"},"inLanguage":"en-US","potentialAction":[{"@type":"ReadAction","target":["https:\/\/tammetalu.eu\/en\/product\/organic-marinated-chilli-130g\/"]}]},{"@type":"ImageObject","inLanguage":"en-US","@id":"https:\/\/tammetalu.eu\/en\/product\/organic-marinated-chilli-130g\/#primaryimage","url":"https:\/\/tammetalu.eu\/wp-content\/uploads\/2022\/08\/Oko_Tsillid_marinaadis.jpg","contentUrl":"https:\/\/tammetalu.eu\/wp-content\/uploads\/2022\/08\/Oko_Tsillid_marinaadis.jpg","width":960,"height":960,"caption":"Oko_Tsillid_marinaadis"},{"@type":"BreadcrumbList","@id":"https:\/\/tammetalu.eu\/en\/product\/organic-marinated-chilli-130g\/#breadcrumb","itemListElement":[{"@type":"ListItem","position":1,"name":"Home","item":"https:\/\/tammetalu.eu\/en\/esileht-eng\/"},{"@type":"ListItem","position":2,"name":"Shop","item":"https:\/\/tammetalu.eu\/en\/shop\/"},{"@type":"ListItem","position":3,"name":"Organic Marinated chilli 130g"}]},{"@type":"WebSite","@id":"https:\/\/tammetalu.eu\/#website","url":"https:\/\/tammetalu.eu\/","name":"Tamme talu \u00fcrdiaed","description":"K\u00e4sit\u00f6\u00f6na valmistatud tooted \u00fcrtidest, \u00fcrdiistikud, \u00fcrtide kollektsioonaed","publisher":{"@id":"https:\/\/tammetalu.eu\/#organization"},"alternateName":"Tamme talu","potentialAction":[{"@type":"SearchAction","target":{"@type":"EntryPoint","urlTemplate":"https:\/\/tammetalu.eu\/?s={search_term_string}"},"query-input":{"@type":"PropertyValueSpecification","valueRequired":true,"valueName":"search_term_string"}}],"inLanguage":"en-US"},{"@type":"Organization","@id":"https:\/\/tammetalu.eu\/#organization","name":"Tamme talu \u00fcrdiaed","alternateName":"Tamme talu","url":"https:\/\/tammetalu.eu\/","logo":{"@type":"ImageObject","inLanguage":"en-US","@id":"https:\/\/tammetalu.eu\/#\/schema\/logo\/image\/","url":"https:\/\/tammetalu.eu\/wp-content\/uploads\/2025\/01\/Tamme_talu_urdiaed.png","contentUrl":"https:\/\/tammetalu.eu\/wp-content\/uploads\/2025\/01\/Tamme_talu_urdiaed.png","width":560,"height":560,"caption":"Tamme talu \u00fcrdiaed"},"image":{"@id":"https:\/\/tammetalu.eu\/#\/schema\/logo\/image\/"},"sameAs":["https:\/\/www.facebook.com\/TammeTaluUrdiaed\/?locale=et_EE","https:\/\/www.instagram.com\/tammetaluurdiaed\/"]}]}},"_links":{"self":[{"href":"https:\/\/tammetalu.eu\/en\/wp-json\/wp\/v2\/product\/22701","targetHints":{"allow":["GET"]}}],"collection":[{"href":"https:\/\/tammetalu.eu\/en\/wp-json\/wp\/v2\/product"}],"about":[{"href":"https:\/\/tammetalu.eu\/en\/wp-json\/wp\/v2\/types\/product"}],"wp:featuredmedia":[{"embeddable":true,"href":"https:\/\/tammetalu.eu\/en\/wp-json\/wp\/v2\/media\/16692"}],"wp:attachment":[{"href":"https:\/\/tammetalu.eu\/en\/wp-json\/wp\/v2\/media?parent=22701"}],"wp:term":[{"taxonomy":"product_brand","embeddable":true,"href":"https:\/\/tammetalu.eu\/en\/wp-json\/wp\/v2\/product_brand?post=22701"},{"taxonomy":"product_cat","embeddable":true,"href":"https:\/\/tammetalu.eu\/en\/wp-json\/wp\/v2\/product_cat?post=22701"},{"taxonomy":"product_tag","embeddable":true,"href":"https:\/\/tammetalu.eu\/en\/wp-json\/wp\/v2\/product_tag?post=22701"}],"curies":[{"name":"wp","href":"https:\/\/api.w.org\/{rel}","templated":true}]}}