{"id":22763,"date":"2022-08-09T09:02:42","date_gmt":"2022-08-09T06:02:42","guid":{"rendered":"https:\/\/tammetalu.eu\/toode\/herb-salt-for-salad-85g\/"},"modified":"2022-08-09T09:02:42","modified_gmt":"2022-08-09T06:02:42","slug":"herb-salt-for-salad-85g","status":"publish","type":"product","link":"https:\/\/tammetalu.eu\/en\/product\/herb-salt-for-salad-85g\/","title":{"rendered":"Herb salt for salad 85g"},"content":{"rendered":"","protected":false},"excerpt":{"rendered":"<p>Herb salt for salad is suitable for seasoning salads (especially raw salads), sauces, soups, vegetable and meat dishes. Very easy to use. Add seasoning to the raw salad 10 minutes before serving &#8211; this way the salad gets to taste. When preparing baked vegetables, shake the seasoning and your favorite oil on the raw vegetables before putting them in the oven and mix.<\/p>\n<p>Ingredients: sea salt (48%), thyme, garlic, leek, parsley.<\/p>\n<p>If the first jar is used up, we recommend ordering a refill pack to refill the jar. In this way, less packaging is used and you protect nature. In addition, the price is cheaper.<\/p>\n","protected":false},"featured_media":15362,"template":"","meta":{"_acf_changed":false,"_et_pb_use_builder":"","_et_pb_old_content":"","_et_gb_content_width":"","inline_featured_image":false},"product_brand":[],"product_cat":[224],"product_tag":[236],"class_list":{"0":"post-22763","1":"product","2":"type-product","3":"status-publish","4":"has-post-thumbnail","6":"product_cat-herb-salts","7":"product_tag-herb-salts","9":"first","10":"instock","11":"taxable","12":"shipping-taxable","13":"purchasable","14":"product-type-simple"},"acf":[],"yoast_head":"<!-- This site is optimized with the Yoast SEO plugin v27.5 - https:\/\/yoast.com\/product\/yoast-seo-wordpress\/ -->\n<title>herb salt for salad<\/title>\n<meta name=\"description\" content=\"Herb salt for salad is suitable for seasoning salads, sauces, soups, vegetable dishes. Order delicious and handmade herbal salts conveniently from the Tamme farm online store!\" \/>\n<meta name=\"robots\" content=\"index, follow, max-snippet:-1, max-image-preview:large, max-video-preview:-1\" \/>\n<link rel=\"canonical\" href=\"https:\/\/tammetalu.eu\/en\/product\/herb-salt-for-salad-85g\/\" \/>\n<meta property=\"og:locale\" content=\"en_US\" \/>\n<meta property=\"og:type\" content=\"article\" \/>\n<meta property=\"og:title\" content=\"herb salt for salad\" \/>\n<meta property=\"og:description\" content=\"Herb salt for salad is suitable for seasoning salads, sauces, soups, vegetable dishes. Order delicious and handmade herbal salts conveniently from the Tamme farm online store!\" \/>\n<meta property=\"og:url\" content=\"https:\/\/tammetalu.eu\/en\/product\/herb-salt-for-salad-85g\/\" \/>\n<meta property=\"og:site_name\" content=\"Tamme talu \u00fcrdiaed\" \/>\n<meta property=\"article:publisher\" content=\"https:\/\/www.facebook.com\/TammeTaluUrdiaed\/?locale=et_EE\" \/>\n<meta property=\"og:image\" content=\"https:\/\/tammetalu.eu\/wp-content\/uploads\/2022\/08\/Urdisool_salatile-6.jpg\" \/>\n\t<meta property=\"og:image:width\" content=\"960\" \/>\n\t<meta property=\"og:image:height\" content=\"960\" \/>\n\t<meta property=\"og:image:type\" content=\"image\/jpeg\" \/>\n<meta name=\"twitter:card\" content=\"summary_large_image\" \/>\n<script type=\"application\/ld+json\" class=\"yoast-schema-graph\">{\"@context\":\"https:\\\/\\\/schema.org\",\"@graph\":[{\"@type\":\"WebPage\",\"@id\":\"https:\\\/\\\/tammetalu.eu\\\/en\\\/product\\\/herb-salt-for-salad-85g\\\/\",\"url\":\"https:\\\/\\\/tammetalu.eu\\\/en\\\/product\\\/herb-salt-for-salad-85g\\\/\",\"name\":\"herb salt for salad\",\"isPartOf\":{\"@id\":\"https:\\\/\\\/tammetalu.eu\\\/#website\"},\"primaryImageOfPage\":{\"@id\":\"https:\\\/\\\/tammetalu.eu\\\/en\\\/product\\\/herb-salt-for-salad-85g\\\/#primaryimage\"},\"image\":{\"@id\":\"https:\\\/\\\/tammetalu.eu\\\/en\\\/product\\\/herb-salt-for-salad-85g\\\/#primaryimage\"},\"thumbnailUrl\":\"https:\\\/\\\/tammetalu.eu\\\/wp-content\\\/uploads\\\/2022\\\/08\\\/Urdisool_salatile-6.jpg\",\"datePublished\":\"2022-08-09T06:02:42+00:00\",\"description\":\"Herb salt for salad is suitable for seasoning salads, sauces, soups, vegetable dishes. Order delicious and handmade herbal salts conveniently from the Tamme farm online store!\",\"breadcrumb\":{\"@id\":\"https:\\\/\\\/tammetalu.eu\\\/en\\\/product\\\/herb-salt-for-salad-85g\\\/#breadcrumb\"},\"inLanguage\":\"en-US\",\"potentialAction\":[{\"@type\":\"ReadAction\",\"target\":[\"https:\\\/\\\/tammetalu.eu\\\/en\\\/product\\\/herb-salt-for-salad-85g\\\/\"]}]},{\"@type\":\"ImageObject\",\"inLanguage\":\"en-US\",\"@id\":\"https:\\\/\\\/tammetalu.eu\\\/en\\\/product\\\/herb-salt-for-salad-85g\\\/#primaryimage\",\"url\":\"https:\\\/\\\/tammetalu.eu\\\/wp-content\\\/uploads\\\/2022\\\/08\\\/Urdisool_salatile-6.jpg\",\"contentUrl\":\"https:\\\/\\\/tammetalu.eu\\\/wp-content\\\/uploads\\\/2022\\\/08\\\/Urdisool_salatile-6.jpg\",\"width\":960,\"height\":960},{\"@type\":\"BreadcrumbList\",\"@id\":\"https:\\\/\\\/tammetalu.eu\\\/en\\\/product\\\/herb-salt-for-salad-85g\\\/#breadcrumb\",\"itemListElement\":[{\"@type\":\"ListItem\",\"position\":1,\"name\":\"Home\",\"item\":\"https:\\\/\\\/tammetalu.eu\\\/en\\\/esileht-eng\\\/\"},{\"@type\":\"ListItem\",\"position\":2,\"name\":\"Shop\",\"item\":\"https:\\\/\\\/tammetalu.eu\\\/en\\\/shop\\\/\"},{\"@type\":\"ListItem\",\"position\":3,\"name\":\"Herb salt for salad 85g\"}]},{\"@type\":\"WebSite\",\"@id\":\"https:\\\/\\\/tammetalu.eu\\\/#website\",\"url\":\"https:\\\/\\\/tammetalu.eu\\\/\",\"name\":\"Tamme talu \u00fcrdiaed\",\"description\":\"K\u00e4sit\u00f6\u00f6na valmistatud tooted \u00fcrtidest, \u00fcrdiistikud, \u00fcrtide kollektsioonaed\",\"publisher\":{\"@id\":\"https:\\\/\\\/tammetalu.eu\\\/#organization\"},\"alternateName\":\"Tamme talu\",\"potentialAction\":[{\"@type\":\"SearchAction\",\"target\":{\"@type\":\"EntryPoint\",\"urlTemplate\":\"https:\\\/\\\/tammetalu.eu\\\/?s={search_term_string}\"},\"query-input\":{\"@type\":\"PropertyValueSpecification\",\"valueRequired\":true,\"valueName\":\"search_term_string\"}}],\"inLanguage\":\"en-US\"},{\"@type\":\"Organization\",\"@id\":\"https:\\\/\\\/tammetalu.eu\\\/#organization\",\"name\":\"Tamme talu \u00fcrdiaed\",\"alternateName\":\"Tamme talu\",\"url\":\"https:\\\/\\\/tammetalu.eu\\\/\",\"logo\":{\"@type\":\"ImageObject\",\"inLanguage\":\"en-US\",\"@id\":\"https:\\\/\\\/tammetalu.eu\\\/#\\\/schema\\\/logo\\\/image\\\/\",\"url\":\"https:\\\/\\\/tammetalu.eu\\\/wp-content\\\/uploads\\\/2025\\\/01\\\/Tamme_talu_urdiaed.png\",\"contentUrl\":\"https:\\\/\\\/tammetalu.eu\\\/wp-content\\\/uploads\\\/2025\\\/01\\\/Tamme_talu_urdiaed.png\",\"width\":560,\"height\":560,\"caption\":\"Tamme talu \u00fcrdiaed\"},\"image\":{\"@id\":\"https:\\\/\\\/tammetalu.eu\\\/#\\\/schema\\\/logo\\\/image\\\/\"},\"sameAs\":[\"https:\\\/\\\/www.facebook.com\\\/TammeTaluUrdiaed\\\/?locale=et_EE\",\"https:\\\/\\\/www.instagram.com\\\/tammetaluurdiaed\\\/\"]}]}<\/script>\n<!-- \/ Yoast SEO plugin. -->","yoast_head_json":{"title":"herb salt for salad","description":"Herb salt for salad is suitable for seasoning salads, sauces, soups, vegetable dishes. Order delicious and handmade herbal salts conveniently from the Tamme farm online store!","robots":{"index":"index","follow":"follow","max-snippet":"max-snippet:-1","max-image-preview":"max-image-preview:large","max-video-preview":"max-video-preview:-1"},"canonical":"https:\/\/tammetalu.eu\/en\/product\/herb-salt-for-salad-85g\/","og_locale":"en_US","og_type":"article","og_title":"herb salt for salad","og_description":"Herb salt for salad is suitable for seasoning salads, sauces, soups, vegetable dishes. Order delicious and handmade herbal salts conveniently from the Tamme farm online store!","og_url":"https:\/\/tammetalu.eu\/en\/product\/herb-salt-for-salad-85g\/","og_site_name":"Tamme talu \u00fcrdiaed","article_publisher":"https:\/\/www.facebook.com\/TammeTaluUrdiaed\/?locale=et_EE","og_image":[{"width":960,"height":960,"url":"https:\/\/tammetalu.eu\/wp-content\/uploads\/2022\/08\/Urdisool_salatile-6.jpg","type":"image\/jpeg"}],"twitter_card":"summary_large_image","schema":{"@context":"https:\/\/schema.org","@graph":[{"@type":"WebPage","@id":"https:\/\/tammetalu.eu\/en\/product\/herb-salt-for-salad-85g\/","url":"https:\/\/tammetalu.eu\/en\/product\/herb-salt-for-salad-85g\/","name":"herb salt for salad","isPartOf":{"@id":"https:\/\/tammetalu.eu\/#website"},"primaryImageOfPage":{"@id":"https:\/\/tammetalu.eu\/en\/product\/herb-salt-for-salad-85g\/#primaryimage"},"image":{"@id":"https:\/\/tammetalu.eu\/en\/product\/herb-salt-for-salad-85g\/#primaryimage"},"thumbnailUrl":"https:\/\/tammetalu.eu\/wp-content\/uploads\/2022\/08\/Urdisool_salatile-6.jpg","datePublished":"2022-08-09T06:02:42+00:00","description":"Herb salt for salad is suitable for seasoning salads, sauces, soups, vegetable dishes. Order delicious and handmade herbal salts conveniently from the Tamme farm online store!","breadcrumb":{"@id":"https:\/\/tammetalu.eu\/en\/product\/herb-salt-for-salad-85g\/#breadcrumb"},"inLanguage":"en-US","potentialAction":[{"@type":"ReadAction","target":["https:\/\/tammetalu.eu\/en\/product\/herb-salt-for-salad-85g\/"]}]},{"@type":"ImageObject","inLanguage":"en-US","@id":"https:\/\/tammetalu.eu\/en\/product\/herb-salt-for-salad-85g\/#primaryimage","url":"https:\/\/tammetalu.eu\/wp-content\/uploads\/2022\/08\/Urdisool_salatile-6.jpg","contentUrl":"https:\/\/tammetalu.eu\/wp-content\/uploads\/2022\/08\/Urdisool_salatile-6.jpg","width":960,"height":960},{"@type":"BreadcrumbList","@id":"https:\/\/tammetalu.eu\/en\/product\/herb-salt-for-salad-85g\/#breadcrumb","itemListElement":[{"@type":"ListItem","position":1,"name":"Home","item":"https:\/\/tammetalu.eu\/en\/esileht-eng\/"},{"@type":"ListItem","position":2,"name":"Shop","item":"https:\/\/tammetalu.eu\/en\/shop\/"},{"@type":"ListItem","position":3,"name":"Herb salt for salad 85g"}]},{"@type":"WebSite","@id":"https:\/\/tammetalu.eu\/#website","url":"https:\/\/tammetalu.eu\/","name":"Tamme talu \u00fcrdiaed","description":"K\u00e4sit\u00f6\u00f6na valmistatud tooted \u00fcrtidest, \u00fcrdiistikud, \u00fcrtide kollektsioonaed","publisher":{"@id":"https:\/\/tammetalu.eu\/#organization"},"alternateName":"Tamme talu","potentialAction":[{"@type":"SearchAction","target":{"@type":"EntryPoint","urlTemplate":"https:\/\/tammetalu.eu\/?s={search_term_string}"},"query-input":{"@type":"PropertyValueSpecification","valueRequired":true,"valueName":"search_term_string"}}],"inLanguage":"en-US"},{"@type":"Organization","@id":"https:\/\/tammetalu.eu\/#organization","name":"Tamme talu \u00fcrdiaed","alternateName":"Tamme talu","url":"https:\/\/tammetalu.eu\/","logo":{"@type":"ImageObject","inLanguage":"en-US","@id":"https:\/\/tammetalu.eu\/#\/schema\/logo\/image\/","url":"https:\/\/tammetalu.eu\/wp-content\/uploads\/2025\/01\/Tamme_talu_urdiaed.png","contentUrl":"https:\/\/tammetalu.eu\/wp-content\/uploads\/2025\/01\/Tamme_talu_urdiaed.png","width":560,"height":560,"caption":"Tamme talu \u00fcrdiaed"},"image":{"@id":"https:\/\/tammetalu.eu\/#\/schema\/logo\/image\/"},"sameAs":["https:\/\/www.facebook.com\/TammeTaluUrdiaed\/?locale=et_EE","https:\/\/www.instagram.com\/tammetaluurdiaed\/"]}]}},"_links":{"self":[{"href":"https:\/\/tammetalu.eu\/en\/wp-json\/wp\/v2\/product\/22763","targetHints":{"allow":["GET"]}}],"collection":[{"href":"https:\/\/tammetalu.eu\/en\/wp-json\/wp\/v2\/product"}],"about":[{"href":"https:\/\/tammetalu.eu\/en\/wp-json\/wp\/v2\/types\/product"}],"wp:featuredmedia":[{"embeddable":true,"href":"https:\/\/tammetalu.eu\/en\/wp-json\/wp\/v2\/media\/15362"}],"wp:attachment":[{"href":"https:\/\/tammetalu.eu\/en\/wp-json\/wp\/v2\/media?parent=22763"}],"wp:term":[{"taxonomy":"product_brand","embeddable":true,"href":"https:\/\/tammetalu.eu\/en\/wp-json\/wp\/v2\/product_brand?post=22763"},{"taxonomy":"product_cat","embeddable":true,"href":"https:\/\/tammetalu.eu\/en\/wp-json\/wp\/v2\/product_cat?post=22763"},{"taxonomy":"product_tag","embeddable":true,"href":"https:\/\/tammetalu.eu\/en\/wp-json\/wp\/v2\/product_tag?post=22763"}],"curies":[{"name":"wp","href":"https:\/\/api.w.org\/{rel}","templated":true}]}}