{"id":22972,"date":"2025-02-06T16:53:54","date_gmt":"2025-02-06T14:53:54","guid":{"rendered":"https:\/\/tammetalu.eu\/?post_type=product&#038;p=22972"},"modified":"2026-04-14T21:08:18","modified_gmt":"2026-04-14T18:08:18","slug":"kaharmunt-mentha-spicata-var-crispa-nana","status":"publish","type":"product","link":"https:\/\/tammetalu.eu\/en\/product\/kaharmunt-mentha-spicata-var-crispa-nana\/","title":{"rendered":"K\u00e4harm\u00fcnt Mentha spicata var. crispa &#8220;Nana&#8221;"},"content":{"rendered":"","protected":false},"excerpt":{"rendered":"<p>Rohem\u00fcnt <em>Mentha spicata var. crispa<\/em> \u201cNana\u201d<\/p>\n<p>LAT:\u00a0 <em>Mentha spicata var. crispa<\/em> \u201cNana\u201d<\/p>\n<p>ENG: Spearmint \u201cNana\u201d<\/p>\n<p>RU:\u00a0 \u041c\u044f\u0442\u0430 \u043a\u043e\u043b\u043e\u0441\u043e\u0432\u0430\u044f\u201eNana\u201c<\/p>\n<p>FI: Viherminttu \u201eNana\u201c<\/p>\n<p>Rohuroheliste veidi k\u00e4harate lehtedega ja v\u00e4ga k\u00f5rge mentoolisisaldusega maailamakuulus m\u00fcnt, millest valmistatakse Marokos igap\u00e4evast m\u00fcnditeed. On suure mentoolisisaldusega, kuid maitse on seejuures siiski meeldivalt tagasihoidlik ja pehmelt magusapoolne.<\/p>\n<p>V\u00e4hen\u00f5udlik ja suhteliselt talvekindel l\u00fchiajaline p\u00fcsik poolvarjulise v\u00f5i p\u00e4ikeselise parasniiske mullaga kasvukohale. Levib juurev\u00f5sudega, seep\u00e4rast oleks hea taimele planeerida kohe istutades piisav kasvuruum. Paljundada saab k\u00f5ige h\u00f5lpsamalt juurev\u00f5sudega. Vajab kasvukoha uuendamist \u00fcle 3-4 aasta. V\u00e4ga k\u00fclmal lumeta talvel v\u00f5iks taime katta kuuseokste, kuivade puulehtede v\u00f5i turbaga.<\/p>\n<p>Rohem\u00fcnt sobib kasutamiseks nii soolastes kui magusates roogades ja tee valmistamiseks nii \u00fcksiktaimena kui teiste sobivate teetaimedega koos.<\/p>\n<p>On kergelt peavalu ja k\u00f5hupuhitusi leevendava toimega. Soodustab sapi n\u00f5ristust, v\u00e4hendab iiveldust ning gaaside teket. Vastun\u00e4idustused tarvitamisele on maksap\u00f5letik, sapikivit\u00f5bi, k\u00f5rvetised, refluks.<\/p>\n<p>K\u00f5rgus: kuni 0,45 m<\/p>\n<p>\u00d5itsemise aeg: VI-VIII<\/p>\n<p>Talvekindlus: Talvekindel<\/p>\n<p>Poti suurus : 9-12<\/p>\n","protected":false},"featured_media":22973,"template":"","meta":{"_acf_changed":false,"_et_pb_use_builder":"","_et_pb_old_content":"","_et_gb_content_width":"","inline_featured_image":false},"product_brand":[],"product_cat":[186,192],"product_tag":[],"class_list":{"0":"post-22972","1":"product","2":"type-product","3":"status-publish","4":"has-post-thumbnail","6":"product_cat-maitse-ja-ravimtaimede-istikud","7":"product_cat-mundid","9":"first","10":"instock","11":"sale","12":"taxable","13":"shipping-taxable","14":"purchasable","15":"product-type-simple"},"acf":[],"yoast_head":"<!-- This site is optimized with the Yoast SEO plugin v26.4 - https:\/\/yoast.com\/wordpress\/plugins\/seo\/ -->\n<title>K\u00e4harm\u00fcnt Mentha spicata var. crispa &quot;Nana&quot; - Tamme talu \u00fcrdiaed<\/title>\n<meta name=\"robots\" content=\"index, follow, max-snippet:-1, max-image-preview:large, max-video-preview:-1\" \/>\n<link rel=\"canonical\" href=\"https:\/\/tammetalu.eu\/toode\/kaharmunt-mentha-spicata-var-crispa-nana\/\" \/>\n<meta property=\"og:locale\" content=\"en_US\" \/>\n<meta property=\"og:type\" content=\"article\" \/>\n<meta property=\"og:title\" content=\"K\u00e4harm\u00fcnt Mentha spicata var. crispa &quot;Nana&quot; - Tamme talu \u00fcrdiaed\" \/>\n<meta property=\"og:description\" content=\"Rohem\u00fcnt Mentha spicata var. crispa \u201cNana\u201d  LAT:\u00a0 Mentha spicata var. crispa \u201cNana\u201d  ENG: Spearmint \u201cNana\u201d  RU:\u00a0 \u041c\u044f\u0442\u0430 \u043a\u043e\u043b\u043e\u0441\u043e\u0432\u0430\u044f\u201eNana\u201c  FI: Viherminttu \u201eNana\u201c  Rohuroheliste veidi k\u00e4harate lehtedega ja v\u00e4ga k\u00f5rge mentoolisisaldusega maailamakuulus m\u00fcnt, millest valmistatakse Marokos igap\u00e4evast m\u00fcnditeed. On suure mentoolisisaldusega, kuid maitse on seejuures siiski meeldivalt tagasihoidlik ja pehmelt magusapoolne.  V\u00e4hen\u00f5udlik ja suhteliselt talvekindel l\u00fchiajaline p\u00fcsik poolvarjulise v\u00f5i p\u00e4ikeselise parasniiske mullaga kasvukohale. Levib juurev\u00f5sudega, seep\u00e4rast oleks hea taimele planeerida kohe istutades piisav kasvuruum. Paljundada saab k\u00f5ige h\u00f5lpsamalt juurev\u00f5sudega. Vajab kasvukoha uuendamist \u00fcle 3-4 aasta. V\u00e4ga k\u00fclmal lumeta talvel v\u00f5iks taime katta kuuseokste, kuivade puulehtede v\u00f5i turbaga.  Rohem\u00fcnt sobib kasutamiseks nii soolastes kui magusates roogades ja tee valmistamiseks nii \u00fcksiktaimena kui teiste sobivate teetaimedega koos.  On kergelt peavalu ja k\u00f5hupuhitusi leevendava toimega. Soodustab sapi n\u00f5ristust, v\u00e4hendab iiveldust ning gaaside teket. Vastun\u00e4idustused tarvitamisele on maksap\u00f5letik, sapikivit\u00f5bi, k\u00f5rvetised, refluks.  K\u00f5rgus: kuni 0,45 m  \u00d5itsemise aeg: VI-VIII  Talvekindlus: Talvekindel  Poti suurus : 9-12\" \/>\n<meta property=\"og:url\" content=\"https:\/\/tammetalu.eu\/toode\/kaharmunt-mentha-spicata-var-crispa-nana\/\" \/>\n<meta property=\"og:site_name\" content=\"Tamme talu \u00fcrdiaed\" \/>\n<meta property=\"article:publisher\" content=\"https:\/\/www.facebook.com\/TammeTaluUrdiaed\/?locale=et_EE\" \/>\n<meta property=\"article:modified_time\" content=\"2026-04-14T18:08:18+00:00\" \/>\n<meta property=\"og:image\" content=\"https:\/\/tammetalu.eu\/wp-content\/uploads\/2025\/01\/Kaharmunt_Mentha_spicata_var_crispa_Nana_Tamme_talu_urdiaed.webp\" \/>\n\t<meta property=\"og:image:width\" content=\"718\" \/>\n\t<meta property=\"og:image:height\" content=\"750\" \/>\n\t<meta property=\"og:image:type\" content=\"image\/webp\" \/>\n<meta name=\"twitter:card\" content=\"summary_large_image\" \/>\n<meta name=\"twitter:label1\" content=\"Est. reading time\" \/>\n\t<meta name=\"twitter:data1\" content=\"1 minute\" \/>\n<script type=\"application\/ld+json\" class=\"yoast-schema-graph\">{\"@context\":\"https:\/\/schema.org\",\"@graph\":[{\"@type\":\"WebPage\",\"@id\":\"https:\/\/tammetalu.eu\/toode\/kaharmunt-mentha-spicata-var-crispa-nana\/\",\"url\":\"https:\/\/tammetalu.eu\/toode\/kaharmunt-mentha-spicata-var-crispa-nana\/\",\"name\":\"K\u00e4harm\u00fcnt Mentha spicata var. crispa \\\"Nana\\\" - Tamme talu \u00fcrdiaed\",\"isPartOf\":{\"@id\":\"https:\/\/tammetalu.eu\/#website\"},\"primaryImageOfPage\":{\"@id\":\"https:\/\/tammetalu.eu\/toode\/kaharmunt-mentha-spicata-var-crispa-nana\/#primaryimage\"},\"image\":{\"@id\":\"https:\/\/tammetalu.eu\/toode\/kaharmunt-mentha-spicata-var-crispa-nana\/#primaryimage\"},\"thumbnailUrl\":\"https:\/\/tammetalu.eu\/wp-content\/uploads\/2025\/01\/Kaharmunt_Mentha_spicata_var_crispa_Nana_Tamme_talu_urdiaed.webp\",\"datePublished\":\"2025-02-06T14:53:54+00:00\",\"dateModified\":\"2026-04-14T18:08:18+00:00\",\"breadcrumb\":{\"@id\":\"https:\/\/tammetalu.eu\/toode\/kaharmunt-mentha-spicata-var-crispa-nana\/#breadcrumb\"},\"inLanguage\":\"en-US\",\"potentialAction\":[{\"@type\":\"ReadAction\",\"target\":[\"https:\/\/tammetalu.eu\/toode\/kaharmunt-mentha-spicata-var-crispa-nana\/\"]}]},{\"@type\":\"ImageObject\",\"inLanguage\":\"en-US\",\"@id\":\"https:\/\/tammetalu.eu\/toode\/kaharmunt-mentha-spicata-var-crispa-nana\/#primaryimage\",\"url\":\"https:\/\/tammetalu.eu\/wp-content\/uploads\/2025\/01\/Kaharmunt_Mentha_spicata_var_crispa_Nana_Tamme_talu_urdiaed.webp\",\"contentUrl\":\"https:\/\/tammetalu.eu\/wp-content\/uploads\/2025\/01\/Kaharmunt_Mentha_spicata_var_crispa_Nana_Tamme_talu_urdiaed.webp\",\"width\":718,\"height\":750,\"caption\":\"Kaharmunt_Mentha_spicata_var_crispa_Nana_Tamme_talu_urdiaed\"},{\"@type\":\"BreadcrumbList\",\"@id\":\"https:\/\/tammetalu.eu\/toode\/kaharmunt-mentha-spicata-var-crispa-nana\/#breadcrumb\",\"itemListElement\":[{\"@type\":\"ListItem\",\"position\":1,\"name\":\"Home\",\"item\":\"https:\/\/tammetalu.eu\/en\/esileht-eng\/\"},{\"@type\":\"ListItem\",\"position\":2,\"name\":\"Shop\",\"item\":\"https:\/\/tammetalu.eu\/en\/shop\/\"},{\"@type\":\"ListItem\",\"position\":3,\"name\":\"K\u00e4harm\u00fcnt Mentha spicata var. crispa &#8220;Nana&#8221;\"}]},{\"@type\":\"WebSite\",\"@id\":\"https:\/\/tammetalu.eu\/#website\",\"url\":\"https:\/\/tammetalu.eu\/\",\"name\":\"Tamme talu \u00fcrdiaed\",\"description\":\"K\u00e4sit\u00f6\u00f6na valmistatud tooted \u00fcrtidest, \u00fcrdiistikud, \u00fcrtide kollektsioonaed\",\"publisher\":{\"@id\":\"https:\/\/tammetalu.eu\/#organization\"},\"alternateName\":\"Tamme talu\",\"potentialAction\":[{\"@type\":\"SearchAction\",\"target\":{\"@type\":\"EntryPoint\",\"urlTemplate\":\"https:\/\/tammetalu.eu\/?s={search_term_string}\"},\"query-input\":{\"@type\":\"PropertyValueSpecification\",\"valueRequired\":true,\"valueName\":\"search_term_string\"}}],\"inLanguage\":\"en-US\"},{\"@type\":\"Organization\",\"@id\":\"https:\/\/tammetalu.eu\/#organization\",\"name\":\"Tamme talu \u00fcrdiaed\",\"alternateName\":\"Tamme talu\",\"url\":\"https:\/\/tammetalu.eu\/\",\"logo\":{\"@type\":\"ImageObject\",\"inLanguage\":\"en-US\",\"@id\":\"https:\/\/tammetalu.eu\/#\/schema\/logo\/image\/\",\"url\":\"https:\/\/tammetalu.eu\/wp-content\/uploads\/2025\/01\/Tamme_talu_urdiaed.png\",\"contentUrl\":\"https:\/\/tammetalu.eu\/wp-content\/uploads\/2025\/01\/Tamme_talu_urdiaed.png\",\"width\":560,\"height\":560,\"caption\":\"Tamme talu \u00fcrdiaed\"},\"image\":{\"@id\":\"https:\/\/tammetalu.eu\/#\/schema\/logo\/image\/\"},\"sameAs\":[\"https:\/\/www.facebook.com\/TammeTaluUrdiaed\/?locale=et_EE\",\"https:\/\/www.instagram.com\/tammetaluurdiaed\/\"]}]}<\/script>\n<!-- \/ Yoast SEO plugin. -->","yoast_head_json":{"title":"K\u00e4harm\u00fcnt Mentha spicata var. crispa \"Nana\" - Tamme talu \u00fcrdiaed","robots":{"index":"index","follow":"follow","max-snippet":"max-snippet:-1","max-image-preview":"max-image-preview:large","max-video-preview":"max-video-preview:-1"},"canonical":"https:\/\/tammetalu.eu\/toode\/kaharmunt-mentha-spicata-var-crispa-nana\/","og_locale":"en_US","og_type":"article","og_title":"K\u00e4harm\u00fcnt Mentha spicata var. crispa \"Nana\" - Tamme talu \u00fcrdiaed","og_description":"Rohem\u00fcnt Mentha spicata var. crispa \u201cNana\u201d  LAT:\u00a0 Mentha spicata var. crispa \u201cNana\u201d  ENG: Spearmint \u201cNana\u201d  RU:\u00a0 \u041c\u044f\u0442\u0430 \u043a\u043e\u043b\u043e\u0441\u043e\u0432\u0430\u044f\u201eNana\u201c  FI: Viherminttu \u201eNana\u201c  Rohuroheliste veidi k\u00e4harate lehtedega ja v\u00e4ga k\u00f5rge mentoolisisaldusega maailamakuulus m\u00fcnt, millest valmistatakse Marokos igap\u00e4evast m\u00fcnditeed. On suure mentoolisisaldusega, kuid maitse on seejuures siiski meeldivalt tagasihoidlik ja pehmelt magusapoolne.  V\u00e4hen\u00f5udlik ja suhteliselt talvekindel l\u00fchiajaline p\u00fcsik poolvarjulise v\u00f5i p\u00e4ikeselise parasniiske mullaga kasvukohale. Levib juurev\u00f5sudega, seep\u00e4rast oleks hea taimele planeerida kohe istutades piisav kasvuruum. Paljundada saab k\u00f5ige h\u00f5lpsamalt juurev\u00f5sudega. Vajab kasvukoha uuendamist \u00fcle 3-4 aasta. V\u00e4ga k\u00fclmal lumeta talvel v\u00f5iks taime katta kuuseokste, kuivade puulehtede v\u00f5i turbaga.  Rohem\u00fcnt sobib kasutamiseks nii soolastes kui magusates roogades ja tee valmistamiseks nii \u00fcksiktaimena kui teiste sobivate teetaimedega koos.  On kergelt peavalu ja k\u00f5hupuhitusi leevendava toimega. Soodustab sapi n\u00f5ristust, v\u00e4hendab iiveldust ning gaaside teket. Vastun\u00e4idustused tarvitamisele on maksap\u00f5letik, sapikivit\u00f5bi, k\u00f5rvetised, refluks.  K\u00f5rgus: kuni 0,45 m  \u00d5itsemise aeg: VI-VIII  Talvekindlus: Talvekindel  Poti suurus : 9-12","og_url":"https:\/\/tammetalu.eu\/toode\/kaharmunt-mentha-spicata-var-crispa-nana\/","og_site_name":"Tamme talu \u00fcrdiaed","article_publisher":"https:\/\/www.facebook.com\/TammeTaluUrdiaed\/?locale=et_EE","article_modified_time":"2026-04-14T18:08:18+00:00","og_image":[{"width":718,"height":750,"url":"https:\/\/tammetalu.eu\/wp-content\/uploads\/2025\/01\/Kaharmunt_Mentha_spicata_var_crispa_Nana_Tamme_talu_urdiaed.webp","type":"image\/webp"}],"twitter_card":"summary_large_image","twitter_misc":{"Est. reading time":"1 minute"},"schema":{"@context":"https:\/\/schema.org","@graph":[{"@type":"WebPage","@id":"https:\/\/tammetalu.eu\/toode\/kaharmunt-mentha-spicata-var-crispa-nana\/","url":"https:\/\/tammetalu.eu\/toode\/kaharmunt-mentha-spicata-var-crispa-nana\/","name":"K\u00e4harm\u00fcnt Mentha spicata var. crispa \"Nana\" - Tamme talu \u00fcrdiaed","isPartOf":{"@id":"https:\/\/tammetalu.eu\/#website"},"primaryImageOfPage":{"@id":"https:\/\/tammetalu.eu\/toode\/kaharmunt-mentha-spicata-var-crispa-nana\/#primaryimage"},"image":{"@id":"https:\/\/tammetalu.eu\/toode\/kaharmunt-mentha-spicata-var-crispa-nana\/#primaryimage"},"thumbnailUrl":"https:\/\/tammetalu.eu\/wp-content\/uploads\/2025\/01\/Kaharmunt_Mentha_spicata_var_crispa_Nana_Tamme_talu_urdiaed.webp","datePublished":"2025-02-06T14:53:54+00:00","dateModified":"2026-04-14T18:08:18+00:00","breadcrumb":{"@id":"https:\/\/tammetalu.eu\/toode\/kaharmunt-mentha-spicata-var-crispa-nana\/#breadcrumb"},"inLanguage":"en-US","potentialAction":[{"@type":"ReadAction","target":["https:\/\/tammetalu.eu\/toode\/kaharmunt-mentha-spicata-var-crispa-nana\/"]}]},{"@type":"ImageObject","inLanguage":"en-US","@id":"https:\/\/tammetalu.eu\/toode\/kaharmunt-mentha-spicata-var-crispa-nana\/#primaryimage","url":"https:\/\/tammetalu.eu\/wp-content\/uploads\/2025\/01\/Kaharmunt_Mentha_spicata_var_crispa_Nana_Tamme_talu_urdiaed.webp","contentUrl":"https:\/\/tammetalu.eu\/wp-content\/uploads\/2025\/01\/Kaharmunt_Mentha_spicata_var_crispa_Nana_Tamme_talu_urdiaed.webp","width":718,"height":750,"caption":"Kaharmunt_Mentha_spicata_var_crispa_Nana_Tamme_talu_urdiaed"},{"@type":"BreadcrumbList","@id":"https:\/\/tammetalu.eu\/toode\/kaharmunt-mentha-spicata-var-crispa-nana\/#breadcrumb","itemListElement":[{"@type":"ListItem","position":1,"name":"Home","item":"https:\/\/tammetalu.eu\/en\/esileht-eng\/"},{"@type":"ListItem","position":2,"name":"Shop","item":"https:\/\/tammetalu.eu\/en\/shop\/"},{"@type":"ListItem","position":3,"name":"K\u00e4harm\u00fcnt Mentha spicata var. crispa &#8220;Nana&#8221;"}]},{"@type":"WebSite","@id":"https:\/\/tammetalu.eu\/#website","url":"https:\/\/tammetalu.eu\/","name":"Tamme talu \u00fcrdiaed","description":"K\u00e4sit\u00f6\u00f6na valmistatud tooted \u00fcrtidest, \u00fcrdiistikud, \u00fcrtide kollektsioonaed","publisher":{"@id":"https:\/\/tammetalu.eu\/#organization"},"alternateName":"Tamme talu","potentialAction":[{"@type":"SearchAction","target":{"@type":"EntryPoint","urlTemplate":"https:\/\/tammetalu.eu\/?s={search_term_string}"},"query-input":{"@type":"PropertyValueSpecification","valueRequired":true,"valueName":"search_term_string"}}],"inLanguage":"en-US"},{"@type":"Organization","@id":"https:\/\/tammetalu.eu\/#organization","name":"Tamme talu \u00fcrdiaed","alternateName":"Tamme talu","url":"https:\/\/tammetalu.eu\/","logo":{"@type":"ImageObject","inLanguage":"en-US","@id":"https:\/\/tammetalu.eu\/#\/schema\/logo\/image\/","url":"https:\/\/tammetalu.eu\/wp-content\/uploads\/2025\/01\/Tamme_talu_urdiaed.png","contentUrl":"https:\/\/tammetalu.eu\/wp-content\/uploads\/2025\/01\/Tamme_talu_urdiaed.png","width":560,"height":560,"caption":"Tamme talu \u00fcrdiaed"},"image":{"@id":"https:\/\/tammetalu.eu\/#\/schema\/logo\/image\/"},"sameAs":["https:\/\/www.facebook.com\/TammeTaluUrdiaed\/?locale=et_EE","https:\/\/www.instagram.com\/tammetaluurdiaed\/"]}]}},"_links":{"self":[{"href":"https:\/\/tammetalu.eu\/en\/wp-json\/wp\/v2\/product\/22972","targetHints":{"allow":["GET"]}}],"collection":[{"href":"https:\/\/tammetalu.eu\/en\/wp-json\/wp\/v2\/product"}],"about":[{"href":"https:\/\/tammetalu.eu\/en\/wp-json\/wp\/v2\/types\/product"}],"wp:featuredmedia":[{"embeddable":true,"href":"https:\/\/tammetalu.eu\/en\/wp-json\/wp\/v2\/media\/22973"}],"wp:attachment":[{"href":"https:\/\/tammetalu.eu\/en\/wp-json\/wp\/v2\/media?parent=22972"}],"wp:term":[{"taxonomy":"product_brand","embeddable":true,"href":"https:\/\/tammetalu.eu\/en\/wp-json\/wp\/v2\/product_brand?post=22972"},{"taxonomy":"product_cat","embeddable":true,"href":"https:\/\/tammetalu.eu\/en\/wp-json\/wp\/v2\/product_cat?post=22972"},{"taxonomy":"product_tag","embeddable":true,"href":"https:\/\/tammetalu.eu\/en\/wp-json\/wp\/v2\/product_tag?post=22972"}],"curies":[{"name":"wp","href":"https:\/\/api.w.org\/{rel}","templated":true}]}}