{"id":22978,"date":"2025-02-06T16:53:54","date_gmt":"2025-02-06T14:53:54","guid":{"rendered":"https:\/\/tammetalu.eu\/?post_type=product&#038;p=22978"},"modified":"2026-03-26T09:13:32","modified_gmt":"2026-03-26T07:13:32","slug":"korsika-munt-mentha-requienii","status":"publish","type":"product","link":"https:\/\/tammetalu.eu\/en\/product\/korsika-munt-mentha-requienii\/","title":{"rendered":"Korsika m\u00fcnt Mentha requienii"},"content":{"rendered":"","protected":false},"excerpt":{"rendered":"<p>LAT:\u00a0 <em>Mentha requienii<\/em><\/p>\n<p>ENG:\u00a0 Corsican mint<\/p>\n<p>RU:\u00a0 \u041c\u044f\u0442\u0430 \u043a\u043e\u0440\u0441\u0438\u043a\u0430\u043d\u0441\u043a\u0430\u044f<\/p>\n<p>FI: \u00a0Korsikanminttu<\/p>\n<p>Korsika m\u00fcnt on p\u00e4rit Korsikalt, Sardiiniast ja Montecristo saarelt ning naturaliseerunud Portugalis ja Briti saartel. Korsika piparm\u00fcnt on m\u00fcndi perekonna \u00fcks v\u00e4iksemaid liikmeid, kasvuk\u00f5rgusega kuni 10 cm. Taimel on erkrohelised 2-7 mm pikkused ovaalsed lehed ning v\u00e4heldased lillakasroosad \u00f5ied, mis on putuktolmlevad. Taimel on tugev piparm\u00fcndile iseloomlik aroom. Korsika m\u00fcnt ei ole meil t\u00e4iesti talvekindel, kuid \u00a0kannatab kuni -15\u00b0C. Kevadel t\u00e4rkab taim isek\u00fclvist, moodustades madala tiheda padjandi. Kasvab nii poolvarjulises kuni varjulises kohas. Ei talu liigniisket kasvukohta. Korsika m\u00fcnt sobib l\u00f5hnataimeks k\u00e4iguteede \u00e4\u00e4rde, istumiskohtade l\u00e4hedusse, peenra \u00e4\u00e4ristaimeks ja pottides, aiavaasides ning r\u00f5dukastides k\u00f5rgemate taimede alla pinnakattetaimeks.<\/p>\n<p>Korsika m\u00fcnti kasutatakse k\u00f6\u00f6gis m\u00fcndi maitse andmiseks roogadele, jookidele ja toitude kaunistamiseks.<\/p>\n<p>Traditsioonilises meditsiinis on seda taime kasutatud antiseptikuna, maos ja soolestikus gaaside teket p\u00e4rssiva ja palavikuvastase vahendina. M\u00fcndi l\u00f5hn ei meeldi n\u00e4rilistele ning seda taime on kasutatud n\u00e4riliste peletamiseks.<\/p>\n<p>K\u00f5rgus: kuni 0,10 m<\/p>\n<p>\u00d5itsemise aeg: VII-VIII<\/p>\n<p>Talvekindlus: ei ole v\u00e4ga talvekindel<\/p>\n<p>Poti suurus: 9-12<\/p>\n","protected":false},"featured_media":22979,"template":"","meta":{"_acf_changed":false,"_et_pb_use_builder":"","_et_pb_old_content":"","_et_gb_content_width":"","inline_featured_image":false},"product_brand":[],"product_cat":[186,192],"product_tag":[],"class_list":{"0":"post-22978","1":"product","2":"type-product","3":"status-publish","4":"has-post-thumbnail","6":"product_cat-maitse-ja-ravimtaimede-istikud","7":"product_cat-mundid","9":"first","10":"instock","11":"sale","12":"taxable","13":"shipping-taxable","14":"purchasable","15":"product-type-simple"},"acf":[],"yoast_head":"<!-- This site is optimized with the Yoast SEO plugin v26.4 - https:\/\/yoast.com\/wordpress\/plugins\/seo\/ -->\n<title>Korsika m\u00fcnt Mentha requienii - Tamme talu \u00fcrdiaed<\/title>\n<meta name=\"robots\" content=\"index, follow, max-snippet:-1, max-image-preview:large, max-video-preview:-1\" \/>\n<link rel=\"canonical\" href=\"https:\/\/tammetalu.eu\/toode\/korsika-munt-mentha-requienii\/\" \/>\n<meta property=\"og:locale\" content=\"en_US\" \/>\n<meta property=\"og:type\" content=\"article\" \/>\n<meta property=\"og:title\" content=\"Korsika m\u00fcnt Mentha requienii - Tamme talu \u00fcrdiaed\" \/>\n<meta property=\"og:description\" content=\"LAT:\u00a0 Mentha requienii  ENG:\u00a0 Corsican mint  RU:\u00a0 \u041c\u044f\u0442\u0430 \u043a\u043e\u0440\u0441\u0438\u043a\u0430\u043d\u0441\u043a\u0430\u044f  FI: \u00a0Korsikanminttu  Korsika m\u00fcnt on p\u00e4rit Korsikalt, Sardiiniast ja Montecristo saarelt ning naturaliseerunud Portugalis ja Briti saartel. Korsika piparm\u00fcnt on m\u00fcndi perekonna \u00fcks v\u00e4iksemaid liikmeid, kasvuk\u00f5rgusega kuni 10 cm. Taimel on erkrohelised 2-7 mm pikkused ovaalsed lehed ning v\u00e4heldased lillakasroosad \u00f5ied, mis on putuktolmlevad. Taimel on tugev piparm\u00fcndile iseloomlik aroom. Korsika m\u00fcnt ei ole meil t\u00e4iesti talvekindel, kuid \u00a0kannatab kuni -15\u00b0C. Kevadel t\u00e4rkab taim isek\u00fclvist, moodustades madala tiheda padjandi. Kasvab nii poolvarjulises kuni varjulises kohas. Ei talu liigniisket kasvukohta. Korsika m\u00fcnt sobib l\u00f5hnataimeks k\u00e4iguteede \u00e4\u00e4rde, istumiskohtade l\u00e4hedusse, peenra \u00e4\u00e4ristaimeks ja pottides, aiavaasides ning r\u00f5dukastides k\u00f5rgemate taimede alla pinnakattetaimeks.  Korsika m\u00fcnti kasutatakse k\u00f6\u00f6gis m\u00fcndi maitse andmiseks roogadele, jookidele ja toitude kaunistamiseks.  Traditsioonilises meditsiinis on seda taime kasutatud antiseptikuna, maos ja soolestikus gaaside teket p\u00e4rssiva ja palavikuvastase vahendina. M\u00fcndi l\u00f5hn ei meeldi n\u00e4rilistele ning seda taime on kasutatud n\u00e4riliste peletamiseks.  K\u00f5rgus: kuni 0,10 m  \u00d5itsemise aeg: VII-VIII  Talvekindlus: ei ole v\u00e4ga talvekindel  Poti suurus: 9-12\" \/>\n<meta property=\"og:url\" content=\"https:\/\/tammetalu.eu\/toode\/korsika-munt-mentha-requienii\/\" \/>\n<meta property=\"og:site_name\" content=\"Tamme talu \u00fcrdiaed\" \/>\n<meta property=\"article:publisher\" content=\"https:\/\/www.facebook.com\/TammeTaluUrdiaed\/?locale=et_EE\" \/>\n<meta property=\"article:modified_time\" content=\"2026-03-26T07:13:32+00:00\" \/>\n<meta property=\"og:image\" content=\"https:\/\/tammetalu.eu\/wp-content\/uploads\/2025\/01\/Korsika_munt_Mentha-requienii_tamme_talu_urdiaed1.jpg\" \/>\n\t<meta property=\"og:image:width\" content=\"494\" \/>\n\t<meta property=\"og:image:height\" content=\"600\" \/>\n\t<meta property=\"og:image:type\" content=\"image\/jpeg\" \/>\n<meta name=\"twitter:card\" content=\"summary_large_image\" \/>\n<meta name=\"twitter:label1\" content=\"Est. reading time\" \/>\n\t<meta name=\"twitter:data1\" content=\"1 minute\" \/>\n<script type=\"application\/ld+json\" class=\"yoast-schema-graph\">{\"@context\":\"https:\/\/schema.org\",\"@graph\":[{\"@type\":\"WebPage\",\"@id\":\"https:\/\/tammetalu.eu\/toode\/korsika-munt-mentha-requienii\/\",\"url\":\"https:\/\/tammetalu.eu\/toode\/korsika-munt-mentha-requienii\/\",\"name\":\"Korsika m\u00fcnt Mentha requienii - Tamme talu \u00fcrdiaed\",\"isPartOf\":{\"@id\":\"https:\/\/tammetalu.eu\/#website\"},\"primaryImageOfPage\":{\"@id\":\"https:\/\/tammetalu.eu\/toode\/korsika-munt-mentha-requienii\/#primaryimage\"},\"image\":{\"@id\":\"https:\/\/tammetalu.eu\/toode\/korsika-munt-mentha-requienii\/#primaryimage\"},\"thumbnailUrl\":\"https:\/\/tammetalu.eu\/wp-content\/uploads\/2025\/01\/Korsika_munt_Mentha-requienii_tamme_talu_urdiaed1.jpg\",\"datePublished\":\"2025-02-06T14:53:54+00:00\",\"dateModified\":\"2026-03-26T07:13:32+00:00\",\"breadcrumb\":{\"@id\":\"https:\/\/tammetalu.eu\/toode\/korsika-munt-mentha-requienii\/#breadcrumb\"},\"inLanguage\":\"en-US\",\"potentialAction\":[{\"@type\":\"ReadAction\",\"target\":[\"https:\/\/tammetalu.eu\/toode\/korsika-munt-mentha-requienii\/\"]}]},{\"@type\":\"ImageObject\",\"inLanguage\":\"en-US\",\"@id\":\"https:\/\/tammetalu.eu\/toode\/korsika-munt-mentha-requienii\/#primaryimage\",\"url\":\"https:\/\/tammetalu.eu\/wp-content\/uploads\/2025\/01\/Korsika_munt_Mentha-requienii_tamme_talu_urdiaed1.jpg\",\"contentUrl\":\"https:\/\/tammetalu.eu\/wp-content\/uploads\/2025\/01\/Korsika_munt_Mentha-requienii_tamme_talu_urdiaed1.jpg\",\"width\":494,\"height\":600,\"caption\":\"VLUU L200 \/ Samsung L200\"},{\"@type\":\"BreadcrumbList\",\"@id\":\"https:\/\/tammetalu.eu\/toode\/korsika-munt-mentha-requienii\/#breadcrumb\",\"itemListElement\":[{\"@type\":\"ListItem\",\"position\":1,\"name\":\"Home\",\"item\":\"https:\/\/tammetalu.eu\/en\/esileht-eng\/\"},{\"@type\":\"ListItem\",\"position\":2,\"name\":\"Shop\",\"item\":\"https:\/\/tammetalu.eu\/en\/shop\/\"},{\"@type\":\"ListItem\",\"position\":3,\"name\":\"Korsika m\u00fcnt Mentha requienii\"}]},{\"@type\":\"WebSite\",\"@id\":\"https:\/\/tammetalu.eu\/#website\",\"url\":\"https:\/\/tammetalu.eu\/\",\"name\":\"Tamme talu \u00fcrdiaed\",\"description\":\"K\u00e4sit\u00f6\u00f6na valmistatud tooted \u00fcrtidest, \u00fcrdiistikud, \u00fcrtide kollektsioonaed\",\"publisher\":{\"@id\":\"https:\/\/tammetalu.eu\/#organization\"},\"alternateName\":\"Tamme talu\",\"potentialAction\":[{\"@type\":\"SearchAction\",\"target\":{\"@type\":\"EntryPoint\",\"urlTemplate\":\"https:\/\/tammetalu.eu\/?s={search_term_string}\"},\"query-input\":{\"@type\":\"PropertyValueSpecification\",\"valueRequired\":true,\"valueName\":\"search_term_string\"}}],\"inLanguage\":\"en-US\"},{\"@type\":\"Organization\",\"@id\":\"https:\/\/tammetalu.eu\/#organization\",\"name\":\"Tamme talu \u00fcrdiaed\",\"alternateName\":\"Tamme talu\",\"url\":\"https:\/\/tammetalu.eu\/\",\"logo\":{\"@type\":\"ImageObject\",\"inLanguage\":\"en-US\",\"@id\":\"https:\/\/tammetalu.eu\/#\/schema\/logo\/image\/\",\"url\":\"https:\/\/tammetalu.eu\/wp-content\/uploads\/2025\/01\/Tamme_talu_urdiaed.png\",\"contentUrl\":\"https:\/\/tammetalu.eu\/wp-content\/uploads\/2025\/01\/Tamme_talu_urdiaed.png\",\"width\":560,\"height\":560,\"caption\":\"Tamme talu \u00fcrdiaed\"},\"image\":{\"@id\":\"https:\/\/tammetalu.eu\/#\/schema\/logo\/image\/\"},\"sameAs\":[\"https:\/\/www.facebook.com\/TammeTaluUrdiaed\/?locale=et_EE\",\"https:\/\/www.instagram.com\/tammetaluurdiaed\/\"]}]}<\/script>\n<!-- \/ Yoast SEO plugin. -->","yoast_head_json":{"title":"Korsika m\u00fcnt Mentha requienii - Tamme talu \u00fcrdiaed","robots":{"index":"index","follow":"follow","max-snippet":"max-snippet:-1","max-image-preview":"max-image-preview:large","max-video-preview":"max-video-preview:-1"},"canonical":"https:\/\/tammetalu.eu\/toode\/korsika-munt-mentha-requienii\/","og_locale":"en_US","og_type":"article","og_title":"Korsika m\u00fcnt Mentha requienii - Tamme talu \u00fcrdiaed","og_description":"LAT:\u00a0 Mentha requienii  ENG:\u00a0 Corsican mint  RU:\u00a0 \u041c\u044f\u0442\u0430 \u043a\u043e\u0440\u0441\u0438\u043a\u0430\u043d\u0441\u043a\u0430\u044f  FI: \u00a0Korsikanminttu  Korsika m\u00fcnt on p\u00e4rit Korsikalt, Sardiiniast ja Montecristo saarelt ning naturaliseerunud Portugalis ja Briti saartel. Korsika piparm\u00fcnt on m\u00fcndi perekonna \u00fcks v\u00e4iksemaid liikmeid, kasvuk\u00f5rgusega kuni 10 cm. Taimel on erkrohelised 2-7 mm pikkused ovaalsed lehed ning v\u00e4heldased lillakasroosad \u00f5ied, mis on putuktolmlevad. Taimel on tugev piparm\u00fcndile iseloomlik aroom. Korsika m\u00fcnt ei ole meil t\u00e4iesti talvekindel, kuid \u00a0kannatab kuni -15\u00b0C. Kevadel t\u00e4rkab taim isek\u00fclvist, moodustades madala tiheda padjandi. Kasvab nii poolvarjulises kuni varjulises kohas. Ei talu liigniisket kasvukohta. Korsika m\u00fcnt sobib l\u00f5hnataimeks k\u00e4iguteede \u00e4\u00e4rde, istumiskohtade l\u00e4hedusse, peenra \u00e4\u00e4ristaimeks ja pottides, aiavaasides ning r\u00f5dukastides k\u00f5rgemate taimede alla pinnakattetaimeks.  Korsika m\u00fcnti kasutatakse k\u00f6\u00f6gis m\u00fcndi maitse andmiseks roogadele, jookidele ja toitude kaunistamiseks.  Traditsioonilises meditsiinis on seda taime kasutatud antiseptikuna, maos ja soolestikus gaaside teket p\u00e4rssiva ja palavikuvastase vahendina. M\u00fcndi l\u00f5hn ei meeldi n\u00e4rilistele ning seda taime on kasutatud n\u00e4riliste peletamiseks.  K\u00f5rgus: kuni 0,10 m  \u00d5itsemise aeg: VII-VIII  Talvekindlus: ei ole v\u00e4ga talvekindel  Poti suurus: 9-12","og_url":"https:\/\/tammetalu.eu\/toode\/korsika-munt-mentha-requienii\/","og_site_name":"Tamme talu \u00fcrdiaed","article_publisher":"https:\/\/www.facebook.com\/TammeTaluUrdiaed\/?locale=et_EE","article_modified_time":"2026-03-26T07:13:32+00:00","og_image":[{"width":494,"height":600,"url":"https:\/\/tammetalu.eu\/wp-content\/uploads\/2025\/01\/Korsika_munt_Mentha-requienii_tamme_talu_urdiaed1.jpg","type":"image\/jpeg"}],"twitter_card":"summary_large_image","twitter_misc":{"Est. reading time":"1 minute"},"schema":{"@context":"https:\/\/schema.org","@graph":[{"@type":"WebPage","@id":"https:\/\/tammetalu.eu\/toode\/korsika-munt-mentha-requienii\/","url":"https:\/\/tammetalu.eu\/toode\/korsika-munt-mentha-requienii\/","name":"Korsika m\u00fcnt Mentha requienii - Tamme talu \u00fcrdiaed","isPartOf":{"@id":"https:\/\/tammetalu.eu\/#website"},"primaryImageOfPage":{"@id":"https:\/\/tammetalu.eu\/toode\/korsika-munt-mentha-requienii\/#primaryimage"},"image":{"@id":"https:\/\/tammetalu.eu\/toode\/korsika-munt-mentha-requienii\/#primaryimage"},"thumbnailUrl":"https:\/\/tammetalu.eu\/wp-content\/uploads\/2025\/01\/Korsika_munt_Mentha-requienii_tamme_talu_urdiaed1.jpg","datePublished":"2025-02-06T14:53:54+00:00","dateModified":"2026-03-26T07:13:32+00:00","breadcrumb":{"@id":"https:\/\/tammetalu.eu\/toode\/korsika-munt-mentha-requienii\/#breadcrumb"},"inLanguage":"en-US","potentialAction":[{"@type":"ReadAction","target":["https:\/\/tammetalu.eu\/toode\/korsika-munt-mentha-requienii\/"]}]},{"@type":"ImageObject","inLanguage":"en-US","@id":"https:\/\/tammetalu.eu\/toode\/korsika-munt-mentha-requienii\/#primaryimage","url":"https:\/\/tammetalu.eu\/wp-content\/uploads\/2025\/01\/Korsika_munt_Mentha-requienii_tamme_talu_urdiaed1.jpg","contentUrl":"https:\/\/tammetalu.eu\/wp-content\/uploads\/2025\/01\/Korsika_munt_Mentha-requienii_tamme_talu_urdiaed1.jpg","width":494,"height":600,"caption":"VLUU L200 \/ Samsung L200"},{"@type":"BreadcrumbList","@id":"https:\/\/tammetalu.eu\/toode\/korsika-munt-mentha-requienii\/#breadcrumb","itemListElement":[{"@type":"ListItem","position":1,"name":"Home","item":"https:\/\/tammetalu.eu\/en\/esileht-eng\/"},{"@type":"ListItem","position":2,"name":"Shop","item":"https:\/\/tammetalu.eu\/en\/shop\/"},{"@type":"ListItem","position":3,"name":"Korsika m\u00fcnt Mentha requienii"}]},{"@type":"WebSite","@id":"https:\/\/tammetalu.eu\/#website","url":"https:\/\/tammetalu.eu\/","name":"Tamme talu \u00fcrdiaed","description":"K\u00e4sit\u00f6\u00f6na valmistatud tooted \u00fcrtidest, \u00fcrdiistikud, \u00fcrtide kollektsioonaed","publisher":{"@id":"https:\/\/tammetalu.eu\/#organization"},"alternateName":"Tamme talu","potentialAction":[{"@type":"SearchAction","target":{"@type":"EntryPoint","urlTemplate":"https:\/\/tammetalu.eu\/?s={search_term_string}"},"query-input":{"@type":"PropertyValueSpecification","valueRequired":true,"valueName":"search_term_string"}}],"inLanguage":"en-US"},{"@type":"Organization","@id":"https:\/\/tammetalu.eu\/#organization","name":"Tamme talu \u00fcrdiaed","alternateName":"Tamme talu","url":"https:\/\/tammetalu.eu\/","logo":{"@type":"ImageObject","inLanguage":"en-US","@id":"https:\/\/tammetalu.eu\/#\/schema\/logo\/image\/","url":"https:\/\/tammetalu.eu\/wp-content\/uploads\/2025\/01\/Tamme_talu_urdiaed.png","contentUrl":"https:\/\/tammetalu.eu\/wp-content\/uploads\/2025\/01\/Tamme_talu_urdiaed.png","width":560,"height":560,"caption":"Tamme talu \u00fcrdiaed"},"image":{"@id":"https:\/\/tammetalu.eu\/#\/schema\/logo\/image\/"},"sameAs":["https:\/\/www.facebook.com\/TammeTaluUrdiaed\/?locale=et_EE","https:\/\/www.instagram.com\/tammetaluurdiaed\/"]}]}},"_links":{"self":[{"href":"https:\/\/tammetalu.eu\/en\/wp-json\/wp\/v2\/product\/22978","targetHints":{"allow":["GET"]}}],"collection":[{"href":"https:\/\/tammetalu.eu\/en\/wp-json\/wp\/v2\/product"}],"about":[{"href":"https:\/\/tammetalu.eu\/en\/wp-json\/wp\/v2\/types\/product"}],"wp:featuredmedia":[{"embeddable":true,"href":"https:\/\/tammetalu.eu\/en\/wp-json\/wp\/v2\/media\/22979"}],"wp:attachment":[{"href":"https:\/\/tammetalu.eu\/en\/wp-json\/wp\/v2\/media?parent=22978"}],"wp:term":[{"taxonomy":"product_brand","embeddable":true,"href":"https:\/\/tammetalu.eu\/en\/wp-json\/wp\/v2\/product_brand?post=22978"},{"taxonomy":"product_cat","embeddable":true,"href":"https:\/\/tammetalu.eu\/en\/wp-json\/wp\/v2\/product_cat?post=22978"},{"taxonomy":"product_tag","embeddable":true,"href":"https:\/\/tammetalu.eu\/en\/wp-json\/wp\/v2\/product_tag?post=22978"}],"curies":[{"name":"wp","href":"https:\/\/api.w.org\/{rel}","templated":true}]}}