{"id":23048,"date":"2025-02-05T15:40:57","date_gmt":"2025-02-05T13:40:57","guid":{"rendered":"https:\/\/tammetalu.eu\/?post_type=product&#038;p=23048"},"modified":"2026-05-04T08:49:23","modified_gmt":"2026-05-04T05:49:23","slug":"harilik-iisop-hyssopus-officinalis-ssp-aristatus","status":"publish","type":"product","link":"https:\/\/tammetalu.eu\/en\/product\/harilik-iisop-hyssopus-officinalis-ssp-aristatus\/","title":{"rendered":"Iisop (Hyssopus officinalis ssp. aristatus)"},"content":{"rendered":"","protected":false},"excerpt":{"rendered":"<section class=\"text-token-text-primary w-full focus:outline-none [--shadow-height:45px] has-data-writing-block:pointer-events-none has-data-writing-block:-mt-(--shadow-height) has-data-writing-block:pt-(--shadow-height) [&amp;:has([data-writing-block])&gt;*]:pointer-events-auto [content-visibility:auto] supports-[content-visibility:auto]:[contain-intrinsic-size:auto_100lvh] R6Vx5W_threadScrollVars scroll-mb-[calc(var(--scroll-root-safe-area-inset-bottom,0px)+var(--thread-response-height))] scroll-mt-[calc(var(--header-height)+min(200px,max(70px,20svh)))]\" dir=\"auto\" data-turn-id=\"request-WEB:21c06c08-c008-407b-9ac1-a13c0b3bc5d4-0\" data-testid=\"conversation-turn-2\" data-scroll-anchor=\"false\" data-turn=\"assistant\">\n<div class=\"text-base my-auto mx-auto pb-10 [--thread-content-margin:var(--thread-content-margin-xs,calc(var(--spacing)*4))] @w-sm\/main:[--thread-content-margin:var(--thread-content-margin-sm,calc(var(--spacing)*6))] @w-lg\/main:[--thread-content-margin:var(--thread-content-margin-lg,calc(var(--spacing)*16))] px-(--thread-content-margin)\">\n<div class=\"[--thread-content-max-width:40rem] @w-lg\/main:[--thread-content-max-width:48rem] mx-auto max-w-(--thread-content-max-width) flex-1 group\/turn-messages focus-visible:outline-hidden relative flex w-full min-w-0 flex-col agent-turn\">\n<div class=\"flex max-w-full flex-col gap-4 grow\">\n<div class=\"min-h-8 text-message relative flex w-full flex-col items-end gap-2 text-start break-words whitespace-normal outline-none keyboard-focused:focus-ring [.text-message+&amp;]:mt-1\" dir=\"auto\" tabindex=\"0\" data-message-author-role=\"assistant\" data-message-id=\"270c5f43-3e19-46cc-a10e-36cb81436466\" data-message-model-slug=\"gpt-5-3\" data-turn-start-message=\"true\">\n<div class=\"flex w-full flex-col gap-1 empty:hidden\">\n<div class=\"markdown prose dark:prose-invert w-full wrap-break-word light markdown-new-styling\">\n<p data-start=\"0\" data-end=\"276\"><strong data-start=\"0\" data-end=\"41\">Hyssopus officinalis subsp. aristatus<\/strong> (harilik iisop, kitsalehine alamliik) on aromaatne mitmeaastane poolp\u00f5\u00f5sas, mis p\u00e4rineb Vahemere piirkonnast. Taim kasvab umbes 30\u201360 cm k\u00f5rguseks ning moodustab tiheda puhmiku kitsaste, tumeroheliste lehtede ja sinakaslillade \u00f5itega.<\/p>\n<p data-start=\"278\" data-end=\"562\">Iisop on hinnatud nii ilutaimena kui ka ravim- ja maitsetaimena. Tema lehed ja \u00f5ied sisaldavad eeterlikke \u00f5lisid, millel on antiseptilised, seedimist soodustavad ja hingamisteid toetavad omadused. K\u00f6\u00f6gis kasutatakse iisopit m\u00f5\u00f5dukalt liha-, kala- ja k\u00f6\u00f6giviljaroogade maitsestamiseks.<\/p>\n<p data-start=\"564\" data-end=\"729\" data-is-last-node=\"\" data-is-only-node=\"\">Taim eelistab p\u00e4ikeselist kasvukohta ja h\u00e4sti kuivendatud, pigem lubjarikast mulda. Ta on p\u00f5uakindel ja v\u00e4hen\u00f5udlik, sobides h\u00e4sti kiviktaimlatesse ja \u00fcrdiaedadesse.<\/p>\n<\/div>\n<\/div>\n<\/div>\n<\/div>\n<\/div>\n<\/div>\n<\/section>\n","protected":false},"featured_media":23049,"template":"","meta":{"_acf_changed":false,"_et_pb_use_builder":"","_et_pb_old_content":"","_et_gb_content_width":"","inline_featured_image":false},"product_brand":[],"product_cat":[205,186],"product_tag":[],"class_list":{"0":"post-23048","1":"product","2":"type-product","3":"status-publish","4":"has-post-thumbnail","6":"product_cat-iisopid","7":"product_cat-maitse-ja-ravimtaimede-istikud","9":"first","10":"instock","11":"taxable","12":"shipping-taxable","13":"purchasable","14":"product-type-simple"},"acf":[],"yoast_head":"<!-- This site is optimized with the Yoast SEO plugin v27.5 - https:\/\/yoast.com\/product\/yoast-seo-wordpress\/ -->\n<title>Iisop (Hyssopus officinalis ssp. aristatus) - Tamme talu \u00fcrdiaed<\/title>\n<meta name=\"description\" content=\"Hyssopus officinalis subsp. aristatus (harilik iisop, kitsalehine alamliik) on aromaatne mitmeaastane poolp\u00f5\u00f5sas, mis p\u00e4rineb Vahemere piirkonnast. Taim kasvab umbes 30\u201360 cm k\u00f5rguseks ning moodustab tiheda puhmiku kitsaste, tumeroheliste lehtede ja sinakaslillade \u00f5itega.\" \/>\n<meta name=\"robots\" content=\"index, follow, max-snippet:-1, max-image-preview:large, max-video-preview:-1\" \/>\n<link rel=\"canonical\" href=\"https:\/\/tammetalu.eu\/toode\/harilik-iisop-hyssopus-officinalis-ssp-aristatus\/\" \/>\n<meta property=\"og:locale\" content=\"en_US\" \/>\n<meta property=\"og:type\" content=\"article\" \/>\n<meta property=\"og:title\" content=\"Iisop (Hyssopus officinalis ssp. aristatus) - Tamme talu \u00fcrdiaed\" \/>\n<meta property=\"og:description\" content=\"Hyssopus officinalis subsp. aristatus (harilik iisop, kitsalehine alamliik) on aromaatne mitmeaastane poolp\u00f5\u00f5sas, mis p\u00e4rineb Vahemere piirkonnast. Taim kasvab umbes 30\u201360 cm k\u00f5rguseks ning moodustab tiheda puhmiku kitsaste, tumeroheliste lehtede ja sinakaslillade \u00f5itega.\" \/>\n<meta property=\"og:url\" content=\"https:\/\/tammetalu.eu\/toode\/harilik-iisop-hyssopus-officinalis-ssp-aristatus\/\" \/>\n<meta property=\"og:site_name\" content=\"Tamme talu \u00fcrdiaed\" \/>\n<meta property=\"article:publisher\" content=\"https:\/\/www.facebook.com\/TammeTaluUrdiaed\/?locale=et_EE\" \/>\n<meta property=\"article:modified_time\" content=\"2026-05-04T05:49:23+00:00\" \/>\n<meta property=\"og:image\" content=\"https:\/\/tammetalu.eu\/wp-content\/uploads\/2025\/01\/Harilik_iisop_Hyssopus-officinalis-Aristatus-tamme_talu_urdiaed.jpg\" \/>\n\t<meta property=\"og:image:width\" content=\"820\" \/>\n\t<meta property=\"og:image:height\" content=\"820\" \/>\n\t<meta property=\"og:image:type\" content=\"image\/jpeg\" \/>\n<meta name=\"twitter:card\" content=\"summary_large_image\" \/>\n<meta name=\"twitter:label1\" content=\"Est. reading time\" \/>\n\t<meta name=\"twitter:data1\" content=\"1 minute\" \/>\n<script type=\"application\/ld+json\" class=\"yoast-schema-graph\">{\"@context\":\"https:\\\/\\\/schema.org\",\"@graph\":[{\"@type\":\"WebPage\",\"@id\":\"https:\\\/\\\/tammetalu.eu\\\/toode\\\/harilik-iisop-hyssopus-officinalis-ssp-aristatus\\\/\",\"url\":\"https:\\\/\\\/tammetalu.eu\\\/toode\\\/harilik-iisop-hyssopus-officinalis-ssp-aristatus\\\/\",\"name\":\"Iisop (Hyssopus officinalis ssp. aristatus) - Tamme talu \u00fcrdiaed\",\"isPartOf\":{\"@id\":\"https:\\\/\\\/tammetalu.eu\\\/#website\"},\"primaryImageOfPage\":{\"@id\":\"https:\\\/\\\/tammetalu.eu\\\/toode\\\/harilik-iisop-hyssopus-officinalis-ssp-aristatus\\\/#primaryimage\"},\"image\":{\"@id\":\"https:\\\/\\\/tammetalu.eu\\\/toode\\\/harilik-iisop-hyssopus-officinalis-ssp-aristatus\\\/#primaryimage\"},\"thumbnailUrl\":\"https:\\\/\\\/tammetalu.eu\\\/wp-content\\\/uploads\\\/2025\\\/01\\\/Harilik_iisop_Hyssopus-officinalis-Aristatus-tamme_talu_urdiaed.jpg\",\"datePublished\":\"2025-02-05T13:40:57+00:00\",\"dateModified\":\"2026-05-04T05:49:23+00:00\",\"description\":\"Hyssopus officinalis subsp. aristatus (harilik iisop, kitsalehine alamliik) on aromaatne mitmeaastane poolp\u00f5\u00f5sas, mis p\u00e4rineb Vahemere piirkonnast. Taim kasvab umbes 30\u201360 cm k\u00f5rguseks ning moodustab tiheda puhmiku kitsaste, tumeroheliste lehtede ja sinakaslillade \u00f5itega.\",\"breadcrumb\":{\"@id\":\"https:\\\/\\\/tammetalu.eu\\\/toode\\\/harilik-iisop-hyssopus-officinalis-ssp-aristatus\\\/#breadcrumb\"},\"inLanguage\":\"en-US\",\"potentialAction\":[{\"@type\":\"ReadAction\",\"target\":[\"https:\\\/\\\/tammetalu.eu\\\/toode\\\/harilik-iisop-hyssopus-officinalis-ssp-aristatus\\\/\"]}]},{\"@type\":\"ImageObject\",\"inLanguage\":\"en-US\",\"@id\":\"https:\\\/\\\/tammetalu.eu\\\/toode\\\/harilik-iisop-hyssopus-officinalis-ssp-aristatus\\\/#primaryimage\",\"url\":\"https:\\\/\\\/tammetalu.eu\\\/wp-content\\\/uploads\\\/2025\\\/01\\\/Harilik_iisop_Hyssopus-officinalis-Aristatus-tamme_talu_urdiaed.jpg\",\"contentUrl\":\"https:\\\/\\\/tammetalu.eu\\\/wp-content\\\/uploads\\\/2025\\\/01\\\/Harilik_iisop_Hyssopus-officinalis-Aristatus-tamme_talu_urdiaed.jpg\",\"width\":820,\"height\":820,\"caption\":\"Harilik_iisop_Hyssopus-officinalis-Aristatus-tamme_talu_urdiaed\"},{\"@type\":\"BreadcrumbList\",\"@id\":\"https:\\\/\\\/tammetalu.eu\\\/toode\\\/harilik-iisop-hyssopus-officinalis-ssp-aristatus\\\/#breadcrumb\",\"itemListElement\":[{\"@type\":\"ListItem\",\"position\":1,\"name\":\"Home\",\"item\":\"https:\\\/\\\/tammetalu.eu\\\/en\\\/esileht-eng\\\/\"},{\"@type\":\"ListItem\",\"position\":2,\"name\":\"Shop\",\"item\":\"https:\\\/\\\/tammetalu.eu\\\/en\\\/shop\\\/\"},{\"@type\":\"ListItem\",\"position\":3,\"name\":\"Iisop (Hyssopus officinalis ssp. aristatus)\"}]},{\"@type\":\"WebSite\",\"@id\":\"https:\\\/\\\/tammetalu.eu\\\/#website\",\"url\":\"https:\\\/\\\/tammetalu.eu\\\/\",\"name\":\"Tamme talu \u00fcrdiaed\",\"description\":\"K\u00e4sit\u00f6\u00f6na valmistatud tooted \u00fcrtidest, \u00fcrdiistikud, \u00fcrtide kollektsioonaed\",\"publisher\":{\"@id\":\"https:\\\/\\\/tammetalu.eu\\\/#organization\"},\"alternateName\":\"Tamme talu\",\"potentialAction\":[{\"@type\":\"SearchAction\",\"target\":{\"@type\":\"EntryPoint\",\"urlTemplate\":\"https:\\\/\\\/tammetalu.eu\\\/?s={search_term_string}\"},\"query-input\":{\"@type\":\"PropertyValueSpecification\",\"valueRequired\":true,\"valueName\":\"search_term_string\"}}],\"inLanguage\":\"en-US\"},{\"@type\":\"Organization\",\"@id\":\"https:\\\/\\\/tammetalu.eu\\\/#organization\",\"name\":\"Tamme talu \u00fcrdiaed\",\"alternateName\":\"Tamme talu\",\"url\":\"https:\\\/\\\/tammetalu.eu\\\/\",\"logo\":{\"@type\":\"ImageObject\",\"inLanguage\":\"en-US\",\"@id\":\"https:\\\/\\\/tammetalu.eu\\\/#\\\/schema\\\/logo\\\/image\\\/\",\"url\":\"https:\\\/\\\/tammetalu.eu\\\/wp-content\\\/uploads\\\/2025\\\/01\\\/Tamme_talu_urdiaed.png\",\"contentUrl\":\"https:\\\/\\\/tammetalu.eu\\\/wp-content\\\/uploads\\\/2025\\\/01\\\/Tamme_talu_urdiaed.png\",\"width\":560,\"height\":560,\"caption\":\"Tamme talu \u00fcrdiaed\"},\"image\":{\"@id\":\"https:\\\/\\\/tammetalu.eu\\\/#\\\/schema\\\/logo\\\/image\\\/\"},\"sameAs\":[\"https:\\\/\\\/www.facebook.com\\\/TammeTaluUrdiaed\\\/?locale=et_EE\",\"https:\\\/\\\/www.instagram.com\\\/tammetaluurdiaed\\\/\"]}]}<\/script>\n<!-- \/ Yoast SEO plugin. -->","yoast_head_json":{"title":"Iisop (Hyssopus officinalis ssp. aristatus) - Tamme talu \u00fcrdiaed","description":"Hyssopus officinalis subsp. aristatus (harilik iisop, kitsalehine alamliik) on aromaatne mitmeaastane poolp\u00f5\u00f5sas, mis p\u00e4rineb Vahemere piirkonnast. Taim kasvab umbes 30\u201360 cm k\u00f5rguseks ning moodustab tiheda puhmiku kitsaste, tumeroheliste lehtede ja sinakaslillade \u00f5itega.","robots":{"index":"index","follow":"follow","max-snippet":"max-snippet:-1","max-image-preview":"max-image-preview:large","max-video-preview":"max-video-preview:-1"},"canonical":"https:\/\/tammetalu.eu\/toode\/harilik-iisop-hyssopus-officinalis-ssp-aristatus\/","og_locale":"en_US","og_type":"article","og_title":"Iisop (Hyssopus officinalis ssp. aristatus) - Tamme talu \u00fcrdiaed","og_description":"Hyssopus officinalis subsp. aristatus (harilik iisop, kitsalehine alamliik) on aromaatne mitmeaastane poolp\u00f5\u00f5sas, mis p\u00e4rineb Vahemere piirkonnast. Taim kasvab umbes 30\u201360 cm k\u00f5rguseks ning moodustab tiheda puhmiku kitsaste, tumeroheliste lehtede ja sinakaslillade \u00f5itega.","og_url":"https:\/\/tammetalu.eu\/toode\/harilik-iisop-hyssopus-officinalis-ssp-aristatus\/","og_site_name":"Tamme talu \u00fcrdiaed","article_publisher":"https:\/\/www.facebook.com\/TammeTaluUrdiaed\/?locale=et_EE","article_modified_time":"2026-05-04T05:49:23+00:00","og_image":[{"width":820,"height":820,"url":"https:\/\/tammetalu.eu\/wp-content\/uploads\/2025\/01\/Harilik_iisop_Hyssopus-officinalis-Aristatus-tamme_talu_urdiaed.jpg","type":"image\/jpeg"}],"twitter_card":"summary_large_image","twitter_misc":{"Est. reading time":"1 minute"},"schema":{"@context":"https:\/\/schema.org","@graph":[{"@type":"WebPage","@id":"https:\/\/tammetalu.eu\/toode\/harilik-iisop-hyssopus-officinalis-ssp-aristatus\/","url":"https:\/\/tammetalu.eu\/toode\/harilik-iisop-hyssopus-officinalis-ssp-aristatus\/","name":"Iisop (Hyssopus officinalis ssp. aristatus) - Tamme talu \u00fcrdiaed","isPartOf":{"@id":"https:\/\/tammetalu.eu\/#website"},"primaryImageOfPage":{"@id":"https:\/\/tammetalu.eu\/toode\/harilik-iisop-hyssopus-officinalis-ssp-aristatus\/#primaryimage"},"image":{"@id":"https:\/\/tammetalu.eu\/toode\/harilik-iisop-hyssopus-officinalis-ssp-aristatus\/#primaryimage"},"thumbnailUrl":"https:\/\/tammetalu.eu\/wp-content\/uploads\/2025\/01\/Harilik_iisop_Hyssopus-officinalis-Aristatus-tamme_talu_urdiaed.jpg","datePublished":"2025-02-05T13:40:57+00:00","dateModified":"2026-05-04T05:49:23+00:00","description":"Hyssopus officinalis subsp. aristatus (harilik iisop, kitsalehine alamliik) on aromaatne mitmeaastane poolp\u00f5\u00f5sas, mis p\u00e4rineb Vahemere piirkonnast. Taim kasvab umbes 30\u201360 cm k\u00f5rguseks ning moodustab tiheda puhmiku kitsaste, tumeroheliste lehtede ja sinakaslillade \u00f5itega.","breadcrumb":{"@id":"https:\/\/tammetalu.eu\/toode\/harilik-iisop-hyssopus-officinalis-ssp-aristatus\/#breadcrumb"},"inLanguage":"en-US","potentialAction":[{"@type":"ReadAction","target":["https:\/\/tammetalu.eu\/toode\/harilik-iisop-hyssopus-officinalis-ssp-aristatus\/"]}]},{"@type":"ImageObject","inLanguage":"en-US","@id":"https:\/\/tammetalu.eu\/toode\/harilik-iisop-hyssopus-officinalis-ssp-aristatus\/#primaryimage","url":"https:\/\/tammetalu.eu\/wp-content\/uploads\/2025\/01\/Harilik_iisop_Hyssopus-officinalis-Aristatus-tamme_talu_urdiaed.jpg","contentUrl":"https:\/\/tammetalu.eu\/wp-content\/uploads\/2025\/01\/Harilik_iisop_Hyssopus-officinalis-Aristatus-tamme_talu_urdiaed.jpg","width":820,"height":820,"caption":"Harilik_iisop_Hyssopus-officinalis-Aristatus-tamme_talu_urdiaed"},{"@type":"BreadcrumbList","@id":"https:\/\/tammetalu.eu\/toode\/harilik-iisop-hyssopus-officinalis-ssp-aristatus\/#breadcrumb","itemListElement":[{"@type":"ListItem","position":1,"name":"Home","item":"https:\/\/tammetalu.eu\/en\/esileht-eng\/"},{"@type":"ListItem","position":2,"name":"Shop","item":"https:\/\/tammetalu.eu\/en\/shop\/"},{"@type":"ListItem","position":3,"name":"Iisop (Hyssopus officinalis ssp. aristatus)"}]},{"@type":"WebSite","@id":"https:\/\/tammetalu.eu\/#website","url":"https:\/\/tammetalu.eu\/","name":"Tamme talu \u00fcrdiaed","description":"K\u00e4sit\u00f6\u00f6na valmistatud tooted \u00fcrtidest, \u00fcrdiistikud, \u00fcrtide kollektsioonaed","publisher":{"@id":"https:\/\/tammetalu.eu\/#organization"},"alternateName":"Tamme talu","potentialAction":[{"@type":"SearchAction","target":{"@type":"EntryPoint","urlTemplate":"https:\/\/tammetalu.eu\/?s={search_term_string}"},"query-input":{"@type":"PropertyValueSpecification","valueRequired":true,"valueName":"search_term_string"}}],"inLanguage":"en-US"},{"@type":"Organization","@id":"https:\/\/tammetalu.eu\/#organization","name":"Tamme talu \u00fcrdiaed","alternateName":"Tamme talu","url":"https:\/\/tammetalu.eu\/","logo":{"@type":"ImageObject","inLanguage":"en-US","@id":"https:\/\/tammetalu.eu\/#\/schema\/logo\/image\/","url":"https:\/\/tammetalu.eu\/wp-content\/uploads\/2025\/01\/Tamme_talu_urdiaed.png","contentUrl":"https:\/\/tammetalu.eu\/wp-content\/uploads\/2025\/01\/Tamme_talu_urdiaed.png","width":560,"height":560,"caption":"Tamme talu \u00fcrdiaed"},"image":{"@id":"https:\/\/tammetalu.eu\/#\/schema\/logo\/image\/"},"sameAs":["https:\/\/www.facebook.com\/TammeTaluUrdiaed\/?locale=et_EE","https:\/\/www.instagram.com\/tammetaluurdiaed\/"]}]}},"_links":{"self":[{"href":"https:\/\/tammetalu.eu\/en\/wp-json\/wp\/v2\/product\/23048","targetHints":{"allow":["GET"]}}],"collection":[{"href":"https:\/\/tammetalu.eu\/en\/wp-json\/wp\/v2\/product"}],"about":[{"href":"https:\/\/tammetalu.eu\/en\/wp-json\/wp\/v2\/types\/product"}],"wp:featuredmedia":[{"embeddable":true,"href":"https:\/\/tammetalu.eu\/en\/wp-json\/wp\/v2\/media\/23049"}],"wp:attachment":[{"href":"https:\/\/tammetalu.eu\/en\/wp-json\/wp\/v2\/media?parent=23048"}],"wp:term":[{"taxonomy":"product_brand","embeddable":true,"href":"https:\/\/tammetalu.eu\/en\/wp-json\/wp\/v2\/product_brand?post=23048"},{"taxonomy":"product_cat","embeddable":true,"href":"https:\/\/tammetalu.eu\/en\/wp-json\/wp\/v2\/product_cat?post=23048"},{"taxonomy":"product_tag","embeddable":true,"href":"https:\/\/tammetalu.eu\/en\/wp-json\/wp\/v2\/product_tag?post=23048"}],"curies":[{"name":"wp","href":"https:\/\/api.w.org\/{rel}","templated":true}]}}